{"id":98,"date":"2017-05-16T10:18:30","date_gmt":"2017-05-16T08:18:30","guid":{"rendered":"https:\/\/www.sen-shop.com\/?post_type=product&#038;p=98"},"modified":"2026-03-02T11:56:10","modified_gmt":"2026-03-02T10:56:10","slug":"bio-olje-cajevca-10ml","status":"publish","type":"product","link":"https:\/\/sen-shop.com\/sl\/collections\/osebna-nega\/nega-las\/bio-olje-cajevca-10ml\/","title":{"rendered":"Bio olje \u010dajevca 10ml"},"content":{"rendered":"<p>[vc_row][vc_column][vc_column_text css=&#8221;.vc_custom_1761050320510{padding-top: 30px !important;padding-right: 30px !important;padding-bottom: 30px !important;padding-left: 30px !important;background-color: #c9db95 !important;}&#8221;]<\/p>\n<h4>Olje \u010dajevca<\/h4>\n<p>100 % \u010disto in naravno eteri\u010dno olje \u010dajevca, pridobljeno iz dreves avstralskega \u010dajevca.<br \/>\nPoreklo: Avstralija.<\/p>\n<p><span style=\"color: #666666;\"><strong>PRASTARA ZDRAVILNA RASTLINA<\/strong><\/span><br \/>\n\u017de Aborigini, prvotni prebivalci Avstralije, so poznali u\u010dinkovite lastnosti eteri\u010dnega olja, ki nima nobene povezave s \u010dajem, je pa pravi \u010dude\u017e narave. Gre za rastlino iz dru\u017eine Myrtaceae, ki raste v Avstraliji. Prvi so njegove zdravilne lastnosti poznali avstralski doma\u010dini in jih tudi s pridom uporabljali. V 18. stoletju so zdravilne u\u010dinkovine te koristne rastline predstavili kapitanu Jamesu Cooku in njegovi posadki. \u010cajno drevo se je sprva uporabljalo kot obkladek pri urezninah in ko\u017enih oku\u017ebah. Na po\u0161kodovane povr\u0161ine so doma\u010dini polagali maso iz zme\u010dkanih listov \u010dajevca, s \u010dimer so razku\u017eili podro\u010dje.[\/vc_column_text][\/vc_column][\/vc_row][vc_row][vc_column][vc_column_text]<span style=\"color: #8c189b;\"><strong><a style=\"color: #8c189b;\" href=\"https:\/\/sen-shop.com\/wp-content\/uploads\/2017\/05\/070118_Mind_OLJE-\u010cAJEVCA-10-mL_Aromacert-CoA_5-2018-compressed.pdf\">Aromacert certifikat &#8211; olje \u010dajevca<\/a><\/strong><\/span><\/p>\n<p><strong>OPOZORILO<\/strong>: \u010ce imate zelo ob\u010dutljivo ko\u017eo oziroma \u010de zaznate kakr\u0161ne koli reakcije po uporabi izdelka, takoj prenehate z uporabo. Kako preverite ali ste ob\u010dutljivi na izdelek? 1 kapljico si nanesite na manj\u0161o povr\u0161ino ko\u017ee. \u010ce se ne pojavijo reakcije (srbe\u010dica, peko\u010d ob\u010dutek) lahko izdelek uporabljate v nadaljnje. Olje ne smete u\u017eivati.<\/p>\n<p><strong>SHRANJEVANJE:<\/strong>\u00a0Shranjevati nedosegljivo otrokom!<\/p>\n<p>&nbsp;<\/p>\n<p><strong>Ve\u010d o boju proti U\u0160EM si lahko prebere\u0161 v blog prispevku <a href=\"https:\/\/sen-shop.com\/blogs\/kako-se-povsem-naravno-izogniti-usem\/\">TUKAJ.<\/a><\/strong>[\/vc_column_text][\/vc_column][\/vc_row]<\/p>\n","protected":false},"excerpt":{"rendered":"<p><img decoding=\"async\" class=\"emoji\" role=\"img\" draggable=\"false\" src=\"https:\/\/s.w.org\/images\/core\/emoji\/17.0.2\/svg\/1f31f.svg\" alt=\"\ud83c\udf1f\" \/> <strong data-start=\"81\" data-end=\"102\">Preselili smo se!<\/strong> <img decoding=\"async\" class=\"emoji\" role=\"img\" draggable=\"false\" src=\"https:\/\/s.w.org\/images\/core\/emoji\/17.0.2\/svg\/1f31f.svg\" alt=\"\ud83c\udf1f\" \/><br data-start=\"105\" data-end=\"108\" \/>Za \u0161e bolj\u0161o izku\u0161njo nakupovanja nas zdaj najdete na <strong data-start=\"162\" data-end=\"207\"><a class=\"decorated-link\" href=\"http:\/\/www.sen-shop.si\/\" target=\"_new\" rel=\"noopener\" data-start=\"164\" data-end=\"205\">www.sen-shop.si<\/a><\/strong>!<\/p>\n<p>100 % \u010disto in naravno eteri\u010dno olje, pridobljeno iz dreves avstralskega \u010dajevca biolo\u0161ke pridelave z BIO-certifikatom*, ki se pogosto uporablja v kozmeti\u010dne in negovalne namene. Ni primerno za zelo ob\u010dutljivo ko\u017eo.<\/p>\n<p>V ponudbi imamo tudi v <strong>30 ml stekleni\u010dki <a href=\"https:\/\/sen-shop.com\/collections\/osebna-nega\/nega-las\/bio-olje-cajevca-30ml\/\">TUKAJ<\/a><\/strong><\/p>\n[banner_zeliscni]\n","protected":false},"featured_media":42648,"comment_status":"open","ping_status":"closed","template":"","meta":{"inline_featured_image":false},"product_cat":[55,74,76,75,56,365],"product_tag":[87,251,257,89,90,96],"class_list":["post-98","product","type-product","status-publish","has-post-thumbnail","hentry","product_cat-domaca-stran","product_cat-nega-las","product_cat-nega-nog","product_cat-nega-telesa","product_cat-osebna-nega","product_cat-crni-petek","product_tag-bio","product_tag-bio-kozmetika","product_tag-ekoloska-kozmetika","product_tag-naravna-kozmetika","product_tag-olje-cajevca","product_tag-slovenska-naravna-kozmetika"],"acf":[],"yoast_head":"<!-- This site is optimized with the Yoast SEO plugin v19.13 - https:\/\/yoast.com\/wordpress\/plugins\/seo\/ -->\n<title>100% naravno bio eteri\u010dno olje \u010dajevca 10ml. Sen Shop<\/title>\n<meta name=\"description\" content=\"Naravno eteri\u010dno olje \u010dajevca je naravna pomo\u010d pri raznih zdravstvenih tegobah. Pridobljeno iz dreves avstralskega \u010dajevca z BIO-certifikatom.\" \/>\n<meta name=\"robots\" content=\"index, follow, max-snippet:-1, max-image-preview:large, max-video-preview:-1\" \/>\n<link rel=\"canonical\" href=\"https:\/\/sen-shop.com\/sl\/collections\/osebna-nega\/nega-las\/bio-olje-cajevca-10ml\/\" \/>\n<meta property=\"og:locale\" content=\"sl_SI\" \/>\n<meta property=\"og:type\" content=\"article\" \/>\n<meta property=\"og:title\" content=\"100% naravno bio eteri\u010dno olje \u010dajevca 10ml. Sen Shop\" \/>\n<meta property=\"og:description\" content=\"Naravno eteri\u010dno olje \u010dajevca je naravna pomo\u010d pri raznih zdravstvenih tegobah. Pridobljeno iz dreves avstralskega \u010dajevca z BIO-certifikatom.\" \/>\n<meta property=\"og:url\" content=\"https:\/\/sen-shop.com\/sl\/collections\/osebna-nega\/nega-las\/bio-olje-cajevca-10ml\/\" \/>\n<meta property=\"og:site_name\" content=\"SEN Shop\" \/>\n<meta property=\"article:publisher\" content=\"https:\/\/www.facebook.com\/Senshopslovenija\" \/>\n<meta property=\"article:modified_time\" content=\"2026-03-02T10:56:10+00:00\" \/>\n<meta property=\"og:image\" content=\"https:\/\/sen-shop.com\/wp-content\/uploads\/2017\/05\/Cajevec10_sl_hr-2.jpg\" \/>\n\t<meta property=\"og:image:width\" content=\"1225\" \/>\n\t<meta property=\"og:image:height\" content=\"1400\" \/>\n\t<meta property=\"og:image:type\" content=\"image\/jpeg\" \/>\n<meta name=\"twitter:card\" content=\"summary_large_image\" \/>\n<meta name=\"twitter:label1\" content=\"Est. reading time\" \/>\n\t<meta name=\"twitter:data1\" content=\"2 minuti\" \/>\n<script type=\"application\/ld+json\" class=\"yoast-schema-graph\">{\"@context\":\"https:\/\/schema.org\",\"@graph\":[{\"@type\":\"WebPage\",\"@id\":\"https:\/\/sen-shop.com\/sl\/collections\/osebna-nega\/nega-las\/bio-olje-cajevca-10ml\/\",\"url\":\"https:\/\/sen-shop.com\/sl\/collections\/osebna-nega\/nega-las\/bio-olje-cajevca-10ml\/\",\"name\":\"100% naravno bio eteri\u010dno olje \u010dajevca 10ml. Sen Shop\",\"isPartOf\":{\"@id\":\"https:\/\/sen-shop.com\/sl\/#website\"},\"datePublished\":\"2017-05-16T08:18:30+00:00\",\"dateModified\":\"2026-03-02T10:56:10+00:00\",\"description\":\"Naravno eteri\u010dno olje \u010dajevca je naravna pomo\u010d pri raznih zdravstvenih tegobah. Pridobljeno iz dreves avstralskega \u010dajevca z BIO-certifikatom.\",\"breadcrumb\":{\"@id\":\"https:\/\/sen-shop.com\/sl\/collections\/osebna-nega\/nega-las\/bio-olje-cajevca-10ml\/#breadcrumb\"},\"inLanguage\":\"sl-SI\",\"potentialAction\":[{\"@type\":\"ReadAction\",\"target\":[\"https:\/\/sen-shop.com\/sl\/collections\/osebna-nega\/nega-las\/bio-olje-cajevca-10ml\/\"]}]},{\"@type\":\"BreadcrumbList\",\"@id\":\"https:\/\/sen-shop.com\/sl\/collections\/osebna-nega\/nega-las\/bio-olje-cajevca-10ml\/#breadcrumb\",\"itemListElement\":[{\"@type\":\"ListItem\",\"position\":1,\"name\":\"Home\",\"item\":\"https:\/\/sen-shop.com\/sl\/\"},{\"@type\":\"ListItem\",\"position\":2,\"name\":\"Bio olje \u010dajevca 10ml\"}]},{\"@type\":\"WebSite\",\"@id\":\"https:\/\/sen-shop.com\/sl\/#website\",\"url\":\"https:\/\/sen-shop.com\/sl\/\",\"name\":\"SEN Shop\",\"description\":\"Slovensko, Ekolo\u0161ko, Naravno\",\"publisher\":{\"@id\":\"https:\/\/sen-shop.com\/sl\/#organization\"},\"potentialAction\":[{\"@type\":\"SearchAction\",\"target\":{\"@type\":\"EntryPoint\",\"urlTemplate\":\"https:\/\/sen-shop.com\/sl\/?s={search_term_string}\"},\"query-input\":\"required name=search_term_string\"}],\"inLanguage\":\"sl-SI\"},{\"@type\":\"Organization\",\"@id\":\"https:\/\/sen-shop.com\/sl\/#organization\",\"name\":\"Mind trade d.o.o\",\"url\":\"https:\/\/sen-shop.com\/sl\/\",\"logo\":{\"@type\":\"ImageObject\",\"inLanguage\":\"sl-SI\",\"@id\":\"https:\/\/sen-shop.com\/sl\/#\/schema\/logo\/image\/\",\"url\":\"https:\/\/sen-shop.com\/wp-content\/uploads\/2018\/05\/header_logo.png\",\"contentUrl\":\"https:\/\/sen-shop.com\/wp-content\/uploads\/2018\/05\/header_logo.png\",\"width\":138,\"height\":70,\"caption\":\"Mind trade d.o.o\"},\"image\":{\"@id\":\"https:\/\/sen-shop.com\/sl\/#\/schema\/logo\/image\/\"},\"sameAs\":[\"https:\/\/www.instagram.com\/senslovenija\/\",\"https:\/\/www.facebook.com\/Senshopslovenija\"]}]}<\/script>\n<!-- \/ Yoast SEO plugin. -->","yoast_head_json":{"title":"100% naravno bio eteri\u010dno olje \u010dajevca 10ml. Sen Shop","description":"Naravno eteri\u010dno olje \u010dajevca je naravna pomo\u010d pri raznih zdravstvenih tegobah. Pridobljeno iz dreves avstralskega \u010dajevca z BIO-certifikatom.","robots":{"index":"index","follow":"follow","max-snippet":"max-snippet:-1","max-image-preview":"max-image-preview:large","max-video-preview":"max-video-preview:-1"},"canonical":"https:\/\/sen-shop.com\/sl\/collections\/osebna-nega\/nega-las\/bio-olje-cajevca-10ml\/","og_locale":"sl_SI","og_type":"article","og_title":"100% naravno bio eteri\u010dno olje \u010dajevca 10ml. Sen Shop","og_description":"Naravno eteri\u010dno olje \u010dajevca je naravna pomo\u010d pri raznih zdravstvenih tegobah. Pridobljeno iz dreves avstralskega \u010dajevca z BIO-certifikatom.","og_url":"https:\/\/sen-shop.com\/sl\/collections\/osebna-nega\/nega-las\/bio-olje-cajevca-10ml\/","og_site_name":"SEN Shop","article_publisher":"https:\/\/www.facebook.com\/Senshopslovenija","article_modified_time":"2026-03-02T10:56:10+00:00","og_image":[{"width":1225,"height":1400,"url":"https:\/\/sen-shop.com\/wp-content\/uploads\/2017\/05\/Cajevec10_sl_hr-2.jpg","type":"image\/jpeg"}],"twitter_card":"summary_large_image","twitter_misc":{"Est. reading time":"2 minuti"},"schema":{"@context":"https:\/\/schema.org","@graph":[{"@type":"WebPage","@id":"https:\/\/sen-shop.com\/sl\/collections\/osebna-nega\/nega-las\/bio-olje-cajevca-10ml\/","url":"https:\/\/sen-shop.com\/sl\/collections\/osebna-nega\/nega-las\/bio-olje-cajevca-10ml\/","name":"100% naravno bio eteri\u010dno olje \u010dajevca 10ml. Sen Shop","isPartOf":{"@id":"https:\/\/sen-shop.com\/sl\/#website"},"datePublished":"2017-05-16T08:18:30+00:00","dateModified":"2026-03-02T10:56:10+00:00","description":"Naravno eteri\u010dno olje \u010dajevca je naravna pomo\u010d pri raznih zdravstvenih tegobah. Pridobljeno iz dreves avstralskega \u010dajevca z BIO-certifikatom.","breadcrumb":{"@id":"https:\/\/sen-shop.com\/sl\/collections\/osebna-nega\/nega-las\/bio-olje-cajevca-10ml\/#breadcrumb"},"inLanguage":"sl-SI","potentialAction":[{"@type":"ReadAction","target":["https:\/\/sen-shop.com\/sl\/collections\/osebna-nega\/nega-las\/bio-olje-cajevca-10ml\/"]}]},{"@type":"BreadcrumbList","@id":"https:\/\/sen-shop.com\/sl\/collections\/osebna-nega\/nega-las\/bio-olje-cajevca-10ml\/#breadcrumb","itemListElement":[{"@type":"ListItem","position":1,"name":"Home","item":"https:\/\/sen-shop.com\/sl\/"},{"@type":"ListItem","position":2,"name":"Bio olje \u010dajevca 10ml"}]},{"@type":"WebSite","@id":"https:\/\/sen-shop.com\/sl\/#website","url":"https:\/\/sen-shop.com\/sl\/","name":"SEN Shop","description":"Slovensko, Ekolo\u0161ko, Naravno","publisher":{"@id":"https:\/\/sen-shop.com\/sl\/#organization"},"potentialAction":[{"@type":"SearchAction","target":{"@type":"EntryPoint","urlTemplate":"https:\/\/sen-shop.com\/sl\/?s={search_term_string}"},"query-input":"required name=search_term_string"}],"inLanguage":"sl-SI"},{"@type":"Organization","@id":"https:\/\/sen-shop.com\/sl\/#organization","name":"Mind trade d.o.o","url":"https:\/\/sen-shop.com\/sl\/","logo":{"@type":"ImageObject","inLanguage":"sl-SI","@id":"https:\/\/sen-shop.com\/sl\/#\/schema\/logo\/image\/","url":"https:\/\/sen-shop.com\/wp-content\/uploads\/2018\/05\/header_logo.png","contentUrl":"https:\/\/sen-shop.com\/wp-content\/uploads\/2018\/05\/header_logo.png","width":138,"height":70,"caption":"Mind trade d.o.o"},"image":{"@id":"https:\/\/sen-shop.com\/sl\/#\/schema\/logo\/image\/"},"sameAs":["https:\/\/www.instagram.com\/senslovenija\/","https:\/\/www.facebook.com\/Senshopslovenija"]}]}},"_links":{"self":[{"href":"https:\/\/sen-shop.com\/sl\/wp-json\/wp\/v2\/product\/98","targetHints":{"allow":["GET"]}}],"collection":[{"href":"https:\/\/sen-shop.com\/sl\/wp-json\/wp\/v2\/product"}],"about":[{"href":"https:\/\/sen-shop.com\/sl\/wp-json\/wp\/v2\/types\/product"}],"replies":[{"embeddable":true,"href":"https:\/\/sen-shop.com\/sl\/wp-json\/wp\/v2\/comments?post=98"}],"wp:featuredmedia":[{"embeddable":true,"href":"https:\/\/sen-shop.com\/sl\/wp-json\/wp\/v2\/media\/42648"}],"wp:attachment":[{"href":"https:\/\/sen-shop.com\/sl\/wp-json\/wp\/v2\/media?parent=98"}],"wp:term":[{"taxonomy":"product_cat","embeddable":true,"href":"https:\/\/sen-shop.com\/sl\/wp-json\/wp\/v2\/product_cat?post=98"},{"taxonomy":"product_tag","embeddable":true,"href":"https:\/\/sen-shop.com\/sl\/wp-json\/wp\/v2\/product_tag?post=98"}],"curies":[{"name":"wp","href":"https:\/\/api.w.org\/{rel}","templated":true}]}}