{"id":28045,"date":"2021-05-03T15:15:30","date_gmt":"2021-05-03T13:15:30","guid":{"rendered":"https:\/\/www.sen-shop.com\/?post_type=product&#038;p=28045"},"modified":"2026-03-27T10:16:50","modified_gmt":"2026-03-27T09:16:50","slug":"prebiotik-inulin-cesen-gliste-pri-otrocih","status":"publish","type":"product","link":"https:\/\/sen-shop.com\/sl\/collections\/prehranska-dopolnila\/tezave-s-prebavili\/prebiotik-inulin-cesen-gliste-pri-otrocih\/","title":{"rendered":"Prebiotik Inulin + \u010desen"},"content":{"rendered":"<p>[vc_row][vc_column][vc_column_text css=&#8221;.vc_custom_1646133224599{padding-top: 30px !important;padding-right: 30px !important;padding-bottom: 30px !important;padding-left: 30px !important;background-color: #c9db95 !important;}&#8221;]<\/p>\n<h3>Gliste pri otrocih &#8211; podan\u010dice<\/h3>\n<p><strong>Temni kolobarji okrog o\u010di, vrtanje po nosu, \u017eiv\u010dnost, nemirno premetavanje med spanjem, nestrpnost, bledica, srbenje ob zadnjiku, utrujenost, slabovoljnost<\/strong> \u2013 vse to so znaki glistavosti, ki lahko nastopijo tako pri otrocih kot odraslih.<\/p>\n<p>\u010clovek se oku\u017ei z zau\u017eitjem jaj\u010dec iz zemlje, neposredno in posredno kot na primer z zau\u017eitjem neoprane zelenjave, tudi pitjem onesna\u017eene vode.<a href=\"https:\/\/sen-shop.com\/wp-content\/uploads\/2021\/05\/instagram-review-4.png\"><img loading=\"lazy\" decoding=\"async\" class=\" wp-image-54151 alignright\" src=\"https:\/\/sen-shop.com\/wp-content\/uploads\/2021\/05\/instagram-review-4-300x300.png\" alt=\"\" width=\"451\" height=\"452\" srcset=\"https:\/\/sen-shop.com\/wp-content\/uploads\/2021\/05\/instagram-review-4-300x300.png 300w, https:\/\/sen-shop.com\/wp-content\/uploads\/2021\/05\/instagram-review-4-1024x1024.png 1024w, https:\/\/sen-shop.com\/wp-content\/uploads\/2021\/05\/instagram-review-4-768x768.png 768w, https:\/\/sen-shop.com\/wp-content\/uploads\/2021\/05\/instagram-review-4-575x575.png 575w, https:\/\/sen-shop.com\/wp-content\/uploads\/2021\/05\/instagram-review-4-50x50.png 50w, https:\/\/sen-shop.com\/wp-content\/uploads\/2021\/05\/instagram-review-4-60x60.png 60w, https:\/\/sen-shop.com\/wp-content\/uploads\/2021\/05\/instagram-review-4-427x427.png 427w, https:\/\/sen-shop.com\/wp-content\/uploads\/2021\/05\/instagram-review-4-570x570.png 570w, https:\/\/sen-shop.com\/wp-content\/uploads\/2021\/05\/instagram-review-4-100x100.png 100w, https:\/\/sen-shop.com\/wp-content\/uploads\/2021\/05\/instagram-review-4.png 1080w\" sizes=\"auto, (max-width: 451px) 100vw, 451px\" \/><\/a><\/p>\n<p>Iz zau\u017eitih jaj\u010dec se v dvanajstniku izle\u017eejo li\u010dinke, ki se na poti skozi prebavila dvakrat levijo, nato pa odrastejo v odrasle gliste. Odrasle gliste \u017eivijo v spodnjem delu tankega ter debelem \u010drevesu.<\/p>\n<p>Z rokami jaj\u010deca prenesemo na razli\u010dne predmete, s katerimi se lahko oku\u017eijo tudi drugi.<\/p>\n<p>Zunaj gostitelja ostanejo jaj\u010deca ku\u017ena do treh tednov.<\/p>\n<p><strong>Otrok naj zau\u017eije 1 kapsulo 1x na dan. Kapsulo lahko tudi enostavno odprete in vsebino vme\u0161ate v hrano ali pija\u010do, ki jo otrok zau\u017eije.<\/strong>[\/vc_column_text][\/vc_column][\/vc_row][vc_row][vc_column][vc_column_text css=&#8221;.vc_custom_1646057360393{padding-top: 30px !important;padding-right: 30px !important;padding-bottom: 30px !important;padding-left: 30px !important;background-color: #ededed !important;}&#8221;]<\/p>\n<h3>Re\u0161ite se \u010drevesnih zajedavcev s \u010desnom in papainom.<\/h3>\n<h3><\/h3>\n<p><strong>Papain<\/strong> je encim, ki ga najdemo v papaji in je odli\u010den <strong>odpravljalec glist<\/strong>. Pripravek iz papaje dobesedno prebavi vse parazite v tankem in debelem \u010drevesju. Proti parazitom so bolj kot sade\u017e sam u\u010dinkoviti listi oziroma drugi deli rastline. Ta encim raztopi ko\u017eico glist in jih skupaj s preostalimi encimi prebavil<strong> prebavi. <\/strong>Gliste pri otrocih bodo preteklost.<\/p>\n<p><strong>\u010cesen<\/strong> se \u017ee zelo dolgo uporablja za<strong> uni\u010devanje parazitov<\/strong> in <strong>zdravljenje glivi\u010dnih oku\u017eb<\/strong>, hkrati pa deluje kot antioksidant in tako varuje pred oksidacijo, ki jo lahko povzro\u010dajo toksini parazitov. Aktivni sestavini v \u010desnu, ki uni\u010dujeta parazite, sta alicin in ajoen. Ti dve spojini lahko uni\u010dita vse oblike amebe, trakulje in gliste.<\/p>\n<p>Semena <strong>mu\u0161katnih bu\u010d<\/strong> imajo visoko vsebnost olja in proteinov ter se klini\u010dno dokazano uporabljajo kot<strong> pomo\u010d za odpravljanje \u010drevesnih parazitov.<\/strong>[\/vc_column_text][\/vc_column][\/vc_row][vc_row][vc_column][vc_column_text]<\/p>\n<h3>Prebiotik &#8211; inulin<\/h3>\n<p>Inulin je zelo u\u010dinkovit prebiotik, saj v \u010drevesju spodbuja rast koristnih probioti\u010dnih bakterij, kar je potrdilo kar nekaj klini\u010dnih \u0161tudij.[\/vc_column_text][\/vc_column][\/vc_row][vc_row][vc_column][\/vc_column][\/vc_row]<\/p>\n","protected":false},"excerpt":{"rendered":"<p>\ud83d\udc49 <strong data-start=\"291\" data-end=\"326\">To je na\u0161a stara spletna stran. Preselili smo se! \ud83d\ude42<br \/>\n<\/strong>\u2728 Za ugodnej\u0161e cene, nove izdelke in akcije te vabimo na novo stran \u2013 ne zamudi, <a href=\"https:\/\/sen-shop.si\/?s=inulin&amp;post_type=product\"><span style=\"color: #ff0000;\">klikni tukaj in preveri<\/span> \ud83d\udc48<\/a><\/p>\n<p>Prebiotiki nudijo hranila za zdravo \u010drevesno floro in pomagajo probiotikom z zagotavljanjem dodatnih hranil. \u010cesen, papain in mu\u0161katna bu\u010da poskrbijo za slovo nadle\u017enih \u010drevesnih zajedavcev. <a href=\"https:\/\/sen-shop.com\/wp-content\/uploads\/2021\/05\/GLISTE-PRI-OTROCIH-11.png\"><img loading=\"lazy\" decoding=\"async\" class=\" wp-image-31118 alignright\" src=\"https:\/\/sen-shop.com\/wp-content\/uploads\/2021\/05\/GLISTE-PRI-OTROCIH-11-300x300.png\" alt=\"\" width=\"215\" height=\"215\" srcset=\"https:\/\/sen-shop.com\/wp-content\/uploads\/2021\/05\/GLISTE-PRI-OTROCIH-11-300x300.png 300w, https:\/\/sen-shop.com\/wp-content\/uploads\/2021\/05\/GLISTE-PRI-OTROCIH-11-427x427.png 427w, https:\/\/sen-shop.com\/wp-content\/uploads\/2021\/05\/GLISTE-PRI-OTROCIH-11-100x100.png 100w, https:\/\/sen-shop.com\/wp-content\/uploads\/2021\/05\/GLISTE-PRI-OTROCIH-11-570x570.png 570w, https:\/\/sen-shop.com\/wp-content\/uploads\/2021\/05\/GLISTE-PRI-OTROCIH-11-1024x1024.png 1024w, https:\/\/sen-shop.com\/wp-content\/uploads\/2021\/05\/GLISTE-PRI-OTROCIH-11-768x768.png 768w, https:\/\/sen-shop.com\/wp-content\/uploads\/2021\/05\/GLISTE-PRI-OTROCIH-11-575x575.png 575w, https:\/\/sen-shop.com\/wp-content\/uploads\/2021\/05\/GLISTE-PRI-OTROCIH-11-50x50.png 50w, https:\/\/sen-shop.com\/wp-content\/uploads\/2021\/05\/GLISTE-PRI-OTROCIH-11-60x60.png 60w, https:\/\/sen-shop.com\/wp-content\/uploads\/2021\/05\/GLISTE-PRI-OTROCIH-11.png 1080w\" sizes=\"auto, (max-width: 215px) 100vw, 215px\" \/><\/a><\/p>\n<p><strong><img decoding=\"async\" class=\"emoji\" role=\"img\" draggable=\"false\" src=\"https:\/\/s.w.org\/images\/core\/emoji\/13.0.1\/svg\/1f449.svg\" alt=\"?\" \/> prebiotiki za zdravo \u010drevesno floro<\/strong><\/p>\n<p><strong><img decoding=\"async\" class=\"emoji\" role=\"img\" draggable=\"false\" src=\"https:\/\/s.w.org\/images\/core\/emoji\/13.0.1\/svg\/1f449.svg\" alt=\"?\" \/> za za\u0161\u010dito oz. odstranitev \u010drevesnih zajedavcev<\/strong><\/p>\n<p><strong><img decoding=\"async\" class=\"emoji\" role=\"img\" draggable=\"false\" src=\"https:\/\/s.w.org\/images\/core\/emoji\/13.0.1\/svg\/1f449.svg\" alt=\"?\" \/> prepre\u010duje nastajanje \u010drevesnih plinov, kr\u010dev in driske<\/strong><\/p>\n<p>Primerno tudi za otroke.<\/p>\n<p>60 kapsul.<\/p>\n[banner_prehrana]\n","protected":false},"featured_media":28050,"comment_status":"open","ping_status":"closed","template":"","meta":{"inline_featured_image":false},"product_cat":[71,84,63],"product_tag":[1389,602,1387,1386,1388],"class_list":["post-28045","product","type-product","status-publish","has-post-thumbnail","hentry","product_cat-hujsanje","product_cat-prehranska-dopolnila","product_cat-tezave-s-prebavili","product_tag-bolecine-v-trebuhu","product_tag-bolecine-v-zelodcu","product_tag-crevesje","product_tag-gliste-pri-otrocih","product_tag-tezave-s-crevesjem"],"acf":[],"yoast_head":"<!-- This site is optimized with the Yoast SEO plugin v19.13 - https:\/\/yoast.com\/wordpress\/plugins\/seo\/ -->\n<title>Prebiotik Inulin + \u010desen - SEN Shop<\/title>\n<meta name=\"robots\" content=\"index, follow, max-snippet:-1, max-image-preview:large, max-video-preview:-1\" \/>\n<link rel=\"canonical\" href=\"https:\/\/sen-shop.com\/sl\/collections\/prehranska-dopolnila\/tezave-s-prebavili\/prebiotik-inulin-cesen-gliste-pri-otrocih\/\" \/>\n<meta property=\"og:locale\" content=\"sl_SI\" \/>\n<meta property=\"og:type\" content=\"article\" \/>\n<meta property=\"og:title\" content=\"Prebiotik Inulin + \u010desen - SEN Shop\" \/>\n<meta property=\"og:description\" content=\"\ud83d\udc49 To je na\u0161a stara spletna stran. Preselili smo se! \ud83d\ude42 \u2728 Za ugodnej\u0161e cene, nove izdelke in akcije te vabimo na novo stran \u2013 ne zamudi, klikni tukaj in preveri \ud83d\udc48  Prebiotiki nudijo hranila za zdravo \u010drevesno floro in pomagajo probiotikom z zagotavljanjem dodatnih hranil. \u010cesen, papain in mu\u0161katna bu\u010da poskrbijo za slovo nadle\u017enih \u010drevesnih zajedavcev.   prebiotiki za zdravo \u010drevesno floro   za za\u0161\u010dito oz. odstranitev \u010drevesnih zajedavcev   prepre\u010duje nastajanje \u010drevesnih plinov, kr\u010dev in driske  Primerno tudi za otroke.  60 kapsul.\" \/>\n<meta property=\"og:url\" content=\"https:\/\/sen-shop.com\/sl\/collections\/prehranska-dopolnila\/tezave-s-prebavili\/prebiotik-inulin-cesen-gliste-pri-otrocih\/\" \/>\n<meta property=\"og:site_name\" content=\"SEN Shop\" \/>\n<meta property=\"article:publisher\" content=\"https:\/\/www.facebook.com\/Senshopslovenija\" \/>\n<meta property=\"article:modified_time\" content=\"2026-03-27T09:16:50+00:00\" \/>\n<meta property=\"og:image\" content=\"https:\/\/sen-shop.com\/wp-content\/uploads\/2021\/05\/Inulin-cesen.jpg\" \/>\n\t<meta property=\"og:image:width\" content=\"1400\" \/>\n\t<meta property=\"og:image:height\" content=\"1400\" \/>\n\t<meta property=\"og:image:type\" content=\"image\/jpeg\" \/>\n<meta name=\"twitter:card\" content=\"summary_large_image\" \/>\n<meta name=\"twitter:label1\" content=\"Est. reading time\" \/>\n\t<meta name=\"twitter:data1\" content=\"2 minuti\" \/>\n<script type=\"application\/ld+json\" class=\"yoast-schema-graph\">{\"@context\":\"https:\/\/schema.org\",\"@graph\":[{\"@type\":\"WebPage\",\"@id\":\"https:\/\/sen-shop.com\/sl\/collections\/prehranska-dopolnila\/tezave-s-prebavili\/prebiotik-inulin-cesen-gliste-pri-otrocih\/\",\"url\":\"https:\/\/sen-shop.com\/sl\/collections\/prehranska-dopolnila\/tezave-s-prebavili\/prebiotik-inulin-cesen-gliste-pri-otrocih\/\",\"name\":\"Prebiotik Inulin + \u010desen - SEN Shop\",\"isPartOf\":{\"@id\":\"https:\/\/sen-shop.com\/sl\/#website\"},\"datePublished\":\"2021-05-03T13:15:30+00:00\",\"dateModified\":\"2026-03-27T09:16:50+00:00\",\"breadcrumb\":{\"@id\":\"https:\/\/sen-shop.com\/sl\/collections\/prehranska-dopolnila\/tezave-s-prebavili\/prebiotik-inulin-cesen-gliste-pri-otrocih\/#breadcrumb\"},\"inLanguage\":\"sl-SI\",\"potentialAction\":[{\"@type\":\"ReadAction\",\"target\":[\"https:\/\/sen-shop.com\/sl\/collections\/prehranska-dopolnila\/tezave-s-prebavili\/prebiotik-inulin-cesen-gliste-pri-otrocih\/\"]}]},{\"@type\":\"BreadcrumbList\",\"@id\":\"https:\/\/sen-shop.com\/sl\/collections\/prehranska-dopolnila\/tezave-s-prebavili\/prebiotik-inulin-cesen-gliste-pri-otrocih\/#breadcrumb\",\"itemListElement\":[{\"@type\":\"ListItem\",\"position\":1,\"name\":\"Home\",\"item\":\"https:\/\/sen-shop.com\/sl\/\"},{\"@type\":\"ListItem\",\"position\":2,\"name\":\"Prebiotik Inulin + \u010desen\"}]},{\"@type\":\"WebSite\",\"@id\":\"https:\/\/sen-shop.com\/sl\/#website\",\"url\":\"https:\/\/sen-shop.com\/sl\/\",\"name\":\"SEN Shop\",\"description\":\"Slovensko, Ekolo\u0161ko, Naravno\",\"publisher\":{\"@id\":\"https:\/\/sen-shop.com\/sl\/#organization\"},\"potentialAction\":[{\"@type\":\"SearchAction\",\"target\":{\"@type\":\"EntryPoint\",\"urlTemplate\":\"https:\/\/sen-shop.com\/sl\/?s={search_term_string}\"},\"query-input\":\"required name=search_term_string\"}],\"inLanguage\":\"sl-SI\"},{\"@type\":\"Organization\",\"@id\":\"https:\/\/sen-shop.com\/sl\/#organization\",\"name\":\"Mind trade d.o.o\",\"url\":\"https:\/\/sen-shop.com\/sl\/\",\"logo\":{\"@type\":\"ImageObject\",\"inLanguage\":\"sl-SI\",\"@id\":\"https:\/\/sen-shop.com\/sl\/#\/schema\/logo\/image\/\",\"url\":\"https:\/\/sen-shop.com\/wp-content\/uploads\/2018\/05\/header_logo.png\",\"contentUrl\":\"https:\/\/sen-shop.com\/wp-content\/uploads\/2018\/05\/header_logo.png\",\"width\":138,\"height\":70,\"caption\":\"Mind trade d.o.o\"},\"image\":{\"@id\":\"https:\/\/sen-shop.com\/sl\/#\/schema\/logo\/image\/\"},\"sameAs\":[\"https:\/\/www.instagram.com\/senslovenija\/\",\"https:\/\/www.facebook.com\/Senshopslovenija\"]}]}<\/script>\n<!-- \/ Yoast SEO plugin. -->","yoast_head_json":{"title":"Prebiotik Inulin + \u010desen - SEN Shop","robots":{"index":"index","follow":"follow","max-snippet":"max-snippet:-1","max-image-preview":"max-image-preview:large","max-video-preview":"max-video-preview:-1"},"canonical":"https:\/\/sen-shop.com\/sl\/collections\/prehranska-dopolnila\/tezave-s-prebavili\/prebiotik-inulin-cesen-gliste-pri-otrocih\/","og_locale":"sl_SI","og_type":"article","og_title":"Prebiotik Inulin + \u010desen - SEN Shop","og_description":"\ud83d\udc49 To je na\u0161a stara spletna stran. Preselili smo se! \ud83d\ude42 \u2728 Za ugodnej\u0161e cene, nove izdelke in akcije te vabimo na novo stran \u2013 ne zamudi, klikni tukaj in preveri \ud83d\udc48  Prebiotiki nudijo hranila za zdravo \u010drevesno floro in pomagajo probiotikom z zagotavljanjem dodatnih hranil. \u010cesen, papain in mu\u0161katna bu\u010da poskrbijo za slovo nadle\u017enih \u010drevesnih zajedavcev.   prebiotiki za zdravo \u010drevesno floro   za za\u0161\u010dito oz. odstranitev \u010drevesnih zajedavcev   prepre\u010duje nastajanje \u010drevesnih plinov, kr\u010dev in driske  Primerno tudi za otroke.  60 kapsul.","og_url":"https:\/\/sen-shop.com\/sl\/collections\/prehranska-dopolnila\/tezave-s-prebavili\/prebiotik-inulin-cesen-gliste-pri-otrocih\/","og_site_name":"SEN Shop","article_publisher":"https:\/\/www.facebook.com\/Senshopslovenija","article_modified_time":"2026-03-27T09:16:50+00:00","og_image":[{"width":1400,"height":1400,"url":"https:\/\/sen-shop.com\/wp-content\/uploads\/2021\/05\/Inulin-cesen.jpg","type":"image\/jpeg"}],"twitter_card":"summary_large_image","twitter_misc":{"Est. reading time":"2 minuti"},"schema":{"@context":"https:\/\/schema.org","@graph":[{"@type":"WebPage","@id":"https:\/\/sen-shop.com\/sl\/collections\/prehranska-dopolnila\/tezave-s-prebavili\/prebiotik-inulin-cesen-gliste-pri-otrocih\/","url":"https:\/\/sen-shop.com\/sl\/collections\/prehranska-dopolnila\/tezave-s-prebavili\/prebiotik-inulin-cesen-gliste-pri-otrocih\/","name":"Prebiotik Inulin + \u010desen - SEN Shop","isPartOf":{"@id":"https:\/\/sen-shop.com\/sl\/#website"},"datePublished":"2021-05-03T13:15:30+00:00","dateModified":"2026-03-27T09:16:50+00:00","breadcrumb":{"@id":"https:\/\/sen-shop.com\/sl\/collections\/prehranska-dopolnila\/tezave-s-prebavili\/prebiotik-inulin-cesen-gliste-pri-otrocih\/#breadcrumb"},"inLanguage":"sl-SI","potentialAction":[{"@type":"ReadAction","target":["https:\/\/sen-shop.com\/sl\/collections\/prehranska-dopolnila\/tezave-s-prebavili\/prebiotik-inulin-cesen-gliste-pri-otrocih\/"]}]},{"@type":"BreadcrumbList","@id":"https:\/\/sen-shop.com\/sl\/collections\/prehranska-dopolnila\/tezave-s-prebavili\/prebiotik-inulin-cesen-gliste-pri-otrocih\/#breadcrumb","itemListElement":[{"@type":"ListItem","position":1,"name":"Home","item":"https:\/\/sen-shop.com\/sl\/"},{"@type":"ListItem","position":2,"name":"Prebiotik Inulin + \u010desen"}]},{"@type":"WebSite","@id":"https:\/\/sen-shop.com\/sl\/#website","url":"https:\/\/sen-shop.com\/sl\/","name":"SEN Shop","description":"Slovensko, Ekolo\u0161ko, Naravno","publisher":{"@id":"https:\/\/sen-shop.com\/sl\/#organization"},"potentialAction":[{"@type":"SearchAction","target":{"@type":"EntryPoint","urlTemplate":"https:\/\/sen-shop.com\/sl\/?s={search_term_string}"},"query-input":"required name=search_term_string"}],"inLanguage":"sl-SI"},{"@type":"Organization","@id":"https:\/\/sen-shop.com\/sl\/#organization","name":"Mind trade d.o.o","url":"https:\/\/sen-shop.com\/sl\/","logo":{"@type":"ImageObject","inLanguage":"sl-SI","@id":"https:\/\/sen-shop.com\/sl\/#\/schema\/logo\/image\/","url":"https:\/\/sen-shop.com\/wp-content\/uploads\/2018\/05\/header_logo.png","contentUrl":"https:\/\/sen-shop.com\/wp-content\/uploads\/2018\/05\/header_logo.png","width":138,"height":70,"caption":"Mind trade d.o.o"},"image":{"@id":"https:\/\/sen-shop.com\/sl\/#\/schema\/logo\/image\/"},"sameAs":["https:\/\/www.instagram.com\/senslovenija\/","https:\/\/www.facebook.com\/Senshopslovenija"]}]}},"_links":{"self":[{"href":"https:\/\/sen-shop.com\/sl\/wp-json\/wp\/v2\/product\/28045","targetHints":{"allow":["GET"]}}],"collection":[{"href":"https:\/\/sen-shop.com\/sl\/wp-json\/wp\/v2\/product"}],"about":[{"href":"https:\/\/sen-shop.com\/sl\/wp-json\/wp\/v2\/types\/product"}],"replies":[{"embeddable":true,"href":"https:\/\/sen-shop.com\/sl\/wp-json\/wp\/v2\/comments?post=28045"}],"wp:featuredmedia":[{"embeddable":true,"href":"https:\/\/sen-shop.com\/sl\/wp-json\/wp\/v2\/media\/28050"}],"wp:attachment":[{"href":"https:\/\/sen-shop.com\/sl\/wp-json\/wp\/v2\/media?parent=28045"}],"wp:term":[{"taxonomy":"product_cat","embeddable":true,"href":"https:\/\/sen-shop.com\/sl\/wp-json\/wp\/v2\/product_cat?post=28045"},{"taxonomy":"product_tag","embeddable":true,"href":"https:\/\/sen-shop.com\/sl\/wp-json\/wp\/v2\/product_tag?post=28045"}],"curies":[{"name":"wp","href":"https:\/\/api.w.org\/{rel}","templated":true}]}}