{"id":27598,"date":"2021-04-20T11:16:37","date_gmt":"2021-04-20T09:16:37","guid":{"rendered":"https:\/\/www.sen-shop.com\/?post_type=product&#038;p=27598"},"modified":"2026-03-02T11:49:26","modified_gmt":"2026-03-02T10:49:26","slug":"palmeto-afriska-sliva-kopriva-bucno-seme","status":"publish","type":"product","link":"https:\/\/sen-shop.com\/sl\/collections\/prehranska-dopolnila\/tezave-s-prostato\/palmeto-afriska-sliva-kopriva-bucno-seme\/","title":{"rendered":"Palmeto, afri\u0161ka sliva"},"content":{"rendered":"<p>[vc_row][vc_column][vc_single_image image=&#8221;54448&#8243; alignment=&#8221;center&#8221; css_animation=&#8221;bounceInLeft&#8221;][vc_column_text css=&#8221;.vc_custom_1646298709468{padding-top: 30px !important;padding-right: 30px !important;padding-bottom: 30px !important;padding-left: 30px !important;background-color: #c9db95 !important;}&#8221;]<\/p>\n<h3><strong>PRITLIKAVA PALMA, AFRI\u0160KA SLIVA, KOPRIVA in BU\u010cNO SEME<\/strong><\/h3>\n<h4>Za prostato in u\u010dinkovito odvajanje vode<\/h4>\n<p>Z obvladovanjem te\u017eav z nadzorom mehurja se boste v spalnici po\u010dutili bolj samozavestno in se bolje odrezali.<\/p>\n<p>Ponujamo vodilna dopolnila za mo\u0161ke, ki lahko skupaj s pravilno prehrano pomagajo nadzirati prekomerno aktiven mehur in prepre\u010diti oku\u017ebe se\u010dil, ki jih povzro\u010dajo te\u017eave s prostato. <strong>Dobro spite, zaupajte svojemu telesu in po\u010dutite se alfa mo\u0161ki ter pridobite samozavest v spalnici.<\/strong><\/p>\n<p>Olaj\u0161anje pove\u010dane prostate in ustavi pogosto uriniranje &#8211; 30 kapsul iz veganske ovojnice.<\/p>\n<p>Priporo\u010dena dnevna koli\u010dina: Vzemite eno kapsulo zjutraj z zadostno koli\u010dino teko\u010dine.<\/p>\n<p>Opozorilo: Priporo\u010dene dnevne koli\u010dine se ne sme prekora\u010diti. Prehransko dopolnilo ni nadomestilo za uravnote\u017eeno in raznovrstno prehrano. Shranjevati nedosegljivo otrokom. Izdelek hranimo v suhem prostoru pri temperaturi pod 25C.[\/vc_column_text][\/vc_column][\/vc_row][vc_row][vc_column][vc_column_text css=&#8221;.vc_custom_1646299240246{padding-top: 30px !important;padding-right: 30px !important;padding-bottom: 30px !important;padding-left: 30px !important;background-color: #ededed !important;}&#8221;]<strong>Palmeto &#8211; pritlikava palma<\/strong> \u00a0je bogat z razli\u010dnimi ma\u0161\u010dobnimi kislinami, poseben pomen pa mu dajejo \u0161tevilni fitosteroli in polisaharidi, ki imajo ugoden vpliv na nivo mo\u0161kega spolnega hormona testosterona in na samo hormonsko ravnote\u017eje v mo\u0161kem organizmu. Pomaga pri te\u017eavah, ki jih povzro\u010dajo pove\u010danje prostate, laj\u0161a razli\u010dna vnetja in urolo\u0161ke probleme.<\/p>\n<p><strong>Afri\u0161ka sliva &#8211; <\/strong>Pygeum je naravno sredstvo pridobljeno iz lubja drevesa afri\u0161ke slive. V tradicionalni afri\u0161ki medicini se pygeum \u017ee dolgo uporablja za laj\u0161anje te\u017eav z zdravjem mehurja in urinarnih motenj. Uporablja se tudi za laj\u0161anje simptomov pove\u010dane prostate (benigna hiperplazija prostate, BPH).<\/p>\n<p><a href=\"https:\/\/sen-shop.com\/wp-content\/uploads\/2021\/04\/afriska-sliva-drevo.jpg\"><img loading=\"lazy\" decoding=\"async\" class=\" wp-image-54433 alignright\" src=\"https:\/\/sen-shop.com\/wp-content\/uploads\/2021\/04\/afriska-sliva-drevo-300x209.jpg\" alt=\"\" width=\"482\" height=\"336\" srcset=\"https:\/\/sen-shop.com\/wp-content\/uploads\/2021\/04\/afriska-sliva-drevo-300x209.jpg 300w, https:\/\/sen-shop.com\/wp-content\/uploads\/2021\/04\/afriska-sliva-drevo-72x50.jpg 72w, https:\/\/sen-shop.com\/wp-content\/uploads\/2021\/04\/afriska-sliva-drevo-60x42.jpg 60w, https:\/\/sen-shop.com\/wp-content\/uploads\/2021\/04\/afriska-sliva-drevo-570x397.jpg 570w, https:\/\/sen-shop.com\/wp-content\/uploads\/2021\/04\/afriska-sliva-drevo.jpg 690w\" sizes=\"auto, (max-width: 482px) 100vw, 482px\" \/><\/a><\/p>\n<p>&nbsp;<\/p>\n<p><strong>Kopriva<\/strong>\u00a0deluje blagodejno pri te\u017eavah s pove\u010dano prostato, hkrati pa pospe\u0161uje odvajanje vode. V kombinaciji s pritlikavo palmo se pozitiven u\u010dinek \u0161e pove\u010da.<\/p>\n<p><strong>Bu\u010dno seme &#8211; <\/strong>je bogat vir kalcija, \u017eeleza, magnezija, kalija, fosforja, cinka in esencialnih ma\u0161\u010dobnih kislin, ki ugodno vplivajo na prostato in imunski sistem. Ekstrakt bu\u010dnih semen pospe\u0161uje praznjenje mehurja, krepi ledvice, \u0161\u010diti prostato in dolgotrajno laj\u0161a nev\u0161e\u010dne simptome.[\/vc_column_text][\/vc_column][\/vc_row][vc_row][vc_column][vc_column_text css=&#8221;.vc_custom_1646298193196{background-color: #ffffff !important;}&#8221;]<img decoding=\"async\" class=\"emoji\" role=\"img\" draggable=\"false\" src=\"https:\/\/s.w.org\/images\/core\/emoji\/13.0.1\/svg\/1f449.svg\" alt=\"?\" \/>\u00a0\u00a0 V kapsulah je to\u010dno odmerjena in priporo\u010dena koli\u010dina \u0161tirih u\u010dinkovin, za najbolj\u0161i rezultat.<\/p>\n<p><img decoding=\"async\" class=\"emoji\" role=\"img\" draggable=\"false\" src=\"https:\/\/s.w.org\/images\/core\/emoji\/13.0.1\/svg\/1f449.svg\" alt=\"?\" \/>\u00a0\u00a0 Opazno izbolj\u0161anje bo vidno \u017ee po 4 tednih, za dalj\u0161i u\u010dinek se priporo\u010da vsaj 6 mese\u010dno jemanje.<\/p>\n<p><img decoding=\"async\" class=\"emoji\" role=\"img\" draggable=\"false\" src=\"https:\/\/s.w.org\/images\/core\/emoji\/13.0.1\/svg\/1f449.svg\" alt=\"?\" \/> \u00a0\u00a0Priporo\u010dena koli\u010dina 1 kapsula na dan. Stekleni\u010dka zadostuje za 1 mesec.<\/p>\n<p><img decoding=\"async\" class=\"emoji\" role=\"img\" draggable=\"false\" src=\"https:\/\/s.w.org\/images\/core\/emoji\/13.0.1\/svg\/1f449.svg\" alt=\"?\" \/>\u00a0\u00a0\u00a0Priporo\u010deno jemanje skozi dalj\u0161e \u010dasovno obdobje.<\/p>\n<p>[\/vc_column_text][\/vc_column][\/vc_row]<\/p>\n","protected":false},"excerpt":{"rendered":"<p><img decoding=\"async\" class=\"emoji\" role=\"img\" draggable=\"false\" src=\"https:\/\/s.w.org\/images\/core\/emoji\/17.0.2\/svg\/1f31f.svg\" alt=\"\ud83c\udf1f\" \/> <strong data-start=\"81\" data-end=\"102\">Preselili smo se!<\/strong> <img decoding=\"async\" class=\"emoji\" role=\"img\" draggable=\"false\" src=\"https:\/\/s.w.org\/images\/core\/emoji\/17.0.2\/svg\/1f31f.svg\" alt=\"\ud83c\udf1f\" \/><br data-start=\"105\" data-end=\"108\" \/>Za \u0161e bolj\u0161o izku\u0161njo nakupovanja nas zdaj najdete na <strong data-start=\"162\" data-end=\"207\"><a class=\"decorated-link\" href=\"http:\/\/www.sen-shop.si\/\" target=\"_new\" rel=\"noopener\" data-start=\"164\" data-end=\"205\">www.sen-shop.si<\/a><\/strong>!<\/p>\n<p>Premium izdelek za mo\u0161ke. Prekinite te\u017eave prostate in pridobite samozavest v spalnici. <a href=\"https:\/\/sen-shop.com\/wp-content\/uploads\/2021\/04\/Proizvedeno-u-Sloveniji.-Vec-tisuce-zadovoljnih-kupaca.-Na-trzistu-smo-vec-24-godine.-1.png\"><img loading=\"lazy\" decoding=\"async\" class=\" wp-image-54425 alignright\" src=\"https:\/\/sen-shop.com\/wp-content\/uploads\/2021\/04\/Proizvedeno-u-Sloveniji.-Vec-tisuce-zadovoljnih-kupaca.-Na-trzistu-smo-vec-24-godine.-1-300x300.png\" alt=\"\" width=\"216\" height=\"216\" srcset=\"https:\/\/sen-shop.com\/wp-content\/uploads\/2021\/04\/Proizvedeno-u-Sloveniji.-Vec-tisuce-zadovoljnih-kupaca.-Na-trzistu-smo-vec-24-godine.-1-300x300.png 300w, https:\/\/sen-shop.com\/wp-content\/uploads\/2021\/04\/Proizvedeno-u-Sloveniji.-Vec-tisuce-zadovoljnih-kupaca.-Na-trzistu-smo-vec-24-godine.-1-1024x1024.png 1024w, https:\/\/sen-shop.com\/wp-content\/uploads\/2021\/04\/Proizvedeno-u-Sloveniji.-Vec-tisuce-zadovoljnih-kupaca.-Na-trzistu-smo-vec-24-godine.-1-768x768.png 768w, https:\/\/sen-shop.com\/wp-content\/uploads\/2021\/04\/Proizvedeno-u-Sloveniji.-Vec-tisuce-zadovoljnih-kupaca.-Na-trzistu-smo-vec-24-godine.-1-575x575.png 575w, https:\/\/sen-shop.com\/wp-content\/uploads\/2021\/04\/Proizvedeno-u-Sloveniji.-Vec-tisuce-zadovoljnih-kupaca.-Na-trzistu-smo-vec-24-godine.-1-50x50.png 50w, https:\/\/sen-shop.com\/wp-content\/uploads\/2021\/04\/Proizvedeno-u-Sloveniji.-Vec-tisuce-zadovoljnih-kupaca.-Na-trzistu-smo-vec-24-godine.-1-60x60.png 60w, https:\/\/sen-shop.com\/wp-content\/uploads\/2021\/04\/Proizvedeno-u-Sloveniji.-Vec-tisuce-zadovoljnih-kupaca.-Na-trzistu-smo-vec-24-godine.-1-427x427.png 427w, https:\/\/sen-shop.com\/wp-content\/uploads\/2021\/04\/Proizvedeno-u-Sloveniji.-Vec-tisuce-zadovoljnih-kupaca.-Na-trzistu-smo-vec-24-godine.-1-570x570.png 570w, https:\/\/sen-shop.com\/wp-content\/uploads\/2021\/04\/Proizvedeno-u-Sloveniji.-Vec-tisuce-zadovoljnih-kupaca.-Na-trzistu-smo-vec-24-godine.-1-100x100.png 100w, https:\/\/sen-shop.com\/wp-content\/uploads\/2021\/04\/Proizvedeno-u-Sloveniji.-Vec-tisuce-zadovoljnih-kupaca.-Na-trzistu-smo-vec-24-godine.-1.png 1080w\" sizes=\"auto, (max-width: 216px) 100vw, 216px\" \/><\/a><\/p>\n<p><img decoding=\"async\" class=\"emoji\" role=\"img\" draggable=\"false\" src=\"https:\/\/s.w.org\/images\/core\/emoji\/13.0.1\/svg\/1f449.svg\" alt=\"?\" \/> \u00a0 krepi mehur in se\u010dila<\/p>\n<p><img decoding=\"async\" class=\"emoji\" role=\"img\" draggable=\"false\" src=\"https:\/\/s.w.org\/images\/core\/emoji\/13.0.1\/svg\/1f449.svg\" alt=\"?\" \/>\u00a0 \u00a0laj\u0161a te\u017eave pove\u010dane prostate<\/p>\n<p><img decoding=\"async\" class=\"emoji\" role=\"img\" draggable=\"false\" src=\"https:\/\/s.w.org\/images\/core\/emoji\/13.0.1\/svg\/1f449.svg\" alt=\"?\" \/> \u00a0 poskrbi za temeljito izpraznjen mehur<\/p>\n<p><img decoding=\"async\" class=\"emoji\" role=\"img\" draggable=\"false\" src=\"https:\/\/s.w.org\/images\/core\/emoji\/13.0.1\/svg\/1f449.svg\" alt=\"?\" \/> \u00a0 zmanj\u0161a pogostost uriniranja<\/p>\n<p><strong>30 kapsul za 30 dni.<\/strong><\/p>\n<p>Naro\u010dilo lahko oddate tudi prek telefona <strong>080 60 60.<\/strong><\/p>\n[banner_prehrana]\n","protected":false},"featured_media":27568,"comment_status":"open","ping_status":"closed","template":"","meta":{"inline_featured_image":false},"product_cat":[84,65],"product_tag":[],"class_list":["post-27598","product","type-product","status-publish","has-post-thumbnail","hentry","product_cat-prehranska-dopolnila","product_cat-tezave-s-prostato"],"acf":[],"yoast_head":"<!-- This site is optimized with the Yoast SEO plugin v19.13 - https:\/\/yoast.com\/wordpress\/plugins\/seo\/ -->\n<title>Palmeto, afri\u0161ka sliva - SEN Shop<\/title>\n<meta name=\"robots\" content=\"index, follow, max-snippet:-1, max-image-preview:large, max-video-preview:-1\" \/>\n<link rel=\"canonical\" href=\"https:\/\/sen-shop.com\/sl\/collections\/prehranska-dopolnila\/tezave-s-prostato\/palmeto-afriska-sliva-kopriva-bucno-seme\/\" \/>\n<meta property=\"og:locale\" content=\"sl_SI\" \/>\n<meta property=\"og:type\" content=\"article\" \/>\n<meta property=\"og:title\" content=\"Palmeto, afri\u0161ka sliva - SEN Shop\" \/>\n<meta property=\"og:description\" content=\"Preselili smo se! Za \u0161e bolj\u0161o izku\u0161njo nakupovanja nas zdaj najdete na www.sen-shop.si!  Premium izdelek za mo\u0161ke. Prekinite te\u017eave prostate in pridobite samozavest v spalnici.   \u00a0 krepi mehur in se\u010dila  \u00a0 \u00a0laj\u0161a te\u017eave pove\u010dane prostate   \u00a0 poskrbi za temeljito izpraznjen mehur   \u00a0 zmanj\u0161a pogostost uriniranja  30 kapsul za 30 dni.  Naro\u010dilo lahko oddate tudi prek telefona 080 60 60.\" \/>\n<meta property=\"og:url\" content=\"https:\/\/sen-shop.com\/sl\/collections\/prehranska-dopolnila\/tezave-s-prostato\/palmeto-afriska-sliva-kopriva-bucno-seme\/\" \/>\n<meta property=\"og:site_name\" content=\"SEN Shop\" \/>\n<meta property=\"article:publisher\" content=\"https:\/\/www.facebook.com\/Senshopslovenija\" \/>\n<meta property=\"article:modified_time\" content=\"2026-03-02T10:49:26+00:00\" \/>\n<meta property=\"og:image\" content=\"https:\/\/sen-shop.com\/wp-content\/uploads\/2021\/04\/palmeto-afriska-sliva.jpg\" \/>\n\t<meta property=\"og:image:width\" content=\"1000\" \/>\n\t<meta property=\"og:image:height\" content=\"1000\" \/>\n\t<meta property=\"og:image:type\" content=\"image\/jpeg\" \/>\n<meta name=\"twitter:card\" content=\"summary_large_image\" \/>\n<meta name=\"twitter:label1\" content=\"Est. reading time\" \/>\n\t<meta name=\"twitter:data1\" content=\"3 minute\" \/>\n<script type=\"application\/ld+json\" class=\"yoast-schema-graph\">{\"@context\":\"https:\/\/schema.org\",\"@graph\":[{\"@type\":\"WebPage\",\"@id\":\"https:\/\/sen-shop.com\/sl\/collections\/prehranska-dopolnila\/tezave-s-prostato\/palmeto-afriska-sliva-kopriva-bucno-seme\/\",\"url\":\"https:\/\/sen-shop.com\/sl\/collections\/prehranska-dopolnila\/tezave-s-prostato\/palmeto-afriska-sliva-kopriva-bucno-seme\/\",\"name\":\"Palmeto, afri\u0161ka sliva - SEN Shop\",\"isPartOf\":{\"@id\":\"https:\/\/sen-shop.com\/sl\/#website\"},\"datePublished\":\"2021-04-20T09:16:37+00:00\",\"dateModified\":\"2026-03-02T10:49:26+00:00\",\"breadcrumb\":{\"@id\":\"https:\/\/sen-shop.com\/sl\/collections\/prehranska-dopolnila\/tezave-s-prostato\/palmeto-afriska-sliva-kopriva-bucno-seme\/#breadcrumb\"},\"inLanguage\":\"sl-SI\",\"potentialAction\":[{\"@type\":\"ReadAction\",\"target\":[\"https:\/\/sen-shop.com\/sl\/collections\/prehranska-dopolnila\/tezave-s-prostato\/palmeto-afriska-sliva-kopriva-bucno-seme\/\"]}]},{\"@type\":\"BreadcrumbList\",\"@id\":\"https:\/\/sen-shop.com\/sl\/collections\/prehranska-dopolnila\/tezave-s-prostato\/palmeto-afriska-sliva-kopriva-bucno-seme\/#breadcrumb\",\"itemListElement\":[{\"@type\":\"ListItem\",\"position\":1,\"name\":\"Home\",\"item\":\"https:\/\/sen-shop.com\/sl\/\"},{\"@type\":\"ListItem\",\"position\":2,\"name\":\"Palmeto, afri\u0161ka sliva\"}]},{\"@type\":\"WebSite\",\"@id\":\"https:\/\/sen-shop.com\/sl\/#website\",\"url\":\"https:\/\/sen-shop.com\/sl\/\",\"name\":\"SEN Shop\",\"description\":\"Slovensko, Ekolo\u0161ko, Naravno\",\"publisher\":{\"@id\":\"https:\/\/sen-shop.com\/sl\/#organization\"},\"potentialAction\":[{\"@type\":\"SearchAction\",\"target\":{\"@type\":\"EntryPoint\",\"urlTemplate\":\"https:\/\/sen-shop.com\/sl\/?s={search_term_string}\"},\"query-input\":\"required name=search_term_string\"}],\"inLanguage\":\"sl-SI\"},{\"@type\":\"Organization\",\"@id\":\"https:\/\/sen-shop.com\/sl\/#organization\",\"name\":\"Mind trade d.o.o\",\"url\":\"https:\/\/sen-shop.com\/sl\/\",\"logo\":{\"@type\":\"ImageObject\",\"inLanguage\":\"sl-SI\",\"@id\":\"https:\/\/sen-shop.com\/sl\/#\/schema\/logo\/image\/\",\"url\":\"https:\/\/sen-shop.com\/wp-content\/uploads\/2018\/05\/header_logo.png\",\"contentUrl\":\"https:\/\/sen-shop.com\/wp-content\/uploads\/2018\/05\/header_logo.png\",\"width\":138,\"height\":70,\"caption\":\"Mind trade d.o.o\"},\"image\":{\"@id\":\"https:\/\/sen-shop.com\/sl\/#\/schema\/logo\/image\/\"},\"sameAs\":[\"https:\/\/www.instagram.com\/senslovenija\/\",\"https:\/\/www.facebook.com\/Senshopslovenija\"]}]}<\/script>\n<!-- \/ Yoast SEO plugin. -->","yoast_head_json":{"title":"Palmeto, afri\u0161ka sliva - SEN Shop","robots":{"index":"index","follow":"follow","max-snippet":"max-snippet:-1","max-image-preview":"max-image-preview:large","max-video-preview":"max-video-preview:-1"},"canonical":"https:\/\/sen-shop.com\/sl\/collections\/prehranska-dopolnila\/tezave-s-prostato\/palmeto-afriska-sliva-kopriva-bucno-seme\/","og_locale":"sl_SI","og_type":"article","og_title":"Palmeto, afri\u0161ka sliva - SEN Shop","og_description":"Preselili smo se! Za \u0161e bolj\u0161o izku\u0161njo nakupovanja nas zdaj najdete na www.sen-shop.si!  Premium izdelek za mo\u0161ke. Prekinite te\u017eave prostate in pridobite samozavest v spalnici.   \u00a0 krepi mehur in se\u010dila  \u00a0 \u00a0laj\u0161a te\u017eave pove\u010dane prostate   \u00a0 poskrbi za temeljito izpraznjen mehur   \u00a0 zmanj\u0161a pogostost uriniranja  30 kapsul za 30 dni.  Naro\u010dilo lahko oddate tudi prek telefona 080 60 60.","og_url":"https:\/\/sen-shop.com\/sl\/collections\/prehranska-dopolnila\/tezave-s-prostato\/palmeto-afriska-sliva-kopriva-bucno-seme\/","og_site_name":"SEN Shop","article_publisher":"https:\/\/www.facebook.com\/Senshopslovenija","article_modified_time":"2026-03-02T10:49:26+00:00","og_image":[{"width":1000,"height":1000,"url":"https:\/\/sen-shop.com\/wp-content\/uploads\/2021\/04\/palmeto-afriska-sliva.jpg","type":"image\/jpeg"}],"twitter_card":"summary_large_image","twitter_misc":{"Est. reading time":"3 minute"},"schema":{"@context":"https:\/\/schema.org","@graph":[{"@type":"WebPage","@id":"https:\/\/sen-shop.com\/sl\/collections\/prehranska-dopolnila\/tezave-s-prostato\/palmeto-afriska-sliva-kopriva-bucno-seme\/","url":"https:\/\/sen-shop.com\/sl\/collections\/prehranska-dopolnila\/tezave-s-prostato\/palmeto-afriska-sliva-kopriva-bucno-seme\/","name":"Palmeto, afri\u0161ka sliva - SEN Shop","isPartOf":{"@id":"https:\/\/sen-shop.com\/sl\/#website"},"datePublished":"2021-04-20T09:16:37+00:00","dateModified":"2026-03-02T10:49:26+00:00","breadcrumb":{"@id":"https:\/\/sen-shop.com\/sl\/collections\/prehranska-dopolnila\/tezave-s-prostato\/palmeto-afriska-sliva-kopriva-bucno-seme\/#breadcrumb"},"inLanguage":"sl-SI","potentialAction":[{"@type":"ReadAction","target":["https:\/\/sen-shop.com\/sl\/collections\/prehranska-dopolnila\/tezave-s-prostato\/palmeto-afriska-sliva-kopriva-bucno-seme\/"]}]},{"@type":"BreadcrumbList","@id":"https:\/\/sen-shop.com\/sl\/collections\/prehranska-dopolnila\/tezave-s-prostato\/palmeto-afriska-sliva-kopriva-bucno-seme\/#breadcrumb","itemListElement":[{"@type":"ListItem","position":1,"name":"Home","item":"https:\/\/sen-shop.com\/sl\/"},{"@type":"ListItem","position":2,"name":"Palmeto, afri\u0161ka sliva"}]},{"@type":"WebSite","@id":"https:\/\/sen-shop.com\/sl\/#website","url":"https:\/\/sen-shop.com\/sl\/","name":"SEN Shop","description":"Slovensko, Ekolo\u0161ko, Naravno","publisher":{"@id":"https:\/\/sen-shop.com\/sl\/#organization"},"potentialAction":[{"@type":"SearchAction","target":{"@type":"EntryPoint","urlTemplate":"https:\/\/sen-shop.com\/sl\/?s={search_term_string}"},"query-input":"required name=search_term_string"}],"inLanguage":"sl-SI"},{"@type":"Organization","@id":"https:\/\/sen-shop.com\/sl\/#organization","name":"Mind trade d.o.o","url":"https:\/\/sen-shop.com\/sl\/","logo":{"@type":"ImageObject","inLanguage":"sl-SI","@id":"https:\/\/sen-shop.com\/sl\/#\/schema\/logo\/image\/","url":"https:\/\/sen-shop.com\/wp-content\/uploads\/2018\/05\/header_logo.png","contentUrl":"https:\/\/sen-shop.com\/wp-content\/uploads\/2018\/05\/header_logo.png","width":138,"height":70,"caption":"Mind trade d.o.o"},"image":{"@id":"https:\/\/sen-shop.com\/sl\/#\/schema\/logo\/image\/"},"sameAs":["https:\/\/www.instagram.com\/senslovenija\/","https:\/\/www.facebook.com\/Senshopslovenija"]}]}},"_links":{"self":[{"href":"https:\/\/sen-shop.com\/sl\/wp-json\/wp\/v2\/product\/27598","targetHints":{"allow":["GET"]}}],"collection":[{"href":"https:\/\/sen-shop.com\/sl\/wp-json\/wp\/v2\/product"}],"about":[{"href":"https:\/\/sen-shop.com\/sl\/wp-json\/wp\/v2\/types\/product"}],"replies":[{"embeddable":true,"href":"https:\/\/sen-shop.com\/sl\/wp-json\/wp\/v2\/comments?post=27598"}],"wp:featuredmedia":[{"embeddable":true,"href":"https:\/\/sen-shop.com\/sl\/wp-json\/wp\/v2\/media\/27568"}],"wp:attachment":[{"href":"https:\/\/sen-shop.com\/sl\/wp-json\/wp\/v2\/media?parent=27598"}],"wp:term":[{"taxonomy":"product_cat","embeddable":true,"href":"https:\/\/sen-shop.com\/sl\/wp-json\/wp\/v2\/product_cat?post=27598"},{"taxonomy":"product_tag","embeddable":true,"href":"https:\/\/sen-shop.com\/sl\/wp-json\/wp\/v2\/product_tag?post=27598"}],"curies":[{"name":"wp","href":"https:\/\/api.w.org\/{rel}","templated":true}]}}