{"id":26562,"date":"2021-03-31T15:39:35","date_gmt":"2021-03-31T13:39:35","guid":{"rendered":"https:\/\/www.sen-shop.com\/?post_type=product&#038;p=26562"},"modified":"2026-03-02T11:49:16","modified_gmt":"2026-03-02T10:49:16","slug":"pegasti-badelj-articoka-kurkuma-piperin-60","status":"publish","type":"product","link":"https:\/\/sen-shop.com\/sl\/collections\/prehranska-dopolnila\/tezave-s-prebavili\/pegasti-badelj-articoka-kurkuma-piperin-60\/","title":{"rendered":"Pegasti badelj, kurkuma 60\/1"},"content":{"rendered":"<p>[vc_row][vc_column][vc_single_image image=&#8221;26578&#8243; alignment=&#8221;center&#8221; css_animation=&#8221;bounceInLeft&#8221;][\/vc_column][\/vc_row][vc_row][vc_column][vc_column_text css=&#8221;.vc_custom_1643884866585{padding-top: 30px !important;padding-right: 30px !important;padding-bottom: 30px !important;padding-left: 30px !important;background-color: #c9db95 !important;}&#8221;]<\/p>\n<h1><strong>Pegasti badelj<\/strong><\/h1>\n<p>Pegasti badelj je znan pod doma\u010dim imenom Marijin osat (po legendi o devici Mariji in osatu) ali bode\u010da ne\u017ea ali ostropec. Uvr\u0161\u010damo ga med najkrasnej\u0161e bodi\u010dasto zdravilno rastje, ki varuje in skrbi za\u00a0<a href=\"https:\/\/sen-shop.com\/blogs\/napihnjenost-nadloga-sodobnega-casa\/\">presnavljanje in \u010di\u0161\u010denje<\/a>\u00a0odpadnih snovi iz \u010dlove\u0161kega telesa. Pegasti badelj zraste do dva metra visoko in ga najdemo na su\u0161nih neobdelanih tleh ali na prisojnih kamnitih mestih. Prepoznamo ga po zna\u010dilnem socvetju ro\u017enato vijoli\u010dne barve in nazob\u010danih bodi\u010dastih listih z mle\u010dno belimi \u017eilami. \u017de v \u0161estnajstem stoletju so ugotovili, da uporaba pripravkov iz pegastega badlja\u00a0<strong>ugodno vpliva na jetra<\/strong>. Pegasti badelj, arti\u010doka in sivka zdru\u017eujejo pozitivne lastnosti naravnih zeli\u0161\u010d v eni kapsuli. Pegasti badelj varuje jetra in pomaga pri razli\u010dnih te\u017eavah, do katerih pride zaradi\u00a0<a href=\"https:\/\/www.bodieko.si\/zamascena-jetra\">preobremenjenosti jeter<\/a>. Do po\u0161kodbe jeter pride zaradi razli\u010dnih zdravljenj, okvare zaradi prekomernega u\u017eivanja zdravil, strupenih snovi, alkohola ipd. V kombinaciji z arti\u010doko in sivko pozitivno vpliva tudi na prebavo in pomaga pri razgradnji ma\u0161\u010dob.<a href=\"https:\/\/sen-shop.com\/wp-content\/uploads\/2021\/03\/Pegasti-IT-3.jpg\"><img loading=\"lazy\" decoding=\"async\" class=\" wp-image-51866 alignright\" src=\"https:\/\/sen-shop.com\/wp-content\/uploads\/2021\/03\/Pegasti-IT-3-300x300.jpg\" alt=\"\" width=\"349\" height=\"349\" srcset=\"https:\/\/sen-shop.com\/wp-content\/uploads\/2021\/03\/Pegasti-IT-3-300x300.jpg 300w, https:\/\/sen-shop.com\/wp-content\/uploads\/2021\/03\/Pegasti-IT-3-427x427.jpg 427w, https:\/\/sen-shop.com\/wp-content\/uploads\/2021\/03\/Pegasti-IT-3-100x100.jpg 100w, https:\/\/sen-shop.com\/wp-content\/uploads\/2021\/03\/Pegasti-IT-3-570x570.jpg 570w, https:\/\/sen-shop.com\/wp-content\/uploads\/2021\/03\/Pegasti-IT-3-1024x1024.jpg 1024w, https:\/\/sen-shop.com\/wp-content\/uploads\/2021\/03\/Pegasti-IT-3-768x768.jpg 768w, https:\/\/sen-shop.com\/wp-content\/uploads\/2021\/03\/Pegasti-IT-3-575x575.jpg 575w, https:\/\/sen-shop.com\/wp-content\/uploads\/2021\/03\/Pegasti-IT-3-50x50.jpg 50w, https:\/\/sen-shop.com\/wp-content\/uploads\/2021\/03\/Pegasti-IT-3-60x60.jpg 60w, https:\/\/sen-shop.com\/wp-content\/uploads\/2021\/03\/Pegasti-IT-3.jpg 1080w\" sizes=\"auto, (max-width: 349px) 100vw, 349px\" \/><\/a><\/p>\n<p>Razstrupljanje pomeni\u00a0<strong>\u010di\u0161\u010denje krvi<\/strong>. To funkcijo opravljajo na\u0161a\u00a0<strong>jetra<\/strong>\u00a0z odstranjevanjem\u00a0ne\u010disto\u010d iz krvi in kjer se ti toksini nato obdelujejo za\u00a0<strong>izlo\u010danje<\/strong>. Telo odpravlja toksine tudi skozi\u00a0<strong>ledvice<\/strong>,\u00a0<strong>\u010drevesje<\/strong>,\u00a0<strong>plju\u010da<\/strong>,\u00a0<strong>limfni sistem<\/strong>\u00a0in\u00a0<strong>ko\u017eo<\/strong>, vendar, kadar so ti sistemi\u00a0<strong>preobremenjeni<\/strong>, se ne\u010disto\u010de za\u010dnejo\u00a0<strong>nepravilno filtrirati<\/strong>. Kopi\u010dijo se v razli\u010dnih delih telesa, kar za\u010dne postopoma negativno vplivati na samo delovanje telesa. Zato je \u010di\u0161\u010denje jeter zelo pomembno za na\u0161 organizem.<\/p>\n<p>&nbsp;<\/p>\n<p>Ve\u010d o \u010di\u0161\u010denju jeter si lahko preberete\u00a0<a href=\"https:\/\/sen-shop.com\/collections\/prehranska-dopolnila\/tezave-s-prebavili\/pegasti-badelj-za-prebavo-razstrupljanje\/\"><strong>TUKAJ.<\/strong><\/a>[\/vc_column_text][vc_column_text css=&#8221;.vc_custom_1643885052786{padding-top: 30px !important;padding-right: 30px !important;padding-bottom: 30px !important;padding-left: 30px !important;background-color: #ededed !important;}&#8221;]<\/p>\n<h3><strong>Kurkuma<\/strong><\/h3>\n<p>Kurkuma ima \u0161irok spekter delovanja saj zni\u017euje krvni pritisk, spodbuja izlo\u010danje prebavnih sokov in encimov, \u010disti in \u0161\u010diti jetra, pomaga pri presnovi ma\u0161\u010dob \u2013 predvsem pri razgradnji ogljikovih hidratov. Njene zdravilne u\u010dinke sedaj s pridom izkori\u0161\u010damo tudi na zahodu, kjer smo z raziskavami dokazali tudi, da je kurkuma mo\u010den antioksidant in varuje \u010drevesje pred prostimi radikali, ki po\u0161kodujejo celice DNK. Kurkumin zaustavi spremenjene celice in jim prepre\u010di, da bi se \u0161irile dalje po telesu.<a href=\"https:\/\/sen-shop.com\/wp-content\/uploads\/2021\/03\/Pegasti-IT-1.jpg\"><img loading=\"lazy\" decoding=\"async\" class=\" wp-image-47761 alignleft\" src=\"https:\/\/sen-shop.com\/wp-content\/uploads\/2021\/03\/Pegasti-IT-1-300x300.jpg\" alt=\"\" width=\"334\" height=\"334\" srcset=\"https:\/\/sen-shop.com\/wp-content\/uploads\/2021\/03\/Pegasti-IT-1-300x300.jpg 300w, https:\/\/sen-shop.com\/wp-content\/uploads\/2021\/03\/Pegasti-IT-1-427x427.jpg 427w, https:\/\/sen-shop.com\/wp-content\/uploads\/2021\/03\/Pegasti-IT-1-100x100.jpg 100w, https:\/\/sen-shop.com\/wp-content\/uploads\/2021\/03\/Pegasti-IT-1-570x570.jpg 570w, https:\/\/sen-shop.com\/wp-content\/uploads\/2021\/03\/Pegasti-IT-1-1024x1024.jpg 1024w, https:\/\/sen-shop.com\/wp-content\/uploads\/2021\/03\/Pegasti-IT-1-768x768.jpg 768w, https:\/\/sen-shop.com\/wp-content\/uploads\/2021\/03\/Pegasti-IT-1-575x575.jpg 575w, https:\/\/sen-shop.com\/wp-content\/uploads\/2021\/03\/Pegasti-IT-1-50x50.jpg 50w, https:\/\/sen-shop.com\/wp-content\/uploads\/2021\/03\/Pegasti-IT-1-60x60.jpg 60w, https:\/\/sen-shop.com\/wp-content\/uploads\/2021\/03\/Pegasti-IT-1.jpg 1080w\" sizes=\"auto, (max-width: 334px) 100vw, 334px\" \/><\/a>[\/vc_column_text][\/vc_column][\/vc_row][vc_row][vc_column][vc_column_text css=&#8221;.vc_custom_1643885007775{background-color: #ffffff !important;}&#8221;]<\/p>\n<h3><strong>Arti\u010doka<\/strong><\/h3>\n<p>Arti\u010doka je zdravilna rastlina, ki je dobro raziskana. Danes predvidevajo, da so za zdravilne u\u010dinke odgovorni derivati kafeoilkininske kisline (klorogenska kislina, 1,5-0-dikafeoilkininska kislina, cinarin) in flavonoidov luteolinglikozidov. Vendar dosedanji podatki \u0161e ne dopu\u0161\u010dajo dokon\u010dnih zaklju\u010dkov. Cinarin je dolgo veljal za glavno u\u010dinkovino, vendar raziskave tega niso potrdile, pripravki iz listov arti\u010doke pa so danes najve\u010dkrat standardizirani oz. uravnani prav na vsebnost cinarina. Ena od pomembnih sestavin so tudi seskviterpenski laktoni \u2013 to so gren\u010dine, katerih u\u010dinki na pove\u010dano izlo\u010danje prebavnih sokov so dobro poznani. Arti\u010doka ima v kombinaciji s pegasti badelj pozitiven vpliv na telo, kar si lahko preberete\u00a0<a href=\"https:\/\/sen-shop.com\/blogs\/uresnicite-novoletno-zaobljubo-o-hujsanju\/\">TUKAJ<\/a>.<\/p>\n<h3><strong>Sivka (Lavandula)\u00a0<\/strong><\/h3>\n<p>Sivka je zimzelena rastlina, ki jo vzgajajo kot\u00a0zdravilno ali za okras in \u0161e za marsikaj uporabnega. Kot divja rastlina sivka raste v ju\u017eni Franciji, \u0160paniji, Italiji in severni Afriki. Pri sivki so zdravilni cvetovi, listi in vsa cveto\u010da zel.\u00a0Najbogatej\u0161e s sivkinim oljem je cvetje, tik preden se odpre. Sivka\u00a0zdravi prebavne motnje \u017eiv\u010dnega izvora.<\/p>\n<p>&nbsp;<\/p>\n<h4>Pegasti badelj vsebuje silimarin<\/h4>\n<p>Pripravki iz plodu pegastega badlja vsebujejo zmes u\u010dinkovin flavolignanov, ki jo imenujemo silimarin. Sestavljen je iz \u0161tirih podobnih u\u010dinkovin, silibinina, izosilibinina, silidianina in silikristina.<\/p>\n<p>Pegasti badelj izvira iz ju\u017ene Evrope, Male Azije in severne Afrike. Raste tudi v centralni Evropi. Prilagodil se je podnebju v Ameriki in na jugu Avstralije. \u00a0Raste v globoki zemlji, v vla\u017enih, z du\u0161ikom bogatih tleh na mediteranskem podro\u010dju, ob vzno\u017eju zidov, ob robu poti, na neobdelanih obmo\u010djih. Cveti pozno spomladi in zgodaj poleti, nabira pa se jeseni.[\/vc_column_text][\/vc_column][\/vc_row]<\/p>\n","protected":false},"excerpt":{"rendered":"<p><img decoding=\"async\" class=\"emoji\" role=\"img\" draggable=\"false\" src=\"https:\/\/s.w.org\/images\/core\/emoji\/17.0.2\/svg\/1f31f.svg\" alt=\"\ud83c\udf1f\" \/> <strong data-start=\"81\" data-end=\"102\">Preselili smo se!<\/strong> <img decoding=\"async\" class=\"emoji\" role=\"img\" draggable=\"false\" src=\"https:\/\/s.w.org\/images\/core\/emoji\/17.0.2\/svg\/1f31f.svg\" alt=\"\ud83c\udf1f\" \/><br data-start=\"105\" data-end=\"108\" \/>Za \u0161e bolj\u0161o izku\u0161njo nakupovanja nas zdaj najdete na <strong data-start=\"162\" data-end=\"207\"><a class=\"decorated-link\" href=\"http:\/\/www.sen-shop.si\/\" target=\"_new\" rel=\"noopener\" data-start=\"164\" data-end=\"205\">www.sen-shop.si<\/a><\/strong>!<\/p>\n<p>Nov, dodelan in \u0161e <strong>mo\u010dnej\u0161i izdelek, ki podpira delovanje va\u0161ih jeter.<\/strong> Izdelan po skrbno nadzorovanem postopku in obogaten predvsem s kakovostnim pegastim badljem, arti\u010doko, kurkumo, \u010drnim poprom in sivko.<\/p>\n<p><strong>\ud83d\udc49 \u00a0 podpora detoksifikaciji<\/strong><br \/>\n<strong>\ud83d\udc49 \u00a0 pripomorejo k bolj\u0161i prebavi ma\u0161\u010dob<\/strong><br \/>\n<strong>\ud83d\udc49 \u00a0 pomagajo o\u010distiti jetra<\/strong><br \/>\n<strong>\ud83d\udc49 \u00a0 podpirajo delovanje jeter<\/strong><\/p>\n<p>Stekleni\u010dka vsebuje <strong>60 kapsul<\/strong>, kar zadostuje za <strong>2 meseca.<\/strong><\/p>\n[banner_prehrana]\n","protected":false},"featured_media":27624,"comment_status":"open","ping_status":"closed","template":"","meta":{"inline_featured_image":false},"product_cat":[71,84,67,63],"product_tag":[602],"class_list":["post-26562","product","type-product","status-publish","has-post-thumbnail","hentry","product_cat-hujsanje","product_cat-prehranska-dopolnila","product_cat-razstrupljanje","product_cat-tezave-s-prebavili","product_tag-bolecine-v-zelodcu"],"acf":[],"yoast_head":"<!-- This site is optimized with the Yoast SEO plugin v19.13 - https:\/\/yoast.com\/wordpress\/plugins\/seo\/ -->\n<title>Pegasti badelj, kurkuma 60\/1 - SEN Shop<\/title>\n<meta name=\"robots\" content=\"index, follow, max-snippet:-1, max-image-preview:large, max-video-preview:-1\" \/>\n<link rel=\"canonical\" href=\"https:\/\/sen-shop.com\/sl\/collections\/prehranska-dopolnila\/tezave-s-prebavili\/pegasti-badelj-articoka-kurkuma-piperin-60\/\" \/>\n<meta property=\"og:locale\" content=\"sl_SI\" \/>\n<meta property=\"og:type\" content=\"article\" \/>\n<meta property=\"og:title\" content=\"Pegasti badelj, kurkuma 60\/1 - SEN Shop\" \/>\n<meta property=\"og:description\" content=\"Preselili smo se! Za \u0161e bolj\u0161o izku\u0161njo nakupovanja nas zdaj najdete na www.sen-shop.si!  Nov, dodelan in \u0161e mo\u010dnej\u0161i izdelek, ki podpira delovanje va\u0161ih jeter. Izdelan po skrbno nadzorovanem postopku in obogaten predvsem s kakovostnim pegastim badljem, arti\u010doko, kurkumo, \u010drnim poprom in sivko.  \ud83d\udc49 \u00a0 podpora detoksifikaciji \ud83d\udc49 \u00a0 pripomorejo k bolj\u0161i prebavi ma\u0161\u010dob \ud83d\udc49 \u00a0 pomagajo o\u010distiti jetra \ud83d\udc49 \u00a0 podpirajo delovanje jeter  Stekleni\u010dka vsebuje 60 kapsul, kar zadostuje za 2 meseca.\" \/>\n<meta property=\"og:url\" content=\"https:\/\/sen-shop.com\/sl\/collections\/prehranska-dopolnila\/tezave-s-prebavili\/pegasti-badelj-articoka-kurkuma-piperin-60\/\" \/>\n<meta property=\"og:site_name\" content=\"SEN Shop\" \/>\n<meta property=\"article:publisher\" content=\"https:\/\/www.facebook.com\/Senshopslovenija\" \/>\n<meta property=\"article:modified_time\" content=\"2026-03-02T10:49:16+00:00\" \/>\n<meta property=\"og:image\" content=\"https:\/\/sen-shop.com\/wp-content\/uploads\/2021\/04\/Pegasti-badelj-60.jpg\" \/>\n\t<meta property=\"og:image:width\" content=\"1000\" \/>\n\t<meta property=\"og:image:height\" content=\"1000\" \/>\n\t<meta property=\"og:image:type\" content=\"image\/jpeg\" \/>\n<meta name=\"twitter:card\" content=\"summary_large_image\" \/>\n<meta name=\"twitter:label1\" content=\"Est. reading time\" \/>\n\t<meta name=\"twitter:data1\" content=\"4 minute\" \/>\n<script type=\"application\/ld+json\" class=\"yoast-schema-graph\">{\"@context\":\"https:\/\/schema.org\",\"@graph\":[{\"@type\":\"WebPage\",\"@id\":\"https:\/\/sen-shop.com\/sl\/collections\/prehranska-dopolnila\/tezave-s-prebavili\/pegasti-badelj-articoka-kurkuma-piperin-60\/\",\"url\":\"https:\/\/sen-shop.com\/sl\/collections\/prehranska-dopolnila\/tezave-s-prebavili\/pegasti-badelj-articoka-kurkuma-piperin-60\/\",\"name\":\"Pegasti badelj, kurkuma 60\/1 - SEN Shop\",\"isPartOf\":{\"@id\":\"https:\/\/sen-shop.com\/sl\/#website\"},\"datePublished\":\"2021-03-31T13:39:35+00:00\",\"dateModified\":\"2026-03-02T10:49:16+00:00\",\"breadcrumb\":{\"@id\":\"https:\/\/sen-shop.com\/sl\/collections\/prehranska-dopolnila\/tezave-s-prebavili\/pegasti-badelj-articoka-kurkuma-piperin-60\/#breadcrumb\"},\"inLanguage\":\"sl-SI\",\"potentialAction\":[{\"@type\":\"ReadAction\",\"target\":[\"https:\/\/sen-shop.com\/sl\/collections\/prehranska-dopolnila\/tezave-s-prebavili\/pegasti-badelj-articoka-kurkuma-piperin-60\/\"]}]},{\"@type\":\"BreadcrumbList\",\"@id\":\"https:\/\/sen-shop.com\/sl\/collections\/prehranska-dopolnila\/tezave-s-prebavili\/pegasti-badelj-articoka-kurkuma-piperin-60\/#breadcrumb\",\"itemListElement\":[{\"@type\":\"ListItem\",\"position\":1,\"name\":\"Home\",\"item\":\"https:\/\/sen-shop.com\/sl\/\"},{\"@type\":\"ListItem\",\"position\":2,\"name\":\"Pegasti badelj, kurkuma 60\/1\"}]},{\"@type\":\"WebSite\",\"@id\":\"https:\/\/sen-shop.com\/sl\/#website\",\"url\":\"https:\/\/sen-shop.com\/sl\/\",\"name\":\"SEN Shop\",\"description\":\"Slovensko, Ekolo\u0161ko, Naravno\",\"publisher\":{\"@id\":\"https:\/\/sen-shop.com\/sl\/#organization\"},\"potentialAction\":[{\"@type\":\"SearchAction\",\"target\":{\"@type\":\"EntryPoint\",\"urlTemplate\":\"https:\/\/sen-shop.com\/sl\/?s={search_term_string}\"},\"query-input\":\"required name=search_term_string\"}],\"inLanguage\":\"sl-SI\"},{\"@type\":\"Organization\",\"@id\":\"https:\/\/sen-shop.com\/sl\/#organization\",\"name\":\"Mind trade d.o.o\",\"url\":\"https:\/\/sen-shop.com\/sl\/\",\"logo\":{\"@type\":\"ImageObject\",\"inLanguage\":\"sl-SI\",\"@id\":\"https:\/\/sen-shop.com\/sl\/#\/schema\/logo\/image\/\",\"url\":\"https:\/\/sen-shop.com\/wp-content\/uploads\/2018\/05\/header_logo.png\",\"contentUrl\":\"https:\/\/sen-shop.com\/wp-content\/uploads\/2018\/05\/header_logo.png\",\"width\":138,\"height\":70,\"caption\":\"Mind trade d.o.o\"},\"image\":{\"@id\":\"https:\/\/sen-shop.com\/sl\/#\/schema\/logo\/image\/\"},\"sameAs\":[\"https:\/\/www.instagram.com\/senslovenija\/\",\"https:\/\/www.facebook.com\/Senshopslovenija\"]}]}<\/script>\n<!-- \/ Yoast SEO plugin. -->","yoast_head_json":{"title":"Pegasti badelj, kurkuma 60\/1 - SEN Shop","robots":{"index":"index","follow":"follow","max-snippet":"max-snippet:-1","max-image-preview":"max-image-preview:large","max-video-preview":"max-video-preview:-1"},"canonical":"https:\/\/sen-shop.com\/sl\/collections\/prehranska-dopolnila\/tezave-s-prebavili\/pegasti-badelj-articoka-kurkuma-piperin-60\/","og_locale":"sl_SI","og_type":"article","og_title":"Pegasti badelj, kurkuma 60\/1 - SEN Shop","og_description":"Preselili smo se! Za \u0161e bolj\u0161o izku\u0161njo nakupovanja nas zdaj najdete na www.sen-shop.si!  Nov, dodelan in \u0161e mo\u010dnej\u0161i izdelek, ki podpira delovanje va\u0161ih jeter. Izdelan po skrbno nadzorovanem postopku in obogaten predvsem s kakovostnim pegastim badljem, arti\u010doko, kurkumo, \u010drnim poprom in sivko.  \ud83d\udc49 \u00a0 podpora detoksifikaciji \ud83d\udc49 \u00a0 pripomorejo k bolj\u0161i prebavi ma\u0161\u010dob \ud83d\udc49 \u00a0 pomagajo o\u010distiti jetra \ud83d\udc49 \u00a0 podpirajo delovanje jeter  Stekleni\u010dka vsebuje 60 kapsul, kar zadostuje za 2 meseca.","og_url":"https:\/\/sen-shop.com\/sl\/collections\/prehranska-dopolnila\/tezave-s-prebavili\/pegasti-badelj-articoka-kurkuma-piperin-60\/","og_site_name":"SEN Shop","article_publisher":"https:\/\/www.facebook.com\/Senshopslovenija","article_modified_time":"2026-03-02T10:49:16+00:00","og_image":[{"width":1000,"height":1000,"url":"https:\/\/sen-shop.com\/wp-content\/uploads\/2021\/04\/Pegasti-badelj-60.jpg","type":"image\/jpeg"}],"twitter_card":"summary_large_image","twitter_misc":{"Est. reading time":"4 minute"},"schema":{"@context":"https:\/\/schema.org","@graph":[{"@type":"WebPage","@id":"https:\/\/sen-shop.com\/sl\/collections\/prehranska-dopolnila\/tezave-s-prebavili\/pegasti-badelj-articoka-kurkuma-piperin-60\/","url":"https:\/\/sen-shop.com\/sl\/collections\/prehranska-dopolnila\/tezave-s-prebavili\/pegasti-badelj-articoka-kurkuma-piperin-60\/","name":"Pegasti badelj, kurkuma 60\/1 - SEN Shop","isPartOf":{"@id":"https:\/\/sen-shop.com\/sl\/#website"},"datePublished":"2021-03-31T13:39:35+00:00","dateModified":"2026-03-02T10:49:16+00:00","breadcrumb":{"@id":"https:\/\/sen-shop.com\/sl\/collections\/prehranska-dopolnila\/tezave-s-prebavili\/pegasti-badelj-articoka-kurkuma-piperin-60\/#breadcrumb"},"inLanguage":"sl-SI","potentialAction":[{"@type":"ReadAction","target":["https:\/\/sen-shop.com\/sl\/collections\/prehranska-dopolnila\/tezave-s-prebavili\/pegasti-badelj-articoka-kurkuma-piperin-60\/"]}]},{"@type":"BreadcrumbList","@id":"https:\/\/sen-shop.com\/sl\/collections\/prehranska-dopolnila\/tezave-s-prebavili\/pegasti-badelj-articoka-kurkuma-piperin-60\/#breadcrumb","itemListElement":[{"@type":"ListItem","position":1,"name":"Home","item":"https:\/\/sen-shop.com\/sl\/"},{"@type":"ListItem","position":2,"name":"Pegasti badelj, kurkuma 60\/1"}]},{"@type":"WebSite","@id":"https:\/\/sen-shop.com\/sl\/#website","url":"https:\/\/sen-shop.com\/sl\/","name":"SEN Shop","description":"Slovensko, Ekolo\u0161ko, Naravno","publisher":{"@id":"https:\/\/sen-shop.com\/sl\/#organization"},"potentialAction":[{"@type":"SearchAction","target":{"@type":"EntryPoint","urlTemplate":"https:\/\/sen-shop.com\/sl\/?s={search_term_string}"},"query-input":"required name=search_term_string"}],"inLanguage":"sl-SI"},{"@type":"Organization","@id":"https:\/\/sen-shop.com\/sl\/#organization","name":"Mind trade d.o.o","url":"https:\/\/sen-shop.com\/sl\/","logo":{"@type":"ImageObject","inLanguage":"sl-SI","@id":"https:\/\/sen-shop.com\/sl\/#\/schema\/logo\/image\/","url":"https:\/\/sen-shop.com\/wp-content\/uploads\/2018\/05\/header_logo.png","contentUrl":"https:\/\/sen-shop.com\/wp-content\/uploads\/2018\/05\/header_logo.png","width":138,"height":70,"caption":"Mind trade d.o.o"},"image":{"@id":"https:\/\/sen-shop.com\/sl\/#\/schema\/logo\/image\/"},"sameAs":["https:\/\/www.instagram.com\/senslovenija\/","https:\/\/www.facebook.com\/Senshopslovenija"]}]}},"_links":{"self":[{"href":"https:\/\/sen-shop.com\/sl\/wp-json\/wp\/v2\/product\/26562","targetHints":{"allow":["GET"]}}],"collection":[{"href":"https:\/\/sen-shop.com\/sl\/wp-json\/wp\/v2\/product"}],"about":[{"href":"https:\/\/sen-shop.com\/sl\/wp-json\/wp\/v2\/types\/product"}],"replies":[{"embeddable":true,"href":"https:\/\/sen-shop.com\/sl\/wp-json\/wp\/v2\/comments?post=26562"}],"wp:featuredmedia":[{"embeddable":true,"href":"https:\/\/sen-shop.com\/sl\/wp-json\/wp\/v2\/media\/27624"}],"wp:attachment":[{"href":"https:\/\/sen-shop.com\/sl\/wp-json\/wp\/v2\/media?parent=26562"}],"wp:term":[{"taxonomy":"product_cat","embeddable":true,"href":"https:\/\/sen-shop.com\/sl\/wp-json\/wp\/v2\/product_cat?post=26562"},{"taxonomy":"product_tag","embeddable":true,"href":"https:\/\/sen-shop.com\/sl\/wp-json\/wp\/v2\/product_tag?post=26562"}],"curies":[{"name":"wp","href":"https:\/\/api.w.org\/{rel}","templated":true}]}}