{"id":23304,"date":"2020-10-22T13:29:03","date_gmt":"2020-10-22T11:29:03","guid":{"rendered":"https:\/\/www.sen-shop.com\/?post_type=product&#038;p=23304"},"modified":"2026-03-02T11:49:06","modified_gmt":"2026-03-02T10:49:06","slug":"kapsule-vitamin-d","status":"publish","type":"product","link":"https:\/\/sen-shop.com\/sl\/collections\/prehranska-dopolnila\/sklepi-in-misice1\/kapsule-vitamin-d\/","title":{"rendered":"Vitamin D3, cink + selen"},"content":{"rendered":"<p>[vc_row][vc_column][vc_single_image image=&#8221;60369&#8243; alignment=&#8221;center&#8221; onclick=&#8221;custom_link&#8221; css_animation=&#8221;bounceInLeft&#8221; link=&#8221;https:\/\/sen-shop.com\/collections\/akcija\/vitamin-d-31\/&#8221;][\/vc_column][\/vc_row][vc_row][vc_column][vc_column_text css=&#8221;.vc_custom_1625560291369{padding-top: 30px !important;padding-right: 30px !important;padding-bottom: 30px !important;padding-left: 30px !important;background-color: #c9db95 !important;}&#8221;]Strokovnjaki svetujejo dodaten vnos vitamina D vsem, ki se ve\u010dino dneva zadr\u017eujejo v notranjih prostorih, nose\u010dnicam in doje\u010dim materam, starej\u0161im ter otrokom.<\/p>\n<p>U\u017eivanje vitamina D v tem \u010dasu priporo\u010da tudi NIJZ. Preveri priporo\u010dila <a href=\"https:\/\/www.nijz.si\/sl\/do-vitamina-d-z-zmernim-izpostavljanjem-soncu\">TUKAJ<\/a>.[\/vc_column_text][vc_column_text css_animation=&#8221;fadeIn&#8221; css=&#8221;.vc_custom_1625560295513{padding-top: 30px !important;padding-right: 30px !important;padding-bottom: 30px !important;padding-left: 30px !important;background-color: #ededed !important;}&#8221;]<strong>Prakti\u010dno vsaka celica v na\u0161em telesu ima receptorje za vitamin D.\u00a0<\/strong><\/p>\n<p>V obdobju, ko primanjkuje son\u010dnih dni ima kar 95% ljudi prenizko raven vitamina D.<\/p>\n<p>Po priporo\u010dilih Evropske agencije za varnost hrane (EFSA) potrebujejo odrasli dnevno vsaj 20 \u00b5g vitamina.[\/vc_column_text][\/vc_column][\/vc_row][vc_row][vc_column][vc_column_text]<strong>Uporaba:<\/strong> Vzemite 1 kapsulo na dan z zadostno koli\u010dino teko\u010dine. Starej\u0161i, bolni, osebe nagnjene k infekcijam naj jemljejo dvojno dozo vsaj dva meseca.<\/p>\n<p>Ste vedeli, da lahko v 1 dnevu zau\u017eijete tedensko koli\u010dino vitamina D3, saj telo ustvarja zaloge.<\/p>\n<p><img loading=\"lazy\" decoding=\"async\" class=\" wp-image-23332 alignright\" src=\"https:\/\/sen-shop.com\/wp-content\/uploads\/2020\/10\/collagen-capsules-skin-beauty-wooden-spoon-300x200.jpg\" alt=\"\" width=\"547\" height=\"365\" srcset=\"https:\/\/sen-shop.com\/wp-content\/uploads\/2020\/10\/collagen-capsules-skin-beauty-wooden-spoon-300x200.jpg 300w, https:\/\/sen-shop.com\/wp-content\/uploads\/2020\/10\/collagen-capsules-skin-beauty-wooden-spoon-scaled-570x380.jpg 570w, https:\/\/sen-shop.com\/wp-content\/uploads\/2020\/10\/collagen-capsules-skin-beauty-wooden-spoon-1024x683.jpg 1024w, https:\/\/sen-shop.com\/wp-content\/uploads\/2020\/10\/collagen-capsules-skin-beauty-wooden-spoon-768x512.jpg 768w, https:\/\/sen-shop.com\/wp-content\/uploads\/2020\/10\/collagen-capsules-skin-beauty-wooden-spoon-1536x1024.jpg 1536w, https:\/\/sen-shop.com\/wp-content\/uploads\/2020\/10\/collagen-capsules-skin-beauty-wooden-spoon-2048x1365.jpg 2048w, https:\/\/sen-shop.com\/wp-content\/uploads\/2020\/10\/collagen-capsules-skin-beauty-wooden-spoon-75x50.jpg 75w, https:\/\/sen-shop.com\/wp-content\/uploads\/2020\/10\/collagen-capsules-skin-beauty-wooden-spoon-60x40.jpg 60w\" sizes=\"auto, (max-width: 547px) 100vw, 547px\" \/><\/p>\n<p>Ena kapsula vsebuje:<\/p>\n<ul>\n<li>2000 IU<\/li>\n<li>50 \u00b5g<\/li>\n<li>1000% priporo\u010denega dnevnega vnosa<\/li>\n<\/ul>\n<p>Kapsule so narejene iz naravne <strong>rastlinske ovoj<\/strong><strong>nice. <\/strong>Zasnovane za naravno razgradnjo, lahko prebavljive in omogo\u010dajo bolj\u0161o absorpcijo hranil med prebavo.<\/p>\n<p>Kapsule vsebujejo <strong>naravni in \u010disti vitamin D, pridobljen iz lanolina,<\/strong> ki je ko\u017ei lasten vir vitamina D. Pri izboru vitaminov je vedno pomembna vsebnost le tega v kapsuli.<\/p>\n<p>Koli\u010dina: 60 kapsul (zadostuje za 2 meseca)<\/p>\n<p>&nbsp;<\/p>\n<p style=\"text-align: center;\"><strong><span class=\"JsGRdQ\"><span style=\"font-family: Open Sans Extra;\"><span style=\"color: #000000;\">ZAKAJ BI IZBRALI VITAMIN D3?<\/span><\/span><\/span><\/strong><\/p>\n<p class=\"_04xlpA direction-ltr align-center para-style-body\" style=\"text-align: center;\"><span class=\"JsGRdQ\"><span style=\"font-family: Open Sans;\">\ud83d\udc49 vsebuje 50\u00b5g (priporo\u010deno u\u017eivanje je vsaj 20\u00b5g na dan)<\/span><\/span><\/p>\n<p class=\"_04xlpA direction-ltr align-center para-style-body\" style=\"text-align: center;\"><span class=\"JsGRdQ\"><span style=\"font-family: Open Sans;\">\ud83d\udc49 je iz lanolina &#8211; preverjeno najbolj varen na\u010din pridobivanja vitamina D3<\/span><\/span><\/p>\n<p>[\/vc_column_text][\/vc_column][\/vc_row]<\/p>\n","protected":false},"excerpt":{"rendered":"<p><img decoding=\"async\" class=\"emoji\" role=\"img\" draggable=\"false\" src=\"https:\/\/s.w.org\/images\/core\/emoji\/17.0.2\/svg\/1f31f.svg\" alt=\"\ud83c\udf1f\" \/> <strong data-start=\"81\" data-end=\"102\">Preselili smo se!<\/strong> <img decoding=\"async\" class=\"emoji\" role=\"img\" draggable=\"false\" src=\"https:\/\/s.w.org\/images\/core\/emoji\/17.0.2\/svg\/1f31f.svg\" alt=\"\ud83c\udf1f\" \/><br data-start=\"105\" data-end=\"108\" \/>Za \u0161e bolj\u0161o izku\u0161njo nakupovanja nas zdaj najdete na <strong data-start=\"162\" data-end=\"207\"><a class=\"decorated-link\" href=\"http:\/\/www.sen-shop.si\/\" target=\"_new\" rel=\"noopener\" data-start=\"164\" data-end=\"205\">www.sen-shop.si<\/a><\/strong>!<\/p>\n<p>Vitamin sonca, 1 kapsula vsebuje<strong> 2.000 I.E., 50 \u00b5g<\/strong>.<\/p>\n<p>\ud83d\udc49 prispeva k delovanju imunskega sistema<br \/>\n\ud83d\udc49 prispeva k normalni ravni kalcija v krvi<br \/>\n\ud83d\udc49 prispeva k ohranjanju zdravih kosti in zob<br \/>\n\ud83d\udc49 prispeva k delovanju mi\u0161ic<\/p>\n<p>Predvsem v zimskih mesecih lahko privede do pomanjkanja vitamina D, zato ga je priporo\u010dljivo vna\u0161ati s prehranskimi dopolnili.<\/p>\n[banner_prehrana]\n","protected":false},"featured_media":25576,"comment_status":"open","ping_status":"closed","template":"","meta":{"inline_featured_image":false},"product_cat":[72,84,61,62],"product_tag":[],"class_list":["post-23304","product","type-product","status-publish","has-post-thumbnail","hentry","product_cat-krepitev-imunskega-sistema","product_cat-prehranska-dopolnila","product_cat-sklepi-in-misice1","product_cat-tezave-s-kostmi-sklepi-in-misicami"],"acf":[],"yoast_head":"<!-- This site is optimized with the Yoast SEO plugin v19.13 - https:\/\/yoast.com\/wordpress\/plugins\/seo\/ -->\n<title>Vitamin D - vitamin sonca - slovenski izdelek - 500% dnevnega vnosa<\/title>\n<meta name=\"description\" content=\"Vitamin D, 1000 IU, 25 \u00b5g, 500% priporo\u010denega dnevnega vnosa v kapsuli. Za normalno delovanje imunskega sistem. Za zdrave kosti in zobe.\" \/>\n<meta name=\"robots\" content=\"index, follow, max-snippet:-1, max-image-preview:large, max-video-preview:-1\" \/>\n<link rel=\"canonical\" href=\"https:\/\/sen-shop.com\/sl\/collections\/prehranska-dopolnila\/sklepi-in-misice1\/kapsule-vitamin-d\/\" \/>\n<meta property=\"og:locale\" content=\"sl_SI\" \/>\n<meta property=\"og:type\" content=\"article\" \/>\n<meta property=\"og:title\" content=\"Vitamin D - vitamin sonca - slovenski izdelek - 500% dnevnega vnosa\" \/>\n<meta property=\"og:description\" content=\"Vitamin D, 1000 IU, 25 \u00b5g, 500% priporo\u010denega dnevnega vnosa v kapsuli. Za normalno delovanje imunskega sistem. Za zdrave kosti in zobe.\" \/>\n<meta property=\"og:url\" content=\"https:\/\/sen-shop.com\/sl\/collections\/prehranska-dopolnila\/sklepi-in-misice1\/kapsule-vitamin-d\/\" \/>\n<meta property=\"og:site_name\" content=\"SEN Shop\" \/>\n<meta property=\"article:publisher\" content=\"https:\/\/www.facebook.com\/Senshopslovenija\" \/>\n<meta property=\"article:modified_time\" content=\"2026-03-02T10:49:06+00:00\" \/>\n<meta property=\"og:image\" content=\"https:\/\/sen-shop.com\/wp-content\/uploads\/2020\/10\/Vitamin-D3-NIJZ-imunska-zascita-korona-virus.png\" \/>\n\t<meta property=\"og:image:width\" content=\"700\" \/>\n\t<meta property=\"og:image:height\" content=\"700\" \/>\n\t<meta property=\"og:image:type\" content=\"image\/png\" \/>\n<meta name=\"twitter:card\" content=\"summary_large_image\" \/>\n<meta name=\"twitter:label1\" content=\"Est. reading time\" \/>\n\t<meta name=\"twitter:data1\" content=\"2 minuti\" \/>\n<script type=\"application\/ld+json\" class=\"yoast-schema-graph\">{\"@context\":\"https:\/\/schema.org\",\"@graph\":[{\"@type\":\"WebPage\",\"@id\":\"https:\/\/sen-shop.com\/sl\/collections\/prehranska-dopolnila\/sklepi-in-misice1\/kapsule-vitamin-d\/\",\"url\":\"https:\/\/sen-shop.com\/sl\/collections\/prehranska-dopolnila\/sklepi-in-misice1\/kapsule-vitamin-d\/\",\"name\":\"Vitamin D - vitamin sonca - slovenski izdelek - 500% dnevnega vnosa\",\"isPartOf\":{\"@id\":\"https:\/\/sen-shop.com\/sl\/#website\"},\"datePublished\":\"2020-10-22T11:29:03+00:00\",\"dateModified\":\"2026-03-02T10:49:06+00:00\",\"description\":\"Vitamin D, 1000 IU, 25 \u00b5g, 500% priporo\u010denega dnevnega vnosa v kapsuli. Za normalno delovanje imunskega sistem. Za zdrave kosti in zobe.\",\"breadcrumb\":{\"@id\":\"https:\/\/sen-shop.com\/sl\/collections\/prehranska-dopolnila\/sklepi-in-misice1\/kapsule-vitamin-d\/#breadcrumb\"},\"inLanguage\":\"sl-SI\",\"potentialAction\":[{\"@type\":\"ReadAction\",\"target\":[\"https:\/\/sen-shop.com\/sl\/collections\/prehranska-dopolnila\/sklepi-in-misice1\/kapsule-vitamin-d\/\"]}]},{\"@type\":\"BreadcrumbList\",\"@id\":\"https:\/\/sen-shop.com\/sl\/collections\/prehranska-dopolnila\/sklepi-in-misice1\/kapsule-vitamin-d\/#breadcrumb\",\"itemListElement\":[{\"@type\":\"ListItem\",\"position\":1,\"name\":\"Home\",\"item\":\"https:\/\/sen-shop.com\/sl\/\"},{\"@type\":\"ListItem\",\"position\":2,\"name\":\"Vitamin D3, cink + selen\"}]},{\"@type\":\"WebSite\",\"@id\":\"https:\/\/sen-shop.com\/sl\/#website\",\"url\":\"https:\/\/sen-shop.com\/sl\/\",\"name\":\"SEN Shop\",\"description\":\"Slovensko, Ekolo\u0161ko, Naravno\",\"publisher\":{\"@id\":\"https:\/\/sen-shop.com\/sl\/#organization\"},\"potentialAction\":[{\"@type\":\"SearchAction\",\"target\":{\"@type\":\"EntryPoint\",\"urlTemplate\":\"https:\/\/sen-shop.com\/sl\/?s={search_term_string}\"},\"query-input\":\"required name=search_term_string\"}],\"inLanguage\":\"sl-SI\"},{\"@type\":\"Organization\",\"@id\":\"https:\/\/sen-shop.com\/sl\/#organization\",\"name\":\"Mind trade d.o.o\",\"url\":\"https:\/\/sen-shop.com\/sl\/\",\"logo\":{\"@type\":\"ImageObject\",\"inLanguage\":\"sl-SI\",\"@id\":\"https:\/\/sen-shop.com\/sl\/#\/schema\/logo\/image\/\",\"url\":\"https:\/\/sen-shop.com\/wp-content\/uploads\/2018\/05\/header_logo.png\",\"contentUrl\":\"https:\/\/sen-shop.com\/wp-content\/uploads\/2018\/05\/header_logo.png\",\"width\":138,\"height\":70,\"caption\":\"Mind trade d.o.o\"},\"image\":{\"@id\":\"https:\/\/sen-shop.com\/sl\/#\/schema\/logo\/image\/\"},\"sameAs\":[\"https:\/\/www.instagram.com\/senslovenija\/\",\"https:\/\/www.facebook.com\/Senshopslovenija\"]}]}<\/script>\n<!-- \/ Yoast SEO plugin. -->","yoast_head_json":{"title":"Vitamin D - vitamin sonca - slovenski izdelek - 500% dnevnega vnosa","description":"Vitamin D, 1000 IU, 25 \u00b5g, 500% priporo\u010denega dnevnega vnosa v kapsuli. Za normalno delovanje imunskega sistem. Za zdrave kosti in zobe.","robots":{"index":"index","follow":"follow","max-snippet":"max-snippet:-1","max-image-preview":"max-image-preview:large","max-video-preview":"max-video-preview:-1"},"canonical":"https:\/\/sen-shop.com\/sl\/collections\/prehranska-dopolnila\/sklepi-in-misice1\/kapsule-vitamin-d\/","og_locale":"sl_SI","og_type":"article","og_title":"Vitamin D - vitamin sonca - slovenski izdelek - 500% dnevnega vnosa","og_description":"Vitamin D, 1000 IU, 25 \u00b5g, 500% priporo\u010denega dnevnega vnosa v kapsuli. Za normalno delovanje imunskega sistem. Za zdrave kosti in zobe.","og_url":"https:\/\/sen-shop.com\/sl\/collections\/prehranska-dopolnila\/sklepi-in-misice1\/kapsule-vitamin-d\/","og_site_name":"SEN Shop","article_publisher":"https:\/\/www.facebook.com\/Senshopslovenija","article_modified_time":"2026-03-02T10:49:06+00:00","og_image":[{"width":700,"height":700,"url":"https:\/\/sen-shop.com\/wp-content\/uploads\/2020\/10\/Vitamin-D3-NIJZ-imunska-zascita-korona-virus.png","type":"image\/png"}],"twitter_card":"summary_large_image","twitter_misc":{"Est. reading time":"2 minuti"},"schema":{"@context":"https:\/\/schema.org","@graph":[{"@type":"WebPage","@id":"https:\/\/sen-shop.com\/sl\/collections\/prehranska-dopolnila\/sklepi-in-misice1\/kapsule-vitamin-d\/","url":"https:\/\/sen-shop.com\/sl\/collections\/prehranska-dopolnila\/sklepi-in-misice1\/kapsule-vitamin-d\/","name":"Vitamin D - vitamin sonca - slovenski izdelek - 500% dnevnega vnosa","isPartOf":{"@id":"https:\/\/sen-shop.com\/sl\/#website"},"datePublished":"2020-10-22T11:29:03+00:00","dateModified":"2026-03-02T10:49:06+00:00","description":"Vitamin D, 1000 IU, 25 \u00b5g, 500% priporo\u010denega dnevnega vnosa v kapsuli. Za normalno delovanje imunskega sistem. Za zdrave kosti in zobe.","breadcrumb":{"@id":"https:\/\/sen-shop.com\/sl\/collections\/prehranska-dopolnila\/sklepi-in-misice1\/kapsule-vitamin-d\/#breadcrumb"},"inLanguage":"sl-SI","potentialAction":[{"@type":"ReadAction","target":["https:\/\/sen-shop.com\/sl\/collections\/prehranska-dopolnila\/sklepi-in-misice1\/kapsule-vitamin-d\/"]}]},{"@type":"BreadcrumbList","@id":"https:\/\/sen-shop.com\/sl\/collections\/prehranska-dopolnila\/sklepi-in-misice1\/kapsule-vitamin-d\/#breadcrumb","itemListElement":[{"@type":"ListItem","position":1,"name":"Home","item":"https:\/\/sen-shop.com\/sl\/"},{"@type":"ListItem","position":2,"name":"Vitamin D3, cink + selen"}]},{"@type":"WebSite","@id":"https:\/\/sen-shop.com\/sl\/#website","url":"https:\/\/sen-shop.com\/sl\/","name":"SEN Shop","description":"Slovensko, Ekolo\u0161ko, Naravno","publisher":{"@id":"https:\/\/sen-shop.com\/sl\/#organization"},"potentialAction":[{"@type":"SearchAction","target":{"@type":"EntryPoint","urlTemplate":"https:\/\/sen-shop.com\/sl\/?s={search_term_string}"},"query-input":"required name=search_term_string"}],"inLanguage":"sl-SI"},{"@type":"Organization","@id":"https:\/\/sen-shop.com\/sl\/#organization","name":"Mind trade d.o.o","url":"https:\/\/sen-shop.com\/sl\/","logo":{"@type":"ImageObject","inLanguage":"sl-SI","@id":"https:\/\/sen-shop.com\/sl\/#\/schema\/logo\/image\/","url":"https:\/\/sen-shop.com\/wp-content\/uploads\/2018\/05\/header_logo.png","contentUrl":"https:\/\/sen-shop.com\/wp-content\/uploads\/2018\/05\/header_logo.png","width":138,"height":70,"caption":"Mind trade d.o.o"},"image":{"@id":"https:\/\/sen-shop.com\/sl\/#\/schema\/logo\/image\/"},"sameAs":["https:\/\/www.instagram.com\/senslovenija\/","https:\/\/www.facebook.com\/Senshopslovenija"]}]}},"_links":{"self":[{"href":"https:\/\/sen-shop.com\/sl\/wp-json\/wp\/v2\/product\/23304","targetHints":{"allow":["GET"]}}],"collection":[{"href":"https:\/\/sen-shop.com\/sl\/wp-json\/wp\/v2\/product"}],"about":[{"href":"https:\/\/sen-shop.com\/sl\/wp-json\/wp\/v2\/types\/product"}],"replies":[{"embeddable":true,"href":"https:\/\/sen-shop.com\/sl\/wp-json\/wp\/v2\/comments?post=23304"}],"wp:featuredmedia":[{"embeddable":true,"href":"https:\/\/sen-shop.com\/sl\/wp-json\/wp\/v2\/media\/25576"}],"wp:attachment":[{"href":"https:\/\/sen-shop.com\/sl\/wp-json\/wp\/v2\/media?parent=23304"}],"wp:term":[{"taxonomy":"product_cat","embeddable":true,"href":"https:\/\/sen-shop.com\/sl\/wp-json\/wp\/v2\/product_cat?post=23304"},{"taxonomy":"product_tag","embeddable":true,"href":"https:\/\/sen-shop.com\/sl\/wp-json\/wp\/v2\/product_tag?post=23304"}],"curies":[{"name":"wp","href":"https:\/\/api.w.org\/{rel}","templated":true}]}}