{"id":226,"date":"2017-05-22T11:29:21","date_gmt":"2017-05-22T09:29:21","guid":{"rendered":"https:\/\/www.sen-shop.com\/?post_type=product&#038;p=226"},"modified":"2026-03-02T11:57:18","modified_gmt":"2026-03-02T10:57:18","slug":"magnezijevo-olje","status":"publish","type":"product","link":"https:\/\/sen-shop.com\/sl\/collections\/osebna-nega\/nega-telesa\/magnezijevo-olje\/","title":{"rendered":"Magnezijevo olje"},"content":{"rendered":"<p>[vc_row][vc_column][vc_column_text css=&#8221;.vc_custom_1624882867548{padding-top: 30px !important;padding-right: 30px !important;padding-bottom: 30px !important;padding-left: 30px !important;background-color: #c9db95 !important;}&#8221;]<\/p>\n<h1>Magnezijevo olje<\/h1>\n<p>Magnezij je eden najpomembnej\u0161ih mineralov, ki ga potrebuje vsaka celica v telesu. Vklju\u010den je v kar 300 presnovnih procesov. Ve\u010dina ljudi z obi\u010dajno dieto ne dobi zadostne koli\u010dine magnezija. Ocenjujejo, da odrasli zau\u017eijejo s povpre\u010dno prehrano le 66% potrebne koli\u010dine magnezija. Zanimivo in manj znano dejstvo je, da lahko pomanjkanje magnezija odpravimo tudi z lokalnim nanosom magnezija na ko\u017eo &#8211; magnezijevo olje.[\/vc_column_text][\/vc_column][\/vc_row][vc_row][vc_column][vc_column_text css=&#8221;.vc_custom_1624882883474{padding-top: 30px !important;padding-right: 30px !important;padding-bottom: 30px !important;padding-left: 30px !important;background-color: #ededed !important;}&#8221;]LOKALNA UPORABA MAGNEZIJA JE U\u010cINKOVITEJ\u0160A KOT ORALNA<\/p>\n<p>Ali ste vedeli, da je <strong>u\u010dinek magnezija bolj\u0161i in hitrej\u0161i<\/strong>, \u010de se <strong>absorbira skozi ko\u017eo<\/strong>? \u010ce ga jemljemo oralno, mora preden pride do celic, najprej skozi \u017eelodec in prebavila. Zaradi \u017eelod\u010dne kisline in prebavnih encimov se njegova biorazpolo\u017eljivost mo\u010dno zmanj\u0161a. Magnezij lahko deluje bolje in hitreje, \u010de ga nanesemo lokalno &#8211; v telo se absorbira skoraj v trenutku.<\/p>\n<p>Magnezij je zanimiva rudnina, ki se uporablja v medicinske namene \u017ee vse od 19. stoletja. Takrat so ga predpisovali za nevtralizacijo razli\u010dnih strupov (kislin in arzena), pa tudi kot odvajalo ter zoper te\u017eave, povezane s pretiranim izlo\u010danjem \u017eelod\u010dne kisline, za kar ga uporabljamo \u0161e danes.\u00a0V na\u0161em telesu je magnezij pomemben gradnik\u00a0kosti, celi\u010dnih membran\u00a0in nosilcev dednih informacij \u2013\u00a0kromosomov. Poleg strukturnih pa opravlja tudi \u0161iroko paleto \u017eivljenjsko pomembnih presnovnih nalog. Potreben je za\u00a0komunikacijo med celicami\u00a0in sodeluje pri\u00a0ve\u010d sto metaboli\u010dnih procesih. Dejavno je povezan s\u00a0tvorbo DNK, beljakovin\u00a0in\u00a0antioksidantov (glutation) ter \u00a0glavne\u00a0energetske molekule\u00a0v na\u0161em telesu \u2013 ATP .[\/vc_column_text][\/vc_column][\/vc_row][vc_row][vc_column][vc_column_text]<\/p>\n<h4>Prisotnost magenzija<\/h4>\n<p>Prisotnost magnezija je nujna za nemoteno prevajanje\u00a0\u017eiv\u010dnih impulzov,\u00a0kr\u010denje mi\u0161ic\u00a0in\u00a0reden sr\u010dni utrip. Ve\u010d o magneziju si lahko preberete v prispevku <strong><span style=\"color: #8c189b;\"><a href=\"https:\/\/sen-shop.com\/blogs\/naravna-resitev-za-bolecine-v-misicah-in-misicne-krce\/\">TUKAJ<\/a>.\u00a0<\/span><\/strong><\/p>\n<p>\u0160tudija dr. Normana Shealyja iz Ameri\u0161kega holisti\u010dnega zdravni\u0161kega zdru\u017eenja (AHMA) je pokazala, da lahko vsakodnevna lokalna uporaba magnezijevega olja povi\u0161a raven magnezija v telesu za kar 75 %!<\/p>\n<p>Magnezijevo olje vsebuje poleg magnezija (Mg ionov) tudi naraven glicerin in BIO hidrolat ro\u017emarina ter naravna izvle\u010dka arnike in vra\u017ejega kremplja.<a href=\"https:\/\/sen-shop.com\/wp-content\/uploads\/2017\/05\/mag-olje.png\"><img loading=\"lazy\" decoding=\"async\" class=\" wp-image-7172 alignright\" src=\"https:\/\/sen-shop.com\/wp-content\/uploads\/2017\/05\/mag-olje.png\" alt=\"\" width=\"337\" height=\"478\" srcset=\"https:\/\/sen-shop.com\/wp-content\/uploads\/2017\/05\/mag-olje.png 528w, https:\/\/sen-shop.com\/wp-content\/uploads\/2017\/05\/mag-olje-211x300.png 211w, https:\/\/sen-shop.com\/wp-content\/uploads\/2017\/05\/mag-olje-35x50.png 35w, https:\/\/sen-shop.com\/wp-content\/uploads\/2017\/05\/mag-olje-42x60.png 42w\" sizes=\"auto, (max-width: 337px) 100vw, 337px\" \/><\/a><\/p>\n<p>Olje ne vsebuje parfumov, barvil, parabenov, petrokemi\u010dnih kemikalij in sinteti\u010dnih konzervansov.<\/p>\n<p>Vsebina:<\/p>\n<p>Magnezijevo olje, arnika, vra\u017eji krempelj in BIO hidrolat ro\u017emarina.<\/p>\n<p>Zakaj je magnezij tako pomemben v na\u0161em \u017eivljenju si lahko preberete <a href=\"https:\/\/www.bodieko.si\/magnezij\">TUKAJ.\u00a0<\/a>[\/vc_column_text][\/vc_column][\/vc_row]<\/p>\n","protected":false},"excerpt":{"rendered":"<p><img decoding=\"async\" class=\"emoji\" role=\"img\" draggable=\"false\" src=\"https:\/\/s.w.org\/images\/core\/emoji\/17.0.2\/svg\/1f31f.svg\" alt=\"\ud83c\udf1f\" \/> <strong data-start=\"81\" data-end=\"102\">Preselili smo se!<\/strong> <img decoding=\"async\" class=\"emoji\" role=\"img\" draggable=\"false\" src=\"https:\/\/s.w.org\/images\/core\/emoji\/17.0.2\/svg\/1f31f.svg\" alt=\"\ud83c\udf1f\" \/><br data-start=\"105\" data-end=\"108\" \/>Za \u0161e bolj\u0161o izku\u0161njo nakupovanja nas zdaj najdete na <strong data-start=\"162\" data-end=\"207\"><a class=\"decorated-link\" href=\"http:\/\/www.sen-shop.si\/\" target=\"_new\" rel=\"noopener\" data-start=\"164\" data-end=\"205\">www.sen-shop.si<\/a><\/strong>!<\/p>\n<p>Naravno magnezijevo olje <strong>sprosti mi\u0161ice.<\/strong> Pomanjkanje magnezija je poglaviten vzrok za nastanek glavobolov, nespe\u010dnosti in utrujenosti. Magnezijevo olje je namenjeno vsem, ki so izpostavljeni stresu ter <strong>fizi\u010dno aktivnim osebam<\/strong> in<strong> \u0161portnikom<\/strong>. Z enostavnim nanosom na ko\u017eo, boste telesu hitro zagotovili dovolj energije za vsakodnevno premagovanje stresnih situacij.<\/p>\n[banner_zeliscni]\n","protected":false},"featured_media":25947,"comment_status":"open","ping_status":"closed","template":"","meta":{"inline_featured_image":false},"product_cat":[55,75,56,365,198],"product_tag":[87,251,265,267,259,268,269,270,260,271,273,276,257,278,125,279,289,89,256,96],"class_list":["post-226","product","type-product","status-publish","has-post-thumbnail","hentry","product_cat-domaca-stran","product_cat-nega-telesa","product_cat-osebna-nega","product_cat-crni-petek","product_cat-sklepi-in-misice","product_tag-bio","product_tag-bio-kozmetika","product_tag-bolec-hrbet","product_tag-bolece-noge","product_tag-boleci-sklepi","product_tag-bolecina-v-kolku","product_tag-bolecina-v-levi-roki","product_tag-bolecina-v-rami","product_tag-bolecine-v-krizu","product_tag-bolecine-v-mecih","product_tag-bolecine-v-nogah","product_tag-bolecine-v-vratu","product_tag-ekoloska-kozmetika","product_tag-isias","product_tag-magnezij","product_tag-krci-v-misicah","product_tag-misice-in-sklepi","product_tag-naravna-kozmetika","product_tag-pomoc-pri-glavobolu","product_tag-slovenska-naravna-kozmetika"],"acf":[],"yoast_head":"<!-- This site is optimized with the Yoast SEO plugin v19.13 - https:\/\/yoast.com\/wordpress\/plugins\/seo\/ -->\n<title>Magnezijevo olje 100% naravno proti utrujenosti. Magnezij Sen Shop<\/title>\n<meta name=\"description\" content=\"Magnezijevo olje sprosti mi\u0161ice. Prepre\u010duje nastanek glavobolov, nespe\u010dnosti in utrujenosti. Najvi\u0161ja kakovost. Garancija zadovoljstva.\" \/>\n<meta name=\"robots\" content=\"index, follow, max-snippet:-1, max-image-preview:large, max-video-preview:-1\" \/>\n<link rel=\"canonical\" href=\"https:\/\/sen-shop.com\/sl\/collections\/osebna-nega\/nega-telesa\/magnezijevo-olje\/\" \/>\n<meta property=\"og:locale\" content=\"sl_SI\" \/>\n<meta property=\"og:type\" content=\"article\" \/>\n<meta property=\"og:title\" content=\"Magnezijevo olje 100% naravno proti utrujenosti. Magnezij Sen Shop\" \/>\n<meta property=\"og:description\" content=\"Magnezijevo olje sprosti mi\u0161ice. Prepre\u010duje nastanek glavobolov, nespe\u010dnosti in utrujenosti. Najvi\u0161ja kakovost. Garancija zadovoljstva.\" \/>\n<meta property=\"og:url\" content=\"https:\/\/sen-shop.com\/sl\/collections\/osebna-nega\/nega-telesa\/magnezijevo-olje\/\" \/>\n<meta property=\"og:site_name\" content=\"SEN Shop\" \/>\n<meta property=\"article:publisher\" content=\"https:\/\/www.facebook.com\/Senshopslovenija\" \/>\n<meta property=\"article:modified_time\" content=\"2026-03-02T10:57:18+00:00\" \/>\n<meta property=\"og:image\" content=\"https:\/\/sen-shop.com\/wp-content\/uploads\/2017\/05\/magnezijevo-olje-arnika-vrazji-krempelj-za-sportnike.jpg\" \/>\n\t<meta property=\"og:image:width\" content=\"1000\" \/>\n\t<meta property=\"og:image:height\" content=\"1143\" \/>\n\t<meta property=\"og:image:type\" content=\"image\/jpeg\" \/>\n<meta name=\"twitter:card\" content=\"summary_large_image\" \/>\n<meta name=\"twitter:label1\" content=\"Est. reading time\" \/>\n\t<meta name=\"twitter:data1\" content=\"3 minute\" \/>\n<script type=\"application\/ld+json\" class=\"yoast-schema-graph\">{\"@context\":\"https:\/\/schema.org\",\"@graph\":[{\"@type\":\"WebPage\",\"@id\":\"https:\/\/sen-shop.com\/sl\/collections\/osebna-nega\/nega-telesa\/magnezijevo-olje\/\",\"url\":\"https:\/\/sen-shop.com\/sl\/collections\/osebna-nega\/nega-telesa\/magnezijevo-olje\/\",\"name\":\"Magnezijevo olje 100% naravno proti utrujenosti. Magnezij Sen Shop\",\"isPartOf\":{\"@id\":\"https:\/\/sen-shop.com\/sl\/#website\"},\"datePublished\":\"2017-05-22T09:29:21+00:00\",\"dateModified\":\"2026-03-02T10:57:18+00:00\",\"description\":\"Magnezijevo olje sprosti mi\u0161ice. Prepre\u010duje nastanek glavobolov, nespe\u010dnosti in utrujenosti. Najvi\u0161ja kakovost. Garancija zadovoljstva.\",\"breadcrumb\":{\"@id\":\"https:\/\/sen-shop.com\/sl\/collections\/osebna-nega\/nega-telesa\/magnezijevo-olje\/#breadcrumb\"},\"inLanguage\":\"sl-SI\",\"potentialAction\":[{\"@type\":\"ReadAction\",\"target\":[\"https:\/\/sen-shop.com\/sl\/collections\/osebna-nega\/nega-telesa\/magnezijevo-olje\/\"]}]},{\"@type\":\"BreadcrumbList\",\"@id\":\"https:\/\/sen-shop.com\/sl\/collections\/osebna-nega\/nega-telesa\/magnezijevo-olje\/#breadcrumb\",\"itemListElement\":[{\"@type\":\"ListItem\",\"position\":1,\"name\":\"Home\",\"item\":\"https:\/\/sen-shop.com\/sl\/\"},{\"@type\":\"ListItem\",\"position\":2,\"name\":\"Magnezijevo olje\"}]},{\"@type\":\"WebSite\",\"@id\":\"https:\/\/sen-shop.com\/sl\/#website\",\"url\":\"https:\/\/sen-shop.com\/sl\/\",\"name\":\"SEN Shop\",\"description\":\"Slovensko, Ekolo\u0161ko, Naravno\",\"publisher\":{\"@id\":\"https:\/\/sen-shop.com\/sl\/#organization\"},\"potentialAction\":[{\"@type\":\"SearchAction\",\"target\":{\"@type\":\"EntryPoint\",\"urlTemplate\":\"https:\/\/sen-shop.com\/sl\/?s={search_term_string}\"},\"query-input\":\"required name=search_term_string\"}],\"inLanguage\":\"sl-SI\"},{\"@type\":\"Organization\",\"@id\":\"https:\/\/sen-shop.com\/sl\/#organization\",\"name\":\"Mind trade d.o.o\",\"url\":\"https:\/\/sen-shop.com\/sl\/\",\"logo\":{\"@type\":\"ImageObject\",\"inLanguage\":\"sl-SI\",\"@id\":\"https:\/\/sen-shop.com\/sl\/#\/schema\/logo\/image\/\",\"url\":\"https:\/\/sen-shop.com\/wp-content\/uploads\/2018\/05\/header_logo.png\",\"contentUrl\":\"https:\/\/sen-shop.com\/wp-content\/uploads\/2018\/05\/header_logo.png\",\"width\":138,\"height\":70,\"caption\":\"Mind trade d.o.o\"},\"image\":{\"@id\":\"https:\/\/sen-shop.com\/sl\/#\/schema\/logo\/image\/\"},\"sameAs\":[\"https:\/\/www.instagram.com\/senslovenija\/\",\"https:\/\/www.facebook.com\/Senshopslovenija\"]}]}<\/script>\n<!-- \/ Yoast SEO plugin. -->","yoast_head_json":{"title":"Magnezijevo olje 100% naravno proti utrujenosti. Magnezij Sen Shop","description":"Magnezijevo olje sprosti mi\u0161ice. Prepre\u010duje nastanek glavobolov, nespe\u010dnosti in utrujenosti. Najvi\u0161ja kakovost. Garancija zadovoljstva.","robots":{"index":"index","follow":"follow","max-snippet":"max-snippet:-1","max-image-preview":"max-image-preview:large","max-video-preview":"max-video-preview:-1"},"canonical":"https:\/\/sen-shop.com\/sl\/collections\/osebna-nega\/nega-telesa\/magnezijevo-olje\/","og_locale":"sl_SI","og_type":"article","og_title":"Magnezijevo olje 100% naravno proti utrujenosti. Magnezij Sen Shop","og_description":"Magnezijevo olje sprosti mi\u0161ice. Prepre\u010duje nastanek glavobolov, nespe\u010dnosti in utrujenosti. Najvi\u0161ja kakovost. Garancija zadovoljstva.","og_url":"https:\/\/sen-shop.com\/sl\/collections\/osebna-nega\/nega-telesa\/magnezijevo-olje\/","og_site_name":"SEN Shop","article_publisher":"https:\/\/www.facebook.com\/Senshopslovenija","article_modified_time":"2026-03-02T10:57:18+00:00","og_image":[{"width":1000,"height":1143,"url":"https:\/\/sen-shop.com\/wp-content\/uploads\/2017\/05\/magnezijevo-olje-arnika-vrazji-krempelj-za-sportnike.jpg","type":"image\/jpeg"}],"twitter_card":"summary_large_image","twitter_misc":{"Est. reading time":"3 minute"},"schema":{"@context":"https:\/\/schema.org","@graph":[{"@type":"WebPage","@id":"https:\/\/sen-shop.com\/sl\/collections\/osebna-nega\/nega-telesa\/magnezijevo-olje\/","url":"https:\/\/sen-shop.com\/sl\/collections\/osebna-nega\/nega-telesa\/magnezijevo-olje\/","name":"Magnezijevo olje 100% naravno proti utrujenosti. Magnezij Sen Shop","isPartOf":{"@id":"https:\/\/sen-shop.com\/sl\/#website"},"datePublished":"2017-05-22T09:29:21+00:00","dateModified":"2026-03-02T10:57:18+00:00","description":"Magnezijevo olje sprosti mi\u0161ice. Prepre\u010duje nastanek glavobolov, nespe\u010dnosti in utrujenosti. Najvi\u0161ja kakovost. Garancija zadovoljstva.","breadcrumb":{"@id":"https:\/\/sen-shop.com\/sl\/collections\/osebna-nega\/nega-telesa\/magnezijevo-olje\/#breadcrumb"},"inLanguage":"sl-SI","potentialAction":[{"@type":"ReadAction","target":["https:\/\/sen-shop.com\/sl\/collections\/osebna-nega\/nega-telesa\/magnezijevo-olje\/"]}]},{"@type":"BreadcrumbList","@id":"https:\/\/sen-shop.com\/sl\/collections\/osebna-nega\/nega-telesa\/magnezijevo-olje\/#breadcrumb","itemListElement":[{"@type":"ListItem","position":1,"name":"Home","item":"https:\/\/sen-shop.com\/sl\/"},{"@type":"ListItem","position":2,"name":"Magnezijevo olje"}]},{"@type":"WebSite","@id":"https:\/\/sen-shop.com\/sl\/#website","url":"https:\/\/sen-shop.com\/sl\/","name":"SEN Shop","description":"Slovensko, Ekolo\u0161ko, Naravno","publisher":{"@id":"https:\/\/sen-shop.com\/sl\/#organization"},"potentialAction":[{"@type":"SearchAction","target":{"@type":"EntryPoint","urlTemplate":"https:\/\/sen-shop.com\/sl\/?s={search_term_string}"},"query-input":"required name=search_term_string"}],"inLanguage":"sl-SI"},{"@type":"Organization","@id":"https:\/\/sen-shop.com\/sl\/#organization","name":"Mind trade d.o.o","url":"https:\/\/sen-shop.com\/sl\/","logo":{"@type":"ImageObject","inLanguage":"sl-SI","@id":"https:\/\/sen-shop.com\/sl\/#\/schema\/logo\/image\/","url":"https:\/\/sen-shop.com\/wp-content\/uploads\/2018\/05\/header_logo.png","contentUrl":"https:\/\/sen-shop.com\/wp-content\/uploads\/2018\/05\/header_logo.png","width":138,"height":70,"caption":"Mind trade d.o.o"},"image":{"@id":"https:\/\/sen-shop.com\/sl\/#\/schema\/logo\/image\/"},"sameAs":["https:\/\/www.instagram.com\/senslovenija\/","https:\/\/www.facebook.com\/Senshopslovenija"]}]}},"_links":{"self":[{"href":"https:\/\/sen-shop.com\/sl\/wp-json\/wp\/v2\/product\/226","targetHints":{"allow":["GET"]}}],"collection":[{"href":"https:\/\/sen-shop.com\/sl\/wp-json\/wp\/v2\/product"}],"about":[{"href":"https:\/\/sen-shop.com\/sl\/wp-json\/wp\/v2\/types\/product"}],"replies":[{"embeddable":true,"href":"https:\/\/sen-shop.com\/sl\/wp-json\/wp\/v2\/comments?post=226"}],"wp:featuredmedia":[{"embeddable":true,"href":"https:\/\/sen-shop.com\/sl\/wp-json\/wp\/v2\/media\/25947"}],"wp:attachment":[{"href":"https:\/\/sen-shop.com\/sl\/wp-json\/wp\/v2\/media?parent=226"}],"wp:term":[{"taxonomy":"product_cat","embeddable":true,"href":"https:\/\/sen-shop.com\/sl\/wp-json\/wp\/v2\/product_cat?post=226"},{"taxonomy":"product_tag","embeddable":true,"href":"https:\/\/sen-shop.com\/sl\/wp-json\/wp\/v2\/product_tag?post=226"}],"curies":[{"name":"wp","href":"https:\/\/api.w.org\/{rel}","templated":true}]}}