{"id":222,"date":"2017-10-19T08:40:37","date_gmt":"2017-10-19T06:40:37","guid":{"rendered":"https:\/\/www.sen-shop.com\/?post_type=product&#038;p=222"},"modified":"2026-03-02T11:43:11","modified_gmt":"2026-03-02T10:43:11","slug":"maca-ginseng-za-vec-energije-in-boljse-pocutje","status":"publish","type":"product","link":"https:\/\/sen-shop.com\/sl\/collections\/prehranska-dopolnila\/tezave-s-spominom-in-koncentracijo\/maca-ginseng-za-vec-energije-in-boljse-pocutje\/","title":{"rendered":"Maca, Ginseng, za ve\u010d energije"},"content":{"rendered":"<p>[vc_row][vc_column][vc_column_text css=&#8221;.vc_custom_1625566081451{padding-top: 30px !important;padding-right: 30px !important;padding-bottom: 30px !important;padding-left: 30px !important;background-color: #c9db95 !important;}&#8221;]<\/p>\n<h4>Maca, Ginseng<\/h4>\n<p>Nenavadne mo\u010di hormonov\u00a0so poznane\u00a0vsem, ob\u010dutimo pa jih lahko kot sre\u010do, jezo, \u017ealost, zaljubljenost\u00a0itn. Zato je toliko bolj dragocena naravna pomo\u010d v obliki rastlin, ki\u00a0pomagajo\u00a0uravnavati izlo\u010danje hormonov v telesu in na ta na\u010din prepre\u010dijo prevelika razpolo\u017eenjska nihanja. Med njimi sta maca in ginseng.<\/p>\n<p><strong>Maca<\/strong> ima pomembno vlogo pri pove\u010devanju odpornosti, dovajanju energije, krepitvi imunskega sistema in prepre\u010devanju stresa. Pozitivno vpliva na hormonski sistem, ta pa na vse ostalo: metabolizem, energijsko stanje organizma, rast, spolno mo\u010d in splo\u0161no po\u010dutje. Najbolje pa je, da Maca sama ne vsebuje hormonov, ampak v sebi le skriva snovi, ki v telesu na popolnoma naraven na\u010din uravnavajo izlo\u010danje hormonov v primernih koli\u010dinah.<\/p>\n<p>U\u010dinkovitost korenine <strong>ginseng<\/strong>\u00a0je znanstveno potrdila tudi medicina. Aktivne u\u010dinkovine ginsenga pomagajo telesu, da se la\u017eje prilagodi na dejavnike, ki spro\u017eijo stres. Novej\u0161e raziskave so potrdile, da ginseng izbolj\u0161a presnovo in prenos kisika v tkiva in tako pripomore k ve\u010dji psihi\u010dni zmogljivosti za premagovanje stresa, ve\u010dji umski storilnosti (izbolj\u0161a spomin in sposobnost u\u010denja), ve\u010dji telesni vzdr\u017eljivosti in \u017eivljenjski mo\u010di. Dolgotrajno jemanje ginsenga izbolj\u0161a razpolo\u017eenje, splo\u0161no po\u010dutje in vitalnost ter kakovost \u017eivljenja.<\/p>\n<p>[\/vc_column_text][\/vc_column][\/vc_row][vc_row][vc_column][vc_column_text css=&#8221;.vc_custom_1625566099387{padding-top: 30px !important;padding-right: 30px !important;padding-bottom: 30px !important;padding-left: 30px !important;background-color: #ededed !important;}&#8221;]<strong>PRIPORO\u010cENA DNEVNA KOLI\u010cINA<\/strong>: Ena kapsula na dan, z dovolj teko\u010dine.<\/p>\n<p>[\/vc_column_text][\/vc_column][\/vc_row][vc_row][vc_column][vc_column_text]<strong>VSEBINA:<\/strong> Vsebina: 60\u00a0kapsul<br \/>\nNeto koli\u010dina: 29,4 g. Vsebina ene\u00a0kapsule:\u00a0Ekstrakt korenine mace 4:1 300,00 mg, ekstrakt korenine ginsenga 100,00 mg.[\/vc_column_text][\/vc_column][\/vc_row]<\/p>\n","protected":false},"excerpt":{"rendered":"<p><img decoding=\"async\" class=\"emoji\" role=\"img\" draggable=\"false\" src=\"https:\/\/s.w.org\/images\/core\/emoji\/17.0.2\/svg\/1f31f.svg\" alt=\"\ud83c\udf1f\" \/> <strong data-start=\"81\" data-end=\"102\">Preselili smo se!<\/strong> <img decoding=\"async\" class=\"emoji\" role=\"img\" draggable=\"false\" src=\"https:\/\/s.w.org\/images\/core\/emoji\/17.0.2\/svg\/1f31f.svg\" alt=\"\ud83c\udf1f\" \/><br data-start=\"105\" data-end=\"108\" \/>Za \u0161e bolj\u0161o izku\u0161njo nakupovanja nas zdaj najdete na <strong data-start=\"162\" data-end=\"207\"><a class=\"decorated-link\" href=\"http:\/\/www.sen-shop.si\/\" target=\"_new\" rel=\"noopener\" data-start=\"164\" data-end=\"205\">www.sen-shop.si<\/a><\/strong>!<\/p>\n<p>Aktivne u\u010dinkovine <strong>ginsenga<\/strong> pomagajo\u00a0telesu, da se la\u017eje prilagodi na dejavnike, ki\u00a0spro\u017eijo stres. Ginseng pomaga izbolj\u0161ati\u00a0presnovo in prenos kisika v tkiva in tako\u00a0pripomore k ve\u010dji psihi\u010dni zmogljivosti za\u00a0premagovanje stresa in umski storilnosti.\u00a0<strong>Maca<\/strong> izjemno ugodno deluje na trenutno po\u010dutje, ki ga je, po besedah mnogih u\u017eivalcev, mogo\u010de za\u010dutiti prakti\u010dno takoj, ko jo za\u010dnemo jemati.<\/p>\n<ul>\n<li>Maco so uporabljali \u017ee starodavni Inki kot naravni afrodiziak,\u00a0 za dalj\u0161o vzdr\u017eljivost ali kot po\u017eivilo pred vstopom na boji\u0161\u010de.<\/li>\n<li>Maca hrani endokrini sistem, pomaga \u017elezam in \u0161\u010ditnici, zaradi tega lahko vpliva na pomembne hormone pri mo\u0161kih in \u017eenskah, \u010deprav sama ne vsebuje hormonov.<\/li>\n<li><strong>vsebuje 60 razli\u010dnih fitohranil in 31 razli\u010dnih mineralov, vsebuje tudi glukozinolate &#8211; spojine, ki vplivajo na plodnost pri mo\u0161kih in \u017eenskah.<\/strong><\/li>\n<\/ul>\n","protected":false},"featured_media":25566,"comment_status":"open","ping_status":"closed","template":"","meta":{"inline_featured_image":false},"product_cat":[69,84,68,70,365],"product_tag":[123,253,87,255,122,254,110,121,217],"class_list":["post-222","product","type-product","status-publish","has-post-thumbnail","hentry","product_cat-menopavza","product_cat-prehranska-dopolnila","product_cat-tezave-s-spominom-in-koncentracijo","product_cat-utrujenost","product_cat-crni-petek","product_tag-analizator","product_tag-analizator-telesne-teze","product_tag-bio","product_tag-osebna-digitalna-tehtnica","product_tag-tehtnica","product_tag-nakup-tanite","product_tag-prehranska-dopolnila","product_tag-tanita","product_tag-tezave-s-spominom"],"acf":[],"yoast_head":"<!-- This site is optimized with the Yoast SEO plugin v19.13 - https:\/\/yoast.com\/wordpress\/plugins\/seo\/ -->\n<title>Kapsule Maca, Ginseng, za ve\u010d energije in bolj\u0161e po\u010dutje. Sen Shop<\/title>\n<meta name=\"description\" content=\"Ginseng in maca imata aktivne u\u010dinkovine, ki pomagajo\u00a0telesu, da se la\u017eje prilagodi na dejavnike, ki\u00a0spro\u017eijo stres. Garancija zadovoljstva. Hitra dostava.\" \/>\n<meta name=\"robots\" content=\"index, follow, max-snippet:-1, max-image-preview:large, max-video-preview:-1\" \/>\n<link rel=\"canonical\" href=\"https:\/\/sen-shop.com\/sl\/collections\/prehranska-dopolnila\/tezave-s-spominom-in-koncentracijo\/maca-ginseng-za-vec-energije-in-boljse-pocutje\/\" \/>\n<meta property=\"og:locale\" content=\"sl_SI\" \/>\n<meta property=\"og:type\" content=\"article\" \/>\n<meta property=\"og:title\" content=\"Kapsule Maca, Ginseng, za ve\u010d energije in bolj\u0161e po\u010dutje. Sen Shop\" \/>\n<meta property=\"og:description\" content=\"Ginseng in maca imata aktivne u\u010dinkovine, ki pomagajo\u00a0telesu, da se la\u017eje prilagodi na dejavnike, ki\u00a0spro\u017eijo stres. Garancija zadovoljstva. Hitra dostava.\" \/>\n<meta property=\"og:url\" content=\"https:\/\/sen-shop.com\/sl\/collections\/prehranska-dopolnila\/tezave-s-spominom-in-koncentracijo\/maca-ginseng-za-vec-energije-in-boljse-pocutje\/\" \/>\n<meta property=\"og:site_name\" content=\"SEN Shop\" \/>\n<meta property=\"article:publisher\" content=\"https:\/\/www.facebook.com\/Senshopslovenija\" \/>\n<meta property=\"article:modified_time\" content=\"2026-03-02T10:43:11+00:00\" \/>\n<meta property=\"og:image\" content=\"https:\/\/sen-shop.com\/wp-content\/uploads\/2017\/10\/maca-ginseng-za-energijo.png\" \/>\n\t<meta property=\"og:image:width\" content=\"700\" \/>\n\t<meta property=\"og:image:height\" content=\"700\" \/>\n\t<meta property=\"og:image:type\" content=\"image\/png\" \/>\n<meta name=\"twitter:card\" content=\"summary_large_image\" \/>\n<meta name=\"twitter:label1\" content=\"Est. reading time\" \/>\n\t<meta name=\"twitter:data1\" content=\"2 minuti\" \/>\n<script type=\"application\/ld+json\" class=\"yoast-schema-graph\">{\"@context\":\"https:\/\/schema.org\",\"@graph\":[{\"@type\":\"WebPage\",\"@id\":\"https:\/\/sen-shop.com\/sl\/collections\/prehranska-dopolnila\/tezave-s-spominom-in-koncentracijo\/maca-ginseng-za-vec-energije-in-boljse-pocutje\/\",\"url\":\"https:\/\/sen-shop.com\/sl\/collections\/prehranska-dopolnila\/tezave-s-spominom-in-koncentracijo\/maca-ginseng-za-vec-energije-in-boljse-pocutje\/\",\"name\":\"Kapsule Maca, Ginseng, za ve\u010d energije in bolj\u0161e po\u010dutje. Sen Shop\",\"isPartOf\":{\"@id\":\"https:\/\/sen-shop.com\/sl\/#website\"},\"datePublished\":\"2017-10-19T06:40:37+00:00\",\"dateModified\":\"2026-03-02T10:43:11+00:00\",\"description\":\"Ginseng in maca imata aktivne u\u010dinkovine, ki pomagajo\u00a0telesu, da se la\u017eje prilagodi na dejavnike, ki\u00a0spro\u017eijo stres. Garancija zadovoljstva. Hitra dostava.\",\"breadcrumb\":{\"@id\":\"https:\/\/sen-shop.com\/sl\/collections\/prehranska-dopolnila\/tezave-s-spominom-in-koncentracijo\/maca-ginseng-za-vec-energije-in-boljse-pocutje\/#breadcrumb\"},\"inLanguage\":\"sl-SI\",\"potentialAction\":[{\"@type\":\"ReadAction\",\"target\":[\"https:\/\/sen-shop.com\/sl\/collections\/prehranska-dopolnila\/tezave-s-spominom-in-koncentracijo\/maca-ginseng-za-vec-energije-in-boljse-pocutje\/\"]}]},{\"@type\":\"BreadcrumbList\",\"@id\":\"https:\/\/sen-shop.com\/sl\/collections\/prehranska-dopolnila\/tezave-s-spominom-in-koncentracijo\/maca-ginseng-za-vec-energije-in-boljse-pocutje\/#breadcrumb\",\"itemListElement\":[{\"@type\":\"ListItem\",\"position\":1,\"name\":\"Home\",\"item\":\"https:\/\/sen-shop.com\/sl\/\"},{\"@type\":\"ListItem\",\"position\":2,\"name\":\"Maca, Ginseng, za ve\u010d energije\"}]},{\"@type\":\"WebSite\",\"@id\":\"https:\/\/sen-shop.com\/sl\/#website\",\"url\":\"https:\/\/sen-shop.com\/sl\/\",\"name\":\"SEN Shop\",\"description\":\"Slovensko, Ekolo\u0161ko, Naravno\",\"publisher\":{\"@id\":\"https:\/\/sen-shop.com\/sl\/#organization\"},\"potentialAction\":[{\"@type\":\"SearchAction\",\"target\":{\"@type\":\"EntryPoint\",\"urlTemplate\":\"https:\/\/sen-shop.com\/sl\/?s={search_term_string}\"},\"query-input\":\"required name=search_term_string\"}],\"inLanguage\":\"sl-SI\"},{\"@type\":\"Organization\",\"@id\":\"https:\/\/sen-shop.com\/sl\/#organization\",\"name\":\"Mind trade d.o.o\",\"url\":\"https:\/\/sen-shop.com\/sl\/\",\"logo\":{\"@type\":\"ImageObject\",\"inLanguage\":\"sl-SI\",\"@id\":\"https:\/\/sen-shop.com\/sl\/#\/schema\/logo\/image\/\",\"url\":\"https:\/\/sen-shop.com\/wp-content\/uploads\/2018\/05\/header_logo.png\",\"contentUrl\":\"https:\/\/sen-shop.com\/wp-content\/uploads\/2018\/05\/header_logo.png\",\"width\":138,\"height\":70,\"caption\":\"Mind trade d.o.o\"},\"image\":{\"@id\":\"https:\/\/sen-shop.com\/sl\/#\/schema\/logo\/image\/\"},\"sameAs\":[\"https:\/\/www.instagram.com\/senslovenija\/\",\"https:\/\/www.facebook.com\/Senshopslovenija\"]}]}<\/script>\n<!-- \/ Yoast SEO plugin. -->","yoast_head_json":{"title":"Kapsule Maca, Ginseng, za ve\u010d energije in bolj\u0161e po\u010dutje. Sen Shop","description":"Ginseng in maca imata aktivne u\u010dinkovine, ki pomagajo\u00a0telesu, da se la\u017eje prilagodi na dejavnike, ki\u00a0spro\u017eijo stres. Garancija zadovoljstva. Hitra dostava.","robots":{"index":"index","follow":"follow","max-snippet":"max-snippet:-1","max-image-preview":"max-image-preview:large","max-video-preview":"max-video-preview:-1"},"canonical":"https:\/\/sen-shop.com\/sl\/collections\/prehranska-dopolnila\/tezave-s-spominom-in-koncentracijo\/maca-ginseng-za-vec-energije-in-boljse-pocutje\/","og_locale":"sl_SI","og_type":"article","og_title":"Kapsule Maca, Ginseng, za ve\u010d energije in bolj\u0161e po\u010dutje. Sen Shop","og_description":"Ginseng in maca imata aktivne u\u010dinkovine, ki pomagajo\u00a0telesu, da se la\u017eje prilagodi na dejavnike, ki\u00a0spro\u017eijo stres. Garancija zadovoljstva. Hitra dostava.","og_url":"https:\/\/sen-shop.com\/sl\/collections\/prehranska-dopolnila\/tezave-s-spominom-in-koncentracijo\/maca-ginseng-za-vec-energije-in-boljse-pocutje\/","og_site_name":"SEN Shop","article_publisher":"https:\/\/www.facebook.com\/Senshopslovenija","article_modified_time":"2026-03-02T10:43:11+00:00","og_image":[{"width":700,"height":700,"url":"https:\/\/sen-shop.com\/wp-content\/uploads\/2017\/10\/maca-ginseng-za-energijo.png","type":"image\/png"}],"twitter_card":"summary_large_image","twitter_misc":{"Est. reading time":"2 minuti"},"schema":{"@context":"https:\/\/schema.org","@graph":[{"@type":"WebPage","@id":"https:\/\/sen-shop.com\/sl\/collections\/prehranska-dopolnila\/tezave-s-spominom-in-koncentracijo\/maca-ginseng-za-vec-energije-in-boljse-pocutje\/","url":"https:\/\/sen-shop.com\/sl\/collections\/prehranska-dopolnila\/tezave-s-spominom-in-koncentracijo\/maca-ginseng-za-vec-energije-in-boljse-pocutje\/","name":"Kapsule Maca, Ginseng, za ve\u010d energije in bolj\u0161e po\u010dutje. Sen Shop","isPartOf":{"@id":"https:\/\/sen-shop.com\/sl\/#website"},"datePublished":"2017-10-19T06:40:37+00:00","dateModified":"2026-03-02T10:43:11+00:00","description":"Ginseng in maca imata aktivne u\u010dinkovine, ki pomagajo\u00a0telesu, da se la\u017eje prilagodi na dejavnike, ki\u00a0spro\u017eijo stres. Garancija zadovoljstva. Hitra dostava.","breadcrumb":{"@id":"https:\/\/sen-shop.com\/sl\/collections\/prehranska-dopolnila\/tezave-s-spominom-in-koncentracijo\/maca-ginseng-za-vec-energije-in-boljse-pocutje\/#breadcrumb"},"inLanguage":"sl-SI","potentialAction":[{"@type":"ReadAction","target":["https:\/\/sen-shop.com\/sl\/collections\/prehranska-dopolnila\/tezave-s-spominom-in-koncentracijo\/maca-ginseng-za-vec-energije-in-boljse-pocutje\/"]}]},{"@type":"BreadcrumbList","@id":"https:\/\/sen-shop.com\/sl\/collections\/prehranska-dopolnila\/tezave-s-spominom-in-koncentracijo\/maca-ginseng-za-vec-energije-in-boljse-pocutje\/#breadcrumb","itemListElement":[{"@type":"ListItem","position":1,"name":"Home","item":"https:\/\/sen-shop.com\/sl\/"},{"@type":"ListItem","position":2,"name":"Maca, Ginseng, za ve\u010d energije"}]},{"@type":"WebSite","@id":"https:\/\/sen-shop.com\/sl\/#website","url":"https:\/\/sen-shop.com\/sl\/","name":"SEN Shop","description":"Slovensko, Ekolo\u0161ko, Naravno","publisher":{"@id":"https:\/\/sen-shop.com\/sl\/#organization"},"potentialAction":[{"@type":"SearchAction","target":{"@type":"EntryPoint","urlTemplate":"https:\/\/sen-shop.com\/sl\/?s={search_term_string}"},"query-input":"required name=search_term_string"}],"inLanguage":"sl-SI"},{"@type":"Organization","@id":"https:\/\/sen-shop.com\/sl\/#organization","name":"Mind trade d.o.o","url":"https:\/\/sen-shop.com\/sl\/","logo":{"@type":"ImageObject","inLanguage":"sl-SI","@id":"https:\/\/sen-shop.com\/sl\/#\/schema\/logo\/image\/","url":"https:\/\/sen-shop.com\/wp-content\/uploads\/2018\/05\/header_logo.png","contentUrl":"https:\/\/sen-shop.com\/wp-content\/uploads\/2018\/05\/header_logo.png","width":138,"height":70,"caption":"Mind trade d.o.o"},"image":{"@id":"https:\/\/sen-shop.com\/sl\/#\/schema\/logo\/image\/"},"sameAs":["https:\/\/www.instagram.com\/senslovenija\/","https:\/\/www.facebook.com\/Senshopslovenija"]}]}},"_links":{"self":[{"href":"https:\/\/sen-shop.com\/sl\/wp-json\/wp\/v2\/product\/222","targetHints":{"allow":["GET"]}}],"collection":[{"href":"https:\/\/sen-shop.com\/sl\/wp-json\/wp\/v2\/product"}],"about":[{"href":"https:\/\/sen-shop.com\/sl\/wp-json\/wp\/v2\/types\/product"}],"replies":[{"embeddable":true,"href":"https:\/\/sen-shop.com\/sl\/wp-json\/wp\/v2\/comments?post=222"}],"wp:featuredmedia":[{"embeddable":true,"href":"https:\/\/sen-shop.com\/sl\/wp-json\/wp\/v2\/media\/25566"}],"wp:attachment":[{"href":"https:\/\/sen-shop.com\/sl\/wp-json\/wp\/v2\/media?parent=222"}],"wp:term":[{"taxonomy":"product_cat","embeddable":true,"href":"https:\/\/sen-shop.com\/sl\/wp-json\/wp\/v2\/product_cat?post=222"},{"taxonomy":"product_tag","embeddable":true,"href":"https:\/\/sen-shop.com\/sl\/wp-json\/wp\/v2\/product_tag?post=222"}],"curies":[{"name":"wp","href":"https:\/\/api.w.org\/{rel}","templated":true}]}}