{"id":22156,"date":"2020-08-28T16:16:13","date_gmt":"2020-08-28T14:16:13","guid":{"rendered":"https:\/\/www.sen-shop.com\/?post_type=product&#038;p=22156"},"modified":"2026-03-27T10:19:15","modified_gmt":"2026-03-27T09:19:15","slug":"prsilo-za-lase","status":"publish","type":"product","link":"https:\/\/sen-shop.com\/sl\/collections\/osebna-nega\/nega-las\/prsilo-za-lase\/","title":{"rendered":"BIO pr\u0161ilo za lase"},"content":{"rendered":"<p>[vc_row][vc_column][vc_column_text css=&#8221;.vc_custom_1625053322795{padding-top: 30px !important;padding-right: 30px !important;padding-bottom: 30px !important;padding-left: 30px !important;background-color: #c9db95 !important;}&#8221;]<\/p>\n<h2>Pr\u0161ilo proti u\u0161em<\/h2>\n<p>Po potrebi lahko pr\u0161ilo ve\u010dkrat dnevno nanesete na \u010diste lase in lasi\u0161\u010de. Pr\u0161ila ne izpirajte in<strong> pazite, da ne zaide v predel o\u010di.<\/strong> Primerno je tudi za osve\u017eitev igra\u010d.<\/p>\n<p>Sestavine: Naravna eteri\u010dna olja BIO sivke, BIO \u010dajevca BIO limonske trave.<\/p>\n<p>[\/vc_column_text][\/vc_column][\/vc_row][vc_row][vc_column][vc_column_text css=&#8221;.vc_custom_1625053371099{padding-top: 30px !important;padding-right: 30px !important;padding-bottom: 30px !important;padding-left: 30px !important;background-color: #ededed !important;}&#8221;]Primerno za nego vseh vrst las.<\/p>\n<p>Izdelek je 100% naraven, je veganski in ni testiran na \u017eivalih. Brez parabenov, SLS sulfatov, parfumov, barvil in sinteti\u010dnih konzervansov.<\/p>\n<p>[\/vc_column_text][\/vc_column][\/vc_row][vc_row][vc_column][vc_column_text]Proizvedeno v Sloveniji.<\/p>\n<p>Koli\u010dina: 50 ml[\/vc_column_text][\/vc_column][\/vc_row]<\/p>\n","protected":false},"excerpt":{"rendered":"<p>\ud83d\udc49 <strong data-start=\"291\" data-end=\"326\">To je na\u0161a stara spletna stran. Preselili smo se! \ud83d\ude42<br \/>\n<\/strong>\u2728 Za ugodnej\u0161e cene, nove izdelke in akcije te vabimo na novo stran \u2013 ne zamudi, <a href=\"https:\/\/sen-shop.si\/?s=prsilo&amp;post_type=product\"><span style=\"color: #ff0000;\">klikni tukaj in preveri<\/span> \ud83d\udc48<\/a><\/p>\n<p>Pr\u0161ilo je primerno za <strong>otro\u0161ke lase<\/strong> in lasi\u0161\u010de zaradi svoje naravne sestave.\u00a0 Vsebuje 100% naravne sestavine, ki ugodno vplivajo na vso vrsto las. Naravna eteri\u010dna olja Sivke in \u010cajevca imata <strong>izrazit vonj<\/strong> in s tem poka\u017eeta svojo u\u010dinkovitost.<\/p>\n<p>Pr\u0161ilo lahko na lase <strong>nanesete ve\u010dkrat dnevno<\/strong>. Priporo\u010damo nanos<strong> tik pred vstopom v vrtec ali \u0161olo.<\/strong> S pr\u0161ilom lahko posprejate tudi igra\u010de.<\/p>\n[banner_zeliscni]\n","protected":false},"featured_media":25970,"comment_status":"open","ping_status":"closed","template":"","meta":{"inline_featured_image":false},"product_cat":[74,56,79,365,170],"product_tag":[],"class_list":["post-22156","product","type-product","status-publish","has-post-thumbnail","hentry","product_cat-nega-las","product_cat-osebna-nega","product_cat-otroci","product_cat-crni-petek","product_cat-nekategorizirano"],"acf":[],"yoast_head":"<!-- This site is optimized with the Yoast SEO plugin v19.13 - https:\/\/yoast.com\/wordpress\/plugins\/seo\/ -->\n<title>Pr\u0161ilo proti u\u0161em - za va\u0161e mal\u010dke - SEN slovensko in naravno<\/title>\n<meta name=\"description\" content=\"Pr\u0161ilo vsebuje eteri\u010dna olja \u010dajevca, sivke in limonske trave, ki odganjajo u\u0161i. Pr\u0161ilo nanesite na otrokovo lasi\u0161\u010de tik pred vstopom v \u0161olo ali vrtec.\" \/>\n<meta name=\"robots\" content=\"index, follow, max-snippet:-1, max-image-preview:large, max-video-preview:-1\" \/>\n<link rel=\"canonical\" href=\"https:\/\/sen-shop.com\/sl\/collections\/osebna-nega\/nega-las\/prsilo-za-lase\/\" \/>\n<meta property=\"og:locale\" content=\"sl_SI\" \/>\n<meta property=\"og:type\" content=\"article\" \/>\n<meta property=\"og:title\" content=\"Pr\u0161ilo proti u\u0161em - za va\u0161e mal\u010dke - SEN slovensko in naravno\" \/>\n<meta property=\"og:description\" content=\"Pr\u0161ilo vsebuje eteri\u010dna olja \u010dajevca, sivke in limonske trave, ki odganjajo u\u0161i. Pr\u0161ilo nanesite na otrokovo lasi\u0161\u010de tik pred vstopom v \u0161olo ali vrtec.\" \/>\n<meta property=\"og:url\" content=\"https:\/\/sen-shop.com\/sl\/collections\/osebna-nega\/nega-las\/prsilo-za-lase\/\" \/>\n<meta property=\"og:site_name\" content=\"SEN Shop\" \/>\n<meta property=\"article:publisher\" content=\"https:\/\/www.facebook.com\/Senshopslovenija\" \/>\n<meta property=\"article:modified_time\" content=\"2026-03-27T09:19:15+00:00\" \/>\n<meta property=\"og:image\" content=\"https:\/\/sen-shop.com\/wp-content\/uploads\/2020\/08\/prsilo-za-lase-proti-usem-za-otroke-1.jpg\" \/>\n\t<meta property=\"og:image:width\" content=\"1000\" \/>\n\t<meta property=\"og:image:height\" content=\"1143\" \/>\n\t<meta property=\"og:image:type\" content=\"image\/jpeg\" \/>\n<meta name=\"twitter:card\" content=\"summary_large_image\" \/>\n<meta name=\"twitter:label1\" content=\"Est. reading time\" \/>\n\t<meta name=\"twitter:data1\" content=\"1 minuta\" \/>\n<script type=\"application\/ld+json\" class=\"yoast-schema-graph\">{\"@context\":\"https:\/\/schema.org\",\"@graph\":[{\"@type\":\"WebPage\",\"@id\":\"https:\/\/sen-shop.com\/sl\/collections\/osebna-nega\/nega-las\/prsilo-za-lase\/\",\"url\":\"https:\/\/sen-shop.com\/sl\/collections\/osebna-nega\/nega-las\/prsilo-za-lase\/\",\"name\":\"Pr\u0161ilo proti u\u0161em - za va\u0161e mal\u010dke - SEN slovensko in naravno\",\"isPartOf\":{\"@id\":\"https:\/\/sen-shop.com\/sl\/#website\"},\"datePublished\":\"2020-08-28T14:16:13+00:00\",\"dateModified\":\"2026-03-27T09:19:15+00:00\",\"description\":\"Pr\u0161ilo vsebuje eteri\u010dna olja \u010dajevca, sivke in limonske trave, ki odganjajo u\u0161i. Pr\u0161ilo nanesite na otrokovo lasi\u0161\u010de tik pred vstopom v \u0161olo ali vrtec.\",\"breadcrumb\":{\"@id\":\"https:\/\/sen-shop.com\/sl\/collections\/osebna-nega\/nega-las\/prsilo-za-lase\/#breadcrumb\"},\"inLanguage\":\"sl-SI\",\"potentialAction\":[{\"@type\":\"ReadAction\",\"target\":[\"https:\/\/sen-shop.com\/sl\/collections\/osebna-nega\/nega-las\/prsilo-za-lase\/\"]}]},{\"@type\":\"BreadcrumbList\",\"@id\":\"https:\/\/sen-shop.com\/sl\/collections\/osebna-nega\/nega-las\/prsilo-za-lase\/#breadcrumb\",\"itemListElement\":[{\"@type\":\"ListItem\",\"position\":1,\"name\":\"Home\",\"item\":\"https:\/\/sen-shop.com\/sl\/\"},{\"@type\":\"ListItem\",\"position\":2,\"name\":\"BIO pr\u0161ilo za lase\"}]},{\"@type\":\"WebSite\",\"@id\":\"https:\/\/sen-shop.com\/sl\/#website\",\"url\":\"https:\/\/sen-shop.com\/sl\/\",\"name\":\"SEN Shop\",\"description\":\"Slovensko, Ekolo\u0161ko, Naravno\",\"publisher\":{\"@id\":\"https:\/\/sen-shop.com\/sl\/#organization\"},\"potentialAction\":[{\"@type\":\"SearchAction\",\"target\":{\"@type\":\"EntryPoint\",\"urlTemplate\":\"https:\/\/sen-shop.com\/sl\/?s={search_term_string}\"},\"query-input\":\"required name=search_term_string\"}],\"inLanguage\":\"sl-SI\"},{\"@type\":\"Organization\",\"@id\":\"https:\/\/sen-shop.com\/sl\/#organization\",\"name\":\"Mind trade d.o.o\",\"url\":\"https:\/\/sen-shop.com\/sl\/\",\"logo\":{\"@type\":\"ImageObject\",\"inLanguage\":\"sl-SI\",\"@id\":\"https:\/\/sen-shop.com\/sl\/#\/schema\/logo\/image\/\",\"url\":\"https:\/\/sen-shop.com\/wp-content\/uploads\/2018\/05\/header_logo.png\",\"contentUrl\":\"https:\/\/sen-shop.com\/wp-content\/uploads\/2018\/05\/header_logo.png\",\"width\":138,\"height\":70,\"caption\":\"Mind trade d.o.o\"},\"image\":{\"@id\":\"https:\/\/sen-shop.com\/sl\/#\/schema\/logo\/image\/\"},\"sameAs\":[\"https:\/\/www.instagram.com\/senslovenija\/\",\"https:\/\/www.facebook.com\/Senshopslovenija\"]}]}<\/script>\n<!-- \/ Yoast SEO plugin. -->","yoast_head_json":{"title":"Pr\u0161ilo proti u\u0161em - za va\u0161e mal\u010dke - SEN slovensko in naravno","description":"Pr\u0161ilo vsebuje eteri\u010dna olja \u010dajevca, sivke in limonske trave, ki odganjajo u\u0161i. Pr\u0161ilo nanesite na otrokovo lasi\u0161\u010de tik pred vstopom v \u0161olo ali vrtec.","robots":{"index":"index","follow":"follow","max-snippet":"max-snippet:-1","max-image-preview":"max-image-preview:large","max-video-preview":"max-video-preview:-1"},"canonical":"https:\/\/sen-shop.com\/sl\/collections\/osebna-nega\/nega-las\/prsilo-za-lase\/","og_locale":"sl_SI","og_type":"article","og_title":"Pr\u0161ilo proti u\u0161em - za va\u0161e mal\u010dke - SEN slovensko in naravno","og_description":"Pr\u0161ilo vsebuje eteri\u010dna olja \u010dajevca, sivke in limonske trave, ki odganjajo u\u0161i. Pr\u0161ilo nanesite na otrokovo lasi\u0161\u010de tik pred vstopom v \u0161olo ali vrtec.","og_url":"https:\/\/sen-shop.com\/sl\/collections\/osebna-nega\/nega-las\/prsilo-za-lase\/","og_site_name":"SEN Shop","article_publisher":"https:\/\/www.facebook.com\/Senshopslovenija","article_modified_time":"2026-03-27T09:19:15+00:00","og_image":[{"width":1000,"height":1143,"url":"https:\/\/sen-shop.com\/wp-content\/uploads\/2020\/08\/prsilo-za-lase-proti-usem-za-otroke-1.jpg","type":"image\/jpeg"}],"twitter_card":"summary_large_image","twitter_misc":{"Est. reading time":"1 minuta"},"schema":{"@context":"https:\/\/schema.org","@graph":[{"@type":"WebPage","@id":"https:\/\/sen-shop.com\/sl\/collections\/osebna-nega\/nega-las\/prsilo-za-lase\/","url":"https:\/\/sen-shop.com\/sl\/collections\/osebna-nega\/nega-las\/prsilo-za-lase\/","name":"Pr\u0161ilo proti u\u0161em - za va\u0161e mal\u010dke - SEN slovensko in naravno","isPartOf":{"@id":"https:\/\/sen-shop.com\/sl\/#website"},"datePublished":"2020-08-28T14:16:13+00:00","dateModified":"2026-03-27T09:19:15+00:00","description":"Pr\u0161ilo vsebuje eteri\u010dna olja \u010dajevca, sivke in limonske trave, ki odganjajo u\u0161i. Pr\u0161ilo nanesite na otrokovo lasi\u0161\u010de tik pred vstopom v \u0161olo ali vrtec.","breadcrumb":{"@id":"https:\/\/sen-shop.com\/sl\/collections\/osebna-nega\/nega-las\/prsilo-za-lase\/#breadcrumb"},"inLanguage":"sl-SI","potentialAction":[{"@type":"ReadAction","target":["https:\/\/sen-shop.com\/sl\/collections\/osebna-nega\/nega-las\/prsilo-za-lase\/"]}]},{"@type":"BreadcrumbList","@id":"https:\/\/sen-shop.com\/sl\/collections\/osebna-nega\/nega-las\/prsilo-za-lase\/#breadcrumb","itemListElement":[{"@type":"ListItem","position":1,"name":"Home","item":"https:\/\/sen-shop.com\/sl\/"},{"@type":"ListItem","position":2,"name":"BIO pr\u0161ilo za lase"}]},{"@type":"WebSite","@id":"https:\/\/sen-shop.com\/sl\/#website","url":"https:\/\/sen-shop.com\/sl\/","name":"SEN Shop","description":"Slovensko, Ekolo\u0161ko, Naravno","publisher":{"@id":"https:\/\/sen-shop.com\/sl\/#organization"},"potentialAction":[{"@type":"SearchAction","target":{"@type":"EntryPoint","urlTemplate":"https:\/\/sen-shop.com\/sl\/?s={search_term_string}"},"query-input":"required name=search_term_string"}],"inLanguage":"sl-SI"},{"@type":"Organization","@id":"https:\/\/sen-shop.com\/sl\/#organization","name":"Mind trade d.o.o","url":"https:\/\/sen-shop.com\/sl\/","logo":{"@type":"ImageObject","inLanguage":"sl-SI","@id":"https:\/\/sen-shop.com\/sl\/#\/schema\/logo\/image\/","url":"https:\/\/sen-shop.com\/wp-content\/uploads\/2018\/05\/header_logo.png","contentUrl":"https:\/\/sen-shop.com\/wp-content\/uploads\/2018\/05\/header_logo.png","width":138,"height":70,"caption":"Mind trade d.o.o"},"image":{"@id":"https:\/\/sen-shop.com\/sl\/#\/schema\/logo\/image\/"},"sameAs":["https:\/\/www.instagram.com\/senslovenija\/","https:\/\/www.facebook.com\/Senshopslovenija"]}]}},"_links":{"self":[{"href":"https:\/\/sen-shop.com\/sl\/wp-json\/wp\/v2\/product\/22156","targetHints":{"allow":["GET"]}}],"collection":[{"href":"https:\/\/sen-shop.com\/sl\/wp-json\/wp\/v2\/product"}],"about":[{"href":"https:\/\/sen-shop.com\/sl\/wp-json\/wp\/v2\/types\/product"}],"replies":[{"embeddable":true,"href":"https:\/\/sen-shop.com\/sl\/wp-json\/wp\/v2\/comments?post=22156"}],"wp:featuredmedia":[{"embeddable":true,"href":"https:\/\/sen-shop.com\/sl\/wp-json\/wp\/v2\/media\/25970"}],"wp:attachment":[{"href":"https:\/\/sen-shop.com\/sl\/wp-json\/wp\/v2\/media?parent=22156"}],"wp:term":[{"taxonomy":"product_cat","embeddable":true,"href":"https:\/\/sen-shop.com\/sl\/wp-json\/wp\/v2\/product_cat?post=22156"},{"taxonomy":"product_tag","embeddable":true,"href":"https:\/\/sen-shop.com\/sl\/wp-json\/wp\/v2\/product_tag?post=22156"}],"curies":[{"name":"wp","href":"https:\/\/api.w.org\/{rel}","templated":true}]}}