{"id":21723,"date":"2020-07-28T12:10:58","date_gmt":"2020-07-28T10:10:58","guid":{"rendered":"https:\/\/www.sen-shop.com\/?post_type=product&#038;p=21723"},"modified":"2021-11-04T15:01:40","modified_gmt":"2021-11-04T14:01:40","slug":"darilo-ob-nakupu-zemagel-2","status":"publish","type":"product","link":"https:\/\/sen-shop.com\/sl\/collections\/nekategorizirano\/darilo-ob-nakupu-zemagel-2\/","title":{"rendered":"(Darilo ob nakupu) Zemagel"},"content":{"rendered":"<p>Darilo ob nakupu<\/p>\n<p>&nbsp;<\/p>\n","protected":false},"excerpt":{"rendered":"<p>Darilo ob nakupu<\/p>\n<p>Ob nakupu vam podarimo 5ml Zemagela.<\/p>\n<p><strong>SESTAVA:<\/strong><\/p>\n<p><strong>U\u010cINKOVINE, SESTAVA:\u00a0<\/strong>Naravna eteri\u010dna olja BIO \u010dajevca*, evkalipta, timijana, brina, bora ter ekstrakt mentola in kafre v naravni rastlinski \u00bbgel osnovi\u00ab, ki ne masti ko\u017ee in perila.<\/p>\n<p><strong>Evkalipt<\/strong>\u00a0<em>je najve\u010dje drevo v skupini listnatih dreves. Deluje antisepti\u010dno.<\/em><br \/>\n<strong>Brin<\/strong>\u00a0<em>pozivno delujejo na mokrila in dihala. \u00a0<\/em><br \/>\n<strong>Mentol<\/strong>\u00a0<em>stimulira ko\u017ene receptorje za mraz, kar omogo\u010da hladilni ob\u010dutek.<\/em><br \/>\n<strong>Kafra<\/strong>\u00a0<em>odvra\u010da\u00a0ka\u010de\u00a0in druge plazilce zaradi mo\u010dnega vonja. Prav tako je strupena za \u017eu\u017eelke in zato deluje kot\u00a0repelent.<\/em><br \/>\n<em>Zemagel ne vsebuje dodanih parfumov, petrokemi\u010dnih kemikalij, barvil, in parabenov!<\/em><\/p>\n<p>\u010ce \u017eeli\u0161 ve\u010d vedeti o izdelku klikni <strong><a href=\"https:\/\/sen-shop.com\/collections\/osebna-nega\/sklepi-in-misice\/zemagel-masazni-gel-bolecine-v-kolku-opekline\/\">TUKAJ.<\/a><\/strong><\/p>\n<p><strong>Kako dodam darilo v ko\u0161arico?<\/strong> V ko\u0161arici pod sliko darila kliknite gumb <strong><a href=\"https:\/\/sen-shop.com\/kosarica\/\">DARILO V KO\u0160ARICO &gt;&gt;<\/a><\/strong><\/p>\n","protected":false},"featured_media":21724,"comment_status":"closed","ping_status":"closed","template":"","meta":{"inline_featured_image":false},"product_cat":[170],"product_tag":[],"class_list":["post-21723","product","type-product","status-publish","has-post-thumbnail","hentry","product_cat-nekategorizirano"],"acf":[],"yoast_head":"<!-- This site is optimized with the Yoast SEO plugin v19.13 - https:\/\/yoast.com\/wordpress\/plugins\/seo\/ -->\n<title>(Darilo ob nakupu) Zemagel - SEN Shop<\/title>\n<meta name=\"robots\" content=\"index, follow, max-snippet:-1, max-image-preview:large, max-video-preview:-1\" \/>\n<link rel=\"canonical\" href=\"https:\/\/sen-shop.com\/sl\/collections\/nekategorizirano\/darilo-ob-nakupu-zemagel-2\/\" \/>\n<meta property=\"og:locale\" content=\"sl_SI\" \/>\n<meta property=\"og:type\" content=\"article\" \/>\n<meta property=\"og:title\" content=\"(Darilo ob nakupu) Zemagel - SEN Shop\" \/>\n<meta property=\"og:description\" content=\"Darilo ob nakupu  Ob nakupu vam podarimo 5ml Zemagela.  SESTAVA:  U\u010cINKOVINE, SESTAVA:\u00a0Naravna eteri\u010dna olja BIO \u010dajevca*, evkalipta, timijana, brina, bora ter ekstrakt mentola in kafre v naravni rastlinski \u00bbgel osnovi\u00ab, ki ne masti ko\u017ee in perila.  Evkalipt\u00a0je najve\u010dje drevo v skupini listnatih dreves. Deluje antisepti\u010dno. Brin\u00a0pozivno delujejo na mokrila in dihala. \u00a0 Mentol\u00a0stimulira ko\u017ene receptorje za mraz, kar omogo\u010da hladilni ob\u010dutek. Kafra\u00a0odvra\u010da\u00a0ka\u010de\u00a0in druge plazilce zaradi mo\u010dnega vonja. Prav tako je strupena za \u017eu\u017eelke in zato deluje kot\u00a0repelent. Zemagel ne vsebuje dodanih parfumov, petrokemi\u010dnih kemikalij, barvil, in parabenov!  \u010ce \u017eeli\u0161 ve\u010d vedeti o izdelku klikni TUKAJ.  Kako dodam darilo v ko\u0161arico? V ko\u0161arici pod sliko darila kliknite gumb DARILO V KO\u0160ARICO &gt;&gt;\" \/>\n<meta property=\"og:url\" content=\"https:\/\/sen-shop.com\/sl\/collections\/nekategorizirano\/darilo-ob-nakupu-zemagel-2\/\" \/>\n<meta property=\"og:site_name\" content=\"SEN Shop\" \/>\n<meta property=\"article:publisher\" content=\"https:\/\/www.facebook.com\/Senshopslovenija\" \/>\n<meta property=\"article:modified_time\" content=\"2021-11-04T14:01:40+00:00\" \/>\n<meta property=\"og:image\" content=\"https:\/\/sen-shop.com\/wp-content\/uploads\/2020\/07\/darilo-zemagel-vzorec-mini.png\" \/>\n\t<meta property=\"og:image:width\" content=\"700\" \/>\n\t<meta property=\"og:image:height\" content=\"800\" \/>\n\t<meta property=\"og:image:type\" content=\"image\/png\" \/>\n<meta name=\"twitter:card\" content=\"summary_large_image\" \/>\n<script type=\"application\/ld+json\" class=\"yoast-schema-graph\">{\"@context\":\"https:\/\/schema.org\",\"@graph\":[{\"@type\":\"WebPage\",\"@id\":\"https:\/\/sen-shop.com\/sl\/collections\/nekategorizirano\/darilo-ob-nakupu-zemagel-2\/\",\"url\":\"https:\/\/sen-shop.com\/sl\/collections\/nekategorizirano\/darilo-ob-nakupu-zemagel-2\/\",\"name\":\"(Darilo ob nakupu) Zemagel - SEN Shop\",\"isPartOf\":{\"@id\":\"https:\/\/sen-shop.com\/sl\/#website\"},\"datePublished\":\"2020-07-28T10:10:58+00:00\",\"dateModified\":\"2021-11-04T14:01:40+00:00\",\"breadcrumb\":{\"@id\":\"https:\/\/sen-shop.com\/sl\/collections\/nekategorizirano\/darilo-ob-nakupu-zemagel-2\/#breadcrumb\"},\"inLanguage\":\"sl-SI\",\"potentialAction\":[{\"@type\":\"ReadAction\",\"target\":[\"https:\/\/sen-shop.com\/sl\/collections\/nekategorizirano\/darilo-ob-nakupu-zemagel-2\/\"]}]},{\"@type\":\"BreadcrumbList\",\"@id\":\"https:\/\/sen-shop.com\/sl\/collections\/nekategorizirano\/darilo-ob-nakupu-zemagel-2\/#breadcrumb\",\"itemListElement\":[{\"@type\":\"ListItem\",\"position\":1,\"name\":\"Home\",\"item\":\"https:\/\/sen-shop.com\/sl\/\"},{\"@type\":\"ListItem\",\"position\":2,\"name\":\"(Darilo ob nakupu) Zemagel\"}]},{\"@type\":\"WebSite\",\"@id\":\"https:\/\/sen-shop.com\/sl\/#website\",\"url\":\"https:\/\/sen-shop.com\/sl\/\",\"name\":\"SEN Shop\",\"description\":\"Slovensko, Ekolo\u0161ko, Naravno\",\"publisher\":{\"@id\":\"https:\/\/sen-shop.com\/sl\/#organization\"},\"potentialAction\":[{\"@type\":\"SearchAction\",\"target\":{\"@type\":\"EntryPoint\",\"urlTemplate\":\"https:\/\/sen-shop.com\/sl\/?s={search_term_string}\"},\"query-input\":\"required name=search_term_string\"}],\"inLanguage\":\"sl-SI\"},{\"@type\":\"Organization\",\"@id\":\"https:\/\/sen-shop.com\/sl\/#organization\",\"name\":\"Mind trade d.o.o\",\"url\":\"https:\/\/sen-shop.com\/sl\/\",\"logo\":{\"@type\":\"ImageObject\",\"inLanguage\":\"sl-SI\",\"@id\":\"https:\/\/sen-shop.com\/sl\/#\/schema\/logo\/image\/\",\"url\":\"https:\/\/sen-shop.com\/wp-content\/uploads\/2018\/05\/header_logo.png\",\"contentUrl\":\"https:\/\/sen-shop.com\/wp-content\/uploads\/2018\/05\/header_logo.png\",\"width\":138,\"height\":70,\"caption\":\"Mind trade d.o.o\"},\"image\":{\"@id\":\"https:\/\/sen-shop.com\/sl\/#\/schema\/logo\/image\/\"},\"sameAs\":[\"https:\/\/www.instagram.com\/senslovenija\/\",\"https:\/\/www.facebook.com\/Senshopslovenija\"]}]}<\/script>\n<!-- \/ Yoast SEO plugin. -->","yoast_head_json":{"title":"(Darilo ob nakupu) Zemagel - SEN Shop","robots":{"index":"index","follow":"follow","max-snippet":"max-snippet:-1","max-image-preview":"max-image-preview:large","max-video-preview":"max-video-preview:-1"},"canonical":"https:\/\/sen-shop.com\/sl\/collections\/nekategorizirano\/darilo-ob-nakupu-zemagel-2\/","og_locale":"sl_SI","og_type":"article","og_title":"(Darilo ob nakupu) Zemagel - SEN Shop","og_description":"Darilo ob nakupu  Ob nakupu vam podarimo 5ml Zemagela.  SESTAVA:  U\u010cINKOVINE, SESTAVA:\u00a0Naravna eteri\u010dna olja BIO \u010dajevca*, evkalipta, timijana, brina, bora ter ekstrakt mentola in kafre v naravni rastlinski \u00bbgel osnovi\u00ab, ki ne masti ko\u017ee in perila.  Evkalipt\u00a0je najve\u010dje drevo v skupini listnatih dreves. Deluje antisepti\u010dno. Brin\u00a0pozivno delujejo na mokrila in dihala. \u00a0 Mentol\u00a0stimulira ko\u017ene receptorje za mraz, kar omogo\u010da hladilni ob\u010dutek. Kafra\u00a0odvra\u010da\u00a0ka\u010de\u00a0in druge plazilce zaradi mo\u010dnega vonja. Prav tako je strupena za \u017eu\u017eelke in zato deluje kot\u00a0repelent. Zemagel ne vsebuje dodanih parfumov, petrokemi\u010dnih kemikalij, barvil, in parabenov!  \u010ce \u017eeli\u0161 ve\u010d vedeti o izdelku klikni TUKAJ.  Kako dodam darilo v ko\u0161arico? V ko\u0161arici pod sliko darila kliknite gumb DARILO V KO\u0160ARICO &gt;&gt;","og_url":"https:\/\/sen-shop.com\/sl\/collections\/nekategorizirano\/darilo-ob-nakupu-zemagel-2\/","og_site_name":"SEN Shop","article_publisher":"https:\/\/www.facebook.com\/Senshopslovenija","article_modified_time":"2021-11-04T14:01:40+00:00","og_image":[{"width":700,"height":800,"url":"https:\/\/sen-shop.com\/wp-content\/uploads\/2020\/07\/darilo-zemagel-vzorec-mini.png","type":"image\/png"}],"twitter_card":"summary_large_image","schema":{"@context":"https:\/\/schema.org","@graph":[{"@type":"WebPage","@id":"https:\/\/sen-shop.com\/sl\/collections\/nekategorizirano\/darilo-ob-nakupu-zemagel-2\/","url":"https:\/\/sen-shop.com\/sl\/collections\/nekategorizirano\/darilo-ob-nakupu-zemagel-2\/","name":"(Darilo ob nakupu) Zemagel - SEN Shop","isPartOf":{"@id":"https:\/\/sen-shop.com\/sl\/#website"},"datePublished":"2020-07-28T10:10:58+00:00","dateModified":"2021-11-04T14:01:40+00:00","breadcrumb":{"@id":"https:\/\/sen-shop.com\/sl\/collections\/nekategorizirano\/darilo-ob-nakupu-zemagel-2\/#breadcrumb"},"inLanguage":"sl-SI","potentialAction":[{"@type":"ReadAction","target":["https:\/\/sen-shop.com\/sl\/collections\/nekategorizirano\/darilo-ob-nakupu-zemagel-2\/"]}]},{"@type":"BreadcrumbList","@id":"https:\/\/sen-shop.com\/sl\/collections\/nekategorizirano\/darilo-ob-nakupu-zemagel-2\/#breadcrumb","itemListElement":[{"@type":"ListItem","position":1,"name":"Home","item":"https:\/\/sen-shop.com\/sl\/"},{"@type":"ListItem","position":2,"name":"(Darilo ob nakupu) Zemagel"}]},{"@type":"WebSite","@id":"https:\/\/sen-shop.com\/sl\/#website","url":"https:\/\/sen-shop.com\/sl\/","name":"SEN Shop","description":"Slovensko, Ekolo\u0161ko, Naravno","publisher":{"@id":"https:\/\/sen-shop.com\/sl\/#organization"},"potentialAction":[{"@type":"SearchAction","target":{"@type":"EntryPoint","urlTemplate":"https:\/\/sen-shop.com\/sl\/?s={search_term_string}"},"query-input":"required name=search_term_string"}],"inLanguage":"sl-SI"},{"@type":"Organization","@id":"https:\/\/sen-shop.com\/sl\/#organization","name":"Mind trade d.o.o","url":"https:\/\/sen-shop.com\/sl\/","logo":{"@type":"ImageObject","inLanguage":"sl-SI","@id":"https:\/\/sen-shop.com\/sl\/#\/schema\/logo\/image\/","url":"https:\/\/sen-shop.com\/wp-content\/uploads\/2018\/05\/header_logo.png","contentUrl":"https:\/\/sen-shop.com\/wp-content\/uploads\/2018\/05\/header_logo.png","width":138,"height":70,"caption":"Mind trade d.o.o"},"image":{"@id":"https:\/\/sen-shop.com\/sl\/#\/schema\/logo\/image\/"},"sameAs":["https:\/\/www.instagram.com\/senslovenija\/","https:\/\/www.facebook.com\/Senshopslovenija"]}]}},"_links":{"self":[{"href":"https:\/\/sen-shop.com\/sl\/wp-json\/wp\/v2\/product\/21723","targetHints":{"allow":["GET"]}}],"collection":[{"href":"https:\/\/sen-shop.com\/sl\/wp-json\/wp\/v2\/product"}],"about":[{"href":"https:\/\/sen-shop.com\/sl\/wp-json\/wp\/v2\/types\/product"}],"replies":[{"embeddable":true,"href":"https:\/\/sen-shop.com\/sl\/wp-json\/wp\/v2\/comments?post=21723"}],"wp:featuredmedia":[{"embeddable":true,"href":"https:\/\/sen-shop.com\/sl\/wp-json\/wp\/v2\/media\/21724"}],"wp:attachment":[{"href":"https:\/\/sen-shop.com\/sl\/wp-json\/wp\/v2\/media?parent=21723"}],"wp:term":[{"taxonomy":"product_cat","embeddable":true,"href":"https:\/\/sen-shop.com\/sl\/wp-json\/wp\/v2\/product_cat?post=21723"},{"taxonomy":"product_tag","embeddable":true,"href":"https:\/\/sen-shop.com\/sl\/wp-json\/wp\/v2\/product_tag?post=21723"}],"curies":[{"name":"wp","href":"https:\/\/api.w.org\/{rel}","templated":true}]}}