{"id":216,"date":"2018-05-21T15:25:08","date_gmt":"2018-05-21T13:25:08","guid":{"rendered":"https:\/\/www.sen-shop.com\/?post_type=product&#038;p=216"},"modified":"2026-03-02T12:00:48","modified_gmt":"2026-03-02T11:00:48","slug":"tanita-rd-545","status":"publish","type":"product","link":"https:\/\/sen-shop.com\/sl\/collections\/tanita-analizatorji-telesne-sestave\/tehtnica-tanita-osebna-raba\/tanita-rd-545\/","title":{"rendered":"TANITA RD-545"},"content":{"rendered":"<h4>Analizator telesne sestave Tanita RD 545<\/h4>\n<p>Predstavljamo vam najbolj\u0161i osebni analizator telesne sestave na trgu. S pomo\u010djo\u00a0dvo-frekven\u010dne tehnologije\u00a0je mo\u017eno vse\u00a0spremembe in napredek v meritvah <strong>analizirati medicinsko natan\u010dno<\/strong>. Tanita tehtnica je namenjena \u0161e posebej\u00a0za vrhunske \u0161portnike\u00a0in\u00a0bodybuilder-je\u00a0ter vse ki si \u017eelijo najvi\u0161ji nivo storitve.<\/p>\n<p class=\"p3\">Tanita tehtnica RD-545 ima <strong>4 spominska mesta z\u00a0avtomati\u010dnim prepoznavanjem uporabnika<\/strong>. Preprosto samo stopite nanj in vas bo <strong>samodejno prepoznal ter izvedel meritev.<\/strong> Tako vam ni potrebno nenehno vna\u0161ati svojih podatkov.<\/p>\n<p class=\"p3\">Meritev se <strong>prenese v va\u0161 pametni telefon<\/strong>, kjer lahko preko aplikacije <strong>my Tanita app<\/strong> spremljate meritve, nastavljate cilje ipd.<\/p>\n<p>&nbsp;<\/p>\n<h4>RD-545 VAM PRIKA\u017dE:<\/h4>\n<ul>\n<li><strong>te\u017eo<\/strong><\/li>\n<\/ul>\n<ul>\n<li><strong>dele\u017e telesne ma\u0161\u010dobe<\/strong> &#8211; Zni\u017eanje ravni odve\u010dne telesne ma\u0161\u010dobe zni\u017ea tveganje za dolo\u010dena bolezenska stanja kot so: visok krvni pritisk, sr\u010dne bolezni, sladkorna bolezen in rak. Aplikacija MyTanita vam takoj izpi\u0161e ali spadate v zdravo ali kriti\u010dno skupino.<\/li>\n<\/ul>\n<div id=\"attachment_6765\" style=\"width: 409px\" class=\"wp-caption alignright\"><a href=\"https:\/\/sen-shop.com\/wp-content\/uploads\/2018\/05\/ocena-postave-tanita.png\"><img loading=\"lazy\" decoding=\"async\" aria-describedby=\"caption-attachment-6765\" class=\"wp-image-6765 \" src=\"https:\/\/sen-shop.com\/wp-content\/uploads\/2018\/05\/ocena-postave-tanita.png\" alt=\"\" width=\"399\" height=\"400\" srcset=\"https:\/\/sen-shop.com\/wp-content\/uploads\/2018\/05\/ocena-postave-tanita.png 314w, https:\/\/sen-shop.com\/wp-content\/uploads\/2018\/05\/ocena-postave-tanita-100x100.png 100w, https:\/\/sen-shop.com\/wp-content\/uploads\/2018\/05\/ocena-postave-tanita-300x300.png 300w, https:\/\/sen-shop.com\/wp-content\/uploads\/2018\/05\/ocena-postave-tanita-275x275.png 275w, https:\/\/sen-shop.com\/wp-content\/uploads\/2018\/05\/ocena-postave-tanita-50x50.png 50w, https:\/\/sen-shop.com\/wp-content\/uploads\/2018\/05\/ocena-postave-tanita-60x60.png 60w\" sizes=\"auto, (max-width: 399px) 100vw, 399px\" \/><\/a><p id=\"caption-attachment-6765\" class=\"wp-caption-text\"><strong>Ocena postave. V katero skupino spadate?<\/strong><\/p><\/div>\n<ul>\n<li><strong>dele\u017e vode v telesu<\/strong> &#8211; Odstotek vode v telesu je skupna koli\u010dina teko\u010dine v telesu osebe, izra\u017eena v odstotku skupne te\u017ee. \u010ce naenkrat spijete veliko koli\u010dino vode, to ne bo takoj vplivalo na va\u0161o raven vode v telesu. Pravzaprav bo od\u010ditek va\u0161e telesne ma\u0161\u010dobe zaradi tega vi\u0161ji zaradi dodatne te\u017ee. <strong>Dovolj vode v telesu pomeni normalno delovanje organov.<\/strong><\/li>\n<\/ul>\n<p>&nbsp;<\/p>\n<ul>\n<li><strong>mi\u0161i\u010dno maso<\/strong> &#8211; preverite koliko mi\u0161i\u010dne mase ste pridelali v \u010dasu treningov &#8211; <strong>ali je va\u0161 trening sploh u\u010dinkovit?<\/strong> &#8211; Mi\u0161ice imajo pomembno vlogo, saj so kot stroj, ki porablja energijo. Z zvi\u0161anjem mi\u0161i\u010dne mase se zvi\u0161a tudi poraba energije, kar omogo\u010da<strong> izgubo odve\u010dne telesne ma\u0161\u010dobe<\/strong> in izgubo telesne te\u017ee na zdrav na\u010din.<\/li>\n<\/ul>\n<p>&nbsp;<\/p>\n<ul>\n<li><strong>kakovost mi\u0161ic<\/strong> &#8211; ocena kakovosti mi\u0161ic predstavlja kakovost\/stanje mi\u0161ic, ki se spreminja glede na dejavnike, kot sta starost in telesna pripravljenost. Merilnik telesne sestave InnerScan Dual uporablja 2 razli\u010dni frekvenci za merjenje bioelektri\u010dne impedance, ti rezultati pa se uporabljajo za oceno stanja mi\u0161ic z oceno kakovosti mi\u0161ic. <strong>Pomembno je ohranjati dobro ravnovesje med mi\u0161i\u010dno maso in kakovostjo mi\u0161ic.<\/strong><\/li>\n<\/ul>\n<p>&nbsp;<\/p>\n<ul>\n<li><strong>indikator ocene postave<\/strong> &#8211; ta funkcija oceni va\u0161o postavo kot<strong> razmerje med telesno ma\u0161\u010dobo in mi\u0161i\u010dno maso<\/strong> v va\u0161em telesu. \u010ce postanete bolj aktivni in zmanj\u0161ate koli\u010dino telesne ma\u0161\u010dobe se ustrezno spremeni tudi ocena va\u0161e postave. Tudi \u010de se va\u0161a te\u017ea ne spremeni, se va\u0161a mi\u0161i\u010dna masa in telesna ma\u0161\u010doba lahko spreminjata, zaradi \u010desar<strong> postajate bolj zdravi<\/strong>, tveganje, da zbolite za dolo\u010dene bolezni, pa se zni\u017euje. <strong>Aplikacija MyTanita vam takoj prika\u017ee ali spadate v zdravo ali kriti\u010dno skupino.<\/strong><\/li>\n<\/ul>\n<ul>\n<li><strong>kostna masa<\/strong> &#8211; ta funkcija ozna\u010duje koli\u010dino kosti v telesu. Raziskave so pokazale, da sta telesna vadba in razvoj mi\u0161i\u010dnega tkiva povezana z mo\u010dnej\u0161imi in bolj zdravimi kostmi.<strong><a href=\"https:\/\/sen-shop.com\/wp-content\/uploads\/2018\/09\/tanita-545-vector-1.png\"><img loading=\"lazy\" decoding=\"async\" class=\" wp-image-6817 alignleft\" src=\"https:\/\/sen-shop.com\/wp-content\/uploads\/2018\/09\/tanita-545-vector-1.png\" alt=\"\" width=\"354\" height=\"297\" srcset=\"https:\/\/sen-shop.com\/wp-content\/uploads\/2018\/09\/tanita-545-vector-1.png 603w, https:\/\/sen-shop.com\/wp-content\/uploads\/2018\/09\/tanita-545-vector-1-570x478.png 570w, https:\/\/sen-shop.com\/wp-content\/uploads\/2018\/09\/tanita-545-vector-1-300x252.png 300w, https:\/\/sen-shop.com\/wp-content\/uploads\/2018\/09\/tanita-545-vector-1-60x50.png 60w\" sizes=\"auto, (max-width: 354px) 100vw, 354px\" \/><\/a><\/strong><\/li>\n<\/ul>\n<ul>\n<li><strong>bazalni metabolizem &#8211; BMR<\/strong> je minimalna raven energije, ki jo va\u0161e telo za u\u010dinkovito delovanje potrebuje v mirovanju. Kalorije uporabljamo tudi med spanjem. Pribli\u017eno 70% kalorij, ki jih telo porabi dnevno, porabi va\u0161 bazalni metabolizem. Na va\u0161 BMR mo\u010dno vpliva koli\u010dina mi\u0161ic, ki jih imate, zato z zvi\u0161anjem mi\u0161i\u010dne mase zvi\u0161ate tudi va\u0161 bazalni metabolizem. <strong>Vi\u0161ji BMR porabi ve\u010d kalorij in pomaga zmanj\u0161ati koli\u010dino telesne ma\u0161\u010dobe.<\/strong><\/li>\n<\/ul>\n<p>&nbsp;<\/p>\n<ul>\n<li><strong>oceno starosti presnove<\/strong> &#8211; \u010ce je starost va\u0161ega metabolizma vi\u0161ja od va\u0161e dejanske starosti, to pomeni, da morate izbolj\u0161ati svoj bazalni metabolizem. <strong>Ve\u010d telesne vadbe poskrbi za izgradnjo zdravega mi\u0161i\u010dnega tkiva, kar izbolj\u0161a va\u0161 bazalni metabolizem.<\/strong><\/li>\n<\/ul>\n<p>&nbsp;<\/p>\n<ul>\n<li><strong>(ITM) indeks telesne mase<\/strong> &#8211; ozna\u010duje odnos med vi\u0161ino in te\u017eo. Analizator vam v aplikacijo MyTanita takoj prika\u017ee ali spadate v zdravo ali kriti\u010dno skupino.<\/li>\n<\/ul>\n<p>&nbsp;<\/p>\n<ul>\n<li><strong>nivo ma\u0161\u010dobe v trebu\u0161nem predelu &#8211; visceralna ma\u0161\u010doba<\/strong> &#8211; je ma\u0161\u010doba v notranjosti trebu\u0161ne votline, ki obkro\u017ea vitalne organe v trebu\u0161nem predelu. Z vzdr\u017eevanjem zdrave ravni visceralne ma\u0161\u010dobe lahko <strong>zni\u017eate tveganje za dolo\u010dene bolezni:<\/strong> sr\u010dne bolezni, visok krvni pritisk in za\u010detek diabetesa 2. <strong>Aplikacija MyTanita vam takoj prika\u017ee ali spadate v zdravo ali kriti\u010dno skupino.<\/strong> Opomba: lahko da imate kljub nizki ravni telesne ma\u0161\u010dobe visoko raven visceralne ma\u0161\u010dobe.<\/li>\n<\/ul>\n<p>&nbsp;<\/p>\n<ul>\n<li><strong>kapaciteta tehtanja 200 kg\u00a0<\/strong>&#8211; tehtnica vzdr\u017ei osebe do 200kg<\/li>\n<\/ul>\n<p>&nbsp;<\/p>\n<ul>\n<li><strong>segmentna analiza telesne ma\u0161\u010dobe\u00a0<\/strong>&#8211; analiza in rezultati dele\u017ea <strong>ma\u0161\u010dobe<\/strong> vsake okon\u010dine posebej.<\/li>\n<\/ul>\n<p>&nbsp;<\/p>\n<ul>\n<li><strong>segmentna analiza mi\u0161i\u010dne mase <\/strong>&#8211; analiza in rezultati dele\u017ea <strong>mi\u0161i\u010dne mase<\/strong> vsake okon\u010dine posebej.\u00a0Va\u0161e roke se med seboj lahko precej razlikujejo, zato je pomembno za vas vedeti, na kateri okon\u010dini morate bolj delovati (dvigovanje ute\u017ei, \u0161portanje)<\/li>\n<\/ul>\n<p>&nbsp;<\/p>\n<ul>\n<li><strong>sr\u010dni utrip<\/strong> &#8211; sr\u010dni utrip v mirovanju lahko predvidi sr\u010dno-\u017eilna obolenja ter umrljivost. Spremljanje sr\u010dnega utripa lahko pomaga pri prepre\u010devanju bolezni srca in \u017eilja.<\/li>\n<\/ul>\n<p>&nbsp;<\/p>\n<p>Dele\u017e telesne ma\u0161\u010dobe v posameznem telesu je odvisen od <strong>na\u010dina prehranjevanja, vrste gibanja.<\/strong> Raziskave dokazujejo, da je visok odstotek ma\u0161\u010dob v telesu razlog za razli\u010dne bolezni (sr\u010dno \u017eilna obolenja, diabetes&#8230;). Procenti dele\u017ea ma\u0161\u010dob nam naka\u017eejo, ali se pravilno prehranjujemo in primerno gibljemo. Zagotavljanje zdravega nivoja ma\u0161\u010dobe v trebu\u0161nem predelu <strong>ni\u017ea verjetnost za nastanek bolezni.<\/strong>\u00a0 Izmerjena vrednost nas postavi pred dejstvo ali imamo preve\u010d ma\u0161\u010dobe v predelu trebuha. Tudi \u010de imamo nizek dele\u017e ma\u0161\u010dobe v telesu, imamo lahko visok nivo ma\u0161\u010dobe v trebu\u0161nem predelu. Meritev dele\u017ea vode v telesu je izra\u017eena s procenti. Dovolj vode v telesu pomeni <strong>normalno delovanje telesnih organov<\/strong> ter s tem ni\u017eanje vsemogo\u010dih zdravstvenih te\u017eav povezanih s premalo u\u017eivanja vode. Mi\u0161i\u010dna masa zajema vse mi\u0161ice v na\u0161em telesu ter tudi vodo, ki jo vsebujejo. Z ve\u010danjem mi\u0161i\u010dne mase se manj\u0161a dele\u017e ma\u0161\u010dob v telesu, kar pomeni tudi zdravo huj\u0161anje.<\/p>\n<p>Ve\u010d o analizatorju telesne sestave si lahko preberete v na\u0161em blog prispevku <a style=\"color: #8c189b;\" href=\"https:\/\/sen-shop.com\/blogs\/se-tudi-vi-se-vedno-tehtate-na-navadni-tehtnici\/\">TUKAJ.<\/a><\/p>\n<p>&nbsp;<\/p>\n<p><strong>Priporo\u010damo vam povezavo z aplikacijo MyTanita.<\/strong><\/p>\n<p><a href=\"https:\/\/sen-shop.com\/wp-content\/uploads\/2018\/05\/my-tanita-app-1.png\"><img loading=\"lazy\" decoding=\"async\" class=\"wp-image-6598 alignnone\" src=\"https:\/\/sen-shop.com\/wp-content\/uploads\/2018\/05\/my-tanita-app-1.png\" alt=\"\" width=\"63\" height=\"63\" srcset=\"https:\/\/sen-shop.com\/wp-content\/uploads\/2018\/05\/my-tanita-app-1.png 180w, https:\/\/sen-shop.com\/wp-content\/uploads\/2018\/05\/my-tanita-app-1-100x100.png 100w, https:\/\/sen-shop.com\/wp-content\/uploads\/2018\/05\/my-tanita-app-1-50x50.png 50w, https:\/\/sen-shop.com\/wp-content\/uploads\/2018\/05\/my-tanita-app-1-60x60.png 60w\" sizes=\"auto, (max-width: 63px) 100vw, 63px\" \/><\/a><\/p>\n<p><a href=\"https:\/\/itunes.apple.com\/gb\/app\/my-tanita-healthcare-app\/id1139808391?mt=8\" target=\"_blank\" rel=\"noopener noreferrer\"><img loading=\"lazy\" decoding=\"async\" class=\"alignnone wp-image-6596\" src=\"https:\/\/sen-shop.com\/wp-content\/uploads\/2018\/05\/logo.png\" alt=\"\" width=\"93\" height=\"32\" \/><\/a>\u00a0 <a href=\"https:\/\/sen-shop.com\/wp-content\/uploads\/2018\/05\/google-play-1.png\"><img loading=\"lazy\" decoding=\"async\" class=\"alignnone wp-image-47278\" src=\"https:\/\/sen-shop.com\/wp-content\/uploads\/2018\/05\/google-play-1-300x88.png\" alt=\"\" width=\"113\" height=\"33\" srcset=\"https:\/\/sen-shop.com\/wp-content\/uploads\/2018\/05\/google-play-1-300x88.png 300w, https:\/\/sen-shop.com\/wp-content\/uploads\/2018\/05\/google-play-1-570x168.png 570w, https:\/\/sen-shop.com\/wp-content\/uploads\/2018\/05\/google-play-1-768x227.png 768w, https:\/\/sen-shop.com\/wp-content\/uploads\/2018\/05\/google-play-1-170x50.png 170w, https:\/\/sen-shop.com\/wp-content\/uploads\/2018\/05\/google-play-1-60x18.png 60w, https:\/\/sen-shop.com\/wp-content\/uploads\/2018\/05\/google-play-1.png 1024w\" sizes=\"auto, (max-width: 113px) 100vw, 113px\" \/><\/a><\/p>\n<p><iframe loading=\"lazy\" title=\"TANITA RD 545 Operation Guide\" width=\"500\" height=\"281\" src=\"https:\/\/www.youtube.com\/embed\/jQmYj0mklO0?feature=oembed\" frameborder=\"0\" allow=\"accelerometer; autoplay; clipboard-write; encrypted-media; gyroscope; picture-in-picture; web-share\" referrerpolicy=\"strict-origin-when-cross-origin\" allowfullscreen><\/iframe><\/p>\n<p>&nbsp;<\/p>\n","protected":false},"excerpt":{"rendered":"<h5><strong><img decoding=\"async\" class=\"emoji\" role=\"img\" draggable=\"false\" src=\"https:\/\/s.w.org\/images\/core\/emoji\/17.0.2\/svg\/1f31f.svg\" alt=\"\ud83c\udf1f\" \/> Preselili smo se! <img decoding=\"async\" class=\"emoji\" role=\"img\" draggable=\"false\" src=\"https:\/\/s.w.org\/images\/core\/emoji\/17.0.2\/svg\/1f31f.svg\" alt=\"\ud83c\udf1f\" \/><br data-start=\"105\" data-end=\"108\" \/>Za \u0161e bolj\u0161o izku\u0161njo nakupovanja nas zdaj najdete na <a class=\"decorated-link\" href=\"https:\/\/sen-shop.si\/tanita\/\" target=\"_new\" rel=\"noopener\" data-start=\"164\" data-end=\"205\">www.sen-shop.si<\/a>!<\/p>\n<p>NA ZALOGI<\/strong><\/h5>\n<p>Predstavljamo vam <strong>najbolj\u0161i<\/strong> osebni analizator telesne sestave na trgu. S pomo\u010djo\u00a0dvo-frekven\u010dne tehnologije\u00a0je mo\u017eno vse\u00a0spremembe in napredek v meritvah analizirati medicinsko natan\u010dno.<\/p>\n<p>Analizator je namenjen \u0161e posebej\u00a0za <strong>vrhunske \u0161portnike\u00a0<\/strong>in\u00a0<strong>bodybuilder-je\u00a0<\/strong>ter vse, ki si \u017eelijo najvi\u0161ji nivo storitve.Rezultati meritve se <strong>prika\u017eejo na va\u0161 telefon,<\/strong> kjer lahko preko aplikacije my Tanita app <strong>spremljate napredek<\/strong>, <strong>nastavljate cilje<\/strong> ipd.<\/p>\n<p><strong>NOVO!<\/strong> Meritev sr\u010dnega utripa.<\/p>\n<h5><strong>ZAKAJ POTREBUJEM ANALIZATOR TELESNE SESTAVE?<\/strong><\/h5>\n<p>\u25b6\ufe0f Kako merite rezultate va\u0161ega treninga, diete? Kako veste ali dosegate svoj cilj (ve\u010dje mi\u0161ice, manj ma\u0161\u010dobe, bolj\u0161e zdravje..)? Kaj se dogaja v va\u0161em telesu? Vse to vam odgovorijo rezultati meritve na analizatorju telesne sestave Tanita.<\/p>\n<p><strong>Garancija 5 let.<\/strong><\/p>\n<p><strong>Tehni\u010dna podpora in uveljavljanje garancije je mo\u017eno samo za izdelke kupljene v na\u0161i trgovini.<\/strong><\/p>\n[banner_tanita]\n","protected":false},"featured_media":6364,"comment_status":"open","ping_status":"closed","template":"","meta":{"inline_featured_image":false},"product_cat":[85,59],"product_tag":[123,253,255,122,254,120,297,121,298,263],"class_list":["post-216","product","type-product","status-publish","has-post-thumbnail","hentry","product_cat-tanita-analizatorji-telesne-sestave","product_cat-tehtnica-tanita-osebna-raba","product_tag-analizator","product_tag-analizator-telesne-teze","product_tag-osebna-digitalna-tehtnica","product_tag-tehtnica","product_tag-nakup-tanite","product_tag-osebna-raba","product_tag-pametna-tehtnica","product_tag-tanita","product_tag-tanita-tehtnica","product_tag-tehtnica-za-merjenje-telesne-sestave"],"acf":[],"yoast_head":"<!-- This site is optimized with the Yoast SEO plugin v19.13 - https:\/\/yoast.com\/wordpress\/plugins\/seo\/ -->\n<title>Tanita tehtnica za merjenje telesne sestave RD-545. Zajam\u010dena kvaliteta!<\/title>\n<meta name=\"description\" content=\"Tanita tehtnica vam medicinsko natan\u010dno analizira napredek v meritvah. Tanita je namenjena vsem, ki si \u017eelijo najvi\u0161ji nivo storitve.\" \/>\n<meta name=\"robots\" content=\"index, follow, max-snippet:-1, max-image-preview:large, max-video-preview:-1\" \/>\n<link rel=\"canonical\" href=\"https:\/\/sen-shop.com\/sl\/collections\/tanita-analizatorji-telesne-sestave\/tehtnica-tanita-osebna-raba\/tanita-rd-545\/\" \/>\n<meta property=\"og:locale\" content=\"sl_SI\" \/>\n<meta property=\"og:type\" content=\"article\" \/>\n<meta property=\"og:title\" content=\"Tanita tehtnica za merjenje telesne sestave RD-545. Zajam\u010dena kvaliteta!\" \/>\n<meta property=\"og:description\" content=\"Tanita tehtnica vam medicinsko natan\u010dno analizira napredek v meritvah. Tanita je namenjena vsem, ki si \u017eelijo najvi\u0161ji nivo storitve.\" \/>\n<meta property=\"og:url\" content=\"https:\/\/sen-shop.com\/sl\/collections\/tanita-analizatorji-telesne-sestave\/tehtnica-tanita-osebna-raba\/tanita-rd-545\/\" \/>\n<meta property=\"og:site_name\" content=\"SEN Shop\" \/>\n<meta property=\"article:publisher\" content=\"https:\/\/www.facebook.com\/Senshopslovenija\" \/>\n<meta property=\"article:modified_time\" content=\"2026-03-02T11:00:48+00:00\" \/>\n<meta property=\"og:image\" content=\"https:\/\/sen-shop.com\/wp-content\/uploads\/2018\/05\/tanita-rd-545.png\" \/>\n\t<meta property=\"og:image:width\" content=\"700\" \/>\n\t<meta property=\"og:image:height\" content=\"700\" \/>\n\t<meta property=\"og:image:type\" content=\"image\/png\" \/>\n<meta name=\"twitter:card\" content=\"summary_large_image\" \/>\n<meta name=\"twitter:label1\" content=\"Est. reading time\" \/>\n\t<meta name=\"twitter:data1\" content=\"6 minut\" \/>\n<script type=\"application\/ld+json\" class=\"yoast-schema-graph\">{\"@context\":\"https:\/\/schema.org\",\"@graph\":[{\"@type\":\"WebPage\",\"@id\":\"https:\/\/sen-shop.com\/sl\/collections\/tanita-analizatorji-telesne-sestave\/tehtnica-tanita-osebna-raba\/tanita-rd-545\/\",\"url\":\"https:\/\/sen-shop.com\/sl\/collections\/tanita-analizatorji-telesne-sestave\/tehtnica-tanita-osebna-raba\/tanita-rd-545\/\",\"name\":\"Tanita tehtnica za merjenje telesne sestave RD-545. Zajam\u010dena kvaliteta!\",\"isPartOf\":{\"@id\":\"https:\/\/sen-shop.com\/sl\/#website\"},\"datePublished\":\"2018-05-21T13:25:08+00:00\",\"dateModified\":\"2026-03-02T11:00:48+00:00\",\"description\":\"Tanita tehtnica vam medicinsko natan\u010dno analizira napredek v meritvah. Tanita je namenjena vsem, ki si \u017eelijo najvi\u0161ji nivo storitve.\",\"breadcrumb\":{\"@id\":\"https:\/\/sen-shop.com\/sl\/collections\/tanita-analizatorji-telesne-sestave\/tehtnica-tanita-osebna-raba\/tanita-rd-545\/#breadcrumb\"},\"inLanguage\":\"sl-SI\",\"potentialAction\":[{\"@type\":\"ReadAction\",\"target\":[\"https:\/\/sen-shop.com\/sl\/collections\/tanita-analizatorji-telesne-sestave\/tehtnica-tanita-osebna-raba\/tanita-rd-545\/\"]}]},{\"@type\":\"BreadcrumbList\",\"@id\":\"https:\/\/sen-shop.com\/sl\/collections\/tanita-analizatorji-telesne-sestave\/tehtnica-tanita-osebna-raba\/tanita-rd-545\/#breadcrumb\",\"itemListElement\":[{\"@type\":\"ListItem\",\"position\":1,\"name\":\"Home\",\"item\":\"https:\/\/sen-shop.com\/sl\/\"},{\"@type\":\"ListItem\",\"position\":2,\"name\":\"TANITA RD-545\"}]},{\"@type\":\"WebSite\",\"@id\":\"https:\/\/sen-shop.com\/sl\/#website\",\"url\":\"https:\/\/sen-shop.com\/sl\/\",\"name\":\"SEN Shop\",\"description\":\"Slovensko, Ekolo\u0161ko, Naravno\",\"publisher\":{\"@id\":\"https:\/\/sen-shop.com\/sl\/#organization\"},\"potentialAction\":[{\"@type\":\"SearchAction\",\"target\":{\"@type\":\"EntryPoint\",\"urlTemplate\":\"https:\/\/sen-shop.com\/sl\/?s={search_term_string}\"},\"query-input\":\"required name=search_term_string\"}],\"inLanguage\":\"sl-SI\"},{\"@type\":\"Organization\",\"@id\":\"https:\/\/sen-shop.com\/sl\/#organization\",\"name\":\"Mind trade d.o.o\",\"url\":\"https:\/\/sen-shop.com\/sl\/\",\"logo\":{\"@type\":\"ImageObject\",\"inLanguage\":\"sl-SI\",\"@id\":\"https:\/\/sen-shop.com\/sl\/#\/schema\/logo\/image\/\",\"url\":\"https:\/\/sen-shop.com\/wp-content\/uploads\/2018\/05\/header_logo.png\",\"contentUrl\":\"https:\/\/sen-shop.com\/wp-content\/uploads\/2018\/05\/header_logo.png\",\"width\":138,\"height\":70,\"caption\":\"Mind trade d.o.o\"},\"image\":{\"@id\":\"https:\/\/sen-shop.com\/sl\/#\/schema\/logo\/image\/\"},\"sameAs\":[\"https:\/\/www.instagram.com\/senslovenija\/\",\"https:\/\/www.facebook.com\/Senshopslovenija\"]}]}<\/script>\n<!-- \/ Yoast SEO plugin. -->","yoast_head_json":{"title":"Tanita tehtnica za merjenje telesne sestave RD-545. Zajam\u010dena kvaliteta!","description":"Tanita tehtnica vam medicinsko natan\u010dno analizira napredek v meritvah. Tanita je namenjena vsem, ki si \u017eelijo najvi\u0161ji nivo storitve.","robots":{"index":"index","follow":"follow","max-snippet":"max-snippet:-1","max-image-preview":"max-image-preview:large","max-video-preview":"max-video-preview:-1"},"canonical":"https:\/\/sen-shop.com\/sl\/collections\/tanita-analizatorji-telesne-sestave\/tehtnica-tanita-osebna-raba\/tanita-rd-545\/","og_locale":"sl_SI","og_type":"article","og_title":"Tanita tehtnica za merjenje telesne sestave RD-545. Zajam\u010dena kvaliteta!","og_description":"Tanita tehtnica vam medicinsko natan\u010dno analizira napredek v meritvah. Tanita je namenjena vsem, ki si \u017eelijo najvi\u0161ji nivo storitve.","og_url":"https:\/\/sen-shop.com\/sl\/collections\/tanita-analizatorji-telesne-sestave\/tehtnica-tanita-osebna-raba\/tanita-rd-545\/","og_site_name":"SEN Shop","article_publisher":"https:\/\/www.facebook.com\/Senshopslovenija","article_modified_time":"2026-03-02T11:00:48+00:00","og_image":[{"width":700,"height":700,"url":"https:\/\/sen-shop.com\/wp-content\/uploads\/2018\/05\/tanita-rd-545.png","type":"image\/png"}],"twitter_card":"summary_large_image","twitter_misc":{"Est. reading time":"6 minut"},"schema":{"@context":"https:\/\/schema.org","@graph":[{"@type":"WebPage","@id":"https:\/\/sen-shop.com\/sl\/collections\/tanita-analizatorji-telesne-sestave\/tehtnica-tanita-osebna-raba\/tanita-rd-545\/","url":"https:\/\/sen-shop.com\/sl\/collections\/tanita-analizatorji-telesne-sestave\/tehtnica-tanita-osebna-raba\/tanita-rd-545\/","name":"Tanita tehtnica za merjenje telesne sestave RD-545. Zajam\u010dena kvaliteta!","isPartOf":{"@id":"https:\/\/sen-shop.com\/sl\/#website"},"datePublished":"2018-05-21T13:25:08+00:00","dateModified":"2026-03-02T11:00:48+00:00","description":"Tanita tehtnica vam medicinsko natan\u010dno analizira napredek v meritvah. Tanita je namenjena vsem, ki si \u017eelijo najvi\u0161ji nivo storitve.","breadcrumb":{"@id":"https:\/\/sen-shop.com\/sl\/collections\/tanita-analizatorji-telesne-sestave\/tehtnica-tanita-osebna-raba\/tanita-rd-545\/#breadcrumb"},"inLanguage":"sl-SI","potentialAction":[{"@type":"ReadAction","target":["https:\/\/sen-shop.com\/sl\/collections\/tanita-analizatorji-telesne-sestave\/tehtnica-tanita-osebna-raba\/tanita-rd-545\/"]}]},{"@type":"BreadcrumbList","@id":"https:\/\/sen-shop.com\/sl\/collections\/tanita-analizatorji-telesne-sestave\/tehtnica-tanita-osebna-raba\/tanita-rd-545\/#breadcrumb","itemListElement":[{"@type":"ListItem","position":1,"name":"Home","item":"https:\/\/sen-shop.com\/sl\/"},{"@type":"ListItem","position":2,"name":"TANITA RD-545"}]},{"@type":"WebSite","@id":"https:\/\/sen-shop.com\/sl\/#website","url":"https:\/\/sen-shop.com\/sl\/","name":"SEN Shop","description":"Slovensko, Ekolo\u0161ko, Naravno","publisher":{"@id":"https:\/\/sen-shop.com\/sl\/#organization"},"potentialAction":[{"@type":"SearchAction","target":{"@type":"EntryPoint","urlTemplate":"https:\/\/sen-shop.com\/sl\/?s={search_term_string}"},"query-input":"required name=search_term_string"}],"inLanguage":"sl-SI"},{"@type":"Organization","@id":"https:\/\/sen-shop.com\/sl\/#organization","name":"Mind trade d.o.o","url":"https:\/\/sen-shop.com\/sl\/","logo":{"@type":"ImageObject","inLanguage":"sl-SI","@id":"https:\/\/sen-shop.com\/sl\/#\/schema\/logo\/image\/","url":"https:\/\/sen-shop.com\/wp-content\/uploads\/2018\/05\/header_logo.png","contentUrl":"https:\/\/sen-shop.com\/wp-content\/uploads\/2018\/05\/header_logo.png","width":138,"height":70,"caption":"Mind trade d.o.o"},"image":{"@id":"https:\/\/sen-shop.com\/sl\/#\/schema\/logo\/image\/"},"sameAs":["https:\/\/www.instagram.com\/senslovenija\/","https:\/\/www.facebook.com\/Senshopslovenija"]}]}},"_links":{"self":[{"href":"https:\/\/sen-shop.com\/sl\/wp-json\/wp\/v2\/product\/216","targetHints":{"allow":["GET"]}}],"collection":[{"href":"https:\/\/sen-shop.com\/sl\/wp-json\/wp\/v2\/product"}],"about":[{"href":"https:\/\/sen-shop.com\/sl\/wp-json\/wp\/v2\/types\/product"}],"replies":[{"embeddable":true,"href":"https:\/\/sen-shop.com\/sl\/wp-json\/wp\/v2\/comments?post=216"}],"wp:featuredmedia":[{"embeddable":true,"href":"https:\/\/sen-shop.com\/sl\/wp-json\/wp\/v2\/media\/6364"}],"wp:attachment":[{"href":"https:\/\/sen-shop.com\/sl\/wp-json\/wp\/v2\/media?parent=216"}],"wp:term":[{"taxonomy":"product_cat","embeddable":true,"href":"https:\/\/sen-shop.com\/sl\/wp-json\/wp\/v2\/product_cat?post=216"},{"taxonomy":"product_tag","embeddable":true,"href":"https:\/\/sen-shop.com\/sl\/wp-json\/wp\/v2\/product_tag?post=216"}],"curies":[{"name":"wp","href":"https:\/\/api.w.org\/{rel}","templated":true}]}}