{"id":210,"date":"2018-05-19T12:26:32","date_gmt":"2018-05-19T10:26:32","guid":{"rendered":"https:\/\/www.sen-shop.com\/?post_type=product&#038;p=210"},"modified":"2026-03-02T12:00:01","modified_gmt":"2026-03-02T11:00:01","slug":"tanita-rd-953-bela-pametna-tehtnica","status":"publish","type":"product","link":"https:\/\/sen-shop.com\/sl\/collections\/tanita-analizatorji-telesne-sestave\/tehtnica-tanita-osebna-raba\/tanita-rd-953-bela-pametna-tehtnica\/","title":{"rendered":"TANITA RD-953 bela"},"content":{"rendered":"<h4>Tanita tehtnica RD 953<\/h4>\n<p>\u017delite hiter prikaz oziroma nadzor nad u\u010dinkom vadbe ali prehrane na va\u0161e telo? Tanita \u2013 pametna tehtnica \u2013 vam omogo\u010da najvi\u0161ji nivo natan\u010dnosti za hitro in zanesljivo meritev s pomo\u010djo patentirane dvofrekven\u010dne BIA metode.<\/p>\n<p>Nalo\u017eite si brezpla\u010dno mobilno aplikacijo My TANITA in spremljajte svoj napredek.<a href=\"https:\/\/play.google.com\/store\/apps\/details?id=com.tanita.mytanita&amp;hl=sl\"><img loading=\"lazy\" decoding=\"async\" class=\"wp-image-5810 alignright lazyloaded\" src=\"https:\/\/sen-shop.si\/wp-content\/uploads\/2018\/05\/my-tanita-app.png\" sizes=\"auto, (max-width: 134px) 100vw, 134px\" srcset=\"https:\/\/sen-shop.si\/wp-content\/uploads\/2018\/05\/my-tanita-app.png 180w, https:\/\/sen-shop.si\/wp-content\/uploads\/2018\/05\/my-tanita-app-100x100.png 100w, https:\/\/sen-shop.si\/wp-content\/uploads\/2018\/05\/my-tanita-app-50x50.png 50w, https:\/\/sen-shop.si\/wp-content\/uploads\/2018\/05\/my-tanita-app-60x60.png 60w\" alt=\"\" width=\"134\" height=\"134\" data-ll-status=\"loaded\" \/><\/a><\/p>\n<h5><strong>RD-953 VAM PRIKA\u017dE:<\/strong><\/h5>\n<ul>\n<li>te\u017eo<\/li>\n<li>dele\u017e telesne ma\u0161\u010dobe<\/li>\n<li>dele\u017e vode v telesu<\/li>\n<li>mi\u0161i\u010dno maso<\/li>\n<li>te\u017eo kosti<\/li>\n<li>(ITM) indeks telesne mase<\/li>\n<li>prikaz dnevnih energijskih potreb v kalorijah<\/li>\n<li>nivo ma\u0161\u010dobe v trebu\u0161nem predelu<\/li>\n<li>indikator ocene postave<\/li>\n<li>oceno starosti presnove<\/li>\n<li>kapaciteta tehtanja 200 kg<\/li>\n<\/ul>\n<h5>Pametna tehtnica<\/h5>\n<p>RD-953 pametna tehtnica ima 4 spominska mesta, vsako s svojim barvnim zaslonom\/shemo in avtomati\u010dnim prepoznavanjem uporabnika. Preprosto samo stopite na Tanita analizator in vas bo samodejno prepoznal ter izvedel meritev. Tako vam ni potrebno nenehno vna\u0161ati svojih podatkov. Omogo\u010da vam tudi barven prikaz meritev glede na oceno; zelena za zdravo meritev, rumena za mejno meritev ter rde\u010da za slabo meritev (tako tudi bolj pritegne va\u0161o pozornost).<\/p>\n<p>Ni\u010d se ne primerja z Bluetooth povezano pametno tehtnico, ki vam omogo\u010da ve\u010d kot 10 od\u010ditkov kompozicije telesa, vklju\u010dno z edinstveno oceno kakovosti mi\u0161ic. Oglejte si rezultate va\u0161ih zdravih prehranjevalnih navad in treningov preden vam to prika\u017ee ogledalo. Tanito RD 953 lahko izberete tudi v \u010drni barvi\u00a0<a href=\"https:\/\/sen-shop.com\/sl\/collections\/tanita-analizatorji-telesne-sestave\/tehtnica-tanita-osebna-raba\/tanita-rd-953-crna-merjenje-telesne-mascobe\/\">TUKAJ<\/a>.<\/p>\n<p>Tanita tehtnice so trajne. Prejeli boste 5 letno garancijo, vendar pri\u010dakujemo, da je ne boste potrebovali.<\/p>\n<h4>Zakaj izbrati analizator telesne sestave?<\/h4>\n<p>Analizator telesne sestave vam omogo\u010da vitalni vpogled, kaj se dogaja v va\u0161em telesu.<\/p>\n<p>Analiza vam bo pomagala razumeti, kako va\u0161a sprememba prehrane in gibanja vpliva na va\u0161e telo.<\/p>\n<p><strong>Analizator vam pomaga:<\/strong><\/p>\n<ul>\n<li><strong>Razbrati ali izgubljate te\u017eo na zdrav na\u010din \u2013 manj ma\u0161\u010dobe, ve\u010d mi\u0161ic!<\/strong><\/li>\n<li><strong>Zakaj ne izgubljate te\u017eo \u010de se prehranjujete zdravo ter ve\u010d telovadite.<\/strong><\/li>\n<li><strong>Natan\u010dno prilagoditi program vadbe in slediti mi\u0161i\u010dni masi in presnovi.<\/strong><\/li>\n<li><strong>Zmanj\u0161ati tveganje za diabetes, visok krvni tlak in nekatere vrste raka s preverjanjem zdravih razponov vsebnosti telesne ma\u0161\u010dobe in visceralnih ma\u0161\u010dob (znotraj trebu\u0161ne votline).<\/strong><\/li>\n<\/ul>\n<p>Ni\u010d ve\u010d izgovorov. Poskrbite za svoje telo sedaj.<\/p>\n<p><iframe loading=\"lazy\" src=\"https:\/\/www.youtube.com\/embed\/whOyF2IfFWg\" width=\"400\" height=\"225\" frameborder=\"0\" allowfullscreen=\"allowfullscreen\"><\/iframe><\/p>\n<p>Smo generalni zastopnik tehtnic TANITA \u017ee od leta 1990.\u00a0Edinstvena tehnologija BIA, vgrajena v analizatorje, je patentirana in podprta s \u0161tevilnimi znanstvenimi raziskavami.\u00a0analizatorji Tanita smo oskrbeli \u0161tevilne zdravstvene domove, fitnes centre, univerze, medicinske centre, zdravili\u0161\u010da in \u0161tevilne druge ugledne institucije.<\/p>\n","protected":false},"excerpt":{"rendered":"<p><img decoding=\"async\" class=\"emoji\" role=\"img\" draggable=\"false\" src=\"https:\/\/s.w.org\/images\/core\/emoji\/17.0.2\/svg\/1f31f.svg\" alt=\"\ud83c\udf1f\" \/> <strong data-start=\"81\" data-end=\"102\">Preselili smo se!<\/strong> <img decoding=\"async\" class=\"emoji\" role=\"img\" draggable=\"false\" src=\"https:\/\/s.w.org\/images\/core\/emoji\/17.0.2\/svg\/1f31f.svg\" alt=\"\ud83c\udf1f\" \/><br data-start=\"105\" data-end=\"108\" \/>Za \u0161e bolj\u0161o izku\u0161njo nakupovanja nas zdaj najdete na <strong data-start=\"162\" data-end=\"207\"><a class=\"decorated-link\" href=\"https:\/\/sen-shop.si\/tanita\/\" target=\"_new\" rel=\"noopener\" data-start=\"164\" data-end=\"205\">www.sen-shop.si<\/a><\/strong>!<\/p>\n<p>Pametna tehtnica Tanita se pove\u017ee z va\u0161im osebnim telefonom (bluetooth) in v nekaj sekundah prejmete analizo va\u0161ega telesa. Spremljajte va\u0161 napredek s preprosto berljivimi podatki na zaslonu. Nastavite si svoj cilj, ki ga \u017eelite dose\u010di. Tanita RD 953 ima\u00a0<strong>5 let garancije<\/strong>.<\/p>\n<p><strong>PREVERITE VA\u0160E ZDRAVSTVENO STANJE<\/strong>:\u00a0<strong>dele\u017e ma\u0161\u010dobe, visceralna ma\u0161\u010doba<\/strong>\u00a0(ki negativno vpliva na va\u0161e notranje organe),\u00a0<strong>dele\u017e vode, starost presnove<\/strong>\u00a0in\u00a0<strong>dnevno energijsko potrebo v kalorijah.\u00a0<\/strong>Vse to vam prika\u017ee analizator telesne sestave. Poskrbite in nadgrajujte svoje zdravje. S pomo\u010djo analizatorja spremljajte ali se va\u0161e zdravje izbolj\u0161uje.<\/p>\n<p>Za\u00a0<strong>bodybuilderje <\/strong>in <strong>\u0161portnike <\/strong>priporo\u010damo \u0161e bolj zmogljivej\u0161i analizator<strong> &gt;&gt;&gt;\u00a0<a href=\"https:\/\/sen-shop.com\/sl\/collections\/tanita-analizatorji-telesne-sestave\/tehtnica-tanita-osebna-raba\/tanita-rd-545\/\">TANITA RD 545<\/a><\/strong><\/p>\n<p><strong>Tehni\u010dna podpora in uveljavljanje garancije je mo\u017eno samo za izdelke kupljene v na\u0161i trgovini.<\/strong><\/p>\n<p>Ve\u010d o izdelku si lahko preberete ni\u017eje na strani.<\/p>\n[banner_tanita]\n","protected":false},"featured_media":6532,"comment_status":"open","ping_status":"closed","template":"","meta":{"inline_featured_image":false},"product_cat":[85,59],"product_tag":[123,253,255,122,254,120,297,121,298,263],"class_list":["post-210","product","type-product","status-publish","has-post-thumbnail","hentry","product_cat-tanita-analizatorji-telesne-sestave","product_cat-tehtnica-tanita-osebna-raba","product_tag-analizator","product_tag-analizator-telesne-teze","product_tag-osebna-digitalna-tehtnica","product_tag-tehtnica","product_tag-nakup-tanite","product_tag-osebna-raba","product_tag-pametna-tehtnica","product_tag-tanita","product_tag-tanita-tehtnica","product_tag-tehtnica-za-merjenje-telesne-sestave"],"acf":[],"yoast_head":"<!-- This site is optimized with the Yoast SEO plugin v19.13 - https:\/\/yoast.com\/wordpress\/plugins\/seo\/ -->\n<title>Pametna tehtnica Tanita RD-953 bela. Medicinska natan\u010dnost.<\/title>\n<meta name=\"description\" content=\"Rezultati v nekaj sekundah na va\u0161em telefonu. Najvi\u0161ji nivo natan\u010dnosti z BIA metodo. Pametna tehtnica Tanita pomaga nadzorovati va\u0161e telo.\" \/>\n<meta name=\"robots\" content=\"index, follow, max-snippet:-1, max-image-preview:large, max-video-preview:-1\" \/>\n<link rel=\"canonical\" href=\"https:\/\/sen-shop.com\/sl\/collections\/tanita-analizatorji-telesne-sestave\/tehtnica-tanita-osebna-raba\/tanita-rd-953-bela-pametna-tehtnica\/\" \/>\n<meta property=\"og:locale\" content=\"sl_SI\" \/>\n<meta property=\"og:type\" content=\"article\" \/>\n<meta property=\"og:title\" content=\"Pametna tehtnica Tanita RD-953 bela. Medicinska natan\u010dnost.\" \/>\n<meta property=\"og:description\" content=\"Rezultati v nekaj sekundah na va\u0161em telefonu. Najvi\u0161ji nivo natan\u010dnosti z BIA metodo. Pametna tehtnica Tanita pomaga nadzorovati va\u0161e telo.\" \/>\n<meta property=\"og:url\" content=\"https:\/\/sen-shop.com\/sl\/collections\/tanita-analizatorji-telesne-sestave\/tehtnica-tanita-osebna-raba\/tanita-rd-953-bela-pametna-tehtnica\/\" \/>\n<meta property=\"og:site_name\" content=\"SEN Shop\" \/>\n<meta property=\"article:publisher\" content=\"https:\/\/www.facebook.com\/Senshopslovenija\" \/>\n<meta property=\"article:modified_time\" content=\"2026-03-02T11:00:01+00:00\" \/>\n<meta property=\"og:image\" content=\"https:\/\/sen-shop.com\/wp-content\/uploads\/2018\/05\/TANITA-pametna-tehtnica-RD-953-bela-sen-shop-1.png\" \/>\n\t<meta property=\"og:image:width\" content=\"700\" \/>\n\t<meta property=\"og:image:height\" content=\"700\" \/>\n\t<meta property=\"og:image:type\" content=\"image\/png\" \/>\n<meta name=\"twitter:card\" content=\"summary_large_image\" \/>\n<meta name=\"twitter:label1\" content=\"Est. reading time\" \/>\n\t<meta name=\"twitter:data1\" content=\"3 minute\" \/>\n<script type=\"application\/ld+json\" class=\"yoast-schema-graph\">{\"@context\":\"https:\/\/schema.org\",\"@graph\":[{\"@type\":\"WebPage\",\"@id\":\"https:\/\/sen-shop.com\/sl\/collections\/tanita-analizatorji-telesne-sestave\/tehtnica-tanita-osebna-raba\/tanita-rd-953-bela-pametna-tehtnica\/\",\"url\":\"https:\/\/sen-shop.com\/sl\/collections\/tanita-analizatorji-telesne-sestave\/tehtnica-tanita-osebna-raba\/tanita-rd-953-bela-pametna-tehtnica\/\",\"name\":\"Pametna tehtnica Tanita RD-953 bela. Medicinska natan\u010dnost.\",\"isPartOf\":{\"@id\":\"https:\/\/sen-shop.com\/sl\/#website\"},\"datePublished\":\"2018-05-19T10:26:32+00:00\",\"dateModified\":\"2026-03-02T11:00:01+00:00\",\"description\":\"Rezultati v nekaj sekundah na va\u0161em telefonu. Najvi\u0161ji nivo natan\u010dnosti z BIA metodo. Pametna tehtnica Tanita pomaga nadzorovati va\u0161e telo.\",\"breadcrumb\":{\"@id\":\"https:\/\/sen-shop.com\/sl\/collections\/tanita-analizatorji-telesne-sestave\/tehtnica-tanita-osebna-raba\/tanita-rd-953-bela-pametna-tehtnica\/#breadcrumb\"},\"inLanguage\":\"sl-SI\",\"potentialAction\":[{\"@type\":\"ReadAction\",\"target\":[\"https:\/\/sen-shop.com\/sl\/collections\/tanita-analizatorji-telesne-sestave\/tehtnica-tanita-osebna-raba\/tanita-rd-953-bela-pametna-tehtnica\/\"]}]},{\"@type\":\"BreadcrumbList\",\"@id\":\"https:\/\/sen-shop.com\/sl\/collections\/tanita-analizatorji-telesne-sestave\/tehtnica-tanita-osebna-raba\/tanita-rd-953-bela-pametna-tehtnica\/#breadcrumb\",\"itemListElement\":[{\"@type\":\"ListItem\",\"position\":1,\"name\":\"Home\",\"item\":\"https:\/\/sen-shop.com\/sl\/\"},{\"@type\":\"ListItem\",\"position\":2,\"name\":\"TANITA RD-953 bela\"}]},{\"@type\":\"WebSite\",\"@id\":\"https:\/\/sen-shop.com\/sl\/#website\",\"url\":\"https:\/\/sen-shop.com\/sl\/\",\"name\":\"SEN Shop\",\"description\":\"Slovensko, Ekolo\u0161ko, Naravno\",\"publisher\":{\"@id\":\"https:\/\/sen-shop.com\/sl\/#organization\"},\"potentialAction\":[{\"@type\":\"SearchAction\",\"target\":{\"@type\":\"EntryPoint\",\"urlTemplate\":\"https:\/\/sen-shop.com\/sl\/?s={search_term_string}\"},\"query-input\":\"required name=search_term_string\"}],\"inLanguage\":\"sl-SI\"},{\"@type\":\"Organization\",\"@id\":\"https:\/\/sen-shop.com\/sl\/#organization\",\"name\":\"Mind trade d.o.o\",\"url\":\"https:\/\/sen-shop.com\/sl\/\",\"logo\":{\"@type\":\"ImageObject\",\"inLanguage\":\"sl-SI\",\"@id\":\"https:\/\/sen-shop.com\/sl\/#\/schema\/logo\/image\/\",\"url\":\"https:\/\/sen-shop.com\/wp-content\/uploads\/2018\/05\/header_logo.png\",\"contentUrl\":\"https:\/\/sen-shop.com\/wp-content\/uploads\/2018\/05\/header_logo.png\",\"width\":138,\"height\":70,\"caption\":\"Mind trade d.o.o\"},\"image\":{\"@id\":\"https:\/\/sen-shop.com\/sl\/#\/schema\/logo\/image\/\"},\"sameAs\":[\"https:\/\/www.instagram.com\/senslovenija\/\",\"https:\/\/www.facebook.com\/Senshopslovenija\"]}]}<\/script>\n<!-- \/ Yoast SEO plugin. -->","yoast_head_json":{"title":"Pametna tehtnica Tanita RD-953 bela. Medicinska natan\u010dnost.","description":"Rezultati v nekaj sekundah na va\u0161em telefonu. Najvi\u0161ji nivo natan\u010dnosti z BIA metodo. Pametna tehtnica Tanita pomaga nadzorovati va\u0161e telo.","robots":{"index":"index","follow":"follow","max-snippet":"max-snippet:-1","max-image-preview":"max-image-preview:large","max-video-preview":"max-video-preview:-1"},"canonical":"https:\/\/sen-shop.com\/sl\/collections\/tanita-analizatorji-telesne-sestave\/tehtnica-tanita-osebna-raba\/tanita-rd-953-bela-pametna-tehtnica\/","og_locale":"sl_SI","og_type":"article","og_title":"Pametna tehtnica Tanita RD-953 bela. Medicinska natan\u010dnost.","og_description":"Rezultati v nekaj sekundah na va\u0161em telefonu. Najvi\u0161ji nivo natan\u010dnosti z BIA metodo. Pametna tehtnica Tanita pomaga nadzorovati va\u0161e telo.","og_url":"https:\/\/sen-shop.com\/sl\/collections\/tanita-analizatorji-telesne-sestave\/tehtnica-tanita-osebna-raba\/tanita-rd-953-bela-pametna-tehtnica\/","og_site_name":"SEN Shop","article_publisher":"https:\/\/www.facebook.com\/Senshopslovenija","article_modified_time":"2026-03-02T11:00:01+00:00","og_image":[{"width":700,"height":700,"url":"https:\/\/sen-shop.com\/wp-content\/uploads\/2018\/05\/TANITA-pametna-tehtnica-RD-953-bela-sen-shop-1.png","type":"image\/png"}],"twitter_card":"summary_large_image","twitter_misc":{"Est. reading time":"3 minute"},"schema":{"@context":"https:\/\/schema.org","@graph":[{"@type":"WebPage","@id":"https:\/\/sen-shop.com\/sl\/collections\/tanita-analizatorji-telesne-sestave\/tehtnica-tanita-osebna-raba\/tanita-rd-953-bela-pametna-tehtnica\/","url":"https:\/\/sen-shop.com\/sl\/collections\/tanita-analizatorji-telesne-sestave\/tehtnica-tanita-osebna-raba\/tanita-rd-953-bela-pametna-tehtnica\/","name":"Pametna tehtnica Tanita RD-953 bela. Medicinska natan\u010dnost.","isPartOf":{"@id":"https:\/\/sen-shop.com\/sl\/#website"},"datePublished":"2018-05-19T10:26:32+00:00","dateModified":"2026-03-02T11:00:01+00:00","description":"Rezultati v nekaj sekundah na va\u0161em telefonu. Najvi\u0161ji nivo natan\u010dnosti z BIA metodo. Pametna tehtnica Tanita pomaga nadzorovati va\u0161e telo.","breadcrumb":{"@id":"https:\/\/sen-shop.com\/sl\/collections\/tanita-analizatorji-telesne-sestave\/tehtnica-tanita-osebna-raba\/tanita-rd-953-bela-pametna-tehtnica\/#breadcrumb"},"inLanguage":"sl-SI","potentialAction":[{"@type":"ReadAction","target":["https:\/\/sen-shop.com\/sl\/collections\/tanita-analizatorji-telesne-sestave\/tehtnica-tanita-osebna-raba\/tanita-rd-953-bela-pametna-tehtnica\/"]}]},{"@type":"BreadcrumbList","@id":"https:\/\/sen-shop.com\/sl\/collections\/tanita-analizatorji-telesne-sestave\/tehtnica-tanita-osebna-raba\/tanita-rd-953-bela-pametna-tehtnica\/#breadcrumb","itemListElement":[{"@type":"ListItem","position":1,"name":"Home","item":"https:\/\/sen-shop.com\/sl\/"},{"@type":"ListItem","position":2,"name":"TANITA RD-953 bela"}]},{"@type":"WebSite","@id":"https:\/\/sen-shop.com\/sl\/#website","url":"https:\/\/sen-shop.com\/sl\/","name":"SEN Shop","description":"Slovensko, Ekolo\u0161ko, Naravno","publisher":{"@id":"https:\/\/sen-shop.com\/sl\/#organization"},"potentialAction":[{"@type":"SearchAction","target":{"@type":"EntryPoint","urlTemplate":"https:\/\/sen-shop.com\/sl\/?s={search_term_string}"},"query-input":"required name=search_term_string"}],"inLanguage":"sl-SI"},{"@type":"Organization","@id":"https:\/\/sen-shop.com\/sl\/#organization","name":"Mind trade d.o.o","url":"https:\/\/sen-shop.com\/sl\/","logo":{"@type":"ImageObject","inLanguage":"sl-SI","@id":"https:\/\/sen-shop.com\/sl\/#\/schema\/logo\/image\/","url":"https:\/\/sen-shop.com\/wp-content\/uploads\/2018\/05\/header_logo.png","contentUrl":"https:\/\/sen-shop.com\/wp-content\/uploads\/2018\/05\/header_logo.png","width":138,"height":70,"caption":"Mind trade d.o.o"},"image":{"@id":"https:\/\/sen-shop.com\/sl\/#\/schema\/logo\/image\/"},"sameAs":["https:\/\/www.instagram.com\/senslovenija\/","https:\/\/www.facebook.com\/Senshopslovenija"]}]}},"_links":{"self":[{"href":"https:\/\/sen-shop.com\/sl\/wp-json\/wp\/v2\/product\/210","targetHints":{"allow":["GET"]}}],"collection":[{"href":"https:\/\/sen-shop.com\/sl\/wp-json\/wp\/v2\/product"}],"about":[{"href":"https:\/\/sen-shop.com\/sl\/wp-json\/wp\/v2\/types\/product"}],"replies":[{"embeddable":true,"href":"https:\/\/sen-shop.com\/sl\/wp-json\/wp\/v2\/comments?post=210"}],"wp:featuredmedia":[{"embeddable":true,"href":"https:\/\/sen-shop.com\/sl\/wp-json\/wp\/v2\/media\/6532"}],"wp:attachment":[{"href":"https:\/\/sen-shop.com\/sl\/wp-json\/wp\/v2\/media?parent=210"}],"wp:term":[{"taxonomy":"product_cat","embeddable":true,"href":"https:\/\/sen-shop.com\/sl\/wp-json\/wp\/v2\/product_cat?post=210"},{"taxonomy":"product_tag","embeddable":true,"href":"https:\/\/sen-shop.com\/sl\/wp-json\/wp\/v2\/product_tag?post=210"}],"curies":[{"name":"wp","href":"https:\/\/api.w.org\/{rel}","templated":true}]}}