{"id":205,"date":"2018-05-17T18:55:04","date_gmt":"2018-05-17T16:55:04","guid":{"rendered":"https:\/\/www.sen-shop.com\/?post_type=product&#038;p=205"},"modified":"2026-03-12T13:16:42","modified_gmt":"2026-03-12T12:16:42","slug":"tanita-bc-545n","status":"publish","type":"product","link":"https:\/\/sen-shop.com\/sl\/collections\/tanita-analizatorji-telesne-sestave\/tehtnica-tanita-osebna-raba\/tanita-bc-545n\/","title":{"rendered":"TANITA BC-545N"},"content":{"rendered":"<h4>Tanita tehtnica BC 545N<\/h4>\n<p>Sedaj lahko zdravstveni pregled opravite kar doma. Z analizatorjem telesne sestave Tanita BC-545N je enostavno izmeriti napredek vadbe in splo\u0161no zdravje. Samo stopite na merilno ploskev za sestavo telesa in zgrabite ro\u010daje. V 15 sekundah boste dobili deset razli\u010dnih meritev zdravja. Poleg tega lo\u010deno prikazuje odstotke mi\u0161ic in ma\u0161\u010dob v vsaki od va\u0161ih rok in nog, kot tudi va\u0161 trup. To vam omogo\u010da opazovanje mi\u0161i\u010dnega neravnovesja, dolo\u010danje ciljev za dolo\u010dena podro\u010dja in prepre\u010devanje po\u0161kodb.\u00a0 Analizator telesne sestave Tanita BC-545N ima jasen in lahko berljiv barvni zaslon. Meritve lahko spremlja do 5 uporabnikov. Te se shranjujejo do enega leta. Tanita samodejno prepozna, kateri uporabnik stopi na napravo. To zagotavlja, da morate samo enkrat vnesti svojo starostno skupino, spol in druge splo\u0161ne informacije. Zakaj je pomembna analiza telesne sestave si lahko preberete <a style=\"color: #8c189b;\" href=\"https:\/\/sen-shop.com\/blogs\/se-tudi-vi-se-vedno-tehtate-na-navadni-tehtnici\/\">TUKAJ<\/a>.<\/p>\n<h5><strong>BC-545N VAM PRIKA\u017dE:<a href=\"https:\/\/sen-shop.com\/wp-content\/uploads\/2018\/05\/pametna-tanita-tehtnica-za-merjenje-telesne-sestave.jpg\"><img loading=\"lazy\" decoding=\"async\" class=\" wp-image-5820 alignright\" src=\"https:\/\/sen-shop.com\/wp-content\/uploads\/2018\/05\/pametna-tanita-tehtnica-za-merjenje-telesne-sestave-300x200.jpg\" alt=\"\" width=\"347\" height=\"231\" srcset=\"https:\/\/sen-shop.com\/wp-content\/uploads\/2018\/05\/pametna-tanita-tehtnica-za-merjenje-telesne-sestave-300x200.jpg 300w, https:\/\/sen-shop.com\/wp-content\/uploads\/2018\/05\/pametna-tanita-tehtnica-za-merjenje-telesne-sestave-570x380.jpg 570w, https:\/\/sen-shop.com\/wp-content\/uploads\/2018\/05\/pametna-tanita-tehtnica-za-merjenje-telesne-sestave-768x512.jpg 768w, https:\/\/sen-shop.com\/wp-content\/uploads\/2018\/05\/pametna-tanita-tehtnica-za-merjenje-telesne-sestave-480x320.jpg 480w, https:\/\/sen-shop.com\/wp-content\/uploads\/2018\/05\/pametna-tanita-tehtnica-za-merjenje-telesne-sestave-75x50.jpg 75w, https:\/\/sen-shop.com\/wp-content\/uploads\/2018\/05\/pametna-tanita-tehtnica-za-merjenje-telesne-sestave-60x40.jpg 60w, https:\/\/sen-shop.com\/wp-content\/uploads\/2018\/05\/pametna-tanita-tehtnica-za-merjenje-telesne-sestave.jpg 777w\" sizes=\"auto, (max-width: 347px) 100vw, 347px\" \/><\/a><\/strong><\/h5>\n<ul>\n<li>te\u017eo<\/li>\n<li>segmentni dele\u017e telesne ma\u0161\u010dobe:(dele\u017e ma\u0161\u010dobe za vsako okon\u010dino posebej in trup)<\/li>\n<li>dele\u017e vode v telesu<\/li>\n<li>segmentno mi\u0161i\u010dno maso(mi\u0161i\u010dno maso za vsako okon\u010dino posebej in trup)<\/li>\n<li>te\u017eo kosti<\/li>\n<li>(ITM) indeks telesne mase<\/li>\n<li>prikaz dnevnih energijskih potreb v kalorijah<\/li>\n<li>nivo ma\u0161\u010dobe v trebu\u0161nem predelu<\/li>\n<li>indikator ocene postave<\/li>\n<li>oceno starosti presnove<\/li>\n<\/ul>\n<h5><strong>KAKO POTEKA MERITEV:<\/strong><\/h5>\n<p>Ko stojite na merilni ploskvi, ne\u017eno potegnite ro\u010daje, ki se nahajajo v sprednjem delu analizatorja. Analizator bo skozi telo poslal blag elektri\u010den tok preko vseh 8 elektrod. Na podlagi upora in zanesljivih, znanstveno potrjenih in patentiranih formul bo analizator\u00a0izra\u010dunal posameznikovo telesno sestavo.<\/p>\n<p><strong>UNIKATNE FUNKCIJE BC-545N<\/strong> je enostaven za uporabo in omogo\u010da kar petim\u00a0uporabnikom, spremljanje in preverjanje\u00a0svojih meritve, ki so v analizatorju shranjene eno leto. Vse informacije so prikazane na enostavnem\u00a0za branje, barvnem\u00a0zaslon na ro\u010dni konzoli. Na voljo je tudi funkcija samodejnega prepoznavanja uporabnika.<\/p>\n<h4><strong>Analizator telesne sestave:<\/strong><\/h4>\n<ul>\n<li>ro\u010daji za segmentno analizo telesa<\/li>\n<li>barvni zaslon<\/li>\n<li>samodejno prepoznavanje uporabnika<\/li>\n<li>priklic zadnjih meritev telesne sestave<\/li>\n<li>mo\u017enost samega tehtanja<\/li>\n<li>mo\u017enost merjenja za \u0161portnike<\/li>\n<li>mo\u017enost merjenja za goste<\/li>\n<li>kapaciteta tehtanja do 150 kg<\/li>\n<li>prikaz na 100 gramov natan\u010dno<\/li>\n<li>pet\u00a0spominskih tipk<\/li>\n<li>prilo\u017eene baterije<\/li>\n<li>3-letna garancija<\/li>\n<\/ul>\n<p>Za \u0161e bolj zmogljivej\u0161i analizator telesne sestave kliknite <a href=\"https:\/\/sen-shop.com\/collections\/domaca-stran\/tanita-rd-545\/\">TUKAJ.<\/a><\/p>\n<p><iframe loading=\"lazy\" title=\"Tanita BC545N Segmental Body Composition Monitor\" width=\"500\" height=\"281\" src=\"https:\/\/www.youtube.com\/embed\/R-rPnSRY1vk?feature=oembed\" frameborder=\"0\" allow=\"accelerometer; autoplay; clipboard-write; encrypted-media; gyroscope; picture-in-picture; web-share\" referrerpolicy=\"strict-origin-when-cross-origin\" allowfullscreen><\/iframe><\/p>\n<p>&nbsp;<\/p>\n","protected":false},"excerpt":{"rendered":"<p><img decoding=\"async\" class=\"emoji\" role=\"img\" draggable=\"false\" src=\"https:\/\/s.w.org\/images\/core\/emoji\/17.0.2\/svg\/1f31f.svg\" alt=\"\ud83c\udf1f\" \/> <strong data-start=\"81\" data-end=\"102\">Preselili smo se!<\/strong> <img decoding=\"async\" class=\"emoji\" role=\"img\" draggable=\"false\" src=\"https:\/\/s.w.org\/images\/core\/emoji\/17.0.2\/svg\/1f31f.svg\" alt=\"\ud83c\udf1f\" \/><br data-start=\"105\" data-end=\"108\" \/>Za \u0161e bolj\u0161o izku\u0161njo nakupovanja nas zdaj najdete na <strong data-start=\"162\" data-end=\"207\"><a class=\"decorated-link\" href=\"https:\/\/sen-shop.si\/tanita\/\" target=\"_new\" rel=\"noopener\" data-start=\"164\" data-end=\"205\">www.sen-shop.si<\/a><\/strong>!<\/p>\n<p>Natan\u010dnost rezultatov je zagotovljena s pomo\u010djo segmentne analiza merjenja: telo razdeli na pet delov (roke, noge in klju\u010dno podro\u010dje v trebuhu).\u00a0Poglobljena\u00a0ocena poleg splo\u0161ne\u00a0meritve telesne sestave pomeni, da lahko dodatno prilagodite va\u0161o vadbo in zastavljene cilje za posebna podro\u010dja, pomaga pa vam kot tudi pomo\u010d za\u00a0prepre\u010devanje po\u0161kodb. Rezultate prika\u017ee \u017ee v 15 sekundah.<\/p>\n<p><strong>Tehni\u010dna podpora in uveljavljanje garancije je mo\u017eno samo za izdelke kupljene v na\u0161i trgovini.<\/strong><\/p>\n[banner_tanita]\n","protected":false},"featured_media":6435,"comment_status":"open","ping_status":"closed","template":"","meta":{"inline_featured_image":false},"product_cat":[85,59],"product_tag":[123,253,255,122,254,120,297,121,298,263],"class_list":["post-205","product","type-product","status-publish","has-post-thumbnail","hentry","product_cat-tanita-analizatorji-telesne-sestave","product_cat-tehtnica-tanita-osebna-raba","product_tag-analizator","product_tag-analizator-telesne-teze","product_tag-osebna-digitalna-tehtnica","product_tag-tehtnica","product_tag-nakup-tanite","product_tag-osebna-raba","product_tag-pametna-tehtnica","product_tag-tanita","product_tag-tanita-tehtnica","product_tag-tehtnica-za-merjenje-telesne-sestave"],"acf":[],"yoast_head":"<!-- This site is optimized with the Yoast SEO plugin v19.13 - https:\/\/yoast.com\/wordpress\/plugins\/seo\/ -->\n<title>TANITA BC-545N Analizator telesne sestave - pametna tehtnica<\/title>\n<meta name=\"description\" content=\"Analizator telesne sestave Tanita BC-545N vam samo v 15 sekundah prika\u017ee celotno analizo telesne sestave. Zdravstveni pregled lahko opravite kar doma.\" \/>\n<meta name=\"robots\" content=\"index, follow, max-snippet:-1, max-image-preview:large, max-video-preview:-1\" \/>\n<link rel=\"canonical\" href=\"https:\/\/sen-shop.com\/sl\/collections\/tanita-analizatorji-telesne-sestave\/tehtnica-tanita-osebna-raba\/tanita-bc-545n\/\" \/>\n<meta property=\"og:locale\" content=\"sl_SI\" \/>\n<meta property=\"og:type\" content=\"article\" \/>\n<meta property=\"og:title\" content=\"TANITA BC-545N Analizator telesne sestave - pametna tehtnica\" \/>\n<meta property=\"og:description\" content=\"Analizator telesne sestave Tanita BC-545N vam samo v 15 sekundah prika\u017ee celotno analizo telesne sestave. Zdravstveni pregled lahko opravite kar doma.\" \/>\n<meta property=\"og:url\" content=\"https:\/\/sen-shop.com\/sl\/collections\/tanita-analizatorji-telesne-sestave\/tehtnica-tanita-osebna-raba\/tanita-bc-545n\/\" \/>\n<meta property=\"og:site_name\" content=\"SEN Shop\" \/>\n<meta property=\"article:publisher\" content=\"https:\/\/www.facebook.com\/Senshopslovenija\" \/>\n<meta property=\"article:modified_time\" content=\"2026-03-12T12:16:42+00:00\" \/>\n<meta property=\"og:image\" content=\"https:\/\/sen-shop.com\/wp-content\/uploads\/2018\/05\/tanita-bc-545-n-ab.png\" \/>\n\t<meta property=\"og:image:width\" content=\"700\" \/>\n\t<meta property=\"og:image:height\" content=\"700\" \/>\n\t<meta property=\"og:image:type\" content=\"image\/png\" \/>\n<meta name=\"twitter:card\" content=\"summary_large_image\" \/>\n<meta name=\"twitter:label1\" content=\"Est. reading time\" \/>\n\t<meta name=\"twitter:data1\" content=\"3 minute\" \/>\n<script type=\"application\/ld+json\" class=\"yoast-schema-graph\">{\"@context\":\"https:\/\/schema.org\",\"@graph\":[{\"@type\":\"WebPage\",\"@id\":\"https:\/\/sen-shop.com\/sl\/collections\/tanita-analizatorji-telesne-sestave\/tehtnica-tanita-osebna-raba\/tanita-bc-545n\/\",\"url\":\"https:\/\/sen-shop.com\/sl\/collections\/tanita-analizatorji-telesne-sestave\/tehtnica-tanita-osebna-raba\/tanita-bc-545n\/\",\"name\":\"TANITA BC-545N Analizator telesne sestave - pametna tehtnica\",\"isPartOf\":{\"@id\":\"https:\/\/sen-shop.com\/sl\/#website\"},\"datePublished\":\"2018-05-17T16:55:04+00:00\",\"dateModified\":\"2026-03-12T12:16:42+00:00\",\"description\":\"Analizator telesne sestave Tanita BC-545N vam samo v 15 sekundah prika\u017ee celotno analizo telesne sestave. Zdravstveni pregled lahko opravite kar doma.\",\"breadcrumb\":{\"@id\":\"https:\/\/sen-shop.com\/sl\/collections\/tanita-analizatorji-telesne-sestave\/tehtnica-tanita-osebna-raba\/tanita-bc-545n\/#breadcrumb\"},\"inLanguage\":\"sl-SI\",\"potentialAction\":[{\"@type\":\"ReadAction\",\"target\":[\"https:\/\/sen-shop.com\/sl\/collections\/tanita-analizatorji-telesne-sestave\/tehtnica-tanita-osebna-raba\/tanita-bc-545n\/\"]}]},{\"@type\":\"BreadcrumbList\",\"@id\":\"https:\/\/sen-shop.com\/sl\/collections\/tanita-analizatorji-telesne-sestave\/tehtnica-tanita-osebna-raba\/tanita-bc-545n\/#breadcrumb\",\"itemListElement\":[{\"@type\":\"ListItem\",\"position\":1,\"name\":\"Home\",\"item\":\"https:\/\/sen-shop.com\/sl\/\"},{\"@type\":\"ListItem\",\"position\":2,\"name\":\"TANITA BC-545N\"}]},{\"@type\":\"WebSite\",\"@id\":\"https:\/\/sen-shop.com\/sl\/#website\",\"url\":\"https:\/\/sen-shop.com\/sl\/\",\"name\":\"SEN Shop\",\"description\":\"Slovensko, Ekolo\u0161ko, Naravno\",\"publisher\":{\"@id\":\"https:\/\/sen-shop.com\/sl\/#organization\"},\"potentialAction\":[{\"@type\":\"SearchAction\",\"target\":{\"@type\":\"EntryPoint\",\"urlTemplate\":\"https:\/\/sen-shop.com\/sl\/?s={search_term_string}\"},\"query-input\":\"required name=search_term_string\"}],\"inLanguage\":\"sl-SI\"},{\"@type\":\"Organization\",\"@id\":\"https:\/\/sen-shop.com\/sl\/#organization\",\"name\":\"Mind trade d.o.o\",\"url\":\"https:\/\/sen-shop.com\/sl\/\",\"logo\":{\"@type\":\"ImageObject\",\"inLanguage\":\"sl-SI\",\"@id\":\"https:\/\/sen-shop.com\/sl\/#\/schema\/logo\/image\/\",\"url\":\"https:\/\/sen-shop.com\/wp-content\/uploads\/2018\/05\/header_logo.png\",\"contentUrl\":\"https:\/\/sen-shop.com\/wp-content\/uploads\/2018\/05\/header_logo.png\",\"width\":138,\"height\":70,\"caption\":\"Mind trade d.o.o\"},\"image\":{\"@id\":\"https:\/\/sen-shop.com\/sl\/#\/schema\/logo\/image\/\"},\"sameAs\":[\"https:\/\/www.instagram.com\/senslovenija\/\",\"https:\/\/www.facebook.com\/Senshopslovenija\"]}]}<\/script>\n<!-- \/ Yoast SEO plugin. -->","yoast_head_json":{"title":"TANITA BC-545N Analizator telesne sestave - pametna tehtnica","description":"Analizator telesne sestave Tanita BC-545N vam samo v 15 sekundah prika\u017ee celotno analizo telesne sestave. Zdravstveni pregled lahko opravite kar doma.","robots":{"index":"index","follow":"follow","max-snippet":"max-snippet:-1","max-image-preview":"max-image-preview:large","max-video-preview":"max-video-preview:-1"},"canonical":"https:\/\/sen-shop.com\/sl\/collections\/tanita-analizatorji-telesne-sestave\/tehtnica-tanita-osebna-raba\/tanita-bc-545n\/","og_locale":"sl_SI","og_type":"article","og_title":"TANITA BC-545N Analizator telesne sestave - pametna tehtnica","og_description":"Analizator telesne sestave Tanita BC-545N vam samo v 15 sekundah prika\u017ee celotno analizo telesne sestave. Zdravstveni pregled lahko opravite kar doma.","og_url":"https:\/\/sen-shop.com\/sl\/collections\/tanita-analizatorji-telesne-sestave\/tehtnica-tanita-osebna-raba\/tanita-bc-545n\/","og_site_name":"SEN Shop","article_publisher":"https:\/\/www.facebook.com\/Senshopslovenija","article_modified_time":"2026-03-12T12:16:42+00:00","og_image":[{"width":700,"height":700,"url":"https:\/\/sen-shop.com\/wp-content\/uploads\/2018\/05\/tanita-bc-545-n-ab.png","type":"image\/png"}],"twitter_card":"summary_large_image","twitter_misc":{"Est. reading time":"3 minute"},"schema":{"@context":"https:\/\/schema.org","@graph":[{"@type":"WebPage","@id":"https:\/\/sen-shop.com\/sl\/collections\/tanita-analizatorji-telesne-sestave\/tehtnica-tanita-osebna-raba\/tanita-bc-545n\/","url":"https:\/\/sen-shop.com\/sl\/collections\/tanita-analizatorji-telesne-sestave\/tehtnica-tanita-osebna-raba\/tanita-bc-545n\/","name":"TANITA BC-545N Analizator telesne sestave - pametna tehtnica","isPartOf":{"@id":"https:\/\/sen-shop.com\/sl\/#website"},"datePublished":"2018-05-17T16:55:04+00:00","dateModified":"2026-03-12T12:16:42+00:00","description":"Analizator telesne sestave Tanita BC-545N vam samo v 15 sekundah prika\u017ee celotno analizo telesne sestave. Zdravstveni pregled lahko opravite kar doma.","breadcrumb":{"@id":"https:\/\/sen-shop.com\/sl\/collections\/tanita-analizatorji-telesne-sestave\/tehtnica-tanita-osebna-raba\/tanita-bc-545n\/#breadcrumb"},"inLanguage":"sl-SI","potentialAction":[{"@type":"ReadAction","target":["https:\/\/sen-shop.com\/sl\/collections\/tanita-analizatorji-telesne-sestave\/tehtnica-tanita-osebna-raba\/tanita-bc-545n\/"]}]},{"@type":"BreadcrumbList","@id":"https:\/\/sen-shop.com\/sl\/collections\/tanita-analizatorji-telesne-sestave\/tehtnica-tanita-osebna-raba\/tanita-bc-545n\/#breadcrumb","itemListElement":[{"@type":"ListItem","position":1,"name":"Home","item":"https:\/\/sen-shop.com\/sl\/"},{"@type":"ListItem","position":2,"name":"TANITA BC-545N"}]},{"@type":"WebSite","@id":"https:\/\/sen-shop.com\/sl\/#website","url":"https:\/\/sen-shop.com\/sl\/","name":"SEN Shop","description":"Slovensko, Ekolo\u0161ko, Naravno","publisher":{"@id":"https:\/\/sen-shop.com\/sl\/#organization"},"potentialAction":[{"@type":"SearchAction","target":{"@type":"EntryPoint","urlTemplate":"https:\/\/sen-shop.com\/sl\/?s={search_term_string}"},"query-input":"required name=search_term_string"}],"inLanguage":"sl-SI"},{"@type":"Organization","@id":"https:\/\/sen-shop.com\/sl\/#organization","name":"Mind trade d.o.o","url":"https:\/\/sen-shop.com\/sl\/","logo":{"@type":"ImageObject","inLanguage":"sl-SI","@id":"https:\/\/sen-shop.com\/sl\/#\/schema\/logo\/image\/","url":"https:\/\/sen-shop.com\/wp-content\/uploads\/2018\/05\/header_logo.png","contentUrl":"https:\/\/sen-shop.com\/wp-content\/uploads\/2018\/05\/header_logo.png","width":138,"height":70,"caption":"Mind trade d.o.o"},"image":{"@id":"https:\/\/sen-shop.com\/sl\/#\/schema\/logo\/image\/"},"sameAs":["https:\/\/www.instagram.com\/senslovenija\/","https:\/\/www.facebook.com\/Senshopslovenija"]}]}},"_links":{"self":[{"href":"https:\/\/sen-shop.com\/sl\/wp-json\/wp\/v2\/product\/205","targetHints":{"allow":["GET"]}}],"collection":[{"href":"https:\/\/sen-shop.com\/sl\/wp-json\/wp\/v2\/product"}],"about":[{"href":"https:\/\/sen-shop.com\/sl\/wp-json\/wp\/v2\/types\/product"}],"replies":[{"embeddable":true,"href":"https:\/\/sen-shop.com\/sl\/wp-json\/wp\/v2\/comments?post=205"}],"wp:featuredmedia":[{"embeddable":true,"href":"https:\/\/sen-shop.com\/sl\/wp-json\/wp\/v2\/media\/6435"}],"wp:attachment":[{"href":"https:\/\/sen-shop.com\/sl\/wp-json\/wp\/v2\/media?parent=205"}],"wp:term":[{"taxonomy":"product_cat","embeddable":true,"href":"https:\/\/sen-shop.com\/sl\/wp-json\/wp\/v2\/product_cat?post=205"},{"taxonomy":"product_tag","embeddable":true,"href":"https:\/\/sen-shop.com\/sl\/wp-json\/wp\/v2\/product_tag?post=205"}],"curies":[{"name":"wp","href":"https:\/\/api.w.org\/{rel}","templated":true}]}}