{"id":20375,"date":"2020-05-21T14:53:50","date_gmt":"2020-05-21T12:53:50","guid":{"rendered":"https:\/\/www.sen-shop.com\/?post_type=product&#038;p=20375"},"modified":"2026-03-02T11:57:28","modified_gmt":"2026-03-02T10:57:28","slug":"naravno-prsilo","status":"publish","type":"product","link":"https:\/\/sen-shop.com\/sl\/collections\/osebna-nega\/nega-telesa\/naravno-prsilo\/","title":{"rendered":"Naravno pr\u0161ilo"},"content":{"rendered":"<p>[vc_row][vc_column][vc_column_text css=&#8221;.vc_custom_1625055521897{padding-top: 30px !important;padding-right: 30px !important;padding-bottom: 30px !important;padding-left: 30px !important;background-color: #c9db95 !important;}&#8221;]<strong>Sestava<\/strong>: Naravna eteri\u010dna olja BIO limonskega evkalipta, BIO zelene mete, BIO citronele, BIO palmarose in z BIO hidrolatom ro\u017emarina.<\/p>\n<p>[\/vc_column_text][\/vc_column][\/vc_row][vc_row][vc_column][vc_column_text css=&#8221;.vc_custom_1625055569609{padding-top: 30px !important;padding-right: 30px !important;padding-bottom: 30px !important;padding-left: 30px !important;background-color: #ededed !important;}&#8221;]Koli\u010dina: 100ml<\/p>\n<p>[\/vc_column_text][\/vc_column][\/vc_row][vc_row][vc_column][vc_column_text]<strong>Opozorila:<\/strong> Shranjujte nedosegljivo otrokom. Ne pr\u0161ite po obrazu. Mo\u017ena je preob\u010dutljivost na eteri\u010dna olja. Ob pojavu alergijske reakcije prenehajte z uporabo.[\/vc_column_text][\/vc_column][\/vc_row]<\/p>\n","protected":false},"excerpt":{"rendered":"<p><strong><img decoding=\"async\" class=\"emoji\" role=\"img\" draggable=\"false\" src=\"https:\/\/s.w.org\/images\/core\/emoji\/17.0.2\/svg\/1f31f.svg\" alt=\"\ud83c\udf1f\" \/> Preselili smo se! <img decoding=\"async\" class=\"emoji\" role=\"img\" draggable=\"false\" src=\"https:\/\/s.w.org\/images\/core\/emoji\/17.0.2\/svg\/1f31f.svg\" alt=\"\ud83c\udf1f\" \/><br data-start=\"105\" data-end=\"108\" \/>Za \u0161e bolj\u0161o izku\u0161njo nakupovanja nas zdaj najdete na <a class=\"decorated-link\" href=\"http:\/\/www.sen-shop.si\/\" target=\"_new\" rel=\"noopener\" data-start=\"164\" data-end=\"205\">www.sen-shop.si<\/a>!<\/p>\n<p>100% naravno<\/strong> pr\u0161ilo za aktivnosti v naravi. <strong>Prijetnega vonja<\/strong> in <strong>ne pu\u0161\u010da sledi na obla\u010dilih.<\/strong> S sprejem se popr\u0161i po potrebi <strong>na ko\u017eo <\/strong>ali <strong>obla\u010dila.<\/strong> Ponovi nanos na <strong>4 ure<\/strong>. Priro\u010dna \u017eepna embala\u017ea, ki je z vami povsod na poti. 100% naravne sestavine: <strong>eteri\u010dna olja limonskega evkalipta, zelene mete, citronele, palmarose in hidrolat ro\u017emarina.<\/strong><\/p>\n<p>Eteri\u010dna olja, ki imajo za nadloge neprijeten vonj. Ne pusti lepljivi in neprijeten ob\u010dutek na ko\u017ei. Slovenski izdelek.<\/p>\n<p><strong>Primerno tudi za OTROKE<\/strong> <strong>od 3. leta dalje.<\/strong><\/p>\n[banner_zeliscni]\n","protected":false},"featured_media":25969,"comment_status":"open","ping_status":"closed","template":"","meta":{"inline_featured_image":false},"product_cat":[75,56,79,365],"product_tag":[],"class_list":["post-20375","product","type-product","status-publish","has-post-thumbnail","hentry","product_cat-nega-telesa","product_cat-osebna-nega","product_cat-otroci","product_cat-crni-petek"],"acf":[],"yoast_head":"<!-- This site is optimized with the Yoast SEO plugin v19.13 - https:\/\/yoast.com\/wordpress\/plugins\/seo\/ -->\n<title>Naravna za\u0161\u010dita pred klopi in komarji - Sen \u017ee 22 let z vami<\/title>\n<meta name=\"description\" content=\"100% naravno pr\u0161ilo proti klopom in komarjem. Naravna eteri\u010dna olja limonskega evkalipta in ro\u017emarina. Za\u0161\u010dita pred klopi in komarji.\" \/>\n<meta name=\"robots\" content=\"index, follow, max-snippet:-1, max-image-preview:large, max-video-preview:-1\" \/>\n<link rel=\"canonical\" href=\"https:\/\/sen-shop.com\/sl\/collections\/osebna-nega\/nega-telesa\/naravno-prsilo\/\" \/>\n<meta property=\"og:locale\" content=\"sl_SI\" \/>\n<meta property=\"og:type\" content=\"article\" \/>\n<meta property=\"og:title\" content=\"Naravna za\u0161\u010dita pred klopi in komarji - Sen \u017ee 22 let z vami\" \/>\n<meta property=\"og:description\" content=\"100% naravno pr\u0161ilo proti klopom in komarjem. Naravna eteri\u010dna olja limonskega evkalipta in ro\u017emarina. Za\u0161\u010dita pred klopi in komarji.\" \/>\n<meta property=\"og:url\" content=\"https:\/\/sen-shop.com\/sl\/collections\/osebna-nega\/nega-telesa\/naravno-prsilo\/\" \/>\n<meta property=\"og:site_name\" content=\"SEN Shop\" \/>\n<meta property=\"article:publisher\" content=\"https:\/\/www.facebook.com\/Senshopslovenija\" \/>\n<meta property=\"article:modified_time\" content=\"2026-03-02T10:57:28+00:00\" \/>\n<meta property=\"og:image\" content=\"https:\/\/sen-shop.com\/wp-content\/uploads\/2020\/05\/naravno-prsilo-za-aktivnosti-v-naravi-proti-klopom-in-komarjem.jpg\" \/>\n\t<meta property=\"og:image:width\" content=\"1000\" \/>\n\t<meta property=\"og:image:height\" content=\"1143\" \/>\n\t<meta property=\"og:image:type\" content=\"image\/jpeg\" \/>\n<meta name=\"twitter:card\" content=\"summary_large_image\" \/>\n<meta name=\"twitter:label1\" content=\"Est. reading time\" \/>\n\t<meta name=\"twitter:data1\" content=\"1 minuta\" \/>\n<script type=\"application\/ld+json\" class=\"yoast-schema-graph\">{\"@context\":\"https:\/\/schema.org\",\"@graph\":[{\"@type\":\"WebPage\",\"@id\":\"https:\/\/sen-shop.com\/sl\/collections\/osebna-nega\/nega-telesa\/naravno-prsilo\/\",\"url\":\"https:\/\/sen-shop.com\/sl\/collections\/osebna-nega\/nega-telesa\/naravno-prsilo\/\",\"name\":\"Naravna za\u0161\u010dita pred klopi in komarji - Sen \u017ee 22 let z vami\",\"isPartOf\":{\"@id\":\"https:\/\/sen-shop.com\/sl\/#website\"},\"datePublished\":\"2020-05-21T12:53:50+00:00\",\"dateModified\":\"2026-03-02T10:57:28+00:00\",\"description\":\"100% naravno pr\u0161ilo proti klopom in komarjem. Naravna eteri\u010dna olja limonskega evkalipta in ro\u017emarina. Za\u0161\u010dita pred klopi in komarji.\",\"breadcrumb\":{\"@id\":\"https:\/\/sen-shop.com\/sl\/collections\/osebna-nega\/nega-telesa\/naravno-prsilo\/#breadcrumb\"},\"inLanguage\":\"sl-SI\",\"potentialAction\":[{\"@type\":\"ReadAction\",\"target\":[\"https:\/\/sen-shop.com\/sl\/collections\/osebna-nega\/nega-telesa\/naravno-prsilo\/\"]}]},{\"@type\":\"BreadcrumbList\",\"@id\":\"https:\/\/sen-shop.com\/sl\/collections\/osebna-nega\/nega-telesa\/naravno-prsilo\/#breadcrumb\",\"itemListElement\":[{\"@type\":\"ListItem\",\"position\":1,\"name\":\"Home\",\"item\":\"https:\/\/sen-shop.com\/sl\/\"},{\"@type\":\"ListItem\",\"position\":2,\"name\":\"Naravno pr\u0161ilo\"}]},{\"@type\":\"WebSite\",\"@id\":\"https:\/\/sen-shop.com\/sl\/#website\",\"url\":\"https:\/\/sen-shop.com\/sl\/\",\"name\":\"SEN Shop\",\"description\":\"Slovensko, Ekolo\u0161ko, Naravno\",\"publisher\":{\"@id\":\"https:\/\/sen-shop.com\/sl\/#organization\"},\"potentialAction\":[{\"@type\":\"SearchAction\",\"target\":{\"@type\":\"EntryPoint\",\"urlTemplate\":\"https:\/\/sen-shop.com\/sl\/?s={search_term_string}\"},\"query-input\":\"required name=search_term_string\"}],\"inLanguage\":\"sl-SI\"},{\"@type\":\"Organization\",\"@id\":\"https:\/\/sen-shop.com\/sl\/#organization\",\"name\":\"Mind trade d.o.o\",\"url\":\"https:\/\/sen-shop.com\/sl\/\",\"logo\":{\"@type\":\"ImageObject\",\"inLanguage\":\"sl-SI\",\"@id\":\"https:\/\/sen-shop.com\/sl\/#\/schema\/logo\/image\/\",\"url\":\"https:\/\/sen-shop.com\/wp-content\/uploads\/2018\/05\/header_logo.png\",\"contentUrl\":\"https:\/\/sen-shop.com\/wp-content\/uploads\/2018\/05\/header_logo.png\",\"width\":138,\"height\":70,\"caption\":\"Mind trade d.o.o\"},\"image\":{\"@id\":\"https:\/\/sen-shop.com\/sl\/#\/schema\/logo\/image\/\"},\"sameAs\":[\"https:\/\/www.instagram.com\/senslovenija\/\",\"https:\/\/www.facebook.com\/Senshopslovenija\"]}]}<\/script>\n<!-- \/ Yoast SEO plugin. -->","yoast_head_json":{"title":"Naravna za\u0161\u010dita pred klopi in komarji - Sen \u017ee 22 let z vami","description":"100% naravno pr\u0161ilo proti klopom in komarjem. Naravna eteri\u010dna olja limonskega evkalipta in ro\u017emarina. Za\u0161\u010dita pred klopi in komarji.","robots":{"index":"index","follow":"follow","max-snippet":"max-snippet:-1","max-image-preview":"max-image-preview:large","max-video-preview":"max-video-preview:-1"},"canonical":"https:\/\/sen-shop.com\/sl\/collections\/osebna-nega\/nega-telesa\/naravno-prsilo\/","og_locale":"sl_SI","og_type":"article","og_title":"Naravna za\u0161\u010dita pred klopi in komarji - Sen \u017ee 22 let z vami","og_description":"100% naravno pr\u0161ilo proti klopom in komarjem. Naravna eteri\u010dna olja limonskega evkalipta in ro\u017emarina. Za\u0161\u010dita pred klopi in komarji.","og_url":"https:\/\/sen-shop.com\/sl\/collections\/osebna-nega\/nega-telesa\/naravno-prsilo\/","og_site_name":"SEN Shop","article_publisher":"https:\/\/www.facebook.com\/Senshopslovenija","article_modified_time":"2026-03-02T10:57:28+00:00","og_image":[{"width":1000,"height":1143,"url":"https:\/\/sen-shop.com\/wp-content\/uploads\/2020\/05\/naravno-prsilo-za-aktivnosti-v-naravi-proti-klopom-in-komarjem.jpg","type":"image\/jpeg"}],"twitter_card":"summary_large_image","twitter_misc":{"Est. reading time":"1 minuta"},"schema":{"@context":"https:\/\/schema.org","@graph":[{"@type":"WebPage","@id":"https:\/\/sen-shop.com\/sl\/collections\/osebna-nega\/nega-telesa\/naravno-prsilo\/","url":"https:\/\/sen-shop.com\/sl\/collections\/osebna-nega\/nega-telesa\/naravno-prsilo\/","name":"Naravna za\u0161\u010dita pred klopi in komarji - Sen \u017ee 22 let z vami","isPartOf":{"@id":"https:\/\/sen-shop.com\/sl\/#website"},"datePublished":"2020-05-21T12:53:50+00:00","dateModified":"2026-03-02T10:57:28+00:00","description":"100% naravno pr\u0161ilo proti klopom in komarjem. Naravna eteri\u010dna olja limonskega evkalipta in ro\u017emarina. Za\u0161\u010dita pred klopi in komarji.","breadcrumb":{"@id":"https:\/\/sen-shop.com\/sl\/collections\/osebna-nega\/nega-telesa\/naravno-prsilo\/#breadcrumb"},"inLanguage":"sl-SI","potentialAction":[{"@type":"ReadAction","target":["https:\/\/sen-shop.com\/sl\/collections\/osebna-nega\/nega-telesa\/naravno-prsilo\/"]}]},{"@type":"BreadcrumbList","@id":"https:\/\/sen-shop.com\/sl\/collections\/osebna-nega\/nega-telesa\/naravno-prsilo\/#breadcrumb","itemListElement":[{"@type":"ListItem","position":1,"name":"Home","item":"https:\/\/sen-shop.com\/sl\/"},{"@type":"ListItem","position":2,"name":"Naravno pr\u0161ilo"}]},{"@type":"WebSite","@id":"https:\/\/sen-shop.com\/sl\/#website","url":"https:\/\/sen-shop.com\/sl\/","name":"SEN Shop","description":"Slovensko, Ekolo\u0161ko, Naravno","publisher":{"@id":"https:\/\/sen-shop.com\/sl\/#organization"},"potentialAction":[{"@type":"SearchAction","target":{"@type":"EntryPoint","urlTemplate":"https:\/\/sen-shop.com\/sl\/?s={search_term_string}"},"query-input":"required name=search_term_string"}],"inLanguage":"sl-SI"},{"@type":"Organization","@id":"https:\/\/sen-shop.com\/sl\/#organization","name":"Mind trade d.o.o","url":"https:\/\/sen-shop.com\/sl\/","logo":{"@type":"ImageObject","inLanguage":"sl-SI","@id":"https:\/\/sen-shop.com\/sl\/#\/schema\/logo\/image\/","url":"https:\/\/sen-shop.com\/wp-content\/uploads\/2018\/05\/header_logo.png","contentUrl":"https:\/\/sen-shop.com\/wp-content\/uploads\/2018\/05\/header_logo.png","width":138,"height":70,"caption":"Mind trade d.o.o"},"image":{"@id":"https:\/\/sen-shop.com\/sl\/#\/schema\/logo\/image\/"},"sameAs":["https:\/\/www.instagram.com\/senslovenija\/","https:\/\/www.facebook.com\/Senshopslovenija"]}]}},"_links":{"self":[{"href":"https:\/\/sen-shop.com\/sl\/wp-json\/wp\/v2\/product\/20375","targetHints":{"allow":["GET"]}}],"collection":[{"href":"https:\/\/sen-shop.com\/sl\/wp-json\/wp\/v2\/product"}],"about":[{"href":"https:\/\/sen-shop.com\/sl\/wp-json\/wp\/v2\/types\/product"}],"replies":[{"embeddable":true,"href":"https:\/\/sen-shop.com\/sl\/wp-json\/wp\/v2\/comments?post=20375"}],"wp:featuredmedia":[{"embeddable":true,"href":"https:\/\/sen-shop.com\/sl\/wp-json\/wp\/v2\/media\/25969"}],"wp:attachment":[{"href":"https:\/\/sen-shop.com\/sl\/wp-json\/wp\/v2\/media?parent=20375"}],"wp:term":[{"taxonomy":"product_cat","embeddable":true,"href":"https:\/\/sen-shop.com\/sl\/wp-json\/wp\/v2\/product_cat?post=20375"},{"taxonomy":"product_tag","embeddable":true,"href":"https:\/\/sen-shop.com\/sl\/wp-json\/wp\/v2\/product_tag?post=20375"}],"curies":[{"name":"wp","href":"https:\/\/api.w.org\/{rel}","templated":true}]}}