{"id":200,"date":"2016-10-09T11:22:44","date_gmt":"2016-10-09T09:22:44","guid":{"rendered":"https:\/\/www.sen-shop.com\/?post_type=product&#038;p=200"},"modified":"2026-03-02T12:02:22","modified_gmt":"2026-03-02T11:02:22","slug":"tanita-dc-430-ma-prenosni-model","status":"publish","type":"product","link":"https:\/\/sen-shop.com\/sl\/collections\/tanita-analizatorji-telesne-sestave\/tanita-profesionalna-raba\/tanita-dc-430-ma-prenosni-model\/","title":{"rendered":"TANITA DC-430 MA prenosna"},"content":{"rendered":"<p>Diagnosti\u010dni analizator TANITA DC-430 MA &#8211; prenosni model<\/p>\n<p>Najnovej\u0161i dvo-frekven\u010dni profesionalni analizator telesne sestave, vam na preglednem LCD zaslonu prika\u017ee izmerjene podatke v samo 15 sekundah. Poleg tega vam preko vgrajenega tiskalnika podatke tudi natisne. Maritve je mo\u017eno prena\u0161ati in shranjevati preko prilo\u017eene USB kartice.<\/p>\n<h5><strong>LASTNOSTI ANALIZATORJA TANITA DC-430 MA:<\/strong><\/h5>\n<ul>\n<li>natan\u010dna analiza telesne sestave v le nekaj sekundah,<\/li>\n<li>dvo-frekven\u010dna (2-frekven\u010dna) BIA metoda,<\/li>\n<li>ob\u0161iren izpis rezultatov za poglobljene ocene,<\/li>\n<li>USB povezava z ra\u010dunalnikom,<\/li>\n<li>izpis rezultatov preko vgrajenega tiskalnika,<\/li>\n<li>re\u017ea za SD kartice,<\/li>\n<li>LCD zaslon za nazoren pregled rezultatov.<\/li>\n<\/ul>\n<p><strong>ANALIZATOR VAM PRIKA\u017dE:<\/strong><\/p>\n<p>te\u017eo,<br \/>\n% ma\u0161\u010dobe,<br \/>\nnivo ma\u0161\u010dobe v trebu\u0161nem predelu (visceralna ma\u0161\u010doba),<br \/>\nmi\u0161i\u010dno maso,<br \/>\n% vode,<br \/>\nbazalni metabolizem &#8211; BMR,<br \/>\nindeks telesne mase &#8211; BMI,<br \/>\noceno postave,<br \/>\nstarost metabolizma.<\/p>\n<p>Analizator je opremljen tako s standardno, kot tudi z mo\u017enostjo merjenja za \u0161portnike.<\/p>\n<p><strong>NATAN\u010cNOST REZULTATOV:<\/strong><\/p>\n<p>Te\u017ea 0-270kg:\u00a00.1kg natan\u010dno<br \/>\nMa\u0161\u010doba 1-55%:\u00a00.1% natan\u010dno<br \/>\nMi\u0161i\u010dna masa:\u00a00.1kg natan\u010dno<br \/>\nBMI:\u00a00.1 natan\u010dno<br \/>\nBazalni metabolizem:\u00a01kcal \/ 1kJ natan\u010dno<br \/>\nVisceralna ma\u0161\u010doba 1 &#8211; 59:\u00a01 natan\u010dno<\/p>\n<p><strong>DODATNO:<\/strong><\/p>\n<p>razpon starosti: 5-99 let (od letnika 1900 dalje),<br \/>\nSD kartica,<br \/>\nUSB ali RS232 ra\u010dunalni\u0161ka povezava,<br \/>\ndimenzije: 380mm x 360mm x 94mm,<br \/>\nte\u017ea: 7kg,<br \/>\ngarancija: 3 leta.<\/p>\n<p>MDD (class II-a) Approved, NAWI class III (v skladu z EU in Slovensko zakonodajo; diagnosti\u010dni analizator je mo\u017eno medicinsko overiti).<br \/>\nNa\u0161e podjetje je \u017ee od leta 1998 ekskluzivni zastopnik in distributer za Tanito v Sloveniji. V devetnajstih\u00a0letih dela smo si pridobili veliko znanja in izku\u0161enj z delom z analizatorji, katere z veseljem delimo tudi z vami.<\/p>\n","protected":false},"excerpt":{"rendered":"<p><img decoding=\"async\" class=\"emoji\" role=\"img\" draggable=\"false\" src=\"https:\/\/s.w.org\/images\/core\/emoji\/17.0.2\/svg\/1f31f.svg\" alt=\"\ud83c\udf1f\" \/> <strong data-start=\"81\" data-end=\"102\">Preselili smo se!<\/strong> <img decoding=\"async\" class=\"emoji\" role=\"img\" draggable=\"false\" src=\"https:\/\/s.w.org\/images\/core\/emoji\/17.0.2\/svg\/1f31f.svg\" alt=\"\ud83c\udf1f\" \/><br data-start=\"105\" data-end=\"108\" \/>Za \u0161e bolj\u0161o izku\u0161njo nakupovanja nas zdaj najdete na <strong data-start=\"162\" data-end=\"207\"><a class=\"decorated-link\" href=\"https:\/\/sen-shop.si\/tanita\/\" target=\"_new\" rel=\"noopener\" data-start=\"164\" data-end=\"205\">www.sen-shop.si<\/a><\/strong>!<\/p>\n<p>Najnovej\u0161i dvo-frekven\u010dni profesionalni analizator telesne sestave, vam na preglednem LCD zaslonu prika\u017ee izmerjene podatke v samo 15 sekundah. Poleg tega vam preko vgrajenega tiskalnika podatke tudi natisne. Maritve je mo\u017eno prena\u0161ati in shranjevati preko prilo\u017eene USB kartice.<\/p>\n","protected":false},"featured_media":61359,"comment_status":"open","ping_status":"closed","template":"","meta":{"inline_featured_image":false},"product_cat":[85,58],"product_tag":[122,124],"class_list":["post-200","product","type-product","status-publish","has-post-thumbnail","hentry","product_cat-tanita-analizatorji-telesne-sestave","product_cat-tanita-profesionalna-raba","product_tag-tehtnica","product_tag-profesionalna-raba","yith_product_brand-tanita","yith_product_brand-tanita-tmab"],"acf":[],"yoast_head":"<!-- This site is optimized with the Yoast SEO plugin v19.13 - https:\/\/yoast.com\/wordpress\/plugins\/seo\/ -->\n<title>Diagnosti\u010dni analizator TANITA DC-430 MA prenosni model.<\/title>\n<meta name=\"description\" content=\"Diagnosti\u010dni analizator telesne sestave TANITA DC-430 MA vam pomaga do medicinske natan\u010dnosti merjenja va\u0161ih strank. Prenosni model.\" \/>\n<meta name=\"robots\" content=\"index, follow, max-snippet:-1, max-image-preview:large, max-video-preview:-1\" \/>\n<link rel=\"canonical\" href=\"https:\/\/sen-shop.com\/sl\/collections\/tanita-analizatorji-telesne-sestave\/tanita-profesionalna-raba\/tanita-dc-430-ma-prenosni-model\/\" \/>\n<meta property=\"og:locale\" content=\"sl_SI\" \/>\n<meta property=\"og:type\" content=\"article\" \/>\n<meta property=\"og:title\" content=\"Diagnosti\u010dni analizator TANITA DC-430 MA prenosni model.\" \/>\n<meta property=\"og:description\" content=\"Diagnosti\u010dni analizator telesne sestave TANITA DC-430 MA vam pomaga do medicinske natan\u010dnosti merjenja va\u0161ih strank. Prenosni model.\" \/>\n<meta property=\"og:url\" content=\"https:\/\/sen-shop.com\/sl\/collections\/tanita-analizatorji-telesne-sestave\/tanita-profesionalna-raba\/tanita-dc-430-ma-prenosni-model\/\" \/>\n<meta property=\"og:site_name\" content=\"SEN Shop\" \/>\n<meta property=\"article:publisher\" content=\"https:\/\/www.facebook.com\/Senshopslovenija\" \/>\n<meta property=\"article:modified_time\" content=\"2026-03-02T11:02:22+00:00\" \/>\n<meta property=\"og:image\" content=\"https:\/\/sen-shop.com\/wp-content\/uploads\/2016\/10\/tanita-DC-430ma-prenosna.jpg\" \/>\n\t<meta property=\"og:image:width\" content=\"1080\" \/>\n\t<meta property=\"og:image:height\" content=\"1080\" \/>\n\t<meta property=\"og:image:type\" content=\"image\/jpeg\" \/>\n<meta name=\"twitter:card\" content=\"summary_large_image\" \/>\n<meta name=\"twitter:label1\" content=\"Est. reading time\" \/>\n\t<meta name=\"twitter:data1\" content=\"2 minuti\" \/>\n<script type=\"application\/ld+json\" class=\"yoast-schema-graph\">{\"@context\":\"https:\/\/schema.org\",\"@graph\":[{\"@type\":\"WebPage\",\"@id\":\"https:\/\/sen-shop.com\/sl\/collections\/tanita-analizatorji-telesne-sestave\/tanita-profesionalna-raba\/tanita-dc-430-ma-prenosni-model\/\",\"url\":\"https:\/\/sen-shop.com\/sl\/collections\/tanita-analizatorji-telesne-sestave\/tanita-profesionalna-raba\/tanita-dc-430-ma-prenosni-model\/\",\"name\":\"Diagnosti\u010dni analizator TANITA DC-430 MA prenosni model.\",\"isPartOf\":{\"@id\":\"https:\/\/sen-shop.com\/sl\/#website\"},\"datePublished\":\"2016-10-09T09:22:44+00:00\",\"dateModified\":\"2026-03-02T11:02:22+00:00\",\"description\":\"Diagnosti\u010dni analizator telesne sestave TANITA DC-430 MA vam pomaga do medicinske natan\u010dnosti merjenja va\u0161ih strank. Prenosni model.\",\"breadcrumb\":{\"@id\":\"https:\/\/sen-shop.com\/sl\/collections\/tanita-analizatorji-telesne-sestave\/tanita-profesionalna-raba\/tanita-dc-430-ma-prenosni-model\/#breadcrumb\"},\"inLanguage\":\"sl-SI\",\"potentialAction\":[{\"@type\":\"ReadAction\",\"target\":[\"https:\/\/sen-shop.com\/sl\/collections\/tanita-analizatorji-telesne-sestave\/tanita-profesionalna-raba\/tanita-dc-430-ma-prenosni-model\/\"]}]},{\"@type\":\"BreadcrumbList\",\"@id\":\"https:\/\/sen-shop.com\/sl\/collections\/tanita-analizatorji-telesne-sestave\/tanita-profesionalna-raba\/tanita-dc-430-ma-prenosni-model\/#breadcrumb\",\"itemListElement\":[{\"@type\":\"ListItem\",\"position\":1,\"name\":\"Home\",\"item\":\"https:\/\/sen-shop.com\/sl\/\"},{\"@type\":\"ListItem\",\"position\":2,\"name\":\"TANITA DC-430 MA prenosna\"}]},{\"@type\":\"WebSite\",\"@id\":\"https:\/\/sen-shop.com\/sl\/#website\",\"url\":\"https:\/\/sen-shop.com\/sl\/\",\"name\":\"SEN Shop\",\"description\":\"Slovensko, Ekolo\u0161ko, Naravno\",\"publisher\":{\"@id\":\"https:\/\/sen-shop.com\/sl\/#organization\"},\"potentialAction\":[{\"@type\":\"SearchAction\",\"target\":{\"@type\":\"EntryPoint\",\"urlTemplate\":\"https:\/\/sen-shop.com\/sl\/?s={search_term_string}\"},\"query-input\":\"required name=search_term_string\"}],\"inLanguage\":\"sl-SI\"},{\"@type\":\"Organization\",\"@id\":\"https:\/\/sen-shop.com\/sl\/#organization\",\"name\":\"Mind trade d.o.o\",\"url\":\"https:\/\/sen-shop.com\/sl\/\",\"logo\":{\"@type\":\"ImageObject\",\"inLanguage\":\"sl-SI\",\"@id\":\"https:\/\/sen-shop.com\/sl\/#\/schema\/logo\/image\/\",\"url\":\"https:\/\/sen-shop.com\/wp-content\/uploads\/2018\/05\/header_logo.png\",\"contentUrl\":\"https:\/\/sen-shop.com\/wp-content\/uploads\/2018\/05\/header_logo.png\",\"width\":138,\"height\":70,\"caption\":\"Mind trade d.o.o\"},\"image\":{\"@id\":\"https:\/\/sen-shop.com\/sl\/#\/schema\/logo\/image\/\"},\"sameAs\":[\"https:\/\/www.instagram.com\/senslovenija\/\",\"https:\/\/www.facebook.com\/Senshopslovenija\"]}]}<\/script>\n<!-- \/ Yoast SEO plugin. -->","yoast_head_json":{"title":"Diagnosti\u010dni analizator TANITA DC-430 MA prenosni model.","description":"Diagnosti\u010dni analizator telesne sestave TANITA DC-430 MA vam pomaga do medicinske natan\u010dnosti merjenja va\u0161ih strank. Prenosni model.","robots":{"index":"index","follow":"follow","max-snippet":"max-snippet:-1","max-image-preview":"max-image-preview:large","max-video-preview":"max-video-preview:-1"},"canonical":"https:\/\/sen-shop.com\/sl\/collections\/tanita-analizatorji-telesne-sestave\/tanita-profesionalna-raba\/tanita-dc-430-ma-prenosni-model\/","og_locale":"sl_SI","og_type":"article","og_title":"Diagnosti\u010dni analizator TANITA DC-430 MA prenosni model.","og_description":"Diagnosti\u010dni analizator telesne sestave TANITA DC-430 MA vam pomaga do medicinske natan\u010dnosti merjenja va\u0161ih strank. Prenosni model.","og_url":"https:\/\/sen-shop.com\/sl\/collections\/tanita-analizatorji-telesne-sestave\/tanita-profesionalna-raba\/tanita-dc-430-ma-prenosni-model\/","og_site_name":"SEN Shop","article_publisher":"https:\/\/www.facebook.com\/Senshopslovenija","article_modified_time":"2026-03-02T11:02:22+00:00","og_image":[{"width":1080,"height":1080,"url":"https:\/\/sen-shop.com\/wp-content\/uploads\/2016\/10\/tanita-DC-430ma-prenosna.jpg","type":"image\/jpeg"}],"twitter_card":"summary_large_image","twitter_misc":{"Est. reading time":"2 minuti"},"schema":{"@context":"https:\/\/schema.org","@graph":[{"@type":"WebPage","@id":"https:\/\/sen-shop.com\/sl\/collections\/tanita-analizatorji-telesne-sestave\/tanita-profesionalna-raba\/tanita-dc-430-ma-prenosni-model\/","url":"https:\/\/sen-shop.com\/sl\/collections\/tanita-analizatorji-telesne-sestave\/tanita-profesionalna-raba\/tanita-dc-430-ma-prenosni-model\/","name":"Diagnosti\u010dni analizator TANITA DC-430 MA prenosni model.","isPartOf":{"@id":"https:\/\/sen-shop.com\/sl\/#website"},"datePublished":"2016-10-09T09:22:44+00:00","dateModified":"2026-03-02T11:02:22+00:00","description":"Diagnosti\u010dni analizator telesne sestave TANITA DC-430 MA vam pomaga do medicinske natan\u010dnosti merjenja va\u0161ih strank. Prenosni model.","breadcrumb":{"@id":"https:\/\/sen-shop.com\/sl\/collections\/tanita-analizatorji-telesne-sestave\/tanita-profesionalna-raba\/tanita-dc-430-ma-prenosni-model\/#breadcrumb"},"inLanguage":"sl-SI","potentialAction":[{"@type":"ReadAction","target":["https:\/\/sen-shop.com\/sl\/collections\/tanita-analizatorji-telesne-sestave\/tanita-profesionalna-raba\/tanita-dc-430-ma-prenosni-model\/"]}]},{"@type":"BreadcrumbList","@id":"https:\/\/sen-shop.com\/sl\/collections\/tanita-analizatorji-telesne-sestave\/tanita-profesionalna-raba\/tanita-dc-430-ma-prenosni-model\/#breadcrumb","itemListElement":[{"@type":"ListItem","position":1,"name":"Home","item":"https:\/\/sen-shop.com\/sl\/"},{"@type":"ListItem","position":2,"name":"TANITA DC-430 MA prenosna"}]},{"@type":"WebSite","@id":"https:\/\/sen-shop.com\/sl\/#website","url":"https:\/\/sen-shop.com\/sl\/","name":"SEN Shop","description":"Slovensko, Ekolo\u0161ko, Naravno","publisher":{"@id":"https:\/\/sen-shop.com\/sl\/#organization"},"potentialAction":[{"@type":"SearchAction","target":{"@type":"EntryPoint","urlTemplate":"https:\/\/sen-shop.com\/sl\/?s={search_term_string}"},"query-input":"required name=search_term_string"}],"inLanguage":"sl-SI"},{"@type":"Organization","@id":"https:\/\/sen-shop.com\/sl\/#organization","name":"Mind trade d.o.o","url":"https:\/\/sen-shop.com\/sl\/","logo":{"@type":"ImageObject","inLanguage":"sl-SI","@id":"https:\/\/sen-shop.com\/sl\/#\/schema\/logo\/image\/","url":"https:\/\/sen-shop.com\/wp-content\/uploads\/2018\/05\/header_logo.png","contentUrl":"https:\/\/sen-shop.com\/wp-content\/uploads\/2018\/05\/header_logo.png","width":138,"height":70,"caption":"Mind trade d.o.o"},"image":{"@id":"https:\/\/sen-shop.com\/sl\/#\/schema\/logo\/image\/"},"sameAs":["https:\/\/www.instagram.com\/senslovenija\/","https:\/\/www.facebook.com\/Senshopslovenija"]}]}},"_links":{"self":[{"href":"https:\/\/sen-shop.com\/sl\/wp-json\/wp\/v2\/product\/200","targetHints":{"allow":["GET"]}}],"collection":[{"href":"https:\/\/sen-shop.com\/sl\/wp-json\/wp\/v2\/product"}],"about":[{"href":"https:\/\/sen-shop.com\/sl\/wp-json\/wp\/v2\/types\/product"}],"replies":[{"embeddable":true,"href":"https:\/\/sen-shop.com\/sl\/wp-json\/wp\/v2\/comments?post=200"}],"wp:featuredmedia":[{"embeddable":true,"href":"https:\/\/sen-shop.com\/sl\/wp-json\/wp\/v2\/media\/61359"}],"wp:attachment":[{"href":"https:\/\/sen-shop.com\/sl\/wp-json\/wp\/v2\/media?parent=200"}],"wp:term":[{"taxonomy":"product_cat","embeddable":true,"href":"https:\/\/sen-shop.com\/sl\/wp-json\/wp\/v2\/product_cat?post=200"},{"taxonomy":"product_tag","embeddable":true,"href":"https:\/\/sen-shop.com\/sl\/wp-json\/wp\/v2\/product_tag?post=200"}],"curies":[{"name":"wp","href":"https:\/\/api.w.org\/{rel}","templated":true}]}}