{"id":195,"date":"2016-10-11T11:20:09","date_gmt":"2016-10-11T09:20:09","guid":{"rendered":"https:\/\/www.sen-shop.com\/?post_type=product&#038;p=195"},"modified":"2026-03-02T12:03:24","modified_gmt":"2026-03-02T11:03:24","slug":"tanita-mc-780-ma-prenosni-model","status":"publish","type":"product","link":"https:\/\/sen-shop.com\/sl\/collections\/tanita-analizatorji-telesne-sestave\/tanita-profesionalna-raba\/tanita-mc-780-ma-prenosni-model\/","title":{"rendered":"TANITA MC-780 MA prenosna"},"content":{"rendered":"<p>Bioimpedan\u010dna analiza TANITA MC-780 MA &#8211; prenosni model<\/p>\n<p>Najnovej\u0161i ve\u010d-frekven\u010dni (3) profesionalni analizator telesne sestave, namenjen strankam, ki \u017eelijo najvi\u0161ji nivo zanesljivosti rezultatov in kvalitete.<\/p>\n<p>LASTNOSTI ANALIZATORJA:<\/p>\n<p>natan\u010dna segmentna analiza telesne sestave v le nekaj sekundah,<br \/>\nve\u010d-frekven\u010dna (3-frekven\u010dna) BIA metoda,<br \/>\nob\u0161iren izpis rezultatov za poglobljene ocene,<br \/>\nUSB povezava z ra\u010dunalnikom,<br \/>\nWIFI prenos podatkov preko bluetooth vmesnika,<br \/>\nneposredna povezava in izpis podatkov preko vseh PictBridge tiskalnikov,<br \/>\nre\u017ea za SD kartice,<br \/>\nvelik zaslon za nazoren pregled rezultatov.<\/p>\n<h5>ANALIZATOR TANITA MC-780 MA VAM PRIKA\u017dE:<\/h5>\n<p>te\u017eo,<br \/>\n% ma\u0161\u010dobe,<br \/>\nma\u0161\u010dobno maso,<br \/>\npusto telesno te\u017eo,<br \/>\nnivo ma\u0161\u010dobe v trebu\u0161nem predelu (visceralna ma\u0161\u010doba),<br \/>\nmi\u0161i\u010dno maso,<br \/>\noceno mi\u0161i\u010dne sposobnosti,<br \/>\nkostno maso,<br \/>\n% vode,<br \/>\nekstra-celi\u010dno vodo,<br \/>\nintra-celi\u010dno vodo,<br \/>\nrazmerje ECW\/TBW,<br \/>\nbazalni metabolizem &#8211; BMR,<br \/>\nindikator bazalnega metabolizma,<br \/>\nindeks telesne mase &#8211; BMI,<br \/>\noceno postave,<br \/>\nsegmentno analizo,<br \/>\nupornost telesa,<br \/>\nfazni kot,<br \/>\nstarost metabolizma.<\/p>\n<p>Analizator je opremljen tako s standardno, kot tudi z mo\u017enostjo merjenja za \u0161portnike. Opravi vam tudi segmentno analizo razporejenosti telesne sestave za obe roki, nogi in trup. Segmentna analiza vam prika\u017ee:<\/p>\n<p>% ma\u0161\u010dobe,<br \/>\nrazporejenost ma\u0161\u010dobe,<br \/>\nmi\u0161i\u010dno maso,<br \/>\nrazporejenost mi\u0161i\u010dne mase,<br \/>\nravnovesje mi\u0161i\u010dne mase,<br \/>\nupornost telesa.<\/p>\n<p>NATAN\u010cNOST REZULTATOV:<\/p>\n<p>Te\u017ea 0-270kg: 0.1 kg natan\u010dno<br \/>\nMa\u0161\u010doba %: 1-75%:\u00a00.1% natan\u010dno<br \/>\nMa\u0161\u010dobna masa:\u00a00.1kg natan\u010dno<br \/>\nPusta telesna te\u017ea:\u00a00.1kg natan\u010dno<br \/>\nMi\u0161i\u010dna masa: 0.1kg natan\u010dno<br \/>\nBMI: 0.1 natan\u010dno<br \/>\nTe\u017ea kosti: 0.1kg natan\u010dno<br \/>\nBazalni metabolizem: 1kcal \/ 1kJ natan\u010dno<br \/>\nVisceralna ma\u0161\u010doba 1 &#8211; 55: 1 natan\u010dno<br \/>\nTBW: 0.1kg natan\u010dno<br \/>\nTBW %: 0.1% natan\u010dno<br \/>\nECW: 0.1kg natan\u010dno<br \/>\nICW: 0.1kg natan\u010dno<br \/>\nECW \/ TBW: 0.1% natan\u010dno<\/p>\n<p>DODATNO:<\/p>\n<p>razpon starosti: 5-99 let (od letnika 1900 dalje),<br \/>\nUSB ali RS232 ra\u010dunalni\u0161ka povezava,<br \/>\ndimenzije: 380mm x 360mm x 95mm,<br \/>\nte\u017ea: 6,5kg,<br \/>\ngarancija: 5 let.<\/p>\n<p>MDD (class IIa) Approved, NAWI class III (v skladu z EU in Slovensko zakonodajo; analizator je mo\u017eno medicinsko overiti).<br \/>\nNa\u0161e podjetje je \u017ee od leta 1998 ekskluzivni zastopnik in distributer za Tanito v Sloveniji. V dvajsetih letih dela smo si pridobili veliko znanja in izku\u0161enj z delom z analizatorji, katere z veseljem delimo tudi z vami.<\/p>\n","protected":false},"excerpt":{"rendered":"<p><img decoding=\"async\" class=\"emoji\" role=\"img\" draggable=\"false\" src=\"https:\/\/s.w.org\/images\/core\/emoji\/17.0.2\/svg\/1f31f.svg\" alt=\"\ud83c\udf1f\" \/> <strong data-start=\"81\" data-end=\"102\">Preselili smo se!<\/strong> <img decoding=\"async\" class=\"emoji\" role=\"img\" draggable=\"false\" src=\"https:\/\/s.w.org\/images\/core\/emoji\/17.0.2\/svg\/1f31f.svg\" alt=\"\ud83c\udf1f\" \/><br data-start=\"105\" data-end=\"108\" \/>Za \u0161e bolj\u0161o izku\u0161njo nakupovanja nas zdaj najdete na <strong data-start=\"162\" data-end=\"207\"><a class=\"decorated-link\" href=\"https:\/\/sen-shop.si\/tanita\/\" target=\"_new\" rel=\"noopener\" data-start=\"164\" data-end=\"205\">www.sen-shop.si<\/a><\/strong>!<\/p>\n[banner_tanita]\n","protected":false},"featured_media":3907,"comment_status":"open","ping_status":"closed","template":"","meta":{"inline_featured_image":false},"product_cat":[85,58],"product_tag":[124],"class_list":["post-195","product","type-product","status-publish","has-post-thumbnail","hentry","product_cat-tanita-analizatorji-telesne-sestave","product_cat-tanita-profesionalna-raba","product_tag-profesionalna-raba","yith_product_brand-tanita","yith_product_brand-tanita-tmab"],"acf":[],"yoast_head":"<!-- This site is optimized with the Yoast SEO plugin v19.13 - https:\/\/yoast.com\/wordpress\/plugins\/seo\/ -->\n<title>Bioimpedan\u010dna analiza TANITA MC-780 MA prenosni model. Sen Shop<\/title>\n<meta name=\"description\" content=\"Prenosni analizator TANITA MC-780 MA vam poda bioimpedan\u010dno analizo. Vrhunski rezultati sedaj tudi na poti do va\u0161ih strank.\" \/>\n<meta name=\"robots\" content=\"index, follow, max-snippet:-1, max-image-preview:large, max-video-preview:-1\" \/>\n<link rel=\"canonical\" href=\"https:\/\/sen-shop.com\/sl\/collections\/tanita-analizatorji-telesne-sestave\/tanita-profesionalna-raba\/tanita-mc-780-ma-prenosni-model\/\" \/>\n<meta property=\"og:locale\" content=\"sl_SI\" \/>\n<meta property=\"og:type\" content=\"article\" \/>\n<meta property=\"og:title\" content=\"Bioimpedan\u010dna analiza TANITA MC-780 MA prenosni model. Sen Shop\" \/>\n<meta property=\"og:description\" content=\"Prenosni analizator TANITA MC-780 MA vam poda bioimpedan\u010dno analizo. Vrhunski rezultati sedaj tudi na poti do va\u0161ih strank.\" \/>\n<meta property=\"og:url\" content=\"https:\/\/sen-shop.com\/sl\/collections\/tanita-analizatorji-telesne-sestave\/tanita-profesionalna-raba\/tanita-mc-780-ma-prenosni-model\/\" \/>\n<meta property=\"og:site_name\" content=\"SEN Shop\" \/>\n<meta property=\"article:publisher\" content=\"https:\/\/www.facebook.com\/Senshopslovenija\" \/>\n<meta property=\"article:modified_time\" content=\"2026-03-02T11:03:24+00:00\" \/>\n<meta property=\"og:image\" content=\"https:\/\/sen-shop.com\/wp-content\/uploads\/2016\/10\/products-product-image-mc-780-mas-5yr.jpg\" \/>\n\t<meta property=\"og:image:width\" content=\"700\" \/>\n\t<meta property=\"og:image:height\" content=\"700\" \/>\n\t<meta property=\"og:image:type\" content=\"image\/jpeg\" \/>\n<meta name=\"twitter:card\" content=\"summary_large_image\" \/>\n<meta name=\"twitter:label1\" content=\"Est. reading time\" \/>\n\t<meta name=\"twitter:data1\" content=\"2 minuti\" \/>\n<script type=\"application\/ld+json\" class=\"yoast-schema-graph\">{\"@context\":\"https:\/\/schema.org\",\"@graph\":[{\"@type\":\"WebPage\",\"@id\":\"https:\/\/sen-shop.com\/sl\/collections\/tanita-analizatorji-telesne-sestave\/tanita-profesionalna-raba\/tanita-mc-780-ma-prenosni-model\/\",\"url\":\"https:\/\/sen-shop.com\/sl\/collections\/tanita-analizatorji-telesne-sestave\/tanita-profesionalna-raba\/tanita-mc-780-ma-prenosni-model\/\",\"name\":\"Bioimpedan\u010dna analiza TANITA MC-780 MA prenosni model. Sen Shop\",\"isPartOf\":{\"@id\":\"https:\/\/sen-shop.com\/sl\/#website\"},\"datePublished\":\"2016-10-11T09:20:09+00:00\",\"dateModified\":\"2026-03-02T11:03:24+00:00\",\"description\":\"Prenosni analizator TANITA MC-780 MA vam poda bioimpedan\u010dno analizo. Vrhunski rezultati sedaj tudi na poti do va\u0161ih strank.\",\"breadcrumb\":{\"@id\":\"https:\/\/sen-shop.com\/sl\/collections\/tanita-analizatorji-telesne-sestave\/tanita-profesionalna-raba\/tanita-mc-780-ma-prenosni-model\/#breadcrumb\"},\"inLanguage\":\"sl-SI\",\"potentialAction\":[{\"@type\":\"ReadAction\",\"target\":[\"https:\/\/sen-shop.com\/sl\/collections\/tanita-analizatorji-telesne-sestave\/tanita-profesionalna-raba\/tanita-mc-780-ma-prenosni-model\/\"]}]},{\"@type\":\"BreadcrumbList\",\"@id\":\"https:\/\/sen-shop.com\/sl\/collections\/tanita-analizatorji-telesne-sestave\/tanita-profesionalna-raba\/tanita-mc-780-ma-prenosni-model\/#breadcrumb\",\"itemListElement\":[{\"@type\":\"ListItem\",\"position\":1,\"name\":\"Home\",\"item\":\"https:\/\/sen-shop.com\/sl\/\"},{\"@type\":\"ListItem\",\"position\":2,\"name\":\"TANITA MC-780 MA prenosna\"}]},{\"@type\":\"WebSite\",\"@id\":\"https:\/\/sen-shop.com\/sl\/#website\",\"url\":\"https:\/\/sen-shop.com\/sl\/\",\"name\":\"SEN Shop\",\"description\":\"Slovensko, Ekolo\u0161ko, Naravno\",\"publisher\":{\"@id\":\"https:\/\/sen-shop.com\/sl\/#organization\"},\"potentialAction\":[{\"@type\":\"SearchAction\",\"target\":{\"@type\":\"EntryPoint\",\"urlTemplate\":\"https:\/\/sen-shop.com\/sl\/?s={search_term_string}\"},\"query-input\":\"required name=search_term_string\"}],\"inLanguage\":\"sl-SI\"},{\"@type\":\"Organization\",\"@id\":\"https:\/\/sen-shop.com\/sl\/#organization\",\"name\":\"Mind trade d.o.o\",\"url\":\"https:\/\/sen-shop.com\/sl\/\",\"logo\":{\"@type\":\"ImageObject\",\"inLanguage\":\"sl-SI\",\"@id\":\"https:\/\/sen-shop.com\/sl\/#\/schema\/logo\/image\/\",\"url\":\"https:\/\/sen-shop.com\/wp-content\/uploads\/2018\/05\/header_logo.png\",\"contentUrl\":\"https:\/\/sen-shop.com\/wp-content\/uploads\/2018\/05\/header_logo.png\",\"width\":138,\"height\":70,\"caption\":\"Mind trade d.o.o\"},\"image\":{\"@id\":\"https:\/\/sen-shop.com\/sl\/#\/schema\/logo\/image\/\"},\"sameAs\":[\"https:\/\/www.instagram.com\/senslovenija\/\",\"https:\/\/www.facebook.com\/Senshopslovenija\"]}]}<\/script>\n<!-- \/ Yoast SEO plugin. -->","yoast_head_json":{"title":"Bioimpedan\u010dna analiza TANITA MC-780 MA prenosni model. Sen Shop","description":"Prenosni analizator TANITA MC-780 MA vam poda bioimpedan\u010dno analizo. Vrhunski rezultati sedaj tudi na poti do va\u0161ih strank.","robots":{"index":"index","follow":"follow","max-snippet":"max-snippet:-1","max-image-preview":"max-image-preview:large","max-video-preview":"max-video-preview:-1"},"canonical":"https:\/\/sen-shop.com\/sl\/collections\/tanita-analizatorji-telesne-sestave\/tanita-profesionalna-raba\/tanita-mc-780-ma-prenosni-model\/","og_locale":"sl_SI","og_type":"article","og_title":"Bioimpedan\u010dna analiza TANITA MC-780 MA prenosni model. Sen Shop","og_description":"Prenosni analizator TANITA MC-780 MA vam poda bioimpedan\u010dno analizo. Vrhunski rezultati sedaj tudi na poti do va\u0161ih strank.","og_url":"https:\/\/sen-shop.com\/sl\/collections\/tanita-analizatorji-telesne-sestave\/tanita-profesionalna-raba\/tanita-mc-780-ma-prenosni-model\/","og_site_name":"SEN Shop","article_publisher":"https:\/\/www.facebook.com\/Senshopslovenija","article_modified_time":"2026-03-02T11:03:24+00:00","og_image":[{"width":700,"height":700,"url":"https:\/\/sen-shop.com\/wp-content\/uploads\/2016\/10\/products-product-image-mc-780-mas-5yr.jpg","type":"image\/jpeg"}],"twitter_card":"summary_large_image","twitter_misc":{"Est. reading time":"2 minuti"},"schema":{"@context":"https:\/\/schema.org","@graph":[{"@type":"WebPage","@id":"https:\/\/sen-shop.com\/sl\/collections\/tanita-analizatorji-telesne-sestave\/tanita-profesionalna-raba\/tanita-mc-780-ma-prenosni-model\/","url":"https:\/\/sen-shop.com\/sl\/collections\/tanita-analizatorji-telesne-sestave\/tanita-profesionalna-raba\/tanita-mc-780-ma-prenosni-model\/","name":"Bioimpedan\u010dna analiza TANITA MC-780 MA prenosni model. Sen Shop","isPartOf":{"@id":"https:\/\/sen-shop.com\/sl\/#website"},"datePublished":"2016-10-11T09:20:09+00:00","dateModified":"2026-03-02T11:03:24+00:00","description":"Prenosni analizator TANITA MC-780 MA vam poda bioimpedan\u010dno analizo. Vrhunski rezultati sedaj tudi na poti do va\u0161ih strank.","breadcrumb":{"@id":"https:\/\/sen-shop.com\/sl\/collections\/tanita-analizatorji-telesne-sestave\/tanita-profesionalna-raba\/tanita-mc-780-ma-prenosni-model\/#breadcrumb"},"inLanguage":"sl-SI","potentialAction":[{"@type":"ReadAction","target":["https:\/\/sen-shop.com\/sl\/collections\/tanita-analizatorji-telesne-sestave\/tanita-profesionalna-raba\/tanita-mc-780-ma-prenosni-model\/"]}]},{"@type":"BreadcrumbList","@id":"https:\/\/sen-shop.com\/sl\/collections\/tanita-analizatorji-telesne-sestave\/tanita-profesionalna-raba\/tanita-mc-780-ma-prenosni-model\/#breadcrumb","itemListElement":[{"@type":"ListItem","position":1,"name":"Home","item":"https:\/\/sen-shop.com\/sl\/"},{"@type":"ListItem","position":2,"name":"TANITA MC-780 MA prenosna"}]},{"@type":"WebSite","@id":"https:\/\/sen-shop.com\/sl\/#website","url":"https:\/\/sen-shop.com\/sl\/","name":"SEN Shop","description":"Slovensko, Ekolo\u0161ko, Naravno","publisher":{"@id":"https:\/\/sen-shop.com\/sl\/#organization"},"potentialAction":[{"@type":"SearchAction","target":{"@type":"EntryPoint","urlTemplate":"https:\/\/sen-shop.com\/sl\/?s={search_term_string}"},"query-input":"required name=search_term_string"}],"inLanguage":"sl-SI"},{"@type":"Organization","@id":"https:\/\/sen-shop.com\/sl\/#organization","name":"Mind trade d.o.o","url":"https:\/\/sen-shop.com\/sl\/","logo":{"@type":"ImageObject","inLanguage":"sl-SI","@id":"https:\/\/sen-shop.com\/sl\/#\/schema\/logo\/image\/","url":"https:\/\/sen-shop.com\/wp-content\/uploads\/2018\/05\/header_logo.png","contentUrl":"https:\/\/sen-shop.com\/wp-content\/uploads\/2018\/05\/header_logo.png","width":138,"height":70,"caption":"Mind trade d.o.o"},"image":{"@id":"https:\/\/sen-shop.com\/sl\/#\/schema\/logo\/image\/"},"sameAs":["https:\/\/www.instagram.com\/senslovenija\/","https:\/\/www.facebook.com\/Senshopslovenija"]}]}},"_links":{"self":[{"href":"https:\/\/sen-shop.com\/sl\/wp-json\/wp\/v2\/product\/195","targetHints":{"allow":["GET"]}}],"collection":[{"href":"https:\/\/sen-shop.com\/sl\/wp-json\/wp\/v2\/product"}],"about":[{"href":"https:\/\/sen-shop.com\/sl\/wp-json\/wp\/v2\/types\/product"}],"replies":[{"embeddable":true,"href":"https:\/\/sen-shop.com\/sl\/wp-json\/wp\/v2\/comments?post=195"}],"wp:featuredmedia":[{"embeddable":true,"href":"https:\/\/sen-shop.com\/sl\/wp-json\/wp\/v2\/media\/3907"}],"wp:attachment":[{"href":"https:\/\/sen-shop.com\/sl\/wp-json\/wp\/v2\/media?parent=195"}],"wp:term":[{"taxonomy":"product_cat","embeddable":true,"href":"https:\/\/sen-shop.com\/sl\/wp-json\/wp\/v2\/product_cat?post=195"},{"taxonomy":"product_tag","embeddable":true,"href":"https:\/\/sen-shop.com\/sl\/wp-json\/wp\/v2\/product_tag?post=195"}],"curies":[{"name":"wp","href":"https:\/\/api.w.org\/{rel}","templated":true}]}}