{"id":186,"date":"2016-10-14T11:13:57","date_gmt":"2016-10-14T09:13:57","guid":{"rendered":"https:\/\/www.sen-shop.com\/?post_type=product&#038;p=186"},"modified":"2026-03-02T12:03:59","modified_gmt":"2026-03-02T11:03:59","slug":"tanita-mc-980-ma","status":"publish","type":"product","link":"https:\/\/sen-shop.com\/sl\/collections\/tanita-analizatorji-telesne-sestave\/tanita-profesionalna-raba\/tanita-mc-980-ma\/","title":{"rendered":"TANITA MC-980 MA"},"content":{"rendered":"<p>Bioimpedan\u010dni analizator telesne sestave TANITA MC-980 MA<\/p>\n<p>Najbolj izpopolnjen ve\u010d-frekven\u010dni (6) profesionalni analizator telesne sestave, namenjen strankam, ki \u017eelijo najvi\u0161ji nivo zanesljivosti rezultatov in kvalitete. Rezultati so prikazani na barvnem touch-zaslonu, ki ga poganja operacijski sistem win (tudi v\u00a0slovenskem jeziku).<\/p>\n<h5><strong>ANALIZATOR TANITA MC-980 MA VAM PRIKA\u017dE:<\/strong><\/h5>\n<ul>\n<li>te\u017eo<\/li>\n<li>% ma\u0161\u010dobe<\/li>\n<li>ma\u0161\u010dobno maso<\/li>\n<li>nivo ma\u0161\u010dobe v trebu\u0161nem predelu (visceralna ma\u0161\u010doba)<\/li>\n<li>mi\u0161i\u010dno maso<\/li>\n<li>oceno mi\u0161i\u010dne sposobnosti<\/li>\n<li>kostno maso<\/li>\n<li>% vode<\/li>\n<li>ekstra-celi\u010dno vodo<\/li>\n<li>intra-celi\u010dno vodo<\/li>\n<li>razmerje ECW\/TBW<\/li>\n<li>proteine<\/li>\n<li>pusto telesno te\u017eo<\/li>\n<li>bazalni metabolizem &#8211; BMR<\/li>\n<li>indikator bazalnega metabolizma<\/li>\n<li>indeks telesne mase &#8211; BMI<\/li>\n<li>oceno postave<\/li>\n<li>segmentno analizo<\/li>\n<\/ul>\n<p>Analizator je opremljen tako s standardno, kot tudi z mo\u017enostjo merjenja za \u0161portnike. Opravi vam tudi segmentno analizo razporejenosti telesne sestave za obe roki, nogi in trup.<\/p>\n<p><strong>SEGMENTNA ANALIZA POKA\u017dE:<\/strong><\/p>\n<ul>\n<li>% ma\u0161\u010dobe<\/li>\n<li>razporejenost ma\u0161\u010dobe<\/li>\n<li>mi\u0161i\u010dno maso<\/li>\n<li>razporejenost mi\u0161i\u010dne mase<\/li>\n<li>ravnovesje mi\u0161i\u010dne mase<\/li>\n<li>upornost telesa<\/li>\n<\/ul>\n<p><strong>NATAN\u010cNOST REZULTATOV:<\/strong><\/p>\n<p>Te\u017ea 0-300 kg: 0.1 kg natan\u010dno<br \/>\nMa\u0161\u010doba %: 1-75 %: 0.1% natan\u010dno<br \/>\nMa\u0161\u010dobna masa:\u00a00.1 kg natan\u010dno<br \/>\nPusta telesna te\u017ea: 0.1kg natan\u010dno<br \/>\nMi\u0161i\u010dna masa: 0.1 kg natan\u010dno<br \/>\nBMI: 0.1 natan\u010dno<br \/>\nTe\u017ea kosti: 0.1 kg natan\u010dno<br \/>\nProteini (ocena); 0.1kg natan\u010dno<br \/>\nBazalni metabolizem: 1 kcal \/ 1kJ natan\u010dno<br \/>\nVisceralna ma\u0161\u010doba 1 &#8211; 55: 1 natan\u010dno<br \/>\nTBW: 0.1 kg natan\u010dno<br \/>\nTBW %: 0.1 % natan\u010dno<br \/>\nECW: 0.1 kg natan\u010dno<br \/>\nICW: 0.1 kg natan\u010dno<br \/>\nECW \/ TBW: 0.1 % natan\u010dno<\/p>\n<p><strong>DODATNO:<\/strong><\/p>\n<ul>\n<li>razpon starosti: 5-99 let (od letnika 1900 dalje)<\/li>\n<li>USB ali RS232 ra\u010dunalni\u0161ka povezava<\/li>\n<li>dimenzije: 490mm x 450mm x 1240mm<\/li>\n<li>te\u017ea: 33 kg<\/li>\n<li>garancija: 5 let<\/li>\n<\/ul>\n<p>MDD Approved, NAWI class III (v skladu z EU in Slovensko zakonodajo; analizator je mo\u017eno medicinsko overiti).<br \/>\nNa\u0161e podjetje je \u017ee od leta 1998 ekskluzivni zastopnik in distributer za Tanito v Sloveniji. V dvajsetih letih dela smo si pridobili veliko znanja in izku\u0161enj z delom z analizatorji, katere z veseljem delimo tudi z vami.<\/p>\n","protected":false},"excerpt":{"rendered":"<p><img decoding=\"async\" class=\"emoji\" role=\"img\" draggable=\"false\" src=\"https:\/\/s.w.org\/images\/core\/emoji\/17.0.2\/svg\/1f31f.svg\" alt=\"\ud83c\udf1f\" \/> <strong data-start=\"81\" data-end=\"102\">Preselili smo se!<\/strong> <img decoding=\"async\" class=\"emoji\" role=\"img\" draggable=\"false\" src=\"https:\/\/s.w.org\/images\/core\/emoji\/17.0.2\/svg\/1f31f.svg\" alt=\"\ud83c\udf1f\" \/><br data-start=\"105\" data-end=\"108\" \/>Za \u0161e bolj\u0161o izku\u0161njo nakupovanja nas zdaj najdete na <strong data-start=\"162\" data-end=\"207\"><a class=\"decorated-link\" href=\"https:\/\/sen-shop.si\/tanita\/\" target=\"_new\" rel=\"noopener\" data-start=\"164\" data-end=\"205\">www.sen-shop.si<\/a><\/strong>!<\/p>\n<p>Najbolj izpopolnjen ve\u010d-frekven\u010dni (6) profesionalni analizator telesne sestave, namenjen strankam, ki \u017eelijo najvi\u0161ji nivo zanesljivosti rezultatov in kvalitete. Rezultati so prikazani na barvnem touch-zaslonu, ki ga poganja operacijski sistem win (tudi v\u00a0slovenskem jeziku).<\/p>\n","protected":false},"featured_media":3902,"comment_status":"closed","ping_status":"closed","template":"","meta":{"inline_featured_image":false},"product_cat":[85,58],"product_tag":[123,124],"class_list":["post-186","product","type-product","status-publish","has-post-thumbnail","hentry","product_cat-tanita-analizatorji-telesne-sestave","product_cat-tanita-profesionalna-raba","product_tag-analizator","product_tag-profesionalna-raba"],"acf":[],"yoast_head":"<!-- This site is optimized with the Yoast SEO plugin v19.13 - https:\/\/yoast.com\/wordpress\/plugins\/seo\/ -->\n<title>Bioimpedan\u010dni analizator TANITA MC-980 MA. Sen Shop<\/title>\n<meta name=\"description\" content=\"Najbolj izpopolnjen in vrhunski bioimpedan\u010dni analizator telesne sestave TANITA MC-980 MA na trgu. V dvajsetih letih dela smo si pridobili veliko znanja.\" \/>\n<meta name=\"robots\" content=\"index, follow, max-snippet:-1, max-image-preview:large, max-video-preview:-1\" \/>\n<link rel=\"canonical\" href=\"https:\/\/sen-shop.com\/sl\/collections\/tanita-analizatorji-telesne-sestave\/tanita-profesionalna-raba\/tanita-mc-980-ma\/\" \/>\n<meta property=\"og:locale\" content=\"sl_SI\" \/>\n<meta property=\"og:type\" content=\"article\" \/>\n<meta property=\"og:title\" content=\"Bioimpedan\u010dni analizator TANITA MC-980 MA. Sen Shop\" \/>\n<meta property=\"og:description\" content=\"Najbolj izpopolnjen in vrhunski bioimpedan\u010dni analizator telesne sestave TANITA MC-980 MA na trgu. V dvajsetih letih dela smo si pridobili veliko znanja.\" \/>\n<meta property=\"og:url\" content=\"https:\/\/sen-shop.com\/sl\/collections\/tanita-analizatorji-telesne-sestave\/tanita-profesionalna-raba\/tanita-mc-980-ma\/\" \/>\n<meta property=\"og:site_name\" content=\"SEN Shop\" \/>\n<meta property=\"article:publisher\" content=\"https:\/\/www.facebook.com\/Senshopslovenija\" \/>\n<meta property=\"article:modified_time\" content=\"2026-03-02T11:03:59+00:00\" \/>\n<meta property=\"og:image\" content=\"https:\/\/sen-shop.com\/wp-content\/uploads\/2016\/10\/products-product-image-mc-980-5yr.jpg\" \/>\n\t<meta property=\"og:image:width\" content=\"700\" \/>\n\t<meta property=\"og:image:height\" content=\"700\" \/>\n\t<meta property=\"og:image:type\" content=\"image\/jpeg\" \/>\n<meta name=\"twitter:card\" content=\"summary_large_image\" \/>\n<meta name=\"twitter:label1\" content=\"Est. reading time\" \/>\n\t<meta name=\"twitter:data1\" content=\"2 minuti\" \/>\n<script type=\"application\/ld+json\" class=\"yoast-schema-graph\">{\"@context\":\"https:\/\/schema.org\",\"@graph\":[{\"@type\":\"WebPage\",\"@id\":\"https:\/\/sen-shop.com\/sl\/collections\/tanita-analizatorji-telesne-sestave\/tanita-profesionalna-raba\/tanita-mc-980-ma\/\",\"url\":\"https:\/\/sen-shop.com\/sl\/collections\/tanita-analizatorji-telesne-sestave\/tanita-profesionalna-raba\/tanita-mc-980-ma\/\",\"name\":\"Bioimpedan\u010dni analizator TANITA MC-980 MA. Sen Shop\",\"isPartOf\":{\"@id\":\"https:\/\/sen-shop.com\/sl\/#website\"},\"datePublished\":\"2016-10-14T09:13:57+00:00\",\"dateModified\":\"2026-03-02T11:03:59+00:00\",\"description\":\"Najbolj izpopolnjen in vrhunski bioimpedan\u010dni analizator telesne sestave TANITA MC-980 MA na trgu. V dvajsetih letih dela smo si pridobili veliko znanja.\",\"breadcrumb\":{\"@id\":\"https:\/\/sen-shop.com\/sl\/collections\/tanita-analizatorji-telesne-sestave\/tanita-profesionalna-raba\/tanita-mc-980-ma\/#breadcrumb\"},\"inLanguage\":\"sl-SI\",\"potentialAction\":[{\"@type\":\"ReadAction\",\"target\":[\"https:\/\/sen-shop.com\/sl\/collections\/tanita-analizatorji-telesne-sestave\/tanita-profesionalna-raba\/tanita-mc-980-ma\/\"]}]},{\"@type\":\"BreadcrumbList\",\"@id\":\"https:\/\/sen-shop.com\/sl\/collections\/tanita-analizatorji-telesne-sestave\/tanita-profesionalna-raba\/tanita-mc-980-ma\/#breadcrumb\",\"itemListElement\":[{\"@type\":\"ListItem\",\"position\":1,\"name\":\"Home\",\"item\":\"https:\/\/sen-shop.com\/sl\/\"},{\"@type\":\"ListItem\",\"position\":2,\"name\":\"TANITA MC-980 MA\"}]},{\"@type\":\"WebSite\",\"@id\":\"https:\/\/sen-shop.com\/sl\/#website\",\"url\":\"https:\/\/sen-shop.com\/sl\/\",\"name\":\"SEN Shop\",\"description\":\"Slovensko, Ekolo\u0161ko, Naravno\",\"publisher\":{\"@id\":\"https:\/\/sen-shop.com\/sl\/#organization\"},\"potentialAction\":[{\"@type\":\"SearchAction\",\"target\":{\"@type\":\"EntryPoint\",\"urlTemplate\":\"https:\/\/sen-shop.com\/sl\/?s={search_term_string}\"},\"query-input\":\"required name=search_term_string\"}],\"inLanguage\":\"sl-SI\"},{\"@type\":\"Organization\",\"@id\":\"https:\/\/sen-shop.com\/sl\/#organization\",\"name\":\"Mind trade d.o.o\",\"url\":\"https:\/\/sen-shop.com\/sl\/\",\"logo\":{\"@type\":\"ImageObject\",\"inLanguage\":\"sl-SI\",\"@id\":\"https:\/\/sen-shop.com\/sl\/#\/schema\/logo\/image\/\",\"url\":\"https:\/\/sen-shop.com\/wp-content\/uploads\/2018\/05\/header_logo.png\",\"contentUrl\":\"https:\/\/sen-shop.com\/wp-content\/uploads\/2018\/05\/header_logo.png\",\"width\":138,\"height\":70,\"caption\":\"Mind trade d.o.o\"},\"image\":{\"@id\":\"https:\/\/sen-shop.com\/sl\/#\/schema\/logo\/image\/\"},\"sameAs\":[\"https:\/\/www.instagram.com\/senslovenija\/\",\"https:\/\/www.facebook.com\/Senshopslovenija\"]}]}<\/script>\n<!-- \/ Yoast SEO plugin. -->","yoast_head_json":{"title":"Bioimpedan\u010dni analizator TANITA MC-980 MA. Sen Shop","description":"Najbolj izpopolnjen in vrhunski bioimpedan\u010dni analizator telesne sestave TANITA MC-980 MA na trgu. V dvajsetih letih dela smo si pridobili veliko znanja.","robots":{"index":"index","follow":"follow","max-snippet":"max-snippet:-1","max-image-preview":"max-image-preview:large","max-video-preview":"max-video-preview:-1"},"canonical":"https:\/\/sen-shop.com\/sl\/collections\/tanita-analizatorji-telesne-sestave\/tanita-profesionalna-raba\/tanita-mc-980-ma\/","og_locale":"sl_SI","og_type":"article","og_title":"Bioimpedan\u010dni analizator TANITA MC-980 MA. Sen Shop","og_description":"Najbolj izpopolnjen in vrhunski bioimpedan\u010dni analizator telesne sestave TANITA MC-980 MA na trgu. V dvajsetih letih dela smo si pridobili veliko znanja.","og_url":"https:\/\/sen-shop.com\/sl\/collections\/tanita-analizatorji-telesne-sestave\/tanita-profesionalna-raba\/tanita-mc-980-ma\/","og_site_name":"SEN Shop","article_publisher":"https:\/\/www.facebook.com\/Senshopslovenija","article_modified_time":"2026-03-02T11:03:59+00:00","og_image":[{"width":700,"height":700,"url":"https:\/\/sen-shop.com\/wp-content\/uploads\/2016\/10\/products-product-image-mc-980-5yr.jpg","type":"image\/jpeg"}],"twitter_card":"summary_large_image","twitter_misc":{"Est. reading time":"2 minuti"},"schema":{"@context":"https:\/\/schema.org","@graph":[{"@type":"WebPage","@id":"https:\/\/sen-shop.com\/sl\/collections\/tanita-analizatorji-telesne-sestave\/tanita-profesionalna-raba\/tanita-mc-980-ma\/","url":"https:\/\/sen-shop.com\/sl\/collections\/tanita-analizatorji-telesne-sestave\/tanita-profesionalna-raba\/tanita-mc-980-ma\/","name":"Bioimpedan\u010dni analizator TANITA MC-980 MA. Sen Shop","isPartOf":{"@id":"https:\/\/sen-shop.com\/sl\/#website"},"datePublished":"2016-10-14T09:13:57+00:00","dateModified":"2026-03-02T11:03:59+00:00","description":"Najbolj izpopolnjen in vrhunski bioimpedan\u010dni analizator telesne sestave TANITA MC-980 MA na trgu. V dvajsetih letih dela smo si pridobili veliko znanja.","breadcrumb":{"@id":"https:\/\/sen-shop.com\/sl\/collections\/tanita-analizatorji-telesne-sestave\/tanita-profesionalna-raba\/tanita-mc-980-ma\/#breadcrumb"},"inLanguage":"sl-SI","potentialAction":[{"@type":"ReadAction","target":["https:\/\/sen-shop.com\/sl\/collections\/tanita-analizatorji-telesne-sestave\/tanita-profesionalna-raba\/tanita-mc-980-ma\/"]}]},{"@type":"BreadcrumbList","@id":"https:\/\/sen-shop.com\/sl\/collections\/tanita-analizatorji-telesne-sestave\/tanita-profesionalna-raba\/tanita-mc-980-ma\/#breadcrumb","itemListElement":[{"@type":"ListItem","position":1,"name":"Home","item":"https:\/\/sen-shop.com\/sl\/"},{"@type":"ListItem","position":2,"name":"TANITA MC-980 MA"}]},{"@type":"WebSite","@id":"https:\/\/sen-shop.com\/sl\/#website","url":"https:\/\/sen-shop.com\/sl\/","name":"SEN Shop","description":"Slovensko, Ekolo\u0161ko, Naravno","publisher":{"@id":"https:\/\/sen-shop.com\/sl\/#organization"},"potentialAction":[{"@type":"SearchAction","target":{"@type":"EntryPoint","urlTemplate":"https:\/\/sen-shop.com\/sl\/?s={search_term_string}"},"query-input":"required name=search_term_string"}],"inLanguage":"sl-SI"},{"@type":"Organization","@id":"https:\/\/sen-shop.com\/sl\/#organization","name":"Mind trade d.o.o","url":"https:\/\/sen-shop.com\/sl\/","logo":{"@type":"ImageObject","inLanguage":"sl-SI","@id":"https:\/\/sen-shop.com\/sl\/#\/schema\/logo\/image\/","url":"https:\/\/sen-shop.com\/wp-content\/uploads\/2018\/05\/header_logo.png","contentUrl":"https:\/\/sen-shop.com\/wp-content\/uploads\/2018\/05\/header_logo.png","width":138,"height":70,"caption":"Mind trade d.o.o"},"image":{"@id":"https:\/\/sen-shop.com\/sl\/#\/schema\/logo\/image\/"},"sameAs":["https:\/\/www.instagram.com\/senslovenija\/","https:\/\/www.facebook.com\/Senshopslovenija"]}]}},"_links":{"self":[{"href":"https:\/\/sen-shop.com\/sl\/wp-json\/wp\/v2\/product\/186","targetHints":{"allow":["GET"]}}],"collection":[{"href":"https:\/\/sen-shop.com\/sl\/wp-json\/wp\/v2\/product"}],"about":[{"href":"https:\/\/sen-shop.com\/sl\/wp-json\/wp\/v2\/types\/product"}],"replies":[{"embeddable":true,"href":"https:\/\/sen-shop.com\/sl\/wp-json\/wp\/v2\/comments?post=186"}],"wp:featuredmedia":[{"embeddable":true,"href":"https:\/\/sen-shop.com\/sl\/wp-json\/wp\/v2\/media\/3902"}],"wp:attachment":[{"href":"https:\/\/sen-shop.com\/sl\/wp-json\/wp\/v2\/media?parent=186"}],"wp:term":[{"taxonomy":"product_cat","embeddable":true,"href":"https:\/\/sen-shop.com\/sl\/wp-json\/wp\/v2\/product_cat?post=186"},{"taxonomy":"product_tag","embeddable":true,"href":"https:\/\/sen-shop.com\/sl\/wp-json\/wp\/v2\/product_tag?post=186"}],"curies":[{"name":"wp","href":"https:\/\/api.w.org\/{rel}","templated":true}]}}