{"id":177,"date":"2018-05-18T10:57:51","date_gmt":"2018-05-18T08:57:51","guid":{"rendered":"https:\/\/www.sen-shop.com\/?post_type=product&#038;p=177"},"modified":"2026-03-12T13:15:59","modified_gmt":"2026-03-12T12:15:59","slug":"tanita-bc-601","status":"publish","type":"product","link":"https:\/\/sen-shop.com\/sl\/collections\/tanita-analizatorji-telesne-sestave\/tehtnica-tanita-osebna-raba\/tanita-bc-601\/","title":{"rendered":"TANITA BC-601"},"content":{"rendered":"<h4>Analizator telesne sestave\u00a0 Tanita BC-601<\/h4>\n<p>Tanita bc 601 tehtnica za merjenje telesne sestave<\/p>\n<p>Na podlagi najnovej\u0161e tehnologije in razvoja meritev analiz telesne sestave, je Tanita razvila novo generacijo izdelkov. Izjemno sofisticirani analizatorji\u00a0tako omogo\u010dajo ob\u0161irne, globoke in natan\u010dne meritve. BC-601 vam lahko prika\u017ee meritve posebej za vsakega izmed 5-ih segmentov: obe roki in nogi ter trup.<\/p>\n<h5><strong><a href=\"https:\/\/sen-shop.com\/blogs\/se-tudi-vi-se-vedno-tehtate-na-navadni-tehtnici\/\">BC-601 VAM PRIKA\u017dE<\/a>:<\/strong><\/h5>\n<ul>\n<li>te\u017eo<\/li>\n<li>segmentni dele\u017e telesne ma\u0161\u010dobe:(dele\u017e ma\u0161\u010dobe za vsako okon\u010dino posebej in trup)<\/li>\n<li>dele\u017e vode v telesu<\/li>\n<li>segmentno mi\u0161i\u010dno maso(mi\u0161i\u010dno maso za vsako okon\u010dino posebej in trup)<\/li>\n<li>te\u017eo kosti<\/li>\n<li>(ITM) indeks telesne mase<\/li>\n<li>prikaz dnevnih energijskih potreb v kalorijah<\/li>\n<li>nivo ma\u0161\u010dobe v trebu\u0161nem predelu<\/li>\n<li>indikator ocene postave<\/li>\n<li>oceno starosti presnove<\/li>\n<\/ul>\n<h5><strong>KAKO POTEKA MERITEV:<\/strong><\/h5>\n<p>Ko stojite na merilni ploskvi, ne\u017eno potegnite ro\u010daje, ki se nahajajo v sprednjem delu analizatorja. Analizator bo skozi telo poslal blag elektri\u010den tok preko vseh 8 elektrod. Na podlagi upora in zanesljivih, znanstveno potrjenih in patentiranih formul bo analizator tanita bc 601 izra\u010dunal posameznikovo telesno sestavo.<\/p>\n<p><strong>UNIKATNE FUNKCIJE BC-601\u00a0<\/strong>je bil razvit posebno za potrebe \u0161portnikov, da lahko le-ti redno spremljajo napredek in spremembe telesne sestave. Zaradi izjemne natan\u010dnosti in preglednosti meri analizator 5 segmentov posebej (obe roki, nogi in trup). Ro\u010daji zagotavljajo hitro in \u0161e bolj natan\u010dno merjenje od svojih predhodnikov. Prilo\u017eena SD kartica vam omogo\u010da prenos podatkov meritve na va\u0161 osebni ra\u010dunalnik, kjer lahko primerjate svoje rezultate in vidite svoj napredek.<\/p>\n<p><strong>DODATNO:<\/strong><\/p>\n<ul>\n<li>ro\u010daji za segmentno analizo telesa<\/li>\n<li>SD kartica za prenos meritev na ra\u010dunalnik<\/li>\n<li>priklic zadnjih meritev telesne sestave<\/li>\n<li>mo\u017enost samega tehtanja<\/li>\n<li>mo\u017enost merjenja za \u0161portnike<\/li>\n<li>mo\u017enost merjenja za goste<\/li>\n<li>kapaciteta tehtanja do 150kg<\/li>\n<li>prikaz na 100 gramov natan\u010dno<\/li>\n<li>\u0161tiri spominske tipke<\/li>\n<li>prilo\u017eene baterije<\/li>\n<li>3-letna garancija<\/li>\n<\/ul>\n<p>Na voljo vam je tudi brezpla\u010dni Tanitin\u00a0software<a href=\"https:\/\/sen-shop.com\/wp-content\/uploads\/2018\/06\/Bodyvision.zip\"> Bodyvision<\/a>, ki bo nadomestil dosedanji mo\u017een prenos podatkov na ra\u010dunalnik v Excel-u.<\/p>\n<p><strong>Klikni na video za predstavitev analizatorja TANITA BC 601\u00a0\ud83d\udc47<\/strong><\/p>\n<p><iframe loading=\"lazy\" title=\"Tanita BC601 Product Features - Train with Tanita\" width=\"500\" height=\"281\" src=\"https:\/\/www.youtube.com\/embed\/bKkN-uaLjAk?feature=oembed\" frameborder=\"0\" allow=\"accelerometer; autoplay; clipboard-write; encrypted-media; gyroscope; picture-in-picture; web-share\" referrerpolicy=\"strict-origin-when-cross-origin\" allowfullscreen><\/iframe><\/p>\n<p>&nbsp;<\/p>\n","protected":false},"excerpt":{"rendered":"<p><img decoding=\"async\" class=\"emoji\" role=\"img\" draggable=\"false\" src=\"https:\/\/s.w.org\/images\/core\/emoji\/17.0.2\/svg\/1f31f.svg\" alt=\"\ud83c\udf1f\" \/> <strong data-start=\"81\" data-end=\"102\">Preselili smo se!<\/strong> <img decoding=\"async\" class=\"emoji\" role=\"img\" draggable=\"false\" src=\"https:\/\/s.w.org\/images\/core\/emoji\/17.0.2\/svg\/1f31f.svg\" alt=\"\ud83c\udf1f\" \/><br data-start=\"105\" data-end=\"108\" \/>Za \u0161e bolj\u0161o izku\u0161njo nakupovanja nas zdaj najdete na <strong data-start=\"162\" data-end=\"207\"><a class=\"decorated-link\" href=\"https:\/\/sen-shop.si\/tanita\/\" target=\"_new\" rel=\"noopener\" data-start=\"164\" data-end=\"205\">www.sen-shop.si<\/a><\/strong>!<\/p>\n<p>Z Tanita BC-601 boste lahko analizirali svoje telo. To vam bo dalo podrobne informacije o sestavi va\u0161ega telesa.<\/p>\n<p>S temi informacijami boste lahko prilagodili ter izbolj\u0161ali svoje sposobnosti:<\/p>\n<ul>\n<li><strong>te\u017ea<\/strong><\/li>\n<li><strong>segmentni dele\u017e telesne ma\u0161\u010dobe:(dele\u017e ma\u0161\u010dobe za vsako okon\u010dino posebej in trup)<\/strong><\/li>\n<li><strong>dele\u017e vode v telesu<\/strong><\/li>\n<li><strong>segmentno mi\u0161i\u010dno maso(mi\u0161i\u010dno maso za vsako okon\u010dino posebej in trup)<\/strong><\/li>\n<li><strong>te\u017eo kosti<\/strong><\/li>\n<li><strong>(ITM) indeks telesne mase<\/strong><\/li>\n<li><strong>prikaz dnevnih energijskih potreb v kalorijah<\/strong><\/li>\n<li><strong>nivo ma\u0161\u010dobe v trebu\u0161nem predelu<\/strong><\/li>\n<li><strong>indikator ocene postave<\/strong><\/li>\n<li><strong>oceno starosti presnove<\/strong><\/li>\n<\/ul>\n<p>&nbsp;<\/p>\n<p>Rezultati so prikazani na velikem LCD barvnem zaslonu.\u00a0 Vsi podatki (do 4 uporabniki) se samodejno shranijo na prilo\u017eeno SD kartico.\u00a0 Za <strong>bodybuilderje <\/strong>in<strong> resne \u0161portnike <\/strong>priporo\u010damo \u0161e bolj zmogljivej\u0161i analizator &gt;&gt;&gt; <span style=\"color: #8c189b;\"><strong> <a style=\"color: #8c189b;\" href=\"https:\/\/sen-shop.com\/collections\/domaca-stran\/tanita-rd-545\/\">TANITA RD 545<\/a><\/strong><\/span><\/p>\n<p>Analizator BC-601 lahko osebno testirate v na\u0161i prodajalni v Ljubljani, Tr\u017ea\u0161ka cesta 42.<\/p>\n<p><strong>Tehni\u010dna podpora in uveljavljanje garancije je mo\u017eno samo za izdelke kupljene v na\u0161i trgovini.<\/strong><\/p>\n<p>Ve\u010d o izdelku si lahko preberete ni\u017eje na strani.<\/p>\n[banner_tanita]\n","protected":false},"featured_media":23101,"comment_status":"open","ping_status":"closed","template":"","meta":{"inline_featured_image":false},"product_cat":[85,59],"product_tag":[123,253,255,122,254,120,297,121,298,263],"class_list":["post-177","product","type-product","status-publish","has-post-thumbnail","hentry","product_cat-tanita-analizatorji-telesne-sestave","product_cat-tehtnica-tanita-osebna-raba","product_tag-analizator","product_tag-analizator-telesne-teze","product_tag-osebna-digitalna-tehtnica","product_tag-tehtnica","product_tag-nakup-tanite","product_tag-osebna-raba","product_tag-pametna-tehtnica","product_tag-tanita","product_tag-tanita-tehtnica","product_tag-tehtnica-za-merjenje-telesne-sestave"],"acf":[],"yoast_head":"<!-- This site is optimized with the Yoast SEO plugin v19.13 - https:\/\/yoast.com\/wordpress\/plugins\/seo\/ -->\n<title>TANITA BC 601 Tehtnica za merjenje telesne sestave za vse \u010dlane dru\u017eine<\/title>\n<meta name=\"description\" content=\"Izjemno sofisticiran analizator z natan\u010dnimi meritvami. Tanita bc 601 za merjenje telesne sestave vrhunske kvalitete. Segmentira dele\u017e telesne ma\u0161\u010dobe.\" \/>\n<meta name=\"robots\" content=\"index, follow, max-snippet:-1, max-image-preview:large, max-video-preview:-1\" \/>\n<link rel=\"canonical\" href=\"https:\/\/sen-shop.com\/sl\/collections\/tanita-analizatorji-telesne-sestave\/tehtnica-tanita-osebna-raba\/tanita-bc-601\/\" \/>\n<meta property=\"og:locale\" content=\"sl_SI\" \/>\n<meta property=\"og:type\" content=\"article\" \/>\n<meta property=\"og:title\" content=\"TANITA BC 601 Tehtnica za merjenje telesne sestave za vse \u010dlane dru\u017eine\" \/>\n<meta property=\"og:description\" content=\"Izjemno sofisticiran analizator z natan\u010dnimi meritvami. Tanita bc 601 za merjenje telesne sestave vrhunske kvalitete. Segmentira dele\u017e telesne ma\u0161\u010dobe.\" \/>\n<meta property=\"og:url\" content=\"https:\/\/sen-shop.com\/sl\/collections\/tanita-analizatorji-telesne-sestave\/tehtnica-tanita-osebna-raba\/tanita-bc-601\/\" \/>\n<meta property=\"og:site_name\" content=\"SEN Shop\" \/>\n<meta property=\"article:publisher\" content=\"https:\/\/www.facebook.com\/Senshopslovenija\" \/>\n<meta property=\"article:modified_time\" content=\"2026-03-12T12:15:59+00:00\" \/>\n<meta property=\"og:image\" content=\"https:\/\/sen-shop.com\/wp-content\/uploads\/2018\/05\/tanita-601-gold-1.png\" \/>\n\t<meta property=\"og:image:width\" content=\"700\" \/>\n\t<meta property=\"og:image:height\" content=\"700\" \/>\n\t<meta property=\"og:image:type\" content=\"image\/png\" \/>\n<meta name=\"twitter:card\" content=\"summary_large_image\" \/>\n<meta name=\"twitter:label1\" content=\"Est. reading time\" \/>\n\t<meta name=\"twitter:data1\" content=\"2 minuti\" \/>\n<script type=\"application\/ld+json\" class=\"yoast-schema-graph\">{\"@context\":\"https:\/\/schema.org\",\"@graph\":[{\"@type\":\"WebPage\",\"@id\":\"https:\/\/sen-shop.com\/sl\/collections\/tanita-analizatorji-telesne-sestave\/tehtnica-tanita-osebna-raba\/tanita-bc-601\/\",\"url\":\"https:\/\/sen-shop.com\/sl\/collections\/tanita-analizatorji-telesne-sestave\/tehtnica-tanita-osebna-raba\/tanita-bc-601\/\",\"name\":\"TANITA BC 601 Tehtnica za merjenje telesne sestave za vse \u010dlane dru\u017eine\",\"isPartOf\":{\"@id\":\"https:\/\/sen-shop.com\/sl\/#website\"},\"datePublished\":\"2018-05-18T08:57:51+00:00\",\"dateModified\":\"2026-03-12T12:15:59+00:00\",\"description\":\"Izjemno sofisticiran analizator z natan\u010dnimi meritvami. Tanita bc 601 za merjenje telesne sestave vrhunske kvalitete. Segmentira dele\u017e telesne ma\u0161\u010dobe.\",\"breadcrumb\":{\"@id\":\"https:\/\/sen-shop.com\/sl\/collections\/tanita-analizatorji-telesne-sestave\/tehtnica-tanita-osebna-raba\/tanita-bc-601\/#breadcrumb\"},\"inLanguage\":\"sl-SI\",\"potentialAction\":[{\"@type\":\"ReadAction\",\"target\":[\"https:\/\/sen-shop.com\/sl\/collections\/tanita-analizatorji-telesne-sestave\/tehtnica-tanita-osebna-raba\/tanita-bc-601\/\"]}]},{\"@type\":\"BreadcrumbList\",\"@id\":\"https:\/\/sen-shop.com\/sl\/collections\/tanita-analizatorji-telesne-sestave\/tehtnica-tanita-osebna-raba\/tanita-bc-601\/#breadcrumb\",\"itemListElement\":[{\"@type\":\"ListItem\",\"position\":1,\"name\":\"Home\",\"item\":\"https:\/\/sen-shop.com\/sl\/\"},{\"@type\":\"ListItem\",\"position\":2,\"name\":\"TANITA BC-601\"}]},{\"@type\":\"WebSite\",\"@id\":\"https:\/\/sen-shop.com\/sl\/#website\",\"url\":\"https:\/\/sen-shop.com\/sl\/\",\"name\":\"SEN Shop\",\"description\":\"Slovensko, Ekolo\u0161ko, Naravno\",\"publisher\":{\"@id\":\"https:\/\/sen-shop.com\/sl\/#organization\"},\"potentialAction\":[{\"@type\":\"SearchAction\",\"target\":{\"@type\":\"EntryPoint\",\"urlTemplate\":\"https:\/\/sen-shop.com\/sl\/?s={search_term_string}\"},\"query-input\":\"required name=search_term_string\"}],\"inLanguage\":\"sl-SI\"},{\"@type\":\"Organization\",\"@id\":\"https:\/\/sen-shop.com\/sl\/#organization\",\"name\":\"Mind trade d.o.o\",\"url\":\"https:\/\/sen-shop.com\/sl\/\",\"logo\":{\"@type\":\"ImageObject\",\"inLanguage\":\"sl-SI\",\"@id\":\"https:\/\/sen-shop.com\/sl\/#\/schema\/logo\/image\/\",\"url\":\"https:\/\/sen-shop.com\/wp-content\/uploads\/2018\/05\/header_logo.png\",\"contentUrl\":\"https:\/\/sen-shop.com\/wp-content\/uploads\/2018\/05\/header_logo.png\",\"width\":138,\"height\":70,\"caption\":\"Mind trade d.o.o\"},\"image\":{\"@id\":\"https:\/\/sen-shop.com\/sl\/#\/schema\/logo\/image\/\"},\"sameAs\":[\"https:\/\/www.instagram.com\/senslovenija\/\",\"https:\/\/www.facebook.com\/Senshopslovenija\"]}]}<\/script>\n<!-- \/ Yoast SEO plugin. -->","yoast_head_json":{"title":"TANITA BC 601 Tehtnica za merjenje telesne sestave za vse \u010dlane dru\u017eine","description":"Izjemno sofisticiran analizator z natan\u010dnimi meritvami. Tanita bc 601 za merjenje telesne sestave vrhunske kvalitete. Segmentira dele\u017e telesne ma\u0161\u010dobe.","robots":{"index":"index","follow":"follow","max-snippet":"max-snippet:-1","max-image-preview":"max-image-preview:large","max-video-preview":"max-video-preview:-1"},"canonical":"https:\/\/sen-shop.com\/sl\/collections\/tanita-analizatorji-telesne-sestave\/tehtnica-tanita-osebna-raba\/tanita-bc-601\/","og_locale":"sl_SI","og_type":"article","og_title":"TANITA BC 601 Tehtnica za merjenje telesne sestave za vse \u010dlane dru\u017eine","og_description":"Izjemno sofisticiran analizator z natan\u010dnimi meritvami. Tanita bc 601 za merjenje telesne sestave vrhunske kvalitete. Segmentira dele\u017e telesne ma\u0161\u010dobe.","og_url":"https:\/\/sen-shop.com\/sl\/collections\/tanita-analizatorji-telesne-sestave\/tehtnica-tanita-osebna-raba\/tanita-bc-601\/","og_site_name":"SEN Shop","article_publisher":"https:\/\/www.facebook.com\/Senshopslovenija","article_modified_time":"2026-03-12T12:15:59+00:00","og_image":[{"width":700,"height":700,"url":"https:\/\/sen-shop.com\/wp-content\/uploads\/2018\/05\/tanita-601-gold-1.png","type":"image\/png"}],"twitter_card":"summary_large_image","twitter_misc":{"Est. reading time":"2 minuti"},"schema":{"@context":"https:\/\/schema.org","@graph":[{"@type":"WebPage","@id":"https:\/\/sen-shop.com\/sl\/collections\/tanita-analizatorji-telesne-sestave\/tehtnica-tanita-osebna-raba\/tanita-bc-601\/","url":"https:\/\/sen-shop.com\/sl\/collections\/tanita-analizatorji-telesne-sestave\/tehtnica-tanita-osebna-raba\/tanita-bc-601\/","name":"TANITA BC 601 Tehtnica za merjenje telesne sestave za vse \u010dlane dru\u017eine","isPartOf":{"@id":"https:\/\/sen-shop.com\/sl\/#website"},"datePublished":"2018-05-18T08:57:51+00:00","dateModified":"2026-03-12T12:15:59+00:00","description":"Izjemno sofisticiran analizator z natan\u010dnimi meritvami. Tanita bc 601 za merjenje telesne sestave vrhunske kvalitete. Segmentira dele\u017e telesne ma\u0161\u010dobe.","breadcrumb":{"@id":"https:\/\/sen-shop.com\/sl\/collections\/tanita-analizatorji-telesne-sestave\/tehtnica-tanita-osebna-raba\/tanita-bc-601\/#breadcrumb"},"inLanguage":"sl-SI","potentialAction":[{"@type":"ReadAction","target":["https:\/\/sen-shop.com\/sl\/collections\/tanita-analizatorji-telesne-sestave\/tehtnica-tanita-osebna-raba\/tanita-bc-601\/"]}]},{"@type":"BreadcrumbList","@id":"https:\/\/sen-shop.com\/sl\/collections\/tanita-analizatorji-telesne-sestave\/tehtnica-tanita-osebna-raba\/tanita-bc-601\/#breadcrumb","itemListElement":[{"@type":"ListItem","position":1,"name":"Home","item":"https:\/\/sen-shop.com\/sl\/"},{"@type":"ListItem","position":2,"name":"TANITA BC-601"}]},{"@type":"WebSite","@id":"https:\/\/sen-shop.com\/sl\/#website","url":"https:\/\/sen-shop.com\/sl\/","name":"SEN Shop","description":"Slovensko, Ekolo\u0161ko, Naravno","publisher":{"@id":"https:\/\/sen-shop.com\/sl\/#organization"},"potentialAction":[{"@type":"SearchAction","target":{"@type":"EntryPoint","urlTemplate":"https:\/\/sen-shop.com\/sl\/?s={search_term_string}"},"query-input":"required name=search_term_string"}],"inLanguage":"sl-SI"},{"@type":"Organization","@id":"https:\/\/sen-shop.com\/sl\/#organization","name":"Mind trade d.o.o","url":"https:\/\/sen-shop.com\/sl\/","logo":{"@type":"ImageObject","inLanguage":"sl-SI","@id":"https:\/\/sen-shop.com\/sl\/#\/schema\/logo\/image\/","url":"https:\/\/sen-shop.com\/wp-content\/uploads\/2018\/05\/header_logo.png","contentUrl":"https:\/\/sen-shop.com\/wp-content\/uploads\/2018\/05\/header_logo.png","width":138,"height":70,"caption":"Mind trade d.o.o"},"image":{"@id":"https:\/\/sen-shop.com\/sl\/#\/schema\/logo\/image\/"},"sameAs":["https:\/\/www.instagram.com\/senslovenija\/","https:\/\/www.facebook.com\/Senshopslovenija"]}]}},"_links":{"self":[{"href":"https:\/\/sen-shop.com\/sl\/wp-json\/wp\/v2\/product\/177","targetHints":{"allow":["GET"]}}],"collection":[{"href":"https:\/\/sen-shop.com\/sl\/wp-json\/wp\/v2\/product"}],"about":[{"href":"https:\/\/sen-shop.com\/sl\/wp-json\/wp\/v2\/types\/product"}],"replies":[{"embeddable":true,"href":"https:\/\/sen-shop.com\/sl\/wp-json\/wp\/v2\/comments?post=177"}],"wp:featuredmedia":[{"embeddable":true,"href":"https:\/\/sen-shop.com\/sl\/wp-json\/wp\/v2\/media\/23101"}],"wp:attachment":[{"href":"https:\/\/sen-shop.com\/sl\/wp-json\/wp\/v2\/media?parent=177"}],"wp:term":[{"taxonomy":"product_cat","embeddable":true,"href":"https:\/\/sen-shop.com\/sl\/wp-json\/wp\/v2\/product_cat?post=177"},{"taxonomy":"product_tag","embeddable":true,"href":"https:\/\/sen-shop.com\/sl\/wp-json\/wp\/v2\/product_tag?post=177"}],"curies":[{"name":"wp","href":"https:\/\/api.w.org\/{rel}","templated":true}]}}