{"id":174,"date":"2018-05-20T10:55:32","date_gmt":"2018-05-20T08:55:32","guid":{"rendered":"https:\/\/www.sen-shop.com\/?post_type=product&#038;p=174"},"modified":"2026-03-02T12:00:33","modified_gmt":"2026-03-02T11:00:33","slug":"tanita-rd-953-crna-merjenje-telesne-mascobe","status":"publish","type":"product","link":"https:\/\/sen-shop.com\/sl\/collections\/tanita-analizatorji-telesne-sestave\/tehtnica-tanita-osebna-raba\/tanita-rd-953-crna-merjenje-telesne-mascobe\/","title":{"rendered":"TANITA RD-953 \u010drna"},"content":{"rendered":"<p>[vc_row][vc_column][vc_column_text]<\/p>\n<h2>Tanita tehtnica RD 953<\/h2>\n<p>Novost na trgu: dvofrekven\u010dni osebni analizator z medicinsko natan\u010dnostjo. Merjenje telesne ma\u0161\u010dobe \u0161e ni bilo bolj enostavno.<\/p>\n<p>Tehtnice za nadzor telesne sestave so namenjene zdravemu \u017eivljenju, saj vam nudijo vpogled v klju\u010dne indikatorje zdravja, ki vam omogo\u010dajo spremljanje sprememb va\u0161ega \u017eivljenjskega stila pri spremembi prehranjevanja spremljajte rezultate na telesu, da se prepri\u010date, da se prehranjujete na bolj zdrav na\u010din, pri\u00a0prilagoditvi programa fizi\u010dne aktivnosti s spremljanjem napredka mi\u0161i\u010dne mase in stopnje bazalnega metabolizma ter nadzorovanju\u00a0odstotka telesne ma\u0161\u010dobe, ki je klju\u010dni indikator tveganj za sladkorno bolezen in sr\u010dna obolenja. Ve\u010d o pomembnosti telesne sestave si lahko preberete <a href=\"http:\/\/activelifestyleblog.blogspot.com\/2015\/03\/analiza-telesne-sestave-s-tanito.html\">TUKAJ<\/a>.<\/p>\n<h3><strong>RD-953 VAM PRIKA\u017dE:<\/strong><\/h3>\n<p>&nbsp;<\/p>\n<ul>\n<li>te\u017eo<\/li>\n<li>dele\u017e telesne ma\u0161\u010dobe<\/li>\n<li>dele\u017e vode v telesu<\/li>\n<li>mi\u0161i\u010dno maso<\/li>\n<li>te\u017eo kosti<\/li>\n<li>(ITM) indeks telesne mase<\/li>\n<li>prikaz dnevnih energijskih potreb v kalorijah<\/li>\n<li>nivo ma\u0161\u010dobe v trebu\u0161nem predelu<\/li>\n<li>indikator ocene postave<\/li>\n<li>oceno starosti presnove<\/li>\n<li>kapaciteta tehtanja 200 kg<\/li>\n<\/ul>\n<p>RD-953 ima 4 spominska mesta, vsako s svojim barvnim zaslonom\/shemo in avtomati\u010dnim prepoznavanjem uporabnika. Preprosto samo stopite nanj in vas bo samodejno prepoznal ter izvedel meritev. Tako vam ni potrebno nenehno vna\u0161ati svojih podatkov. Omogo\u010da vam tudi barven prikaz meritev glede na oceno; zelena za zdravo meritev, rumena za mejno meritev ter rde\u010da za slabo meritev (tako tudi bolj pritegne va\u0161o pozornost). Merjenje telesne ma\u0161\u010dobe je sedaj mo\u017eno na povsem enostaven na\u010din.<\/p>\n<p>Z analizatorji Tanita smo oskrbeli \u0161tevilne zdravstvene domove, fitnes centre, univerze, medicinske centre, zdravili\u0161\u010da in \u0161tevilne druge ugledne institucije. Tanita je Japonsko podjetje, ki uspe\u0161no deluje \u017ee ve\u010d kot 40 let. Analizatorji so vrhunske kvalitete, ki ponujajo medicinsko natan\u010dne rezultate.<\/p>\n<h4>Merjenje telesne ma\u0161\u010dobe<\/h4>\n<p>Analizator vam prika\u017ee tudi procent telesne ma\u0161\u010dobe.<\/p>\n<p>Procent telesne ma\u0161\u010dobe je koli\u010dina ma\u0161\u010dobe kot dele\u017e telesne te\u017ee. Masa ma\u0161\u010dobe je dejanska te\u017ea ma\u0161\u010dobe v telesu. Telesna ma\u0161\u010doba je bistvenega pomena za osnovno telesno funkcijo, kot je uravnavanje telesne temperature in shranjevanje vitaminov. Toda preve\u010d ma\u0161\u010dobe lahko na\u010dne va\u0161e zdravje. Z zmanj\u0161anjem odve\u010dne telesne ma\u0161\u010dobe se zmanj\u0161a tveganje visokega pritiska, bolezni srca, diabetesa in raka. Zato je pomembno, da sledite svojemu dele\u017eu ma\u0161\u010dobe.<\/p>\n<h4>Zakaj izbrati analizator telesne sestave?<\/h4>\n<p>Analizator telesne sestave vam omogo\u010da vitalni vpogled, kaj se dogaja v va\u0161em telesu.<\/p>\n<p>Analiza vam bo pomagala razumeti, kako va\u0161a sprememba prehrane in gibanja vpliva na va\u0161e telo.<\/p>\n<p><strong>Analizator vam pomaga:<\/strong><\/p>\n<ul>\n<li><strong>Razbrati ali izgubljate te\u017eo na zdrav na\u010din \u2013 manj ma\u0161\u010dobe, ve\u010d mi\u0161ic!<\/strong><\/li>\n<li><strong>Zakaj ne izgubljate te\u017eo \u010de se prehranjujete zdravo ter ve\u010d telovadite.<\/strong><\/li>\n<li><strong>Natan\u010dno prilagoditi program vadbe in slediti mi\u0161i\u010dni masi in presnovi.<\/strong><\/li>\n<li><strong>Zmanj\u0161ati tveganje za diabetes, visok krvni tlak in nekatere vrste raka s preverjanjem zdravih razponov vsebnosti telesne ma\u0161\u010dobe in visceralnih ma\u0161\u010dob (znotraj trebu\u0161ne votline).<\/strong><\/li>\n<\/ul>\n<p>Ni\u010d ve\u010d izgovorov. Poskrbite za svoje telo sedaj.<\/p>\n<p>Pove\u017eite se z aplikacijo <strong>MyTANITA<\/strong> (podpira Android in iOS)\u00a0<a href=\"https:\/\/sen-shop.com\/wp-content\/uploads\/2018\/05\/my-tanita-app-1.png\"><img loading=\"lazy\" decoding=\"async\" class=\"wp-image-6598 alignnone\" src=\"https:\/\/sen-shop.com\/wp-content\/uploads\/2018\/05\/my-tanita-app-1.png\" alt=\"\" width=\"77\" height=\"77\" srcset=\"https:\/\/sen-shop.com\/wp-content\/uploads\/2018\/05\/my-tanita-app-1.png 180w, https:\/\/sen-shop.com\/wp-content\/uploads\/2018\/05\/my-tanita-app-1-100x100.png 100w, https:\/\/sen-shop.com\/wp-content\/uploads\/2018\/05\/my-tanita-app-1-50x50.png 50w, https:\/\/sen-shop.com\/wp-content\/uploads\/2018\/05\/my-tanita-app-1-60x60.png 60w\" sizes=\"auto, (max-width: 77px) 100vw, 77px\" \/><\/a><\/p>\n<p>&nbsp;<\/p>\n<p><iframe loading=\"lazy\" title=\"The Supreme - Tanita  Dual-Frequency Body Composition Monitor for iPhone\/ Android RD-953\" width=\"500\" height=\"281\" src=\"https:\/\/www.youtube.com\/embed\/whOyF2IfFWg?feature=oembed\" frameborder=\"0\" allow=\"accelerometer; autoplay; clipboard-write; encrypted-media; gyroscope; picture-in-picture; web-share\" referrerpolicy=\"strict-origin-when-cross-origin\" allowfullscreen><\/iframe><\/p>\n<p>&nbsp;<\/p>\n<p><a href=\"https:\/\/sen-shop.com\/wp-content\/uploads\/2019\/05\/kako-do-vitke-postave-3-compressed.pdf\"><img loading=\"lazy\" decoding=\"async\" class=\"wp-image-6932 alignright\" src=\"https:\/\/sen-shop.com\/wp-content\/uploads\/2019\/05\/kako-do-vitke-postave-slika-blog-1.png\" alt=\"\" width=\"396\" height=\"515\" srcset=\"https:\/\/sen-shop.com\/wp-content\/uploads\/2019\/05\/kako-do-vitke-postave-slika-blog-1.png 500w, https:\/\/sen-shop.com\/wp-content\/uploads\/2019\/05\/kako-do-vitke-postave-slika-blog-1-231x300.png 231w, https:\/\/sen-shop.com\/wp-content\/uploads\/2019\/05\/kako-do-vitke-postave-slika-blog-1-38x50.png 38w, https:\/\/sen-shop.com\/wp-content\/uploads\/2019\/05\/kako-do-vitke-postave-slika-blog-1-46x60.png 46w\" sizes=\"auto, (max-width: 396px) 100vw, 396px\" \/><\/a><\/p>\n<h1><\/h1>\n<h1><\/h1>\n<h1>E-knjiga<\/h1>\n<p>Vztrajno se bli\u017ea \u010das dopustovanja na morju oziroma vikend oddihi v obla\u010dilih, ki marsikaj razkrivajo. Tudi tiste kilograme, ki vam jih ni \u0161e uspelo \u201dpokuriti\u201d. Letos ni bilo nobenega znaka, da se poletje nevzdr\u017eno bli\u017ea in smo lahko obro\u010dke in hleb\u010dke skrivali za dolgimi obla\u010dili.\u00a0<strong>Kaj pa sedaj ko je je pred vrati obdobje kopalk?<\/strong><\/p>\n<p><strong>\u017deli\u0161 tiste zadnje kilograme \u010dimprej odpraviti? Vendar KAKO?<\/strong><\/p>\n<p>\u25b6\ufe0f\u00a0V prvem delu E-knjige boste izvedeli kako poiskati va\u0161 najbolj problemati\u010dni del telesa in zakaj ne smemo gledati le kon\u010dno te\u017eo na tehtnici.<\/p>\n<p>\u25b6\ufe0f\u00a0V drugem delu vam predstavimo povsem naravni topilec ma\u0161\u010dobe.<\/p>\n<p>[\/vc_column_text][vc_btn title=&#8221;NALO\u017dI E-KNJIGO &gt;&gt;&#8221; color=&#8221;turquoise&#8221; align=&#8221;center&#8221; link=&#8221;url:https%3A%2F%2Fwww.sen-shop.si%2Fwp-content%2Fuploads%2F2019%2F05%2Fkako-do-vitke-postave-3-compressed.pdf||target:%20_blank|&#8221;][\/vc_column][\/vc_row]<\/p>\n","protected":false},"excerpt":{"rendered":"<p><img decoding=\"async\" class=\"emoji\" role=\"img\" draggable=\"false\" src=\"https:\/\/s.w.org\/images\/core\/emoji\/17.0.2\/svg\/1f31f.svg\" alt=\"\ud83c\udf1f\" \/> <strong data-start=\"81\" data-end=\"102\">Preselili smo se!<\/strong> <img decoding=\"async\" class=\"emoji\" role=\"img\" draggable=\"false\" src=\"https:\/\/s.w.org\/images\/core\/emoji\/17.0.2\/svg\/1f31f.svg\" alt=\"\ud83c\udf1f\" \/><br data-start=\"105\" data-end=\"108\" \/>Za \u0161e bolj\u0161o izku\u0161njo nakupovanja nas zdaj najdete na <strong data-start=\"162\" data-end=\"207\"><a class=\"decorated-link\" href=\"https:\/\/sen-shop.si\/tanita\/\" target=\"_new\" rel=\"noopener\" data-start=\"164\" data-end=\"205\">www.sen-shop.si<\/a><\/strong>!<\/p>\n<p>Predstavljamo vam novost: Najbolj natan\u010den\u00a0dvofrekven\u010dni osebni analizator\u00a0na trgu!<br \/>\nPatentirana dvofrekven\u010dna BIA metoda omogo\u010da meritev upornosti telesa preko dveh razli\u010dnih frekvenc, kar zagotavlja najvi\u0161ji nivo natan\u010dnosti za hitro in zanesljivo meritev. To vam omogo\u010da hiter prikaz oz. nadzor nad u\u010dinkom vadbe ali prehrane na va\u0161e telo. Rezultati se vam prika\u017eejo na va\u0161 telefon prek <strong>aplikacije My Tanita.<\/strong><\/p>\n<p>Za\u00a0<strong>bodybuilderje\u00a0<\/strong>priporo\u010damo \u0161e bolj zmogljivej\u0161i analizator &gt;&gt;&gt;\u00a0<strong><a href=\"https:\/\/sen-shop.com\/collections\/domaca-stran\/tanita-rd-545\/\">TANITA RD 545<\/a><\/strong><\/p>\n<p><strong>Tehni\u010dna podpora in uveljavljanje garancije je mo\u017eno samo za izdelke kupljene v na\u0161i trgovini.<\/strong><\/p>\n<p>Kako do VITKE POSTAVE\u00a0 s pomo\u010djo analizatorja telesne sestave? Ni\u017eje na strani v E-knjigi vam razkrivamo enostavno re\u0161itev.<\/p>\n[banner_tanita]\n<p><a href=\"https:\/\/sen-shop.com\/wp-content\/uploads\/2018\/05\/pametna-tehtnica-TANITA-brezpla\u010dna-po\u0161tnina-garancija-b.png\"><img loading=\"lazy\" decoding=\"async\" class=\"size-full wp-image-7821 alignleft\" src=\"https:\/\/sen-shop.com\/wp-content\/uploads\/2018\/05\/pametna-tehtnica-TANITA-brezpla\u010dna-po\u0161tnina-garancija-b.png\" alt=\"\" width=\"600\" height=\"100\" srcset=\"https:\/\/sen-shop.com\/wp-content\/uploads\/2018\/05\/pametna-tehtnica-TANITA-brezpla\u010dna-po\u0161tnina-garancija-b.png 600w, https:\/\/sen-shop.com\/wp-content\/uploads\/2018\/05\/pametna-tehtnica-TANITA-brezpla\u010dna-po\u0161tnina-garancija-b-570x95.png 570w, https:\/\/sen-shop.com\/wp-content\/uploads\/2018\/05\/pametna-tehtnica-TANITA-brezpla\u010dna-po\u0161tnina-garancija-b-300x50.png 300w, https:\/\/sen-shop.com\/wp-content\/uploads\/2018\/05\/pametna-tehtnica-TANITA-brezpla\u010dna-po\u0161tnina-garancija-b-60x10.png 60w\" sizes=\"auto, (max-width: 600px) 100vw, 600px\" \/><\/a><\/p>\n","protected":false},"featured_media":4640,"comment_status":"open","ping_status":"closed","template":"","meta":{"inline_featured_image":false},"product_cat":[85,59],"product_tag":[123,253,255,122,254,120,297,121,263],"class_list":["post-174","product","type-product","status-publish","has-post-thumbnail","hentry","product_cat-tanita-analizatorji-telesne-sestave","product_cat-tehtnica-tanita-osebna-raba","product_tag-analizator","product_tag-analizator-telesne-teze","product_tag-osebna-digitalna-tehtnica","product_tag-tehtnica","product_tag-nakup-tanite","product_tag-osebna-raba","product_tag-pametna-tehtnica","product_tag-tanita","product_tag-tehtnica-za-merjenje-telesne-sestave"],"acf":[],"yoast_head":"<!-- This site is optimized with the Yoast SEO plugin v19.13 - https:\/\/yoast.com\/wordpress\/plugins\/seo\/ -->\n<title>Tanita RD-953. Merjenje telesne ma\u0161\u010dobe z medicinsko natan\u010dnostjo.<\/title>\n<meta name=\"description\" content=\"Merjenje telesne ma\u0161\u010dobe sedaj medicinsko natan\u010dno. Preprosto samo stopite na Tanita tehtnico in vas bo samodejno prepoznala ter izvedla meritev.\" \/>\n<meta name=\"robots\" content=\"index, follow, max-snippet:-1, max-image-preview:large, max-video-preview:-1\" \/>\n<link rel=\"canonical\" href=\"https:\/\/sen-shop.com\/sl\/collections\/tanita-analizatorji-telesne-sestave\/tehtnica-tanita-osebna-raba\/tanita-rd-953-crna-merjenje-telesne-mascobe\/\" \/>\n<meta property=\"og:locale\" content=\"sl_SI\" \/>\n<meta property=\"og:type\" content=\"article\" \/>\n<meta property=\"og:title\" content=\"Tanita RD-953. Merjenje telesne ma\u0161\u010dobe z medicinsko natan\u010dnostjo.\" \/>\n<meta property=\"og:description\" content=\"Merjenje telesne ma\u0161\u010dobe sedaj medicinsko natan\u010dno. Preprosto samo stopite na Tanita tehtnico in vas bo samodejno prepoznala ter izvedla meritev.\" \/>\n<meta property=\"og:url\" content=\"https:\/\/sen-shop.com\/sl\/collections\/tanita-analizatorji-telesne-sestave\/tehtnica-tanita-osebna-raba\/tanita-rd-953-crna-merjenje-telesne-mascobe\/\" \/>\n<meta property=\"og:site_name\" content=\"SEN Shop\" \/>\n<meta property=\"article:publisher\" content=\"https:\/\/www.facebook.com\/Senshopslovenija\" \/>\n<meta property=\"article:modified_time\" content=\"2026-03-02T11:00:33+00:00\" \/>\n<meta property=\"og:image\" content=\"https:\/\/sen-shop.com\/wp-content\/uploads\/2018\/05\/TANITA-RD-953-crna.jpg\" \/>\n\t<meta property=\"og:image:width\" content=\"700\" \/>\n\t<meta property=\"og:image:height\" content=\"700\" \/>\n\t<meta property=\"og:image:type\" content=\"image\/jpeg\" \/>\n<meta name=\"twitter:card\" content=\"summary_large_image\" \/>\n<meta name=\"twitter:label1\" content=\"Est. reading time\" \/>\n\t<meta name=\"twitter:data1\" content=\"4 minute\" \/>\n<script type=\"application\/ld+json\" class=\"yoast-schema-graph\">{\"@context\":\"https:\/\/schema.org\",\"@graph\":[{\"@type\":\"WebPage\",\"@id\":\"https:\/\/sen-shop.com\/sl\/collections\/tanita-analizatorji-telesne-sestave\/tehtnica-tanita-osebna-raba\/tanita-rd-953-crna-merjenje-telesne-mascobe\/\",\"url\":\"https:\/\/sen-shop.com\/sl\/collections\/tanita-analizatorji-telesne-sestave\/tehtnica-tanita-osebna-raba\/tanita-rd-953-crna-merjenje-telesne-mascobe\/\",\"name\":\"Tanita RD-953. Merjenje telesne ma\u0161\u010dobe z medicinsko natan\u010dnostjo.\",\"isPartOf\":{\"@id\":\"https:\/\/sen-shop.com\/sl\/#website\"},\"datePublished\":\"2018-05-20T08:55:32+00:00\",\"dateModified\":\"2026-03-02T11:00:33+00:00\",\"description\":\"Merjenje telesne ma\u0161\u010dobe sedaj medicinsko natan\u010dno. Preprosto samo stopite na Tanita tehtnico in vas bo samodejno prepoznala ter izvedla meritev.\",\"breadcrumb\":{\"@id\":\"https:\/\/sen-shop.com\/sl\/collections\/tanita-analizatorji-telesne-sestave\/tehtnica-tanita-osebna-raba\/tanita-rd-953-crna-merjenje-telesne-mascobe\/#breadcrumb\"},\"inLanguage\":\"sl-SI\",\"potentialAction\":[{\"@type\":\"ReadAction\",\"target\":[\"https:\/\/sen-shop.com\/sl\/collections\/tanita-analizatorji-telesne-sestave\/tehtnica-tanita-osebna-raba\/tanita-rd-953-crna-merjenje-telesne-mascobe\/\"]}]},{\"@type\":\"BreadcrumbList\",\"@id\":\"https:\/\/sen-shop.com\/sl\/collections\/tanita-analizatorji-telesne-sestave\/tehtnica-tanita-osebna-raba\/tanita-rd-953-crna-merjenje-telesne-mascobe\/#breadcrumb\",\"itemListElement\":[{\"@type\":\"ListItem\",\"position\":1,\"name\":\"Home\",\"item\":\"https:\/\/sen-shop.com\/sl\/\"},{\"@type\":\"ListItem\",\"position\":2,\"name\":\"TANITA RD-953 \u010drna\"}]},{\"@type\":\"WebSite\",\"@id\":\"https:\/\/sen-shop.com\/sl\/#website\",\"url\":\"https:\/\/sen-shop.com\/sl\/\",\"name\":\"SEN Shop\",\"description\":\"Slovensko, Ekolo\u0161ko, Naravno\",\"publisher\":{\"@id\":\"https:\/\/sen-shop.com\/sl\/#organization\"},\"potentialAction\":[{\"@type\":\"SearchAction\",\"target\":{\"@type\":\"EntryPoint\",\"urlTemplate\":\"https:\/\/sen-shop.com\/sl\/?s={search_term_string}\"},\"query-input\":\"required name=search_term_string\"}],\"inLanguage\":\"sl-SI\"},{\"@type\":\"Organization\",\"@id\":\"https:\/\/sen-shop.com\/sl\/#organization\",\"name\":\"Mind trade d.o.o\",\"url\":\"https:\/\/sen-shop.com\/sl\/\",\"logo\":{\"@type\":\"ImageObject\",\"inLanguage\":\"sl-SI\",\"@id\":\"https:\/\/sen-shop.com\/sl\/#\/schema\/logo\/image\/\",\"url\":\"https:\/\/sen-shop.com\/wp-content\/uploads\/2018\/05\/header_logo.png\",\"contentUrl\":\"https:\/\/sen-shop.com\/wp-content\/uploads\/2018\/05\/header_logo.png\",\"width\":138,\"height\":70,\"caption\":\"Mind trade d.o.o\"},\"image\":{\"@id\":\"https:\/\/sen-shop.com\/sl\/#\/schema\/logo\/image\/\"},\"sameAs\":[\"https:\/\/www.instagram.com\/senslovenija\/\",\"https:\/\/www.facebook.com\/Senshopslovenija\"]}]}<\/script>\n<!-- \/ Yoast SEO plugin. -->","yoast_head_json":{"title":"Tanita RD-953. Merjenje telesne ma\u0161\u010dobe z medicinsko natan\u010dnostjo.","description":"Merjenje telesne ma\u0161\u010dobe sedaj medicinsko natan\u010dno. Preprosto samo stopite na Tanita tehtnico in vas bo samodejno prepoznala ter izvedla meritev.","robots":{"index":"index","follow":"follow","max-snippet":"max-snippet:-1","max-image-preview":"max-image-preview:large","max-video-preview":"max-video-preview:-1"},"canonical":"https:\/\/sen-shop.com\/sl\/collections\/tanita-analizatorji-telesne-sestave\/tehtnica-tanita-osebna-raba\/tanita-rd-953-crna-merjenje-telesne-mascobe\/","og_locale":"sl_SI","og_type":"article","og_title":"Tanita RD-953. Merjenje telesne ma\u0161\u010dobe z medicinsko natan\u010dnostjo.","og_description":"Merjenje telesne ma\u0161\u010dobe sedaj medicinsko natan\u010dno. Preprosto samo stopite na Tanita tehtnico in vas bo samodejno prepoznala ter izvedla meritev.","og_url":"https:\/\/sen-shop.com\/sl\/collections\/tanita-analizatorji-telesne-sestave\/tehtnica-tanita-osebna-raba\/tanita-rd-953-crna-merjenje-telesne-mascobe\/","og_site_name":"SEN Shop","article_publisher":"https:\/\/www.facebook.com\/Senshopslovenija","article_modified_time":"2026-03-02T11:00:33+00:00","og_image":[{"width":700,"height":700,"url":"https:\/\/sen-shop.com\/wp-content\/uploads\/2018\/05\/TANITA-RD-953-crna.jpg","type":"image\/jpeg"}],"twitter_card":"summary_large_image","twitter_misc":{"Est. reading time":"4 minute"},"schema":{"@context":"https:\/\/schema.org","@graph":[{"@type":"WebPage","@id":"https:\/\/sen-shop.com\/sl\/collections\/tanita-analizatorji-telesne-sestave\/tehtnica-tanita-osebna-raba\/tanita-rd-953-crna-merjenje-telesne-mascobe\/","url":"https:\/\/sen-shop.com\/sl\/collections\/tanita-analizatorji-telesne-sestave\/tehtnica-tanita-osebna-raba\/tanita-rd-953-crna-merjenje-telesne-mascobe\/","name":"Tanita RD-953. Merjenje telesne ma\u0161\u010dobe z medicinsko natan\u010dnostjo.","isPartOf":{"@id":"https:\/\/sen-shop.com\/sl\/#website"},"datePublished":"2018-05-20T08:55:32+00:00","dateModified":"2026-03-02T11:00:33+00:00","description":"Merjenje telesne ma\u0161\u010dobe sedaj medicinsko natan\u010dno. Preprosto samo stopite na Tanita tehtnico in vas bo samodejno prepoznala ter izvedla meritev.","breadcrumb":{"@id":"https:\/\/sen-shop.com\/sl\/collections\/tanita-analizatorji-telesne-sestave\/tehtnica-tanita-osebna-raba\/tanita-rd-953-crna-merjenje-telesne-mascobe\/#breadcrumb"},"inLanguage":"sl-SI","potentialAction":[{"@type":"ReadAction","target":["https:\/\/sen-shop.com\/sl\/collections\/tanita-analizatorji-telesne-sestave\/tehtnica-tanita-osebna-raba\/tanita-rd-953-crna-merjenje-telesne-mascobe\/"]}]},{"@type":"BreadcrumbList","@id":"https:\/\/sen-shop.com\/sl\/collections\/tanita-analizatorji-telesne-sestave\/tehtnica-tanita-osebna-raba\/tanita-rd-953-crna-merjenje-telesne-mascobe\/#breadcrumb","itemListElement":[{"@type":"ListItem","position":1,"name":"Home","item":"https:\/\/sen-shop.com\/sl\/"},{"@type":"ListItem","position":2,"name":"TANITA RD-953 \u010drna"}]},{"@type":"WebSite","@id":"https:\/\/sen-shop.com\/sl\/#website","url":"https:\/\/sen-shop.com\/sl\/","name":"SEN Shop","description":"Slovensko, Ekolo\u0161ko, Naravno","publisher":{"@id":"https:\/\/sen-shop.com\/sl\/#organization"},"potentialAction":[{"@type":"SearchAction","target":{"@type":"EntryPoint","urlTemplate":"https:\/\/sen-shop.com\/sl\/?s={search_term_string}"},"query-input":"required name=search_term_string"}],"inLanguage":"sl-SI"},{"@type":"Organization","@id":"https:\/\/sen-shop.com\/sl\/#organization","name":"Mind trade d.o.o","url":"https:\/\/sen-shop.com\/sl\/","logo":{"@type":"ImageObject","inLanguage":"sl-SI","@id":"https:\/\/sen-shop.com\/sl\/#\/schema\/logo\/image\/","url":"https:\/\/sen-shop.com\/wp-content\/uploads\/2018\/05\/header_logo.png","contentUrl":"https:\/\/sen-shop.com\/wp-content\/uploads\/2018\/05\/header_logo.png","width":138,"height":70,"caption":"Mind trade d.o.o"},"image":{"@id":"https:\/\/sen-shop.com\/sl\/#\/schema\/logo\/image\/"},"sameAs":["https:\/\/www.instagram.com\/senslovenija\/","https:\/\/www.facebook.com\/Senshopslovenija"]}]}},"_links":{"self":[{"href":"https:\/\/sen-shop.com\/sl\/wp-json\/wp\/v2\/product\/174","targetHints":{"allow":["GET"]}}],"collection":[{"href":"https:\/\/sen-shop.com\/sl\/wp-json\/wp\/v2\/product"}],"about":[{"href":"https:\/\/sen-shop.com\/sl\/wp-json\/wp\/v2\/types\/product"}],"replies":[{"embeddable":true,"href":"https:\/\/sen-shop.com\/sl\/wp-json\/wp\/v2\/comments?post=174"}],"wp:featuredmedia":[{"embeddable":true,"href":"https:\/\/sen-shop.com\/sl\/wp-json\/wp\/v2\/media\/4640"}],"wp:attachment":[{"href":"https:\/\/sen-shop.com\/sl\/wp-json\/wp\/v2\/media?parent=174"}],"wp:term":[{"taxonomy":"product_cat","embeddable":true,"href":"https:\/\/sen-shop.com\/sl\/wp-json\/wp\/v2\/product_cat?post=174"},{"taxonomy":"product_tag","embeddable":true,"href":"https:\/\/sen-shop.com\/sl\/wp-json\/wp\/v2\/product_tag?post=174"}],"curies":[{"name":"wp","href":"https:\/\/api.w.org\/{rel}","templated":true}]}}