{"id":168,"date":"2017-11-11T14:55:09","date_gmt":"2017-11-11T13:55:09","guid":{"rendered":"https:\/\/www.sen-shop.com\/?post_type=product&#038;p=168"},"modified":"2026-03-02T11:48:45","modified_gmt":"2026-03-02T10:48:45","slug":"belusi-za-ciscenje-telesa-in-odvajanje-vode","status":"publish","type":"product","link":"https:\/\/sen-shop.com\/sl\/collections\/prehranska-dopolnila\/razstrupljanje\/belusi-za-ciscenje-telesa-in-odvajanje-vode\/","title":{"rendered":"Belu\u0161i, \u010di\u0161\u010denje telesa"},"content":{"rendered":"<p>[vc_row][vc_column css_animation=&#8221;bounceInRight&#8221; css=&#8221;.vc_custom_1595941202641{background-color: #ffffff !important;}&#8221;][vc_single_image image=&#8221;25490&#8243; alignment=&#8221;center&#8221; onclick=&#8221;custom_link&#8221; css_animation=&#8221;none&#8221; link=&#8221;https:\/\/sen-shop.com\/collections\/akcija\/belusi-kapsule-gratis\/&#8221;][\/vc_column][\/vc_row][vc_row][vc_column][vc_column_text css=&#8221;.vc_custom_1613997356303{padding-top: 30px !important;padding-right: 30px !important;padding-bottom: 30px !important;padding-left: 30px !important;background-color: #c9db95 !important;}&#8221;]<strong>Belu\u0161i <\/strong>(\u0161parglji) so znani in cenjeni predvsem po svojem <strong>diureti\u010dnem u\u010dinku<\/strong>\u00a0saj pospe\u0161ujejo odvajanje vode iz telesa.<\/p>\n<p>Vsebujejo le 20 kalorij na 100 g, so brez ma\u0161\u010dob in holesterola, zato so\u00a0<strong>idealno spomladansko \u017eivilo, ki poskrbi za temeljito \u010di\u0161\u010denje organizma<\/strong>.<\/p>\n<p>Vsebujejo veliko balastnih snovi, ki\u00a0<strong>spodbujajo presnovo<\/strong> in delovanje debelega \u010drevesja. U\u017eivanje belu\u0161ev je primerno tudi za tiste z ob\u010dutljivim \u017eelodcem.[\/vc_column_text][\/vc_column][\/vc_row][vc_row][vc_column][vc_column_text css=&#8221;.vc_custom_1613772989051{padding-top: 30px !important;padding-right: 30px !important;padding-bottom: 30px !important;padding-left: 30px !important;background-color: #ededed !important;}&#8221;]\ud83d\udc49 \u00a0Pripravite si<strong>\u00a014 dnevno \u010di\u0161\u010denje telesa<\/strong> in izgubite\u00a0<strong>1-2 kilograma na teden<\/strong>.*<\/p>\n<p>\ud83d\udc49 \u00a0Za ve\u010dji u\u010dinek popijete\u00a0<strong>2-3 l teko\u010dine <\/strong>na dan\u00a0(voda ali nesladkani \u010daj).<\/p>\n<p>\ud83d\udc49 \u00a0Belu\u0161i (\u0161parglji) delujejo \u010distilno in vplivajo na tvorbo<strong>\u00a0\u010diste, mehke in gladke ko\u017ee.<\/strong><\/p>\n<p>* Tudi \u010de nadaljujete z dosedanjim na\u010dinom prehrane. \u010ce pa boste spremenili \u0161e prehrano, bo u\u010dinek \u0161e ve\u010dji in hitreje opazen.[\/vc_column_text][\/vc_column][\/vc_row][vc_row][vc_column][vc_column_text]\u010cistilni u\u010dinek belu\u0161ev oz. \u0161pargljev je \u017ee dolgo izjemno cenjen. Tanki brsti sestojijo iz 95 % vode in vsebujejo majhne koli\u010dine ogljikovih hidratov in skoraj ni\u010d ma\u0161\u010dob. 100 g belu\u0161ev ima le 20 kalorij. Dragocene sestavine, kot so kalijeve soli in belu\u0161ne kisline, spodbujajo delovanje ledvic in pomagajo pri odvajanju vode.<\/p>\n<p>Belu\u0161i (\u0161parglji) vsebujejo tudi vitamin B, ki podpira delovanje \u017eiv\u010dnega sistema in deluje proti utrujenosti, vitamina C in E, ki sta u\u010dinkovita antioksidanta, beta karoten in folna kislina pa ugodno vplivata na presnovne procese v telesu.<\/p>\n<p>\u010ce vas skrbi <strong>CELULIT,<\/strong> so belu\u0161i (\u0161parglji) odli\u010dna re\u0161itev za va\u0161e te\u017eave. Zaradi visoke koncentracije kalija in aminokisline <strong>asparagin<\/strong>\u00a0imajo belu\u0161i tudi\u00a0<strong>diureti\u010dne lastnosti<\/strong>, kar je odli\u010dna novica, saj\u00a0<strong>kopi\u010denje teko\u010dine<\/strong>\u00a0lahko privede do <strong>pove\u010danja<\/strong> celulita.<\/p>\n<p>Ste vedeli, da belu\u0161i slovijo tudi kot afrodiziak?<strong>\u00a0\u2665\ufe0f<\/strong><\/p>\n<p>Kapsule so 100% naravne, brez konzervansov, barvil in laktoze. Primerne so tudi za diabetike![\/vc_column_text][\/vc_column][\/vc_row]<\/p>\n","protected":false},"excerpt":{"rendered":"<p><img decoding=\"async\" class=\"emoji\" role=\"img\" draggable=\"false\" src=\"https:\/\/s.w.org\/images\/core\/emoji\/17.0.2\/svg\/1f31f.svg\" alt=\"\ud83c\udf1f\" \/> <strong data-start=\"81\" data-end=\"102\">Preselili smo se!<\/strong> <img decoding=\"async\" class=\"emoji\" role=\"img\" draggable=\"false\" src=\"https:\/\/s.w.org\/images\/core\/emoji\/17.0.2\/svg\/1f31f.svg\" alt=\"\ud83c\udf1f\" \/><br data-start=\"105\" data-end=\"108\" \/>Za \u0161e bolj\u0161o izku\u0161njo nakupovanja nas zdaj najdete na <strong data-start=\"162\" data-end=\"207\"><a class=\"decorated-link\" href=\"http:\/\/www.sen-shop.si\/\" target=\"_new\" rel=\"noopener\" data-start=\"164\" data-end=\"205\">www.sen-shop.si<\/a><\/strong>!<\/p>\n<p>Belu\u0161i (\u0161parglji) so idealno sredstvo za 100% naravno\u00a0<strong>\u010di\u0161\u010denje telesa<\/strong> in <strong>odvajanje vode.<\/strong><\/p>\n<p>\ud83d\udc49 \u00a0 izlo\u010dijo odve\u010dno vodo in strupe iz telesa<br \/>\n\ud83d\udc49 \u00a0 zmanj\u0161ajo vidnost celulita<br \/>\n\ud83d\udc49 \u00a0 zmanj\u0161ajo napihnjenost<br \/>\n\ud83d\udc49 \u00a0 vplivajo na tvorbo \u010diste in gladke ko\u017ee<\/p>\n<p>Izdelek je na trgu \u017ee 22 let ker enostavno <strong>DELUJE!<\/strong>\u00a0Stekleni\u010dka vsebuje\u00a060 kapsul, kar zadostuje za\u00a01 teden.<\/p>\n[banner_prehrana]\n","protected":false},"featured_media":25453,"comment_status":"open","ping_status":"closed","template":"","meta":{"inline_featured_image":false},"product_cat":[71,84,67,365],"product_tag":[123,253,87,255,122,119,254,110,118,262,121,298],"class_list":["post-168","product","type-product","status-publish","has-post-thumbnail","hentry","product_cat-hujsanje","product_cat-prehranska-dopolnila","product_cat-razstrupljanje","product_cat-crni-petek","product_tag-analizator","product_tag-analizator-telesne-teze","product_tag-bio","product_tag-osebna-digitalna-tehtnica","product_tag-tehtnica","product_tag-hujsanje-2","product_tag-nakup-tanite","product_tag-prehranska-dopolnila","product_tag-razstrupljanje-2","product_tag-razstrupljanje-jeter","product_tag-tanita","product_tag-tanita-tehtnica"],"acf":[],"yoast_head":"<!-- This site is optimized with the Yoast SEO plugin v19.13 - https:\/\/yoast.com\/wordpress\/plugins\/seo\/ -->\n<title>Belu\u0161i, za \u010di\u0161\u010denje telesa in odvajanje vode. Sen Shop<\/title>\n<meta name=\"description\" content=\"Belu\u0161i so idealno sredstvo za \u010di\u0161\u010denje telesa in odvajanje vode po naravni poti. Pomagajte si na naraven na\u010din. Garancija zadovoljstva. Hitra dostava.\" \/>\n<meta name=\"robots\" content=\"index, follow, max-snippet:-1, max-image-preview:large, max-video-preview:-1\" \/>\n<link rel=\"canonical\" href=\"https:\/\/sen-shop.com\/sl\/collections\/prehranska-dopolnila\/razstrupljanje\/belusi-za-ciscenje-telesa-in-odvajanje-vode\/\" \/>\n<meta property=\"og:locale\" content=\"sl_SI\" \/>\n<meta property=\"og:type\" content=\"article\" \/>\n<meta property=\"og:title\" content=\"Belu\u0161i, za \u010di\u0161\u010denje telesa in odvajanje vode. Sen Shop\" \/>\n<meta property=\"og:description\" content=\"Belu\u0161i so idealno sredstvo za \u010di\u0161\u010denje telesa in odvajanje vode po naravni poti. Pomagajte si na naraven na\u010din. Garancija zadovoljstva. Hitra dostava.\" \/>\n<meta property=\"og:url\" content=\"https:\/\/sen-shop.com\/sl\/collections\/prehranska-dopolnila\/razstrupljanje\/belusi-za-ciscenje-telesa-in-odvajanje-vode\/\" \/>\n<meta property=\"og:site_name\" content=\"SEN Shop\" \/>\n<meta property=\"article:publisher\" content=\"https:\/\/www.facebook.com\/Senshopslovenija\" \/>\n<meta property=\"article:modified_time\" content=\"2026-03-02T10:48:45+00:00\" \/>\n<meta property=\"og:image\" content=\"https:\/\/sen-shop.com\/wp-content\/uploads\/2017\/11\/belusi-test2.png\" \/>\n\t<meta property=\"og:image:width\" content=\"709\" \/>\n\t<meta property=\"og:image:height\" content=\"709\" \/>\n\t<meta property=\"og:image:type\" content=\"image\/png\" \/>\n<meta name=\"twitter:card\" content=\"summary_large_image\" \/>\n<meta name=\"twitter:label1\" content=\"Est. reading time\" \/>\n\t<meta name=\"twitter:data1\" content=\"2 minuti\" \/>\n<script type=\"application\/ld+json\" class=\"yoast-schema-graph\">{\"@context\":\"https:\/\/schema.org\",\"@graph\":[{\"@type\":\"WebPage\",\"@id\":\"https:\/\/sen-shop.com\/sl\/collections\/prehranska-dopolnila\/razstrupljanje\/belusi-za-ciscenje-telesa-in-odvajanje-vode\/\",\"url\":\"https:\/\/sen-shop.com\/sl\/collections\/prehranska-dopolnila\/razstrupljanje\/belusi-za-ciscenje-telesa-in-odvajanje-vode\/\",\"name\":\"Belu\u0161i, za \u010di\u0161\u010denje telesa in odvajanje vode. Sen Shop\",\"isPartOf\":{\"@id\":\"https:\/\/sen-shop.com\/sl\/#website\"},\"datePublished\":\"2017-11-11T13:55:09+00:00\",\"dateModified\":\"2026-03-02T10:48:45+00:00\",\"description\":\"Belu\u0161i so idealno sredstvo za \u010di\u0161\u010denje telesa in odvajanje vode po naravni poti. Pomagajte si na naraven na\u010din. Garancija zadovoljstva. Hitra dostava.\",\"breadcrumb\":{\"@id\":\"https:\/\/sen-shop.com\/sl\/collections\/prehranska-dopolnila\/razstrupljanje\/belusi-za-ciscenje-telesa-in-odvajanje-vode\/#breadcrumb\"},\"inLanguage\":\"sl-SI\",\"potentialAction\":[{\"@type\":\"ReadAction\",\"target\":[\"https:\/\/sen-shop.com\/sl\/collections\/prehranska-dopolnila\/razstrupljanje\/belusi-za-ciscenje-telesa-in-odvajanje-vode\/\"]}]},{\"@type\":\"BreadcrumbList\",\"@id\":\"https:\/\/sen-shop.com\/sl\/collections\/prehranska-dopolnila\/razstrupljanje\/belusi-za-ciscenje-telesa-in-odvajanje-vode\/#breadcrumb\",\"itemListElement\":[{\"@type\":\"ListItem\",\"position\":1,\"name\":\"Home\",\"item\":\"https:\/\/sen-shop.com\/sl\/\"},{\"@type\":\"ListItem\",\"position\":2,\"name\":\"Belu\u0161i, \u010di\u0161\u010denje telesa\"}]},{\"@type\":\"WebSite\",\"@id\":\"https:\/\/sen-shop.com\/sl\/#website\",\"url\":\"https:\/\/sen-shop.com\/sl\/\",\"name\":\"SEN Shop\",\"description\":\"Slovensko, Ekolo\u0161ko, Naravno\",\"publisher\":{\"@id\":\"https:\/\/sen-shop.com\/sl\/#organization\"},\"potentialAction\":[{\"@type\":\"SearchAction\",\"target\":{\"@type\":\"EntryPoint\",\"urlTemplate\":\"https:\/\/sen-shop.com\/sl\/?s={search_term_string}\"},\"query-input\":\"required name=search_term_string\"}],\"inLanguage\":\"sl-SI\"},{\"@type\":\"Organization\",\"@id\":\"https:\/\/sen-shop.com\/sl\/#organization\",\"name\":\"Mind trade d.o.o\",\"url\":\"https:\/\/sen-shop.com\/sl\/\",\"logo\":{\"@type\":\"ImageObject\",\"inLanguage\":\"sl-SI\",\"@id\":\"https:\/\/sen-shop.com\/sl\/#\/schema\/logo\/image\/\",\"url\":\"https:\/\/sen-shop.com\/wp-content\/uploads\/2018\/05\/header_logo.png\",\"contentUrl\":\"https:\/\/sen-shop.com\/wp-content\/uploads\/2018\/05\/header_logo.png\",\"width\":138,\"height\":70,\"caption\":\"Mind trade d.o.o\"},\"image\":{\"@id\":\"https:\/\/sen-shop.com\/sl\/#\/schema\/logo\/image\/\"},\"sameAs\":[\"https:\/\/www.instagram.com\/senslovenija\/\",\"https:\/\/www.facebook.com\/Senshopslovenija\"]}]}<\/script>\n<!-- \/ Yoast SEO plugin. -->","yoast_head_json":{"title":"Belu\u0161i, za \u010di\u0161\u010denje telesa in odvajanje vode. Sen Shop","description":"Belu\u0161i so idealno sredstvo za \u010di\u0161\u010denje telesa in odvajanje vode po naravni poti. Pomagajte si na naraven na\u010din. Garancija zadovoljstva. Hitra dostava.","robots":{"index":"index","follow":"follow","max-snippet":"max-snippet:-1","max-image-preview":"max-image-preview:large","max-video-preview":"max-video-preview:-1"},"canonical":"https:\/\/sen-shop.com\/sl\/collections\/prehranska-dopolnila\/razstrupljanje\/belusi-za-ciscenje-telesa-in-odvajanje-vode\/","og_locale":"sl_SI","og_type":"article","og_title":"Belu\u0161i, za \u010di\u0161\u010denje telesa in odvajanje vode. Sen Shop","og_description":"Belu\u0161i so idealno sredstvo za \u010di\u0161\u010denje telesa in odvajanje vode po naravni poti. Pomagajte si na naraven na\u010din. Garancija zadovoljstva. Hitra dostava.","og_url":"https:\/\/sen-shop.com\/sl\/collections\/prehranska-dopolnila\/razstrupljanje\/belusi-za-ciscenje-telesa-in-odvajanje-vode\/","og_site_name":"SEN Shop","article_publisher":"https:\/\/www.facebook.com\/Senshopslovenija","article_modified_time":"2026-03-02T10:48:45+00:00","og_image":[{"width":709,"height":709,"url":"https:\/\/sen-shop.com\/wp-content\/uploads\/2017\/11\/belusi-test2.png","type":"image\/png"}],"twitter_card":"summary_large_image","twitter_misc":{"Est. reading time":"2 minuti"},"schema":{"@context":"https:\/\/schema.org","@graph":[{"@type":"WebPage","@id":"https:\/\/sen-shop.com\/sl\/collections\/prehranska-dopolnila\/razstrupljanje\/belusi-za-ciscenje-telesa-in-odvajanje-vode\/","url":"https:\/\/sen-shop.com\/sl\/collections\/prehranska-dopolnila\/razstrupljanje\/belusi-za-ciscenje-telesa-in-odvajanje-vode\/","name":"Belu\u0161i, za \u010di\u0161\u010denje telesa in odvajanje vode. Sen Shop","isPartOf":{"@id":"https:\/\/sen-shop.com\/sl\/#website"},"datePublished":"2017-11-11T13:55:09+00:00","dateModified":"2026-03-02T10:48:45+00:00","description":"Belu\u0161i so idealno sredstvo za \u010di\u0161\u010denje telesa in odvajanje vode po naravni poti. Pomagajte si na naraven na\u010din. Garancija zadovoljstva. Hitra dostava.","breadcrumb":{"@id":"https:\/\/sen-shop.com\/sl\/collections\/prehranska-dopolnila\/razstrupljanje\/belusi-za-ciscenje-telesa-in-odvajanje-vode\/#breadcrumb"},"inLanguage":"sl-SI","potentialAction":[{"@type":"ReadAction","target":["https:\/\/sen-shop.com\/sl\/collections\/prehranska-dopolnila\/razstrupljanje\/belusi-za-ciscenje-telesa-in-odvajanje-vode\/"]}]},{"@type":"BreadcrumbList","@id":"https:\/\/sen-shop.com\/sl\/collections\/prehranska-dopolnila\/razstrupljanje\/belusi-za-ciscenje-telesa-in-odvajanje-vode\/#breadcrumb","itemListElement":[{"@type":"ListItem","position":1,"name":"Home","item":"https:\/\/sen-shop.com\/sl\/"},{"@type":"ListItem","position":2,"name":"Belu\u0161i, \u010di\u0161\u010denje telesa"}]},{"@type":"WebSite","@id":"https:\/\/sen-shop.com\/sl\/#website","url":"https:\/\/sen-shop.com\/sl\/","name":"SEN Shop","description":"Slovensko, Ekolo\u0161ko, Naravno","publisher":{"@id":"https:\/\/sen-shop.com\/sl\/#organization"},"potentialAction":[{"@type":"SearchAction","target":{"@type":"EntryPoint","urlTemplate":"https:\/\/sen-shop.com\/sl\/?s={search_term_string}"},"query-input":"required name=search_term_string"}],"inLanguage":"sl-SI"},{"@type":"Organization","@id":"https:\/\/sen-shop.com\/sl\/#organization","name":"Mind trade d.o.o","url":"https:\/\/sen-shop.com\/sl\/","logo":{"@type":"ImageObject","inLanguage":"sl-SI","@id":"https:\/\/sen-shop.com\/sl\/#\/schema\/logo\/image\/","url":"https:\/\/sen-shop.com\/wp-content\/uploads\/2018\/05\/header_logo.png","contentUrl":"https:\/\/sen-shop.com\/wp-content\/uploads\/2018\/05\/header_logo.png","width":138,"height":70,"caption":"Mind trade d.o.o"},"image":{"@id":"https:\/\/sen-shop.com\/sl\/#\/schema\/logo\/image\/"},"sameAs":["https:\/\/www.instagram.com\/senslovenija\/","https:\/\/www.facebook.com\/Senshopslovenija"]}]}},"_links":{"self":[{"href":"https:\/\/sen-shop.com\/sl\/wp-json\/wp\/v2\/product\/168","targetHints":{"allow":["GET"]}}],"collection":[{"href":"https:\/\/sen-shop.com\/sl\/wp-json\/wp\/v2\/product"}],"about":[{"href":"https:\/\/sen-shop.com\/sl\/wp-json\/wp\/v2\/types\/product"}],"replies":[{"embeddable":true,"href":"https:\/\/sen-shop.com\/sl\/wp-json\/wp\/v2\/comments?post=168"}],"wp:featuredmedia":[{"embeddable":true,"href":"https:\/\/sen-shop.com\/sl\/wp-json\/wp\/v2\/media\/25453"}],"wp:attachment":[{"href":"https:\/\/sen-shop.com\/sl\/wp-json\/wp\/v2\/media?parent=168"}],"wp:term":[{"taxonomy":"product_cat","embeddable":true,"href":"https:\/\/sen-shop.com\/sl\/wp-json\/wp\/v2\/product_cat?post=168"},{"taxonomy":"product_tag","embeddable":true,"href":"https:\/\/sen-shop.com\/sl\/wp-json\/wp\/v2\/product_tag?post=168"}],"curies":[{"name":"wp","href":"https:\/\/api.w.org\/{rel}","templated":true}]}}