{"id":160,"date":"2017-10-26T14:49:57","date_gmt":"2017-10-26T12:49:57","guid":{"rendered":"https:\/\/www.sen-shop.com\/?post_type=product&#038;p=160"},"modified":"2026-03-02T11:44:03","modified_gmt":"2026-03-02T10:44:03","slug":"crna-detelja-menopavza","status":"publish","type":"product","link":"https:\/\/sen-shop.com\/sl\/collections\/prehranska-dopolnila\/menopavza\/crna-detelja-menopavza\/","title":{"rendered":"\u010crna detelja"},"content":{"rendered":"<p>[vc_row][vc_column][vc_column_text css=&#8221;.vc_custom_1625557348149{padding-top: 30px !important;padding-right: 30px !important;padding-bottom: 30px !important;padding-left: 30px !important;background-color: #c9db95 !important;}&#8221;]<\/p>\n<h1>Menopavza<\/h1>\n<p>Menopavza nastopi, ko jaj\u010dnika dokon\u010dno prenehata delovati, \u017eenska pa preide iz rodnega v nerodno obdobje. To ni trenuten proces, marve\u010d stanje, ki se za\u010dne \u017ee ve\u010d let pred nastopom menopavze. <strong>Menopavza je normalen, fiziolo\u0161ki, neizogiben proces staranja in ne bolezen. <\/strong>Za ve\u010dino \u017eensk je menopavza obdobje sprememb, obdobje, v katerem preidejo v nerodno obdobje, in obdobje, ko se hormoni poigravajo z njihovimi \u010dustvi.\u00a0\u00a0Jaj\u010dnik je organ, ki proizvaja \u017eenska hormona estrogen in progesteron; ta hormona sta odgovorna za uravnavanje menstruacijskega ciklusa in ovulacije. S starostjo jaj\u010dne celice v jaj\u010dniku prenehajo dozorevati; ko raven hormonov upade, nastopi menopavza. <strong>Menopavza nastopi med 41. in 59. letom, pri ve\u010dini \u017eensk pa okrog 51. leta.<\/strong><\/p>\n<div id=\"attachment_7088\" style=\"width: 410px\" class=\"wp-caption alignright\"><a href=\"https:\/\/sen-shop.com\/wp-content\/uploads\/2017\/10\/\u017eenska-v-menopavzi.png\"><img loading=\"lazy\" decoding=\"async\" aria-describedby=\"caption-attachment-7088\" class=\"wp-image-7088 size-full\" src=\"https:\/\/sen-shop.com\/wp-content\/uploads\/2017\/10\/\u017eenska-v-menopavzi.png\" alt=\"\" width=\"400\" height=\"400\" srcset=\"https:\/\/sen-shop.com\/wp-content\/uploads\/2017\/10\/\u017eenska-v-menopavzi.png 400w, https:\/\/sen-shop.com\/wp-content\/uploads\/2017\/10\/\u017eenska-v-menopavzi-100x100.png 100w, https:\/\/sen-shop.com\/wp-content\/uploads\/2017\/10\/\u017eenska-v-menopavzi-300x300.png 300w, https:\/\/sen-shop.com\/wp-content\/uploads\/2017\/10\/\u017eenska-v-menopavzi-275x275.png 275w, https:\/\/sen-shop.com\/wp-content\/uploads\/2017\/10\/\u017eenska-v-menopavzi-50x50.png 50w, https:\/\/sen-shop.com\/wp-content\/uploads\/2017\/10\/\u017eenska-v-menopavzi-60x60.png 60w\" sizes=\"auto, (max-width: 400px) 100vw, 400px\" \/><\/a><p id=\"caption-attachment-7088\" class=\"wp-caption-text\">\u201cKon\u010dno lahko kontroliram znake menopavze. Oblivi niso ve\u010d toliko pogosti in tudi utrujenost se je zmanj\u0161ala.\u201d \u2013 Mojca Smrdelj<\/p><\/div>\n<h4>Znaki menopavze<\/h4>\n<p>Zna\u010dilne simptome menopavze ali klimakteri\u010dne te\u017eave, ki so lahko blage, zmerne ali hude, razdelimo v \u0161tiri skupine:<\/p>\n<ul>\n<li><span style=\"color: #8c189b;\"><strong>Vazomotorni simptomi: <\/strong><\/span><strong>Vro\u010dinski valovi <\/strong>&#8211; nenaden in neprijeten ob\u010dutek vro\u010dine v glavi in obrazu z znojenjem in <strong>razbijanjem srca v prsih. <\/strong>Sledi mrazenje. Vro\u010dinski valovi trajajo nekaj sekund do pol ure, no\u010dno znojenje pa vodi do motenj spanja.<\/li>\n<li><span style=\"color: #8c189b;\"><strong>Psiholo\u0161ki simptomi: <\/strong><\/span>hitre spremembe razpolo\u017eenja, <strong>razdra\u017eljivost, utrujenost, celo depresija<\/strong><\/li>\n<li><span style=\"color: #8c189b;\"><strong>Fiziolo\u0161ki simptomi: <\/strong><\/span>spremembe na sluznici no\u017enice povzro\u010dijo neugodnost, <strong>bole\u010dine pri spolnih odnosih, pogostej\u0161e oku\u017ebe se\u010dil, urinsko inkontinenco, vnetja no\u017enice&#8230;<\/strong><\/li>\n<li><span style=\"color: #8c189b;\"><strong>Dolgoro\u010dne posledice <\/strong><\/span>zaradi pomanjkanja estrogena so zmanj\u0161ana mineralna gostota kosti, kar vodi do <strong>osteoporoze, <\/strong>pogosto pa se pojavljajo kardiovaskularna obolenja zaradi motene presnove holesterola<\/li>\n<\/ul>\n<h1>\u010crna detelja<\/h1>\n<p>\u010crna detelja vsebuje kar \u0161tiri zdravju pomembne izoflavone ter naravne rastlinske fitoestrogene, po sestavi zelo podobne estrogenom, ki jih proizvaja na\u0161e telo. Estrogeni pri \u017eenskah zni\u017eajo u\u010dinek staranja, saj pomagajo ohranjati trdnost kosti, skrbijo za lepo ko\u017eo ter zdravje \u017eilnega sistema in uravnavajo nivo holesterola v krvi. Po 35. letu se proizvodnja estrogena manj\u0161a. Pomanjkanje le tega je lahko glavni povod za nastanek osteoporoze. <strong>\u0160tudije dokazujejo, da se mo\u017enost nastanka osteoporoze z rednim jemanjem \u010crne detelje drasti\u010dno zmanj\u0161a. <\/strong>V \u010dasu menopavze poskrbite tudi za svoje kosti z kolagenom <strong><span style=\"color: #8c189b;\"><a style=\"color: #8c189b;\" href=\"https:\/\/sen-shop.com\/collections\/prehranska-dopolnila\/sklepi-in-misice1\/kolagen-za-gibljive-sklepe-vezi-in-trdnost-kosti\/\">Liberosan plus<\/a>.<\/span><\/strong><\/p>\n<p>\u010crna detelja je primerna za starej\u0161e \u017eenske. Hormonsko neravnovesje (menopavza) povzro\u010da te\u017eave kot so: navali vro\u010dine, glavoboli, vrtoglavice, utrujenost, razdra\u017eljivost, depresivno razpolo\u017eenje, motnje koncentracije in pozabljivost. Veliko zdravnikov predpisuje hormonsko terapijo, ki pa ima \u0161tevilne stranske u\u010dinke, poleg tega ne odpravi simptomov, ampak jih samo zadr\u017euje. Zadnje raziskave so pokazale, da 6 do 10 \u017eensk poskusi hormonsko terapijo od tega jih kar 33 % preneha prej kot v enem letu.<\/p>\n<p>Ve\u010d o menopavzi si lahko preberete v \u010dlanku <a href=\"http:\/\/www.viva.si\/Ginekologija-in-porodni%C5%A1tvo\/3784\/Menopavza\">TUKAJ<\/a>.[\/vc_column_text][vc_column_text css=&#8221;.vc_custom_1625557562776{padding-top: 30px !important;padding-right: 30px !important;padding-bottom: 30px !important;padding-left: 30px !important;background-color: #ededed !important;}&#8221;]<\/p>\n<h4><\/h4>\n<h4><\/h4>\n<h4>Zakaj pride do menopavze?<\/h4>\n<p><strong>\u27a1\ufe0f\u00a0Zaradi prenehanja delovanja jaj\u010dnikov:<\/strong>\u00a0 jaj\u010dniki proizvajajo estrogen in progesteron\u00a0\u27a1\ufe0f estrogen zni\u017ea u\u010dinek staranja\u00a0\u27a1\ufe0f brez estrogena kosti niso ve\u010d trdne, ko\u017ea ni ve\u010d lepa, \u017eilni sistem pe\u0161a, holesterol se vi\u0161a&#8230;<\/p>\n<h4>Kako si lahko pomagam?<\/h4>\n<p>\u27a1\ufe0f\u00a0Potrebno je <strong>nadomestiti estrogen<\/strong>: \u010drna detelja vsebuje izoflavone in in naravne rastlinske <strong>fitoestrogena<\/strong>, ki so zelo podobne estrogenu.[\/vc_column_text][vc_widget_sidebar][vc_column_text]<\/p>\n<h5><\/h5>\n<h5><strong>SESTAVINE KAPSUL:\u00a0<\/strong><\/h5>\n<p>Ekstrakt \u010drne detelje, \u017eelatina. Sredstvo proti sprijemanju: Magnezijev stearat. Kapsule so brez konzervansov, barvil in laktoze. Primerne so tudi za diabetike!<\/p>\n<p><strong>PRIPORO\u010cENA DNEVNA KOLI\u010cINA:<\/strong> Ena kapsula na dan z dovolj teko\u010dine.<\/p>\n<p><strong>VSEBINA:<\/strong> Vsebina: 60 kapsul (zadostuje za 2 meseca).<\/p>\n<p>Neto koli\u010dina: 35,4 g. Vsebina ene kapsule: Ekstrakt \u010drne detelje 500 mg, Standardizirani izoflavoni 40 mg.<\/p>\n<p>&nbsp;<\/p>\n<p><a href=\"https:\/\/sen-shop.com\/wp-content\/uploads\/2017\/10\/menopavza-\u010drna-detelja-pomo\u010d-sen-shop.png\"><img loading=\"lazy\" decoding=\"async\" class=\"aligncenter size-full wp-image-7060\" src=\"https:\/\/sen-shop.com\/wp-content\/uploads\/2017\/10\/menopavza-\u010drna-detelja-pomo\u010d-sen-shop.png\" alt=\"\" width=\"2000\" height=\"500\" srcset=\"https:\/\/sen-shop.com\/wp-content\/uploads\/2017\/10\/menopavza-\u010drna-detelja-pomo\u010d-sen-shop.png 2000w, https:\/\/sen-shop.com\/wp-content\/uploads\/2017\/10\/menopavza-\u010drna-detelja-pomo\u010d-sen-shop-570x143.png 570w, https:\/\/sen-shop.com\/wp-content\/uploads\/2017\/10\/menopavza-\u010drna-detelja-pomo\u010d-sen-shop-300x75.png 300w, https:\/\/sen-shop.com\/wp-content\/uploads\/2017\/10\/menopavza-\u010drna-detelja-pomo\u010d-sen-shop-1024x256.png 1024w, https:\/\/sen-shop.com\/wp-content\/uploads\/2017\/10\/menopavza-\u010drna-detelja-pomo\u010d-sen-shop-768x192.png 768w, https:\/\/sen-shop.com\/wp-content\/uploads\/2017\/10\/menopavza-\u010drna-detelja-pomo\u010d-sen-shop-1536x384.png 1536w, https:\/\/sen-shop.com\/wp-content\/uploads\/2017\/10\/menopavza-\u010drna-detelja-pomo\u010d-sen-shop-200x50.png 200w, https:\/\/sen-shop.com\/wp-content\/uploads\/2017\/10\/menopavza-\u010drna-detelja-pomo\u010d-sen-shop-60x15.png 60w\" sizes=\"auto, (max-width: 2000px) 100vw, 2000px\" \/><\/a>[\/vc_column_text][\/vc_column][\/vc_row]<\/p>\n","protected":false},"excerpt":{"rendered":"<p><strong><img decoding=\"async\" class=\"emoji\" role=\"img\" draggable=\"false\" src=\"https:\/\/s.w.org\/images\/core\/emoji\/17.0.2\/svg\/1f31f.svg\" alt=\"\ud83c\udf1f\" \/> Preselili smo se! <img decoding=\"async\" class=\"emoji\" role=\"img\" draggable=\"false\" src=\"https:\/\/s.w.org\/images\/core\/emoji\/17.0.2\/svg\/1f31f.svg\" alt=\"\ud83c\udf1f\" \/><br data-start=\"105\" data-end=\"108\" \/>Za \u0161e bolj\u0161o izku\u0161njo nakupovanja nas zdaj najdete na <a class=\"decorated-link\" href=\"http:\/\/www.sen-shop.si\/\" target=\"_new\" rel=\"noopener\" data-start=\"164\" data-end=\"205\">www.sen-shop.si<\/a>!<\/p>\n<p>Menopavza<\/strong> je pomemben mejnik v \u017eivljenju \u017eenske, kajti v tem obdobju potekajo v njenem telesu \u0161tevilne spremembe. Ve\u010dina \u017eensk ima v \u010dasu vsaj ob\u010dasne te\u017eave, pri 15 do 20% \u017eensk pa so te\u017eave tako hude, da je potrebna pomo\u010d.\u00a0Kapsule \u010drne detelje so povsem naravne in <strong>vsebujejo le ekstrakt \u010drne detelje<\/strong> ter <strong>standardizirane izoflavone<\/strong>.<\/p>\n<ul>\n<li><strong>1 kapsula na dan = 0,50 \u20ac na dan<\/strong><\/li>\n<li>1 stekleni\u010dka vsebuje <strong>60 kapsul<\/strong>, ki zadostuje za <strong>2 meseca<\/strong>.<\/li>\n<li><strong>DARILO<\/strong> si sami izberete v ko\u0161arici.<\/li>\n<\/ul>\n<p>Ve\u010d o<strong> menopavzi<\/strong> ter <strong>\u010drni detelji<\/strong> si lahko preberete ni\u017eje na strani.<\/p>\n[banner_prehrana]\n","protected":false},"featured_media":30376,"comment_status":"open","ping_status":"closed","template":"","meta":{"inline_featured_image":false},"product_cat":[69,84,365],"product_tag":[123,253,87,255,122,116,254,110,121],"class_list":["post-160","product","type-product","status-publish","has-post-thumbnail","hentry","product_cat-menopavza","product_cat-prehranska-dopolnila","product_cat-crni-petek","product_tag-analizator","product_tag-analizator-telesne-teze","product_tag-bio","product_tag-osebna-digitalna-tehtnica","product_tag-tehtnica","product_tag-menopavza-2","product_tag-nakup-tanite","product_tag-prehranska-dopolnila","product_tag-tanita"],"acf":[],"yoast_head":"<!-- This site is optimized with the Yoast SEO plugin v19.13 - https:\/\/yoast.com\/wordpress\/plugins\/seo\/ -->\n<title>Menopavza? \u010crna detelja v naravnih kapsulah za pomo\u010d. Sen Shop<\/title>\n<meta name=\"description\" content=\"Menopavza: navali vro\u010dine, glavoboli, vrtoglavice, utrujenost, razdra\u017eljivost, motnje koncentracije in pozabljivost. Kapsule \u010drna detelja.\" \/>\n<meta name=\"robots\" content=\"index, follow, max-snippet:-1, max-image-preview:large, max-video-preview:-1\" \/>\n<link rel=\"canonical\" href=\"https:\/\/sen-shop.com\/sl\/collections\/prehranska-dopolnila\/menopavza\/crna-detelja-menopavza\/\" \/>\n<meta property=\"og:locale\" content=\"sl_SI\" \/>\n<meta property=\"og:type\" content=\"article\" \/>\n<meta property=\"og:title\" content=\"Menopavza? \u010crna detelja v naravnih kapsulah za pomo\u010d. Sen Shop\" \/>\n<meta property=\"og:description\" content=\"Menopavza: navali vro\u010dine, glavoboli, vrtoglavice, utrujenost, razdra\u017eljivost, motnje koncentracije in pozabljivost. Kapsule \u010drna detelja.\" \/>\n<meta property=\"og:url\" content=\"https:\/\/sen-shop.com\/sl\/collections\/prehranska-dopolnila\/menopavza\/crna-detelja-menopavza\/\" \/>\n<meta property=\"og:site_name\" content=\"SEN Shop\" \/>\n<meta property=\"article:publisher\" content=\"https:\/\/www.facebook.com\/Senshopslovenija\" \/>\n<meta property=\"article:modified_time\" content=\"2026-03-02T10:44:03+00:00\" \/>\n<meta property=\"og:image\" content=\"https:\/\/sen-shop.com\/wp-content\/uploads\/2017\/10\/Crna-detelja_crvena-djetelina.jpg\" \/>\n\t<meta property=\"og:image:width\" content=\"1400\" \/>\n\t<meta property=\"og:image:height\" content=\"1400\" \/>\n\t<meta property=\"og:image:type\" content=\"image\/jpeg\" \/>\n<meta name=\"twitter:card\" content=\"summary_large_image\" \/>\n<meta name=\"twitter:label1\" content=\"Est. reading time\" \/>\n\t<meta name=\"twitter:data1\" content=\"4 minute\" \/>\n<script type=\"application\/ld+json\" class=\"yoast-schema-graph\">{\"@context\":\"https:\/\/schema.org\",\"@graph\":[{\"@type\":\"WebPage\",\"@id\":\"https:\/\/sen-shop.com\/sl\/collections\/prehranska-dopolnila\/menopavza\/crna-detelja-menopavza\/\",\"url\":\"https:\/\/sen-shop.com\/sl\/collections\/prehranska-dopolnila\/menopavza\/crna-detelja-menopavza\/\",\"name\":\"Menopavza? \u010crna detelja v naravnih kapsulah za pomo\u010d. Sen Shop\",\"isPartOf\":{\"@id\":\"https:\/\/sen-shop.com\/sl\/#website\"},\"datePublished\":\"2017-10-26T12:49:57+00:00\",\"dateModified\":\"2026-03-02T10:44:03+00:00\",\"description\":\"Menopavza: navali vro\u010dine, glavoboli, vrtoglavice, utrujenost, razdra\u017eljivost, motnje koncentracije in pozabljivost. Kapsule \u010drna detelja.\",\"breadcrumb\":{\"@id\":\"https:\/\/sen-shop.com\/sl\/collections\/prehranska-dopolnila\/menopavza\/crna-detelja-menopavza\/#breadcrumb\"},\"inLanguage\":\"sl-SI\",\"potentialAction\":[{\"@type\":\"ReadAction\",\"target\":[\"https:\/\/sen-shop.com\/sl\/collections\/prehranska-dopolnila\/menopavza\/crna-detelja-menopavza\/\"]}]},{\"@type\":\"BreadcrumbList\",\"@id\":\"https:\/\/sen-shop.com\/sl\/collections\/prehranska-dopolnila\/menopavza\/crna-detelja-menopavza\/#breadcrumb\",\"itemListElement\":[{\"@type\":\"ListItem\",\"position\":1,\"name\":\"Home\",\"item\":\"https:\/\/sen-shop.com\/sl\/\"},{\"@type\":\"ListItem\",\"position\":2,\"name\":\"\u010crna detelja\"}]},{\"@type\":\"WebSite\",\"@id\":\"https:\/\/sen-shop.com\/sl\/#website\",\"url\":\"https:\/\/sen-shop.com\/sl\/\",\"name\":\"SEN Shop\",\"description\":\"Slovensko, Ekolo\u0161ko, Naravno\",\"publisher\":{\"@id\":\"https:\/\/sen-shop.com\/sl\/#organization\"},\"potentialAction\":[{\"@type\":\"SearchAction\",\"target\":{\"@type\":\"EntryPoint\",\"urlTemplate\":\"https:\/\/sen-shop.com\/sl\/?s={search_term_string}\"},\"query-input\":\"required name=search_term_string\"}],\"inLanguage\":\"sl-SI\"},{\"@type\":\"Organization\",\"@id\":\"https:\/\/sen-shop.com\/sl\/#organization\",\"name\":\"Mind trade d.o.o\",\"url\":\"https:\/\/sen-shop.com\/sl\/\",\"logo\":{\"@type\":\"ImageObject\",\"inLanguage\":\"sl-SI\",\"@id\":\"https:\/\/sen-shop.com\/sl\/#\/schema\/logo\/image\/\",\"url\":\"https:\/\/sen-shop.com\/wp-content\/uploads\/2018\/05\/header_logo.png\",\"contentUrl\":\"https:\/\/sen-shop.com\/wp-content\/uploads\/2018\/05\/header_logo.png\",\"width\":138,\"height\":70,\"caption\":\"Mind trade d.o.o\"},\"image\":{\"@id\":\"https:\/\/sen-shop.com\/sl\/#\/schema\/logo\/image\/\"},\"sameAs\":[\"https:\/\/www.instagram.com\/senslovenija\/\",\"https:\/\/www.facebook.com\/Senshopslovenija\"]}]}<\/script>\n<!-- \/ Yoast SEO plugin. -->","yoast_head_json":{"title":"Menopavza? \u010crna detelja v naravnih kapsulah za pomo\u010d. Sen Shop","description":"Menopavza: navali vro\u010dine, glavoboli, vrtoglavice, utrujenost, razdra\u017eljivost, motnje koncentracije in pozabljivost. Kapsule \u010drna detelja.","robots":{"index":"index","follow":"follow","max-snippet":"max-snippet:-1","max-image-preview":"max-image-preview:large","max-video-preview":"max-video-preview:-1"},"canonical":"https:\/\/sen-shop.com\/sl\/collections\/prehranska-dopolnila\/menopavza\/crna-detelja-menopavza\/","og_locale":"sl_SI","og_type":"article","og_title":"Menopavza? \u010crna detelja v naravnih kapsulah za pomo\u010d. Sen Shop","og_description":"Menopavza: navali vro\u010dine, glavoboli, vrtoglavice, utrujenost, razdra\u017eljivost, motnje koncentracije in pozabljivost. Kapsule \u010drna detelja.","og_url":"https:\/\/sen-shop.com\/sl\/collections\/prehranska-dopolnila\/menopavza\/crna-detelja-menopavza\/","og_site_name":"SEN Shop","article_publisher":"https:\/\/www.facebook.com\/Senshopslovenija","article_modified_time":"2026-03-02T10:44:03+00:00","og_image":[{"width":1400,"height":1400,"url":"https:\/\/sen-shop.com\/wp-content\/uploads\/2017\/10\/Crna-detelja_crvena-djetelina.jpg","type":"image\/jpeg"}],"twitter_card":"summary_large_image","twitter_misc":{"Est. reading time":"4 minute"},"schema":{"@context":"https:\/\/schema.org","@graph":[{"@type":"WebPage","@id":"https:\/\/sen-shop.com\/sl\/collections\/prehranska-dopolnila\/menopavza\/crna-detelja-menopavza\/","url":"https:\/\/sen-shop.com\/sl\/collections\/prehranska-dopolnila\/menopavza\/crna-detelja-menopavza\/","name":"Menopavza? \u010crna detelja v naravnih kapsulah za pomo\u010d. Sen Shop","isPartOf":{"@id":"https:\/\/sen-shop.com\/sl\/#website"},"datePublished":"2017-10-26T12:49:57+00:00","dateModified":"2026-03-02T10:44:03+00:00","description":"Menopavza: navali vro\u010dine, glavoboli, vrtoglavice, utrujenost, razdra\u017eljivost, motnje koncentracije in pozabljivost. Kapsule \u010drna detelja.","breadcrumb":{"@id":"https:\/\/sen-shop.com\/sl\/collections\/prehranska-dopolnila\/menopavza\/crna-detelja-menopavza\/#breadcrumb"},"inLanguage":"sl-SI","potentialAction":[{"@type":"ReadAction","target":["https:\/\/sen-shop.com\/sl\/collections\/prehranska-dopolnila\/menopavza\/crna-detelja-menopavza\/"]}]},{"@type":"BreadcrumbList","@id":"https:\/\/sen-shop.com\/sl\/collections\/prehranska-dopolnila\/menopavza\/crna-detelja-menopavza\/#breadcrumb","itemListElement":[{"@type":"ListItem","position":1,"name":"Home","item":"https:\/\/sen-shop.com\/sl\/"},{"@type":"ListItem","position":2,"name":"\u010crna detelja"}]},{"@type":"WebSite","@id":"https:\/\/sen-shop.com\/sl\/#website","url":"https:\/\/sen-shop.com\/sl\/","name":"SEN Shop","description":"Slovensko, Ekolo\u0161ko, Naravno","publisher":{"@id":"https:\/\/sen-shop.com\/sl\/#organization"},"potentialAction":[{"@type":"SearchAction","target":{"@type":"EntryPoint","urlTemplate":"https:\/\/sen-shop.com\/sl\/?s={search_term_string}"},"query-input":"required name=search_term_string"}],"inLanguage":"sl-SI"},{"@type":"Organization","@id":"https:\/\/sen-shop.com\/sl\/#organization","name":"Mind trade d.o.o","url":"https:\/\/sen-shop.com\/sl\/","logo":{"@type":"ImageObject","inLanguage":"sl-SI","@id":"https:\/\/sen-shop.com\/sl\/#\/schema\/logo\/image\/","url":"https:\/\/sen-shop.com\/wp-content\/uploads\/2018\/05\/header_logo.png","contentUrl":"https:\/\/sen-shop.com\/wp-content\/uploads\/2018\/05\/header_logo.png","width":138,"height":70,"caption":"Mind trade d.o.o"},"image":{"@id":"https:\/\/sen-shop.com\/sl\/#\/schema\/logo\/image\/"},"sameAs":["https:\/\/www.instagram.com\/senslovenija\/","https:\/\/www.facebook.com\/Senshopslovenija"]}]}},"_links":{"self":[{"href":"https:\/\/sen-shop.com\/sl\/wp-json\/wp\/v2\/product\/160","targetHints":{"allow":["GET"]}}],"collection":[{"href":"https:\/\/sen-shop.com\/sl\/wp-json\/wp\/v2\/product"}],"about":[{"href":"https:\/\/sen-shop.com\/sl\/wp-json\/wp\/v2\/types\/product"}],"replies":[{"embeddable":true,"href":"https:\/\/sen-shop.com\/sl\/wp-json\/wp\/v2\/comments?post=160"}],"wp:featuredmedia":[{"embeddable":true,"href":"https:\/\/sen-shop.com\/sl\/wp-json\/wp\/v2\/media\/30376"}],"wp:attachment":[{"href":"https:\/\/sen-shop.com\/sl\/wp-json\/wp\/v2\/media?parent=160"}],"wp:term":[{"taxonomy":"product_cat","embeddable":true,"href":"https:\/\/sen-shop.com\/sl\/wp-json\/wp\/v2\/product_cat?post=160"},{"taxonomy":"product_tag","embeddable":true,"href":"https:\/\/sen-shop.com\/sl\/wp-json\/wp\/v2\/product_tag?post=160"}],"curies":[{"name":"wp","href":"https:\/\/api.w.org\/{rel}","templated":true}]}}