{"id":158,"date":"2017-11-16T14:48:33","date_gmt":"2017-11-16T13:48:33","guid":{"rendered":"https:\/\/www.sen-shop.com\/?post_type=product&#038;p=158"},"modified":"2026-03-02T11:48:56","modified_gmt":"2026-03-02T10:48:56","slug":"ajda-za-pomoc-pri-krcnih-zilah-utrujenih-nogah-in-hemeroidih","status":"publish","type":"product","link":"https:\/\/sen-shop.com\/sl\/collections\/prehranska-dopolnila\/srce-ozilje-in-hemoroidi\/ajda-za-pomoc-pri-krcnih-zilah-utrujenih-nogah-in-hemeroidih\/","title":{"rendered":"Ajda, za pomo\u010d pri kr\u010dnih \u017eilah"},"content":{"rendered":"<p>[vc_row][vc_column][vc_column_text css=&#8221;.vc_custom_1625223885455{padding-top: 30px !important;padding-right: 30px !important;padding-bottom: 30px !important;padding-left: 30px !important;background-color: #c9db95 !important;}&#8221;]<\/p>\n<h4>Ajda<\/h4>\n<p>Ajda je \u017ee dolgo cenjena zaradi svojih pozitivnih u\u010dinkov pri te\u017eavah z venami in kr\u010dnimi \u017eilami. Priporo\u010dajo jo \u0161tevilni strokovnjaki naravnega zdravilstva. Najbolj znana u\u010dinkovina v ajdi je rutin, mo\u010dan antioksidant, ki krepi \u017eilne stene ter prepre\u010duje krhkost kapilar, pove\u010duje pro\u017enost \u017eilnih sten in ima pozitivni u\u010dinek. Ajda je zelo dober vir mangana, magnezija in dieteti\u010dnih vlaknin. Vsebuje bio-flavonoide, kot je na primer rutin, ki pomembno prispevajo k bolj\u0161emu zdravju. Proteini v ajdi so visoko kakovostni, saj vsebujejo vseh osem esencialnih aminokislin, vklju\u010dno lizin. Poleg tega najdemo v ajdi tudi \u017eelezo, cink, selen in antioksidante kot je na primer tanin.[\/vc_column_text][\/vc_column][\/vc_row][vc_row][vc_column][vc_column_text css=&#8221;.vc_custom_1625223911860{padding-top: 30px !important;padding-right: 30px !important;padding-bottom: 30px !important;padding-left: 30px !important;background-color: #ededed !important;}&#8221;]<\/p>\n<h5>Hemoroidi<\/h5>\n<p>Hemoroidi so normalna anatomska struktura v \u010dlove\u0161kem telesu. Gre za \u017eilne blazinice, ki v normalnem stanju pomagajo pri izlo\u010danju blata. Hemoroide imamo torej vsi, vendar vsem ne povzro\u010dajo te\u017eav. Pove\u010dani hemoroidi so dokaj pogosta te\u017eava. Pri njihovem zdravljenju se je treba zavedati, da jih ni mogo\u010de popolnoma odstraniti. Z razli\u010dnimi metodami zdravljenja jih lahko manj\u0161amo in tako prepre\u010dujemo, da bi povzro\u010dali te\u017eave. Za\u010detno zdravljenje blage do zmerne oblike bolezni vklju\u010duje zvi\u0161an vnos vlaknin, u\u017eivanje teko\u010din in po\u010ditek. Lahko se opravi \u0161tevilne manj\u0161e postopke, \u010de so simptomi hudi ali pa se s konzervativnim pristopom ne izbolj\u0161ajo. Kirur\u0161ki poseg pride v obzir samo v primeru, da ti postopki ne pomagajo.[\/vc_column_text][\/vc_column][\/vc_row][vc_row][vc_column][vc_column_text]Te zanima kako ti \u0161e ajda lahko pomaga? Klikni <a href=\"https:\/\/sen-shop.com\/blogs\/kako-si-pomagati-pri-oteklih-in-tezkih-nogah\/\">TUKAJ<\/a>.[\/vc_column_text][\/vc_column][\/vc_row]<\/p>\n","protected":false},"excerpt":{"rendered":"<p><img decoding=\"async\" class=\"emoji\" role=\"img\" draggable=\"false\" src=\"https:\/\/s.w.org\/images\/core\/emoji\/17.0.2\/svg\/1f31f.svg\" alt=\"\ud83c\udf1f\" \/> <strong data-start=\"81\" data-end=\"102\">Preselili smo se!<\/strong> <img decoding=\"async\" class=\"emoji\" role=\"img\" draggable=\"false\" src=\"https:\/\/s.w.org\/images\/core\/emoji\/17.0.2\/svg\/1f31f.svg\" alt=\"\ud83c\udf1f\" \/><br data-start=\"105\" data-end=\"108\" \/>Za \u0161e bolj\u0161o izku\u0161njo nakupovanja nas zdaj najdete na <strong data-start=\"162\" data-end=\"207\"><a class=\"decorated-link\" href=\"http:\/\/www.sen-shop.si\/\" target=\"_new\" rel=\"noopener\" data-start=\"164\" data-end=\"205\">www.sen-shop.si<\/a><\/strong>!<\/p>\n<p>Zve\u010der gle\u017enji otekajo, noge so te\u017eke, utrujene, mravljin\u010daste in srbijo. V predelu gle\u017enjev postajajo vidno popokane \u017eilice. Slaba prekrvavljenost nog povzro\u010da probleme \u010dedalje ve\u010d ljudem.<\/p>\n[banner_prehrana]\n<p>&nbsp;<\/p>\n","protected":false},"featured_media":30363,"comment_status":"open","ping_status":"closed","template":"","meta":{"inline_featured_image":false},"product_cat":[84,64,365],"product_tag":[123,253,87,255,122,254,110,112,121,298],"class_list":["post-158","product","type-product","status-publish","has-post-thumbnail","hentry","product_cat-prehranska-dopolnila","product_cat-srce-ozilje-in-hemoroidi","product_cat-crni-petek","product_tag-analizator","product_tag-analizator-telesne-teze","product_tag-bio","product_tag-osebna-digitalna-tehtnica","product_tag-tehtnica","product_tag-nakup-tanite","product_tag-prehranska-dopolnila","product_tag-srce-in-ozilje","product_tag-tanita","product_tag-tanita-tehtnica"],"acf":[],"yoast_head":"<!-- This site is optimized with the Yoast SEO plugin v19.13 - https:\/\/yoast.com\/wordpress\/plugins\/seo\/ -->\n<title>Ajda, za pomo\u010d pri kr\u010dnih \u017eilah, utrujenih nogah in hemeroidih<\/title>\n<meta name=\"description\" content=\"Zve\u010der gle\u017enji otekajo, noge so te\u017eke, utrujene, mravljin\u010daste in srbijo. V predelu gle\u017enjev postajajo vidno popokane \u017eilice? Ajda vam ubla\u017ei simptome.\" \/>\n<meta name=\"robots\" content=\"index, follow, max-snippet:-1, max-image-preview:large, max-video-preview:-1\" \/>\n<link rel=\"canonical\" href=\"https:\/\/sen-shop.com\/sl\/collections\/prehranska-dopolnila\/srce-ozilje-in-hemoroidi\/ajda-za-pomoc-pri-krcnih-zilah-utrujenih-nogah-in-hemeroidih\/\" \/>\n<meta property=\"og:locale\" content=\"sl_SI\" \/>\n<meta property=\"og:type\" content=\"article\" \/>\n<meta property=\"og:title\" content=\"Ajda, za pomo\u010d pri kr\u010dnih \u017eilah, utrujenih nogah in hemeroidih\" \/>\n<meta property=\"og:description\" content=\"Zve\u010der gle\u017enji otekajo, noge so te\u017eke, utrujene, mravljin\u010daste in srbijo. V predelu gle\u017enjev postajajo vidno popokane \u017eilice? Ajda vam ubla\u017ei simptome.\" \/>\n<meta property=\"og:url\" content=\"https:\/\/sen-shop.com\/sl\/collections\/prehranska-dopolnila\/srce-ozilje-in-hemoroidi\/ajda-za-pomoc-pri-krcnih-zilah-utrujenih-nogah-in-hemeroidih\/\" \/>\n<meta property=\"og:site_name\" content=\"SEN Shop\" \/>\n<meta property=\"article:publisher\" content=\"https:\/\/www.facebook.com\/Senshopslovenija\" \/>\n<meta property=\"article:modified_time\" content=\"2026-03-02T10:48:56+00:00\" \/>\n<meta property=\"og:image\" content=\"https:\/\/sen-shop.com\/wp-content\/uploads\/2017\/11\/Ajda_heljda.jpg\" \/>\n\t<meta property=\"og:image:width\" content=\"1400\" \/>\n\t<meta property=\"og:image:height\" content=\"1400\" \/>\n\t<meta property=\"og:image:type\" content=\"image\/jpeg\" \/>\n<meta name=\"twitter:card\" content=\"summary_large_image\" \/>\n<meta name=\"twitter:label1\" content=\"Est. reading time\" \/>\n\t<meta name=\"twitter:data1\" content=\"2 minuti\" \/>\n<script type=\"application\/ld+json\" class=\"yoast-schema-graph\">{\"@context\":\"https:\/\/schema.org\",\"@graph\":[{\"@type\":\"WebPage\",\"@id\":\"https:\/\/sen-shop.com\/sl\/collections\/prehranska-dopolnila\/srce-ozilje-in-hemoroidi\/ajda-za-pomoc-pri-krcnih-zilah-utrujenih-nogah-in-hemeroidih\/\",\"url\":\"https:\/\/sen-shop.com\/sl\/collections\/prehranska-dopolnila\/srce-ozilje-in-hemoroidi\/ajda-za-pomoc-pri-krcnih-zilah-utrujenih-nogah-in-hemeroidih\/\",\"name\":\"Ajda, za pomo\u010d pri kr\u010dnih \u017eilah, utrujenih nogah in hemeroidih\",\"isPartOf\":{\"@id\":\"https:\/\/sen-shop.com\/sl\/#website\"},\"datePublished\":\"2017-11-16T13:48:33+00:00\",\"dateModified\":\"2026-03-02T10:48:56+00:00\",\"description\":\"Zve\u010der gle\u017enji otekajo, noge so te\u017eke, utrujene, mravljin\u010daste in srbijo. V predelu gle\u017enjev postajajo vidno popokane \u017eilice? Ajda vam ubla\u017ei simptome.\",\"breadcrumb\":{\"@id\":\"https:\/\/sen-shop.com\/sl\/collections\/prehranska-dopolnila\/srce-ozilje-in-hemoroidi\/ajda-za-pomoc-pri-krcnih-zilah-utrujenih-nogah-in-hemeroidih\/#breadcrumb\"},\"inLanguage\":\"sl-SI\",\"potentialAction\":[{\"@type\":\"ReadAction\",\"target\":[\"https:\/\/sen-shop.com\/sl\/collections\/prehranska-dopolnila\/srce-ozilje-in-hemoroidi\/ajda-za-pomoc-pri-krcnih-zilah-utrujenih-nogah-in-hemeroidih\/\"]}]},{\"@type\":\"BreadcrumbList\",\"@id\":\"https:\/\/sen-shop.com\/sl\/collections\/prehranska-dopolnila\/srce-ozilje-in-hemoroidi\/ajda-za-pomoc-pri-krcnih-zilah-utrujenih-nogah-in-hemeroidih\/#breadcrumb\",\"itemListElement\":[{\"@type\":\"ListItem\",\"position\":1,\"name\":\"Home\",\"item\":\"https:\/\/sen-shop.com\/sl\/\"},{\"@type\":\"ListItem\",\"position\":2,\"name\":\"Ajda, za pomo\u010d pri kr\u010dnih \u017eilah\"}]},{\"@type\":\"WebSite\",\"@id\":\"https:\/\/sen-shop.com\/sl\/#website\",\"url\":\"https:\/\/sen-shop.com\/sl\/\",\"name\":\"SEN Shop\",\"description\":\"Slovensko, Ekolo\u0161ko, Naravno\",\"publisher\":{\"@id\":\"https:\/\/sen-shop.com\/sl\/#organization\"},\"potentialAction\":[{\"@type\":\"SearchAction\",\"target\":{\"@type\":\"EntryPoint\",\"urlTemplate\":\"https:\/\/sen-shop.com\/sl\/?s={search_term_string}\"},\"query-input\":\"required name=search_term_string\"}],\"inLanguage\":\"sl-SI\"},{\"@type\":\"Organization\",\"@id\":\"https:\/\/sen-shop.com\/sl\/#organization\",\"name\":\"Mind trade d.o.o\",\"url\":\"https:\/\/sen-shop.com\/sl\/\",\"logo\":{\"@type\":\"ImageObject\",\"inLanguage\":\"sl-SI\",\"@id\":\"https:\/\/sen-shop.com\/sl\/#\/schema\/logo\/image\/\",\"url\":\"https:\/\/sen-shop.com\/wp-content\/uploads\/2018\/05\/header_logo.png\",\"contentUrl\":\"https:\/\/sen-shop.com\/wp-content\/uploads\/2018\/05\/header_logo.png\",\"width\":138,\"height\":70,\"caption\":\"Mind trade d.o.o\"},\"image\":{\"@id\":\"https:\/\/sen-shop.com\/sl\/#\/schema\/logo\/image\/\"},\"sameAs\":[\"https:\/\/www.instagram.com\/senslovenija\/\",\"https:\/\/www.facebook.com\/Senshopslovenija\"]}]}<\/script>\n<!-- \/ Yoast SEO plugin. -->","yoast_head_json":{"title":"Ajda, za pomo\u010d pri kr\u010dnih \u017eilah, utrujenih nogah in hemeroidih","description":"Zve\u010der gle\u017enji otekajo, noge so te\u017eke, utrujene, mravljin\u010daste in srbijo. V predelu gle\u017enjev postajajo vidno popokane \u017eilice? Ajda vam ubla\u017ei simptome.","robots":{"index":"index","follow":"follow","max-snippet":"max-snippet:-1","max-image-preview":"max-image-preview:large","max-video-preview":"max-video-preview:-1"},"canonical":"https:\/\/sen-shop.com\/sl\/collections\/prehranska-dopolnila\/srce-ozilje-in-hemoroidi\/ajda-za-pomoc-pri-krcnih-zilah-utrujenih-nogah-in-hemeroidih\/","og_locale":"sl_SI","og_type":"article","og_title":"Ajda, za pomo\u010d pri kr\u010dnih \u017eilah, utrujenih nogah in hemeroidih","og_description":"Zve\u010der gle\u017enji otekajo, noge so te\u017eke, utrujene, mravljin\u010daste in srbijo. V predelu gle\u017enjev postajajo vidno popokane \u017eilice? Ajda vam ubla\u017ei simptome.","og_url":"https:\/\/sen-shop.com\/sl\/collections\/prehranska-dopolnila\/srce-ozilje-in-hemoroidi\/ajda-za-pomoc-pri-krcnih-zilah-utrujenih-nogah-in-hemeroidih\/","og_site_name":"SEN Shop","article_publisher":"https:\/\/www.facebook.com\/Senshopslovenija","article_modified_time":"2026-03-02T10:48:56+00:00","og_image":[{"width":1400,"height":1400,"url":"https:\/\/sen-shop.com\/wp-content\/uploads\/2017\/11\/Ajda_heljda.jpg","type":"image\/jpeg"}],"twitter_card":"summary_large_image","twitter_misc":{"Est. reading time":"2 minuti"},"schema":{"@context":"https:\/\/schema.org","@graph":[{"@type":"WebPage","@id":"https:\/\/sen-shop.com\/sl\/collections\/prehranska-dopolnila\/srce-ozilje-in-hemoroidi\/ajda-za-pomoc-pri-krcnih-zilah-utrujenih-nogah-in-hemeroidih\/","url":"https:\/\/sen-shop.com\/sl\/collections\/prehranska-dopolnila\/srce-ozilje-in-hemoroidi\/ajda-za-pomoc-pri-krcnih-zilah-utrujenih-nogah-in-hemeroidih\/","name":"Ajda, za pomo\u010d pri kr\u010dnih \u017eilah, utrujenih nogah in hemeroidih","isPartOf":{"@id":"https:\/\/sen-shop.com\/sl\/#website"},"datePublished":"2017-11-16T13:48:33+00:00","dateModified":"2026-03-02T10:48:56+00:00","description":"Zve\u010der gle\u017enji otekajo, noge so te\u017eke, utrujene, mravljin\u010daste in srbijo. V predelu gle\u017enjev postajajo vidno popokane \u017eilice? Ajda vam ubla\u017ei simptome.","breadcrumb":{"@id":"https:\/\/sen-shop.com\/sl\/collections\/prehranska-dopolnila\/srce-ozilje-in-hemoroidi\/ajda-za-pomoc-pri-krcnih-zilah-utrujenih-nogah-in-hemeroidih\/#breadcrumb"},"inLanguage":"sl-SI","potentialAction":[{"@type":"ReadAction","target":["https:\/\/sen-shop.com\/sl\/collections\/prehranska-dopolnila\/srce-ozilje-in-hemoroidi\/ajda-za-pomoc-pri-krcnih-zilah-utrujenih-nogah-in-hemeroidih\/"]}]},{"@type":"BreadcrumbList","@id":"https:\/\/sen-shop.com\/sl\/collections\/prehranska-dopolnila\/srce-ozilje-in-hemoroidi\/ajda-za-pomoc-pri-krcnih-zilah-utrujenih-nogah-in-hemeroidih\/#breadcrumb","itemListElement":[{"@type":"ListItem","position":1,"name":"Home","item":"https:\/\/sen-shop.com\/sl\/"},{"@type":"ListItem","position":2,"name":"Ajda, za pomo\u010d pri kr\u010dnih \u017eilah"}]},{"@type":"WebSite","@id":"https:\/\/sen-shop.com\/sl\/#website","url":"https:\/\/sen-shop.com\/sl\/","name":"SEN Shop","description":"Slovensko, Ekolo\u0161ko, Naravno","publisher":{"@id":"https:\/\/sen-shop.com\/sl\/#organization"},"potentialAction":[{"@type":"SearchAction","target":{"@type":"EntryPoint","urlTemplate":"https:\/\/sen-shop.com\/sl\/?s={search_term_string}"},"query-input":"required name=search_term_string"}],"inLanguage":"sl-SI"},{"@type":"Organization","@id":"https:\/\/sen-shop.com\/sl\/#organization","name":"Mind trade d.o.o","url":"https:\/\/sen-shop.com\/sl\/","logo":{"@type":"ImageObject","inLanguage":"sl-SI","@id":"https:\/\/sen-shop.com\/sl\/#\/schema\/logo\/image\/","url":"https:\/\/sen-shop.com\/wp-content\/uploads\/2018\/05\/header_logo.png","contentUrl":"https:\/\/sen-shop.com\/wp-content\/uploads\/2018\/05\/header_logo.png","width":138,"height":70,"caption":"Mind trade d.o.o"},"image":{"@id":"https:\/\/sen-shop.com\/sl\/#\/schema\/logo\/image\/"},"sameAs":["https:\/\/www.instagram.com\/senslovenija\/","https:\/\/www.facebook.com\/Senshopslovenija"]}]}},"_links":{"self":[{"href":"https:\/\/sen-shop.com\/sl\/wp-json\/wp\/v2\/product\/158","targetHints":{"allow":["GET"]}}],"collection":[{"href":"https:\/\/sen-shop.com\/sl\/wp-json\/wp\/v2\/product"}],"about":[{"href":"https:\/\/sen-shop.com\/sl\/wp-json\/wp\/v2\/types\/product"}],"replies":[{"embeddable":true,"href":"https:\/\/sen-shop.com\/sl\/wp-json\/wp\/v2\/comments?post=158"}],"wp:featuredmedia":[{"embeddable":true,"href":"https:\/\/sen-shop.com\/sl\/wp-json\/wp\/v2\/media\/30363"}],"wp:attachment":[{"href":"https:\/\/sen-shop.com\/sl\/wp-json\/wp\/v2\/media?parent=158"}],"wp:term":[{"taxonomy":"product_cat","embeddable":true,"href":"https:\/\/sen-shop.com\/sl\/wp-json\/wp\/v2\/product_cat?post=158"},{"taxonomy":"product_tag","embeddable":true,"href":"https:\/\/sen-shop.com\/sl\/wp-json\/wp\/v2\/product_tag?post=158"}],"curies":[{"name":"wp","href":"https:\/\/api.w.org\/{rel}","templated":true}]}}