{"id":156,"date":"2017-10-20T14:47:17","date_gmt":"2017-10-20T12:47:17","guid":{"rendered":"https:\/\/www.sen-shop.com\/?post_type=product&#038;p=156"},"modified":"2026-03-02T11:43:24","modified_gmt":"2026-03-02T10:43:24","slug":"kolagen-za-gibljive-sklepe-vezi-in-trdnost-kosti","status":"publish","type":"product","link":"https:\/\/sen-shop.com\/sl\/collections\/prehranska-dopolnila\/sklepi-in-misice1\/kolagen-za-gibljive-sklepe-vezi-in-trdnost-kosti\/","title":{"rendered":"Kolagen plus, za ko\u017eo, sklepe, vezi"},"content":{"rendered":"<p>[vc_row][vc_column][vc_column_text css=&#8221;.vc_custom_1625570750546{padding-top: 30px !important;padding-right: 30px !important;padding-bottom: 30px !important;padding-left: 30px !important;background-color: #c9db95 !important;}&#8221;]<\/p>\n<h4>Kolagen Liberosan Plus<a href=\"https:\/\/sen-shop.com\/wp-content\/uploads\/2017\/10\/Izdelek-brez-naslova.png\"><img loading=\"lazy\" decoding=\"async\" class=\"size-medium wp-image-5805 alignright\" src=\"https:\/\/sen-shop.com\/wp-content\/uploads\/2017\/10\/Izdelek-brez-naslova-240x300.png\" alt=\"\" width=\"240\" height=\"300\" srcset=\"https:\/\/sen-shop.com\/wp-content\/uploads\/2017\/10\/Izdelek-brez-naslova-240x300.png 240w, https:\/\/sen-shop.com\/wp-content\/uploads\/2017\/10\/Izdelek-brez-naslova-40x50.png 40w, https:\/\/sen-shop.com\/wp-content\/uploads\/2017\/10\/Izdelek-brez-naslova-48x60.png 48w, https:\/\/sen-shop.com\/wp-content\/uploads\/2017\/10\/Izdelek-brez-naslova.png 400w\" sizes=\"auto, (max-width: 240px) 100vw, 240px\" \/><\/a><\/h4>\n<p>Sklepi, hrustanec in kosti so tekom \u010dasa izpostavljeni naravni obrabi, zato potrebujejo hranila vsak dan. Sklepi so \u0161e posebej obremenjeni pri ljudeh s prekomerno telesno te\u017eo, starej\u0161ih in \u0161portnikih. Liberosan kapsule vsebujejo posebno \u017eelatino (kolagen), kalcij, magnezij in vitamin C.<br \/>\n\u017delatina (<strong>kolagen<\/strong>) je pomemben gradnik beljakovin in je \u0161iroko prisotna v telesu. Za proizvodnjo Liberosan kapsul uporabljamo hidrolizat \u017eelatine (kolagen), ki ima zelo dobro biorazpolo\u017eljivost (absorpcijo) v telesu. Vretenca, hrustanec, vezivno tkivo ter kosti prav tako potrebujejo \u017eelatino za obnovo in razvoj vsak dan.<br \/>\n<strong>Kalcij<\/strong> in <strong>magnezij<\/strong> sta pomembna minerala, ki sta potrebna za ohranjanje zdravih in trdnih kosti.<br \/>\n<strong>Vitamin C<\/strong> ima vlogo pri nastajanju kolagena za normalno delovanje hrustanca in kosti.<\/p>\n<p>[\/vc_column_text][\/vc_column][\/vc_row][vc_row][vc_column][vc_column_text css=&#8221;.vc_custom_1625570774923{padding-top: 30px !important;padding-right: 30px !important;padding-bottom: 30px !important;padding-left: 30px !important;background-color: #ededed !important;}&#8221;]<strong>PRIPORO\u010cENA DNEVNA KOLI\u010cINA:<\/strong> Dve kapsuli 2x na dan, pred obrokom, z dovolj teko\u010dine.<\/p>\n<p>[\/vc_column_text][\/vc_column][\/vc_row][vc_row][vc_column][vc_column_text]<strong>VSEBINA<\/strong>: 75 kapsul<br \/>\nNeto koli\u010dina: 36,0 g. Vsebina \u0161tirih kapsul: Hidrolizat \u017eelatine 920 mg, Kalcij 120 mg (15% PDV*), Magnezij 60 mg (16% PDV*), Vitamin C 32 mg (40% PDV*). (*PDV: Priporo\u010den dnevni vnos v kapsuli)[\/vc_column_text][\/vc_column][\/vc_row]<\/p>\n","protected":false},"excerpt":{"rendered":"<p><img decoding=\"async\" class=\"emoji\" role=\"img\" draggable=\"false\" src=\"https:\/\/s.w.org\/images\/core\/emoji\/17.0.2\/svg\/1f31f.svg\" alt=\"\ud83c\udf1f\" \/> <strong data-start=\"81\" data-end=\"102\">Preselili smo se!<\/strong> <img decoding=\"async\" class=\"emoji\" role=\"img\" draggable=\"false\" src=\"https:\/\/s.w.org\/images\/core\/emoji\/17.0.2\/svg\/1f31f.svg\" alt=\"\ud83c\udf1f\" \/><br data-start=\"105\" data-end=\"108\" \/>Za \u0161e bolj\u0161o izku\u0161njo nakupovanja nas zdaj najdete na <strong data-start=\"162\" data-end=\"207\"><a class=\"decorated-link\" href=\"http:\/\/www.sen-shop.si\/\" target=\"_new\" rel=\"noopener\" data-start=\"164\" data-end=\"205\">www.sen-shop.si<\/a><\/strong>!<\/p>\n<p>Vsebuje lahko absorbirajo\u010di se kolagen (hidrolizat \u017eelatine) z dodanim kalcijem, magnezijem in vitaminom C. Kolagen vzdr\u017euje in ohranja dobro in zdravo stanje ve\u010dina telesnih struktur (kite, kosti, sklepi, nohti in lasni me\u0161i\u010dki). Obraba sklepov je navadno genetsko pogojena, lahko pa nastane tudi zaradi \u010dezmerne telesne te\u017ee, prekomernih obremenitev, sklepnih po\u0161kodb in nekaterih bolezni.<\/p>\n","protected":false},"featured_media":58856,"comment_status":"open","ping_status":"closed","template":"","meta":{"inline_featured_image":false},"product_cat":[84,61,62,365],"product_tag":[123,253,87,255,122,289,254,110,121],"class_list":["post-156","product","type-product","status-publish","has-post-thumbnail","hentry","product_cat-prehranska-dopolnila","product_cat-sklepi-in-misice1","product_cat-tezave-s-kostmi-sklepi-in-misicami","product_cat-crni-petek","product_tag-analizator","product_tag-analizator-telesne-teze","product_tag-bio","product_tag-osebna-digitalna-tehtnica","product_tag-tehtnica","product_tag-misice-in-sklepi","product_tag-nakup-tanite","product_tag-prehranska-dopolnila","product_tag-tanita"],"acf":[],"yoast_head":"<!-- This site is optimized with the Yoast SEO plugin v19.13 - https:\/\/yoast.com\/wordpress\/plugins\/seo\/ -->\n<title>Kolagen v kapsulah za gibljive sklepe, vezi in trdnost kosti. Sen Shop<\/title>\n<meta name=\"description\" content=\"Sklepi, hrustanec in kosti so tekom \u010dasa izpostavljeni naravni obrabi, zato potrebujejo hranila vsak dan. Kolagen Liberosan Plus je va\u0161a re\u0161itev.\" \/>\n<meta name=\"robots\" content=\"index, follow, max-snippet:-1, max-image-preview:large, max-video-preview:-1\" \/>\n<link rel=\"canonical\" href=\"https:\/\/sen-shop.com\/sl\/collections\/prehranska-dopolnila\/sklepi-in-misice1\/kolagen-za-gibljive-sklepe-vezi-in-trdnost-kosti\/\" \/>\n<meta property=\"og:locale\" content=\"sl_SI\" \/>\n<meta property=\"og:type\" content=\"article\" \/>\n<meta property=\"og:title\" content=\"Kolagen v kapsulah za gibljive sklepe, vezi in trdnost kosti. Sen Shop\" \/>\n<meta property=\"og:description\" content=\"Sklepi, hrustanec in kosti so tekom \u010dasa izpostavljeni naravni obrabi, zato potrebujejo hranila vsak dan. Kolagen Liberosan Plus je va\u0161a re\u0161itev.\" \/>\n<meta property=\"og:url\" content=\"https:\/\/sen-shop.com\/sl\/collections\/prehranska-dopolnila\/sklepi-in-misice1\/kolagen-za-gibljive-sklepe-vezi-in-trdnost-kosti\/\" \/>\n<meta property=\"og:site_name\" content=\"SEN Shop\" \/>\n<meta property=\"article:publisher\" content=\"https:\/\/www.facebook.com\/Senshopslovenija\" \/>\n<meta property=\"article:modified_time\" content=\"2026-03-02T10:43:24+00:00\" \/>\n<meta property=\"og:image\" content=\"https:\/\/sen-shop.com\/wp-content\/uploads\/2017\/10\/Kolagen_SL_HR.jpg\" \/>\n\t<meta property=\"og:image:width\" content=\"1200\" \/>\n\t<meta property=\"og:image:height\" content=\"1200\" \/>\n\t<meta property=\"og:image:type\" content=\"image\/jpeg\" \/>\n<meta name=\"twitter:card\" content=\"summary_large_image\" \/>\n<meta name=\"twitter:label1\" content=\"Est. reading time\" \/>\n\t<meta name=\"twitter:data1\" content=\"2 minuti\" \/>\n<script type=\"application\/ld+json\" class=\"yoast-schema-graph\">{\"@context\":\"https:\/\/schema.org\",\"@graph\":[{\"@type\":\"WebPage\",\"@id\":\"https:\/\/sen-shop.com\/sl\/collections\/prehranska-dopolnila\/sklepi-in-misice1\/kolagen-za-gibljive-sklepe-vezi-in-trdnost-kosti\/\",\"url\":\"https:\/\/sen-shop.com\/sl\/collections\/prehranska-dopolnila\/sklepi-in-misice1\/kolagen-za-gibljive-sklepe-vezi-in-trdnost-kosti\/\",\"name\":\"Kolagen v kapsulah za gibljive sklepe, vezi in trdnost kosti. Sen Shop\",\"isPartOf\":{\"@id\":\"https:\/\/sen-shop.com\/sl\/#website\"},\"datePublished\":\"2017-10-20T12:47:17+00:00\",\"dateModified\":\"2026-03-02T10:43:24+00:00\",\"description\":\"Sklepi, hrustanec in kosti so tekom \u010dasa izpostavljeni naravni obrabi, zato potrebujejo hranila vsak dan. Kolagen Liberosan Plus je va\u0161a re\u0161itev.\",\"breadcrumb\":{\"@id\":\"https:\/\/sen-shop.com\/sl\/collections\/prehranska-dopolnila\/sklepi-in-misice1\/kolagen-za-gibljive-sklepe-vezi-in-trdnost-kosti\/#breadcrumb\"},\"inLanguage\":\"sl-SI\",\"potentialAction\":[{\"@type\":\"ReadAction\",\"target\":[\"https:\/\/sen-shop.com\/sl\/collections\/prehranska-dopolnila\/sklepi-in-misice1\/kolagen-za-gibljive-sklepe-vezi-in-trdnost-kosti\/\"]}]},{\"@type\":\"BreadcrumbList\",\"@id\":\"https:\/\/sen-shop.com\/sl\/collections\/prehranska-dopolnila\/sklepi-in-misice1\/kolagen-za-gibljive-sklepe-vezi-in-trdnost-kosti\/#breadcrumb\",\"itemListElement\":[{\"@type\":\"ListItem\",\"position\":1,\"name\":\"Home\",\"item\":\"https:\/\/sen-shop.com\/sl\/\"},{\"@type\":\"ListItem\",\"position\":2,\"name\":\"Kolagen plus, za ko\u017eo, sklepe, vezi\"}]},{\"@type\":\"WebSite\",\"@id\":\"https:\/\/sen-shop.com\/sl\/#website\",\"url\":\"https:\/\/sen-shop.com\/sl\/\",\"name\":\"SEN Shop\",\"description\":\"Slovensko, Ekolo\u0161ko, Naravno\",\"publisher\":{\"@id\":\"https:\/\/sen-shop.com\/sl\/#organization\"},\"potentialAction\":[{\"@type\":\"SearchAction\",\"target\":{\"@type\":\"EntryPoint\",\"urlTemplate\":\"https:\/\/sen-shop.com\/sl\/?s={search_term_string}\"},\"query-input\":\"required name=search_term_string\"}],\"inLanguage\":\"sl-SI\"},{\"@type\":\"Organization\",\"@id\":\"https:\/\/sen-shop.com\/sl\/#organization\",\"name\":\"Mind trade d.o.o\",\"url\":\"https:\/\/sen-shop.com\/sl\/\",\"logo\":{\"@type\":\"ImageObject\",\"inLanguage\":\"sl-SI\",\"@id\":\"https:\/\/sen-shop.com\/sl\/#\/schema\/logo\/image\/\",\"url\":\"https:\/\/sen-shop.com\/wp-content\/uploads\/2018\/05\/header_logo.png\",\"contentUrl\":\"https:\/\/sen-shop.com\/wp-content\/uploads\/2018\/05\/header_logo.png\",\"width\":138,\"height\":70,\"caption\":\"Mind trade d.o.o\"},\"image\":{\"@id\":\"https:\/\/sen-shop.com\/sl\/#\/schema\/logo\/image\/\"},\"sameAs\":[\"https:\/\/www.instagram.com\/senslovenija\/\",\"https:\/\/www.facebook.com\/Senshopslovenija\"]}]}<\/script>\n<!-- \/ Yoast SEO plugin. -->","yoast_head_json":{"title":"Kolagen v kapsulah za gibljive sklepe, vezi in trdnost kosti. Sen Shop","description":"Sklepi, hrustanec in kosti so tekom \u010dasa izpostavljeni naravni obrabi, zato potrebujejo hranila vsak dan. Kolagen Liberosan Plus je va\u0161a re\u0161itev.","robots":{"index":"index","follow":"follow","max-snippet":"max-snippet:-1","max-image-preview":"max-image-preview:large","max-video-preview":"max-video-preview:-1"},"canonical":"https:\/\/sen-shop.com\/sl\/collections\/prehranska-dopolnila\/sklepi-in-misice1\/kolagen-za-gibljive-sklepe-vezi-in-trdnost-kosti\/","og_locale":"sl_SI","og_type":"article","og_title":"Kolagen v kapsulah za gibljive sklepe, vezi in trdnost kosti. Sen Shop","og_description":"Sklepi, hrustanec in kosti so tekom \u010dasa izpostavljeni naravni obrabi, zato potrebujejo hranila vsak dan. Kolagen Liberosan Plus je va\u0161a re\u0161itev.","og_url":"https:\/\/sen-shop.com\/sl\/collections\/prehranska-dopolnila\/sklepi-in-misice1\/kolagen-za-gibljive-sklepe-vezi-in-trdnost-kosti\/","og_site_name":"SEN Shop","article_publisher":"https:\/\/www.facebook.com\/Senshopslovenija","article_modified_time":"2026-03-02T10:43:24+00:00","og_image":[{"width":1200,"height":1200,"url":"https:\/\/sen-shop.com\/wp-content\/uploads\/2017\/10\/Kolagen_SL_HR.jpg","type":"image\/jpeg"}],"twitter_card":"summary_large_image","twitter_misc":{"Est. reading time":"2 minuti"},"schema":{"@context":"https:\/\/schema.org","@graph":[{"@type":"WebPage","@id":"https:\/\/sen-shop.com\/sl\/collections\/prehranska-dopolnila\/sklepi-in-misice1\/kolagen-za-gibljive-sklepe-vezi-in-trdnost-kosti\/","url":"https:\/\/sen-shop.com\/sl\/collections\/prehranska-dopolnila\/sklepi-in-misice1\/kolagen-za-gibljive-sklepe-vezi-in-trdnost-kosti\/","name":"Kolagen v kapsulah za gibljive sklepe, vezi in trdnost kosti. Sen Shop","isPartOf":{"@id":"https:\/\/sen-shop.com\/sl\/#website"},"datePublished":"2017-10-20T12:47:17+00:00","dateModified":"2026-03-02T10:43:24+00:00","description":"Sklepi, hrustanec in kosti so tekom \u010dasa izpostavljeni naravni obrabi, zato potrebujejo hranila vsak dan. Kolagen Liberosan Plus je va\u0161a re\u0161itev.","breadcrumb":{"@id":"https:\/\/sen-shop.com\/sl\/collections\/prehranska-dopolnila\/sklepi-in-misice1\/kolagen-za-gibljive-sklepe-vezi-in-trdnost-kosti\/#breadcrumb"},"inLanguage":"sl-SI","potentialAction":[{"@type":"ReadAction","target":["https:\/\/sen-shop.com\/sl\/collections\/prehranska-dopolnila\/sklepi-in-misice1\/kolagen-za-gibljive-sklepe-vezi-in-trdnost-kosti\/"]}]},{"@type":"BreadcrumbList","@id":"https:\/\/sen-shop.com\/sl\/collections\/prehranska-dopolnila\/sklepi-in-misice1\/kolagen-za-gibljive-sklepe-vezi-in-trdnost-kosti\/#breadcrumb","itemListElement":[{"@type":"ListItem","position":1,"name":"Home","item":"https:\/\/sen-shop.com\/sl\/"},{"@type":"ListItem","position":2,"name":"Kolagen plus, za ko\u017eo, sklepe, vezi"}]},{"@type":"WebSite","@id":"https:\/\/sen-shop.com\/sl\/#website","url":"https:\/\/sen-shop.com\/sl\/","name":"SEN Shop","description":"Slovensko, Ekolo\u0161ko, Naravno","publisher":{"@id":"https:\/\/sen-shop.com\/sl\/#organization"},"potentialAction":[{"@type":"SearchAction","target":{"@type":"EntryPoint","urlTemplate":"https:\/\/sen-shop.com\/sl\/?s={search_term_string}"},"query-input":"required name=search_term_string"}],"inLanguage":"sl-SI"},{"@type":"Organization","@id":"https:\/\/sen-shop.com\/sl\/#organization","name":"Mind trade d.o.o","url":"https:\/\/sen-shop.com\/sl\/","logo":{"@type":"ImageObject","inLanguage":"sl-SI","@id":"https:\/\/sen-shop.com\/sl\/#\/schema\/logo\/image\/","url":"https:\/\/sen-shop.com\/wp-content\/uploads\/2018\/05\/header_logo.png","contentUrl":"https:\/\/sen-shop.com\/wp-content\/uploads\/2018\/05\/header_logo.png","width":138,"height":70,"caption":"Mind trade d.o.o"},"image":{"@id":"https:\/\/sen-shop.com\/sl\/#\/schema\/logo\/image\/"},"sameAs":["https:\/\/www.instagram.com\/senslovenija\/","https:\/\/www.facebook.com\/Senshopslovenija"]}]}},"_links":{"self":[{"href":"https:\/\/sen-shop.com\/sl\/wp-json\/wp\/v2\/product\/156","targetHints":{"allow":["GET"]}}],"collection":[{"href":"https:\/\/sen-shop.com\/sl\/wp-json\/wp\/v2\/product"}],"about":[{"href":"https:\/\/sen-shop.com\/sl\/wp-json\/wp\/v2\/types\/product"}],"replies":[{"embeddable":true,"href":"https:\/\/sen-shop.com\/sl\/wp-json\/wp\/v2\/comments?post=156"}],"wp:featuredmedia":[{"embeddable":true,"href":"https:\/\/sen-shop.com\/sl\/wp-json\/wp\/v2\/media\/58856"}],"wp:attachment":[{"href":"https:\/\/sen-shop.com\/sl\/wp-json\/wp\/v2\/media?parent=156"}],"wp:term":[{"taxonomy":"product_cat","embeddable":true,"href":"https:\/\/sen-shop.com\/sl\/wp-json\/wp\/v2\/product_cat?post=156"},{"taxonomy":"product_tag","embeddable":true,"href":"https:\/\/sen-shop.com\/sl\/wp-json\/wp\/v2\/product_tag?post=156"}],"curies":[{"name":"wp","href":"https:\/\/api.w.org\/{rel}","templated":true}]}}