{"id":154,"date":"2017-10-27T14:46:22","date_gmt":"2017-10-27T12:46:22","guid":{"rendered":"https:\/\/www.sen-shop.com\/?post_type=product&#038;p=154"},"modified":"2026-03-02T11:44:46","modified_gmt":"2026-03-02T10:44:46","slug":"cimet-za-uravnavanje-krvnega-sladkorja","status":"publish","type":"product","link":"https:\/\/sen-shop.com\/sl\/collections\/prehranska-dopolnila\/srce-ozilje-in-hemoroidi\/cimet-za-uravnavanje-krvnega-sladkorja\/","title":{"rendered":"Cimet, cink in krom"},"content":{"rendered":"<p>[vc_row][vc_column][vc_column_text css=&#8221;.vc_custom_1772448278016{padding-top: 30px !important;padding-right: 30px !important;padding-bottom: 30px !important;padding-left: 30px !important;background-color: #c9db95 !important;}&#8221;]Cimet se \u017ee tiso\u010dletje uporablja ne le kot za\u010dimba, ampak tudi kot <strong>naravno zdravilno sredstvo<\/strong>. Znanstveno utemeljena spoznanja o zdravilnem u\u010dinkovanju cimeta pa so na razpolago \u0161ele nekaj let. \u0160tudija, ki jo je opravil dr. Almam Khan, je pokazala, da dnevno jemanje cimeta pozitivno vpliva na<strong> nivo krvnega sladkorja,<\/strong> kot tudi na <strong>nivo \u0161tevilnih krvnih ma\u0161\u010dob<\/strong>, kot so <strong>trigliceridi<\/strong> in<strong> holesterol<\/strong>. Cimet namre\u010d spodbuja delovanje inzulinskih receptorjev in izlo\u010danje inzulina. Posledi\u010dno lahko organizem <strong>bolj\u0161e izkori\u0161\u010da lasten inzulin.<\/strong><\/p>\n<p>&nbsp;<\/p>\n<p>[\/vc_column_text][\/vc_column][\/vc_row][vc_row][vc_column][vc_column_text css=&#8221;.vc_custom_1625227244500{padding-top: 30px !important;padding-right: 30px !important;padding-bottom: 30px !important;padding-left: 30px !important;background-color: #ededed !important;}&#8221;]Zaradi omenjenih ugotovitev, vedno ve\u010d strokovnjakov priporo\u010da osebam z diabetesom tipa II, dodatno jemanje preparatov s cimetom, s \u010dimer se bistveno izbolj\u0161a kakovost \u017eivljenja. Manj znano pa je, da vsebujejo dolo\u010dene vrste Cimeta zelo veliko kumarina. <strong>Kumarin<\/strong> v majhnih koli\u010dinah ni \u0161kodljiv, v visokih odmerkih pa ima lahko \u0161tevilne \u0161kodljive u\u010dinke. Pri nakupu cimetovih preparatov morate biti \u0161e posebno pozorni, da vsebujejo visokokakovosten cimet, ki vsebuje minimalno koli\u010dino kumarina. Za izdelavo <strong>Cimet kapsul<\/strong> uporabljamo samo <span style=\"color: #8c189b;\"><strong><a style=\"color: #993366;\" href=\"https:\/\/sen-shop.com\/blogs\/zakaj-bi-morali-cimet-uporabljati-skozi-celo-leto\/\">najkakovostnej\u0161i cimet.<\/a><\/strong><\/span> Vhodna surovina gre skozi proces striktne kontrole kakovosti, kjer zagotovimo da je vsebnost kumarina pod 0,005 % (kar je po mnenju strokovnjakov zanemarljivo malo).[\/vc_column_text][\/vc_column][\/vc_row][vc_row][vc_column][vc_column_text]Poleg tega vsebujejo Cimet kapsule tudi vitamina <strong>C in E, cink<\/strong> ter <strong>krom<\/strong>. Vitamina C in E ter cink so antioksidanti, ki \u0161\u010ditijo organizem pred \u0161kodljivimi u\u010dinki prostih radikalov. Cink je izjemno pomemben za delovanje imunskega sistema. Poleg tega ima vlogo pri <strong>presnovi ogljikovih hidratov, sintezi beljakovin<\/strong> ter pripomore k ohranjanju <strong>zdravih kosti<\/strong>. Zaradi tega je cink nepogre\u0161ljiv za delovanje sleherne celice v organizmu. Za diabetike je izjemno pomemben tudi krom, saj prispeva k vzdr\u017eevanju <strong>normalne ravni glukoze krvi<\/strong> ter prisostvuje pri presnovi makrohranil. <strong>Diabetiki<\/strong> imajo pove\u010dano potrebo po <strong>vitaminu C in E, cinku ter kromu<\/strong>, zato strokovnjaki priporo\u010dajo \u0161e dodaten vnos omenjenih hranil.[\/vc_column_text][\/vc_column][\/vc_row]<\/p>\n","protected":false},"excerpt":{"rendered":"<p><img decoding=\"async\" class=\"emoji\" role=\"img\" draggable=\"false\" src=\"https:\/\/s.w.org\/images\/core\/emoji\/17.0.2\/svg\/1f31f.svg\" alt=\"\ud83c\udf1f\" \/> <strong data-start=\"81\" data-end=\"102\">Preselili smo se!<\/strong> <img decoding=\"async\" class=\"emoji\" role=\"img\" draggable=\"false\" src=\"https:\/\/s.w.org\/images\/core\/emoji\/17.0.2\/svg\/1f31f.svg\" alt=\"\ud83c\udf1f\" \/><br data-start=\"105\" data-end=\"108\" \/>Za \u0161e bolj\u0161o izku\u0161njo nakupovanja nas zdaj najdete na <strong data-start=\"162\" data-end=\"207\"><a class=\"decorated-link\" href=\"http:\/\/www.sen-shop.si\/\" target=\"_new\" rel=\"noopener\" data-start=\"164\" data-end=\"205\">www.sen-shop.si<\/a><\/strong>!<\/p>\n<p>Cimet spodbuja delovanje inzulinskih receptorjev in izlo\u010danje inzulina. Posledi\u010dno lahko organizem bolj\u0161e izkori\u0161\u010da lasten inzulin.<\/p>\n<p>\ud83d\udc49 \u00a0 za uravnavanje krvnega sladkorja<br \/>\n\ud83d\udc49 \u00a0 za spodbudo inzulinskih receptorjev<br \/>\n\ud83d\udc49 \u00a0 z dodanim cinkom in kromom*<br \/>\n\ud83d\udc49 \u00a0 vsebnost kumarina zagotovljena pod 0,005%<\/p>\n<p>*Krom je pomemben za normalno presnovo glukoze. Pove\u010da \u0161tevilo inzulinskih receptorjev, vezavo na receptorje ter aktivacijo inzulina.<\/p>\n<p><b>[banner_prehrana]<\/b><\/p>\n","protected":false},"featured_media":31613,"comment_status":"open","ping_status":"closed","template":"","meta":{"inline_featured_image":false},"product_cat":[84,64],"product_tag":[123,253,87,255,122,254,110,112,121,298],"class_list":["post-154","product","type-product","status-publish","has-post-thumbnail","hentry","product_cat-prehranska-dopolnila","product_cat-srce-ozilje-in-hemoroidi","product_tag-analizator","product_tag-analizator-telesne-teze","product_tag-bio","product_tag-osebna-digitalna-tehtnica","product_tag-tehtnica","product_tag-nakup-tanite","product_tag-prehranska-dopolnila","product_tag-srce-in-ozilje","product_tag-tanita","product_tag-tanita-tehtnica"],"acf":[],"yoast_head":"<!-- This site is optimized with the Yoast SEO plugin v19.13 - https:\/\/yoast.com\/wordpress\/plugins\/seo\/ -->\n<title>Pravi cimet v kapsulah za uravnavanje krvnega sladkorja - Sen Shop<\/title>\n<meta name=\"description\" content=\"Poskrbite za svoje zdravje. Pravi cimet, najvi\u0161je mo\u017ene kakovosti vam izbolj\u0161a \u017eivljenje. Garancija zadovoljstva. Hitra dostava.\" \/>\n<meta name=\"robots\" content=\"index, follow, max-snippet:-1, max-image-preview:large, max-video-preview:-1\" \/>\n<link rel=\"canonical\" href=\"https:\/\/sen-shop.com\/sl\/collections\/prehranska-dopolnila\/srce-ozilje-in-hemoroidi\/cimet-za-uravnavanje-krvnega-sladkorja\/\" \/>\n<meta property=\"og:locale\" content=\"sl_SI\" \/>\n<meta property=\"og:type\" content=\"article\" \/>\n<meta property=\"og:title\" content=\"Pravi cimet v kapsulah za uravnavanje krvnega sladkorja - Sen Shop\" \/>\n<meta property=\"og:description\" content=\"Poskrbite za svoje zdravje. Pravi cimet, najvi\u0161je mo\u017ene kakovosti vam izbolj\u0161a \u017eivljenje. Garancija zadovoljstva. Hitra dostava.\" \/>\n<meta property=\"og:url\" content=\"https:\/\/sen-shop.com\/sl\/collections\/prehranska-dopolnila\/srce-ozilje-in-hemoroidi\/cimet-za-uravnavanje-krvnega-sladkorja\/\" \/>\n<meta property=\"og:site_name\" content=\"SEN Shop\" \/>\n<meta property=\"article:publisher\" content=\"https:\/\/www.facebook.com\/Senshopslovenija\" \/>\n<meta property=\"article:modified_time\" content=\"2026-03-02T10:44:46+00:00\" \/>\n<meta property=\"og:image\" content=\"https:\/\/sen-shop.com\/wp-content\/uploads\/2017\/10\/Cimet_SL_HR.jpg\" \/>\n\t<meta property=\"og:image:width\" content=\"1400\" \/>\n\t<meta property=\"og:image:height\" content=\"1400\" \/>\n\t<meta property=\"og:image:type\" content=\"image\/jpeg\" \/>\n<meta name=\"twitter:card\" content=\"summary_large_image\" \/>\n<meta name=\"twitter:label1\" content=\"Est. reading time\" \/>\n\t<meta name=\"twitter:data1\" content=\"2 minuti\" \/>\n<script type=\"application\/ld+json\" class=\"yoast-schema-graph\">{\"@context\":\"https:\/\/schema.org\",\"@graph\":[{\"@type\":\"WebPage\",\"@id\":\"https:\/\/sen-shop.com\/sl\/collections\/prehranska-dopolnila\/srce-ozilje-in-hemoroidi\/cimet-za-uravnavanje-krvnega-sladkorja\/\",\"url\":\"https:\/\/sen-shop.com\/sl\/collections\/prehranska-dopolnila\/srce-ozilje-in-hemoroidi\/cimet-za-uravnavanje-krvnega-sladkorja\/\",\"name\":\"Pravi cimet v kapsulah za uravnavanje krvnega sladkorja - Sen Shop\",\"isPartOf\":{\"@id\":\"https:\/\/sen-shop.com\/sl\/#website\"},\"datePublished\":\"2017-10-27T12:46:22+00:00\",\"dateModified\":\"2026-03-02T10:44:46+00:00\",\"description\":\"Poskrbite za svoje zdravje. Pravi cimet, najvi\u0161je mo\u017ene kakovosti vam izbolj\u0161a \u017eivljenje. Garancija zadovoljstva. Hitra dostava.\",\"breadcrumb\":{\"@id\":\"https:\/\/sen-shop.com\/sl\/collections\/prehranska-dopolnila\/srce-ozilje-in-hemoroidi\/cimet-za-uravnavanje-krvnega-sladkorja\/#breadcrumb\"},\"inLanguage\":\"sl-SI\",\"potentialAction\":[{\"@type\":\"ReadAction\",\"target\":[\"https:\/\/sen-shop.com\/sl\/collections\/prehranska-dopolnila\/srce-ozilje-in-hemoroidi\/cimet-za-uravnavanje-krvnega-sladkorja\/\"]}]},{\"@type\":\"BreadcrumbList\",\"@id\":\"https:\/\/sen-shop.com\/sl\/collections\/prehranska-dopolnila\/srce-ozilje-in-hemoroidi\/cimet-za-uravnavanje-krvnega-sladkorja\/#breadcrumb\",\"itemListElement\":[{\"@type\":\"ListItem\",\"position\":1,\"name\":\"Home\",\"item\":\"https:\/\/sen-shop.com\/sl\/\"},{\"@type\":\"ListItem\",\"position\":2,\"name\":\"Cimet, cink in krom\"}]},{\"@type\":\"WebSite\",\"@id\":\"https:\/\/sen-shop.com\/sl\/#website\",\"url\":\"https:\/\/sen-shop.com\/sl\/\",\"name\":\"SEN Shop\",\"description\":\"Slovensko, Ekolo\u0161ko, Naravno\",\"publisher\":{\"@id\":\"https:\/\/sen-shop.com\/sl\/#organization\"},\"potentialAction\":[{\"@type\":\"SearchAction\",\"target\":{\"@type\":\"EntryPoint\",\"urlTemplate\":\"https:\/\/sen-shop.com\/sl\/?s={search_term_string}\"},\"query-input\":\"required name=search_term_string\"}],\"inLanguage\":\"sl-SI\"},{\"@type\":\"Organization\",\"@id\":\"https:\/\/sen-shop.com\/sl\/#organization\",\"name\":\"Mind trade d.o.o\",\"url\":\"https:\/\/sen-shop.com\/sl\/\",\"logo\":{\"@type\":\"ImageObject\",\"inLanguage\":\"sl-SI\",\"@id\":\"https:\/\/sen-shop.com\/sl\/#\/schema\/logo\/image\/\",\"url\":\"https:\/\/sen-shop.com\/wp-content\/uploads\/2018\/05\/header_logo.png\",\"contentUrl\":\"https:\/\/sen-shop.com\/wp-content\/uploads\/2018\/05\/header_logo.png\",\"width\":138,\"height\":70,\"caption\":\"Mind trade d.o.o\"},\"image\":{\"@id\":\"https:\/\/sen-shop.com\/sl\/#\/schema\/logo\/image\/\"},\"sameAs\":[\"https:\/\/www.instagram.com\/senslovenija\/\",\"https:\/\/www.facebook.com\/Senshopslovenija\"]}]}<\/script>\n<!-- \/ Yoast SEO plugin. -->","yoast_head_json":{"title":"Pravi cimet v kapsulah za uravnavanje krvnega sladkorja - Sen Shop","description":"Poskrbite za svoje zdravje. Pravi cimet, najvi\u0161je mo\u017ene kakovosti vam izbolj\u0161a \u017eivljenje. Garancija zadovoljstva. Hitra dostava.","robots":{"index":"index","follow":"follow","max-snippet":"max-snippet:-1","max-image-preview":"max-image-preview:large","max-video-preview":"max-video-preview:-1"},"canonical":"https:\/\/sen-shop.com\/sl\/collections\/prehranska-dopolnila\/srce-ozilje-in-hemoroidi\/cimet-za-uravnavanje-krvnega-sladkorja\/","og_locale":"sl_SI","og_type":"article","og_title":"Pravi cimet v kapsulah za uravnavanje krvnega sladkorja - Sen Shop","og_description":"Poskrbite za svoje zdravje. Pravi cimet, najvi\u0161je mo\u017ene kakovosti vam izbolj\u0161a \u017eivljenje. Garancija zadovoljstva. Hitra dostava.","og_url":"https:\/\/sen-shop.com\/sl\/collections\/prehranska-dopolnila\/srce-ozilje-in-hemoroidi\/cimet-za-uravnavanje-krvnega-sladkorja\/","og_site_name":"SEN Shop","article_publisher":"https:\/\/www.facebook.com\/Senshopslovenija","article_modified_time":"2026-03-02T10:44:46+00:00","og_image":[{"width":1400,"height":1400,"url":"https:\/\/sen-shop.com\/wp-content\/uploads\/2017\/10\/Cimet_SL_HR.jpg","type":"image\/jpeg"}],"twitter_card":"summary_large_image","twitter_misc":{"Est. reading time":"2 minuti"},"schema":{"@context":"https:\/\/schema.org","@graph":[{"@type":"WebPage","@id":"https:\/\/sen-shop.com\/sl\/collections\/prehranska-dopolnila\/srce-ozilje-in-hemoroidi\/cimet-za-uravnavanje-krvnega-sladkorja\/","url":"https:\/\/sen-shop.com\/sl\/collections\/prehranska-dopolnila\/srce-ozilje-in-hemoroidi\/cimet-za-uravnavanje-krvnega-sladkorja\/","name":"Pravi cimet v kapsulah za uravnavanje krvnega sladkorja - Sen Shop","isPartOf":{"@id":"https:\/\/sen-shop.com\/sl\/#website"},"datePublished":"2017-10-27T12:46:22+00:00","dateModified":"2026-03-02T10:44:46+00:00","description":"Poskrbite za svoje zdravje. Pravi cimet, najvi\u0161je mo\u017ene kakovosti vam izbolj\u0161a \u017eivljenje. Garancija zadovoljstva. Hitra dostava.","breadcrumb":{"@id":"https:\/\/sen-shop.com\/sl\/collections\/prehranska-dopolnila\/srce-ozilje-in-hemoroidi\/cimet-za-uravnavanje-krvnega-sladkorja\/#breadcrumb"},"inLanguage":"sl-SI","potentialAction":[{"@type":"ReadAction","target":["https:\/\/sen-shop.com\/sl\/collections\/prehranska-dopolnila\/srce-ozilje-in-hemoroidi\/cimet-za-uravnavanje-krvnega-sladkorja\/"]}]},{"@type":"BreadcrumbList","@id":"https:\/\/sen-shop.com\/sl\/collections\/prehranska-dopolnila\/srce-ozilje-in-hemoroidi\/cimet-za-uravnavanje-krvnega-sladkorja\/#breadcrumb","itemListElement":[{"@type":"ListItem","position":1,"name":"Home","item":"https:\/\/sen-shop.com\/sl\/"},{"@type":"ListItem","position":2,"name":"Cimet, cink in krom"}]},{"@type":"WebSite","@id":"https:\/\/sen-shop.com\/sl\/#website","url":"https:\/\/sen-shop.com\/sl\/","name":"SEN Shop","description":"Slovensko, Ekolo\u0161ko, Naravno","publisher":{"@id":"https:\/\/sen-shop.com\/sl\/#organization"},"potentialAction":[{"@type":"SearchAction","target":{"@type":"EntryPoint","urlTemplate":"https:\/\/sen-shop.com\/sl\/?s={search_term_string}"},"query-input":"required name=search_term_string"}],"inLanguage":"sl-SI"},{"@type":"Organization","@id":"https:\/\/sen-shop.com\/sl\/#organization","name":"Mind trade d.o.o","url":"https:\/\/sen-shop.com\/sl\/","logo":{"@type":"ImageObject","inLanguage":"sl-SI","@id":"https:\/\/sen-shop.com\/sl\/#\/schema\/logo\/image\/","url":"https:\/\/sen-shop.com\/wp-content\/uploads\/2018\/05\/header_logo.png","contentUrl":"https:\/\/sen-shop.com\/wp-content\/uploads\/2018\/05\/header_logo.png","width":138,"height":70,"caption":"Mind trade d.o.o"},"image":{"@id":"https:\/\/sen-shop.com\/sl\/#\/schema\/logo\/image\/"},"sameAs":["https:\/\/www.instagram.com\/senslovenija\/","https:\/\/www.facebook.com\/Senshopslovenija"]}]}},"_links":{"self":[{"href":"https:\/\/sen-shop.com\/sl\/wp-json\/wp\/v2\/product\/154","targetHints":{"allow":["GET"]}}],"collection":[{"href":"https:\/\/sen-shop.com\/sl\/wp-json\/wp\/v2\/product"}],"about":[{"href":"https:\/\/sen-shop.com\/sl\/wp-json\/wp\/v2\/types\/product"}],"replies":[{"embeddable":true,"href":"https:\/\/sen-shop.com\/sl\/wp-json\/wp\/v2\/comments?post=154"}],"wp:featuredmedia":[{"embeddable":true,"href":"https:\/\/sen-shop.com\/sl\/wp-json\/wp\/v2\/media\/31613"}],"wp:attachment":[{"href":"https:\/\/sen-shop.com\/sl\/wp-json\/wp\/v2\/media?parent=154"}],"wp:term":[{"taxonomy":"product_cat","embeddable":true,"href":"https:\/\/sen-shop.com\/sl\/wp-json\/wp\/v2\/product_cat?post=154"},{"taxonomy":"product_tag","embeddable":true,"href":"https:\/\/sen-shop.com\/sl\/wp-json\/wp\/v2\/product_tag?post=154"}],"curies":[{"name":"wp","href":"https:\/\/api.w.org\/{rel}","templated":true}]}}