{"id":150,"date":"2017-10-16T14:43:29","date_gmt":"2017-10-16T12:43:29","guid":{"rendered":"https:\/\/www.sen-shop.com\/?post_type=product&#038;p=150"},"modified":"2026-03-02T11:43:00","modified_gmt":"2026-03-02T10:43:00","slug":"maticni-mlecek-400mg","status":"publish","type":"product","link":"https:\/\/sen-shop.com\/sl\/collections\/prehranska-dopolnila\/krepitev-imunskega-sistema\/maticni-mlecek-400mg\/","title":{"rendered":"Mati\u010dni mle\u010dek 400mg"},"content":{"rendered":"<p>[vc_row][vc_column][vc_column_text css=&#8221;.vc_custom_1625572370134{padding-top: 30px !important;padding-right: 30px !important;padding-bottom: 30px !important;padding-left: 30px !important;background-color: #c9db95 !important;}&#8221;]<\/p>\n<h4>Mati\u010dni mle\u010dek<\/h4>\n<p>Je naravni proizvod \u010debel. S pomo\u010djo svojih \u017elez ga proizvajajo iz cvetnega prahu in vode, proizvod pa je podoben materinemu mleku. Gre za visoko kakovostno hrano, ki omogo\u010da hitro rast in razvoj. Pogosto ga imenujemo tudi hrana \u010debelje matice, saj ga \u010debele uporabljajo za rejo li\u010dink in za hranjenje \u010debelje matice. To potrjuje, da ima mati\u010dni mle\u010dek v naravi zelo poseben pomen in u\u010dinek. Mati\u010dni mle\u010dek je hrana za \u010debeljo zalego in \u010debeljo matico. Nastaja v hipofaringealnih \u017elezah, ki le\u017eijo v \u010debelji glavi tik ob mo\u017eganih. Proizvajajo ga mlade \u010debele, stare od 6 do 14 dni. Te \u010debele &#8221;dojilje&#8221; z njim prvih nekaj dni hranijo ves zarod, kasneje pa le \u010debeljo matico, ki to hrano u\u017eiva vse \u017eivljenje.<\/p>\n<h5>Pridobivanje mati\u010dnega mle\u010dka<\/h5>\n<p>Pridobivanje mati\u010dnega mle\u010dka v ve\u010djih koli\u010dinah je precej zamudno opravilo. Pridobivajo ga tako, da \u010debelji dru\u017eini brez matice dodajo letvice z mati\u010dnimi nastavki, v katere so cepljene enodnevne \u010debelje li\u010dinke, ki jih bogato zalijejo z mati\u010dnim mle\u010dkom. Po treh dneh \u010debelar pobere letvice z celicami, odstrani li\u010dinke in nato s posebno \u017eli\u010dko ali sesalko pobere mati\u010dni mle\u010dek. Mati\u010dnike nato ponovno cepi z novimi li\u010dinkami in jih vstavi nazaj v \u010debeljo dru\u017eino. Mati\u010dni mle\u010dek je po videzu belkast, gost, po okusu pa kiselkast s prav posebno aromo. Na zraku se s\u010dasoma <a href=\"https:\/\/sen-shop.com\/wp-content\/uploads\/2017\/10\/rsz_1maticni_mlecek_kapsule-e1549535059601.jpg\"><img loading=\"lazy\" decoding=\"async\" class=\"wp-image-6050 alignright\" src=\"https:\/\/sen-shop.com\/wp-content\/uploads\/2017\/10\/rsz_1maticni_mlecek_kapsule-e1549535059601.jpg\" alt=\"\" width=\"351\" height=\"300\" \/><\/a>zgosti in porjavi. Zaradi vsebnosti beljakovin je hitro pokvarljiv. Obvezno ga je potrebno shranjevati v temnem prostoru, ker je ob\u010dutljiv na svetlobo, ztato ga shranjujemo v temnih kozar\u010dkih. Ve\u010d o pridobivanju mati\u010dnega mle\u010dka si lahko preberete <a href=\"http:\/\/www.czs.si\/content\/C24\">TUKAJ<\/a>.<\/p>\n<p>&nbsp;<\/p>\n<p>Sestavljen je iz ma\u0161\u010dob (ena izmed glavnih je: 10-hidroksi-2-dekanojska kislina), ogljikovih hidratov (predvsem glukoza, fruktoza in saharoza), proteinov in prostih aminokislin (glutaminska kislina, prolin, lizin), majhne koli\u010dine vitaminov, mineralov in elementov v sledovih.<\/p>\n<p>Kako si pomagati pri prehladu si preberite <a href=\"https:\/\/sen-shop.com\/blogs\/kako-najhitreje-premagati-prehlad\/\">TUKAJ.<\/a><\/p>\n<p><b>PRIPORO\u010cENA DNEVNA KOLI\u010cINA:<\/b> Ena do dve kapsuli na dan, pred obrokom (najbolje zjutraj na te\u0161\u010de), z dovolj teko\u010dine.<\/p>\n<p><strong>VSEBINA:<\/strong> 60 kapsul<br \/>\nNeto koli\u010dina: 29,4 g. Vsebina dveh kapsul: Liofiliziran mati\u010dni mle\u010dek 800 mg.<\/p>\n<p><strong>SESTAVINE:<\/strong>\u00a0<strong>Liofiliziran mati\u010dni mle\u010dek, \u017eelatina<\/strong>. Kapsule so <strong>brez konzervansov, barvil in laktoze<\/strong>. Primerne so tudi za diabetike!<\/p>\n<p><strong>Pomembno:<\/strong>\u00a0Priporo\u010dene dnevne koli\u010dine oz. odmerka se ne sme prekora\u010diti. Prehransko dopolnilo ni nadomestilo za uravnote\u017eeno in raznovrstno prehrano. Pomembna sta raznolika in uravnote\u017eena prehrana ter zdrav na\u010din \u017eivljenja.<\/p>\n<p>[\/vc_column_text][\/vc_column][\/vc_row][vc_row][vc_column][vc_column_text css=&#8221;.vc_custom_1625572389467{padding-top: 30px !important;padding-right: 30px !important;padding-bottom: 30px !important;padding-left: 30px !important;background-color: #ededed !important;}&#8221;]<strong>Opozorilo:<\/strong>\u00a0\u010ce si preob\u010dutljiv\/a ali alergi\u010den\/na na katero od sestavin tega izdelka ali jemlje\u0161 zdravila, se pred uporabo posvetuj s svojim zdravnikom.<\/p>\n<p>[\/vc_column_text][\/vc_column][\/vc_row][vc_row][vc_column][vc_column_text]<strong>Shranjevanje:<\/strong>\u00a0Shranjevati nedosegljivo otrokom! Izdelek hranite na suhem in hladnem prostoru (lahko v hladilniku) in ne izpostavljajte direktni svetlobi in toploti.\u00a0<strong>\u00a0<\/strong>[\/vc_column_text][\/vc_column][\/vc_row]<\/p>\n","protected":false},"excerpt":{"rendered":"<p><strong><img decoding=\"async\" class=\"emoji\" role=\"img\" draggable=\"false\" src=\"https:\/\/s.w.org\/images\/core\/emoji\/17.0.2\/svg\/1f31f.svg\" alt=\"\ud83c\udf1f\" \/> Preselili smo se! <img decoding=\"async\" class=\"emoji\" role=\"img\" draggable=\"false\" src=\"https:\/\/s.w.org\/images\/core\/emoji\/17.0.2\/svg\/1f31f.svg\" alt=\"\ud83c\udf1f\" \/><br data-start=\"105\" data-end=\"108\" \/>Za \u0161e bolj\u0161o izku\u0161njo nakupovanja nas zdaj najdete na <a class=\"decorated-link\" href=\"http:\/\/www.sen-shop.si\/\" target=\"_new\" rel=\"noopener\" data-start=\"164\" data-end=\"205\">www.sen-shop.si<\/a>!<\/p>\n<p>Visok odmerek kakovostnega, \u010distega mati\u010dnega mle\u010dka <\/strong>v eni kapsuli. V kapsuli je 400 mg liofiliziranega mati\u010dnega mle\u010dka, kar ustreza 1.200 mg sve\u017eega mati\u010dnega mle\u010dka. Priporo\u010damo ga vsem, ki trpijo zaradi <strong>pomanjkanja koncentracije <\/strong>in \u017eelijo <strong>pove\u010dati ODPORNOST ORGANIZMA.<\/strong><\/p>\n","protected":false},"featured_media":39783,"comment_status":"open","ping_status":"closed","template":"","meta":{"inline_featured_image":false},"product_cat":[72,84,365],"product_tag":[123,253,87,255,122,249,114,254,110,121],"class_list":["post-150","product","type-product","status-publish","has-post-thumbnail","hentry","product_cat-krepitev-imunskega-sistema","product_cat-prehranska-dopolnila","product_cat-crni-petek","product_tag-analizator","product_tag-analizator-telesne-teze","product_tag-bio","product_tag-osebna-digitalna-tehtnica","product_tag-tehtnica","product_tag-kako-okrepiti-imunski-sistem","product_tag-krepitev-imunskega-sistema-2","product_tag-nakup-tanite","product_tag-prehranska-dopolnila","product_tag-tanita"],"acf":[],"yoast_head":"<!-- This site is optimized with the Yoast SEO plugin v19.13 - https:\/\/yoast.com\/wordpress\/plugins\/seo\/ -->\n<title>Mati\u010dni mle\u010dek 400mg, za za\u0161\u010dito organizma pred boleznimi. Sen Shop<\/title>\n<meta name=\"description\" content=\"Mati\u010dni mle\u010dek v visoki odmeri v eni kapsuli. Zagotovite podporo va\u0161emu imunskemu sistemu. Hitra dostava. Garancija zadovoljstva.\" \/>\n<meta name=\"robots\" content=\"index, follow, max-snippet:-1, max-image-preview:large, max-video-preview:-1\" \/>\n<link rel=\"canonical\" href=\"https:\/\/sen-shop.com\/sl\/collections\/prehranska-dopolnila\/krepitev-imunskega-sistema\/maticni-mlecek-400mg\/\" \/>\n<meta property=\"og:locale\" content=\"sl_SI\" \/>\n<meta property=\"og:type\" content=\"article\" \/>\n<meta property=\"og:title\" content=\"Mati\u010dni mle\u010dek 400mg, za za\u0161\u010dito organizma pred boleznimi. Sen Shop\" \/>\n<meta property=\"og:description\" content=\"Mati\u010dni mle\u010dek v visoki odmeri v eni kapsuli. Zagotovite podporo va\u0161emu imunskemu sistemu. Hitra dostava. Garancija zadovoljstva.\" \/>\n<meta property=\"og:url\" content=\"https:\/\/sen-shop.com\/sl\/collections\/prehranska-dopolnila\/krepitev-imunskega-sistema\/maticni-mlecek-400mg\/\" \/>\n<meta property=\"og:site_name\" content=\"SEN Shop\" \/>\n<meta property=\"article:publisher\" content=\"https:\/\/www.facebook.com\/Senshopslovenija\" \/>\n<meta property=\"article:modified_time\" content=\"2026-03-02T10:43:00+00:00\" \/>\n<meta property=\"og:image\" content=\"https:\/\/sen-shop.com\/wp-content\/uploads\/2017\/10\/Maticni-400_SL_HR-1.jpg\" \/>\n\t<meta property=\"og:image:width\" content=\"1400\" \/>\n\t<meta property=\"og:image:height\" content=\"1400\" \/>\n\t<meta property=\"og:image:type\" content=\"image\/jpeg\" \/>\n<meta name=\"twitter:card\" content=\"summary_large_image\" \/>\n<meta name=\"twitter:label1\" content=\"Est. reading time\" \/>\n\t<meta name=\"twitter:data1\" content=\"3 minute\" \/>\n<script type=\"application\/ld+json\" class=\"yoast-schema-graph\">{\"@context\":\"https:\/\/schema.org\",\"@graph\":[{\"@type\":\"WebPage\",\"@id\":\"https:\/\/sen-shop.com\/sl\/collections\/prehranska-dopolnila\/krepitev-imunskega-sistema\/maticni-mlecek-400mg\/\",\"url\":\"https:\/\/sen-shop.com\/sl\/collections\/prehranska-dopolnila\/krepitev-imunskega-sistema\/maticni-mlecek-400mg\/\",\"name\":\"Mati\u010dni mle\u010dek 400mg, za za\u0161\u010dito organizma pred boleznimi. Sen Shop\",\"isPartOf\":{\"@id\":\"https:\/\/sen-shop.com\/sl\/#website\"},\"datePublished\":\"2017-10-16T12:43:29+00:00\",\"dateModified\":\"2026-03-02T10:43:00+00:00\",\"description\":\"Mati\u010dni mle\u010dek v visoki odmeri v eni kapsuli. Zagotovite podporo va\u0161emu imunskemu sistemu. Hitra dostava. Garancija zadovoljstva.\",\"breadcrumb\":{\"@id\":\"https:\/\/sen-shop.com\/sl\/collections\/prehranska-dopolnila\/krepitev-imunskega-sistema\/maticni-mlecek-400mg\/#breadcrumb\"},\"inLanguage\":\"sl-SI\",\"potentialAction\":[{\"@type\":\"ReadAction\",\"target\":[\"https:\/\/sen-shop.com\/sl\/collections\/prehranska-dopolnila\/krepitev-imunskega-sistema\/maticni-mlecek-400mg\/\"]}]},{\"@type\":\"BreadcrumbList\",\"@id\":\"https:\/\/sen-shop.com\/sl\/collections\/prehranska-dopolnila\/krepitev-imunskega-sistema\/maticni-mlecek-400mg\/#breadcrumb\",\"itemListElement\":[{\"@type\":\"ListItem\",\"position\":1,\"name\":\"Home\",\"item\":\"https:\/\/sen-shop.com\/sl\/\"},{\"@type\":\"ListItem\",\"position\":2,\"name\":\"Mati\u010dni mle\u010dek 400mg\"}]},{\"@type\":\"WebSite\",\"@id\":\"https:\/\/sen-shop.com\/sl\/#website\",\"url\":\"https:\/\/sen-shop.com\/sl\/\",\"name\":\"SEN Shop\",\"description\":\"Slovensko, Ekolo\u0161ko, Naravno\",\"publisher\":{\"@id\":\"https:\/\/sen-shop.com\/sl\/#organization\"},\"potentialAction\":[{\"@type\":\"SearchAction\",\"target\":{\"@type\":\"EntryPoint\",\"urlTemplate\":\"https:\/\/sen-shop.com\/sl\/?s={search_term_string}\"},\"query-input\":\"required name=search_term_string\"}],\"inLanguage\":\"sl-SI\"},{\"@type\":\"Organization\",\"@id\":\"https:\/\/sen-shop.com\/sl\/#organization\",\"name\":\"Mind trade d.o.o\",\"url\":\"https:\/\/sen-shop.com\/sl\/\",\"logo\":{\"@type\":\"ImageObject\",\"inLanguage\":\"sl-SI\",\"@id\":\"https:\/\/sen-shop.com\/sl\/#\/schema\/logo\/image\/\",\"url\":\"https:\/\/sen-shop.com\/wp-content\/uploads\/2018\/05\/header_logo.png\",\"contentUrl\":\"https:\/\/sen-shop.com\/wp-content\/uploads\/2018\/05\/header_logo.png\",\"width\":138,\"height\":70,\"caption\":\"Mind trade d.o.o\"},\"image\":{\"@id\":\"https:\/\/sen-shop.com\/sl\/#\/schema\/logo\/image\/\"},\"sameAs\":[\"https:\/\/www.instagram.com\/senslovenija\/\",\"https:\/\/www.facebook.com\/Senshopslovenija\"]}]}<\/script>\n<!-- \/ Yoast SEO plugin. -->","yoast_head_json":{"title":"Mati\u010dni mle\u010dek 400mg, za za\u0161\u010dito organizma pred boleznimi. Sen Shop","description":"Mati\u010dni mle\u010dek v visoki odmeri v eni kapsuli. Zagotovite podporo va\u0161emu imunskemu sistemu. Hitra dostava. Garancija zadovoljstva.","robots":{"index":"index","follow":"follow","max-snippet":"max-snippet:-1","max-image-preview":"max-image-preview:large","max-video-preview":"max-video-preview:-1"},"canonical":"https:\/\/sen-shop.com\/sl\/collections\/prehranska-dopolnila\/krepitev-imunskega-sistema\/maticni-mlecek-400mg\/","og_locale":"sl_SI","og_type":"article","og_title":"Mati\u010dni mle\u010dek 400mg, za za\u0161\u010dito organizma pred boleznimi. Sen Shop","og_description":"Mati\u010dni mle\u010dek v visoki odmeri v eni kapsuli. Zagotovite podporo va\u0161emu imunskemu sistemu. Hitra dostava. Garancija zadovoljstva.","og_url":"https:\/\/sen-shop.com\/sl\/collections\/prehranska-dopolnila\/krepitev-imunskega-sistema\/maticni-mlecek-400mg\/","og_site_name":"SEN Shop","article_publisher":"https:\/\/www.facebook.com\/Senshopslovenija","article_modified_time":"2026-03-02T10:43:00+00:00","og_image":[{"width":1400,"height":1400,"url":"https:\/\/sen-shop.com\/wp-content\/uploads\/2017\/10\/Maticni-400_SL_HR-1.jpg","type":"image\/jpeg"}],"twitter_card":"summary_large_image","twitter_misc":{"Est. reading time":"3 minute"},"schema":{"@context":"https:\/\/schema.org","@graph":[{"@type":"WebPage","@id":"https:\/\/sen-shop.com\/sl\/collections\/prehranska-dopolnila\/krepitev-imunskega-sistema\/maticni-mlecek-400mg\/","url":"https:\/\/sen-shop.com\/sl\/collections\/prehranska-dopolnila\/krepitev-imunskega-sistema\/maticni-mlecek-400mg\/","name":"Mati\u010dni mle\u010dek 400mg, za za\u0161\u010dito organizma pred boleznimi. Sen Shop","isPartOf":{"@id":"https:\/\/sen-shop.com\/sl\/#website"},"datePublished":"2017-10-16T12:43:29+00:00","dateModified":"2026-03-02T10:43:00+00:00","description":"Mati\u010dni mle\u010dek v visoki odmeri v eni kapsuli. Zagotovite podporo va\u0161emu imunskemu sistemu. Hitra dostava. Garancija zadovoljstva.","breadcrumb":{"@id":"https:\/\/sen-shop.com\/sl\/collections\/prehranska-dopolnila\/krepitev-imunskega-sistema\/maticni-mlecek-400mg\/#breadcrumb"},"inLanguage":"sl-SI","potentialAction":[{"@type":"ReadAction","target":["https:\/\/sen-shop.com\/sl\/collections\/prehranska-dopolnila\/krepitev-imunskega-sistema\/maticni-mlecek-400mg\/"]}]},{"@type":"BreadcrumbList","@id":"https:\/\/sen-shop.com\/sl\/collections\/prehranska-dopolnila\/krepitev-imunskega-sistema\/maticni-mlecek-400mg\/#breadcrumb","itemListElement":[{"@type":"ListItem","position":1,"name":"Home","item":"https:\/\/sen-shop.com\/sl\/"},{"@type":"ListItem","position":2,"name":"Mati\u010dni mle\u010dek 400mg"}]},{"@type":"WebSite","@id":"https:\/\/sen-shop.com\/sl\/#website","url":"https:\/\/sen-shop.com\/sl\/","name":"SEN Shop","description":"Slovensko, Ekolo\u0161ko, Naravno","publisher":{"@id":"https:\/\/sen-shop.com\/sl\/#organization"},"potentialAction":[{"@type":"SearchAction","target":{"@type":"EntryPoint","urlTemplate":"https:\/\/sen-shop.com\/sl\/?s={search_term_string}"},"query-input":"required name=search_term_string"}],"inLanguage":"sl-SI"},{"@type":"Organization","@id":"https:\/\/sen-shop.com\/sl\/#organization","name":"Mind trade d.o.o","url":"https:\/\/sen-shop.com\/sl\/","logo":{"@type":"ImageObject","inLanguage":"sl-SI","@id":"https:\/\/sen-shop.com\/sl\/#\/schema\/logo\/image\/","url":"https:\/\/sen-shop.com\/wp-content\/uploads\/2018\/05\/header_logo.png","contentUrl":"https:\/\/sen-shop.com\/wp-content\/uploads\/2018\/05\/header_logo.png","width":138,"height":70,"caption":"Mind trade d.o.o"},"image":{"@id":"https:\/\/sen-shop.com\/sl\/#\/schema\/logo\/image\/"},"sameAs":["https:\/\/www.instagram.com\/senslovenija\/","https:\/\/www.facebook.com\/Senshopslovenija"]}]}},"_links":{"self":[{"href":"https:\/\/sen-shop.com\/sl\/wp-json\/wp\/v2\/product\/150","targetHints":{"allow":["GET"]}}],"collection":[{"href":"https:\/\/sen-shop.com\/sl\/wp-json\/wp\/v2\/product"}],"about":[{"href":"https:\/\/sen-shop.com\/sl\/wp-json\/wp\/v2\/types\/product"}],"replies":[{"embeddable":true,"href":"https:\/\/sen-shop.com\/sl\/wp-json\/wp\/v2\/comments?post=150"}],"wp:featuredmedia":[{"embeddable":true,"href":"https:\/\/sen-shop.com\/sl\/wp-json\/wp\/v2\/media\/39783"}],"wp:attachment":[{"href":"https:\/\/sen-shop.com\/sl\/wp-json\/wp\/v2\/media?parent=150"}],"wp:term":[{"taxonomy":"product_cat","embeddable":true,"href":"https:\/\/sen-shop.com\/sl\/wp-json\/wp\/v2\/product_cat?post=150"},{"taxonomy":"product_tag","embeddable":true,"href":"https:\/\/sen-shop.com\/sl\/wp-json\/wp\/v2\/product_tag?post=150"}],"curies":[{"name":"wp","href":"https:\/\/api.w.org\/{rel}","templated":true}]}}