{"id":148,"date":"2017-10-15T14:42:06","date_gmt":"2017-10-15T12:42:06","guid":{"rendered":"https:\/\/www.sen-shop.com\/?post_type=product&#038;p=148"},"modified":"2026-03-02T11:42:48","modified_gmt":"2026-03-02T10:42:48","slug":"maticni-mlecek-in-acerola-za-zdravje-in-visjo-imunsko-odpornost","status":"publish","type":"product","link":"https:\/\/sen-shop.com\/sl\/collections\/prehranska-dopolnila\/krepitev-imunskega-sistema\/maticni-mlecek-in-acerola-za-zdravje-in-visjo-imunsko-odpornost\/","title":{"rendered":"Mati\u010dni mle\u010dek z acerolo"},"content":{"rendered":"<p>[vc_row][vc_column][vc_column_text css=&#8221;.vc_custom_1625571334662{padding-top: 30px !important;padding-right: 30px !important;padding-bottom: 30px !important;padding-left: 30px !important;background-color: #c9db95 !important;}&#8221;]<strong>Mati\u010dni mle\u010dek in acerola<\/strong><\/p>\n<p>Mati\u010dni mle\u010dek priporo\u010damo vsem, ki trpijo zaradi pomanjkanja koncentracije in \u017eelijo pove\u010dati odpornost organizma. Mati\u010dni mle\u010dek je sestavljen iz ma\u0161\u010dob (ena izmed glavnih je: 10-hidroksi-2-dekanojska kislina), ogljikovih hidratov (predvsem glukoza, fruktoza in saharoza), proteinov in prostih aminokislin (glutaminska kislina, prolin, lizin), majhne koli\u010dine vitaminov, mineralov in elementov v sledovih.<br \/>\nDa bi bil u\u010dinek \u0161e ve\u010dji, smo na\u0161emu <a href=\"https:\/\/sen-shop.com\/blogs\/kako-najhitreje-premagati-prehlad\/\">mati\u010dnemu mle\u010dku<\/a> dodali \u0161e ameri\u0161ko vi\u0161njo poznano tudi kot\u00a0<strong>acerola<\/strong>, ki je znana po najvi\u0161ji naravni vsebnosti vitamina C (1700 mg\/100g).<br \/>\n<strong>Vitamin C<\/strong> ima v \u010dlove\u0161kem telesu veliko pomembnih nalog. Pove\u010duje absorpcijo \u017eeleza, podpira delovanje imunskega sistema, prispeva k nastajanju kolagena za normalno delovanje dlesni, ko\u017ee, hrustanca in kosti.<\/p>\n<p>&nbsp;<\/p>\n<p><strong>PRIPORO\u010cENA DNEVNA KOLI\u010cINA:<\/strong> Ena do dve kapsuli na dan, pred obrokom (najbolje zjutraj na te\u0161\u010de), z dovolj teko\u010dine.<br \/>\n<strong>VSEBINA:<\/strong> 60 mehkih kapsul<br \/>\nNeto koli\u010dina: 35,4 g. Vsebina dveh kapsul: Mati\u010dni mle\u010dek 500 mg, Ekstrakt acerole 500 mg, Naravni vitamin C 100 mg (167 % PDV*). (*PDV: Priporo\u010den dnevni vnos v kapsuli)[\/vc_column_text][vc_column_text][\/vc_column_text][vc_column_text css=&#8221;.vc_custom_1625571354738{padding-top: 30px !important;padding-right: 30px !important;padding-bottom: 30px !important;padding-left: 30px !important;background-color: #ededed !important;}&#8221;]<strong>DOZIRANJE OTROKU<\/strong>: Kapsulo lahko odprete in vsebino stresete v vodo ali \u010daj v primeru, da gre za mlaj\u0161e otroke, ki jim po\u017eiranje cele kapsule predstavlja te\u017eavo. Pri <strong>preventivnem jemanju<\/strong> za dvig odpornosti naj otrok zau\u017eije pol kapsule na dan. <strong>V \u010dasu bolezni<\/strong> lahko otrok zau\u017eije celotno vsebino kapsule.[\/vc_column_text][vc_column_text]<\/p>\n<h4>Zadovoljne stranke:<\/h4>\n<p>&nbsp;<\/p>\n<blockquote><p>&gt;&gt; Prej sem bila stalno prehlajena. Prehladi so se vlekli dolgo, tudi po ve\u010d tednov. Sedaj sem manj prehlajena, bolje se po\u010dutim. \u010ce me pa \u017ee dobi kak\u0161en prehlad, ga hitro prebolim. &lt;&lt;&lt;<\/p><\/blockquote>\n<p>Anica, Leskovec pri Kr\u0161kem<\/p>\n<p>&nbsp;<\/p>\n<blockquote><p>&gt;&gt;\u00a0 Hvale\u017ena sem vam, da ste mi svetovali mati\u010dni mle\u010dek. Izbolj\u0161alo je moje po\u010dutje in tudi moje zdravje. &lt;&lt;&lt;<\/p><\/blockquote>\n<p>Marija, Kranj<\/p>\n<p>&nbsp;<\/p>\n<blockquote><p>&gt;&gt; Mati\u010dni mle\u010dek je okrepil mojo splo\u0161no odpornost. Sem bolj odporna na prehlade in bolj\u0161e se po\u010dutim. &lt;&lt;&lt;<\/p><\/blockquote>\n<p>Anica, Kamnik<\/p>\n<p>[\/vc_column_text][\/vc_column][\/vc_row]<\/p>\n","protected":false},"excerpt":{"rendered":"<p><img decoding=\"async\" class=\"emoji\" role=\"img\" draggable=\"false\" src=\"https:\/\/s.w.org\/images\/core\/emoji\/17.0.2\/svg\/1f31f.svg\" alt=\"\ud83c\udf1f\" \/> <strong data-start=\"81\" data-end=\"102\">Preselili smo se!<\/strong> <img decoding=\"async\" class=\"emoji\" role=\"img\" draggable=\"false\" src=\"https:\/\/s.w.org\/images\/core\/emoji\/17.0.2\/svg\/1f31f.svg\" alt=\"\ud83c\udf1f\" \/><br data-start=\"105\" data-end=\"108\" \/>Za \u0161e bolj\u0161o izku\u0161njo nakupovanja nas zdaj najdete na <strong data-start=\"162\" data-end=\"207\"><a class=\"decorated-link\" href=\"http:\/\/www.sen-shop.si\/\" target=\"_new\" rel=\"noopener\" data-start=\"164\" data-end=\"205\">www.sen-shop.si<\/a><\/strong>!<\/p>\n<p>Za <strong>ZA\u0160\u010cITO<\/strong>\u00a0najprej okrepite <strong>IMUNSKI SISTEM &#8211; <\/strong>tudi za <strong>otroke<\/strong>.<\/p>\n<p>Je naravni proizvod \u010debel. S pomo\u010djo svojih \u017elez ga proizvajajo iz cvetnega prahu in vode, proizvod pa je podoben materinemu mleku. Gre za visoko kakovostno hrano, ki omogo\u010da hitro rast in razvoj. Pogosto ga imenujemo tudi hrana \u010debelje matice, saj ga \u010debele uporabljajo za rejo li\u010dink in za hranjenje \u010debelje matice. To potrjuje, da ima mati\u010dni mle\u010dek v naravi zelo poseben pomen in u\u010dinek. <strong>60 kapsul<\/strong><\/p>\n<p><strong>1 kapsula vsebuje<\/strong>: 250mg <strong>liofiliziran mati\u010dni mle\u010dek<\/strong>, 250mg ekstrat <strong>acerole<\/strong> (50 mg naravnega vitamina C) + <strong>naravna \u017eelatina<\/strong>. <strong><em>Ne vsebuje nepotrebnih dodatkov iz soje in son\u010dni\u010dnega olja. <\/em><\/strong>100% naravno.<\/p>\n<p>Kaj pomeni <strong>Liofiliziran<\/strong>? S posebnim postopkom sta mati\u010dnemu mle\u010dku odvzeta sladkor in voda ter globoko zamrznjeno, da nastane prah. 250mg liofiliziranega mati\u010dnega mle\u010dka predstavlja 750mg sve\u017eega mati\u010dnega mle\u010dka.<\/p>\n<p><strong>\u0160e mo\u010dnej\u0161i Mati\u010dni mle\u010dek najdete <a href=\"https:\/\/sen-shop.com\/collections\/prehranska-dopolnila\/krepitev-imunskega-sistema\/maticni-mlecek-400mg\/\">TUKAJ<\/a><\/strong><\/p>\n","protected":false},"featured_media":39134,"comment_status":"open","ping_status":"closed","template":"","meta":{"inline_featured_image":false},"product_cat":[72,84,365],"product_tag":[87,249,114,110],"class_list":["post-148","product","type-product","status-publish","has-post-thumbnail","hentry","product_cat-krepitev-imunskega-sistema","product_cat-prehranska-dopolnila","product_cat-crni-petek","product_tag-bio","product_tag-kako-okrepiti-imunski-sistem","product_tag-krepitev-imunskega-sistema-2","product_tag-prehranska-dopolnila"],"acf":[],"yoast_head":"<!-- This site is optimized with the Yoast SEO plugin v19.13 - https:\/\/yoast.com\/wordpress\/plugins\/seo\/ -->\n<title>Mati\u010dni mle\u010dek in acerola, za zdravje in vi\u0161jo imunsko odpornost.<\/title>\n<meta name=\"description\" content=\"Mati\u010dni mle\u010dek priporo\u010damo vsem, ki trpijo zaradi pomanjkanja koncentracije in \u017eelijo pove\u010dati odpornost organizma. Dodana je acerola. Hitra dostava.\" \/>\n<meta name=\"robots\" content=\"index, follow, max-snippet:-1, max-image-preview:large, max-video-preview:-1\" \/>\n<link rel=\"canonical\" href=\"https:\/\/sen-shop.com\/sl\/collections\/prehranska-dopolnila\/krepitev-imunskega-sistema\/maticni-mlecek-in-acerola-za-zdravje-in-visjo-imunsko-odpornost\/\" \/>\n<meta property=\"og:locale\" content=\"sl_SI\" \/>\n<meta property=\"og:type\" content=\"article\" \/>\n<meta property=\"og:title\" content=\"Mati\u010dni mle\u010dek in acerola, za zdravje in vi\u0161jo imunsko odpornost.\" \/>\n<meta property=\"og:description\" content=\"Mati\u010dni mle\u010dek priporo\u010damo vsem, ki trpijo zaradi pomanjkanja koncentracije in \u017eelijo pove\u010dati odpornost organizma. Dodana je acerola. Hitra dostava.\" \/>\n<meta property=\"og:url\" content=\"https:\/\/sen-shop.com\/sl\/collections\/prehranska-dopolnila\/krepitev-imunskega-sistema\/maticni-mlecek-in-acerola-za-zdravje-in-visjo-imunsko-odpornost\/\" \/>\n<meta property=\"og:site_name\" content=\"SEN Shop\" \/>\n<meta property=\"article:publisher\" content=\"https:\/\/www.facebook.com\/Senshopslovenija\" \/>\n<meta property=\"article:modified_time\" content=\"2026-03-02T10:42:48+00:00\" \/>\n<meta property=\"og:image\" content=\"https:\/\/sen-shop.com\/wp-content\/uploads\/2017\/10\/maticni-acerola.jpg\" \/>\n\t<meta property=\"og:image:width\" content=\"1400\" \/>\n\t<meta property=\"og:image:height\" content=\"1400\" \/>\n\t<meta property=\"og:image:type\" content=\"image\/jpeg\" \/>\n<meta name=\"twitter:card\" content=\"summary_large_image\" \/>\n<meta name=\"twitter:label1\" content=\"Est. reading time\" \/>\n\t<meta name=\"twitter:data1\" content=\"2 minuti\" \/>\n<script type=\"application\/ld+json\" class=\"yoast-schema-graph\">{\"@context\":\"https:\/\/schema.org\",\"@graph\":[{\"@type\":\"WebPage\",\"@id\":\"https:\/\/sen-shop.com\/sl\/collections\/prehranska-dopolnila\/krepitev-imunskega-sistema\/maticni-mlecek-in-acerola-za-zdravje-in-visjo-imunsko-odpornost\/\",\"url\":\"https:\/\/sen-shop.com\/sl\/collections\/prehranska-dopolnila\/krepitev-imunskega-sistema\/maticni-mlecek-in-acerola-za-zdravje-in-visjo-imunsko-odpornost\/\",\"name\":\"Mati\u010dni mle\u010dek in acerola, za zdravje in vi\u0161jo imunsko odpornost.\",\"isPartOf\":{\"@id\":\"https:\/\/sen-shop.com\/sl\/#website\"},\"datePublished\":\"2017-10-15T12:42:06+00:00\",\"dateModified\":\"2026-03-02T10:42:48+00:00\",\"description\":\"Mati\u010dni mle\u010dek priporo\u010damo vsem, ki trpijo zaradi pomanjkanja koncentracije in \u017eelijo pove\u010dati odpornost organizma. Dodana je acerola. Hitra dostava.\",\"breadcrumb\":{\"@id\":\"https:\/\/sen-shop.com\/sl\/collections\/prehranska-dopolnila\/krepitev-imunskega-sistema\/maticni-mlecek-in-acerola-za-zdravje-in-visjo-imunsko-odpornost\/#breadcrumb\"},\"inLanguage\":\"sl-SI\",\"potentialAction\":[{\"@type\":\"ReadAction\",\"target\":[\"https:\/\/sen-shop.com\/sl\/collections\/prehranska-dopolnila\/krepitev-imunskega-sistema\/maticni-mlecek-in-acerola-za-zdravje-in-visjo-imunsko-odpornost\/\"]}]},{\"@type\":\"BreadcrumbList\",\"@id\":\"https:\/\/sen-shop.com\/sl\/collections\/prehranska-dopolnila\/krepitev-imunskega-sistema\/maticni-mlecek-in-acerola-za-zdravje-in-visjo-imunsko-odpornost\/#breadcrumb\",\"itemListElement\":[{\"@type\":\"ListItem\",\"position\":1,\"name\":\"Home\",\"item\":\"https:\/\/sen-shop.com\/sl\/\"},{\"@type\":\"ListItem\",\"position\":2,\"name\":\"Mati\u010dni mle\u010dek z acerolo\"}]},{\"@type\":\"WebSite\",\"@id\":\"https:\/\/sen-shop.com\/sl\/#website\",\"url\":\"https:\/\/sen-shop.com\/sl\/\",\"name\":\"SEN Shop\",\"description\":\"Slovensko, Ekolo\u0161ko, Naravno\",\"publisher\":{\"@id\":\"https:\/\/sen-shop.com\/sl\/#organization\"},\"potentialAction\":[{\"@type\":\"SearchAction\",\"target\":{\"@type\":\"EntryPoint\",\"urlTemplate\":\"https:\/\/sen-shop.com\/sl\/?s={search_term_string}\"},\"query-input\":\"required name=search_term_string\"}],\"inLanguage\":\"sl-SI\"},{\"@type\":\"Organization\",\"@id\":\"https:\/\/sen-shop.com\/sl\/#organization\",\"name\":\"Mind trade d.o.o\",\"url\":\"https:\/\/sen-shop.com\/sl\/\",\"logo\":{\"@type\":\"ImageObject\",\"inLanguage\":\"sl-SI\",\"@id\":\"https:\/\/sen-shop.com\/sl\/#\/schema\/logo\/image\/\",\"url\":\"https:\/\/sen-shop.com\/wp-content\/uploads\/2018\/05\/header_logo.png\",\"contentUrl\":\"https:\/\/sen-shop.com\/wp-content\/uploads\/2018\/05\/header_logo.png\",\"width\":138,\"height\":70,\"caption\":\"Mind trade d.o.o\"},\"image\":{\"@id\":\"https:\/\/sen-shop.com\/sl\/#\/schema\/logo\/image\/\"},\"sameAs\":[\"https:\/\/www.instagram.com\/senslovenija\/\",\"https:\/\/www.facebook.com\/Senshopslovenija\"]}]}<\/script>\n<!-- \/ Yoast SEO plugin. -->","yoast_head_json":{"title":"Mati\u010dni mle\u010dek in acerola, za zdravje in vi\u0161jo imunsko odpornost.","description":"Mati\u010dni mle\u010dek priporo\u010damo vsem, ki trpijo zaradi pomanjkanja koncentracije in \u017eelijo pove\u010dati odpornost organizma. Dodana je acerola. Hitra dostava.","robots":{"index":"index","follow":"follow","max-snippet":"max-snippet:-1","max-image-preview":"max-image-preview:large","max-video-preview":"max-video-preview:-1"},"canonical":"https:\/\/sen-shop.com\/sl\/collections\/prehranska-dopolnila\/krepitev-imunskega-sistema\/maticni-mlecek-in-acerola-za-zdravje-in-visjo-imunsko-odpornost\/","og_locale":"sl_SI","og_type":"article","og_title":"Mati\u010dni mle\u010dek in acerola, za zdravje in vi\u0161jo imunsko odpornost.","og_description":"Mati\u010dni mle\u010dek priporo\u010damo vsem, ki trpijo zaradi pomanjkanja koncentracije in \u017eelijo pove\u010dati odpornost organizma. Dodana je acerola. Hitra dostava.","og_url":"https:\/\/sen-shop.com\/sl\/collections\/prehranska-dopolnila\/krepitev-imunskega-sistema\/maticni-mlecek-in-acerola-za-zdravje-in-visjo-imunsko-odpornost\/","og_site_name":"SEN Shop","article_publisher":"https:\/\/www.facebook.com\/Senshopslovenija","article_modified_time":"2026-03-02T10:42:48+00:00","og_image":[{"width":1400,"height":1400,"url":"https:\/\/sen-shop.com\/wp-content\/uploads\/2017\/10\/maticni-acerola.jpg","type":"image\/jpeg"}],"twitter_card":"summary_large_image","twitter_misc":{"Est. reading time":"2 minuti"},"schema":{"@context":"https:\/\/schema.org","@graph":[{"@type":"WebPage","@id":"https:\/\/sen-shop.com\/sl\/collections\/prehranska-dopolnila\/krepitev-imunskega-sistema\/maticni-mlecek-in-acerola-za-zdravje-in-visjo-imunsko-odpornost\/","url":"https:\/\/sen-shop.com\/sl\/collections\/prehranska-dopolnila\/krepitev-imunskega-sistema\/maticni-mlecek-in-acerola-za-zdravje-in-visjo-imunsko-odpornost\/","name":"Mati\u010dni mle\u010dek in acerola, za zdravje in vi\u0161jo imunsko odpornost.","isPartOf":{"@id":"https:\/\/sen-shop.com\/sl\/#website"},"datePublished":"2017-10-15T12:42:06+00:00","dateModified":"2026-03-02T10:42:48+00:00","description":"Mati\u010dni mle\u010dek priporo\u010damo vsem, ki trpijo zaradi pomanjkanja koncentracije in \u017eelijo pove\u010dati odpornost organizma. Dodana je acerola. Hitra dostava.","breadcrumb":{"@id":"https:\/\/sen-shop.com\/sl\/collections\/prehranska-dopolnila\/krepitev-imunskega-sistema\/maticni-mlecek-in-acerola-za-zdravje-in-visjo-imunsko-odpornost\/#breadcrumb"},"inLanguage":"sl-SI","potentialAction":[{"@type":"ReadAction","target":["https:\/\/sen-shop.com\/sl\/collections\/prehranska-dopolnila\/krepitev-imunskega-sistema\/maticni-mlecek-in-acerola-za-zdravje-in-visjo-imunsko-odpornost\/"]}]},{"@type":"BreadcrumbList","@id":"https:\/\/sen-shop.com\/sl\/collections\/prehranska-dopolnila\/krepitev-imunskega-sistema\/maticni-mlecek-in-acerola-za-zdravje-in-visjo-imunsko-odpornost\/#breadcrumb","itemListElement":[{"@type":"ListItem","position":1,"name":"Home","item":"https:\/\/sen-shop.com\/sl\/"},{"@type":"ListItem","position":2,"name":"Mati\u010dni mle\u010dek z acerolo"}]},{"@type":"WebSite","@id":"https:\/\/sen-shop.com\/sl\/#website","url":"https:\/\/sen-shop.com\/sl\/","name":"SEN Shop","description":"Slovensko, Ekolo\u0161ko, Naravno","publisher":{"@id":"https:\/\/sen-shop.com\/sl\/#organization"},"potentialAction":[{"@type":"SearchAction","target":{"@type":"EntryPoint","urlTemplate":"https:\/\/sen-shop.com\/sl\/?s={search_term_string}"},"query-input":"required name=search_term_string"}],"inLanguage":"sl-SI"},{"@type":"Organization","@id":"https:\/\/sen-shop.com\/sl\/#organization","name":"Mind trade d.o.o","url":"https:\/\/sen-shop.com\/sl\/","logo":{"@type":"ImageObject","inLanguage":"sl-SI","@id":"https:\/\/sen-shop.com\/sl\/#\/schema\/logo\/image\/","url":"https:\/\/sen-shop.com\/wp-content\/uploads\/2018\/05\/header_logo.png","contentUrl":"https:\/\/sen-shop.com\/wp-content\/uploads\/2018\/05\/header_logo.png","width":138,"height":70,"caption":"Mind trade d.o.o"},"image":{"@id":"https:\/\/sen-shop.com\/sl\/#\/schema\/logo\/image\/"},"sameAs":["https:\/\/www.instagram.com\/senslovenija\/","https:\/\/www.facebook.com\/Senshopslovenija"]}]}},"_links":{"self":[{"href":"https:\/\/sen-shop.com\/sl\/wp-json\/wp\/v2\/product\/148","targetHints":{"allow":["GET"]}}],"collection":[{"href":"https:\/\/sen-shop.com\/sl\/wp-json\/wp\/v2\/product"}],"about":[{"href":"https:\/\/sen-shop.com\/sl\/wp-json\/wp\/v2\/types\/product"}],"replies":[{"embeddable":true,"href":"https:\/\/sen-shop.com\/sl\/wp-json\/wp\/v2\/comments?post=148"}],"wp:featuredmedia":[{"embeddable":true,"href":"https:\/\/sen-shop.com\/sl\/wp-json\/wp\/v2\/media\/39134"}],"wp:attachment":[{"href":"https:\/\/sen-shop.com\/sl\/wp-json\/wp\/v2\/media?parent=148"}],"wp:term":[{"taxonomy":"product_cat","embeddable":true,"href":"https:\/\/sen-shop.com\/sl\/wp-json\/wp\/v2\/product_cat?post=148"},{"taxonomy":"product_tag","embeddable":true,"href":"https:\/\/sen-shop.com\/sl\/wp-json\/wp\/v2\/product_tag?post=148"}],"curies":[{"name":"wp","href":"https:\/\/api.w.org\/{rel}","templated":true}]}}