{"id":146,"date":"2016-10-11T14:40:50","date_gmt":"2016-10-11T12:40:50","guid":{"rendered":"https:\/\/www.sen-shop.com\/?post_type=product&#038;p=146"},"modified":"2026-03-02T11:41:45","modified_gmt":"2026-03-02T10:41:45","slug":"palmeto-kopriva-brezovi-listi-in-bucno-seme-za-prostato","status":"publish","type":"product","link":"https:\/\/sen-shop.com\/sl\/collections\/prehranska-dopolnila\/tezave-s-prostato\/palmeto-kopriva-brezovi-listi-in-bucno-seme-za-prostato\/","title":{"rendered":"Palmeto za prostato"},"content":{"rendered":"<p>[vc_row][vc_column][vc_column_text css=&#8221;.vc_custom_1625563903700{padding-top: 30px !important;padding-right: 30px !important;padding-bottom: 30px !important;padding-left: 30px !important;background-color: #c9db95 !important;}&#8221;]<\/p>\n<h3><strong>PRITLIKAVA PALMA, KOPRIVA IN BREZOVI LISTI<\/strong><\/h3>\n<p>za prostato in u\u010dinkovito odvajanje vode[\/vc_column_text][\/vc_column][\/vc_row][vc_row][vc_column][vc_column_text css=&#8221;.vc_custom_1625563918331{padding-top: 30px !important;padding-right: 30px !important;padding-bottom: 30px !important;padding-left: 30px !important;background-color: #ededed !important;}&#8221;]<strong>Izvle\u010dek pritlikave palme<\/strong>\u00a0<strong>(palmeto)<\/strong> je bogat z razli\u010dnimi ma\u0161\u010dobnimi kislinami, poseben pomen pa mu dajejo \u0161tevilni fitosteroli in polisaharidi, ki imajo ugoden vpliv na nivo mo\u0161kega spolnega hormona testosterona in na samo hormonsko ravnote\u017eje v mo\u0161kem organizmu. Pomaga pri te\u017eavah, ki jih povzro\u010dajo pove\u010danje prostate, laj\u0161a razli\u010dna vnetja in urolo\u0161ke probleme.<\/p>\n<p><strong>Kopriva<\/strong> deluje blagodejno pri te\u017eavah s pove\u010dano prostato, hkrati pa pospe\u0161uje odvajanje vode. V kombinaciji s pritlikavo palmo se pozitiven u\u010dinek \u0161e pove\u010da.<\/p>\n<p><strong>Brezovi listi<\/strong> pospe\u0161ujejo izlo\u010danje vode in \u017eol\u010da, izravnavajo holesterol v krvi, delujejo razku\u017eilno ter bla\u017eilno.<\/p>\n<p><strong>Bu\u010dno seme<\/strong> je bogat vir kalcija, \u017eeleza, magnezija, kalija, fosforja, cinka in esencialnih ma\u0161\u010dobnih kislin, ki ugodno vplivajo na prostato in imunski sistem. Ekstrakt bu\u010dnih semen pospe\u0161uje praznjenje mehurja, krepi ledvice, \u0161\u010diti prostato in dolgotrajno laj\u0161a nev\u0161e\u010dne simptome. Poleg tega pa ugodno vpliva tudi na delovanje mehurja pri \u017eenskah.[\/vc_column_text][\/vc_column][\/vc_row][vc_row][vc_column][vc_column_text css=&#8221;.vc_custom_1625563987019{background-color: #ffffff !important;}&#8221;]\ud83d\udc49 \u00a0 V kapsulah je to\u010dno odmerjena in priporo\u010dena koli\u010dina \u0161tirih u\u010dinkovin, za najbolj\u0161i rezultat.<\/p>\n<p>\ud83d\udc49 \u00a0 Opazno izbolj\u0161anje bo vidno \u017ee po 4 tednih, za dalj\u0161i u\u010dinek se priporo\u010da vsaj 6 mese\u010dno jemanje.<\/p>\n<p>\ud83d\udc49 \u00a0\u00a0Priporo\u010dena koli\u010dina 1 kapsula na dan. Stekleni\u010dka zadostuje za 2 meseca.<\/p>\n<p>\ud83d\udc49 \u00a0\u00a0Priporo\u010deno jemanje skozi dalj\u0161e \u010dasovno obdobje.<\/p>\n<p>&nbsp;<\/p>\n<h3><strong>VAM PROSTATA IN POGOSTO NO\u010cNO ODVAJANJE VODE POVZRO\u010cATA TE\u017dAVE?<\/strong><\/h3>\n<p>Edinstvena kombinacija naravnih u\u010dinkovin je <strong>naravna alternativa za za\u0161\u010dito mehurja in prostate<\/strong>. Prostata je majhna mo\u0161ka spolna \u017eleza, ki lahko povzro\u010di velike te\u017eave v \u017eivljenju posameznika. Ob rojstvu tehta prostata le nekaj gramov ter nato raste \u0161e celo \u017eivljenje. Ta njena rast vsaj do 40. leta pogosto ne povzro\u010da ve\u010djih te\u017eav, a imajo kljub temu mnogi mo\u0161ki \u017ee <strong>pred 60. letom<\/strong> zaradi zve\u010dane prostate <strong>te\u017eave z uriniranjem.<\/strong> Razne oblike teh neprijetnosti se najve\u010dkrat pri\u010dnejo pojavljati v zrelej\u0161ih letih.<\/p>\n<p><strong>Po nekaterih raziskavah naj bi po 65. letu za motnjami mokrenja kot pogosto posledico rasti prostate trpela kar tretjina mo\u0161kih.<\/strong><\/p>\n<p>\ud83c\udf3f Podpora za odvajanje vode ter za\u0161\u010dita se\u010devoda in reproduktivnih organov od znotraj. \ud83c\udf3f\u00a0Pri <strong>rednem jemanju<\/strong> kapsul Palmeto, Kopriva, Brezovi listi in Bu\u010dno seme boste med uriniranjem <strong>temeljiteje izpraznili mehur,<\/strong> zato vam pono\u010di ne bo potrebno ve\u010dkrat vstajati.\u00a0Podrobnej\u0161i pogled v sodobne knjige o zdravilnih zeli\u0161\u010dih poka\u017ee, da kopriva odvaja vodo in u\u010dinkuje \u010distilno na se\u010dne poti. Med drugim odpravlja tudi pesek, zni\u017euje krvni sladkor, laj\u0161a revmati\u010dne in sorodne te\u017eave s sklepi, saj zmanj\u0161uje vnetna stanja v telesu. Je tudi ena od najkoristnej\u0161ih rastlin za pomo\u010d pri te\u017eavah s pove\u010dano prostato.[\/vc_column_text][\/vc_column][\/vc_row]<\/p>\n","protected":false},"excerpt":{"rendered":"<p><img decoding=\"async\" class=\"emoji\" role=\"img\" draggable=\"false\" src=\"https:\/\/s.w.org\/images\/core\/emoji\/17.0.2\/svg\/1f31f.svg\" alt=\"\ud83c\udf1f\" \/> <strong data-start=\"81\" data-end=\"102\">Preselili smo se!<\/strong> <img decoding=\"async\" class=\"emoji\" role=\"img\" draggable=\"false\" src=\"https:\/\/s.w.org\/images\/core\/emoji\/17.0.2\/svg\/1f31f.svg\" alt=\"\ud83c\udf1f\" \/><br data-start=\"105\" data-end=\"108\" \/>Za \u0161e bolj\u0161o izku\u0161njo nakupovanja nas zdaj najdete na <strong data-start=\"162\" data-end=\"207\"><a class=\"decorated-link\" href=\"http:\/\/www.sen-shop.si\/\" target=\"_new\" rel=\"noopener\" data-start=\"164\" data-end=\"205\">www.sen-shop.si<\/a><\/strong>!<\/p>\n<p>Pri <strong>te\u017eavah<\/strong> povezanih z <strong>mehurjem<\/strong> in <strong>prostato<\/strong>, vedno ve\u010d strokovnjakov priporo\u010da zgodnje jemanje naravnih preparatov, kot je kombinacija Palmeto, Kopriva, Brezovi listi in Bu\u010dno seme kapsul.<\/p>\n<p>\ud83d\udc49 \u00a0 krepijo mehur in se\u010dila<br \/>\n\ud83d\udc49 \u00a0 naravna pomo\u010d pri te\u017eavah s prostato<br \/>\n\ud83d\udc49 \u00a0 poskrbijo za temeljito izpraznjen mehur<br \/>\n\ud83d\udc49 \u00a0 zmanj\u0161ajo pogostost no\u010dnega uriniranja<\/p>\n<p>Pri <strong>rednem jemanju\u00a0<\/strong>boste med uriniranjem temeljiteje izpraznili mehur, zato vam pono\u010di ne bo potrebno ve\u010dkrat vstajati.<\/p>\n[banner_prehrana]\n","protected":false},"featured_media":25560,"comment_status":"open","ping_status":"closed","template":"","meta":{"inline_featured_image":false},"product_cat":[84,65,365],"product_tag":[87,248,110,113],"class_list":["post-146","product","type-product","status-publish","has-post-thumbnail","hentry","product_cat-prehranska-dopolnila","product_cat-tezave-s-prostato","product_cat-crni-petek","product_tag-bio","product_tag-povecana-prostata","product_tag-prehranska-dopolnila","product_tag-tezave-s-prostato-2"],"acf":[],"yoast_head":"<!-- This site is optimized with the Yoast SEO plugin v19.13 - https:\/\/yoast.com\/wordpress\/plugins\/seo\/ -->\n<title>Kapsule Palmeto, kopriva, breza, bu\u010dno seme. Prostata, odvajanje vode<\/title>\n<meta name=\"description\" content=\"Prostata in odvajanje vode lahko povzro\u010data te\u017eave. Palmeto, Kopriva, Brezovi listi in Bu\u010dna semena. Vedno ve\u010d strokovnjakov priporo\u010da \u017ee zgodnje jemanje.\" \/>\n<meta name=\"robots\" content=\"index, follow, max-snippet:-1, max-image-preview:large, max-video-preview:-1\" \/>\n<link rel=\"canonical\" href=\"https:\/\/sen-shop.com\/sl\/collections\/prehranska-dopolnila\/tezave-s-prostato\/palmeto-kopriva-brezovi-listi-in-bucno-seme-za-prostato\/\" \/>\n<meta property=\"og:locale\" content=\"sl_SI\" \/>\n<meta property=\"og:type\" content=\"article\" \/>\n<meta property=\"og:title\" content=\"Kapsule Palmeto, kopriva, breza, bu\u010dno seme. Prostata, odvajanje vode\" \/>\n<meta property=\"og:description\" content=\"Prostata in odvajanje vode lahko povzro\u010data te\u017eave. Palmeto, Kopriva, Brezovi listi in Bu\u010dna semena. Vedno ve\u010d strokovnjakov priporo\u010da \u017ee zgodnje jemanje.\" \/>\n<meta property=\"og:url\" content=\"https:\/\/sen-shop.com\/sl\/collections\/prehranska-dopolnila\/tezave-s-prostato\/palmeto-kopriva-brezovi-listi-in-bucno-seme-za-prostato\/\" \/>\n<meta property=\"og:site_name\" content=\"SEN Shop\" \/>\n<meta property=\"article:publisher\" content=\"https:\/\/www.facebook.com\/Senshopslovenija\" \/>\n<meta property=\"article:modified_time\" content=\"2026-03-02T10:41:45+00:00\" \/>\n<meta property=\"og:image\" content=\"https:\/\/sen-shop.com\/wp-content\/uploads\/2016\/10\/Palmeto.png\" \/>\n\t<meta property=\"og:image:width\" content=\"700\" \/>\n\t<meta property=\"og:image:height\" content=\"700\" \/>\n\t<meta property=\"og:image:type\" content=\"image\/png\" \/>\n<meta name=\"twitter:card\" content=\"summary_large_image\" \/>\n<meta name=\"twitter:label1\" content=\"Est. reading time\" \/>\n\t<meta name=\"twitter:data1\" content=\"3 minute\" \/>\n<script type=\"application\/ld+json\" class=\"yoast-schema-graph\">{\"@context\":\"https:\/\/schema.org\",\"@graph\":[{\"@type\":\"WebPage\",\"@id\":\"https:\/\/sen-shop.com\/sl\/collections\/prehranska-dopolnila\/tezave-s-prostato\/palmeto-kopriva-brezovi-listi-in-bucno-seme-za-prostato\/\",\"url\":\"https:\/\/sen-shop.com\/sl\/collections\/prehranska-dopolnila\/tezave-s-prostato\/palmeto-kopriva-brezovi-listi-in-bucno-seme-za-prostato\/\",\"name\":\"Kapsule Palmeto, kopriva, breza, bu\u010dno seme. Prostata, odvajanje vode\",\"isPartOf\":{\"@id\":\"https:\/\/sen-shop.com\/sl\/#website\"},\"datePublished\":\"2016-10-11T12:40:50+00:00\",\"dateModified\":\"2026-03-02T10:41:45+00:00\",\"description\":\"Prostata in odvajanje vode lahko povzro\u010data te\u017eave. Palmeto, Kopriva, Brezovi listi in Bu\u010dna semena. Vedno ve\u010d strokovnjakov priporo\u010da \u017ee zgodnje jemanje.\",\"breadcrumb\":{\"@id\":\"https:\/\/sen-shop.com\/sl\/collections\/prehranska-dopolnila\/tezave-s-prostato\/palmeto-kopriva-brezovi-listi-in-bucno-seme-za-prostato\/#breadcrumb\"},\"inLanguage\":\"sl-SI\",\"potentialAction\":[{\"@type\":\"ReadAction\",\"target\":[\"https:\/\/sen-shop.com\/sl\/collections\/prehranska-dopolnila\/tezave-s-prostato\/palmeto-kopriva-brezovi-listi-in-bucno-seme-za-prostato\/\"]}]},{\"@type\":\"BreadcrumbList\",\"@id\":\"https:\/\/sen-shop.com\/sl\/collections\/prehranska-dopolnila\/tezave-s-prostato\/palmeto-kopriva-brezovi-listi-in-bucno-seme-za-prostato\/#breadcrumb\",\"itemListElement\":[{\"@type\":\"ListItem\",\"position\":1,\"name\":\"Home\",\"item\":\"https:\/\/sen-shop.com\/sl\/\"},{\"@type\":\"ListItem\",\"position\":2,\"name\":\"Palmeto za prostato\"}]},{\"@type\":\"WebSite\",\"@id\":\"https:\/\/sen-shop.com\/sl\/#website\",\"url\":\"https:\/\/sen-shop.com\/sl\/\",\"name\":\"SEN Shop\",\"description\":\"Slovensko, Ekolo\u0161ko, Naravno\",\"publisher\":{\"@id\":\"https:\/\/sen-shop.com\/sl\/#organization\"},\"potentialAction\":[{\"@type\":\"SearchAction\",\"target\":{\"@type\":\"EntryPoint\",\"urlTemplate\":\"https:\/\/sen-shop.com\/sl\/?s={search_term_string}\"},\"query-input\":\"required name=search_term_string\"}],\"inLanguage\":\"sl-SI\"},{\"@type\":\"Organization\",\"@id\":\"https:\/\/sen-shop.com\/sl\/#organization\",\"name\":\"Mind trade d.o.o\",\"url\":\"https:\/\/sen-shop.com\/sl\/\",\"logo\":{\"@type\":\"ImageObject\",\"inLanguage\":\"sl-SI\",\"@id\":\"https:\/\/sen-shop.com\/sl\/#\/schema\/logo\/image\/\",\"url\":\"https:\/\/sen-shop.com\/wp-content\/uploads\/2018\/05\/header_logo.png\",\"contentUrl\":\"https:\/\/sen-shop.com\/wp-content\/uploads\/2018\/05\/header_logo.png\",\"width\":138,\"height\":70,\"caption\":\"Mind trade d.o.o\"},\"image\":{\"@id\":\"https:\/\/sen-shop.com\/sl\/#\/schema\/logo\/image\/\"},\"sameAs\":[\"https:\/\/www.instagram.com\/senslovenija\/\",\"https:\/\/www.facebook.com\/Senshopslovenija\"]}]}<\/script>\n<!-- \/ Yoast SEO plugin. -->","yoast_head_json":{"title":"Kapsule Palmeto, kopriva, breza, bu\u010dno seme. Prostata, odvajanje vode","description":"Prostata in odvajanje vode lahko povzro\u010data te\u017eave. Palmeto, Kopriva, Brezovi listi in Bu\u010dna semena. Vedno ve\u010d strokovnjakov priporo\u010da \u017ee zgodnje jemanje.","robots":{"index":"index","follow":"follow","max-snippet":"max-snippet:-1","max-image-preview":"max-image-preview:large","max-video-preview":"max-video-preview:-1"},"canonical":"https:\/\/sen-shop.com\/sl\/collections\/prehranska-dopolnila\/tezave-s-prostato\/palmeto-kopriva-brezovi-listi-in-bucno-seme-za-prostato\/","og_locale":"sl_SI","og_type":"article","og_title":"Kapsule Palmeto, kopriva, breza, bu\u010dno seme. Prostata, odvajanje vode","og_description":"Prostata in odvajanje vode lahko povzro\u010data te\u017eave. Palmeto, Kopriva, Brezovi listi in Bu\u010dna semena. Vedno ve\u010d strokovnjakov priporo\u010da \u017ee zgodnje jemanje.","og_url":"https:\/\/sen-shop.com\/sl\/collections\/prehranska-dopolnila\/tezave-s-prostato\/palmeto-kopriva-brezovi-listi-in-bucno-seme-za-prostato\/","og_site_name":"SEN Shop","article_publisher":"https:\/\/www.facebook.com\/Senshopslovenija","article_modified_time":"2026-03-02T10:41:45+00:00","og_image":[{"width":700,"height":700,"url":"https:\/\/sen-shop.com\/wp-content\/uploads\/2016\/10\/Palmeto.png","type":"image\/png"}],"twitter_card":"summary_large_image","twitter_misc":{"Est. reading time":"3 minute"},"schema":{"@context":"https:\/\/schema.org","@graph":[{"@type":"WebPage","@id":"https:\/\/sen-shop.com\/sl\/collections\/prehranska-dopolnila\/tezave-s-prostato\/palmeto-kopriva-brezovi-listi-in-bucno-seme-za-prostato\/","url":"https:\/\/sen-shop.com\/sl\/collections\/prehranska-dopolnila\/tezave-s-prostato\/palmeto-kopriva-brezovi-listi-in-bucno-seme-za-prostato\/","name":"Kapsule Palmeto, kopriva, breza, bu\u010dno seme. Prostata, odvajanje vode","isPartOf":{"@id":"https:\/\/sen-shop.com\/sl\/#website"},"datePublished":"2016-10-11T12:40:50+00:00","dateModified":"2026-03-02T10:41:45+00:00","description":"Prostata in odvajanje vode lahko povzro\u010data te\u017eave. Palmeto, Kopriva, Brezovi listi in Bu\u010dna semena. Vedno ve\u010d strokovnjakov priporo\u010da \u017ee zgodnje jemanje.","breadcrumb":{"@id":"https:\/\/sen-shop.com\/sl\/collections\/prehranska-dopolnila\/tezave-s-prostato\/palmeto-kopriva-brezovi-listi-in-bucno-seme-za-prostato\/#breadcrumb"},"inLanguage":"sl-SI","potentialAction":[{"@type":"ReadAction","target":["https:\/\/sen-shop.com\/sl\/collections\/prehranska-dopolnila\/tezave-s-prostato\/palmeto-kopriva-brezovi-listi-in-bucno-seme-za-prostato\/"]}]},{"@type":"BreadcrumbList","@id":"https:\/\/sen-shop.com\/sl\/collections\/prehranska-dopolnila\/tezave-s-prostato\/palmeto-kopriva-brezovi-listi-in-bucno-seme-za-prostato\/#breadcrumb","itemListElement":[{"@type":"ListItem","position":1,"name":"Home","item":"https:\/\/sen-shop.com\/sl\/"},{"@type":"ListItem","position":2,"name":"Palmeto za prostato"}]},{"@type":"WebSite","@id":"https:\/\/sen-shop.com\/sl\/#website","url":"https:\/\/sen-shop.com\/sl\/","name":"SEN Shop","description":"Slovensko, Ekolo\u0161ko, Naravno","publisher":{"@id":"https:\/\/sen-shop.com\/sl\/#organization"},"potentialAction":[{"@type":"SearchAction","target":{"@type":"EntryPoint","urlTemplate":"https:\/\/sen-shop.com\/sl\/?s={search_term_string}"},"query-input":"required name=search_term_string"}],"inLanguage":"sl-SI"},{"@type":"Organization","@id":"https:\/\/sen-shop.com\/sl\/#organization","name":"Mind trade d.o.o","url":"https:\/\/sen-shop.com\/sl\/","logo":{"@type":"ImageObject","inLanguage":"sl-SI","@id":"https:\/\/sen-shop.com\/sl\/#\/schema\/logo\/image\/","url":"https:\/\/sen-shop.com\/wp-content\/uploads\/2018\/05\/header_logo.png","contentUrl":"https:\/\/sen-shop.com\/wp-content\/uploads\/2018\/05\/header_logo.png","width":138,"height":70,"caption":"Mind trade d.o.o"},"image":{"@id":"https:\/\/sen-shop.com\/sl\/#\/schema\/logo\/image\/"},"sameAs":["https:\/\/www.instagram.com\/senslovenija\/","https:\/\/www.facebook.com\/Senshopslovenija"]}]}},"_links":{"self":[{"href":"https:\/\/sen-shop.com\/sl\/wp-json\/wp\/v2\/product\/146","targetHints":{"allow":["GET"]}}],"collection":[{"href":"https:\/\/sen-shop.com\/sl\/wp-json\/wp\/v2\/product"}],"about":[{"href":"https:\/\/sen-shop.com\/sl\/wp-json\/wp\/v2\/types\/product"}],"replies":[{"embeddable":true,"href":"https:\/\/sen-shop.com\/sl\/wp-json\/wp\/v2\/comments?post=146"}],"wp:featuredmedia":[{"embeddable":true,"href":"https:\/\/sen-shop.com\/sl\/wp-json\/wp\/v2\/media\/25560"}],"wp:attachment":[{"href":"https:\/\/sen-shop.com\/sl\/wp-json\/wp\/v2\/media?parent=146"}],"wp:term":[{"taxonomy":"product_cat","embeddable":true,"href":"https:\/\/sen-shop.com\/sl\/wp-json\/wp\/v2\/product_cat?post=146"},{"taxonomy":"product_tag","embeddable":true,"href":"https:\/\/sen-shop.com\/sl\/wp-json\/wp\/v2\/product_tag?post=146"}],"curies":[{"name":"wp","href":"https:\/\/api.w.org\/{rel}","templated":true}]}}