{"id":144,"date":"2017-10-13T14:39:43","date_gmt":"2017-10-13T12:39:43","guid":{"rendered":"https:\/\/www.sen-shop.com\/?post_type=product&#038;p=144"},"modified":"2026-03-02T11:42:41","modified_gmt":"2026-03-02T10:42:41","slug":"omega-3-z-vitaminom-e-za-srce-in-ozilje","status":"publish","type":"product","link":"https:\/\/sen-shop.com\/sl\/collections\/prehranska-dopolnila\/srce-ozilje-in-hemoroidi\/omega-3-z-vitaminom-e-za-srce-in-ozilje\/","title":{"rendered":"Omega 3 z vitaminom E"},"content":{"rendered":"<p>[vc_row][vc_column][vc_column_text css=&#8221;.vc_custom_1647866416521{padding-top: 30px !important;padding-right: 30px !important;padding-bottom: 30px !important;padding-left: 30px !important;background-color: #c9db95 !important;}&#8221;]<\/p>\n<h3><strong>OMEGA 3 z vitaminom E<\/strong><\/h3>\n<p>za srce, o\u017eilje, vid in umske sposobnosti<\/p>\n<p><strong>Omega 3<\/strong> ma\u0161\u010dobne kisline so prisotne predvsem v morski hrani, najve\u010d pa jih najdemo v olju modrih rib kot so sku\u0161a, tuna, losos in sardele. Te kisline so esencialne za \u010dlove\u0161ko telo, ki jih samo ne more proizvajati, zato jih moramo vanj vnesti s hrano oziroma s prehranskimi dopolnili.<\/p>\n<p>Evropska <strong>agencija za varnost hrane<\/strong> (EFSA), je <strong>potrdila,<\/strong> da ima <strong>dnevni vnos Omega 3<\/strong>\u00a0(vsaj 250 mg EPA in vsaj 250 mg DHA), <strong>pozitivni vpliv pri\u00a0delovanju srca.<\/strong> V splo\u0161nem tovrstne ma\u0161\u010dobne kisline povezujemo predvsem s holesterolom in kardiovaskularnimi boleznimi, kot tudi s vplivom na\u00a0mo\u017egane in ohranjanju vida.<a href=\"https:\/\/sen-shop.com\/wp-content\/uploads\/2017\/10\/omega-3-za-srce-in-holesterol.jpg\"><img loading=\"lazy\" decoding=\"async\" class=\" wp-image-56792 alignright\" src=\"https:\/\/sen-shop.com\/wp-content\/uploads\/2017\/10\/omega-3-za-srce-in-holesterol-300x300.jpg\" alt=\"\" width=\"509\" height=\"509\" srcset=\"https:\/\/sen-shop.com\/wp-content\/uploads\/2017\/10\/omega-3-za-srce-in-holesterol-300x300.jpg 300w, https:\/\/sen-shop.com\/wp-content\/uploads\/2017\/10\/omega-3-za-srce-in-holesterol-1024x1024.jpg 1024w, https:\/\/sen-shop.com\/wp-content\/uploads\/2017\/10\/omega-3-za-srce-in-holesterol-768x768.jpg 768w, https:\/\/sen-shop.com\/wp-content\/uploads\/2017\/10\/omega-3-za-srce-in-holesterol-575x575.jpg 575w, https:\/\/sen-shop.com\/wp-content\/uploads\/2017\/10\/omega-3-za-srce-in-holesterol-50x50.jpg 50w, https:\/\/sen-shop.com\/wp-content\/uploads\/2017\/10\/omega-3-za-srce-in-holesterol-60x60.jpg 60w, https:\/\/sen-shop.com\/wp-content\/uploads\/2017\/10\/omega-3-za-srce-in-holesterol-427x427.jpg 427w, https:\/\/sen-shop.com\/wp-content\/uploads\/2017\/10\/omega-3-za-srce-in-holesterol-570x570.jpg 570w, https:\/\/sen-shop.com\/wp-content\/uploads\/2017\/10\/omega-3-za-srce-in-holesterol-100x100.jpg 100w, https:\/\/sen-shop.com\/wp-content\/uploads\/2017\/10\/omega-3-za-srce-in-holesterol.jpg 1080w\" sizes=\"auto, (max-width: 509px) 100vw, 509px\" \/><\/a><\/p>\n<p>&nbsp;<\/p>\n<p><strong>Vitamin E<\/strong> je je naraven antioksidant, ki varuje celice pred nevarnimi prostimi radikali in \u0161\u010ditijo omega-3 ma\u0161\u010dobne kisline pred oksidacijo. Prosti radikali nastajajo v razli\u010dnih presnovnih procesih v telesu, izpostavljeni pa smo jim tudi preko onesna\u017eenega okolja (npr. sevanje, onesna\u017eevalci). Nezadosten vnos lahko povzro\u010di tudi napredovanje arteroskleroze, Parkinsonove in Alzheimerjeve bolezni, raka in slab\u0161anja imunskega sistema.[\/vc_column_text][\/vc_column][\/vc_row][vc_row][vc_column][vc_column_text css=&#8221;.vc_custom_1647856579800{padding-top: 30px !important;padding-right: 30px !important;padding-bottom: 30px !important;padding-left: 30px !important;background-color: #ededed !important;}&#8221;]? \u00a0 Zagotovljena visoka farmacevtska kakovost.<\/p>\n<p>? \u00a0 Kapsule vsebujejo le pre\u010di\u0161\u010deno in najbolj\u0161e lososovo olje.<\/p>\n<p>? \u00a0\u00a0Priporo\u010dena koli\u010dina 2 kapsuli na dan. Kapsule so brez slabega priokusa.<\/p>\n<p>? \u00a0\u00a0Priporo\u010deno jemanje skozi dalj\u0161e \u010dasovno obdobje.[\/vc_column_text][\/vc_column][\/vc_row][vc_row][vc_column][vc_column_text css=&#8221;.vc_custom_1647866349914{background-color: #ffffff !important;}&#8221;]<\/p>\n<h3><strong>ALI ZAU\u017dIJEMO DOVOLJ OMEGA 3 MA\u0160\u010cOB Z OBI\u010cAJNO PREHRANO?<\/strong><\/h3>\n<p>&nbsp;<\/p>\n<p>Raziskave so pokazale, da je bilo v prehrani ljudi pred 10.000 leti, razmerje med esencialnima ma\u0161\u010dobnima kislinama Omega 6 in Omega 3 enako. V zadnjih 150 letih se je zaradi na\u010dina prehrane razmerje pove\u010dalo \u017ee na 20 : 1. <strong>Prekomernost Omega 6<\/strong> ma\u0161\u010dobnih kislin <strong>povzro\u010da<\/strong> vnetne procese, <strong>nastanek mnogih bolezni,<\/strong> med katerimi so kardiovaskularne bolezni, rakasta obolenja in avtoimune bolezni.<\/p>\n<p>EPA in DHA sta vitalni Omega 3 ma\u0161\u010dobni kislini. EPA zmanj\u0161uje nastajanje prostaglandinov v telesu in pomembno sodeluje v preventivi nastajanja krvnih strdkov. Vpliva na \u0161irjenje \u017eil in zmanj\u0161uje verjetnost za kroni\u010dne vnetne procese v telesu. DHA pa je najpomembnej\u0161a ma\u0161\u010dobna kislina, ki jo najdemo v mo\u017eganih in o\u010desni mre\u017enici. Je glavna sestavina vseh celi\u010dnih membran, ki so posledi\u010dno odgovorne za zdravje celice.<\/p>\n<p><strong>POMANJKANJE VITAMINA E<\/strong><br \/>\nDo pomanjkanja prihaja redko celo pri ljudeh, ki imajo hranilno revne diete. Razlog je v tem, da ima telo v tkivih relativno velike zaloge vitamina E. V telo ga vna\u0161amo z razli\u010dnimi ma\u0161\u010dobami. Vitamin E ima za\u0161\u010ditno funkcijo in se pojavlja v \u017eivilih skupaj z ma\u0161\u010dobami. Do pomanjkanja pa lahko pride pri ljudeh z motnjami v absorpciji ma\u0161\u010dobe, bolnikih s cisti\u010dno fibrozo in ljudeh z nekaterimi genskimi nepravilnostmi. Pomanjkanje vitamina E bi povzro\u010dilo oksidacijo in hude po\u0161kodbe telesnih membran zaradi kisikovih prostih radikalov. Nezadosten vnos lahko povzro\u010di tudi napredovanje arteroskleroze, Parkinsonove in Alzheimerjeve bolezni, raka, katarja in slab\u0161anja imunskega sistema.[\/vc_column_text][\/vc_column][\/vc_row]<\/p>\n","protected":false},"excerpt":{"rendered":"<p><img decoding=\"async\" class=\"emoji\" role=\"img\" draggable=\"false\" src=\"https:\/\/s.w.org\/images\/core\/emoji\/17.0.2\/svg\/1f31f.svg\" alt=\"\ud83c\udf1f\" \/> <strong data-start=\"81\" data-end=\"102\">Preselili smo se!<\/strong> <img decoding=\"async\" class=\"emoji\" role=\"img\" draggable=\"false\" src=\"https:\/\/s.w.org\/images\/core\/emoji\/17.0.2\/svg\/1f31f.svg\" alt=\"\ud83c\udf1f\" \/><br data-start=\"105\" data-end=\"108\" \/>Za \u0161e bolj\u0161o izku\u0161njo nakupovanja nas zdaj najdete na <strong data-start=\"162\" data-end=\"207\"><a class=\"decorated-link\" href=\"http:\/\/www.sen-shop.si\/\" target=\"_new\" rel=\"noopener\" data-start=\"164\" data-end=\"205\">www.sen-shop.si<\/a><\/strong>!<\/p>\n<p>Z redno prehrano <strong>ne zau\u017eijemo dovolj<\/strong> Omega 3 ma\u0161\u010dobnih kislin. Ker so za telo <strong>nujno potrebne,<\/strong> strokovnjaki priporo\u010dajo dodajanje s prehranskimi dopolnili.<\/p>\n<p>? \u00a0 *DHK ima vlogo pri ohranjanju vida<br \/>\n? \u00a0 *DHK ima vlogo pri\u00a0delovanju mo\u017eganov<br \/>\n? \u00a0 *EPK in DHK imata vlogo pri delovanju srca<br \/>\n? \u00a0 Vitamin E varuje celice pred nevarnimi prostimi radikali<\/p>\n<p>Koristni u\u010dinek omega 3 zagotovite z vsaj 250 mg vnosom dnevno. Z dvema kapsulama dnevno, pa boste preskrbeli svoje telo s kar 300 mg* omega-3 ma\u0161\u010dobnih kislin (120 mg DHK* in 180 mg EPK*).<\/p>\n[banner_prehrana]\n","protected":false},"featured_media":39101,"comment_status":"open","ping_status":"closed","template":"","meta":{"inline_featured_image":false},"product_cat":[72,66,84,64,365],"product_tag":[87,249,115,110,112],"class_list":["post-144","product","type-product","status-publish","has-post-thumbnail","hentry","product_cat-krepitev-imunskega-sistema","product_cat-koza-nohti-lasje","product_cat-prehranska-dopolnila","product_cat-srce-ozilje-in-hemoroidi","product_cat-crni-petek","product_tag-bio","product_tag-kako-okrepiti-imunski-sistem","product_tag-koza-in-lasje","product_tag-prehranska-dopolnila","product_tag-srce-in-ozilje"],"acf":[],"yoast_head":"<!-- This site is optimized with the Yoast SEO plugin v19.13 - https:\/\/yoast.com\/wordpress\/plugins\/seo\/ -->\n<title>Kapsule ma\u0161\u010dobne kisline omega 3 ter vitamin e, za srce in o\u017eilje.<\/title>\n<meta name=\"description\" content=\"Kvalitetne omega 3 kapsule z vitaminom E iz lososovega olja najvi\u0161je kakovosti nudijo celovito za\u0161\u010dito za srce in o\u017eilje.Garancija zadovoljstva\" \/>\n<meta name=\"robots\" content=\"index, follow, max-snippet:-1, max-image-preview:large, max-video-preview:-1\" \/>\n<link rel=\"canonical\" href=\"https:\/\/sen-shop.com\/sl\/collections\/prehranska-dopolnila\/srce-ozilje-in-hemoroidi\/omega-3-z-vitaminom-e-za-srce-in-ozilje\/\" \/>\n<meta property=\"og:locale\" content=\"sl_SI\" \/>\n<meta property=\"og:type\" content=\"article\" \/>\n<meta property=\"og:title\" content=\"Kapsule ma\u0161\u010dobne kisline omega 3 ter vitamin e, za srce in o\u017eilje.\" \/>\n<meta property=\"og:description\" content=\"Kvalitetne omega 3 kapsule z vitaminom E iz lososovega olja najvi\u0161je kakovosti nudijo celovito za\u0161\u010dito za srce in o\u017eilje.Garancija zadovoljstva\" \/>\n<meta property=\"og:url\" content=\"https:\/\/sen-shop.com\/sl\/collections\/prehranska-dopolnila\/srce-ozilje-in-hemoroidi\/omega-3-z-vitaminom-e-za-srce-in-ozilje\/\" \/>\n<meta property=\"og:site_name\" content=\"SEN Shop\" \/>\n<meta property=\"article:publisher\" content=\"https:\/\/www.facebook.com\/Senshopslovenija\" \/>\n<meta property=\"article:modified_time\" content=\"2026-03-02T10:42:41+00:00\" \/>\n<meta property=\"og:image\" content=\"https:\/\/sen-shop.com\/wp-content\/uploads\/2017\/10\/Omega-3.jpg\" \/>\n\t<meta property=\"og:image:width\" content=\"1400\" \/>\n\t<meta property=\"og:image:height\" content=\"1400\" \/>\n\t<meta property=\"og:image:type\" content=\"image\/jpeg\" \/>\n<meta name=\"twitter:card\" content=\"summary_large_image\" \/>\n<meta name=\"twitter:label1\" content=\"Est. reading time\" \/>\n\t<meta name=\"twitter:data1\" content=\"3 minute\" \/>\n<script type=\"application\/ld+json\" class=\"yoast-schema-graph\">{\"@context\":\"https:\/\/schema.org\",\"@graph\":[{\"@type\":\"WebPage\",\"@id\":\"https:\/\/sen-shop.com\/sl\/collections\/prehranska-dopolnila\/srce-ozilje-in-hemoroidi\/omega-3-z-vitaminom-e-za-srce-in-ozilje\/\",\"url\":\"https:\/\/sen-shop.com\/sl\/collections\/prehranska-dopolnila\/srce-ozilje-in-hemoroidi\/omega-3-z-vitaminom-e-za-srce-in-ozilje\/\",\"name\":\"Kapsule ma\u0161\u010dobne kisline omega 3 ter vitamin e, za srce in o\u017eilje.\",\"isPartOf\":{\"@id\":\"https:\/\/sen-shop.com\/sl\/#website\"},\"datePublished\":\"2017-10-13T12:39:43+00:00\",\"dateModified\":\"2026-03-02T10:42:41+00:00\",\"description\":\"Kvalitetne omega 3 kapsule z vitaminom E iz lososovega olja najvi\u0161je kakovosti nudijo celovito za\u0161\u010dito za srce in o\u017eilje.Garancija zadovoljstva\",\"breadcrumb\":{\"@id\":\"https:\/\/sen-shop.com\/sl\/collections\/prehranska-dopolnila\/srce-ozilje-in-hemoroidi\/omega-3-z-vitaminom-e-za-srce-in-ozilje\/#breadcrumb\"},\"inLanguage\":\"sl-SI\",\"potentialAction\":[{\"@type\":\"ReadAction\",\"target\":[\"https:\/\/sen-shop.com\/sl\/collections\/prehranska-dopolnila\/srce-ozilje-in-hemoroidi\/omega-3-z-vitaminom-e-za-srce-in-ozilje\/\"]}]},{\"@type\":\"BreadcrumbList\",\"@id\":\"https:\/\/sen-shop.com\/sl\/collections\/prehranska-dopolnila\/srce-ozilje-in-hemoroidi\/omega-3-z-vitaminom-e-za-srce-in-ozilje\/#breadcrumb\",\"itemListElement\":[{\"@type\":\"ListItem\",\"position\":1,\"name\":\"Home\",\"item\":\"https:\/\/sen-shop.com\/sl\/\"},{\"@type\":\"ListItem\",\"position\":2,\"name\":\"Omega 3 z vitaminom E\"}]},{\"@type\":\"WebSite\",\"@id\":\"https:\/\/sen-shop.com\/sl\/#website\",\"url\":\"https:\/\/sen-shop.com\/sl\/\",\"name\":\"SEN Shop\",\"description\":\"Slovensko, Ekolo\u0161ko, Naravno\",\"publisher\":{\"@id\":\"https:\/\/sen-shop.com\/sl\/#organization\"},\"potentialAction\":[{\"@type\":\"SearchAction\",\"target\":{\"@type\":\"EntryPoint\",\"urlTemplate\":\"https:\/\/sen-shop.com\/sl\/?s={search_term_string}\"},\"query-input\":\"required name=search_term_string\"}],\"inLanguage\":\"sl-SI\"},{\"@type\":\"Organization\",\"@id\":\"https:\/\/sen-shop.com\/sl\/#organization\",\"name\":\"Mind trade d.o.o\",\"url\":\"https:\/\/sen-shop.com\/sl\/\",\"logo\":{\"@type\":\"ImageObject\",\"inLanguage\":\"sl-SI\",\"@id\":\"https:\/\/sen-shop.com\/sl\/#\/schema\/logo\/image\/\",\"url\":\"https:\/\/sen-shop.com\/wp-content\/uploads\/2018\/05\/header_logo.png\",\"contentUrl\":\"https:\/\/sen-shop.com\/wp-content\/uploads\/2018\/05\/header_logo.png\",\"width\":138,\"height\":70,\"caption\":\"Mind trade d.o.o\"},\"image\":{\"@id\":\"https:\/\/sen-shop.com\/sl\/#\/schema\/logo\/image\/\"},\"sameAs\":[\"https:\/\/www.instagram.com\/senslovenija\/\",\"https:\/\/www.facebook.com\/Senshopslovenija\"]}]}<\/script>\n<!-- \/ Yoast SEO plugin. -->","yoast_head_json":{"title":"Kapsule ma\u0161\u010dobne kisline omega 3 ter vitamin e, za srce in o\u017eilje.","description":"Kvalitetne omega 3 kapsule z vitaminom E iz lososovega olja najvi\u0161je kakovosti nudijo celovito za\u0161\u010dito za srce in o\u017eilje.Garancija zadovoljstva","robots":{"index":"index","follow":"follow","max-snippet":"max-snippet:-1","max-image-preview":"max-image-preview:large","max-video-preview":"max-video-preview:-1"},"canonical":"https:\/\/sen-shop.com\/sl\/collections\/prehranska-dopolnila\/srce-ozilje-in-hemoroidi\/omega-3-z-vitaminom-e-za-srce-in-ozilje\/","og_locale":"sl_SI","og_type":"article","og_title":"Kapsule ma\u0161\u010dobne kisline omega 3 ter vitamin e, za srce in o\u017eilje.","og_description":"Kvalitetne omega 3 kapsule z vitaminom E iz lososovega olja najvi\u0161je kakovosti nudijo celovito za\u0161\u010dito za srce in o\u017eilje.Garancija zadovoljstva","og_url":"https:\/\/sen-shop.com\/sl\/collections\/prehranska-dopolnila\/srce-ozilje-in-hemoroidi\/omega-3-z-vitaminom-e-za-srce-in-ozilje\/","og_site_name":"SEN Shop","article_publisher":"https:\/\/www.facebook.com\/Senshopslovenija","article_modified_time":"2026-03-02T10:42:41+00:00","og_image":[{"width":1400,"height":1400,"url":"https:\/\/sen-shop.com\/wp-content\/uploads\/2017\/10\/Omega-3.jpg","type":"image\/jpeg"}],"twitter_card":"summary_large_image","twitter_misc":{"Est. reading time":"3 minute"},"schema":{"@context":"https:\/\/schema.org","@graph":[{"@type":"WebPage","@id":"https:\/\/sen-shop.com\/sl\/collections\/prehranska-dopolnila\/srce-ozilje-in-hemoroidi\/omega-3-z-vitaminom-e-za-srce-in-ozilje\/","url":"https:\/\/sen-shop.com\/sl\/collections\/prehranska-dopolnila\/srce-ozilje-in-hemoroidi\/omega-3-z-vitaminom-e-za-srce-in-ozilje\/","name":"Kapsule ma\u0161\u010dobne kisline omega 3 ter vitamin e, za srce in o\u017eilje.","isPartOf":{"@id":"https:\/\/sen-shop.com\/sl\/#website"},"datePublished":"2017-10-13T12:39:43+00:00","dateModified":"2026-03-02T10:42:41+00:00","description":"Kvalitetne omega 3 kapsule z vitaminom E iz lososovega olja najvi\u0161je kakovosti nudijo celovito za\u0161\u010dito za srce in o\u017eilje.Garancija zadovoljstva","breadcrumb":{"@id":"https:\/\/sen-shop.com\/sl\/collections\/prehranska-dopolnila\/srce-ozilje-in-hemoroidi\/omega-3-z-vitaminom-e-za-srce-in-ozilje\/#breadcrumb"},"inLanguage":"sl-SI","potentialAction":[{"@type":"ReadAction","target":["https:\/\/sen-shop.com\/sl\/collections\/prehranska-dopolnila\/srce-ozilje-in-hemoroidi\/omega-3-z-vitaminom-e-za-srce-in-ozilje\/"]}]},{"@type":"BreadcrumbList","@id":"https:\/\/sen-shop.com\/sl\/collections\/prehranska-dopolnila\/srce-ozilje-in-hemoroidi\/omega-3-z-vitaminom-e-za-srce-in-ozilje\/#breadcrumb","itemListElement":[{"@type":"ListItem","position":1,"name":"Home","item":"https:\/\/sen-shop.com\/sl\/"},{"@type":"ListItem","position":2,"name":"Omega 3 z vitaminom E"}]},{"@type":"WebSite","@id":"https:\/\/sen-shop.com\/sl\/#website","url":"https:\/\/sen-shop.com\/sl\/","name":"SEN Shop","description":"Slovensko, Ekolo\u0161ko, Naravno","publisher":{"@id":"https:\/\/sen-shop.com\/sl\/#organization"},"potentialAction":[{"@type":"SearchAction","target":{"@type":"EntryPoint","urlTemplate":"https:\/\/sen-shop.com\/sl\/?s={search_term_string}"},"query-input":"required name=search_term_string"}],"inLanguage":"sl-SI"},{"@type":"Organization","@id":"https:\/\/sen-shop.com\/sl\/#organization","name":"Mind trade d.o.o","url":"https:\/\/sen-shop.com\/sl\/","logo":{"@type":"ImageObject","inLanguage":"sl-SI","@id":"https:\/\/sen-shop.com\/sl\/#\/schema\/logo\/image\/","url":"https:\/\/sen-shop.com\/wp-content\/uploads\/2018\/05\/header_logo.png","contentUrl":"https:\/\/sen-shop.com\/wp-content\/uploads\/2018\/05\/header_logo.png","width":138,"height":70,"caption":"Mind trade d.o.o"},"image":{"@id":"https:\/\/sen-shop.com\/sl\/#\/schema\/logo\/image\/"},"sameAs":["https:\/\/www.instagram.com\/senslovenija\/","https:\/\/www.facebook.com\/Senshopslovenija"]}]}},"_links":{"self":[{"href":"https:\/\/sen-shop.com\/sl\/wp-json\/wp\/v2\/product\/144","targetHints":{"allow":["GET"]}}],"collection":[{"href":"https:\/\/sen-shop.com\/sl\/wp-json\/wp\/v2\/product"}],"about":[{"href":"https:\/\/sen-shop.com\/sl\/wp-json\/wp\/v2\/types\/product"}],"replies":[{"embeddable":true,"href":"https:\/\/sen-shop.com\/sl\/wp-json\/wp\/v2\/comments?post=144"}],"wp:featuredmedia":[{"embeddable":true,"href":"https:\/\/sen-shop.com\/sl\/wp-json\/wp\/v2\/media\/39101"}],"wp:attachment":[{"href":"https:\/\/sen-shop.com\/sl\/wp-json\/wp\/v2\/media?parent=144"}],"wp:term":[{"taxonomy":"product_cat","embeddable":true,"href":"https:\/\/sen-shop.com\/sl\/wp-json\/wp\/v2\/product_cat?post=144"},{"taxonomy":"product_tag","embeddable":true,"href":"https:\/\/sen-shop.com\/sl\/wp-json\/wp\/v2\/product_tag?post=144"}],"curies":[{"name":"wp","href":"https:\/\/api.w.org\/{rel}","templated":true}]}}