{"id":142,"date":"2016-10-07T14:36:59","date_gmt":"2016-10-07T12:36:59","guid":{"rendered":"https:\/\/www.sen-shop.com\/?post_type=product&#038;p=142"},"modified":"2026-03-02T11:40:20","modified_gmt":"2026-03-02T10:40:20","slug":"vrbova-skorja-bosvelija-in-kopriva-za-bolecine-v-krizu","status":"publish","type":"product","link":"https:\/\/sen-shop.com\/sl\/collections\/prehranska-dopolnila\/tezave-s-kostmi-sklepi-in-misicami\/vrbova-skorja-bosvelija-in-kopriva-za-bolecine-v-krizu\/","title":{"rendered":"Vrbova skorja, kopriva"},"content":{"rendered":"<p>[vc_row][vc_column][vc_column_text css=&#8221;.vc_custom_1646145287541{padding-top: 30px !important;padding-right: 30px !important;padding-bottom: 30px !important;padding-left: 30px !important;background-color: #c9db95 !important;}&#8221;]<\/p>\n<h4>Vrbova skorja, bosvelija in kopriva:<\/h4>\n<p>Vrbova skorja in bosvelija pripomoreta k la\u017ejemu \u017eivljenju. <span style=\"color: #c9db95;\">(bole\u010dine v kri\u017eu in sklepih)<\/span><\/p>\n<p><strong>VRBOVA SKORJA<\/strong><\/p>\n<p>Vrbova skorja (S. cortex), katere vir je najpogosteje bela vrba (Salix alba) se v tradicionalnem zdravilstvu uporablja \u017ee zelo dolgo \u010dasa. Poznana je bila \u017ee v stari Gr\u010diji, kjer jo je Dioskorid opisal v svoje delu De Materia Medica.<\/p>\n<p><strong>BOSVELIJA<\/strong><\/p>\n<p>Bosvelija (Boswellia serrata) se stoletja tradicionalno uporablja v Indiji zaradi svojih pozitivnih vplivov na raznovrstne te\u017eave. Zaradi blagodejnih u\u010dinkov pa je dandanes \u0161iroko uporabljana tudi v ZDA; od starej\u0161ih ljudi, ki se te\u017eko premikajo, ljudi z bole\u010dinami v kri\u017eu do \u0161portnikov. O Bosveliji si lahko preberete tudi v na\u0161em blogu <a href=\"https:\/\/sen-shop.com\/blogs\/bosvelija\/\">TUKAJ.<\/a><\/p>\n<p>Koprivo so uporabljali v prehrani \u017ee v starem Egiptu. Od Egip\u010danov so jo v iste namene prevzeli tudi Grki in Rimljani. O koristnosti u\u017eivanja kopriv sta pisala \u017ee Hipokrat in Horacij, Plinij starej\u0161i pa je celo zapisal, da mlade koprive spomladi dajejo dobro in zdravo hrano telesu in tistega, ki jih u\u017eiva, celo leto varujejo pred te\u017eavami.<span style=\"color: #c9db95;\"> (bole\u010dine v kri\u017eu in sklepih)<\/span>[\/vc_column_text][\/vc_column][\/vc_row][vc_row][vc_column][vc_column_text css=&#8221;.vc_custom_1625231252972{padding-top: 30px !important;padding-right: 30px !important;padding-bottom: 30px !important;padding-left: 30px !important;background-color: #ededed !important;}&#8221;]<span class=\"pq6dq46d tbxw36s4 knj5qynh kvgmc6g5 ditlmg2l oygrvhab nvdbi5me sf5mxxl7 gl3lb2sf hhz5lgdu\"><img loading=\"lazy\" decoding=\"async\" src=\"https:\/\/static.xx.fbcdn.net\/images\/emoji.php\/v9\/t51\/1\/16\/1f449.png\" alt=\"\ud83d\udc49\" width=\"16\" height=\"16\" \/> \u00a0<\/span>Kapsule vsebujejo ravno prav\u0161njo me\u0161anico sestavin, ki blagodejno vplivajo na sklepe.<\/p>\n<p><span class=\"pq6dq46d tbxw36s4 knj5qynh kvgmc6g5 ditlmg2l oygrvhab nvdbi5me sf5mxxl7 gl3lb2sf hhz5lgdu\"><img loading=\"lazy\" decoding=\"async\" src=\"https:\/\/static.xx.fbcdn.net\/images\/emoji.php\/v9\/t51\/1\/16\/1f449.png\" alt=\"\ud83d\udc49\" width=\"16\" height=\"16\" \/>\u00a0 Priporo\u010dena koli\u010dina 1 kapsula na dan.<\/span>[\/vc_column_text][\/vc_column][\/vc_row][vc_row][vc_column][vc_column_text]Vrbova skorja, bosvelija in kopriva u\u010dinkovito pomagajo tudi pri laj\u0161anju te\u017eav s koleni.<\/p>\n<p>Kako si lahko \u0161e pomagate pri te\u017eavah s koleni \ud83d\udc49\u00a0<a href=\"https:\/\/sen-shop.com\/sl\/blogs\/kako-lajsati-bolecine-v-kolenu\/\">preberite tu&#8230;<\/a><\/p>\n<p><span style=\"color: #ffffff;\">https:\/\/www.bodieko.si\/vrba-blago-blazi-bolecine<\/span>[\/vc_column_text][\/vc_column][\/vc_row]<\/p>\n","protected":false},"excerpt":{"rendered":"<p><img decoding=\"async\" class=\"emoji\" role=\"img\" draggable=\"false\" src=\"https:\/\/s.w.org\/images\/core\/emoji\/17.0.2\/svg\/1f31f.svg\" alt=\"\ud83c\udf1f\" \/> <strong data-start=\"81\" data-end=\"102\">Preselili smo se!<\/strong> <img decoding=\"async\" class=\"emoji\" role=\"img\" draggable=\"false\" src=\"https:\/\/s.w.org\/images\/core\/emoji\/17.0.2\/svg\/1f31f.svg\" alt=\"\ud83c\udf1f\" \/><br data-start=\"105\" data-end=\"108\" \/>Za \u0161e bolj\u0161o izku\u0161njo nakupovanja nas zdaj najdete na <strong data-start=\"162\" data-end=\"207\"><a class=\"decorated-link\" href=\"http:\/\/www.sen-shop.si\/\" target=\"_new\" rel=\"noopener\" data-start=\"164\" data-end=\"205\">www.sen-shop.si<\/a><\/strong>!<\/p>\n<p>Pripravki iz vrbove skorje, bosvelije in koprive se \u017ee stoletja tradicionalno uporabljajo zaradi svojih pozitivnih vplivov na raznovrstne tegobe. <span style=\"color: #ffffff;\">(bole\u010dine v kri\u017eu in sklepih)<\/span><\/p>\n[banner_prehrana]\n","protected":false},"featured_media":54241,"comment_status":"open","ping_status":"closed","template":"","meta":{"inline_featured_image":false},"product_cat":[84,62,365],"product_tag":[289,110],"class_list":["post-142","product","type-product","status-publish","has-post-thumbnail","hentry","product_cat-prehranska-dopolnila","product_cat-tezave-s-kostmi-sklepi-in-misicami","product_cat-crni-petek","product_tag-misice-in-sklepi","product_tag-prehranska-dopolnila"],"acf":[],"yoast_head":"<!-- This site is optimized with the Yoast SEO plugin v19.13 - https:\/\/yoast.com\/wordpress\/plugins\/seo\/ -->\n<title>Bole\u010dine v kri\u017eu? Pomagajte si z vrbovo skorjo, bosvelijo in koprivo.<\/title>\n<meta name=\"description\" content=\"Vrbova skorja, bosvelija in kopriva u\u010dinkovito pripomorejo pri razli\u010dnih tegobah, kot so bole\u010dine v kri\u017eu, sklepih in pri te\u017eavah z gibanjem.\" \/>\n<meta name=\"robots\" content=\"index, follow, max-snippet:-1, max-image-preview:large, max-video-preview:-1\" \/>\n<link rel=\"canonical\" href=\"https:\/\/sen-shop.com\/sl\/collections\/prehranska-dopolnila\/tezave-s-kostmi-sklepi-in-misicami\/vrbova-skorja-bosvelija-in-kopriva-za-bolecine-v-krizu\/\" \/>\n<meta property=\"og:locale\" content=\"sl_SI\" \/>\n<meta property=\"og:type\" content=\"article\" \/>\n<meta property=\"og:title\" content=\"Bole\u010dine v kri\u017eu? Pomagajte si z vrbovo skorjo, bosvelijo in koprivo.\" \/>\n<meta property=\"og:description\" content=\"Vrbova skorja, bosvelija in kopriva u\u010dinkovito pripomorejo pri razli\u010dnih tegobah, kot so bole\u010dine v kri\u017eu, sklepih in pri te\u017eavah z gibanjem.\" \/>\n<meta property=\"og:url\" content=\"https:\/\/sen-shop.com\/sl\/collections\/prehranska-dopolnila\/tezave-s-kostmi-sklepi-in-misicami\/vrbova-skorja-bosvelija-in-kopriva-za-bolecine-v-krizu\/\" \/>\n<meta property=\"og:site_name\" content=\"SEN Shop\" \/>\n<meta property=\"article:publisher\" content=\"https:\/\/www.facebook.com\/Senshopslovenija\" \/>\n<meta property=\"article:modified_time\" content=\"2026-03-02T10:40:20+00:00\" \/>\n<meta property=\"og:image\" content=\"https:\/\/sen-shop.com\/wp-content\/uploads\/2016\/10\/Vrbova_sl_hr_spl.jpg\" \/>\n\t<meta property=\"og:image:width\" content=\"1400\" \/>\n\t<meta property=\"og:image:height\" content=\"1400\" \/>\n\t<meta property=\"og:image:type\" content=\"image\/jpeg\" \/>\n<meta name=\"twitter:card\" content=\"summary_large_image\" \/>\n<meta name=\"twitter:label1\" content=\"Est. reading time\" \/>\n\t<meta name=\"twitter:data1\" content=\"2 minuti\" \/>\n<script type=\"application\/ld+json\" class=\"yoast-schema-graph\">{\"@context\":\"https:\/\/schema.org\",\"@graph\":[{\"@type\":\"WebPage\",\"@id\":\"https:\/\/sen-shop.com\/sl\/collections\/prehranska-dopolnila\/tezave-s-kostmi-sklepi-in-misicami\/vrbova-skorja-bosvelija-in-kopriva-za-bolecine-v-krizu\/\",\"url\":\"https:\/\/sen-shop.com\/sl\/collections\/prehranska-dopolnila\/tezave-s-kostmi-sklepi-in-misicami\/vrbova-skorja-bosvelija-in-kopriva-za-bolecine-v-krizu\/\",\"name\":\"Bole\u010dine v kri\u017eu? Pomagajte si z vrbovo skorjo, bosvelijo in koprivo.\",\"isPartOf\":{\"@id\":\"https:\/\/sen-shop.com\/sl\/#website\"},\"datePublished\":\"2016-10-07T12:36:59+00:00\",\"dateModified\":\"2026-03-02T10:40:20+00:00\",\"description\":\"Vrbova skorja, bosvelija in kopriva u\u010dinkovito pripomorejo pri razli\u010dnih tegobah, kot so bole\u010dine v kri\u017eu, sklepih in pri te\u017eavah z gibanjem.\",\"breadcrumb\":{\"@id\":\"https:\/\/sen-shop.com\/sl\/collections\/prehranska-dopolnila\/tezave-s-kostmi-sklepi-in-misicami\/vrbova-skorja-bosvelija-in-kopriva-za-bolecine-v-krizu\/#breadcrumb\"},\"inLanguage\":\"sl-SI\",\"potentialAction\":[{\"@type\":\"ReadAction\",\"target\":[\"https:\/\/sen-shop.com\/sl\/collections\/prehranska-dopolnila\/tezave-s-kostmi-sklepi-in-misicami\/vrbova-skorja-bosvelija-in-kopriva-za-bolecine-v-krizu\/\"]}]},{\"@type\":\"BreadcrumbList\",\"@id\":\"https:\/\/sen-shop.com\/sl\/collections\/prehranska-dopolnila\/tezave-s-kostmi-sklepi-in-misicami\/vrbova-skorja-bosvelija-in-kopriva-za-bolecine-v-krizu\/#breadcrumb\",\"itemListElement\":[{\"@type\":\"ListItem\",\"position\":1,\"name\":\"Home\",\"item\":\"https:\/\/sen-shop.com\/sl\/\"},{\"@type\":\"ListItem\",\"position\":2,\"name\":\"Vrbova skorja, kopriva\"}]},{\"@type\":\"WebSite\",\"@id\":\"https:\/\/sen-shop.com\/sl\/#website\",\"url\":\"https:\/\/sen-shop.com\/sl\/\",\"name\":\"SEN Shop\",\"description\":\"Slovensko, Ekolo\u0161ko, Naravno\",\"publisher\":{\"@id\":\"https:\/\/sen-shop.com\/sl\/#organization\"},\"potentialAction\":[{\"@type\":\"SearchAction\",\"target\":{\"@type\":\"EntryPoint\",\"urlTemplate\":\"https:\/\/sen-shop.com\/sl\/?s={search_term_string}\"},\"query-input\":\"required name=search_term_string\"}],\"inLanguage\":\"sl-SI\"},{\"@type\":\"Organization\",\"@id\":\"https:\/\/sen-shop.com\/sl\/#organization\",\"name\":\"Mind trade d.o.o\",\"url\":\"https:\/\/sen-shop.com\/sl\/\",\"logo\":{\"@type\":\"ImageObject\",\"inLanguage\":\"sl-SI\",\"@id\":\"https:\/\/sen-shop.com\/sl\/#\/schema\/logo\/image\/\",\"url\":\"https:\/\/sen-shop.com\/wp-content\/uploads\/2018\/05\/header_logo.png\",\"contentUrl\":\"https:\/\/sen-shop.com\/wp-content\/uploads\/2018\/05\/header_logo.png\",\"width\":138,\"height\":70,\"caption\":\"Mind trade d.o.o\"},\"image\":{\"@id\":\"https:\/\/sen-shop.com\/sl\/#\/schema\/logo\/image\/\"},\"sameAs\":[\"https:\/\/www.instagram.com\/senslovenija\/\",\"https:\/\/www.facebook.com\/Senshopslovenija\"]}]}<\/script>\n<!-- \/ Yoast SEO plugin. -->","yoast_head_json":{"title":"Bole\u010dine v kri\u017eu? Pomagajte si z vrbovo skorjo, bosvelijo in koprivo.","description":"Vrbova skorja, bosvelija in kopriva u\u010dinkovito pripomorejo pri razli\u010dnih tegobah, kot so bole\u010dine v kri\u017eu, sklepih in pri te\u017eavah z gibanjem.","robots":{"index":"index","follow":"follow","max-snippet":"max-snippet:-1","max-image-preview":"max-image-preview:large","max-video-preview":"max-video-preview:-1"},"canonical":"https:\/\/sen-shop.com\/sl\/collections\/prehranska-dopolnila\/tezave-s-kostmi-sklepi-in-misicami\/vrbova-skorja-bosvelija-in-kopriva-za-bolecine-v-krizu\/","og_locale":"sl_SI","og_type":"article","og_title":"Bole\u010dine v kri\u017eu? Pomagajte si z vrbovo skorjo, bosvelijo in koprivo.","og_description":"Vrbova skorja, bosvelija in kopriva u\u010dinkovito pripomorejo pri razli\u010dnih tegobah, kot so bole\u010dine v kri\u017eu, sklepih in pri te\u017eavah z gibanjem.","og_url":"https:\/\/sen-shop.com\/sl\/collections\/prehranska-dopolnila\/tezave-s-kostmi-sklepi-in-misicami\/vrbova-skorja-bosvelija-in-kopriva-za-bolecine-v-krizu\/","og_site_name":"SEN Shop","article_publisher":"https:\/\/www.facebook.com\/Senshopslovenija","article_modified_time":"2026-03-02T10:40:20+00:00","og_image":[{"width":1400,"height":1400,"url":"https:\/\/sen-shop.com\/wp-content\/uploads\/2016\/10\/Vrbova_sl_hr_spl.jpg","type":"image\/jpeg"}],"twitter_card":"summary_large_image","twitter_misc":{"Est. reading time":"2 minuti"},"schema":{"@context":"https:\/\/schema.org","@graph":[{"@type":"WebPage","@id":"https:\/\/sen-shop.com\/sl\/collections\/prehranska-dopolnila\/tezave-s-kostmi-sklepi-in-misicami\/vrbova-skorja-bosvelija-in-kopriva-za-bolecine-v-krizu\/","url":"https:\/\/sen-shop.com\/sl\/collections\/prehranska-dopolnila\/tezave-s-kostmi-sklepi-in-misicami\/vrbova-skorja-bosvelija-in-kopriva-za-bolecine-v-krizu\/","name":"Bole\u010dine v kri\u017eu? Pomagajte si z vrbovo skorjo, bosvelijo in koprivo.","isPartOf":{"@id":"https:\/\/sen-shop.com\/sl\/#website"},"datePublished":"2016-10-07T12:36:59+00:00","dateModified":"2026-03-02T10:40:20+00:00","description":"Vrbova skorja, bosvelija in kopriva u\u010dinkovito pripomorejo pri razli\u010dnih tegobah, kot so bole\u010dine v kri\u017eu, sklepih in pri te\u017eavah z gibanjem.","breadcrumb":{"@id":"https:\/\/sen-shop.com\/sl\/collections\/prehranska-dopolnila\/tezave-s-kostmi-sklepi-in-misicami\/vrbova-skorja-bosvelija-in-kopriva-za-bolecine-v-krizu\/#breadcrumb"},"inLanguage":"sl-SI","potentialAction":[{"@type":"ReadAction","target":["https:\/\/sen-shop.com\/sl\/collections\/prehranska-dopolnila\/tezave-s-kostmi-sklepi-in-misicami\/vrbova-skorja-bosvelija-in-kopriva-za-bolecine-v-krizu\/"]}]},{"@type":"BreadcrumbList","@id":"https:\/\/sen-shop.com\/sl\/collections\/prehranska-dopolnila\/tezave-s-kostmi-sklepi-in-misicami\/vrbova-skorja-bosvelija-in-kopriva-za-bolecine-v-krizu\/#breadcrumb","itemListElement":[{"@type":"ListItem","position":1,"name":"Home","item":"https:\/\/sen-shop.com\/sl\/"},{"@type":"ListItem","position":2,"name":"Vrbova skorja, kopriva"}]},{"@type":"WebSite","@id":"https:\/\/sen-shop.com\/sl\/#website","url":"https:\/\/sen-shop.com\/sl\/","name":"SEN Shop","description":"Slovensko, Ekolo\u0161ko, Naravno","publisher":{"@id":"https:\/\/sen-shop.com\/sl\/#organization"},"potentialAction":[{"@type":"SearchAction","target":{"@type":"EntryPoint","urlTemplate":"https:\/\/sen-shop.com\/sl\/?s={search_term_string}"},"query-input":"required name=search_term_string"}],"inLanguage":"sl-SI"},{"@type":"Organization","@id":"https:\/\/sen-shop.com\/sl\/#organization","name":"Mind trade d.o.o","url":"https:\/\/sen-shop.com\/sl\/","logo":{"@type":"ImageObject","inLanguage":"sl-SI","@id":"https:\/\/sen-shop.com\/sl\/#\/schema\/logo\/image\/","url":"https:\/\/sen-shop.com\/wp-content\/uploads\/2018\/05\/header_logo.png","contentUrl":"https:\/\/sen-shop.com\/wp-content\/uploads\/2018\/05\/header_logo.png","width":138,"height":70,"caption":"Mind trade d.o.o"},"image":{"@id":"https:\/\/sen-shop.com\/sl\/#\/schema\/logo\/image\/"},"sameAs":["https:\/\/www.instagram.com\/senslovenija\/","https:\/\/www.facebook.com\/Senshopslovenija"]}]}},"_links":{"self":[{"href":"https:\/\/sen-shop.com\/sl\/wp-json\/wp\/v2\/product\/142","targetHints":{"allow":["GET"]}}],"collection":[{"href":"https:\/\/sen-shop.com\/sl\/wp-json\/wp\/v2\/product"}],"about":[{"href":"https:\/\/sen-shop.com\/sl\/wp-json\/wp\/v2\/types\/product"}],"replies":[{"embeddable":true,"href":"https:\/\/sen-shop.com\/sl\/wp-json\/wp\/v2\/comments?post=142"}],"wp:featuredmedia":[{"embeddable":true,"href":"https:\/\/sen-shop.com\/sl\/wp-json\/wp\/v2\/media\/54241"}],"wp:attachment":[{"href":"https:\/\/sen-shop.com\/sl\/wp-json\/wp\/v2\/media?parent=142"}],"wp:term":[{"taxonomy":"product_cat","embeddable":true,"href":"https:\/\/sen-shop.com\/sl\/wp-json\/wp\/v2\/product_cat?post=142"},{"taxonomy":"product_tag","embeddable":true,"href":"https:\/\/sen-shop.com\/sl\/wp-json\/wp\/v2\/product_tag?post=142"}],"curies":[{"name":"wp","href":"https:\/\/api.w.org\/{rel}","templated":true}]}}