{"id":140,"date":"2017-10-21T14:32:10","date_gmt":"2017-10-21T12:32:10","guid":{"rendered":"https:\/\/www.sen-shop.com\/?post_type=product&#038;p=140"},"modified":"2026-03-02T11:43:35","modified_gmt":"2026-03-02T10:43:35","slug":"koencim-q10-super-s-sojinim-oljem","status":"publish","type":"product","link":"https:\/\/sen-shop.com\/sl\/collections\/prehranska-dopolnila\/srce-ozilje-in-hemoroidi\/koencim-q10-super-s-sojinim-oljem\/","title":{"rendered":"Koencim Q10 super"},"content":{"rendered":"<p>[vc_row][vc_column][vc_column_text css=&#8221;.vc_custom_1639492815004{padding-top: 30px !important;padding-right: 30px !important;padding-bottom: 30px !important;padding-left: 30px !important;background-color: #c9db95 !important;}&#8221;]<\/p>\n<h4>Koencim Q10<\/h4>\n<p>Je naravna substanca, prisotna v vsaki \u017eivi celici. V visokih koncentracijah ga najdemo v vseh pomembnih organih, kot so jetra, vranica, ledvice, trebu\u0161na slinavka in srce. Organizem pridobi koencim Q10 delno iz prehrane, delno pa ga proizvaja organizem. Vendar pa mo\u017enost lastne proizvodnje z leti pada (med 30. in 40.\u00a0letom). Zato je priporo\u010dljivo dodatno jemati koencim Q10 od tridesetega leta dalje in v \u010dasu pove\u010danega fizi\u010dnega ali umskega napora. Priporo\u010dena koli\u010dina za zdrave ljudi zna\u0161a 30\u00a0mg dnevno. Najbolj\u0161e se absorbira, \u010de ga vzamete pred obrokom, v obliki \u017eelatinaste kapsule.<\/p>\n<p>Ni primerno za ljudi, ki jemljejo zdravila za red\u010denje krvi (Aspirin je izvzet).[\/vc_column_text][\/vc_column][\/vc_row][vc_row][vc_column][vc_column_text css=&#8221;.vc_custom_1625491212770{padding-top: 30px !important;padding-right: 30px !important;padding-bottom: 30px !important;padding-left: 30px !important;background-color: #ededed !important;}&#8221;]<strong>PRIPORO\u010cENA DNEVNA KOLI\u010cINA:<\/strong> Ena kapsula na dan, pred obrokom, z dovolj teko\u010dine.<\/p>\n<p>[\/vc_column_text][\/vc_column][\/vc_row][vc_row][vc_column][vc_column_text]<strong>VSEBINA<\/strong>: 60 mehkih kapsul<br \/>\nNeto koli\u010dina: 42,0 g. Vsebina ene kapsule: 30 mg Koencima Q-10, Sojino olje 375 mg, Sojino olje delno hidrogenirano 105 mg.[\/vc_column_text][\/vc_column][\/vc_row]<\/p>\n","protected":false},"excerpt":{"rendered":"<p><img decoding=\"async\" class=\"emoji\" role=\"img\" draggable=\"false\" src=\"https:\/\/s.w.org\/images\/core\/emoji\/17.0.2\/svg\/1f31f.svg\" alt=\"\ud83c\udf1f\" \/> <strong data-start=\"81\" data-end=\"102\">Preselili smo se!<\/strong> <img decoding=\"async\" class=\"emoji\" role=\"img\" draggable=\"false\" src=\"https:\/\/s.w.org\/images\/core\/emoji\/17.0.2\/svg\/1f31f.svg\" alt=\"\ud83c\udf1f\" \/><br data-start=\"105\" data-end=\"108\" \/>Za \u0161e bolj\u0161o izku\u0161njo nakupovanja nas zdaj najdete na <strong data-start=\"162\" data-end=\"207\"><a class=\"decorated-link\" href=\"http:\/\/www.sen-shop.si\/\" target=\"_new\" rel=\"noopener\" data-start=\"164\" data-end=\"205\">www.sen-shop.si<\/a><\/strong>!<\/p>\n<p>Q10 priporo\u010damo vsem, ki bi radi \u017eiveli \u017eivljenje polni energije, starej\u0161im osebam in \u0161portnikom.<\/p>\n","protected":false},"featured_media":39093,"comment_status":"open","ping_status":"closed","template":"","meta":{"inline_featured_image":false},"product_cat":[69,84,64,68,70,365],"product_tag":[123,253,87,255,122,254,110,98,121,217],"class_list":["post-140","product","type-product","status-publish","has-post-thumbnail","hentry","product_cat-menopavza","product_cat-prehranska-dopolnila","product_cat-srce-ozilje-in-hemoroidi","product_cat-tezave-s-spominom-in-koncentracijo","product_cat-utrujenost","product_cat-crni-petek","product_tag-analizator","product_tag-analizator-telesne-teze","product_tag-bio","product_tag-osebna-digitalna-tehtnica","product_tag-tehtnica","product_tag-nakup-tanite","product_tag-prehranska-dopolnila","product_tag-q10","product_tag-tanita","product_tag-tezave-s-spominom"],"acf":[],"yoast_head":"<!-- This site is optimized with the Yoast SEO plugin v19.13 - https:\/\/yoast.com\/wordpress\/plugins\/seo\/ -->\n<title>Koencim Q10 super, s sojinim oljem. SEN Slovensko Naravno Ekolo\u0161ko<\/title>\n<meta name=\"description\" content=\"Koencim Q10 ali ubikinon je naravna snov, ki je prisotna v vsaki \u017eivi celici telesa. Stranski u\u010dinki so na splo\u0161no zelo majhni, \u010de bolnik ne pretirava.\" \/>\n<meta name=\"robots\" content=\"index, follow, max-snippet:-1, max-image-preview:large, max-video-preview:-1\" \/>\n<link rel=\"canonical\" href=\"https:\/\/sen-shop.com\/sl\/collections\/prehranska-dopolnila\/srce-ozilje-in-hemoroidi\/koencim-q10-super-s-sojinim-oljem\/\" \/>\n<meta property=\"og:locale\" content=\"sl_SI\" \/>\n<meta property=\"og:type\" content=\"article\" \/>\n<meta property=\"og:title\" content=\"Koencim Q10 super, s sojinim oljem. SEN Slovensko Naravno Ekolo\u0161ko\" \/>\n<meta property=\"og:description\" content=\"Koencim Q10 ali ubikinon je naravna snov, ki je prisotna v vsaki \u017eivi celici telesa. Stranski u\u010dinki so na splo\u0161no zelo majhni, \u010de bolnik ne pretirava.\" \/>\n<meta property=\"og:url\" content=\"https:\/\/sen-shop.com\/sl\/collections\/prehranska-dopolnila\/srce-ozilje-in-hemoroidi\/koencim-q10-super-s-sojinim-oljem\/\" \/>\n<meta property=\"og:site_name\" content=\"SEN Shop\" \/>\n<meta property=\"article:publisher\" content=\"https:\/\/www.facebook.com\/Senshopslovenija\" \/>\n<meta property=\"article:modified_time\" content=\"2026-03-02T10:43:35+00:00\" \/>\n<meta property=\"og:image\" content=\"https:\/\/sen-shop.com\/wp-content\/uploads\/2017\/10\/Koencim-Q10-30mg.jpg\" \/>\n\t<meta property=\"og:image:width\" content=\"1400\" \/>\n\t<meta property=\"og:image:height\" content=\"1400\" \/>\n\t<meta property=\"og:image:type\" content=\"image\/jpeg\" \/>\n<meta name=\"twitter:card\" content=\"summary_large_image\" \/>\n<meta name=\"twitter:label1\" content=\"Est. reading time\" \/>\n\t<meta name=\"twitter:data1\" content=\"1 minuta\" \/>\n<script type=\"application\/ld+json\" class=\"yoast-schema-graph\">{\"@context\":\"https:\/\/schema.org\",\"@graph\":[{\"@type\":\"WebPage\",\"@id\":\"https:\/\/sen-shop.com\/sl\/collections\/prehranska-dopolnila\/srce-ozilje-in-hemoroidi\/koencim-q10-super-s-sojinim-oljem\/\",\"url\":\"https:\/\/sen-shop.com\/sl\/collections\/prehranska-dopolnila\/srce-ozilje-in-hemoroidi\/koencim-q10-super-s-sojinim-oljem\/\",\"name\":\"Koencim Q10 super, s sojinim oljem. SEN Slovensko Naravno Ekolo\u0161ko\",\"isPartOf\":{\"@id\":\"https:\/\/sen-shop.com\/sl\/#website\"},\"datePublished\":\"2017-10-21T12:32:10+00:00\",\"dateModified\":\"2026-03-02T10:43:35+00:00\",\"description\":\"Koencim Q10 ali ubikinon je naravna snov, ki je prisotna v vsaki \u017eivi celici telesa. Stranski u\u010dinki so na splo\u0161no zelo majhni, \u010de bolnik ne pretirava.\",\"breadcrumb\":{\"@id\":\"https:\/\/sen-shop.com\/sl\/collections\/prehranska-dopolnila\/srce-ozilje-in-hemoroidi\/koencim-q10-super-s-sojinim-oljem\/#breadcrumb\"},\"inLanguage\":\"sl-SI\",\"potentialAction\":[{\"@type\":\"ReadAction\",\"target\":[\"https:\/\/sen-shop.com\/sl\/collections\/prehranska-dopolnila\/srce-ozilje-in-hemoroidi\/koencim-q10-super-s-sojinim-oljem\/\"]}]},{\"@type\":\"BreadcrumbList\",\"@id\":\"https:\/\/sen-shop.com\/sl\/collections\/prehranska-dopolnila\/srce-ozilje-in-hemoroidi\/koencim-q10-super-s-sojinim-oljem\/#breadcrumb\",\"itemListElement\":[{\"@type\":\"ListItem\",\"position\":1,\"name\":\"Home\",\"item\":\"https:\/\/sen-shop.com\/sl\/\"},{\"@type\":\"ListItem\",\"position\":2,\"name\":\"Koencim Q10 super\"}]},{\"@type\":\"WebSite\",\"@id\":\"https:\/\/sen-shop.com\/sl\/#website\",\"url\":\"https:\/\/sen-shop.com\/sl\/\",\"name\":\"SEN Shop\",\"description\":\"Slovensko, Ekolo\u0161ko, Naravno\",\"publisher\":{\"@id\":\"https:\/\/sen-shop.com\/sl\/#organization\"},\"potentialAction\":[{\"@type\":\"SearchAction\",\"target\":{\"@type\":\"EntryPoint\",\"urlTemplate\":\"https:\/\/sen-shop.com\/sl\/?s={search_term_string}\"},\"query-input\":\"required name=search_term_string\"}],\"inLanguage\":\"sl-SI\"},{\"@type\":\"Organization\",\"@id\":\"https:\/\/sen-shop.com\/sl\/#organization\",\"name\":\"Mind trade d.o.o\",\"url\":\"https:\/\/sen-shop.com\/sl\/\",\"logo\":{\"@type\":\"ImageObject\",\"inLanguage\":\"sl-SI\",\"@id\":\"https:\/\/sen-shop.com\/sl\/#\/schema\/logo\/image\/\",\"url\":\"https:\/\/sen-shop.com\/wp-content\/uploads\/2018\/05\/header_logo.png\",\"contentUrl\":\"https:\/\/sen-shop.com\/wp-content\/uploads\/2018\/05\/header_logo.png\",\"width\":138,\"height\":70,\"caption\":\"Mind trade d.o.o\"},\"image\":{\"@id\":\"https:\/\/sen-shop.com\/sl\/#\/schema\/logo\/image\/\"},\"sameAs\":[\"https:\/\/www.instagram.com\/senslovenija\/\",\"https:\/\/www.facebook.com\/Senshopslovenija\"]}]}<\/script>\n<!-- \/ Yoast SEO plugin. -->","yoast_head_json":{"title":"Koencim Q10 super, s sojinim oljem. SEN Slovensko Naravno Ekolo\u0161ko","description":"Koencim Q10 ali ubikinon je naravna snov, ki je prisotna v vsaki \u017eivi celici telesa. Stranski u\u010dinki so na splo\u0161no zelo majhni, \u010de bolnik ne pretirava.","robots":{"index":"index","follow":"follow","max-snippet":"max-snippet:-1","max-image-preview":"max-image-preview:large","max-video-preview":"max-video-preview:-1"},"canonical":"https:\/\/sen-shop.com\/sl\/collections\/prehranska-dopolnila\/srce-ozilje-in-hemoroidi\/koencim-q10-super-s-sojinim-oljem\/","og_locale":"sl_SI","og_type":"article","og_title":"Koencim Q10 super, s sojinim oljem. SEN Slovensko Naravno Ekolo\u0161ko","og_description":"Koencim Q10 ali ubikinon je naravna snov, ki je prisotna v vsaki \u017eivi celici telesa. Stranski u\u010dinki so na splo\u0161no zelo majhni, \u010de bolnik ne pretirava.","og_url":"https:\/\/sen-shop.com\/sl\/collections\/prehranska-dopolnila\/srce-ozilje-in-hemoroidi\/koencim-q10-super-s-sojinim-oljem\/","og_site_name":"SEN Shop","article_publisher":"https:\/\/www.facebook.com\/Senshopslovenija","article_modified_time":"2026-03-02T10:43:35+00:00","og_image":[{"width":1400,"height":1400,"url":"https:\/\/sen-shop.com\/wp-content\/uploads\/2017\/10\/Koencim-Q10-30mg.jpg","type":"image\/jpeg"}],"twitter_card":"summary_large_image","twitter_misc":{"Est. reading time":"1 minuta"},"schema":{"@context":"https:\/\/schema.org","@graph":[{"@type":"WebPage","@id":"https:\/\/sen-shop.com\/sl\/collections\/prehranska-dopolnila\/srce-ozilje-in-hemoroidi\/koencim-q10-super-s-sojinim-oljem\/","url":"https:\/\/sen-shop.com\/sl\/collections\/prehranska-dopolnila\/srce-ozilje-in-hemoroidi\/koencim-q10-super-s-sojinim-oljem\/","name":"Koencim Q10 super, s sojinim oljem. SEN Slovensko Naravno Ekolo\u0161ko","isPartOf":{"@id":"https:\/\/sen-shop.com\/sl\/#website"},"datePublished":"2017-10-21T12:32:10+00:00","dateModified":"2026-03-02T10:43:35+00:00","description":"Koencim Q10 ali ubikinon je naravna snov, ki je prisotna v vsaki \u017eivi celici telesa. Stranski u\u010dinki so na splo\u0161no zelo majhni, \u010de bolnik ne pretirava.","breadcrumb":{"@id":"https:\/\/sen-shop.com\/sl\/collections\/prehranska-dopolnila\/srce-ozilje-in-hemoroidi\/koencim-q10-super-s-sojinim-oljem\/#breadcrumb"},"inLanguage":"sl-SI","potentialAction":[{"@type":"ReadAction","target":["https:\/\/sen-shop.com\/sl\/collections\/prehranska-dopolnila\/srce-ozilje-in-hemoroidi\/koencim-q10-super-s-sojinim-oljem\/"]}]},{"@type":"BreadcrumbList","@id":"https:\/\/sen-shop.com\/sl\/collections\/prehranska-dopolnila\/srce-ozilje-in-hemoroidi\/koencim-q10-super-s-sojinim-oljem\/#breadcrumb","itemListElement":[{"@type":"ListItem","position":1,"name":"Home","item":"https:\/\/sen-shop.com\/sl\/"},{"@type":"ListItem","position":2,"name":"Koencim Q10 super"}]},{"@type":"WebSite","@id":"https:\/\/sen-shop.com\/sl\/#website","url":"https:\/\/sen-shop.com\/sl\/","name":"SEN Shop","description":"Slovensko, Ekolo\u0161ko, Naravno","publisher":{"@id":"https:\/\/sen-shop.com\/sl\/#organization"},"potentialAction":[{"@type":"SearchAction","target":{"@type":"EntryPoint","urlTemplate":"https:\/\/sen-shop.com\/sl\/?s={search_term_string}"},"query-input":"required name=search_term_string"}],"inLanguage":"sl-SI"},{"@type":"Organization","@id":"https:\/\/sen-shop.com\/sl\/#organization","name":"Mind trade d.o.o","url":"https:\/\/sen-shop.com\/sl\/","logo":{"@type":"ImageObject","inLanguage":"sl-SI","@id":"https:\/\/sen-shop.com\/sl\/#\/schema\/logo\/image\/","url":"https:\/\/sen-shop.com\/wp-content\/uploads\/2018\/05\/header_logo.png","contentUrl":"https:\/\/sen-shop.com\/wp-content\/uploads\/2018\/05\/header_logo.png","width":138,"height":70,"caption":"Mind trade d.o.o"},"image":{"@id":"https:\/\/sen-shop.com\/sl\/#\/schema\/logo\/image\/"},"sameAs":["https:\/\/www.instagram.com\/senslovenija\/","https:\/\/www.facebook.com\/Senshopslovenija"]}]}},"_links":{"self":[{"href":"https:\/\/sen-shop.com\/sl\/wp-json\/wp\/v2\/product\/140","targetHints":{"allow":["GET"]}}],"collection":[{"href":"https:\/\/sen-shop.com\/sl\/wp-json\/wp\/v2\/product"}],"about":[{"href":"https:\/\/sen-shop.com\/sl\/wp-json\/wp\/v2\/types\/product"}],"replies":[{"embeddable":true,"href":"https:\/\/sen-shop.com\/sl\/wp-json\/wp\/v2\/comments?post=140"}],"wp:featuredmedia":[{"embeddable":true,"href":"https:\/\/sen-shop.com\/sl\/wp-json\/wp\/v2\/media\/39093"}],"wp:attachment":[{"href":"https:\/\/sen-shop.com\/sl\/wp-json\/wp\/v2\/media?parent=140"}],"wp:term":[{"taxonomy":"product_cat","embeddable":true,"href":"https:\/\/sen-shop.com\/sl\/wp-json\/wp\/v2\/product_cat?post=140"},{"taxonomy":"product_tag","embeddable":true,"href":"https:\/\/sen-shop.com\/sl\/wp-json\/wp\/v2\/product_tag?post=140"}],"curies":[{"name":"wp","href":"https:\/\/api.w.org\/{rel}","templated":true}]}}