{"id":13104,"date":"2019-12-04T11:10:28","date_gmt":"2019-12-04T10:10:28","guid":{"rendered":"https:\/\/www.sen-shop.com\/?post_type=product&#038;p=13104"},"modified":"2021-02-26T14:04:24","modified_gmt":"2021-02-26T13:04:24","slug":"darilo-ob-nakupu-krema-za-roke","status":"publish","type":"product","link":"https:\/\/sen-shop.com\/sl\/collections\/nekategorizirano\/darilo-ob-nakupu-krema-za-roke\/","title":{"rendered":"(Darilo ob nakupu) Krema za roke"},"content":{"rendered":"<p>Darilo ob nakupu<\/p>\n","protected":false},"excerpt":{"rendered":"<p>Darilo ob nakupu<\/p>\n<p>Ob nakupu nad 5 \u20ac ti podarimo 15ml kreme za roke in nohte iz 100% naravnih sestavin.<\/p>\n<p><strong>SESTAVA:<\/strong>\u00a0Naravna eteri\u010dna olja BIO \u010dajevca*, BIO cedre, BIO pomaran\u010de in sivke, BIO karitejevo maslo in mandljevo olje.<\/p>\n<p>\u010ce \u017eeli\u0161 ve\u010d izvedeti o izdelku klikni\u00a0<a href=\"https:\/\/sen-shop.com\/collections\/domaca-stran\/bio-vlazilna-krema-za-roke-in-nohte\/\">TUKAJ.<\/a><\/p>\n<p><strong>Kako dodam darilo v ko\u0161arico?<\/strong>\u00a0V ko\u0161arici pod sliko darila kliknite gumb <strong><a href=\"https:\/\/sen-shop.com\/kosarica\/\">DARILO V KO\u0160ARICO &gt;&gt;.<\/a><\/strong><\/p>\n","protected":false},"featured_media":20647,"comment_status":"closed","ping_status":"closed","template":"","meta":{"inline_featured_image":false},"product_cat":[170],"product_tag":[],"class_list":["post-13104","product","type-product","status-publish","has-post-thumbnail","hentry","product_cat-nekategorizirano"],"acf":[],"yoast_head":"<!-- This site is optimized with the Yoast SEO plugin v19.13 - https:\/\/yoast.com\/wordpress\/plugins\/seo\/ -->\n<title>(Darilo ob nakupu) Krema za roke - SEN Shop<\/title>\n<meta name=\"robots\" content=\"index, follow, max-snippet:-1, max-image-preview:large, max-video-preview:-1\" \/>\n<link rel=\"canonical\" href=\"https:\/\/sen-shop.com\/sl\/collections\/nekategorizirano\/darilo-ob-nakupu-krema-za-roke\/\" \/>\n<meta property=\"og:locale\" content=\"sl_SI\" \/>\n<meta property=\"og:type\" content=\"article\" \/>\n<meta property=\"og:title\" content=\"(Darilo ob nakupu) Krema za roke - SEN Shop\" \/>\n<meta property=\"og:description\" content=\"Darilo ob nakupu  Ob nakupu nad 5 \u20ac ti podarimo 15ml kreme za roke in nohte iz 100% naravnih sestavin.  SESTAVA:\u00a0Naravna eteri\u010dna olja BIO \u010dajevca*, BIO cedre, BIO pomaran\u010de in sivke, BIO karitejevo maslo in mandljevo olje.  \u010ce \u017eeli\u0161 ve\u010d izvedeti o izdelku klikni\u00a0TUKAJ.  Kako dodam darilo v ko\u0161arico?\u00a0V ko\u0161arici pod sliko darila kliknite gumb DARILO V KO\u0160ARICO &gt;&gt;.\" \/>\n<meta property=\"og:url\" content=\"https:\/\/sen-shop.com\/sl\/collections\/nekategorizirano\/darilo-ob-nakupu-krema-za-roke\/\" \/>\n<meta property=\"og:site_name\" content=\"SEN Shop\" \/>\n<meta property=\"article:publisher\" content=\"https:\/\/www.facebook.com\/Senshopslovenija\" \/>\n<meta property=\"article:modified_time\" content=\"2021-02-26T13:04:24+00:00\" \/>\n<meta property=\"og:image\" content=\"https:\/\/sen-shop.com\/wp-content\/uploads\/2019\/12\/darilo-krema-za-roke-1.png\" \/>\n\t<meta property=\"og:image:width\" content=\"700\" \/>\n\t<meta property=\"og:image:height\" content=\"800\" \/>\n\t<meta property=\"og:image:type\" content=\"image\/png\" \/>\n<meta name=\"twitter:card\" content=\"summary_large_image\" \/>\n<script type=\"application\/ld+json\" class=\"yoast-schema-graph\">{\"@context\":\"https:\/\/schema.org\",\"@graph\":[{\"@type\":\"WebPage\",\"@id\":\"https:\/\/sen-shop.com\/sl\/collections\/nekategorizirano\/darilo-ob-nakupu-krema-za-roke\/\",\"url\":\"https:\/\/sen-shop.com\/sl\/collections\/nekategorizirano\/darilo-ob-nakupu-krema-za-roke\/\",\"name\":\"(Darilo ob nakupu) Krema za roke - SEN Shop\",\"isPartOf\":{\"@id\":\"https:\/\/sen-shop.com\/sl\/#website\"},\"datePublished\":\"2019-12-04T10:10:28+00:00\",\"dateModified\":\"2021-02-26T13:04:24+00:00\",\"breadcrumb\":{\"@id\":\"https:\/\/sen-shop.com\/sl\/collections\/nekategorizirano\/darilo-ob-nakupu-krema-za-roke\/#breadcrumb\"},\"inLanguage\":\"sl-SI\",\"potentialAction\":[{\"@type\":\"ReadAction\",\"target\":[\"https:\/\/sen-shop.com\/sl\/collections\/nekategorizirano\/darilo-ob-nakupu-krema-za-roke\/\"]}]},{\"@type\":\"BreadcrumbList\",\"@id\":\"https:\/\/sen-shop.com\/sl\/collections\/nekategorizirano\/darilo-ob-nakupu-krema-za-roke\/#breadcrumb\",\"itemListElement\":[{\"@type\":\"ListItem\",\"position\":1,\"name\":\"Home\",\"item\":\"https:\/\/sen-shop.com\/sl\/\"},{\"@type\":\"ListItem\",\"position\":2,\"name\":\"(Darilo ob nakupu) Krema za roke\"}]},{\"@type\":\"WebSite\",\"@id\":\"https:\/\/sen-shop.com\/sl\/#website\",\"url\":\"https:\/\/sen-shop.com\/sl\/\",\"name\":\"SEN Shop\",\"description\":\"Slovensko, Ekolo\u0161ko, Naravno\",\"publisher\":{\"@id\":\"https:\/\/sen-shop.com\/sl\/#organization\"},\"potentialAction\":[{\"@type\":\"SearchAction\",\"target\":{\"@type\":\"EntryPoint\",\"urlTemplate\":\"https:\/\/sen-shop.com\/sl\/?s={search_term_string}\"},\"query-input\":\"required name=search_term_string\"}],\"inLanguage\":\"sl-SI\"},{\"@type\":\"Organization\",\"@id\":\"https:\/\/sen-shop.com\/sl\/#organization\",\"name\":\"Mind trade d.o.o\",\"url\":\"https:\/\/sen-shop.com\/sl\/\",\"logo\":{\"@type\":\"ImageObject\",\"inLanguage\":\"sl-SI\",\"@id\":\"https:\/\/sen-shop.com\/sl\/#\/schema\/logo\/image\/\",\"url\":\"https:\/\/sen-shop.com\/wp-content\/uploads\/2018\/05\/header_logo.png\",\"contentUrl\":\"https:\/\/sen-shop.com\/wp-content\/uploads\/2018\/05\/header_logo.png\",\"width\":138,\"height\":70,\"caption\":\"Mind trade d.o.o\"},\"image\":{\"@id\":\"https:\/\/sen-shop.com\/sl\/#\/schema\/logo\/image\/\"},\"sameAs\":[\"https:\/\/www.instagram.com\/senslovenija\/\",\"https:\/\/www.facebook.com\/Senshopslovenija\"]}]}<\/script>\n<!-- \/ Yoast SEO plugin. -->","yoast_head_json":{"title":"(Darilo ob nakupu) Krema za roke - SEN Shop","robots":{"index":"index","follow":"follow","max-snippet":"max-snippet:-1","max-image-preview":"max-image-preview:large","max-video-preview":"max-video-preview:-1"},"canonical":"https:\/\/sen-shop.com\/sl\/collections\/nekategorizirano\/darilo-ob-nakupu-krema-za-roke\/","og_locale":"sl_SI","og_type":"article","og_title":"(Darilo ob nakupu) Krema za roke - SEN Shop","og_description":"Darilo ob nakupu  Ob nakupu nad 5 \u20ac ti podarimo 15ml kreme za roke in nohte iz 100% naravnih sestavin.  SESTAVA:\u00a0Naravna eteri\u010dna olja BIO \u010dajevca*, BIO cedre, BIO pomaran\u010de in sivke, BIO karitejevo maslo in mandljevo olje.  \u010ce \u017eeli\u0161 ve\u010d izvedeti o izdelku klikni\u00a0TUKAJ.  Kako dodam darilo v ko\u0161arico?\u00a0V ko\u0161arici pod sliko darila kliknite gumb DARILO V KO\u0160ARICO &gt;&gt;.","og_url":"https:\/\/sen-shop.com\/sl\/collections\/nekategorizirano\/darilo-ob-nakupu-krema-za-roke\/","og_site_name":"SEN Shop","article_publisher":"https:\/\/www.facebook.com\/Senshopslovenija","article_modified_time":"2021-02-26T13:04:24+00:00","og_image":[{"width":700,"height":800,"url":"https:\/\/sen-shop.com\/wp-content\/uploads\/2019\/12\/darilo-krema-za-roke-1.png","type":"image\/png"}],"twitter_card":"summary_large_image","schema":{"@context":"https:\/\/schema.org","@graph":[{"@type":"WebPage","@id":"https:\/\/sen-shop.com\/sl\/collections\/nekategorizirano\/darilo-ob-nakupu-krema-za-roke\/","url":"https:\/\/sen-shop.com\/sl\/collections\/nekategorizirano\/darilo-ob-nakupu-krema-za-roke\/","name":"(Darilo ob nakupu) Krema za roke - SEN Shop","isPartOf":{"@id":"https:\/\/sen-shop.com\/sl\/#website"},"datePublished":"2019-12-04T10:10:28+00:00","dateModified":"2021-02-26T13:04:24+00:00","breadcrumb":{"@id":"https:\/\/sen-shop.com\/sl\/collections\/nekategorizirano\/darilo-ob-nakupu-krema-za-roke\/#breadcrumb"},"inLanguage":"sl-SI","potentialAction":[{"@type":"ReadAction","target":["https:\/\/sen-shop.com\/sl\/collections\/nekategorizirano\/darilo-ob-nakupu-krema-za-roke\/"]}]},{"@type":"BreadcrumbList","@id":"https:\/\/sen-shop.com\/sl\/collections\/nekategorizirano\/darilo-ob-nakupu-krema-za-roke\/#breadcrumb","itemListElement":[{"@type":"ListItem","position":1,"name":"Home","item":"https:\/\/sen-shop.com\/sl\/"},{"@type":"ListItem","position":2,"name":"(Darilo ob nakupu) Krema za roke"}]},{"@type":"WebSite","@id":"https:\/\/sen-shop.com\/sl\/#website","url":"https:\/\/sen-shop.com\/sl\/","name":"SEN Shop","description":"Slovensko, Ekolo\u0161ko, Naravno","publisher":{"@id":"https:\/\/sen-shop.com\/sl\/#organization"},"potentialAction":[{"@type":"SearchAction","target":{"@type":"EntryPoint","urlTemplate":"https:\/\/sen-shop.com\/sl\/?s={search_term_string}"},"query-input":"required name=search_term_string"}],"inLanguage":"sl-SI"},{"@type":"Organization","@id":"https:\/\/sen-shop.com\/sl\/#organization","name":"Mind trade d.o.o","url":"https:\/\/sen-shop.com\/sl\/","logo":{"@type":"ImageObject","inLanguage":"sl-SI","@id":"https:\/\/sen-shop.com\/sl\/#\/schema\/logo\/image\/","url":"https:\/\/sen-shop.com\/wp-content\/uploads\/2018\/05\/header_logo.png","contentUrl":"https:\/\/sen-shop.com\/wp-content\/uploads\/2018\/05\/header_logo.png","width":138,"height":70,"caption":"Mind trade d.o.o"},"image":{"@id":"https:\/\/sen-shop.com\/sl\/#\/schema\/logo\/image\/"},"sameAs":["https:\/\/www.instagram.com\/senslovenija\/","https:\/\/www.facebook.com\/Senshopslovenija"]}]}},"_links":{"self":[{"href":"https:\/\/sen-shop.com\/sl\/wp-json\/wp\/v2\/product\/13104","targetHints":{"allow":["GET"]}}],"collection":[{"href":"https:\/\/sen-shop.com\/sl\/wp-json\/wp\/v2\/product"}],"about":[{"href":"https:\/\/sen-shop.com\/sl\/wp-json\/wp\/v2\/types\/product"}],"replies":[{"embeddable":true,"href":"https:\/\/sen-shop.com\/sl\/wp-json\/wp\/v2\/comments?post=13104"}],"wp:featuredmedia":[{"embeddable":true,"href":"https:\/\/sen-shop.com\/sl\/wp-json\/wp\/v2\/media\/20647"}],"wp:attachment":[{"href":"https:\/\/sen-shop.com\/sl\/wp-json\/wp\/v2\/media?parent=13104"}],"wp:term":[{"taxonomy":"product_cat","embeddable":true,"href":"https:\/\/sen-shop.com\/sl\/wp-json\/wp\/v2\/product_cat?post=13104"},{"taxonomy":"product_tag","embeddable":true,"href":"https:\/\/sen-shop.com\/sl\/wp-json\/wp\/v2\/product_tag?post=13104"}],"curies":[{"name":"wp","href":"https:\/\/api.w.org\/{rel}","templated":true}]}}