{"id":128,"date":"2016-09-16T01:15:06","date_gmt":"2016-09-15T23:15:06","guid":{"rendered":"https:\/\/www.sen-shop.com\/?post_type=product&#038;p=128"},"modified":"2026-03-02T11:56:02","modified_gmt":"2026-03-02T10:56:02","slug":"balzam-za-ustnice-z-medom","status":"publish","type":"product","link":"https:\/\/sen-shop.com\/sl\/collections\/osebna-nega\/obraz-oci-ustnice\/balzam-za-ustnice-z-medom\/","title":{"rendered":"Balzam za ustnice z medom"},"content":{"rendered":"<p>[vc_row][vc_column][vc_column_text css=&#8221;.vc_custom_1625052709801{padding-top: 30px !important;padding-right: 30px !important;padding-bottom: 30px !important;padding-left: 30px !important;background-color: #c9db95 !important;}&#8221;]<\/p>\n<h4>BIO balzam za ustnice<\/h4>\n<p>Balzam za razpokane ustnice iz\u00a0\u010debeljega voska, jojobinega olja, kakavovega masla in medu.<\/p>\n<p>\u010cebelji vosek je sestavljen iz estrov nenasi\u010denih ma\u0161\u010dobnih kislin z enovalentnimi alifatskimi, ki predstavljajo 70 %. Ostale sestavine so proste ma\u0161\u010dobne kisline (15 %), alifatski ogljikovodiki (15 %), barvila, aromati\u010dne snovi, mineralne snovi ter vitamin A. Nekateri vosku dodajajo druge primesi (loj, mineralni, rastlinski vosek itd.), ki ga \u010debele zavra\u010dajo, ponaredke pa je te\u017eko prepoznati. Vosek se za\u010dne topiti pri 64 \u00baC, pri okoli 35 \u00baC pa je plasti\u010den in upogljiv. 37 \u00baC je normalna temperatura panja, ki omogo\u010da \u010debelam, da vosek oblikujejo. Pri 25 \u00baC je vosek zelo mo\u010dan in lahko zdr\u017ei ve\u010d kilogramov medu, kajti \u010debele iz njega oblikujejo satje, v katerega shranjujejo med. \u010ce se temperatura voska spusti pod 18 \u00baC, postane grenkega okusa. \u010cebelji vosek je bil tiso\u010dletja edini vosek, danes poznamo ve\u010d vrst voskov, na primer rastlinske in sinteti\u010dne voske.<\/p>\n<p>Balzam za ustnice lahko naro\u010dite tudi v darilnem <a href=\"https:\/\/sen-shop.com\/collections\/darilni-paketi\/darilni-paket-naravni-slovenski-izdelki\/\">paketu Slovensko naravno<\/a>.[\/vc_column_text][\/vc_column][\/vc_row][vc_row][vc_column][vc_column_text css=&#8221;.vc_custom_1625052725113{padding-top: 30px !important;padding-right: 30px !important;padding-bottom: 30px !important;padding-left: 30px !important;background-color: #ededed !important;}&#8221;]Pozitivne lastnosti:<\/p>\n<ul>\n<li><strong>neguje ustnice<\/strong> (\u010debelji vosek, BIO jojobino olje, BIO kakavovo maslo),<\/li>\n<li><strong>\u0161\u010diti ustnice pred zunanjimi vplivi; mraz, veter\u2026<\/strong> (\u010debelji vosek),<\/li>\n<li><strong>hrani in vla\u017ei<\/strong> (BIO jojobino olje, BIO kakavovo maslo, med),<\/li>\n<li><strong>pomirja razdra\u017eene ustnice<\/strong> (med in vanilija),<\/li>\n<li><strong>spodbuja obnovo razpokanih ustnic<\/strong> (BIO jojobino olje, BIO kakavovo maslo),<\/li>\n<li><strong>deluje blago antisepti\u010dno<\/strong> (BIO \u010dajevec, \u010debelji vosek, med, poprova meta).<\/li>\n<\/ul>\n<p>[\/vc_column_text][\/vc_column][\/vc_row][vc_row][vc_column][vc_column_text]<span style=\"color: #8c189b;\"><strong><a style=\"color: #8c189b;\" href=\"https:\/\/sen-shop.com\/wp-content\/uploads\/2016\/09\/070418_Mind_Balzam-za-ustnice-15-mL_Aromacert-CoA_5-2018_compressed.pdf\">Aromacert certifikat &#8211; balzam za ustnice<\/a><\/strong><\/span>[\/vc_column_text][\/vc_column][\/vc_row]<\/p>\n","protected":false},"excerpt":{"rendered":"<p><img decoding=\"async\" class=\"emoji\" role=\"img\" draggable=\"false\" src=\"https:\/\/s.w.org\/images\/core\/emoji\/17.0.2\/svg\/1f31f.svg\" alt=\"\ud83c\udf1f\" \/> <strong data-start=\"81\" data-end=\"102\">Preselili smo se!<\/strong> <img decoding=\"async\" class=\"emoji\" role=\"img\" draggable=\"false\" src=\"https:\/\/s.w.org\/images\/core\/emoji\/17.0.2\/svg\/1f31f.svg\" alt=\"\ud83c\udf1f\" \/><br data-start=\"105\" data-end=\"108\" \/>Za \u0161e bolj\u0161o izku\u0161njo nakupovanja nas zdaj najdete na <strong data-start=\"162\" data-end=\"207\"><a class=\"decorated-link\" href=\"http:\/\/www.sen-shop.si\/\" target=\"_new\" rel=\"noopener\" data-start=\"164\" data-end=\"205\">www.sen-shop.si<\/a><\/strong>!<\/p>\n<p>Balzam za ustnice je, zaradi svoje skrbno izbrane negovalne sestave, namenjeno <strong>negi <\/strong>in <strong>za\u0161\u010diti ustnic.<\/strong> Kombinacija<strong> \u010debeljega voska, jojobinega olja, kakavovega masla<\/strong> in <strong>medu<\/strong> poskrbi tudi za najbolj<strong> ob\u010dutljive <\/strong>in<strong> razpokane ustnice<\/strong> na povsem naraven na\u010din.<\/p>\n[banner_zeliscni]\n","protected":false},"featured_media":37546,"comment_status":"open","ping_status":"closed","template":"","meta":{"inline_featured_image":false},"product_cat":[73,56,365],"product_tag":[87,251,257,89,97,96],"class_list":["post-128","product","type-product","status-publish","has-post-thumbnail","hentry","product_cat-obraz-oci-ustnice","product_cat-osebna-nega","product_cat-crni-petek","product_tag-bio","product_tag-bio-kozmetika","product_tag-ekoloska-kozmetika","product_tag-naravna-kozmetika","product_tag-obraz-in-ustnice","product_tag-slovenska-naravna-kozmetika"],"acf":[],"yoast_head":"<!-- This site is optimized with the Yoast SEO plugin v19.13 - https:\/\/yoast.com\/wordpress\/plugins\/seo\/ -->\n<title>Naravni negovalni balzam za razpokane ustnice z medom. Sen Shop<\/title>\n<meta name=\"description\" content=\"Balzam za ustnice v kombinaciji \u010debeljega voska, jojobinega olja, kakavovega masla in medu poskrbi tudi za najbolj ob\u010dutljive in razpokane ustnice.\" \/>\n<meta name=\"robots\" content=\"index, follow, max-snippet:-1, max-image-preview:large, max-video-preview:-1\" \/>\n<link rel=\"canonical\" href=\"https:\/\/sen-shop.com\/sl\/collections\/osebna-nega\/obraz-oci-ustnice\/balzam-za-ustnice-z-medom\/\" \/>\n<meta property=\"og:locale\" content=\"sl_SI\" \/>\n<meta property=\"og:type\" content=\"article\" \/>\n<meta property=\"og:title\" content=\"Naravni negovalni balzam za razpokane ustnice z medom. Sen Shop\" \/>\n<meta property=\"og:description\" content=\"Balzam za ustnice v kombinaciji \u010debeljega voska, jojobinega olja, kakavovega masla in medu poskrbi tudi za najbolj ob\u010dutljive in razpokane ustnice.\" \/>\n<meta property=\"og:url\" content=\"https:\/\/sen-shop.com\/sl\/collections\/osebna-nega\/obraz-oci-ustnice\/balzam-za-ustnice-z-medom\/\" \/>\n<meta property=\"og:site_name\" content=\"SEN Shop\" \/>\n<meta property=\"article:publisher\" content=\"https:\/\/www.facebook.com\/Senshopslovenija\" \/>\n<meta property=\"article:modified_time\" content=\"2026-03-02T10:56:02+00:00\" \/>\n<meta property=\"og:image\" content=\"https:\/\/sen-shop.com\/wp-content\/uploads\/2016\/09\/balzam-za-ustnice_sl.jpg\" \/>\n\t<meta property=\"og:image:width\" content=\"1225\" \/>\n\t<meta property=\"og:image:height\" content=\"1400\" \/>\n\t<meta property=\"og:image:type\" content=\"image\/jpeg\" \/>\n<meta name=\"twitter:card\" content=\"summary_large_image\" \/>\n<meta name=\"twitter:label1\" content=\"Est. reading time\" \/>\n\t<meta name=\"twitter:data1\" content=\"2 minuti\" \/>\n<script type=\"application\/ld+json\" class=\"yoast-schema-graph\">{\"@context\":\"https:\/\/schema.org\",\"@graph\":[{\"@type\":\"WebPage\",\"@id\":\"https:\/\/sen-shop.com\/sl\/collections\/osebna-nega\/obraz-oci-ustnice\/balzam-za-ustnice-z-medom\/\",\"url\":\"https:\/\/sen-shop.com\/sl\/collections\/osebna-nega\/obraz-oci-ustnice\/balzam-za-ustnice-z-medom\/\",\"name\":\"Naravni negovalni balzam za razpokane ustnice z medom. Sen Shop\",\"isPartOf\":{\"@id\":\"https:\/\/sen-shop.com\/sl\/#website\"},\"datePublished\":\"2016-09-15T23:15:06+00:00\",\"dateModified\":\"2026-03-02T10:56:02+00:00\",\"description\":\"Balzam za ustnice v kombinaciji \u010debeljega voska, jojobinega olja, kakavovega masla in medu poskrbi tudi za najbolj ob\u010dutljive in razpokane ustnice.\",\"breadcrumb\":{\"@id\":\"https:\/\/sen-shop.com\/sl\/collections\/osebna-nega\/obraz-oci-ustnice\/balzam-za-ustnice-z-medom\/#breadcrumb\"},\"inLanguage\":\"sl-SI\",\"potentialAction\":[{\"@type\":\"ReadAction\",\"target\":[\"https:\/\/sen-shop.com\/sl\/collections\/osebna-nega\/obraz-oci-ustnice\/balzam-za-ustnice-z-medom\/\"]}]},{\"@type\":\"BreadcrumbList\",\"@id\":\"https:\/\/sen-shop.com\/sl\/collections\/osebna-nega\/obraz-oci-ustnice\/balzam-za-ustnice-z-medom\/#breadcrumb\",\"itemListElement\":[{\"@type\":\"ListItem\",\"position\":1,\"name\":\"Home\",\"item\":\"https:\/\/sen-shop.com\/sl\/\"},{\"@type\":\"ListItem\",\"position\":2,\"name\":\"Balzam za ustnice z medom\"}]},{\"@type\":\"WebSite\",\"@id\":\"https:\/\/sen-shop.com\/sl\/#website\",\"url\":\"https:\/\/sen-shop.com\/sl\/\",\"name\":\"SEN Shop\",\"description\":\"Slovensko, Ekolo\u0161ko, Naravno\",\"publisher\":{\"@id\":\"https:\/\/sen-shop.com\/sl\/#organization\"},\"potentialAction\":[{\"@type\":\"SearchAction\",\"target\":{\"@type\":\"EntryPoint\",\"urlTemplate\":\"https:\/\/sen-shop.com\/sl\/?s={search_term_string}\"},\"query-input\":\"required name=search_term_string\"}],\"inLanguage\":\"sl-SI\"},{\"@type\":\"Organization\",\"@id\":\"https:\/\/sen-shop.com\/sl\/#organization\",\"name\":\"Mind trade d.o.o\",\"url\":\"https:\/\/sen-shop.com\/sl\/\",\"logo\":{\"@type\":\"ImageObject\",\"inLanguage\":\"sl-SI\",\"@id\":\"https:\/\/sen-shop.com\/sl\/#\/schema\/logo\/image\/\",\"url\":\"https:\/\/sen-shop.com\/wp-content\/uploads\/2018\/05\/header_logo.png\",\"contentUrl\":\"https:\/\/sen-shop.com\/wp-content\/uploads\/2018\/05\/header_logo.png\",\"width\":138,\"height\":70,\"caption\":\"Mind trade d.o.o\"},\"image\":{\"@id\":\"https:\/\/sen-shop.com\/sl\/#\/schema\/logo\/image\/\"},\"sameAs\":[\"https:\/\/www.instagram.com\/senslovenija\/\",\"https:\/\/www.facebook.com\/Senshopslovenija\"]}]}<\/script>\n<!-- \/ Yoast SEO plugin. -->","yoast_head_json":{"title":"Naravni negovalni balzam za razpokane ustnice z medom. Sen Shop","description":"Balzam za ustnice v kombinaciji \u010debeljega voska, jojobinega olja, kakavovega masla in medu poskrbi tudi za najbolj ob\u010dutljive in razpokane ustnice.","robots":{"index":"index","follow":"follow","max-snippet":"max-snippet:-1","max-image-preview":"max-image-preview:large","max-video-preview":"max-video-preview:-1"},"canonical":"https:\/\/sen-shop.com\/sl\/collections\/osebna-nega\/obraz-oci-ustnice\/balzam-za-ustnice-z-medom\/","og_locale":"sl_SI","og_type":"article","og_title":"Naravni negovalni balzam za razpokane ustnice z medom. Sen Shop","og_description":"Balzam za ustnice v kombinaciji \u010debeljega voska, jojobinega olja, kakavovega masla in medu poskrbi tudi za najbolj ob\u010dutljive in razpokane ustnice.","og_url":"https:\/\/sen-shop.com\/sl\/collections\/osebna-nega\/obraz-oci-ustnice\/balzam-za-ustnice-z-medom\/","og_site_name":"SEN Shop","article_publisher":"https:\/\/www.facebook.com\/Senshopslovenija","article_modified_time":"2026-03-02T10:56:02+00:00","og_image":[{"width":1225,"height":1400,"url":"https:\/\/sen-shop.com\/wp-content\/uploads\/2016\/09\/balzam-za-ustnice_sl.jpg","type":"image\/jpeg"}],"twitter_card":"summary_large_image","twitter_misc":{"Est. reading time":"2 minuti"},"schema":{"@context":"https:\/\/schema.org","@graph":[{"@type":"WebPage","@id":"https:\/\/sen-shop.com\/sl\/collections\/osebna-nega\/obraz-oci-ustnice\/balzam-za-ustnice-z-medom\/","url":"https:\/\/sen-shop.com\/sl\/collections\/osebna-nega\/obraz-oci-ustnice\/balzam-za-ustnice-z-medom\/","name":"Naravni negovalni balzam za razpokane ustnice z medom. Sen Shop","isPartOf":{"@id":"https:\/\/sen-shop.com\/sl\/#website"},"datePublished":"2016-09-15T23:15:06+00:00","dateModified":"2026-03-02T10:56:02+00:00","description":"Balzam za ustnice v kombinaciji \u010debeljega voska, jojobinega olja, kakavovega masla in medu poskrbi tudi za najbolj ob\u010dutljive in razpokane ustnice.","breadcrumb":{"@id":"https:\/\/sen-shop.com\/sl\/collections\/osebna-nega\/obraz-oci-ustnice\/balzam-za-ustnice-z-medom\/#breadcrumb"},"inLanguage":"sl-SI","potentialAction":[{"@type":"ReadAction","target":["https:\/\/sen-shop.com\/sl\/collections\/osebna-nega\/obraz-oci-ustnice\/balzam-za-ustnice-z-medom\/"]}]},{"@type":"BreadcrumbList","@id":"https:\/\/sen-shop.com\/sl\/collections\/osebna-nega\/obraz-oci-ustnice\/balzam-za-ustnice-z-medom\/#breadcrumb","itemListElement":[{"@type":"ListItem","position":1,"name":"Home","item":"https:\/\/sen-shop.com\/sl\/"},{"@type":"ListItem","position":2,"name":"Balzam za ustnice z medom"}]},{"@type":"WebSite","@id":"https:\/\/sen-shop.com\/sl\/#website","url":"https:\/\/sen-shop.com\/sl\/","name":"SEN Shop","description":"Slovensko, Ekolo\u0161ko, Naravno","publisher":{"@id":"https:\/\/sen-shop.com\/sl\/#organization"},"potentialAction":[{"@type":"SearchAction","target":{"@type":"EntryPoint","urlTemplate":"https:\/\/sen-shop.com\/sl\/?s={search_term_string}"},"query-input":"required name=search_term_string"}],"inLanguage":"sl-SI"},{"@type":"Organization","@id":"https:\/\/sen-shop.com\/sl\/#organization","name":"Mind trade d.o.o","url":"https:\/\/sen-shop.com\/sl\/","logo":{"@type":"ImageObject","inLanguage":"sl-SI","@id":"https:\/\/sen-shop.com\/sl\/#\/schema\/logo\/image\/","url":"https:\/\/sen-shop.com\/wp-content\/uploads\/2018\/05\/header_logo.png","contentUrl":"https:\/\/sen-shop.com\/wp-content\/uploads\/2018\/05\/header_logo.png","width":138,"height":70,"caption":"Mind trade d.o.o"},"image":{"@id":"https:\/\/sen-shop.com\/sl\/#\/schema\/logo\/image\/"},"sameAs":["https:\/\/www.instagram.com\/senslovenija\/","https:\/\/www.facebook.com\/Senshopslovenija"]}]}},"_links":{"self":[{"href":"https:\/\/sen-shop.com\/sl\/wp-json\/wp\/v2\/product\/128","targetHints":{"allow":["GET"]}}],"collection":[{"href":"https:\/\/sen-shop.com\/sl\/wp-json\/wp\/v2\/product"}],"about":[{"href":"https:\/\/sen-shop.com\/sl\/wp-json\/wp\/v2\/types\/product"}],"replies":[{"embeddable":true,"href":"https:\/\/sen-shop.com\/sl\/wp-json\/wp\/v2\/comments?post=128"}],"wp:featuredmedia":[{"embeddable":true,"href":"https:\/\/sen-shop.com\/sl\/wp-json\/wp\/v2\/media\/37546"}],"wp:attachment":[{"href":"https:\/\/sen-shop.com\/sl\/wp-json\/wp\/v2\/media?parent=128"}],"wp:term":[{"taxonomy":"product_cat","embeddable":true,"href":"https:\/\/sen-shop.com\/sl\/wp-json\/wp\/v2\/product_cat?post=128"},{"taxonomy":"product_tag","embeddable":true,"href":"https:\/\/sen-shop.com\/sl\/wp-json\/wp\/v2\/product_tag?post=128"}],"curies":[{"name":"wp","href":"https:\/\/api.w.org\/{rel}","templated":true}]}}