{"id":126,"date":"2016-09-16T01:13:33","date_gmt":"2016-09-15T23:13:33","guid":{"rendered":"https:\/\/www.sen-shop.com\/?post_type=product&#038;p=126"},"modified":"2026-03-02T11:55:52","modified_gmt":"2026-03-02T10:55:52","slug":"mazilo-za-nos","status":"publish","type":"product","link":"https:\/\/sen-shop.com\/sl\/collections\/osebna-nega\/obraz-oci-ustnice\/mazilo-za-nos\/","title":{"rendered":"Mazilo za nos"},"content":{"rendered":"<p>[vc_row][vc_column][vc_column_text css=&#8221;.vc_custom_1634637195347{padding-top: 30px !important;padding-right: 30px !important;padding-bottom: 30px !important;padding-left: 30px !important;background-color: #c9db95 !important;}&#8221;]<\/p>\n<h4>Mazilo za nos<\/h4>\n<p>Mazilo za nos s pomo\u010djo naravnih zeli\u0161\u010d in eteri\u010dnih olj <strong>odpira dihalne poti ter s tem pripomore k la\u017ejemu dihanju<\/strong>. Pravilno dihanje je izjemnega pomena za prekrvavitev mo\u017eganov, ki vpliva na po\u010dutje in zdravje posameznika. Naravne sestavine mazila so tudi nadvse primerna za nego ustnic, pa naj bo zima ali poletje.<\/p>\n<p>Zama\u0161en nos je tegoba zimskega \u010dasa. V hladnih mesecih se ve\u010dkrat spopadamo s prehladi, kihanjem, ka\u0161ljanjem in zama\u0161enim nosom. <strong>Zato je pomembno, da se \u017ee ob prvem znaku prehlada le tega pri\u010dne zdraviti.<\/strong><\/p>\n<p><strong>Vnetje sinusov<\/strong> nastane kot posledica virusnega prehlada, ki vodi do<strong> vnetja in po\u0161kodbe sluznice sinusov, na kateri se za\u010dnejo razmno\u017eevati bakterije.<\/strong> V izogib pred vnetjem sinusov vam poleg mazila priporo\u010damo, da pijete dovolj teko\u010dine. S pitjem teko\u010dine boste dosegli, da bo va\u0161a <strong>sluznica bolj navla\u017eena <\/strong>in<strong> sluz iz sinusov bo hitreje odplavljena<\/strong>. Poleg teko\u010dine u\u017eivajte ve\u010d <strong>vitamina C<\/strong>, saj vam ta krepi imunski sistem in je <strong>koristen v boju s sinusnim oku\u017ebam<\/strong>. Priporo\u010damo vam tudi <strong>spanje z dvignjeno glavo<\/strong> in <strong>tople obkladke na obraz.<\/strong>[\/vc_column_text][\/vc_column][\/vc_row][vc_row][vc_column][vc_column_text css=&#8221;.vc_custom_1634637306758{padding-top: 30px !important;padding-right: 30px !important;padding-bottom: 30px !important;padding-left: 30px !important;background-color: #ededed !important;}&#8221;]Ve\u010dino vnetij obnosnih votlin povzro\u010dajo virusi (rinovirusi, korona virusi, respiratorni sincicijski virusi, virusi gripe), bakterije (streptokok pnevmonije, hemofilus influence, Moraxela cataralis, anaerobi, stafilokiki), redko glivice.\u00a0 Med simptomi in znaki, ki govorijo v prid vnetju obnosnih votlin, sodijo bifazni potek, ko bolniki, ki zbolijo z znaki zama\u0161enega nosu in gnojnim izcedkom iz nosu, bolnik pa lahko ima tudi povi\u0161ano telesno temperaturo. Zna\u010dilna je bole\u010dina nad in pod o\u010desi in pa pri sklanjanju naprej, izcedek lahko zateka nazaj v grlo, lahko se pojavijo zadah iz ustne votline, zobobol, glavobol, vnetje \u017erela, ka\u0161elj &#8211; predvsem pono\u010di in motnje voha. Pri otrocih so simptomi manj specifi\u010dni kot pri odraslih.<\/p>\n<p>Prehlade in vnetja obnosni votlin prepre\u010dujemo predvsem z utrjevanjem telesne odpornosti, zdravo prehrano in izogibanjem \u0161kodljivih dejavnikom, kot je kajenje. K utrjevanju pomagata tudi gibanje na sve\u017eem zraku.[\/vc_column_text][\/vc_column][\/vc_row][vc_row][vc_column][vc_column_text]<strong>Mazilo za nos priporo\u010damo pri:<br \/>\n<\/strong><\/p>\n<ul>\n<li>prehladih,<\/li>\n<li>te\u017eavah z zama\u0161enim nosom.<\/li>\n<\/ul>\n<p><span style=\"color: #8c189b;\"><strong> <a style=\"color: #8c189b;\" href=\"https:\/\/sen-shop.com\/wp-content\/uploads\/2016\/09\/070318_Mind_Mazilo-za-nos-15-mL_Aromacert-CoA_5-2018_compressed.pdf\">Aromacert certifikat &#8211; mazilo za nos<\/a><\/strong><\/span>[\/vc_column_text][\/vc_column][\/vc_row]<\/p>\n","protected":false},"excerpt":{"rendered":"<p><img decoding=\"async\" class=\"emoji\" role=\"img\" draggable=\"false\" src=\"https:\/\/s.w.org\/images\/core\/emoji\/17.0.2\/svg\/1f31f.svg\" alt=\"\ud83c\udf1f\" \/> <strong data-start=\"81\" data-end=\"102\">Preselili smo se!<\/strong> <img decoding=\"async\" class=\"emoji\" role=\"img\" draggable=\"false\" src=\"https:\/\/s.w.org\/images\/core\/emoji\/17.0.2\/svg\/1f31f.svg\" alt=\"\ud83c\udf1f\" \/><br data-start=\"105\" data-end=\"108\" \/>Za \u0161e bolj\u0161o izku\u0161njo nakupovanja nas zdaj najdete na <strong data-start=\"162\" data-end=\"207\"><a class=\"decorated-link\" href=\"http:\/\/www.sen-shop.si\/\" target=\"_new\" rel=\"noopener\" data-start=\"164\" data-end=\"205\">www.sen-shop.si<\/a><\/strong>!<\/p>\n<p>Mazilo za nos s pomo\u010djo naravnih zeli\u0161\u010d in eteri\u010dnih olj <strong>odpira dihalne poti<\/strong> ter s tem pripomore <strong>k la\u017ejemu dihanju<\/strong>. Pravilno dihanje je izjemnega pomena za prekrvavitev mo\u017eganov, ki vpliva na po\u010dutje in zdravje posameznika. Naravne sestavine mazila so tudi nadvse primerna za nego ustnic, pa naj bo zima ali poletje.<\/p>\n[banner_zeliscni]\n","protected":false},"featured_media":37567,"comment_status":"open","ping_status":"closed","template":"","meta":{"inline_featured_image":false},"product_cat":[73,56,365],"product_tag":[87,251,257,89,96],"class_list":["post-126","product","type-product","status-publish","has-post-thumbnail","hentry","product_cat-obraz-oci-ustnice","product_cat-osebna-nega","product_cat-crni-petek","product_tag-bio","product_tag-bio-kozmetika","product_tag-ekoloska-kozmetika","product_tag-naravna-kozmetika","product_tag-slovenska-naravna-kozmetika"],"acf":[],"yoast_head":"<!-- This site is optimized with the Yoast SEO plugin v19.13 - https:\/\/yoast.com\/wordpress\/plugins\/seo\/ -->\n<title>Zama\u0161en nos? Vnetje sinusov? Naravno mazilo za nos odpre dihalne poti<\/title>\n<meta name=\"description\" content=\"Vas mu\u010di zama\u0161en nos ali vnetje sinusov?Mazilo za nos s pomo\u010djo naravnih zeli\u0161\u010d in eteri\u010dnih olj odpira dihalne poti ter s tem pripomore k la\u017ejemu dihanju.\" \/>\n<meta name=\"robots\" content=\"index, follow, max-snippet:-1, max-image-preview:large, max-video-preview:-1\" \/>\n<link rel=\"canonical\" href=\"https:\/\/sen-shop.com\/sl\/collections\/osebna-nega\/obraz-oci-ustnice\/mazilo-za-nos\/\" \/>\n<meta property=\"og:locale\" content=\"sl_SI\" \/>\n<meta property=\"og:type\" content=\"article\" \/>\n<meta property=\"og:title\" content=\"Zama\u0161en nos? Vnetje sinusov? Naravno mazilo za nos odpre dihalne poti\" \/>\n<meta property=\"og:description\" content=\"Vas mu\u010di zama\u0161en nos ali vnetje sinusov?Mazilo za nos s pomo\u010djo naravnih zeli\u0161\u010d in eteri\u010dnih olj odpira dihalne poti ter s tem pripomore k la\u017ejemu dihanju.\" \/>\n<meta property=\"og:url\" content=\"https:\/\/sen-shop.com\/sl\/collections\/osebna-nega\/obraz-oci-ustnice\/mazilo-za-nos\/\" \/>\n<meta property=\"og:site_name\" content=\"SEN Shop\" \/>\n<meta property=\"article:publisher\" content=\"https:\/\/www.facebook.com\/Senshopslovenija\" \/>\n<meta property=\"article:modified_time\" content=\"2026-03-02T10:55:52+00:00\" \/>\n<meta property=\"og:image\" content=\"https:\/\/sen-shop.com\/wp-content\/uploads\/2016\/09\/mazilo-za-nos_sl.jpg\" \/>\n\t<meta property=\"og:image:width\" content=\"1225\" \/>\n\t<meta property=\"og:image:height\" content=\"1400\" \/>\n\t<meta property=\"og:image:type\" content=\"image\/jpeg\" \/>\n<meta name=\"twitter:card\" content=\"summary_large_image\" \/>\n<meta name=\"twitter:label1\" content=\"Est. reading time\" \/>\n\t<meta name=\"twitter:data1\" content=\"2 minuti\" \/>\n<script type=\"application\/ld+json\" class=\"yoast-schema-graph\">{\"@context\":\"https:\/\/schema.org\",\"@graph\":[{\"@type\":\"WebPage\",\"@id\":\"https:\/\/sen-shop.com\/sl\/collections\/osebna-nega\/obraz-oci-ustnice\/mazilo-za-nos\/\",\"url\":\"https:\/\/sen-shop.com\/sl\/collections\/osebna-nega\/obraz-oci-ustnice\/mazilo-za-nos\/\",\"name\":\"Zama\u0161en nos? Vnetje sinusov? Naravno mazilo za nos odpre dihalne poti\",\"isPartOf\":{\"@id\":\"https:\/\/sen-shop.com\/sl\/#website\"},\"datePublished\":\"2016-09-15T23:13:33+00:00\",\"dateModified\":\"2026-03-02T10:55:52+00:00\",\"description\":\"Vas mu\u010di zama\u0161en nos ali vnetje sinusov?Mazilo za nos s pomo\u010djo naravnih zeli\u0161\u010d in eteri\u010dnih olj odpira dihalne poti ter s tem pripomore k la\u017ejemu dihanju.\",\"breadcrumb\":{\"@id\":\"https:\/\/sen-shop.com\/sl\/collections\/osebna-nega\/obraz-oci-ustnice\/mazilo-za-nos\/#breadcrumb\"},\"inLanguage\":\"sl-SI\",\"potentialAction\":[{\"@type\":\"ReadAction\",\"target\":[\"https:\/\/sen-shop.com\/sl\/collections\/osebna-nega\/obraz-oci-ustnice\/mazilo-za-nos\/\"]}]},{\"@type\":\"BreadcrumbList\",\"@id\":\"https:\/\/sen-shop.com\/sl\/collections\/osebna-nega\/obraz-oci-ustnice\/mazilo-za-nos\/#breadcrumb\",\"itemListElement\":[{\"@type\":\"ListItem\",\"position\":1,\"name\":\"Home\",\"item\":\"https:\/\/sen-shop.com\/sl\/\"},{\"@type\":\"ListItem\",\"position\":2,\"name\":\"Mazilo za nos\"}]},{\"@type\":\"WebSite\",\"@id\":\"https:\/\/sen-shop.com\/sl\/#website\",\"url\":\"https:\/\/sen-shop.com\/sl\/\",\"name\":\"SEN Shop\",\"description\":\"Slovensko, Ekolo\u0161ko, Naravno\",\"publisher\":{\"@id\":\"https:\/\/sen-shop.com\/sl\/#organization\"},\"potentialAction\":[{\"@type\":\"SearchAction\",\"target\":{\"@type\":\"EntryPoint\",\"urlTemplate\":\"https:\/\/sen-shop.com\/sl\/?s={search_term_string}\"},\"query-input\":\"required name=search_term_string\"}],\"inLanguage\":\"sl-SI\"},{\"@type\":\"Organization\",\"@id\":\"https:\/\/sen-shop.com\/sl\/#organization\",\"name\":\"Mind trade d.o.o\",\"url\":\"https:\/\/sen-shop.com\/sl\/\",\"logo\":{\"@type\":\"ImageObject\",\"inLanguage\":\"sl-SI\",\"@id\":\"https:\/\/sen-shop.com\/sl\/#\/schema\/logo\/image\/\",\"url\":\"https:\/\/sen-shop.com\/wp-content\/uploads\/2018\/05\/header_logo.png\",\"contentUrl\":\"https:\/\/sen-shop.com\/wp-content\/uploads\/2018\/05\/header_logo.png\",\"width\":138,\"height\":70,\"caption\":\"Mind trade d.o.o\"},\"image\":{\"@id\":\"https:\/\/sen-shop.com\/sl\/#\/schema\/logo\/image\/\"},\"sameAs\":[\"https:\/\/www.instagram.com\/senslovenija\/\",\"https:\/\/www.facebook.com\/Senshopslovenija\"]}]}<\/script>\n<!-- \/ Yoast SEO plugin. -->","yoast_head_json":{"title":"Zama\u0161en nos? Vnetje sinusov? Naravno mazilo za nos odpre dihalne poti","description":"Vas mu\u010di zama\u0161en nos ali vnetje sinusov?Mazilo za nos s pomo\u010djo naravnih zeli\u0161\u010d in eteri\u010dnih olj odpira dihalne poti ter s tem pripomore k la\u017ejemu dihanju.","robots":{"index":"index","follow":"follow","max-snippet":"max-snippet:-1","max-image-preview":"max-image-preview:large","max-video-preview":"max-video-preview:-1"},"canonical":"https:\/\/sen-shop.com\/sl\/collections\/osebna-nega\/obraz-oci-ustnice\/mazilo-za-nos\/","og_locale":"sl_SI","og_type":"article","og_title":"Zama\u0161en nos? Vnetje sinusov? Naravno mazilo za nos odpre dihalne poti","og_description":"Vas mu\u010di zama\u0161en nos ali vnetje sinusov?Mazilo za nos s pomo\u010djo naravnih zeli\u0161\u010d in eteri\u010dnih olj odpira dihalne poti ter s tem pripomore k la\u017ejemu dihanju.","og_url":"https:\/\/sen-shop.com\/sl\/collections\/osebna-nega\/obraz-oci-ustnice\/mazilo-za-nos\/","og_site_name":"SEN Shop","article_publisher":"https:\/\/www.facebook.com\/Senshopslovenija","article_modified_time":"2026-03-02T10:55:52+00:00","og_image":[{"width":1225,"height":1400,"url":"https:\/\/sen-shop.com\/wp-content\/uploads\/2016\/09\/mazilo-za-nos_sl.jpg","type":"image\/jpeg"}],"twitter_card":"summary_large_image","twitter_misc":{"Est. reading time":"2 minuti"},"schema":{"@context":"https:\/\/schema.org","@graph":[{"@type":"WebPage","@id":"https:\/\/sen-shop.com\/sl\/collections\/osebna-nega\/obraz-oci-ustnice\/mazilo-za-nos\/","url":"https:\/\/sen-shop.com\/sl\/collections\/osebna-nega\/obraz-oci-ustnice\/mazilo-za-nos\/","name":"Zama\u0161en nos? Vnetje sinusov? Naravno mazilo za nos odpre dihalne poti","isPartOf":{"@id":"https:\/\/sen-shop.com\/sl\/#website"},"datePublished":"2016-09-15T23:13:33+00:00","dateModified":"2026-03-02T10:55:52+00:00","description":"Vas mu\u010di zama\u0161en nos ali vnetje sinusov?Mazilo za nos s pomo\u010djo naravnih zeli\u0161\u010d in eteri\u010dnih olj odpira dihalne poti ter s tem pripomore k la\u017ejemu dihanju.","breadcrumb":{"@id":"https:\/\/sen-shop.com\/sl\/collections\/osebna-nega\/obraz-oci-ustnice\/mazilo-za-nos\/#breadcrumb"},"inLanguage":"sl-SI","potentialAction":[{"@type":"ReadAction","target":["https:\/\/sen-shop.com\/sl\/collections\/osebna-nega\/obraz-oci-ustnice\/mazilo-za-nos\/"]}]},{"@type":"BreadcrumbList","@id":"https:\/\/sen-shop.com\/sl\/collections\/osebna-nega\/obraz-oci-ustnice\/mazilo-za-nos\/#breadcrumb","itemListElement":[{"@type":"ListItem","position":1,"name":"Home","item":"https:\/\/sen-shop.com\/sl\/"},{"@type":"ListItem","position":2,"name":"Mazilo za nos"}]},{"@type":"WebSite","@id":"https:\/\/sen-shop.com\/sl\/#website","url":"https:\/\/sen-shop.com\/sl\/","name":"SEN Shop","description":"Slovensko, Ekolo\u0161ko, Naravno","publisher":{"@id":"https:\/\/sen-shop.com\/sl\/#organization"},"potentialAction":[{"@type":"SearchAction","target":{"@type":"EntryPoint","urlTemplate":"https:\/\/sen-shop.com\/sl\/?s={search_term_string}"},"query-input":"required name=search_term_string"}],"inLanguage":"sl-SI"},{"@type":"Organization","@id":"https:\/\/sen-shop.com\/sl\/#organization","name":"Mind trade d.o.o","url":"https:\/\/sen-shop.com\/sl\/","logo":{"@type":"ImageObject","inLanguage":"sl-SI","@id":"https:\/\/sen-shop.com\/sl\/#\/schema\/logo\/image\/","url":"https:\/\/sen-shop.com\/wp-content\/uploads\/2018\/05\/header_logo.png","contentUrl":"https:\/\/sen-shop.com\/wp-content\/uploads\/2018\/05\/header_logo.png","width":138,"height":70,"caption":"Mind trade d.o.o"},"image":{"@id":"https:\/\/sen-shop.com\/sl\/#\/schema\/logo\/image\/"},"sameAs":["https:\/\/www.instagram.com\/senslovenija\/","https:\/\/www.facebook.com\/Senshopslovenija"]}]}},"_links":{"self":[{"href":"https:\/\/sen-shop.com\/sl\/wp-json\/wp\/v2\/product\/126","targetHints":{"allow":["GET"]}}],"collection":[{"href":"https:\/\/sen-shop.com\/sl\/wp-json\/wp\/v2\/product"}],"about":[{"href":"https:\/\/sen-shop.com\/sl\/wp-json\/wp\/v2\/types\/product"}],"replies":[{"embeddable":true,"href":"https:\/\/sen-shop.com\/sl\/wp-json\/wp\/v2\/comments?post=126"}],"wp:featuredmedia":[{"embeddable":true,"href":"https:\/\/sen-shop.com\/sl\/wp-json\/wp\/v2\/media\/37567"}],"wp:attachment":[{"href":"https:\/\/sen-shop.com\/sl\/wp-json\/wp\/v2\/media?parent=126"}],"wp:term":[{"taxonomy":"product_cat","embeddable":true,"href":"https:\/\/sen-shop.com\/sl\/wp-json\/wp\/v2\/product_cat?post=126"},{"taxonomy":"product_tag","embeddable":true,"href":"https:\/\/sen-shop.com\/sl\/wp-json\/wp\/v2\/product_tag?post=126"}],"curies":[{"name":"wp","href":"https:\/\/api.w.org\/{rel}","templated":true}]}}