{"id":124,"date":"2016-09-16T01:10:11","date_gmt":"2016-09-15T23:10:11","guid":{"rendered":"https:\/\/www.sen-shop.com\/?post_type=product&#038;p=124"},"modified":"2026-03-02T11:54:12","modified_gmt":"2026-03-02T10:54:12","slug":"naravno-milo-za-intimno-nego","status":"publish","type":"product","link":"https:\/\/sen-shop.com\/sl\/collections\/osebna-nega\/intimna-nega\/naravno-milo-za-intimno-nego\/","title":{"rendered":"Naravno milo za intimno nego"},"content":{"rendered":"<p>[vc_row][vc_column][vc_column_text css=&#8221;.vc_custom_1625048013170{padding-top: 30px !important;padding-right: 30px !important;padding-bottom: 30px !important;padding-left: 30px !important;background-color: #c9db95 !important;}&#8221;]<\/p>\n<h4>Naravno milo za intimno nego<\/h4>\n<p><strong>VLA\u017dI KO\u017dO IN SLUZNICO<\/strong><br \/>\nNeprijeten ob\u010dutek in srbenje je pogosto posledica suhe in razdra\u017eene sluznice. Naravno intimno milo vsebuje sluznici prijazne sestavine, kot so izvle\u010dek kamilice, ognji\u010da, olje sivke in propolisa. Naravno milo ne\u017eno o\u010disti in neguje intimne predele ter poskrbi za ohranjanje naravne vla\u017enosti ob\u010dutljive ko\u017ee in sluznice. Uporaba sinteti\u010dnih mil, ki pogosto vsebujejo agresivne snovi, namenjene penjenju, lahko po\u0161kodujejo va\u0161o sluznico. Naravno intimno milo z izvle\u010dki ognji\u010da in kamilice deluje pomirjevalno in vzdr\u017euje naravno fiziolo\u0161ko ravnovesje va\u0161e ko\u017ee. Zagotavlja ustrezno za\u0161\u010dito intimnih predelov \u010dez cel dan.<\/p>\n<p><strong>DELUJE BLAGODEJNO<\/strong><br \/>\nZaradi stresnega tempa \u017eivljenja je sluznica intimnih predelov veliko bolj dovzetna za \u0161kodljive zunanje vplive, ki lahko poru\u0161ijo naravno za\u0161\u010ditno ravnovesje. \u010cezmerno razmno\u017eevanje patogenih bakterij in glivic povzro\u010da vnetja no\u017enice, srbe\u010dico in peko\u010d ob\u010dutek. Ravnovesje poleg stresa ru\u0161ijo tudi hormonske spremembe in uporaba sinteti\u010dnih mil s PH vi\u0161jim od 7. Intimni deli potrebujejo posebno nego, zato svetujemo uporabo naravnega intimnega mila brez umetnih penilcev, barvil in konzervansov, ki \u0161\u010diti tudi najne\u017enej\u0161o ko\u017eo va\u0161ega telesa.[\/vc_column_text][\/vc_column][\/vc_row][vc_row][vc_column][vc_column_text css=&#8221;.vc_custom_1625048025755{padding-top: 30px !important;padding-right: 30px !important;padding-bottom: 30px !important;padding-left: 30px !important;background-color: #ededed !important;}&#8221;]<\/p>\n<h5>Vnetje no\u017enice<\/h5>\n<p>Vnetje no\u017enice obi\u010dajno povzro\u010da glivica Candida albicans. Obolenje najpogosteje prizadene \u017eenske med dvajsetim in tridesetim letom starosti in nose\u010dnice. V no\u017enice odrasle \u017eenske obi\u010dajno \u017eivi v so\u017eitju ve\u010d vrst koristnih bakterij in mikroorganizmov. S tem vzdr\u017euje primerno kislo okolje, ki \u0161\u010diti pred \u0161kodljivimi bakterijami. \u010ce se ravnovesje vseh teh bakterij in glivic zaradi razli\u010dnih vzrokov poru\u0161i, se glivice prekomerno razmno\u017eijo, kar povzro\u010di glivi\u010dno vnetje zunanjega splovila, no\u017enice.<\/p>\n<h5>Intimna nega<\/h5>\n<p>Normalno no\u017eni\u010dno floro pa lahko poru\u0161i tudi stresno \u017eivljenje, psihi\u010dne te\u017eave, spremembe okolja, no\u0161enje oprijetih obla\u010dil in spodnjega perila iz umetnih tkanin, vla\u017ene kopalke, uporaba odi\u0161avljenih dnevnih vlo\u017ekov, uporaba di\u0161e\u010dih mil, rob\u010dkov, dezodorantov v podro\u010dju genitalij ter prekomerno umivanje genitalij. Slednje je lahko zelo \u0161kodljivo, saj se s tem lahko izpere naravna no\u017eni\u010dna flora.[\/vc_column_text][\/vc_column][\/vc_row][vc_row][vc_column][vc_column_text]Poskrbite za svoje intimne dele.<\/p>\n<p><span style=\"color: #8c189b;\"><strong> <a style=\"color: #8c189b;\" href=\"https:\/\/sen-shop.com\/wp-content\/uploads\/2016\/09\/071518_Mind_MILO-ZA-INTIMNO-NEGO-300-mL_Aromacert-CoA_5-2018_compressed.pdf\">Aromacert certifikat &#8211; milo za intimno nego<\/a><\/strong><\/span>[\/vc_column_text][\/vc_column][\/vc_row]<\/p>\n","protected":false},"excerpt":{"rendered":"<p><img decoding=\"async\" class=\"emoji\" role=\"img\" draggable=\"false\" src=\"https:\/\/s.w.org\/images\/core\/emoji\/17.0.2\/svg\/1f31f.svg\" alt=\"\ud83c\udf1f\" \/> <strong data-start=\"81\" data-end=\"102\">Preselili smo se!<\/strong> <img decoding=\"async\" class=\"emoji\" role=\"img\" draggable=\"false\" src=\"https:\/\/s.w.org\/images\/core\/emoji\/17.0.2\/svg\/1f31f.svg\" alt=\"\ud83c\udf1f\" \/><br data-start=\"105\" data-end=\"108\" \/>Za \u0161e bolj\u0161o izku\u0161njo nakupovanja nas zdaj najdete na <strong data-start=\"162\" data-end=\"207\"><a class=\"decorated-link\" href=\"http:\/\/www.sen-shop.si\/\" target=\"_new\" rel=\"noopener\" data-start=\"164\" data-end=\"205\">www.sen-shop.si<\/a><\/strong>!<\/p>\n<p>Naravno milo za intimno nego je zaradi svoje ne\u017ene sestave primerno za vsakodnevno umivanje ne\u017ene in ob\u010dutljive ko\u017ee intimnih predelov. Kisel PH 5.0 intimnega mila z blagim penilnim sredstvom naravnega izvora (iz koruze in kokosovega olja) in dodanim eteri\u010dnimi olji vzdr\u017euje fiziolo\u0161ko ravnovesje intimnih delov.<\/p>\n[banner_zeliscni]\n","protected":false},"featured_media":36363,"comment_status":"open","ping_status":"closed","template":"","meta":{"inline_featured_image":false},"product_cat":[78,56,365],"product_tag":[87,251,257,106,89,96],"class_list":["post-124","product","type-product","status-publish","has-post-thumbnail","hentry","product_cat-intimna-nega","product_cat-osebna-nega","product_cat-crni-petek","product_tag-bio","product_tag-bio-kozmetika","product_tag-ekoloska-kozmetika","product_tag-intimna-nega-2","product_tag-naravna-kozmetika","product_tag-slovenska-naravna-kozmetika"],"acf":[],"yoast_head":"<!-- This site is optimized with the Yoast SEO plugin v19.13 - https:\/\/yoast.com\/wordpress\/plugins\/seo\/ -->\n<title>Intimno milo. Intimna nega z naravnim milom, ki prepre\u010duje vnetje no\u017enice.<\/title>\n<meta name=\"description\" content=\"Naravno, intimno milo je primerno za vsakodnevno umivanje ne\u017ene in ob\u010dutljive ko\u017ee intimnih predelov. Prepre\u010duje vnetje no\u017enice in uravnava naravni pH.\" \/>\n<meta name=\"robots\" content=\"index, follow, max-snippet:-1, max-image-preview:large, max-video-preview:-1\" \/>\n<link rel=\"canonical\" href=\"https:\/\/sen-shop.com\/sl\/collections\/osebna-nega\/intimna-nega\/naravno-milo-za-intimno-nego\/\" \/>\n<meta property=\"og:locale\" content=\"sl_SI\" \/>\n<meta property=\"og:type\" content=\"article\" \/>\n<meta property=\"og:title\" content=\"Intimno milo. Intimna nega z naravnim milom, ki prepre\u010duje vnetje no\u017enice.\" \/>\n<meta property=\"og:description\" content=\"Naravno, intimno milo je primerno za vsakodnevno umivanje ne\u017ene in ob\u010dutljive ko\u017ee intimnih predelov. Prepre\u010duje vnetje no\u017enice in uravnava naravni pH.\" \/>\n<meta property=\"og:url\" content=\"https:\/\/sen-shop.com\/sl\/collections\/osebna-nega\/intimna-nega\/naravno-milo-za-intimno-nego\/\" \/>\n<meta property=\"og:site_name\" content=\"SEN Shop\" \/>\n<meta property=\"article:publisher\" content=\"https:\/\/www.facebook.com\/Senshopslovenija\" \/>\n<meta property=\"article:modified_time\" content=\"2026-03-02T10:54:12+00:00\" \/>\n<meta property=\"og:image\" content=\"https:\/\/sen-shop.com\/wp-content\/uploads\/2016\/09\/intimno-milo_sl_hr_splet.jpg\" \/>\n\t<meta property=\"og:image:width\" content=\"1225\" \/>\n\t<meta property=\"og:image:height\" content=\"1400\" \/>\n\t<meta property=\"og:image:type\" content=\"image\/jpeg\" \/>\n<meta name=\"twitter:card\" content=\"summary_large_image\" \/>\n<meta name=\"twitter:label1\" content=\"Est. reading time\" \/>\n\t<meta name=\"twitter:data1\" content=\"2 minuti\" \/>\n<script type=\"application\/ld+json\" class=\"yoast-schema-graph\">{\"@context\":\"https:\/\/schema.org\",\"@graph\":[{\"@type\":\"WebPage\",\"@id\":\"https:\/\/sen-shop.com\/sl\/collections\/osebna-nega\/intimna-nega\/naravno-milo-za-intimno-nego\/\",\"url\":\"https:\/\/sen-shop.com\/sl\/collections\/osebna-nega\/intimna-nega\/naravno-milo-za-intimno-nego\/\",\"name\":\"Intimno milo. Intimna nega z naravnim milom, ki prepre\u010duje vnetje no\u017enice.\",\"isPartOf\":{\"@id\":\"https:\/\/sen-shop.com\/sl\/#website\"},\"datePublished\":\"2016-09-15T23:10:11+00:00\",\"dateModified\":\"2026-03-02T10:54:12+00:00\",\"description\":\"Naravno, intimno milo je primerno za vsakodnevno umivanje ne\u017ene in ob\u010dutljive ko\u017ee intimnih predelov. Prepre\u010duje vnetje no\u017enice in uravnava naravni pH.\",\"breadcrumb\":{\"@id\":\"https:\/\/sen-shop.com\/sl\/collections\/osebna-nega\/intimna-nega\/naravno-milo-za-intimno-nego\/#breadcrumb\"},\"inLanguage\":\"sl-SI\",\"potentialAction\":[{\"@type\":\"ReadAction\",\"target\":[\"https:\/\/sen-shop.com\/sl\/collections\/osebna-nega\/intimna-nega\/naravno-milo-za-intimno-nego\/\"]}]},{\"@type\":\"BreadcrumbList\",\"@id\":\"https:\/\/sen-shop.com\/sl\/collections\/osebna-nega\/intimna-nega\/naravno-milo-za-intimno-nego\/#breadcrumb\",\"itemListElement\":[{\"@type\":\"ListItem\",\"position\":1,\"name\":\"Home\",\"item\":\"https:\/\/sen-shop.com\/sl\/\"},{\"@type\":\"ListItem\",\"position\":2,\"name\":\"Naravno milo za intimno nego\"}]},{\"@type\":\"WebSite\",\"@id\":\"https:\/\/sen-shop.com\/sl\/#website\",\"url\":\"https:\/\/sen-shop.com\/sl\/\",\"name\":\"SEN Shop\",\"description\":\"Slovensko, Ekolo\u0161ko, Naravno\",\"publisher\":{\"@id\":\"https:\/\/sen-shop.com\/sl\/#organization\"},\"potentialAction\":[{\"@type\":\"SearchAction\",\"target\":{\"@type\":\"EntryPoint\",\"urlTemplate\":\"https:\/\/sen-shop.com\/sl\/?s={search_term_string}\"},\"query-input\":\"required name=search_term_string\"}],\"inLanguage\":\"sl-SI\"},{\"@type\":\"Organization\",\"@id\":\"https:\/\/sen-shop.com\/sl\/#organization\",\"name\":\"Mind trade d.o.o\",\"url\":\"https:\/\/sen-shop.com\/sl\/\",\"logo\":{\"@type\":\"ImageObject\",\"inLanguage\":\"sl-SI\",\"@id\":\"https:\/\/sen-shop.com\/sl\/#\/schema\/logo\/image\/\",\"url\":\"https:\/\/sen-shop.com\/wp-content\/uploads\/2018\/05\/header_logo.png\",\"contentUrl\":\"https:\/\/sen-shop.com\/wp-content\/uploads\/2018\/05\/header_logo.png\",\"width\":138,\"height\":70,\"caption\":\"Mind trade d.o.o\"},\"image\":{\"@id\":\"https:\/\/sen-shop.com\/sl\/#\/schema\/logo\/image\/\"},\"sameAs\":[\"https:\/\/www.instagram.com\/senslovenija\/\",\"https:\/\/www.facebook.com\/Senshopslovenija\"]}]}<\/script>\n<!-- \/ Yoast SEO plugin. -->","yoast_head_json":{"title":"Intimno milo. Intimna nega z naravnim milom, ki prepre\u010duje vnetje no\u017enice.","description":"Naravno, intimno milo je primerno za vsakodnevno umivanje ne\u017ene in ob\u010dutljive ko\u017ee intimnih predelov. Prepre\u010duje vnetje no\u017enice in uravnava naravni pH.","robots":{"index":"index","follow":"follow","max-snippet":"max-snippet:-1","max-image-preview":"max-image-preview:large","max-video-preview":"max-video-preview:-1"},"canonical":"https:\/\/sen-shop.com\/sl\/collections\/osebna-nega\/intimna-nega\/naravno-milo-za-intimno-nego\/","og_locale":"sl_SI","og_type":"article","og_title":"Intimno milo. Intimna nega z naravnim milom, ki prepre\u010duje vnetje no\u017enice.","og_description":"Naravno, intimno milo je primerno za vsakodnevno umivanje ne\u017ene in ob\u010dutljive ko\u017ee intimnih predelov. Prepre\u010duje vnetje no\u017enice in uravnava naravni pH.","og_url":"https:\/\/sen-shop.com\/sl\/collections\/osebna-nega\/intimna-nega\/naravno-milo-za-intimno-nego\/","og_site_name":"SEN Shop","article_publisher":"https:\/\/www.facebook.com\/Senshopslovenija","article_modified_time":"2026-03-02T10:54:12+00:00","og_image":[{"width":1225,"height":1400,"url":"https:\/\/sen-shop.com\/wp-content\/uploads\/2016\/09\/intimno-milo_sl_hr_splet.jpg","type":"image\/jpeg"}],"twitter_card":"summary_large_image","twitter_misc":{"Est. reading time":"2 minuti"},"schema":{"@context":"https:\/\/schema.org","@graph":[{"@type":"WebPage","@id":"https:\/\/sen-shop.com\/sl\/collections\/osebna-nega\/intimna-nega\/naravno-milo-za-intimno-nego\/","url":"https:\/\/sen-shop.com\/sl\/collections\/osebna-nega\/intimna-nega\/naravno-milo-za-intimno-nego\/","name":"Intimno milo. Intimna nega z naravnim milom, ki prepre\u010duje vnetje no\u017enice.","isPartOf":{"@id":"https:\/\/sen-shop.com\/sl\/#website"},"datePublished":"2016-09-15T23:10:11+00:00","dateModified":"2026-03-02T10:54:12+00:00","description":"Naravno, intimno milo je primerno za vsakodnevno umivanje ne\u017ene in ob\u010dutljive ko\u017ee intimnih predelov. Prepre\u010duje vnetje no\u017enice in uravnava naravni pH.","breadcrumb":{"@id":"https:\/\/sen-shop.com\/sl\/collections\/osebna-nega\/intimna-nega\/naravno-milo-za-intimno-nego\/#breadcrumb"},"inLanguage":"sl-SI","potentialAction":[{"@type":"ReadAction","target":["https:\/\/sen-shop.com\/sl\/collections\/osebna-nega\/intimna-nega\/naravno-milo-za-intimno-nego\/"]}]},{"@type":"BreadcrumbList","@id":"https:\/\/sen-shop.com\/sl\/collections\/osebna-nega\/intimna-nega\/naravno-milo-za-intimno-nego\/#breadcrumb","itemListElement":[{"@type":"ListItem","position":1,"name":"Home","item":"https:\/\/sen-shop.com\/sl\/"},{"@type":"ListItem","position":2,"name":"Naravno milo za intimno nego"}]},{"@type":"WebSite","@id":"https:\/\/sen-shop.com\/sl\/#website","url":"https:\/\/sen-shop.com\/sl\/","name":"SEN Shop","description":"Slovensko, Ekolo\u0161ko, Naravno","publisher":{"@id":"https:\/\/sen-shop.com\/sl\/#organization"},"potentialAction":[{"@type":"SearchAction","target":{"@type":"EntryPoint","urlTemplate":"https:\/\/sen-shop.com\/sl\/?s={search_term_string}"},"query-input":"required name=search_term_string"}],"inLanguage":"sl-SI"},{"@type":"Organization","@id":"https:\/\/sen-shop.com\/sl\/#organization","name":"Mind trade d.o.o","url":"https:\/\/sen-shop.com\/sl\/","logo":{"@type":"ImageObject","inLanguage":"sl-SI","@id":"https:\/\/sen-shop.com\/sl\/#\/schema\/logo\/image\/","url":"https:\/\/sen-shop.com\/wp-content\/uploads\/2018\/05\/header_logo.png","contentUrl":"https:\/\/sen-shop.com\/wp-content\/uploads\/2018\/05\/header_logo.png","width":138,"height":70,"caption":"Mind trade d.o.o"},"image":{"@id":"https:\/\/sen-shop.com\/sl\/#\/schema\/logo\/image\/"},"sameAs":["https:\/\/www.instagram.com\/senslovenija\/","https:\/\/www.facebook.com\/Senshopslovenija"]}]}},"_links":{"self":[{"href":"https:\/\/sen-shop.com\/sl\/wp-json\/wp\/v2\/product\/124","targetHints":{"allow":["GET"]}}],"collection":[{"href":"https:\/\/sen-shop.com\/sl\/wp-json\/wp\/v2\/product"}],"about":[{"href":"https:\/\/sen-shop.com\/sl\/wp-json\/wp\/v2\/types\/product"}],"replies":[{"embeddable":true,"href":"https:\/\/sen-shop.com\/sl\/wp-json\/wp\/v2\/comments?post=124"}],"wp:featuredmedia":[{"embeddable":true,"href":"https:\/\/sen-shop.com\/sl\/wp-json\/wp\/v2\/media\/36363"}],"wp:attachment":[{"href":"https:\/\/sen-shop.com\/sl\/wp-json\/wp\/v2\/media?parent=124"}],"wp:term":[{"taxonomy":"product_cat","embeddable":true,"href":"https:\/\/sen-shop.com\/sl\/wp-json\/wp\/v2\/product_cat?post=124"},{"taxonomy":"product_tag","embeddable":true,"href":"https:\/\/sen-shop.com\/sl\/wp-json\/wp\/v2\/product_tag?post=124"}],"curies":[{"name":"wp","href":"https:\/\/api.w.org\/{rel}","templated":true}]}}