{"id":122,"date":"2016-09-16T01:08:02","date_gmt":"2016-09-15T23:08:02","guid":{"rendered":"https:\/\/www.sen-shop.com\/?post_type=product&#038;p=122"},"modified":"2026-03-02T11:53:56","modified_gmt":"2026-03-02T10:53:56","slug":"bio-maslo-za-nego-obcutljive-koze","status":"publish","type":"product","link":"https:\/\/sen-shop.com\/sl\/collections\/osebna-nega\/nega-telesa\/bio-maslo-za-nego-obcutljive-koze\/","title":{"rendered":"BIO maslo za ob\u010dutljivo ko\u017eo"},"content":{"rendered":"<p>[vc_row][vc_column][vc_column_text css=&#8221;.vc_custom_1625133982203{padding-top: 30px !important;padding-right: 30px !important;padding-bottom: 30px !important;padding-left: 30px !important;background-color: #c9db95 !important;}&#8221;]<\/p>\n<h4>BIO maslo za telo<\/h4>\n<p>Karitejevo maslo, mangovo maslo, BIO jojobino olje<\/p>\n<h5><strong>KORISTI BIO MASLA ZA TELO:<\/strong><\/h5>\n<ul>\n<li>vla\u017ei, meh\u010da in neguje suho ter hrapavo ko\u017eo,<\/li>\n<li>podpira sposobnost obnavljanja in varuje pred izsu\u0161itvijo ko\u017ee,<\/li>\n<li>prepre\u010duje nastanek strij,<\/li>\n<li>neguje prsi med dojenjem,<\/li>\n<li>neguje ko\u017eo po tetoviranju,<\/li>\n<li>neguje ko\u017eo dojen\u010dkov,<\/li>\n<li>prepre\u010duje manj\u0161e izpu\u0161\u010daje pod plenicami,<\/li>\n<li>varuje in bla\u017ei dra\u017eenje zaradi mokrih plenic.<\/li>\n<\/ul>\n<h5><strong>NARAVNA POMO\u010c PRI STRIJAH<\/strong><\/h5>\n<p>Zaradi prehitre rasti telesne te\u017ee nastanejo v veznem tkivu razpoke t. i strije. Elasti\u010dnost ko\u017ee lahko pove\u010damo s pravilno prehrano in dodatno nego ko\u017ee. Razvoj formule BIO masla za nego ob\u010dutljive ko\u017ee je plod dolgoletnih izku\u0161enj in zavedanja, da je zdravje najpomembnej\u0161e. Kombinacija karitejevo maslo, mangovo maslo in jojobino olje navla\u017ei ko\u017eo in prepre\u010duje nastanek strij. Vse kar nanesemo na ko\u017eo kon\u010da v na\u0161ih organih, zato je \u0161e posebej za nose\u010dnice in otroke pomembno, da uporabljajo BIO izdelke za nego ko\u017ee.\u00a0 O nose\u010dni\u0161kih strijah si lahko preberete ve\u010d na na\u0161em <strong><span style=\"color: #8c189b;\"><a href=\"https:\/\/sen-shop.com\/blogs\/vzroki-za-nastanek-nosecniskih-strij-in-kako-jih-prepreciti\/\">blogu<\/a>.<\/span><\/strong><\/p>\n<h5><strong>VLA\u017dI SUHO IN HRAPAVO KO\u017dO<\/strong><\/h5>\n<p>Najpogostej\u0161i vzroki te\u017eav s ko\u017eo so poru\u0161eno ravnovesje hormonov, jemanje zdravil, uporaba sinteti\u010dnih kozmeti\u010dnih proizvodov ali bolezni, kot sta psoriaza in dermatitis. Te\u017eave s ko\u017eo lahko nastanejo tudi zaradi izpostavljenosti vsakodnevnim zunanjim vplivom. Poleti sonce po\u0161koduje ko\u017eo, pozimi pa jo ogrevanje v notranjih prostorih mo\u010dno izsu\u0161i. Maslo za nego ob\u010dutljive ko\u017ee na naraven na\u010din \u0161\u010diti ko\u017eo v vseh letnih \u010dasih.[\/vc_column_text][\/vc_column][\/vc_row][vc_row][vc_column][vc_column_text css=&#8221;.vc_custom_1625133433399{padding-top: 30px !important;padding-right: 30px !important;padding-bottom: 30px !important;padding-left: 30px !important;background-color: #EDEDED !important;}&#8221;]<\/p>\n<h5><strong>PODPIRA SPOSOBNOST OBNAVLJANJA KO\u017dE<\/strong><\/h5>\n<p>Eteri\u010dno olje \u010dajevca izbolj\u0161uje prekrvavitev in pospe\u0161uje odvajanje vode. Pozitivne lastnosti BIO \u010dajevca zmanj\u0161ujejo nastanek ko\u017enih izpu\u0161\u010dajev. V kombinaciji s karitejevim maslom z vsebnostjo provitamina A, vitamina E in alantoina vra\u010da ko\u017ei pro\u017enost. Sestavine BIO masla za nego ko\u017ee bla\u017eijo vnetja ko\u017ee in pospe\u0161ujejo celjenje manj\u0161ih brazgotin.[\/vc_column_text][\/vc_column][\/vc_row][vc_row][vc_column][vc_column_text]<\/p>\n<h5><strong>PRIMERNO ZA VSO DRU\u017dINO<\/strong><\/h5>\n<p>Otro\u0161ka ko\u017ea je tanj\u0161a in veliko bolj ob\u010dutljiva na zunanje dejavnike, posledice pa so vidne \u0161ele \u010dez leta. Zato je treba z nego ko\u017ee za\u010deti pravo\u010dasno. Nizke temperature na otro\u0161ki ko\u017ei pustijo sledi v obliki li\u0161ajev, peko\u010dega ob\u010dutka in razpokane ko\u017ee. BIO maslo za nego ob\u010dutljive ko\u017ee je primerno za celotno dru\u017eino. Nose\u010dnice z BIO maslom na naraven na\u010din prepre\u010dijo strije in kasneje z njim negujejo ne\u017eno dojen\u010dkovo ko\u017eo. Zaradi antisepti\u010dnih u\u010dinkovin BIO masla ga priporo\u010damo tudi po britju. Zdrava dru\u017eina je tudi sre\u010dna dru\u017eina, zato v va\u0161i kopalnici BIO maslo ne sme manjkati.[\/vc_column_text][\/vc_column][\/vc_row]<\/p>\n","protected":false},"excerpt":{"rendered":"<p><img decoding=\"async\" class=\"emoji\" role=\"img\" draggable=\"false\" src=\"https:\/\/s.w.org\/images\/core\/emoji\/17.0.2\/svg\/1f31f.svg\" alt=\"\ud83c\udf1f\" \/> <strong data-start=\"81\" data-end=\"102\">Preselili smo se!<\/strong> <img decoding=\"async\" class=\"emoji\" role=\"img\" draggable=\"false\" src=\"https:\/\/s.w.org\/images\/core\/emoji\/17.0.2\/svg\/1f31f.svg\" alt=\"\ud83c\udf1f\" \/><br data-start=\"105\" data-end=\"108\" \/>Za \u0161e bolj\u0161o izku\u0161njo nakupovanja nas zdaj najdete na <strong data-start=\"162\" data-end=\"207\"><a class=\"decorated-link\" href=\"http:\/\/www.sen-shop.si\/\" target=\"_new\" rel=\"noopener\" data-start=\"164\" data-end=\"205\">www.sen-shop.si<\/a><\/strong>!<\/p>\n<p>BIO maslo za telo je primerno predvsem za suho in ob\u010dutljivo ko\u017eo ter kot pomo\u010d pri strijah. Karitejevo maslo gladi hrapavo ko\u017eo in ji vra\u010da naravno vla\u017enost. Zaradi skrbno izbranih sestavin ga lahko uporabljajo tudi nose\u010dnice, otroci in dojen\u010dki.<\/p>\n[banner_zeliscni]\n","protected":false},"featured_media":25943,"comment_status":"open","ping_status":"closed","template":"","meta":{"inline_featured_image":false},"product_cat":[76,75,56,79,365],"product_tag":[264,87,251,257,283,89,92,96],"class_list":["post-122","product","type-product","status-publish","has-post-thumbnail","hentry","product_cat-nega-nog","product_cat-nega-telesa","product_cat-osebna-nega","product_cat-otroci","product_cat-crni-petek","product_tag-atopijski-dermatitis","product_tag-bio","product_tag-bio-kozmetika","product_tag-ekoloska-kozmetika","product_tag-krema-za-strije","product_tag-naravna-kozmetika","product_tag-nega-telesa-2","product_tag-slovenska-naravna-kozmetika"],"acf":[],"yoast_head":"<!-- This site is optimized with the Yoast SEO plugin v19.13 - https:\/\/yoast.com\/wordpress\/plugins\/seo\/ -->\n<title>Naravno karitejevo maslo za telo proti strijam, suhi ko\u017ei. Naravna kozmetika.<\/title>\n<meta name=\"description\" content=\"Naravna kozmetika. Maslo za telo je primerno predvsem za suho in ob\u010dutljivo ko\u017eo ter strije. Karitejevo maslo gladi ko\u017eo in ji vra\u010da vla\u017enost.\" \/>\n<meta name=\"robots\" content=\"index, follow, max-snippet:-1, max-image-preview:large, max-video-preview:-1\" \/>\n<link rel=\"canonical\" href=\"https:\/\/sen-shop.com\/sl\/collections\/osebna-nega\/nega-telesa\/bio-maslo-za-nego-obcutljive-koze\/\" \/>\n<meta property=\"og:locale\" content=\"sl_SI\" \/>\n<meta property=\"og:type\" content=\"article\" \/>\n<meta property=\"og:title\" content=\"Naravno karitejevo maslo za telo proti strijam, suhi ko\u017ei. Naravna kozmetika.\" \/>\n<meta property=\"og:description\" content=\"Naravna kozmetika. Maslo za telo je primerno predvsem za suho in ob\u010dutljivo ko\u017eo ter strije. Karitejevo maslo gladi ko\u017eo in ji vra\u010da vla\u017enost.\" \/>\n<meta property=\"og:url\" content=\"https:\/\/sen-shop.com\/sl\/collections\/osebna-nega\/nega-telesa\/bio-maslo-za-nego-obcutljive-koze\/\" \/>\n<meta property=\"og:site_name\" content=\"SEN Shop\" \/>\n<meta property=\"article:publisher\" content=\"https:\/\/www.facebook.com\/Senshopslovenija\" \/>\n<meta property=\"article:modified_time\" content=\"2026-03-02T10:53:56+00:00\" \/>\n<meta property=\"og:image\" content=\"https:\/\/sen-shop.com\/wp-content\/uploads\/2016\/09\/bio-maslo-za-telo-za-nego-suhe-in-razpokane-koze-tatto-za-dojencke-strije-obcutljiva-koza-karitejevo-mangovo-maslo-jojobino-olje-vitamin-a-c-e-1.jpg\" \/>\n\t<meta property=\"og:image:width\" content=\"1000\" \/>\n\t<meta property=\"og:image:height\" content=\"1143\" \/>\n\t<meta property=\"og:image:type\" content=\"image\/jpeg\" \/>\n<meta name=\"twitter:card\" content=\"summary_large_image\" \/>\n<meta name=\"twitter:label1\" content=\"Est. reading time\" \/>\n\t<meta name=\"twitter:data1\" content=\"3 minute\" \/>\n<script type=\"application\/ld+json\" class=\"yoast-schema-graph\">{\"@context\":\"https:\/\/schema.org\",\"@graph\":[{\"@type\":\"WebPage\",\"@id\":\"https:\/\/sen-shop.com\/sl\/collections\/osebna-nega\/nega-telesa\/bio-maslo-za-nego-obcutljive-koze\/\",\"url\":\"https:\/\/sen-shop.com\/sl\/collections\/osebna-nega\/nega-telesa\/bio-maslo-za-nego-obcutljive-koze\/\",\"name\":\"Naravno karitejevo maslo za telo proti strijam, suhi ko\u017ei. Naravna kozmetika.\",\"isPartOf\":{\"@id\":\"https:\/\/sen-shop.com\/sl\/#website\"},\"datePublished\":\"2016-09-15T23:08:02+00:00\",\"dateModified\":\"2026-03-02T10:53:56+00:00\",\"description\":\"Naravna kozmetika. Maslo za telo je primerno predvsem za suho in ob\u010dutljivo ko\u017eo ter strije. Karitejevo maslo gladi ko\u017eo in ji vra\u010da vla\u017enost.\",\"breadcrumb\":{\"@id\":\"https:\/\/sen-shop.com\/sl\/collections\/osebna-nega\/nega-telesa\/bio-maslo-za-nego-obcutljive-koze\/#breadcrumb\"},\"inLanguage\":\"sl-SI\",\"potentialAction\":[{\"@type\":\"ReadAction\",\"target\":[\"https:\/\/sen-shop.com\/sl\/collections\/osebna-nega\/nega-telesa\/bio-maslo-za-nego-obcutljive-koze\/\"]}]},{\"@type\":\"BreadcrumbList\",\"@id\":\"https:\/\/sen-shop.com\/sl\/collections\/osebna-nega\/nega-telesa\/bio-maslo-za-nego-obcutljive-koze\/#breadcrumb\",\"itemListElement\":[{\"@type\":\"ListItem\",\"position\":1,\"name\":\"Home\",\"item\":\"https:\/\/sen-shop.com\/sl\/\"},{\"@type\":\"ListItem\",\"position\":2,\"name\":\"BIO maslo za ob\u010dutljivo ko\u017eo\"}]},{\"@type\":\"WebSite\",\"@id\":\"https:\/\/sen-shop.com\/sl\/#website\",\"url\":\"https:\/\/sen-shop.com\/sl\/\",\"name\":\"SEN Shop\",\"description\":\"Slovensko, Ekolo\u0161ko, Naravno\",\"publisher\":{\"@id\":\"https:\/\/sen-shop.com\/sl\/#organization\"},\"potentialAction\":[{\"@type\":\"SearchAction\",\"target\":{\"@type\":\"EntryPoint\",\"urlTemplate\":\"https:\/\/sen-shop.com\/sl\/?s={search_term_string}\"},\"query-input\":\"required name=search_term_string\"}],\"inLanguage\":\"sl-SI\"},{\"@type\":\"Organization\",\"@id\":\"https:\/\/sen-shop.com\/sl\/#organization\",\"name\":\"Mind trade d.o.o\",\"url\":\"https:\/\/sen-shop.com\/sl\/\",\"logo\":{\"@type\":\"ImageObject\",\"inLanguage\":\"sl-SI\",\"@id\":\"https:\/\/sen-shop.com\/sl\/#\/schema\/logo\/image\/\",\"url\":\"https:\/\/sen-shop.com\/wp-content\/uploads\/2018\/05\/header_logo.png\",\"contentUrl\":\"https:\/\/sen-shop.com\/wp-content\/uploads\/2018\/05\/header_logo.png\",\"width\":138,\"height\":70,\"caption\":\"Mind trade d.o.o\"},\"image\":{\"@id\":\"https:\/\/sen-shop.com\/sl\/#\/schema\/logo\/image\/\"},\"sameAs\":[\"https:\/\/www.instagram.com\/senslovenija\/\",\"https:\/\/www.facebook.com\/Senshopslovenija\"]}]}<\/script>\n<!-- \/ Yoast SEO plugin. -->","yoast_head_json":{"title":"Naravno karitejevo maslo za telo proti strijam, suhi ko\u017ei. Naravna kozmetika.","description":"Naravna kozmetika. Maslo za telo je primerno predvsem za suho in ob\u010dutljivo ko\u017eo ter strije. Karitejevo maslo gladi ko\u017eo in ji vra\u010da vla\u017enost.","robots":{"index":"index","follow":"follow","max-snippet":"max-snippet:-1","max-image-preview":"max-image-preview:large","max-video-preview":"max-video-preview:-1"},"canonical":"https:\/\/sen-shop.com\/sl\/collections\/osebna-nega\/nega-telesa\/bio-maslo-za-nego-obcutljive-koze\/","og_locale":"sl_SI","og_type":"article","og_title":"Naravno karitejevo maslo za telo proti strijam, suhi ko\u017ei. Naravna kozmetika.","og_description":"Naravna kozmetika. Maslo za telo je primerno predvsem za suho in ob\u010dutljivo ko\u017eo ter strije. Karitejevo maslo gladi ko\u017eo in ji vra\u010da vla\u017enost.","og_url":"https:\/\/sen-shop.com\/sl\/collections\/osebna-nega\/nega-telesa\/bio-maslo-za-nego-obcutljive-koze\/","og_site_name":"SEN Shop","article_publisher":"https:\/\/www.facebook.com\/Senshopslovenija","article_modified_time":"2026-03-02T10:53:56+00:00","og_image":[{"width":1000,"height":1143,"url":"https:\/\/sen-shop.com\/wp-content\/uploads\/2016\/09\/bio-maslo-za-telo-za-nego-suhe-in-razpokane-koze-tatto-za-dojencke-strije-obcutljiva-koza-karitejevo-mangovo-maslo-jojobino-olje-vitamin-a-c-e-1.jpg","type":"image\/jpeg"}],"twitter_card":"summary_large_image","twitter_misc":{"Est. reading time":"3 minute"},"schema":{"@context":"https:\/\/schema.org","@graph":[{"@type":"WebPage","@id":"https:\/\/sen-shop.com\/sl\/collections\/osebna-nega\/nega-telesa\/bio-maslo-za-nego-obcutljive-koze\/","url":"https:\/\/sen-shop.com\/sl\/collections\/osebna-nega\/nega-telesa\/bio-maslo-za-nego-obcutljive-koze\/","name":"Naravno karitejevo maslo za telo proti strijam, suhi ko\u017ei. Naravna kozmetika.","isPartOf":{"@id":"https:\/\/sen-shop.com\/sl\/#website"},"datePublished":"2016-09-15T23:08:02+00:00","dateModified":"2026-03-02T10:53:56+00:00","description":"Naravna kozmetika. Maslo za telo je primerno predvsem za suho in ob\u010dutljivo ko\u017eo ter strije. Karitejevo maslo gladi ko\u017eo in ji vra\u010da vla\u017enost.","breadcrumb":{"@id":"https:\/\/sen-shop.com\/sl\/collections\/osebna-nega\/nega-telesa\/bio-maslo-za-nego-obcutljive-koze\/#breadcrumb"},"inLanguage":"sl-SI","potentialAction":[{"@type":"ReadAction","target":["https:\/\/sen-shop.com\/sl\/collections\/osebna-nega\/nega-telesa\/bio-maslo-za-nego-obcutljive-koze\/"]}]},{"@type":"BreadcrumbList","@id":"https:\/\/sen-shop.com\/sl\/collections\/osebna-nega\/nega-telesa\/bio-maslo-za-nego-obcutljive-koze\/#breadcrumb","itemListElement":[{"@type":"ListItem","position":1,"name":"Home","item":"https:\/\/sen-shop.com\/sl\/"},{"@type":"ListItem","position":2,"name":"BIO maslo za ob\u010dutljivo ko\u017eo"}]},{"@type":"WebSite","@id":"https:\/\/sen-shop.com\/sl\/#website","url":"https:\/\/sen-shop.com\/sl\/","name":"SEN Shop","description":"Slovensko, Ekolo\u0161ko, Naravno","publisher":{"@id":"https:\/\/sen-shop.com\/sl\/#organization"},"potentialAction":[{"@type":"SearchAction","target":{"@type":"EntryPoint","urlTemplate":"https:\/\/sen-shop.com\/sl\/?s={search_term_string}"},"query-input":"required name=search_term_string"}],"inLanguage":"sl-SI"},{"@type":"Organization","@id":"https:\/\/sen-shop.com\/sl\/#organization","name":"Mind trade d.o.o","url":"https:\/\/sen-shop.com\/sl\/","logo":{"@type":"ImageObject","inLanguage":"sl-SI","@id":"https:\/\/sen-shop.com\/sl\/#\/schema\/logo\/image\/","url":"https:\/\/sen-shop.com\/wp-content\/uploads\/2018\/05\/header_logo.png","contentUrl":"https:\/\/sen-shop.com\/wp-content\/uploads\/2018\/05\/header_logo.png","width":138,"height":70,"caption":"Mind trade d.o.o"},"image":{"@id":"https:\/\/sen-shop.com\/sl\/#\/schema\/logo\/image\/"},"sameAs":["https:\/\/www.instagram.com\/senslovenija\/","https:\/\/www.facebook.com\/Senshopslovenija"]}]}},"_links":{"self":[{"href":"https:\/\/sen-shop.com\/sl\/wp-json\/wp\/v2\/product\/122","targetHints":{"allow":["GET"]}}],"collection":[{"href":"https:\/\/sen-shop.com\/sl\/wp-json\/wp\/v2\/product"}],"about":[{"href":"https:\/\/sen-shop.com\/sl\/wp-json\/wp\/v2\/types\/product"}],"replies":[{"embeddable":true,"href":"https:\/\/sen-shop.com\/sl\/wp-json\/wp\/v2\/comments?post=122"}],"wp:featuredmedia":[{"embeddable":true,"href":"https:\/\/sen-shop.com\/sl\/wp-json\/wp\/v2\/media\/25943"}],"wp:attachment":[{"href":"https:\/\/sen-shop.com\/sl\/wp-json\/wp\/v2\/media?parent=122"}],"wp:term":[{"taxonomy":"product_cat","embeddable":true,"href":"https:\/\/sen-shop.com\/sl\/wp-json\/wp\/v2\/product_cat?post=122"},{"taxonomy":"product_tag","embeddable":true,"href":"https:\/\/sen-shop.com\/sl\/wp-json\/wp\/v2\/product_tag?post=122"}],"curies":[{"name":"wp","href":"https:\/\/api.w.org\/{rel}","templated":true}]}}