{"id":120,"date":"2017-05-19T01:06:14","date_gmt":"2017-05-18T23:06:14","guid":{"rendered":"https:\/\/www.sen-shop.com\/?post_type=product&#038;p=120"},"modified":"2026-03-02T11:57:00","modified_gmt":"2026-03-02T10:57:00","slug":"muscle-gel-za-ogrevanje","status":"publish","type":"product","link":"https:\/\/sen-shop.com\/sl\/collections\/osebna-nega\/nega-telesa\/muscle-gel-za-ogrevanje\/","title":{"rendered":"Muscle gel"},"content":{"rendered":"<p>[vc_row][vc_column][vc_column_text css=&#8221;.vc_custom_1625047858245{padding-top: 30px !important;padding-right: 30px !important;padding-bottom: 30px !important;padding-left: 30px !important;background-color: #c9db95 !important;}&#8221;]<\/p>\n<h4>Muscle gel<\/h4>\n<p>Muscle gel je primeren za \u0161portnike.<\/p>\n<p>Ogrevanje je najpomembnej\u0161a stvar, ki jo morate narediti pred \u0161portno aktivnostjo. Okon\u010dine so pred za\u010detkom vadbe toge in skr\u010dene, kar \u0161e posebej velja pozimi, v mrzlem vremenu ali po dolgotrajnem sedenju v pisarni.[\/vc_column_text][\/vc_column][\/vc_row][vc_row][vc_column][vc_column_text css=&#8221;.vc_custom_1625047872735{padding-top: 30px !important;padding-right: 30px !important;padding-bottom: 30px !important;padding-left: 30px !important;background-color: #ededed !important;}&#8221;]Muscle gel u\u010dinkovine: naravno eteri\u010dno olje BIO \u010dajevca, evkalipta, gaulterije, mete, ro\u017emarina, ciprese, izvle\u010dek iz vrbe in kajenske paprike.<\/p>\n<p><span style=\"color: #8c189b;\"><strong><img loading=\"lazy\" decoding=\"async\" class=\"alignnone wp-image-26703 \" src=\"https:\/\/sen-shop.com\/wp-content\/uploads\/2017\/05\/Mnenje-muscle-gel-1.jpg\" alt=\"\" width=\"589\" height=\"81\" srcset=\"https:\/\/sen-shop.com\/wp-content\/uploads\/2017\/05\/Mnenje-muscle-gel-1.jpg 734w, https:\/\/sen-shop.com\/wp-content\/uploads\/2017\/05\/Mnenje-muscle-gel-1-570x78.jpg 570w, https:\/\/sen-shop.com\/wp-content\/uploads\/2017\/05\/Mnenje-muscle-gel-1-300x41.jpg 300w, https:\/\/sen-shop.com\/wp-content\/uploads\/2017\/05\/Mnenje-muscle-gel-1-363x50.jpg 363w, https:\/\/sen-shop.com\/wp-content\/uploads\/2017\/05\/Mnenje-muscle-gel-1-60x8.jpg 60w\" sizes=\"auto, (max-width: 589px) 100vw, 589px\" \/><\/strong><\/span>[\/vc_column_text][\/vc_column][\/vc_row][vc_row][vc_column][vc_column_text]<span style=\"color: #8c189b;\"><strong><a style=\"color: #8c189b;\" href=\"https:\/\/sen-shop.com\/wp-content\/uploads\/2017\/05\/070818_Mind_MUSCLE-GEL-100-mL_Aromacert-CoA_5-2018_compressed.pdf\">Aromacert certifikat &#8211; Muscle gel<\/a><\/strong><\/span>[\/vc_column_text][\/vc_column][\/vc_row]<\/p>\n","protected":false},"excerpt":{"rendered":"<p><img decoding=\"async\" class=\"emoji\" role=\"img\" draggable=\"false\" src=\"https:\/\/s.w.org\/images\/core\/emoji\/17.0.2\/svg\/1f31f.svg\" alt=\"\ud83c\udf1f\" \/> <strong data-start=\"81\" data-end=\"102\">Preselili smo se!<\/strong> <img decoding=\"async\" class=\"emoji\" role=\"img\" draggable=\"false\" src=\"https:\/\/s.w.org\/images\/core\/emoji\/17.0.2\/svg\/1f31f.svg\" alt=\"\ud83c\udf1f\" \/><br data-start=\"105\" data-end=\"108\" \/>Za \u0161e bolj\u0161o izku\u0161njo nakupovanja nas zdaj najdete na <strong data-start=\"162\" data-end=\"207\"><a class=\"decorated-link\" href=\"http:\/\/www.sen-shop.si\/\" target=\"_new\" rel=\"noopener\" data-start=\"164\" data-end=\"205\">www.sen-shop.si<\/a><\/strong>!<\/p>\n<p>Muscle gel ima blag grelni u\u010dinek, ki blagodejno deluje na ko\u017eo pred \u0161portno aktivnostjo, primeren pa je tudi za nego mrzlih in ne-prekrvavljenih okon\u010din. Muscle gel za masa\u017eo je naravni zeli\u0161\u010dni izdelek, ki ga priporo\u010damo vsem, ki se aktivno ukvarjajo s \u0161portom, ali pa s fizi\u010dnim delom.<\/p>\n[banner_zeliscni]\n","protected":false},"featured_media":37797,"comment_status":"open","ping_status":"closed","template":"","meta":{"inline_featured_image":false},"product_cat":[76,75,56,365,198],"product_tag":[87,251,265,266,267,259,268,269,270,260,271,272,274,275,276,257,278,282,289,89,92,96,94],"class_list":["post-120","product","type-product","status-publish","has-post-thumbnail","hentry","product_cat-nega-nog","product_cat-nega-telesa","product_cat-osebna-nega","product_cat-crni-petek","product_cat-sklepi-in-misice","product_tag-bio","product_tag-bio-kozmetika","product_tag-bolec-hrbet","product_tag-boleca-stopala","product_tag-bolece-noge","product_tag-boleci-sklepi","product_tag-bolecina-v-kolku","product_tag-bolecina-v-levi-roki","product_tag-bolecina-v-rami","product_tag-bolecine-v-krizu","product_tag-bolecine-v-mecih","product_tag-bolecine-v-misicah","product_tag-bolecine-v-nogah-od-kolen-navzdol","product_tag-bolecine-v-nogah-ponoci","product_tag-bolecine-v-vratu","product_tag-ekoloska-kozmetika","product_tag-isias","product_tag-krema-za-sklepe","product_tag-misice-in-sklepi","product_tag-naravna-kozmetika","product_tag-nega-telesa-2","product_tag-slovenska-naravna-kozmetika","product_tag-tezave-s-sklepi"],"acf":[],"yoast_head":"<!-- This site is optimized with the Yoast SEO plugin v19.13 - https:\/\/yoast.com\/wordpress\/plugins\/seo\/ -->\n<title>Muscle gel. Sen Shop<\/title>\n<meta name=\"description\" content=\"Muscle gel pomaga ogreti mi\u0161ice, pripomore k hitrej\u0161i regeneraciji, la\u017ejemu gibanju in manj\u0161im bole\u010dinam po \u0161portni dejavnosti. Olaj\u0161ajte gibanje \u017ee danes!\" \/>\n<meta name=\"robots\" content=\"index, follow, max-snippet:-1, max-image-preview:large, max-video-preview:-1\" \/>\n<link rel=\"canonical\" href=\"https:\/\/sen-shop.com\/sl\/collections\/osebna-nega\/nega-telesa\/muscle-gel-za-ogrevanje\/\" \/>\n<meta property=\"og:locale\" content=\"sl_SI\" \/>\n<meta property=\"og:type\" content=\"article\" \/>\n<meta property=\"og:title\" content=\"Muscle gel. Sen Shop\" \/>\n<meta property=\"og:description\" content=\"Muscle gel pomaga ogreti mi\u0161ice, pripomore k hitrej\u0161i regeneraciji, la\u017ejemu gibanju in manj\u0161im bole\u010dinam po \u0161portni dejavnosti. Olaj\u0161ajte gibanje \u017ee danes!\" \/>\n<meta property=\"og:url\" content=\"https:\/\/sen-shop.com\/sl\/collections\/osebna-nega\/nega-telesa\/muscle-gel-za-ogrevanje\/\" \/>\n<meta property=\"og:site_name\" content=\"SEN Shop\" \/>\n<meta property=\"article:publisher\" content=\"https:\/\/www.facebook.com\/Senshopslovenija\" \/>\n<meta property=\"article:modified_time\" content=\"2026-03-02T10:57:00+00:00\" \/>\n<meta property=\"og:image\" content=\"https:\/\/sen-shop.com\/wp-content\/uploads\/2017\/05\/Muscle-gel_sl_hr.jpg\" \/>\n\t<meta property=\"og:image:width\" content=\"1225\" \/>\n\t<meta property=\"og:image:height\" content=\"1400\" \/>\n\t<meta property=\"og:image:type\" content=\"image\/jpeg\" \/>\n<meta name=\"twitter:card\" content=\"summary_large_image\" \/>\n<meta name=\"twitter:label1\" content=\"Est. reading time\" \/>\n\t<meta name=\"twitter:data1\" content=\"1 minuta\" \/>\n<script type=\"application\/ld+json\" class=\"yoast-schema-graph\">{\"@context\":\"https:\/\/schema.org\",\"@graph\":[{\"@type\":\"WebPage\",\"@id\":\"https:\/\/sen-shop.com\/sl\/collections\/osebna-nega\/nega-telesa\/muscle-gel-za-ogrevanje\/\",\"url\":\"https:\/\/sen-shop.com\/sl\/collections\/osebna-nega\/nega-telesa\/muscle-gel-za-ogrevanje\/\",\"name\":\"Muscle gel. Sen Shop\",\"isPartOf\":{\"@id\":\"https:\/\/sen-shop.com\/sl\/#website\"},\"datePublished\":\"2017-05-18T23:06:14+00:00\",\"dateModified\":\"2026-03-02T10:57:00+00:00\",\"description\":\"Muscle gel pomaga ogreti mi\u0161ice, pripomore k hitrej\u0161i regeneraciji, la\u017ejemu gibanju in manj\u0161im bole\u010dinam po \u0161portni dejavnosti. Olaj\u0161ajte gibanje \u017ee danes!\",\"breadcrumb\":{\"@id\":\"https:\/\/sen-shop.com\/sl\/collections\/osebna-nega\/nega-telesa\/muscle-gel-za-ogrevanje\/#breadcrumb\"},\"inLanguage\":\"sl-SI\",\"potentialAction\":[{\"@type\":\"ReadAction\",\"target\":[\"https:\/\/sen-shop.com\/sl\/collections\/osebna-nega\/nega-telesa\/muscle-gel-za-ogrevanje\/\"]}]},{\"@type\":\"BreadcrumbList\",\"@id\":\"https:\/\/sen-shop.com\/sl\/collections\/osebna-nega\/nega-telesa\/muscle-gel-za-ogrevanje\/#breadcrumb\",\"itemListElement\":[{\"@type\":\"ListItem\",\"position\":1,\"name\":\"Home\",\"item\":\"https:\/\/sen-shop.com\/sl\/\"},{\"@type\":\"ListItem\",\"position\":2,\"name\":\"Muscle gel\"}]},{\"@type\":\"WebSite\",\"@id\":\"https:\/\/sen-shop.com\/sl\/#website\",\"url\":\"https:\/\/sen-shop.com\/sl\/\",\"name\":\"SEN Shop\",\"description\":\"Slovensko, Ekolo\u0161ko, Naravno\",\"publisher\":{\"@id\":\"https:\/\/sen-shop.com\/sl\/#organization\"},\"potentialAction\":[{\"@type\":\"SearchAction\",\"target\":{\"@type\":\"EntryPoint\",\"urlTemplate\":\"https:\/\/sen-shop.com\/sl\/?s={search_term_string}\"},\"query-input\":\"required name=search_term_string\"}],\"inLanguage\":\"sl-SI\"},{\"@type\":\"Organization\",\"@id\":\"https:\/\/sen-shop.com\/sl\/#organization\",\"name\":\"Mind trade d.o.o\",\"url\":\"https:\/\/sen-shop.com\/sl\/\",\"logo\":{\"@type\":\"ImageObject\",\"inLanguage\":\"sl-SI\",\"@id\":\"https:\/\/sen-shop.com\/sl\/#\/schema\/logo\/image\/\",\"url\":\"https:\/\/sen-shop.com\/wp-content\/uploads\/2018\/05\/header_logo.png\",\"contentUrl\":\"https:\/\/sen-shop.com\/wp-content\/uploads\/2018\/05\/header_logo.png\",\"width\":138,\"height\":70,\"caption\":\"Mind trade d.o.o\"},\"image\":{\"@id\":\"https:\/\/sen-shop.com\/sl\/#\/schema\/logo\/image\/\"},\"sameAs\":[\"https:\/\/www.instagram.com\/senslovenija\/\",\"https:\/\/www.facebook.com\/Senshopslovenija\"]}]}<\/script>\n<!-- \/ Yoast SEO plugin. -->","yoast_head_json":{"title":"Muscle gel. Sen Shop","description":"Muscle gel pomaga ogreti mi\u0161ice, pripomore k hitrej\u0161i regeneraciji, la\u017ejemu gibanju in manj\u0161im bole\u010dinam po \u0161portni dejavnosti. Olaj\u0161ajte gibanje \u017ee danes!","robots":{"index":"index","follow":"follow","max-snippet":"max-snippet:-1","max-image-preview":"max-image-preview:large","max-video-preview":"max-video-preview:-1"},"canonical":"https:\/\/sen-shop.com\/sl\/collections\/osebna-nega\/nega-telesa\/muscle-gel-za-ogrevanje\/","og_locale":"sl_SI","og_type":"article","og_title":"Muscle gel. Sen Shop","og_description":"Muscle gel pomaga ogreti mi\u0161ice, pripomore k hitrej\u0161i regeneraciji, la\u017ejemu gibanju in manj\u0161im bole\u010dinam po \u0161portni dejavnosti. Olaj\u0161ajte gibanje \u017ee danes!","og_url":"https:\/\/sen-shop.com\/sl\/collections\/osebna-nega\/nega-telesa\/muscle-gel-za-ogrevanje\/","og_site_name":"SEN Shop","article_publisher":"https:\/\/www.facebook.com\/Senshopslovenija","article_modified_time":"2026-03-02T10:57:00+00:00","og_image":[{"width":1225,"height":1400,"url":"https:\/\/sen-shop.com\/wp-content\/uploads\/2017\/05\/Muscle-gel_sl_hr.jpg","type":"image\/jpeg"}],"twitter_card":"summary_large_image","twitter_misc":{"Est. reading time":"1 minuta"},"schema":{"@context":"https:\/\/schema.org","@graph":[{"@type":"WebPage","@id":"https:\/\/sen-shop.com\/sl\/collections\/osebna-nega\/nega-telesa\/muscle-gel-za-ogrevanje\/","url":"https:\/\/sen-shop.com\/sl\/collections\/osebna-nega\/nega-telesa\/muscle-gel-za-ogrevanje\/","name":"Muscle gel. Sen Shop","isPartOf":{"@id":"https:\/\/sen-shop.com\/sl\/#website"},"datePublished":"2017-05-18T23:06:14+00:00","dateModified":"2026-03-02T10:57:00+00:00","description":"Muscle gel pomaga ogreti mi\u0161ice, pripomore k hitrej\u0161i regeneraciji, la\u017ejemu gibanju in manj\u0161im bole\u010dinam po \u0161portni dejavnosti. Olaj\u0161ajte gibanje \u017ee danes!","breadcrumb":{"@id":"https:\/\/sen-shop.com\/sl\/collections\/osebna-nega\/nega-telesa\/muscle-gel-za-ogrevanje\/#breadcrumb"},"inLanguage":"sl-SI","potentialAction":[{"@type":"ReadAction","target":["https:\/\/sen-shop.com\/sl\/collections\/osebna-nega\/nega-telesa\/muscle-gel-za-ogrevanje\/"]}]},{"@type":"BreadcrumbList","@id":"https:\/\/sen-shop.com\/sl\/collections\/osebna-nega\/nega-telesa\/muscle-gel-za-ogrevanje\/#breadcrumb","itemListElement":[{"@type":"ListItem","position":1,"name":"Home","item":"https:\/\/sen-shop.com\/sl\/"},{"@type":"ListItem","position":2,"name":"Muscle gel"}]},{"@type":"WebSite","@id":"https:\/\/sen-shop.com\/sl\/#website","url":"https:\/\/sen-shop.com\/sl\/","name":"SEN Shop","description":"Slovensko, Ekolo\u0161ko, Naravno","publisher":{"@id":"https:\/\/sen-shop.com\/sl\/#organization"},"potentialAction":[{"@type":"SearchAction","target":{"@type":"EntryPoint","urlTemplate":"https:\/\/sen-shop.com\/sl\/?s={search_term_string}"},"query-input":"required name=search_term_string"}],"inLanguage":"sl-SI"},{"@type":"Organization","@id":"https:\/\/sen-shop.com\/sl\/#organization","name":"Mind trade d.o.o","url":"https:\/\/sen-shop.com\/sl\/","logo":{"@type":"ImageObject","inLanguage":"sl-SI","@id":"https:\/\/sen-shop.com\/sl\/#\/schema\/logo\/image\/","url":"https:\/\/sen-shop.com\/wp-content\/uploads\/2018\/05\/header_logo.png","contentUrl":"https:\/\/sen-shop.com\/wp-content\/uploads\/2018\/05\/header_logo.png","width":138,"height":70,"caption":"Mind trade d.o.o"},"image":{"@id":"https:\/\/sen-shop.com\/sl\/#\/schema\/logo\/image\/"},"sameAs":["https:\/\/www.instagram.com\/senslovenija\/","https:\/\/www.facebook.com\/Senshopslovenija"]}]}},"_links":{"self":[{"href":"https:\/\/sen-shop.com\/sl\/wp-json\/wp\/v2\/product\/120","targetHints":{"allow":["GET"]}}],"collection":[{"href":"https:\/\/sen-shop.com\/sl\/wp-json\/wp\/v2\/product"}],"about":[{"href":"https:\/\/sen-shop.com\/sl\/wp-json\/wp\/v2\/types\/product"}],"replies":[{"embeddable":true,"href":"https:\/\/sen-shop.com\/sl\/wp-json\/wp\/v2\/comments?post=120"}],"wp:featuredmedia":[{"embeddable":true,"href":"https:\/\/sen-shop.com\/sl\/wp-json\/wp\/v2\/media\/37797"}],"wp:attachment":[{"href":"https:\/\/sen-shop.com\/sl\/wp-json\/wp\/v2\/media?parent=120"}],"wp:term":[{"taxonomy":"product_cat","embeddable":true,"href":"https:\/\/sen-shop.com\/sl\/wp-json\/wp\/v2\/product_cat?post=120"},{"taxonomy":"product_tag","embeddable":true,"href":"https:\/\/sen-shop.com\/sl\/wp-json\/wp\/v2\/product_tag?post=120"}],"curies":[{"name":"wp","href":"https:\/\/api.w.org\/{rel}","templated":true}]}}