{"id":118,"date":"2017-05-18T01:04:14","date_gmt":"2017-05-17T23:04:14","guid":{"rendered":"https:\/\/www.sen-shop.com\/?post_type=product&#038;p=118"},"modified":"2026-03-02T11:56:28","modified_gmt":"2026-03-02T10:56:28","slug":"bio-balzam-za-utrujene-noge-s-kostanjem","status":"publish","type":"product","link":"https:\/\/sen-shop.com\/sl\/collections\/osebna-nega\/nega-nog\/bio-balzam-za-utrujene-noge-s-kostanjem\/","title":{"rendered":"BIO balzam za utrujene noge"},"content":{"rendered":"<p>[vc_row][vc_column][vc_column_text css=&#8221;.vc_custom_1625129307907{padding-top: 30px !important;padding-right: 30px !important;padding-bottom: 30px !important;padding-left: 30px !important;background-color: #c9db95 !important;}&#8221;]<\/p>\n<h4>Bio balzam za noge<\/h4>\n<p>Bio balzam za noge priporo\u010damo za nego utrujenih, bole\u010dih in oteklih nog, pri podplutbah, modricah in raz\u0161irjenih venskih \u017eilah.<\/p>\n<p>Ob\u010dutek te\u017ekih in oteklih nog je pogosto prvi znak za za\u010detek te\u017eav. Otekle noge lahko spremlja \u0161\u010demenje, mravljin\u010davosti in zbadanje. Prav tako se veliko ljudi sre\u010duje tudi s simptomom nemirnih nog.\u00a0Pri nekaterih se pojavljajo blagi simptomi, pri drugih pa je potrebno bolni\u0161ni\u010dno zdravljenje.<\/p>\n<p>[\/vc_column_text][\/vc_column][\/vc_row][vc_row][vc_column][vc_column_text css=&#8221;.vc_custom_1625129329266{padding-top: 30px !important;padding-right: 30px !important;padding-bottom: 30px !important;padding-left: 30px !important;background-color: #ededed !important;}&#8221;]Zakaj pride do otekanja nog?<\/p>\n<p>Za otekline (edeme) obstaja ve\u010d vzrokov. Pogosteje se pojavijo pri starej\u0161ih osebah in pri \u017eenskah kot del predmenstrualnega sindroma ali v nose\u010dnosti. Noge lahko ote\u010dejo v poletnih meseceih, \u010de dolgo sedimo (na primer v slu\u017ebi, na potovanju) ali stojimo. Oteklost nog pa pogosto spremlja \u0161e ob\u010dutek, da so te\u017eke in utrujene. Znano je tudi, da na zastajanje vode vpliva u\u017eivanje prevelikih koli\u010din slane hrane. Vzroki za otekanje nog so razli\u010dni: bolezni ven, motena drena\u017ea limfe, alergije, hormonske motnje, v nekaterih primerih gre lahko za simptome huj\u0161ih bolezni, na primer sr\u010dnih bolezni, bolezni jeter ali ledvic.<\/p>\n<p>Balzam za utrujene noge je namenjen lokalni prekrvavitvi ko\u017ee, mentol deluje osve\u017eilno in blago antisepti\u010dno.[\/vc_column_text][\/vc_column][\/vc_row][vc_row][vc_column][vc_column_text]Uporaba: Po potrebi ve\u010dkrat dnevno nama\u017eite obolela mesta. Balzama za noge ne nana\u0161amo na odprte rane in sluznico. Ne masirajte predelov s kr\u010dnimi \u017eilami, v tem primeru noge le nama\u017eite.<\/p>\n<p>Vsebina: Bio karitejevo maslo, mandljevo olje, izvle\u010dek iz kostanja in rde\u010dega vina, dodatka mentola in kafre, naravno eteri\u010dno olje BIO \u010dajevca, ro\u017emarina in sivke.<\/p>\n<p><span style=\"color: #8c189b;\"><strong> <a style=\"color: #8c189b;\" href=\"https:\/\/sen-shop.com\/wp-content\/uploads\/2017\/05\/071018_Mind_BALZAM-ZA-NOGE-100-mL_Aromacert-CoA_5-2018_compressed.pdf\">Aromacert certifikat &#8211; balzam za noge<\/a><\/strong><\/span>[\/vc_column_text][\/vc_column][\/vc_row]<\/p>\n","protected":false},"excerpt":{"rendered":"<p><img decoding=\"async\" class=\"emoji\" role=\"img\" draggable=\"false\" src=\"https:\/\/s.w.org\/images\/core\/emoji\/17.0.2\/svg\/1f31f.svg\" alt=\"\ud83c\udf1f\" \/> <strong data-start=\"81\" data-end=\"102\">Preselili smo se!<\/strong> <img decoding=\"async\" class=\"emoji\" role=\"img\" draggable=\"false\" src=\"https:\/\/s.w.org\/images\/core\/emoji\/17.0.2\/svg\/1f31f.svg\" alt=\"\ud83c\udf1f\" \/><br data-start=\"105\" data-end=\"108\" \/>Za \u0161e bolj\u0161o izku\u0161njo nakupovanja nas zdaj najdete na <strong data-start=\"162\" data-end=\"207\"><a class=\"decorated-link\" href=\"http:\/\/www.sen-shop.si\/\" target=\"_new\" rel=\"noopener\" data-start=\"164\" data-end=\"205\">www.sen-shop.si<\/a><\/strong>!<\/p>\n<p>Razpokana ko\u017ea, ob\u010dutek te\u017ekih nog, kr\u010dne \u017eile in slabokrvnost so le nekatere te\u017eave, ki smo jim izpostavljeni. Zahtevna fizi\u010dna opravila lahko botrujejo \u0161tevilnim po\u0161kodbam nog. Poskrbite za svoje noge \u017ee danes.<\/p>\n[banner_zeliscni]\n","protected":false},"featured_media":25929,"comment_status":"open","ping_status":"closed","template":"","meta":{"inline_featured_image":false},"product_cat":[55,76,56],"product_tag":[87,251,277,257,280,89,103,96],"class_list":["post-118","product","type-product","status-publish","has-post-thumbnail","hentry","product_cat-domaca-stran","product_cat-nega-nog","product_cat-osebna-nega","product_tag-bio","product_tag-bio-kozmetika","product_tag-divji-kostanj-krema","product_tag-ekoloska-kozmetika","product_tag-krcne-zile","product_tag-naravna-kozmetika","product_tag-nega-nog-2","product_tag-slovenska-naravna-kozmetika"],"acf":[],"yoast_head":"<!-- This site is optimized with the Yoast SEO plugin v19.13 - https:\/\/yoast.com\/wordpress\/plugins\/seo\/ -->\n<title>BIO balzam s kostanjem. Imate bole\u010dine v nogah? Otekle noge?<\/title>\n<meta name=\"description\" content=\"Bole\u010dine v nogah, otekle noge so tegoba vseh starostnih skupin. Bio balzam s kostanjem vam pomaga tudi pri utrujenih nogah.\" \/>\n<meta name=\"robots\" content=\"index, follow, max-snippet:-1, max-image-preview:large, max-video-preview:-1\" \/>\n<link rel=\"canonical\" href=\"https:\/\/sen-shop.com\/sl\/collections\/osebna-nega\/nega-nog\/bio-balzam-za-utrujene-noge-s-kostanjem\/\" \/>\n<meta property=\"og:locale\" content=\"sl_SI\" \/>\n<meta property=\"og:type\" content=\"article\" \/>\n<meta property=\"og:title\" content=\"BIO balzam s kostanjem. Imate bole\u010dine v nogah? Otekle noge?\" \/>\n<meta property=\"og:description\" content=\"Bole\u010dine v nogah, otekle noge so tegoba vseh starostnih skupin. Bio balzam s kostanjem vam pomaga tudi pri utrujenih nogah.\" \/>\n<meta property=\"og:url\" content=\"https:\/\/sen-shop.com\/sl\/collections\/osebna-nega\/nega-nog\/bio-balzam-za-utrujene-noge-s-kostanjem\/\" \/>\n<meta property=\"og:site_name\" content=\"SEN Shop\" \/>\n<meta property=\"article:publisher\" content=\"https:\/\/www.facebook.com\/Senshopslovenija\" \/>\n<meta property=\"article:modified_time\" content=\"2026-03-02T10:56:28+00:00\" \/>\n<meta property=\"og:image\" content=\"https:\/\/sen-shop.com\/wp-content\/uploads\/2017\/05\/balzam-za-noge-krcne-zile-nega-suhih-nog-sivka-rozmarin-karitejevo-maslo-mandljevo-olje-divji-kostanj-vinska-trta-rdece-vino.jpg\" \/>\n\t<meta property=\"og:image:width\" content=\"1000\" \/>\n\t<meta property=\"og:image:height\" content=\"1143\" \/>\n\t<meta property=\"og:image:type\" content=\"image\/jpeg\" \/>\n<meta name=\"twitter:card\" content=\"summary_large_image\" \/>\n<meta name=\"twitter:label1\" content=\"Est. reading time\" \/>\n\t<meta name=\"twitter:data1\" content=\"2 minuti\" \/>\n<script type=\"application\/ld+json\" class=\"yoast-schema-graph\">{\"@context\":\"https:\/\/schema.org\",\"@graph\":[{\"@type\":\"WebPage\",\"@id\":\"https:\/\/sen-shop.com\/sl\/collections\/osebna-nega\/nega-nog\/bio-balzam-za-utrujene-noge-s-kostanjem\/\",\"url\":\"https:\/\/sen-shop.com\/sl\/collections\/osebna-nega\/nega-nog\/bio-balzam-za-utrujene-noge-s-kostanjem\/\",\"name\":\"BIO balzam s kostanjem. Imate bole\u010dine v nogah? Otekle noge?\",\"isPartOf\":{\"@id\":\"https:\/\/sen-shop.com\/sl\/#website\"},\"datePublished\":\"2017-05-17T23:04:14+00:00\",\"dateModified\":\"2026-03-02T10:56:28+00:00\",\"description\":\"Bole\u010dine v nogah, otekle noge so tegoba vseh starostnih skupin. Bio balzam s kostanjem vam pomaga tudi pri utrujenih nogah.\",\"breadcrumb\":{\"@id\":\"https:\/\/sen-shop.com\/sl\/collections\/osebna-nega\/nega-nog\/bio-balzam-za-utrujene-noge-s-kostanjem\/#breadcrumb\"},\"inLanguage\":\"sl-SI\",\"potentialAction\":[{\"@type\":\"ReadAction\",\"target\":[\"https:\/\/sen-shop.com\/sl\/collections\/osebna-nega\/nega-nog\/bio-balzam-za-utrujene-noge-s-kostanjem\/\"]}]},{\"@type\":\"BreadcrumbList\",\"@id\":\"https:\/\/sen-shop.com\/sl\/collections\/osebna-nega\/nega-nog\/bio-balzam-za-utrujene-noge-s-kostanjem\/#breadcrumb\",\"itemListElement\":[{\"@type\":\"ListItem\",\"position\":1,\"name\":\"Home\",\"item\":\"https:\/\/sen-shop.com\/sl\/\"},{\"@type\":\"ListItem\",\"position\":2,\"name\":\"BIO balzam za utrujene noge\"}]},{\"@type\":\"WebSite\",\"@id\":\"https:\/\/sen-shop.com\/sl\/#website\",\"url\":\"https:\/\/sen-shop.com\/sl\/\",\"name\":\"SEN Shop\",\"description\":\"Slovensko, Ekolo\u0161ko, Naravno\",\"publisher\":{\"@id\":\"https:\/\/sen-shop.com\/sl\/#organization\"},\"potentialAction\":[{\"@type\":\"SearchAction\",\"target\":{\"@type\":\"EntryPoint\",\"urlTemplate\":\"https:\/\/sen-shop.com\/sl\/?s={search_term_string}\"},\"query-input\":\"required name=search_term_string\"}],\"inLanguage\":\"sl-SI\"},{\"@type\":\"Organization\",\"@id\":\"https:\/\/sen-shop.com\/sl\/#organization\",\"name\":\"Mind trade d.o.o\",\"url\":\"https:\/\/sen-shop.com\/sl\/\",\"logo\":{\"@type\":\"ImageObject\",\"inLanguage\":\"sl-SI\",\"@id\":\"https:\/\/sen-shop.com\/sl\/#\/schema\/logo\/image\/\",\"url\":\"https:\/\/sen-shop.com\/wp-content\/uploads\/2018\/05\/header_logo.png\",\"contentUrl\":\"https:\/\/sen-shop.com\/wp-content\/uploads\/2018\/05\/header_logo.png\",\"width\":138,\"height\":70,\"caption\":\"Mind trade d.o.o\"},\"image\":{\"@id\":\"https:\/\/sen-shop.com\/sl\/#\/schema\/logo\/image\/\"},\"sameAs\":[\"https:\/\/www.instagram.com\/senslovenija\/\",\"https:\/\/www.facebook.com\/Senshopslovenija\"]}]}<\/script>\n<!-- \/ Yoast SEO plugin. -->","yoast_head_json":{"title":"BIO balzam s kostanjem. Imate bole\u010dine v nogah? Otekle noge?","description":"Bole\u010dine v nogah, otekle noge so tegoba vseh starostnih skupin. Bio balzam s kostanjem vam pomaga tudi pri utrujenih nogah.","robots":{"index":"index","follow":"follow","max-snippet":"max-snippet:-1","max-image-preview":"max-image-preview:large","max-video-preview":"max-video-preview:-1"},"canonical":"https:\/\/sen-shop.com\/sl\/collections\/osebna-nega\/nega-nog\/bio-balzam-za-utrujene-noge-s-kostanjem\/","og_locale":"sl_SI","og_type":"article","og_title":"BIO balzam s kostanjem. Imate bole\u010dine v nogah? Otekle noge?","og_description":"Bole\u010dine v nogah, otekle noge so tegoba vseh starostnih skupin. Bio balzam s kostanjem vam pomaga tudi pri utrujenih nogah.","og_url":"https:\/\/sen-shop.com\/sl\/collections\/osebna-nega\/nega-nog\/bio-balzam-za-utrujene-noge-s-kostanjem\/","og_site_name":"SEN Shop","article_publisher":"https:\/\/www.facebook.com\/Senshopslovenija","article_modified_time":"2026-03-02T10:56:28+00:00","og_image":[{"width":1000,"height":1143,"url":"https:\/\/sen-shop.com\/wp-content\/uploads\/2017\/05\/balzam-za-noge-krcne-zile-nega-suhih-nog-sivka-rozmarin-karitejevo-maslo-mandljevo-olje-divji-kostanj-vinska-trta-rdece-vino.jpg","type":"image\/jpeg"}],"twitter_card":"summary_large_image","twitter_misc":{"Est. reading time":"2 minuti"},"schema":{"@context":"https:\/\/schema.org","@graph":[{"@type":"WebPage","@id":"https:\/\/sen-shop.com\/sl\/collections\/osebna-nega\/nega-nog\/bio-balzam-za-utrujene-noge-s-kostanjem\/","url":"https:\/\/sen-shop.com\/sl\/collections\/osebna-nega\/nega-nog\/bio-balzam-za-utrujene-noge-s-kostanjem\/","name":"BIO balzam s kostanjem. Imate bole\u010dine v nogah? Otekle noge?","isPartOf":{"@id":"https:\/\/sen-shop.com\/sl\/#website"},"datePublished":"2017-05-17T23:04:14+00:00","dateModified":"2026-03-02T10:56:28+00:00","description":"Bole\u010dine v nogah, otekle noge so tegoba vseh starostnih skupin. Bio balzam s kostanjem vam pomaga tudi pri utrujenih nogah.","breadcrumb":{"@id":"https:\/\/sen-shop.com\/sl\/collections\/osebna-nega\/nega-nog\/bio-balzam-za-utrujene-noge-s-kostanjem\/#breadcrumb"},"inLanguage":"sl-SI","potentialAction":[{"@type":"ReadAction","target":["https:\/\/sen-shop.com\/sl\/collections\/osebna-nega\/nega-nog\/bio-balzam-za-utrujene-noge-s-kostanjem\/"]}]},{"@type":"BreadcrumbList","@id":"https:\/\/sen-shop.com\/sl\/collections\/osebna-nega\/nega-nog\/bio-balzam-za-utrujene-noge-s-kostanjem\/#breadcrumb","itemListElement":[{"@type":"ListItem","position":1,"name":"Home","item":"https:\/\/sen-shop.com\/sl\/"},{"@type":"ListItem","position":2,"name":"BIO balzam za utrujene noge"}]},{"@type":"WebSite","@id":"https:\/\/sen-shop.com\/sl\/#website","url":"https:\/\/sen-shop.com\/sl\/","name":"SEN Shop","description":"Slovensko, Ekolo\u0161ko, Naravno","publisher":{"@id":"https:\/\/sen-shop.com\/sl\/#organization"},"potentialAction":[{"@type":"SearchAction","target":{"@type":"EntryPoint","urlTemplate":"https:\/\/sen-shop.com\/sl\/?s={search_term_string}"},"query-input":"required name=search_term_string"}],"inLanguage":"sl-SI"},{"@type":"Organization","@id":"https:\/\/sen-shop.com\/sl\/#organization","name":"Mind trade d.o.o","url":"https:\/\/sen-shop.com\/sl\/","logo":{"@type":"ImageObject","inLanguage":"sl-SI","@id":"https:\/\/sen-shop.com\/sl\/#\/schema\/logo\/image\/","url":"https:\/\/sen-shop.com\/wp-content\/uploads\/2018\/05\/header_logo.png","contentUrl":"https:\/\/sen-shop.com\/wp-content\/uploads\/2018\/05\/header_logo.png","width":138,"height":70,"caption":"Mind trade d.o.o"},"image":{"@id":"https:\/\/sen-shop.com\/sl\/#\/schema\/logo\/image\/"},"sameAs":["https:\/\/www.instagram.com\/senslovenija\/","https:\/\/www.facebook.com\/Senshopslovenija"]}]}},"_links":{"self":[{"href":"https:\/\/sen-shop.com\/sl\/wp-json\/wp\/v2\/product\/118","targetHints":{"allow":["GET"]}}],"collection":[{"href":"https:\/\/sen-shop.com\/sl\/wp-json\/wp\/v2\/product"}],"about":[{"href":"https:\/\/sen-shop.com\/sl\/wp-json\/wp\/v2\/types\/product"}],"replies":[{"embeddable":true,"href":"https:\/\/sen-shop.com\/sl\/wp-json\/wp\/v2\/comments?post=118"}],"wp:featuredmedia":[{"embeddable":true,"href":"https:\/\/sen-shop.com\/sl\/wp-json\/wp\/v2\/media\/25929"}],"wp:attachment":[{"href":"https:\/\/sen-shop.com\/sl\/wp-json\/wp\/v2\/media?parent=118"}],"wp:term":[{"taxonomy":"product_cat","embeddable":true,"href":"https:\/\/sen-shop.com\/sl\/wp-json\/wp\/v2\/product_cat?post=118"},{"taxonomy":"product_tag","embeddable":true,"href":"https:\/\/sen-shop.com\/sl\/wp-json\/wp\/v2\/product_tag?post=118"}],"curies":[{"name":"wp","href":"https:\/\/api.w.org\/{rel}","templated":true}]}}