{"id":116,"date":"2016-09-16T01:02:33","date_gmt":"2016-09-15T23:02:33","guid":{"rendered":"https:\/\/www.sen-shop.com\/?post_type=product&#038;p=116"},"modified":"2026-03-02T11:53:46","modified_gmt":"2026-03-02T10:53:46","slug":"bio-gel-za-tusiranje","status":"publish","type":"product","link":"https:\/\/sen-shop.com\/sl\/collections\/osebna-nega\/nega-telesa\/bio-gel-za-tusiranje\/","title":{"rendered":"BIO gel za tu\u0161iranje"},"content":{"rendered":"<p>[vc_row][vc_column][vc_column_text css=&#8221;.vc_custom_1637836915510{padding-top: 30px !important;padding-right: 30px !important;padding-bottom: 30px !important;padding-left: 30px !important;background-color: #c9db95 !important;}&#8221;]<\/p>\n<h4>BIO gel za tu\u0161iranje<\/h4>\n<p>100% naravni gel za tu\u0161iranje z dodanimi ekolo\u0161ko pridelanimi eteri\u010dnimi olji ko\u017eo ne\u017eno o\u010disti vseh ne\u010disto\u010d, jo neguje in pomirja. Zaradi svoje ne\u017ene sestave ga lahko uporabljajo tudi otroci. S svojimi sestavinami neguje, vla\u017ei in ne\u017eno o\u010disti ko\u017eo (limonska trava, jelka, ro\u017emarin, cimet), deluje blago antisepti\u010dno (<a href=\"https:\/\/sen-shop.com\/blogs\/kako-odpraviti-tezave-s-kozo-na-naraven-nacin\/\">BIO \u010dajeve<\/a>c).<\/p>\n<p>100% naravni gel za tu\u0161iranje slovenskega porekla. Milo je brez kemikalij, parfumov ali umetnih barvil. Naravno milo je veliko bolj prijazno do ko\u017ee in je ne dra\u017ei, kar je \u0161e zlasti pomembno pri ob\u010dutljivi ko\u017ei. Milo ima negovalne, protivnetne, antisepti\u010dne lastnosti. Dodatek jelka pripomore s pomirjanju in spro\u0161\u010danju. Limonska trava deluje proti utrujenosti in iz\u010drpanosti, po\u017eivlja in osve\u017euje.\u00a0U\u010dinkovito pomaga rde\u010dim krvni\u010dkam, da se la\u017eje oskrbijo s kisikom. Gelu je dodan ro\u017emarin, ki velja za zdravilno zeli\u0161\u010de \u017ee od zgodnjega srednjega veka. V ljudski medicini mu pripisujejo \u0161tevilne dobrodejne u\u010dinke: pomirja kr\u010de, spodbuja apetit, ubija klice, pospe\u0161uje prekrvavitev, pomirja \u017eivce. Od nekdaj slovi po tem, da izbolj\u0161uje spomin. V aromoterapiji zelo hitro zbudi \u010dute in zbistri um. Pomaga pri nizkem krvnem pritisku ter mrzlih nogah in rokah. Da nam zagon in energijo za ves dan.[\/vc_column_text][\/vc_column][\/vc_row][vc_row][vc_column][vc_column_text css=&#8221;.vc_custom_1624967265535{padding-top: 30px !important;padding-right: 30px !important;padding-bottom: 30px !important;padding-left: 30px !important;background-color: #ededed !important;}&#8221;]<\/p>\n<h5>Vra\u010damo se k za\u010detkom<\/h5>\n<p>Od konca 18. stoletja do sredine 19. stoletja je na proizvodnjo vplivala industrijska revolucija. Leta 1791 je francoski kemik Nicholas Leblanc patentiral izdelavo natrijevega bikarbonata iz soli. Novo obdobje za milo pomeni dvajset let kasneje, ko je Michel Eugne Chevreul, prav tako francoski kemik, raziskal kemijsko reakcijo saponifikacije. Razvoj strojev na elektri\u010dni pogon in odkritja na podro\u010dju kemije so prepolovili stro\u0161ke proizvodnje. Izdelovalci so pozabili na naravne snovi in se zatekli k poceni kemiji ter za\u010deli izdelovati detergente. Tako smo pri\u0161li v obdobje kemi\u010dnih sestav v kozmetiki. Sinteti\u010dne barve, vonjave in ostale snovi, ki so za \u010dlove\u0161ko telo \u0161kodljive. Z naravnimi mili brez kemijskih dodatkov se vra\u010damo v za\u010detke in tako ne \u0161kodujemo svojemu telesu. Naravni gel za tu\u0161iranje je ponovno iskan na tr\u017ei\u0161\u010du.[\/vc_column_text][\/vc_column][\/vc_row][vc_row][vc_column][vc_column_text]<span style=\"color: #8c189b;\"><strong><a style=\"color: #8c189b;\" href=\"https:\/\/sen-shop.com\/wp-content\/uploads\/2016\/09\/aromacert-certifikat-gel-za-tusiranje_compressed.pdf\">Aromacert certifikat &#8211; gel za tu\u0161iranje<\/a><\/strong><\/span><\/p>\n<p>Za popolno kombinacijo uporabite \u0161e <strong><span style=\"color: ##8c189b;\"><a style=\"color: #8c189b;\" href=\"https:\/\/sen-shop.com\/collections\/domaca-stran\/bio-sampon-za-nego-vseh-vrst-las\/\">100% NARAVNI \u0161ampon<\/a><\/span><\/strong> za vse vrste las.[\/vc_column_text][\/vc_column][\/vc_row]<\/p>\n","protected":false},"excerpt":{"rendered":"<p><strong><img decoding=\"async\" class=\"emoji\" role=\"img\" draggable=\"false\" src=\"https:\/\/s.w.org\/images\/core\/emoji\/17.0.2\/svg\/1f31f.svg\" alt=\"\ud83c\udf1f\" \/> Preselili smo se! <img decoding=\"async\" class=\"emoji\" role=\"img\" draggable=\"false\" src=\"https:\/\/s.w.org\/images\/core\/emoji\/17.0.2\/svg\/1f31f.svg\" alt=\"\ud83c\udf1f\" \/><br data-start=\"105\" data-end=\"108\" \/>Za \u0161e bolj\u0161o izku\u0161njo nakupovanja nas zdaj najdete na <a class=\"decorated-link\" href=\"http:\/\/www.sen-shop.si\/\" target=\"_new\" rel=\"noopener\" data-start=\"164\" data-end=\"205\">www.sen-shop.si<\/a>!<\/p>\n<p>100% NARAVNI <\/strong>gel za tu\u0161iranje z dodanimi ekolo\u0161ko pridelanimi eteri\u010dnimi olji ko\u017eo ne\u017eno o\u010disti vseh ne\u010disto\u010d, jo neguje in pomirja. Zaradi svoje ne\u017ene sestave ga lahko uporabljajo tudi otroci. S svojimi sestavinami <strong>neguje, vla\u017ei in ne\u017eno o\u010disti ko\u017eo <\/strong>(limonska trava, jelka, ro\u017emarin, cimet), deluje blago antisepti\u010dno (BIO \u010dajevec).<\/p>\n[banner_zeliscni]\n","protected":false},"featured_media":36350,"comment_status":"open","ping_status":"closed","template":"","meta":{"inline_featured_image":false},"product_cat":[75,56,79,365],"product_tag":[87,251,257,89,92,96],"class_list":["post-116","product","type-product","status-publish","has-post-thumbnail","hentry","product_cat-nega-telesa","product_cat-osebna-nega","product_cat-otroci","product_cat-crni-petek","product_tag-bio","product_tag-bio-kozmetika","product_tag-ekoloska-kozmetika","product_tag-naravna-kozmetika","product_tag-nega-telesa-2","product_tag-slovenska-naravna-kozmetika"],"acf":[],"yoast_head":"<!-- This site is optimized with the Yoast SEO plugin v19.13 - https:\/\/yoast.com\/wordpress\/plugins\/seo\/ -->\n<title>Naravna mila. Naravni gel za tu\u0161iranje. Primeren tudi za otroke. Sen Shop<\/title>\n<meta name=\"description\" content=\"Naravni gel za tu\u0161iranje z dodanimi, ekolo\u0161ko pridelanimi eteri\u010dnimi olji ko\u017eo neguje in pomirja. Naravna mila slovenskega porekla. Vrhunska kvaliteta.\" \/>\n<meta name=\"robots\" content=\"index, follow, max-snippet:-1, max-image-preview:large, max-video-preview:-1\" \/>\n<link rel=\"canonical\" href=\"https:\/\/sen-shop.com\/sl\/collections\/osebna-nega\/nega-telesa\/bio-gel-za-tusiranje\/\" \/>\n<meta property=\"og:locale\" content=\"sl_SI\" \/>\n<meta property=\"og:type\" content=\"article\" \/>\n<meta property=\"og:title\" content=\"Naravna mila. Naravni gel za tu\u0161iranje. Primeren tudi za otroke. Sen Shop\" \/>\n<meta property=\"og:description\" content=\"Naravni gel za tu\u0161iranje z dodanimi, ekolo\u0161ko pridelanimi eteri\u010dnimi olji ko\u017eo neguje in pomirja. Naravna mila slovenskega porekla. Vrhunska kvaliteta.\" \/>\n<meta property=\"og:url\" content=\"https:\/\/sen-shop.com\/sl\/collections\/osebna-nega\/nega-telesa\/bio-gel-za-tusiranje\/\" \/>\n<meta property=\"og:site_name\" content=\"SEN Shop\" \/>\n<meta property=\"article:publisher\" content=\"https:\/\/www.facebook.com\/Senshopslovenija\" \/>\n<meta property=\"article:modified_time\" content=\"2026-03-02T10:53:46+00:00\" \/>\n<meta property=\"og:image\" content=\"https:\/\/sen-shop.com\/wp-content\/uploads\/2016\/09\/gel-tus_sl_hr_splet.jpg\" \/>\n\t<meta property=\"og:image:width\" content=\"1225\" \/>\n\t<meta property=\"og:image:height\" content=\"1400\" \/>\n\t<meta property=\"og:image:type\" content=\"image\/jpeg\" \/>\n<meta name=\"twitter:card\" content=\"summary_large_image\" \/>\n<meta name=\"twitter:label1\" content=\"Est. reading time\" \/>\n\t<meta name=\"twitter:data1\" content=\"2 minuti\" \/>\n<script type=\"application\/ld+json\" class=\"yoast-schema-graph\">{\"@context\":\"https:\/\/schema.org\",\"@graph\":[{\"@type\":\"WebPage\",\"@id\":\"https:\/\/sen-shop.com\/sl\/collections\/osebna-nega\/nega-telesa\/bio-gel-za-tusiranje\/\",\"url\":\"https:\/\/sen-shop.com\/sl\/collections\/osebna-nega\/nega-telesa\/bio-gel-za-tusiranje\/\",\"name\":\"Naravna mila. Naravni gel za tu\u0161iranje. Primeren tudi za otroke. Sen Shop\",\"isPartOf\":{\"@id\":\"https:\/\/sen-shop.com\/sl\/#website\"},\"datePublished\":\"2016-09-15T23:02:33+00:00\",\"dateModified\":\"2026-03-02T10:53:46+00:00\",\"description\":\"Naravni gel za tu\u0161iranje z dodanimi, ekolo\u0161ko pridelanimi eteri\u010dnimi olji ko\u017eo neguje in pomirja. Naravna mila slovenskega porekla. Vrhunska kvaliteta.\",\"breadcrumb\":{\"@id\":\"https:\/\/sen-shop.com\/sl\/collections\/osebna-nega\/nega-telesa\/bio-gel-za-tusiranje\/#breadcrumb\"},\"inLanguage\":\"sl-SI\",\"potentialAction\":[{\"@type\":\"ReadAction\",\"target\":[\"https:\/\/sen-shop.com\/sl\/collections\/osebna-nega\/nega-telesa\/bio-gel-za-tusiranje\/\"]}]},{\"@type\":\"BreadcrumbList\",\"@id\":\"https:\/\/sen-shop.com\/sl\/collections\/osebna-nega\/nega-telesa\/bio-gel-za-tusiranje\/#breadcrumb\",\"itemListElement\":[{\"@type\":\"ListItem\",\"position\":1,\"name\":\"Home\",\"item\":\"https:\/\/sen-shop.com\/sl\/\"},{\"@type\":\"ListItem\",\"position\":2,\"name\":\"BIO gel za tu\u0161iranje\"}]},{\"@type\":\"WebSite\",\"@id\":\"https:\/\/sen-shop.com\/sl\/#website\",\"url\":\"https:\/\/sen-shop.com\/sl\/\",\"name\":\"SEN Shop\",\"description\":\"Slovensko, Ekolo\u0161ko, Naravno\",\"publisher\":{\"@id\":\"https:\/\/sen-shop.com\/sl\/#organization\"},\"potentialAction\":[{\"@type\":\"SearchAction\",\"target\":{\"@type\":\"EntryPoint\",\"urlTemplate\":\"https:\/\/sen-shop.com\/sl\/?s={search_term_string}\"},\"query-input\":\"required name=search_term_string\"}],\"inLanguage\":\"sl-SI\"},{\"@type\":\"Organization\",\"@id\":\"https:\/\/sen-shop.com\/sl\/#organization\",\"name\":\"Mind trade d.o.o\",\"url\":\"https:\/\/sen-shop.com\/sl\/\",\"logo\":{\"@type\":\"ImageObject\",\"inLanguage\":\"sl-SI\",\"@id\":\"https:\/\/sen-shop.com\/sl\/#\/schema\/logo\/image\/\",\"url\":\"https:\/\/sen-shop.com\/wp-content\/uploads\/2018\/05\/header_logo.png\",\"contentUrl\":\"https:\/\/sen-shop.com\/wp-content\/uploads\/2018\/05\/header_logo.png\",\"width\":138,\"height\":70,\"caption\":\"Mind trade d.o.o\"},\"image\":{\"@id\":\"https:\/\/sen-shop.com\/sl\/#\/schema\/logo\/image\/\"},\"sameAs\":[\"https:\/\/www.instagram.com\/senslovenija\/\",\"https:\/\/www.facebook.com\/Senshopslovenija\"]}]}<\/script>\n<!-- \/ Yoast SEO plugin. -->","yoast_head_json":{"title":"Naravna mila. Naravni gel za tu\u0161iranje. Primeren tudi za otroke. Sen Shop","description":"Naravni gel za tu\u0161iranje z dodanimi, ekolo\u0161ko pridelanimi eteri\u010dnimi olji ko\u017eo neguje in pomirja. Naravna mila slovenskega porekla. Vrhunska kvaliteta.","robots":{"index":"index","follow":"follow","max-snippet":"max-snippet:-1","max-image-preview":"max-image-preview:large","max-video-preview":"max-video-preview:-1"},"canonical":"https:\/\/sen-shop.com\/sl\/collections\/osebna-nega\/nega-telesa\/bio-gel-za-tusiranje\/","og_locale":"sl_SI","og_type":"article","og_title":"Naravna mila. Naravni gel za tu\u0161iranje. Primeren tudi za otroke. Sen Shop","og_description":"Naravni gel za tu\u0161iranje z dodanimi, ekolo\u0161ko pridelanimi eteri\u010dnimi olji ko\u017eo neguje in pomirja. Naravna mila slovenskega porekla. Vrhunska kvaliteta.","og_url":"https:\/\/sen-shop.com\/sl\/collections\/osebna-nega\/nega-telesa\/bio-gel-za-tusiranje\/","og_site_name":"SEN Shop","article_publisher":"https:\/\/www.facebook.com\/Senshopslovenija","article_modified_time":"2026-03-02T10:53:46+00:00","og_image":[{"width":1225,"height":1400,"url":"https:\/\/sen-shop.com\/wp-content\/uploads\/2016\/09\/gel-tus_sl_hr_splet.jpg","type":"image\/jpeg"}],"twitter_card":"summary_large_image","twitter_misc":{"Est. reading time":"2 minuti"},"schema":{"@context":"https:\/\/schema.org","@graph":[{"@type":"WebPage","@id":"https:\/\/sen-shop.com\/sl\/collections\/osebna-nega\/nega-telesa\/bio-gel-za-tusiranje\/","url":"https:\/\/sen-shop.com\/sl\/collections\/osebna-nega\/nega-telesa\/bio-gel-za-tusiranje\/","name":"Naravna mila. Naravni gel za tu\u0161iranje. Primeren tudi za otroke. Sen Shop","isPartOf":{"@id":"https:\/\/sen-shop.com\/sl\/#website"},"datePublished":"2016-09-15T23:02:33+00:00","dateModified":"2026-03-02T10:53:46+00:00","description":"Naravni gel za tu\u0161iranje z dodanimi, ekolo\u0161ko pridelanimi eteri\u010dnimi olji ko\u017eo neguje in pomirja. Naravna mila slovenskega porekla. Vrhunska kvaliteta.","breadcrumb":{"@id":"https:\/\/sen-shop.com\/sl\/collections\/osebna-nega\/nega-telesa\/bio-gel-za-tusiranje\/#breadcrumb"},"inLanguage":"sl-SI","potentialAction":[{"@type":"ReadAction","target":["https:\/\/sen-shop.com\/sl\/collections\/osebna-nega\/nega-telesa\/bio-gel-za-tusiranje\/"]}]},{"@type":"BreadcrumbList","@id":"https:\/\/sen-shop.com\/sl\/collections\/osebna-nega\/nega-telesa\/bio-gel-za-tusiranje\/#breadcrumb","itemListElement":[{"@type":"ListItem","position":1,"name":"Home","item":"https:\/\/sen-shop.com\/sl\/"},{"@type":"ListItem","position":2,"name":"BIO gel za tu\u0161iranje"}]},{"@type":"WebSite","@id":"https:\/\/sen-shop.com\/sl\/#website","url":"https:\/\/sen-shop.com\/sl\/","name":"SEN Shop","description":"Slovensko, Ekolo\u0161ko, Naravno","publisher":{"@id":"https:\/\/sen-shop.com\/sl\/#organization"},"potentialAction":[{"@type":"SearchAction","target":{"@type":"EntryPoint","urlTemplate":"https:\/\/sen-shop.com\/sl\/?s={search_term_string}"},"query-input":"required name=search_term_string"}],"inLanguage":"sl-SI"},{"@type":"Organization","@id":"https:\/\/sen-shop.com\/sl\/#organization","name":"Mind trade d.o.o","url":"https:\/\/sen-shop.com\/sl\/","logo":{"@type":"ImageObject","inLanguage":"sl-SI","@id":"https:\/\/sen-shop.com\/sl\/#\/schema\/logo\/image\/","url":"https:\/\/sen-shop.com\/wp-content\/uploads\/2018\/05\/header_logo.png","contentUrl":"https:\/\/sen-shop.com\/wp-content\/uploads\/2018\/05\/header_logo.png","width":138,"height":70,"caption":"Mind trade d.o.o"},"image":{"@id":"https:\/\/sen-shop.com\/sl\/#\/schema\/logo\/image\/"},"sameAs":["https:\/\/www.instagram.com\/senslovenija\/","https:\/\/www.facebook.com\/Senshopslovenija"]}]}},"_links":{"self":[{"href":"https:\/\/sen-shop.com\/sl\/wp-json\/wp\/v2\/product\/116","targetHints":{"allow":["GET"]}}],"collection":[{"href":"https:\/\/sen-shop.com\/sl\/wp-json\/wp\/v2\/product"}],"about":[{"href":"https:\/\/sen-shop.com\/sl\/wp-json\/wp\/v2\/types\/product"}],"replies":[{"embeddable":true,"href":"https:\/\/sen-shop.com\/sl\/wp-json\/wp\/v2\/comments?post=116"}],"wp:featuredmedia":[{"embeddable":true,"href":"https:\/\/sen-shop.com\/sl\/wp-json\/wp\/v2\/media\/36350"}],"wp:attachment":[{"href":"https:\/\/sen-shop.com\/sl\/wp-json\/wp\/v2\/media?parent=116"}],"wp:term":[{"taxonomy":"product_cat","embeddable":true,"href":"https:\/\/sen-shop.com\/sl\/wp-json\/wp\/v2\/product_cat?post=116"},{"taxonomy":"product_tag","embeddable":true,"href":"https:\/\/sen-shop.com\/sl\/wp-json\/wp\/v2\/product_tag?post=116"}],"curies":[{"name":"wp","href":"https:\/\/api.w.org\/{rel}","templated":true}]}}