{"id":114,"date":"2016-09-16T01:01:01","date_gmt":"2016-09-15T23:01:01","guid":{"rendered":"https:\/\/www.sen-shop.com\/?post_type=product&#038;p=114"},"modified":"2026-03-27T10:22:09","modified_gmt":"2026-03-27T09:22:09","slug":"bio-sampon-za-nego-vseh-vrst-las","status":"publish","type":"product","link":"https:\/\/sen-shop.com\/sl\/collections\/osebna-nega\/nega-las\/bio-sampon-za-nego-vseh-vrst-las\/","title":{"rendered":"Bio \u0161ampon"},"content":{"rendered":"<p>[vc_row][vc_column][vc_column_text]<\/p>\n<p data-start=\"146\" data-end=\"380\">Sinteti\u010dni \u0161amponi pogosto vsebujejo agresivne penilce, ki lahko poru\u0161ijo naravno ravnovesje lasi\u0161\u010da. Pogosto velja prepri\u010danje, da ve\u010d pene pomeni bolj \u010diste lase, a to ne dr\u017ei \u2013 koli\u010dina pene ni povezana z u\u010dinkovitostjo \u010di\u0161\u010denja.<\/p>\n<p data-start=\"382\" data-end=\"640\"><strong data-start=\"382\" data-end=\"400\">Naravni \u0161ampon<\/strong> vsebuje izjemno blag detergent naravnega izvora (iz koruznega in kokosovega olja) ter dodana naravna eteri\u010dna olja. Ne\u017eno o\u010disti, \u0161\u010diti lasi\u0161\u010de in je primeren za nego vseh vrst las. Zaradi svoje blagosti ga lahko uporabljajo tudi otroci.<\/p>\n<h4>Mnenja strank:<\/h4>\n<h3><strong><a href=\"https:\/\/sen-shop.com\/wp-content\/uploads\/2016\/09\/\u0161ampon-u\u0161i-mnenje-kupcev.png\"><img loading=\"lazy\" decoding=\"async\" class=\"size-full wp-image-13095 alignnone\" src=\"https:\/\/sen-shop.com\/wp-content\/uploads\/2016\/09\/\u0161ampon-u\u0161i-mnenje-kupcev.png\" alt=\"\" width=\"443\" height=\"749\" srcset=\"https:\/\/sen-shop.com\/wp-content\/uploads\/2016\/09\/\u0161ampon-u\u0161i-mnenje-kupcev.png 443w, https:\/\/sen-shop.com\/wp-content\/uploads\/2016\/09\/\u0161ampon-u\u0161i-mnenje-kupcev-177x300.png 177w, https:\/\/sen-shop.com\/wp-content\/uploads\/2016\/09\/\u0161ampon-u\u0161i-mnenje-kupcev-30x50.png 30w, https:\/\/sen-shop.com\/wp-content\/uploads\/2016\/09\/\u0161ampon-u\u0161i-mnenje-kupcev-35x60.png 35w\" sizes=\"auto, (max-width: 443px) 100vw, 443px\" \/><\/a><\/strong><\/h3>\n<h3><\/h3>\n<p>[\/vc_column_text][\/vc_column][\/vc_row]<\/p>\n","protected":false},"excerpt":{"rendered":"<p><strong data-start=\"47\" data-end=\"70\"><img decoding=\"async\" class=\"emoji\" role=\"img\" draggable=\"false\" src=\"https:\/\/s.w.org\/images\/core\/emoji\/17.0.2\/svg\/1f31f.svg\" alt=\"\ud83c\udf1f\" \/>Preselili smo se! <img decoding=\"async\" class=\"emoji\" role=\"img\" draggable=\"false\" src=\"https:\/\/s.w.org\/images\/core\/emoji\/17.0.2\/svg\/1f642.svg\" alt=\"\ud83d\ude42\" \/><br \/>\n<\/strong><img decoding=\"async\" class=\"emoji\" role=\"img\" draggable=\"false\" src=\"https:\/\/s.w.org\/images\/core\/emoji\/17.0.2\/svg\/2728.svg\" alt=\"\u2728\" \/> Za ugodnej\u0161e cene, nove izdelke in akcije te vabimo na novo stran \u2013 ne zamudi, <a href=\"https:\/\/sen-shop.si\/?s=\u0161ampon&amp;post_type=product\"><span style=\"color: #ff0000;\">klikni tukaj in preveri <img decoding=\"async\" class=\"emoji\" role=\"img\" draggable=\"false\" src=\"https:\/\/s.w.org\/images\/core\/emoji\/17.0.2\/svg\/1f448.svg\" alt=\"\ud83d\udc48\" \/><\/span><\/a><\/p>\n<p>100% naraven \u0161ampon, primeren za nego las in ohranjanje naravnega ravnovesja lasi\u0161\u010da. Izjemno blago sredstvo za umivanje, narejeno iz koruznega in kokosovega olja, obogateno z organsko pridelanimi eteri\u010dnimi olji, ki \u0161\u010ditijo lasi\u0161\u010de ter lasem podarijo sve\u017eino, mehkobo in prijeten naraven vonj.<\/p>\n[banner_zeliscni]\n","protected":false},"featured_media":71196,"comment_status":"open","ping_status":"closed","template":"","meta":{"inline_featured_image":false},"product_cat":[55,74,56,79,365],"product_tag":[87,251,257,89,100,90,96],"class_list":["post-114","product","type-product","status-publish","has-post-thumbnail","hentry","product_cat-domaca-stran","product_cat-nega-las","product_cat-osebna-nega","product_cat-otroci","product_cat-crni-petek","product_tag-bio","product_tag-bio-kozmetika","product_tag-ekoloska-kozmetika","product_tag-naravna-kozmetika","product_tag-nega-las-2","product_tag-olje-cajevca","product_tag-slovenska-naravna-kozmetika"],"acf":[],"yoast_head":"<!-- This site is optimized with the Yoast SEO plugin v19.13 - https:\/\/yoast.com\/wordpress\/plugins\/seo\/ -->\n<title>Naravni \u0161ampon proti prhljaju in sivim lasem. Srbe\u010de lasi\u0161\u010de? Sen Shop<\/title>\n<meta name=\"description\" content=\"BIO naravni \u0161ampon proti prhljaju je primeren za nego las in ohranjanja naravnega ravnovesja lasi\u0161\u010da. Z eteri\u010dnimi olji prepre\u010duje te\u017eave - srbe\u010de lasi\u0161\u010de.\" \/>\n<meta name=\"robots\" content=\"index, follow, max-snippet:-1, max-image-preview:large, max-video-preview:-1\" \/>\n<link rel=\"canonical\" href=\"https:\/\/sen-shop.com\/sl\/collections\/osebna-nega\/nega-las\/bio-sampon-za-nego-vseh-vrst-las\/\" \/>\n<meta property=\"og:locale\" content=\"sl_SI\" \/>\n<meta property=\"og:type\" content=\"article\" \/>\n<meta property=\"og:title\" content=\"Naravni \u0161ampon proti prhljaju in sivim lasem. Srbe\u010de lasi\u0161\u010de? Sen Shop\" \/>\n<meta property=\"og:description\" content=\"BIO naravni \u0161ampon proti prhljaju je primeren za nego las in ohranjanja naravnega ravnovesja lasi\u0161\u010da. Z eteri\u010dnimi olji prepre\u010duje te\u017eave - srbe\u010de lasi\u0161\u010de.\" \/>\n<meta property=\"og:url\" content=\"https:\/\/sen-shop.com\/sl\/collections\/osebna-nega\/nega-las\/bio-sampon-za-nego-vseh-vrst-las\/\" \/>\n<meta property=\"og:site_name\" content=\"SEN Shop\" \/>\n<meta property=\"article:publisher\" content=\"https:\/\/www.facebook.com\/Senshopslovenija\" \/>\n<meta property=\"article:modified_time\" content=\"2026-03-27T09:22:09+00:00\" \/>\n<meta property=\"og:image\" content=\"https:\/\/sen-shop.com\/wp-content\/uploads\/2016\/09\/NARAVNI-SAMPON-nova-verzija.jpg\" \/>\n\t<meta property=\"og:image:width\" content=\"1080\" \/>\n\t<meta property=\"og:image:height\" content=\"1080\" \/>\n\t<meta property=\"og:image:type\" content=\"image\/jpeg\" \/>\n<meta name=\"twitter:card\" content=\"summary_large_image\" \/>\n<meta name=\"twitter:label1\" content=\"Est. reading time\" \/>\n\t<meta name=\"twitter:data1\" content=\"1 minuta\" \/>\n<script type=\"application\/ld+json\" class=\"yoast-schema-graph\">{\"@context\":\"https:\/\/schema.org\",\"@graph\":[{\"@type\":\"WebPage\",\"@id\":\"https:\/\/sen-shop.com\/sl\/collections\/osebna-nega\/nega-las\/bio-sampon-za-nego-vseh-vrst-las\/\",\"url\":\"https:\/\/sen-shop.com\/sl\/collections\/osebna-nega\/nega-las\/bio-sampon-za-nego-vseh-vrst-las\/\",\"name\":\"Naravni \u0161ampon proti prhljaju in sivim lasem. Srbe\u010de lasi\u0161\u010de? Sen Shop\",\"isPartOf\":{\"@id\":\"https:\/\/sen-shop.com\/sl\/#website\"},\"datePublished\":\"2016-09-15T23:01:01+00:00\",\"dateModified\":\"2026-03-27T09:22:09+00:00\",\"description\":\"BIO naravni \u0161ampon proti prhljaju je primeren za nego las in ohranjanja naravnega ravnovesja lasi\u0161\u010da. Z eteri\u010dnimi olji prepre\u010duje te\u017eave - srbe\u010de lasi\u0161\u010de.\",\"breadcrumb\":{\"@id\":\"https:\/\/sen-shop.com\/sl\/collections\/osebna-nega\/nega-las\/bio-sampon-za-nego-vseh-vrst-las\/#breadcrumb\"},\"inLanguage\":\"sl-SI\",\"potentialAction\":[{\"@type\":\"ReadAction\",\"target\":[\"https:\/\/sen-shop.com\/sl\/collections\/osebna-nega\/nega-las\/bio-sampon-za-nego-vseh-vrst-las\/\"]}]},{\"@type\":\"BreadcrumbList\",\"@id\":\"https:\/\/sen-shop.com\/sl\/collections\/osebna-nega\/nega-las\/bio-sampon-za-nego-vseh-vrst-las\/#breadcrumb\",\"itemListElement\":[{\"@type\":\"ListItem\",\"position\":1,\"name\":\"Home\",\"item\":\"https:\/\/sen-shop.com\/sl\/\"},{\"@type\":\"ListItem\",\"position\":2,\"name\":\"Bio \u0161ampon\"}]},{\"@type\":\"WebSite\",\"@id\":\"https:\/\/sen-shop.com\/sl\/#website\",\"url\":\"https:\/\/sen-shop.com\/sl\/\",\"name\":\"SEN Shop\",\"description\":\"Slovensko, Ekolo\u0161ko, Naravno\",\"publisher\":{\"@id\":\"https:\/\/sen-shop.com\/sl\/#organization\"},\"potentialAction\":[{\"@type\":\"SearchAction\",\"target\":{\"@type\":\"EntryPoint\",\"urlTemplate\":\"https:\/\/sen-shop.com\/sl\/?s={search_term_string}\"},\"query-input\":\"required name=search_term_string\"}],\"inLanguage\":\"sl-SI\"},{\"@type\":\"Organization\",\"@id\":\"https:\/\/sen-shop.com\/sl\/#organization\",\"name\":\"Mind trade d.o.o\",\"url\":\"https:\/\/sen-shop.com\/sl\/\",\"logo\":{\"@type\":\"ImageObject\",\"inLanguage\":\"sl-SI\",\"@id\":\"https:\/\/sen-shop.com\/sl\/#\/schema\/logo\/image\/\",\"url\":\"https:\/\/sen-shop.com\/wp-content\/uploads\/2018\/05\/header_logo.png\",\"contentUrl\":\"https:\/\/sen-shop.com\/wp-content\/uploads\/2018\/05\/header_logo.png\",\"width\":138,\"height\":70,\"caption\":\"Mind trade d.o.o\"},\"image\":{\"@id\":\"https:\/\/sen-shop.com\/sl\/#\/schema\/logo\/image\/\"},\"sameAs\":[\"https:\/\/www.instagram.com\/senslovenija\/\",\"https:\/\/www.facebook.com\/Senshopslovenija\"]}]}<\/script>\n<!-- \/ Yoast SEO plugin. -->","yoast_head_json":{"title":"Naravni \u0161ampon proti prhljaju in sivim lasem. Srbe\u010de lasi\u0161\u010de? Sen Shop","description":"BIO naravni \u0161ampon proti prhljaju je primeren za nego las in ohranjanja naravnega ravnovesja lasi\u0161\u010da. Z eteri\u010dnimi olji prepre\u010duje te\u017eave - srbe\u010de lasi\u0161\u010de.","robots":{"index":"index","follow":"follow","max-snippet":"max-snippet:-1","max-image-preview":"max-image-preview:large","max-video-preview":"max-video-preview:-1"},"canonical":"https:\/\/sen-shop.com\/sl\/collections\/osebna-nega\/nega-las\/bio-sampon-za-nego-vseh-vrst-las\/","og_locale":"sl_SI","og_type":"article","og_title":"Naravni \u0161ampon proti prhljaju in sivim lasem. Srbe\u010de lasi\u0161\u010de? Sen Shop","og_description":"BIO naravni \u0161ampon proti prhljaju je primeren za nego las in ohranjanja naravnega ravnovesja lasi\u0161\u010da. Z eteri\u010dnimi olji prepre\u010duje te\u017eave - srbe\u010de lasi\u0161\u010de.","og_url":"https:\/\/sen-shop.com\/sl\/collections\/osebna-nega\/nega-las\/bio-sampon-za-nego-vseh-vrst-las\/","og_site_name":"SEN Shop","article_publisher":"https:\/\/www.facebook.com\/Senshopslovenija","article_modified_time":"2026-03-27T09:22:09+00:00","og_image":[{"width":1080,"height":1080,"url":"https:\/\/sen-shop.com\/wp-content\/uploads\/2016\/09\/NARAVNI-SAMPON-nova-verzija.jpg","type":"image\/jpeg"}],"twitter_card":"summary_large_image","twitter_misc":{"Est. reading time":"1 minuta"},"schema":{"@context":"https:\/\/schema.org","@graph":[{"@type":"WebPage","@id":"https:\/\/sen-shop.com\/sl\/collections\/osebna-nega\/nega-las\/bio-sampon-za-nego-vseh-vrst-las\/","url":"https:\/\/sen-shop.com\/sl\/collections\/osebna-nega\/nega-las\/bio-sampon-za-nego-vseh-vrst-las\/","name":"Naravni \u0161ampon proti prhljaju in sivim lasem. Srbe\u010de lasi\u0161\u010de? Sen Shop","isPartOf":{"@id":"https:\/\/sen-shop.com\/sl\/#website"},"datePublished":"2016-09-15T23:01:01+00:00","dateModified":"2026-03-27T09:22:09+00:00","description":"BIO naravni \u0161ampon proti prhljaju je primeren za nego las in ohranjanja naravnega ravnovesja lasi\u0161\u010da. Z eteri\u010dnimi olji prepre\u010duje te\u017eave - srbe\u010de lasi\u0161\u010de.","breadcrumb":{"@id":"https:\/\/sen-shop.com\/sl\/collections\/osebna-nega\/nega-las\/bio-sampon-za-nego-vseh-vrst-las\/#breadcrumb"},"inLanguage":"sl-SI","potentialAction":[{"@type":"ReadAction","target":["https:\/\/sen-shop.com\/sl\/collections\/osebna-nega\/nega-las\/bio-sampon-za-nego-vseh-vrst-las\/"]}]},{"@type":"BreadcrumbList","@id":"https:\/\/sen-shop.com\/sl\/collections\/osebna-nega\/nega-las\/bio-sampon-za-nego-vseh-vrst-las\/#breadcrumb","itemListElement":[{"@type":"ListItem","position":1,"name":"Home","item":"https:\/\/sen-shop.com\/sl\/"},{"@type":"ListItem","position":2,"name":"Bio \u0161ampon"}]},{"@type":"WebSite","@id":"https:\/\/sen-shop.com\/sl\/#website","url":"https:\/\/sen-shop.com\/sl\/","name":"SEN Shop","description":"Slovensko, Ekolo\u0161ko, Naravno","publisher":{"@id":"https:\/\/sen-shop.com\/sl\/#organization"},"potentialAction":[{"@type":"SearchAction","target":{"@type":"EntryPoint","urlTemplate":"https:\/\/sen-shop.com\/sl\/?s={search_term_string}"},"query-input":"required name=search_term_string"}],"inLanguage":"sl-SI"},{"@type":"Organization","@id":"https:\/\/sen-shop.com\/sl\/#organization","name":"Mind trade d.o.o","url":"https:\/\/sen-shop.com\/sl\/","logo":{"@type":"ImageObject","inLanguage":"sl-SI","@id":"https:\/\/sen-shop.com\/sl\/#\/schema\/logo\/image\/","url":"https:\/\/sen-shop.com\/wp-content\/uploads\/2018\/05\/header_logo.png","contentUrl":"https:\/\/sen-shop.com\/wp-content\/uploads\/2018\/05\/header_logo.png","width":138,"height":70,"caption":"Mind trade d.o.o"},"image":{"@id":"https:\/\/sen-shop.com\/sl\/#\/schema\/logo\/image\/"},"sameAs":["https:\/\/www.instagram.com\/senslovenija\/","https:\/\/www.facebook.com\/Senshopslovenija"]}]}},"_links":{"self":[{"href":"https:\/\/sen-shop.com\/sl\/wp-json\/wp\/v2\/product\/114","targetHints":{"allow":["GET"]}}],"collection":[{"href":"https:\/\/sen-shop.com\/sl\/wp-json\/wp\/v2\/product"}],"about":[{"href":"https:\/\/sen-shop.com\/sl\/wp-json\/wp\/v2\/types\/product"}],"replies":[{"embeddable":true,"href":"https:\/\/sen-shop.com\/sl\/wp-json\/wp\/v2\/comments?post=114"}],"wp:featuredmedia":[{"embeddable":true,"href":"https:\/\/sen-shop.com\/sl\/wp-json\/wp\/v2\/media\/71196"}],"wp:attachment":[{"href":"https:\/\/sen-shop.com\/sl\/wp-json\/wp\/v2\/media?parent=114"}],"wp:term":[{"taxonomy":"product_cat","embeddable":true,"href":"https:\/\/sen-shop.com\/sl\/wp-json\/wp\/v2\/product_cat?post=114"},{"taxonomy":"product_tag","embeddable":true,"href":"https:\/\/sen-shop.com\/sl\/wp-json\/wp\/v2\/product_tag?post=114"}],"curies":[{"name":"wp","href":"https:\/\/api.w.org\/{rel}","templated":true}]}}