{"id":112,"date":"2016-09-16T00:59:32","date_gmt":"2016-09-15T22:59:32","guid":{"rendered":"https:\/\/www.sen-shop.com\/?post_type=product&#038;p=112"},"modified":"2026-03-02T11:53:20","modified_gmt":"2026-03-02T10:53:20","slug":"bio-mleko-za-nego-telesa","status":"publish","type":"product","link":"https:\/\/sen-shop.com\/sl\/collections\/osebna-nega\/nega-telesa\/bio-mleko-za-nego-telesa\/","title":{"rendered":"BIO mleko za nego telesa"},"content":{"rendered":"<h4>Bio mleko za nego telesa<\/h4>\n<p>Privo\u0161\u010dite svojemu telesu le najbolj\u0161o nego. BIO naravno mleko za telo z izbranimi sestavinami neguje, hrani in vla\u017ei ko\u017eo, primeren za tako vse tipe ko\u017ee tudi za ob\u010dutljivo. Jojobino olje, kokosovo olje, \u0161ipkovo olje in karitejevo maslo bodo navla\u017eili va\u0161o ko\u017eo in ohranili elasti\u010dnost ter pro\u017enost va\u0161e ko\u017ee.<\/p>\n<p>BIO mleko je namenjeno vsakodnevni negi, predvsem po tu\u0161iranju in son\u010denju. Jojobino olje je bogato z vitaminom E, zelo primerno za vse tipe ko\u017ee, \u0161e zlasti za ob\u010dutljivo in problemati\u010dno ko\u017eo. Hitro se vpija, uravnava vla\u017enost ter ohranja elasti\u010dnost in pro\u017enost ko\u017ee. Deluje protivnetno in je zelo primerno tudi za neko po\u0161kodovane ali vnete ko\u017ee.<\/p>\n<p>Ve\u010d o izku\u0161nji z mlekom znamke SEN si lahko preberete <a href=\"https:\/\/zabica.si\/zakaj-je-nega-koze-tako-pomembna\/\">TUKAJ.<\/a><\/p>\n<h3>Krema po son\u010denju<\/h3>\n<p>Jojobino olje, karitejevo maslo, olje verbene in olje palmarose so u\u010dinkovite, ki obnavljajo po\u0161kodovano in ope\u010deno ko\u017eo po son\u010denju.<\/p>\n<h5>Kokosovo olje<\/h5>\n<p>Naravno mleko za telo vsebuje tudi kokosovo olje. Uporablja se kot krema za ko\u017eo, ker jo vla\u017ei in deluje protivnetno. Na ko\u017eo nanesemo tanek sloj kokosovega olja, ki poskrbi za navla\u017eeno in mehko ko\u017eo. Pomaga pri hitrej\u0161emu celjenju po\u0161kodovane ko\u017ee in prepre\u010devanju vnetih stanj na ko\u017ei. Kokosovo olje je pomembna sestavina pri izdelavi mila. Srednje-veri\u017ene ma\u0161\u010dobne kisline v kokosovem olju uni\u010dujejo \u0161kodljive mikroorganizme, ki povzro\u010dajo razli\u010dne oku\u017ebe. Olje se lahko uporablja za preventivo kot tudi za zdravljenje oku\u017eb in vnetij, pri katerem je \u0161e posebej pomembna lavri\u010dna kislina. Posledica vnetij je razdra\u017eena ko\u017ea. Priporo\u010dljivo je za vse, ki se pogosto soo\u010date s suho ko\u017eo. Kokosovo olje naj bi bilo pri odpravljanju suhe ko\u017ee celo bolj u\u010dinkovito kot ve\u010dina kozmeti\u010dnih sredstev, namenjenih tovrstnim te\u017eavam. Z oljem poskrbite, da bo va\u0161a ko\u017ea pro\u017ena in mehka.<\/p>\n<h5>Jojobino olje<\/h5>\n<p>Je teko\u010dina proizvedena iz semen rastline Jojobe. Indijanci so uporabljali, iz semen iztisnjeno, jojobino olje za oskrbo ran in bole\u010dega grla. Olje deluje protiglivi\u010dno in se lahko uporablja tudi za zatiranje glivi\u010dnih obolenj.<\/p>\n<p>Priporo\u010damo vam tudi nakup naravni\u00a0<strong><a href=\"https:\/\/sen-shop.com\/collections\/osebna-nega\/bio-gel-za-tusiranje\/\">gel za tu\u0161iranje<\/a>.<\/strong><\/p>\n<p><span style=\"color: #8c189b;\"><strong> <a style=\"color: #8c189b;\" href=\"https:\/\/sen-shop.com\/wp-content\/uploads\/2016\/09\/070518_Mind_MLEKO-ZA-NEGO-TELESA-200-mL_Aromacert-CoA_5-2018_compressed.pdf\">Aromacert certifikat &#8211; mleko za telo<\/a><\/strong><\/span><\/p>\n","protected":false},"excerpt":{"rendered":"<p><img decoding=\"async\" class=\"emoji\" role=\"img\" draggable=\"false\" src=\"https:\/\/s.w.org\/images\/core\/emoji\/17.0.2\/svg\/1f31f.svg\" alt=\"\ud83c\udf1f\" \/> <strong data-start=\"81\" data-end=\"102\">Preselili smo se!<\/strong> <img decoding=\"async\" class=\"emoji\" role=\"img\" draggable=\"false\" src=\"https:\/\/s.w.org\/images\/core\/emoji\/17.0.2\/svg\/1f31f.svg\" alt=\"\ud83c\udf1f\" \/><br data-start=\"105\" data-end=\"108\" \/>Za \u0161e bolj\u0161o izku\u0161njo nakupovanja nas zdaj najdete na <strong data-start=\"162\" data-end=\"207\"><a class=\"decorated-link\" href=\"http:\/\/www.sen-shop.si\/\" target=\"_new\" rel=\"noopener\" data-start=\"164\" data-end=\"205\">www.sen-shop.si<\/a><\/strong>!<\/p>\n<p>Privo\u0161\u010dite svojemu telesu le najbolj\u0161o nego. <strong>100% NARAVNO <\/strong>mleko za telo z izbranimi sestavinami neguje, hrani in vla\u017ei ko\u017eo, primeren za tako vse tipe ko\u017ee tudi za ob\u010dutljivo. Dodano <strong>karitejevo maslo, jojobino in kokosovo olje<\/strong>.<\/p>\n<p>Odli\u010den tudi kot <strong>mleko po son\u010denju<\/strong>. Laj\u0161a opekline, hrani in vla\u017ei po\u0161kodovano in pregreto ko\u017eo.<\/p>\n[banner_zeliscni]\n","protected":false},"featured_media":25940,"comment_status":"open","ping_status":"closed","template":"","meta":{"inline_featured_image":false},"product_cat":[75,56,365],"product_tag":[87,251,257,89,92,96],"class_list":["post-112","product","type-product","status-publish","has-post-thumbnail","hentry","product_cat-nega-telesa","product_cat-osebna-nega","product_cat-crni-petek","product_tag-bio","product_tag-bio-kozmetika","product_tag-ekoloska-kozmetika","product_tag-naravna-kozmetika","product_tag-nega-telesa-2","product_tag-slovenska-naravna-kozmetika"],"acf":[],"yoast_head":"<!-- This site is optimized with the Yoast SEO plugin v19.13 - https:\/\/yoast.com\/wordpress\/plugins\/seo\/ -->\n<title>100% naravno mleko za telo. Krema po son\u010denju tudi za otroke<\/title>\n<meta name=\"description\" content=\"Krema po son\u010denju. 100% naravno mleko za telo. Neguje, hrani in vla\u017ei ko\u017eo, primeren za tako vse tipe ko\u017ee, tudi za ob\u010dutljivo.\" \/>\n<meta name=\"robots\" content=\"index, follow, max-snippet:-1, max-image-preview:large, max-video-preview:-1\" \/>\n<link rel=\"canonical\" href=\"https:\/\/sen-shop.com\/sl\/collections\/osebna-nega\/nega-telesa\/bio-mleko-za-nego-telesa\/\" \/>\n<meta property=\"og:locale\" content=\"sl_SI\" \/>\n<meta property=\"og:type\" content=\"article\" \/>\n<meta property=\"og:title\" content=\"100% naravno mleko za telo. Krema po son\u010denju tudi za otroke\" \/>\n<meta property=\"og:description\" content=\"Krema po son\u010denju. 100% naravno mleko za telo. Neguje, hrani in vla\u017ei ko\u017eo, primeren za tako vse tipe ko\u017ee, tudi za ob\u010dutljivo.\" \/>\n<meta property=\"og:url\" content=\"https:\/\/sen-shop.com\/sl\/collections\/osebna-nega\/nega-telesa\/bio-mleko-za-nego-telesa\/\" \/>\n<meta property=\"og:site_name\" content=\"SEN Shop\" \/>\n<meta property=\"article:publisher\" content=\"https:\/\/www.facebook.com\/Senshopslovenija\" \/>\n<meta property=\"article:modified_time\" content=\"2026-03-02T10:53:20+00:00\" \/>\n<meta property=\"og:image\" content=\"https:\/\/sen-shop.com\/wp-content\/uploads\/2016\/09\/mleko-za-telo-za-suho-kozo-za-nego-karitejevo-maslo-jojobino-olje-kokosovo-olje-naravno.jpg\" \/>\n\t<meta property=\"og:image:width\" content=\"1000\" \/>\n\t<meta property=\"og:image:height\" content=\"1143\" \/>\n\t<meta property=\"og:image:type\" content=\"image\/jpeg\" \/>\n<meta name=\"twitter:card\" content=\"summary_large_image\" \/>\n<meta name=\"twitter:label1\" content=\"Est. reading time\" \/>\n\t<meta name=\"twitter:data1\" content=\"2 minuti\" \/>\n<script type=\"application\/ld+json\" class=\"yoast-schema-graph\">{\"@context\":\"https:\/\/schema.org\",\"@graph\":[{\"@type\":\"WebPage\",\"@id\":\"https:\/\/sen-shop.com\/sl\/collections\/osebna-nega\/nega-telesa\/bio-mleko-za-nego-telesa\/\",\"url\":\"https:\/\/sen-shop.com\/sl\/collections\/osebna-nega\/nega-telesa\/bio-mleko-za-nego-telesa\/\",\"name\":\"100% naravno mleko za telo. Krema po son\u010denju tudi za otroke\",\"isPartOf\":{\"@id\":\"https:\/\/sen-shop.com\/sl\/#website\"},\"datePublished\":\"2016-09-15T22:59:32+00:00\",\"dateModified\":\"2026-03-02T10:53:20+00:00\",\"description\":\"Krema po son\u010denju. 100% naravno mleko za telo. Neguje, hrani in vla\u017ei ko\u017eo, primeren za tako vse tipe ko\u017ee, tudi za ob\u010dutljivo.\",\"breadcrumb\":{\"@id\":\"https:\/\/sen-shop.com\/sl\/collections\/osebna-nega\/nega-telesa\/bio-mleko-za-nego-telesa\/#breadcrumb\"},\"inLanguage\":\"sl-SI\",\"potentialAction\":[{\"@type\":\"ReadAction\",\"target\":[\"https:\/\/sen-shop.com\/sl\/collections\/osebna-nega\/nega-telesa\/bio-mleko-za-nego-telesa\/\"]}]},{\"@type\":\"BreadcrumbList\",\"@id\":\"https:\/\/sen-shop.com\/sl\/collections\/osebna-nega\/nega-telesa\/bio-mleko-za-nego-telesa\/#breadcrumb\",\"itemListElement\":[{\"@type\":\"ListItem\",\"position\":1,\"name\":\"Home\",\"item\":\"https:\/\/sen-shop.com\/sl\/\"},{\"@type\":\"ListItem\",\"position\":2,\"name\":\"BIO mleko za nego telesa\"}]},{\"@type\":\"WebSite\",\"@id\":\"https:\/\/sen-shop.com\/sl\/#website\",\"url\":\"https:\/\/sen-shop.com\/sl\/\",\"name\":\"SEN Shop\",\"description\":\"Slovensko, Ekolo\u0161ko, Naravno\",\"publisher\":{\"@id\":\"https:\/\/sen-shop.com\/sl\/#organization\"},\"potentialAction\":[{\"@type\":\"SearchAction\",\"target\":{\"@type\":\"EntryPoint\",\"urlTemplate\":\"https:\/\/sen-shop.com\/sl\/?s={search_term_string}\"},\"query-input\":\"required name=search_term_string\"}],\"inLanguage\":\"sl-SI\"},{\"@type\":\"Organization\",\"@id\":\"https:\/\/sen-shop.com\/sl\/#organization\",\"name\":\"Mind trade d.o.o\",\"url\":\"https:\/\/sen-shop.com\/sl\/\",\"logo\":{\"@type\":\"ImageObject\",\"inLanguage\":\"sl-SI\",\"@id\":\"https:\/\/sen-shop.com\/sl\/#\/schema\/logo\/image\/\",\"url\":\"https:\/\/sen-shop.com\/wp-content\/uploads\/2018\/05\/header_logo.png\",\"contentUrl\":\"https:\/\/sen-shop.com\/wp-content\/uploads\/2018\/05\/header_logo.png\",\"width\":138,\"height\":70,\"caption\":\"Mind trade d.o.o\"},\"image\":{\"@id\":\"https:\/\/sen-shop.com\/sl\/#\/schema\/logo\/image\/\"},\"sameAs\":[\"https:\/\/www.instagram.com\/senslovenija\/\",\"https:\/\/www.facebook.com\/Senshopslovenija\"]}]}<\/script>\n<!-- \/ Yoast SEO plugin. -->","yoast_head_json":{"title":"100% naravno mleko za telo. Krema po son\u010denju tudi za otroke","description":"Krema po son\u010denju. 100% naravno mleko za telo. Neguje, hrani in vla\u017ei ko\u017eo, primeren za tako vse tipe ko\u017ee, tudi za ob\u010dutljivo.","robots":{"index":"index","follow":"follow","max-snippet":"max-snippet:-1","max-image-preview":"max-image-preview:large","max-video-preview":"max-video-preview:-1"},"canonical":"https:\/\/sen-shop.com\/sl\/collections\/osebna-nega\/nega-telesa\/bio-mleko-za-nego-telesa\/","og_locale":"sl_SI","og_type":"article","og_title":"100% naravno mleko za telo. Krema po son\u010denju tudi za otroke","og_description":"Krema po son\u010denju. 100% naravno mleko za telo. Neguje, hrani in vla\u017ei ko\u017eo, primeren za tako vse tipe ko\u017ee, tudi za ob\u010dutljivo.","og_url":"https:\/\/sen-shop.com\/sl\/collections\/osebna-nega\/nega-telesa\/bio-mleko-za-nego-telesa\/","og_site_name":"SEN Shop","article_publisher":"https:\/\/www.facebook.com\/Senshopslovenija","article_modified_time":"2026-03-02T10:53:20+00:00","og_image":[{"width":1000,"height":1143,"url":"https:\/\/sen-shop.com\/wp-content\/uploads\/2016\/09\/mleko-za-telo-za-suho-kozo-za-nego-karitejevo-maslo-jojobino-olje-kokosovo-olje-naravno.jpg","type":"image\/jpeg"}],"twitter_card":"summary_large_image","twitter_misc":{"Est. reading time":"2 minuti"},"schema":{"@context":"https:\/\/schema.org","@graph":[{"@type":"WebPage","@id":"https:\/\/sen-shop.com\/sl\/collections\/osebna-nega\/nega-telesa\/bio-mleko-za-nego-telesa\/","url":"https:\/\/sen-shop.com\/sl\/collections\/osebna-nega\/nega-telesa\/bio-mleko-za-nego-telesa\/","name":"100% naravno mleko za telo. Krema po son\u010denju tudi za otroke","isPartOf":{"@id":"https:\/\/sen-shop.com\/sl\/#website"},"datePublished":"2016-09-15T22:59:32+00:00","dateModified":"2026-03-02T10:53:20+00:00","description":"Krema po son\u010denju. 100% naravno mleko za telo. Neguje, hrani in vla\u017ei ko\u017eo, primeren za tako vse tipe ko\u017ee, tudi za ob\u010dutljivo.","breadcrumb":{"@id":"https:\/\/sen-shop.com\/sl\/collections\/osebna-nega\/nega-telesa\/bio-mleko-za-nego-telesa\/#breadcrumb"},"inLanguage":"sl-SI","potentialAction":[{"@type":"ReadAction","target":["https:\/\/sen-shop.com\/sl\/collections\/osebna-nega\/nega-telesa\/bio-mleko-za-nego-telesa\/"]}]},{"@type":"BreadcrumbList","@id":"https:\/\/sen-shop.com\/sl\/collections\/osebna-nega\/nega-telesa\/bio-mleko-za-nego-telesa\/#breadcrumb","itemListElement":[{"@type":"ListItem","position":1,"name":"Home","item":"https:\/\/sen-shop.com\/sl\/"},{"@type":"ListItem","position":2,"name":"BIO mleko za nego telesa"}]},{"@type":"WebSite","@id":"https:\/\/sen-shop.com\/sl\/#website","url":"https:\/\/sen-shop.com\/sl\/","name":"SEN Shop","description":"Slovensko, Ekolo\u0161ko, Naravno","publisher":{"@id":"https:\/\/sen-shop.com\/sl\/#organization"},"potentialAction":[{"@type":"SearchAction","target":{"@type":"EntryPoint","urlTemplate":"https:\/\/sen-shop.com\/sl\/?s={search_term_string}"},"query-input":"required name=search_term_string"}],"inLanguage":"sl-SI"},{"@type":"Organization","@id":"https:\/\/sen-shop.com\/sl\/#organization","name":"Mind trade d.o.o","url":"https:\/\/sen-shop.com\/sl\/","logo":{"@type":"ImageObject","inLanguage":"sl-SI","@id":"https:\/\/sen-shop.com\/sl\/#\/schema\/logo\/image\/","url":"https:\/\/sen-shop.com\/wp-content\/uploads\/2018\/05\/header_logo.png","contentUrl":"https:\/\/sen-shop.com\/wp-content\/uploads\/2018\/05\/header_logo.png","width":138,"height":70,"caption":"Mind trade d.o.o"},"image":{"@id":"https:\/\/sen-shop.com\/sl\/#\/schema\/logo\/image\/"},"sameAs":["https:\/\/www.instagram.com\/senslovenija\/","https:\/\/www.facebook.com\/Senshopslovenija"]}]}},"_links":{"self":[{"href":"https:\/\/sen-shop.com\/sl\/wp-json\/wp\/v2\/product\/112","targetHints":{"allow":["GET"]}}],"collection":[{"href":"https:\/\/sen-shop.com\/sl\/wp-json\/wp\/v2\/product"}],"about":[{"href":"https:\/\/sen-shop.com\/sl\/wp-json\/wp\/v2\/types\/product"}],"replies":[{"embeddable":true,"href":"https:\/\/sen-shop.com\/sl\/wp-json\/wp\/v2\/comments?post=112"}],"wp:featuredmedia":[{"embeddable":true,"href":"https:\/\/sen-shop.com\/sl\/wp-json\/wp\/v2\/media\/25940"}],"wp:attachment":[{"href":"https:\/\/sen-shop.com\/sl\/wp-json\/wp\/v2\/media?parent=112"}],"wp:term":[{"taxonomy":"product_cat","embeddable":true,"href":"https:\/\/sen-shop.com\/sl\/wp-json\/wp\/v2\/product_cat?post=112"},{"taxonomy":"product_tag","embeddable":true,"href":"https:\/\/sen-shop.com\/sl\/wp-json\/wp\/v2\/product_tag?post=112"}],"curies":[{"name":"wp","href":"https:\/\/api.w.org\/{rel}","templated":true}]}}