{"id":110,"date":"2016-09-16T00:56:52","date_gmt":"2016-09-15T22:56:52","guid":{"rendered":"https:\/\/www.sen-shop.com\/?post_type=product&#038;p=110"},"modified":"2026-03-02T11:53:04","modified_gmt":"2026-03-02T10:53:04","slug":"q10-krema-za-obraz","status":"publish","type":"product","link":"https:\/\/sen-shop.com\/sl\/collections\/osebna-nega\/obraz-oci-ustnice\/q10-krema-za-obraz\/","title":{"rendered":"Q10 krema za obraz"},"content":{"rendered":"<p>[vc_row][vc_column][vc_column_text css=&#8221;.vc_custom_1624965745182{padding-top: 30px !important;padding-right: 30px !important;padding-bottom: 30px !important;padding-left: 30px !important;background-color: #c9db95 !important;}&#8221;]<\/p>\n<h4>Q10 krema za obraz: za zdravo, gladko in sijo\u010do ko\u017eo v zrelih letih!<\/h4>\n<p>Ste se kdaj vpra\u0161ali kaj vsebuje va\u0161a krema za obraz? Ko\u017ea je na\u0161 najve\u010dji organ, ki nas varuje pred vsemi zunanjimi vplivi. Poleg tega, da nas \u0161\u010diti, pa nas ko\u017ea tudi hitro opozori na na\u0161e notranje te\u017eave. To so pogosto vnetni procesi, bodisi v obliki alergij, izpu\u0161\u010dajev, ko\u017enih razjed ipd. Ravno zaradi tega je na\u0161a ko\u017ea ogledalo na\u0161ega zdravja.<\/p>\n<h4>Kako do lepe in sijo\u010de ko\u017ee?<\/h4>\n<p>Za svoje zdravje in ko\u017eo boste najve\u010d storili s pravilno prehrano in rekreacijo. Izogibajte se hrani z visoko vsebnostjo sladkorja, soli, dodanih arom, barvil, konzervansov in nasi\u010denih ma\u0161\u010dob. Ste vedeli, da je omega 6 tista ma\u0161\u010doba, ki pospe\u0161uje vnetne procese v telesu? Izogibajte se tudi procesirani in vnaprej pripravljeni prehrani (juhe, omake iz vre\u010dk itn.). Preprosto nadomestite nezdrave obroke z obilico sadja in zelenjave ter posku\u0161ajte hrano kuhati sami. Poleg tega se odpravite v naravo in se nau\u017eite sve\u017eega zraka. Tu je va\u0161 recept za \u010disto in zdravo ko\u017eo![\/vc_column_text][\/vc_column][\/vc_row][vc_row][vc_column][vc_column_text css=&#8221;.vc_custom_1624965726998{padding-top: 30px !important;padding-right: 30px !important;padding-bottom: 30px !important;padding-left: 30px !important;background-color: #ededed !important;}&#8221;]<\/p>\n<h4>Skrbim za svoje zdravje pa imam vseeno te\u017eave s ko\u017eo?<\/h4>\n<p>Kljub zdravemu na\u010dinu \u017eivljenja, s\u010dasoma, na\u0161a ko\u017ea trpi za &#8216;pomanjkanjem hranil&#8217;, \u0161e posebej, \u010de jo ne negujemo pravilno. Pozorni bodite pri uporabi mil in \u0161amponov, saj pogosto vsebujejo \u0161kodljive sestavine, kot so: SLS-sodium laureth sulfat, umetni parfumi, penilci, konzervansi, barvila, petrokemi\u010dne kemikalije itn. Vsa ta sredstva ko\u017eo dra\u017eijo, izsu\u0161ijo, lahko povzro\u010dijo celo alergije. Pri umivanju posezite raje po naravnih milih ali <a href=\"https:\/\/sen-shop.com\/collections\/osebna-nega\/bio-gel-za-tusiranje\/\">ekolo\u0161kih izdelkih<\/a> za nego ko\u017ee.<\/p>\n<p>V izogib suhi in luskavi ko\u017ei je potrebno ko\u017eo tudi pogosto vla\u017eiti, \u0161e posebej v hladnej\u0161em vremenu, z naravnimi vla\u017eilnimi kremami ali <a href=\"https:\/\/sen-shop.com\/collections\/osebna-nega\/bio-maslo-za-nego-obcutljive-koze\/\">masli<\/a> (karitejevo, mangovo, kokosovo maslo) ali olji (olivno, jojobino, araganovo olje). Ste vedeli, da suha ko\u017ea lahko tudi pripomore k hitrej\u0161emu staranju ko\u017ee?[\/vc_column_text][\/vc_column][\/vc_row][vc_row][vc_column][vc_column_text]<\/p>\n<h4>Staranje ko\u017ee, ga je mogo\u010de prepre\u010diti?<\/h4>\n<p>Staranje ko\u017ee je neizbe\u017ena posledica, ki se ka\u017ee \u017ee po 20-tem letu starosti. Izrazijo se gube, ko\u017ea se tanj\u0161a, izgublja svojo pro\u017enost in sposobnost obnavljanja. Staranja ne moremo upo\u010dasniti ali odpraviti, lahko pa poskrbimo za potrebno za\u0161\u010dito. Izdelki s hialuronsko kislino so znani po svojih vla\u017eilnih in za\u0161\u010ditnih lastnostih. Hialuronska kislina ve\u017ee nase veliko koli\u010dino vode, ta pomaga vzdr\u017eevati elasti\u010dnost in navla\u017eenost ko\u017ee. Z leti se koli\u010dina hialuronske kisline manj\u0161a, kar je tudi eden glavnih razlogov za staranje ko\u017ee. K pospe\u0161enem staranju ko\u017ee pripomore tudi prekomerno son\u010denje, zato se posku\u0161ajte le-temu izogibati. Vitamina A in E pripomoreta k za\u0161\u010diti ko\u017ee pred UV \u017earki, zato ju tudi pogosto dodajajo v izdelke za za\u0161\u010dito pred soncem.[\/vc_column_text][\/vc_column][\/vc_row]<\/p>\n","protected":false},"excerpt":{"rendered":"<p><img decoding=\"async\" class=\"emoji\" role=\"img\" draggable=\"false\" src=\"https:\/\/s.w.org\/images\/core\/emoji\/17.0.2\/svg\/1f31f.svg\" alt=\"\ud83c\udf1f\" \/> <strong data-start=\"81\" data-end=\"102\">Preselili smo se!<\/strong> <img decoding=\"async\" class=\"emoji\" role=\"img\" draggable=\"false\" src=\"https:\/\/s.w.org\/images\/core\/emoji\/17.0.2\/svg\/1f31f.svg\" alt=\"\ud83c\udf1f\" \/><br data-start=\"105\" data-end=\"108\" \/>Za \u0161e bolj\u0161o izku\u0161njo nakupovanja nas zdaj najdete na <strong data-start=\"162\" data-end=\"207\"><a class=\"decorated-link\" href=\"http:\/\/www.sen-shop.si\/\" target=\"_new\" rel=\"noopener\" data-start=\"164\" data-end=\"205\">www.sen-shop.si<\/a><\/strong>!<\/p>\n<p>Q10 krema za obraz je namenjena vsakodnevni negi obraza, predelu vratu in dekolteja. Zahvaljujo\u010d svoji izredno bogati zmesi aktivnih substanc je primerna za vse vrste ko\u017ee, \u0161e posebej za zrelo ko\u017eo. Za bolj\u0161i u\u010dinek smo kremi dodali koencim Q10, hialuronsko kislino ter vitamina A in E.<\/p>\n","protected":false},"featured_media":37196,"comment_status":"open","ping_status":"closed","template":"","meta":{"inline_featured_image":false},"product_cat":[73,56,365],"product_tag":[251,257,89,97,98,96],"class_list":["post-110","product","type-product","status-publish","has-post-thumbnail","hentry","product_cat-obraz-oci-ustnice","product_cat-osebna-nega","product_cat-crni-petek","product_tag-bio-kozmetika","product_tag-ekoloska-kozmetika","product_tag-naravna-kozmetika","product_tag-obraz-in-ustnice","product_tag-q10","product_tag-slovenska-naravna-kozmetika"],"acf":[],"yoast_head":"<!-- This site is optimized with the Yoast SEO plugin v19.13 - https:\/\/yoast.com\/wordpress\/plugins\/seo\/ -->\n<title>Krema za obraz, predel vratu in dekolteja s Q10 - Sen Shop<\/title>\n<meta name=\"description\" content=\"Krema za obraz s Hialuronsko kislino, koencimom Q10 in vitaminoma A in E. Poskusi kakovostno naravno kremo za nego obraza s Slovenskim poreklom!\" \/>\n<meta name=\"robots\" content=\"index, follow, max-snippet:-1, max-image-preview:large, max-video-preview:-1\" \/>\n<link rel=\"canonical\" href=\"https:\/\/sen-shop.com\/sl\/collections\/osebna-nega\/obraz-oci-ustnice\/q10-krema-za-obraz\/\" \/>\n<meta property=\"og:locale\" content=\"sl_SI\" \/>\n<meta property=\"og:type\" content=\"article\" \/>\n<meta property=\"og:title\" content=\"Krema za obraz, predel vratu in dekolteja s Q10 - Sen Shop\" \/>\n<meta property=\"og:description\" content=\"Krema za obraz s Hialuronsko kislino, koencimom Q10 in vitaminoma A in E. Poskusi kakovostno naravno kremo za nego obraza s Slovenskim poreklom!\" \/>\n<meta property=\"og:url\" content=\"https:\/\/sen-shop.com\/sl\/collections\/osebna-nega\/obraz-oci-ustnice\/q10-krema-za-obraz\/\" \/>\n<meta property=\"og:site_name\" content=\"SEN Shop\" \/>\n<meta property=\"article:publisher\" content=\"https:\/\/www.facebook.com\/Senshopslovenija\" \/>\n<meta property=\"article:modified_time\" content=\"2026-03-02T10:53:04+00:00\" \/>\n<meta property=\"og:image\" content=\"https:\/\/sen-shop.com\/wp-content\/uploads\/2016\/09\/Q10-krema_sl_hr-1.jpg\" \/>\n\t<meta property=\"og:image:width\" content=\"1225\" \/>\n\t<meta property=\"og:image:height\" content=\"1400\" \/>\n\t<meta property=\"og:image:type\" content=\"image\/jpeg\" \/>\n<meta name=\"twitter:card\" content=\"summary_large_image\" \/>\n<meta name=\"twitter:label1\" content=\"Est. reading time\" \/>\n\t<meta name=\"twitter:data1\" content=\"3 minute\" \/>\n<script type=\"application\/ld+json\" class=\"yoast-schema-graph\">{\"@context\":\"https:\/\/schema.org\",\"@graph\":[{\"@type\":\"WebPage\",\"@id\":\"https:\/\/sen-shop.com\/sl\/collections\/osebna-nega\/obraz-oci-ustnice\/q10-krema-za-obraz\/\",\"url\":\"https:\/\/sen-shop.com\/sl\/collections\/osebna-nega\/obraz-oci-ustnice\/q10-krema-za-obraz\/\",\"name\":\"Krema za obraz, predel vratu in dekolteja s Q10 - Sen Shop\",\"isPartOf\":{\"@id\":\"https:\/\/sen-shop.com\/sl\/#website\"},\"datePublished\":\"2016-09-15T22:56:52+00:00\",\"dateModified\":\"2026-03-02T10:53:04+00:00\",\"description\":\"Krema za obraz s Hialuronsko kislino, koencimom Q10 in vitaminoma A in E. Poskusi kakovostno naravno kremo za nego obraza s Slovenskim poreklom!\",\"breadcrumb\":{\"@id\":\"https:\/\/sen-shop.com\/sl\/collections\/osebna-nega\/obraz-oci-ustnice\/q10-krema-za-obraz\/#breadcrumb\"},\"inLanguage\":\"sl-SI\",\"potentialAction\":[{\"@type\":\"ReadAction\",\"target\":[\"https:\/\/sen-shop.com\/sl\/collections\/osebna-nega\/obraz-oci-ustnice\/q10-krema-za-obraz\/\"]}]},{\"@type\":\"BreadcrumbList\",\"@id\":\"https:\/\/sen-shop.com\/sl\/collections\/osebna-nega\/obraz-oci-ustnice\/q10-krema-za-obraz\/#breadcrumb\",\"itemListElement\":[{\"@type\":\"ListItem\",\"position\":1,\"name\":\"Home\",\"item\":\"https:\/\/sen-shop.com\/sl\/\"},{\"@type\":\"ListItem\",\"position\":2,\"name\":\"Q10 krema za obraz\"}]},{\"@type\":\"WebSite\",\"@id\":\"https:\/\/sen-shop.com\/sl\/#website\",\"url\":\"https:\/\/sen-shop.com\/sl\/\",\"name\":\"SEN Shop\",\"description\":\"Slovensko, Ekolo\u0161ko, Naravno\",\"publisher\":{\"@id\":\"https:\/\/sen-shop.com\/sl\/#organization\"},\"potentialAction\":[{\"@type\":\"SearchAction\",\"target\":{\"@type\":\"EntryPoint\",\"urlTemplate\":\"https:\/\/sen-shop.com\/sl\/?s={search_term_string}\"},\"query-input\":\"required name=search_term_string\"}],\"inLanguage\":\"sl-SI\"},{\"@type\":\"Organization\",\"@id\":\"https:\/\/sen-shop.com\/sl\/#organization\",\"name\":\"Mind trade d.o.o\",\"url\":\"https:\/\/sen-shop.com\/sl\/\",\"logo\":{\"@type\":\"ImageObject\",\"inLanguage\":\"sl-SI\",\"@id\":\"https:\/\/sen-shop.com\/sl\/#\/schema\/logo\/image\/\",\"url\":\"https:\/\/sen-shop.com\/wp-content\/uploads\/2018\/05\/header_logo.png\",\"contentUrl\":\"https:\/\/sen-shop.com\/wp-content\/uploads\/2018\/05\/header_logo.png\",\"width\":138,\"height\":70,\"caption\":\"Mind trade d.o.o\"},\"image\":{\"@id\":\"https:\/\/sen-shop.com\/sl\/#\/schema\/logo\/image\/\"},\"sameAs\":[\"https:\/\/www.instagram.com\/senslovenija\/\",\"https:\/\/www.facebook.com\/Senshopslovenija\"]}]}<\/script>\n<!-- \/ Yoast SEO plugin. -->","yoast_head_json":{"title":"Krema za obraz, predel vratu in dekolteja s Q10 - Sen Shop","description":"Krema za obraz s Hialuronsko kislino, koencimom Q10 in vitaminoma A in E. Poskusi kakovostno naravno kremo za nego obraza s Slovenskim poreklom!","robots":{"index":"index","follow":"follow","max-snippet":"max-snippet:-1","max-image-preview":"max-image-preview:large","max-video-preview":"max-video-preview:-1"},"canonical":"https:\/\/sen-shop.com\/sl\/collections\/osebna-nega\/obraz-oci-ustnice\/q10-krema-za-obraz\/","og_locale":"sl_SI","og_type":"article","og_title":"Krema za obraz, predel vratu in dekolteja s Q10 - Sen Shop","og_description":"Krema za obraz s Hialuronsko kislino, koencimom Q10 in vitaminoma A in E. Poskusi kakovostno naravno kremo za nego obraza s Slovenskim poreklom!","og_url":"https:\/\/sen-shop.com\/sl\/collections\/osebna-nega\/obraz-oci-ustnice\/q10-krema-za-obraz\/","og_site_name":"SEN Shop","article_publisher":"https:\/\/www.facebook.com\/Senshopslovenija","article_modified_time":"2026-03-02T10:53:04+00:00","og_image":[{"width":1225,"height":1400,"url":"https:\/\/sen-shop.com\/wp-content\/uploads\/2016\/09\/Q10-krema_sl_hr-1.jpg","type":"image\/jpeg"}],"twitter_card":"summary_large_image","twitter_misc":{"Est. reading time":"3 minute"},"schema":{"@context":"https:\/\/schema.org","@graph":[{"@type":"WebPage","@id":"https:\/\/sen-shop.com\/sl\/collections\/osebna-nega\/obraz-oci-ustnice\/q10-krema-za-obraz\/","url":"https:\/\/sen-shop.com\/sl\/collections\/osebna-nega\/obraz-oci-ustnice\/q10-krema-za-obraz\/","name":"Krema za obraz, predel vratu in dekolteja s Q10 - Sen Shop","isPartOf":{"@id":"https:\/\/sen-shop.com\/sl\/#website"},"datePublished":"2016-09-15T22:56:52+00:00","dateModified":"2026-03-02T10:53:04+00:00","description":"Krema za obraz s Hialuronsko kislino, koencimom Q10 in vitaminoma A in E. Poskusi kakovostno naravno kremo za nego obraza s Slovenskim poreklom!","breadcrumb":{"@id":"https:\/\/sen-shop.com\/sl\/collections\/osebna-nega\/obraz-oci-ustnice\/q10-krema-za-obraz\/#breadcrumb"},"inLanguage":"sl-SI","potentialAction":[{"@type":"ReadAction","target":["https:\/\/sen-shop.com\/sl\/collections\/osebna-nega\/obraz-oci-ustnice\/q10-krema-za-obraz\/"]}]},{"@type":"BreadcrumbList","@id":"https:\/\/sen-shop.com\/sl\/collections\/osebna-nega\/obraz-oci-ustnice\/q10-krema-za-obraz\/#breadcrumb","itemListElement":[{"@type":"ListItem","position":1,"name":"Home","item":"https:\/\/sen-shop.com\/sl\/"},{"@type":"ListItem","position":2,"name":"Q10 krema za obraz"}]},{"@type":"WebSite","@id":"https:\/\/sen-shop.com\/sl\/#website","url":"https:\/\/sen-shop.com\/sl\/","name":"SEN Shop","description":"Slovensko, Ekolo\u0161ko, Naravno","publisher":{"@id":"https:\/\/sen-shop.com\/sl\/#organization"},"potentialAction":[{"@type":"SearchAction","target":{"@type":"EntryPoint","urlTemplate":"https:\/\/sen-shop.com\/sl\/?s={search_term_string}"},"query-input":"required name=search_term_string"}],"inLanguage":"sl-SI"},{"@type":"Organization","@id":"https:\/\/sen-shop.com\/sl\/#organization","name":"Mind trade d.o.o","url":"https:\/\/sen-shop.com\/sl\/","logo":{"@type":"ImageObject","inLanguage":"sl-SI","@id":"https:\/\/sen-shop.com\/sl\/#\/schema\/logo\/image\/","url":"https:\/\/sen-shop.com\/wp-content\/uploads\/2018\/05\/header_logo.png","contentUrl":"https:\/\/sen-shop.com\/wp-content\/uploads\/2018\/05\/header_logo.png","width":138,"height":70,"caption":"Mind trade d.o.o"},"image":{"@id":"https:\/\/sen-shop.com\/sl\/#\/schema\/logo\/image\/"},"sameAs":["https:\/\/www.instagram.com\/senslovenija\/","https:\/\/www.facebook.com\/Senshopslovenija"]}]}},"_links":{"self":[{"href":"https:\/\/sen-shop.com\/sl\/wp-json\/wp\/v2\/product\/110","targetHints":{"allow":["GET"]}}],"collection":[{"href":"https:\/\/sen-shop.com\/sl\/wp-json\/wp\/v2\/product"}],"about":[{"href":"https:\/\/sen-shop.com\/sl\/wp-json\/wp\/v2\/types\/product"}],"replies":[{"embeddable":true,"href":"https:\/\/sen-shop.com\/sl\/wp-json\/wp\/v2\/comments?post=110"}],"wp:featuredmedia":[{"embeddable":true,"href":"https:\/\/sen-shop.com\/sl\/wp-json\/wp\/v2\/media\/37196"}],"wp:attachment":[{"href":"https:\/\/sen-shop.com\/sl\/wp-json\/wp\/v2\/media?parent=110"}],"wp:term":[{"taxonomy":"product_cat","embeddable":true,"href":"https:\/\/sen-shop.com\/sl\/wp-json\/wp\/v2\/product_cat?post=110"},{"taxonomy":"product_tag","embeddable":true,"href":"https:\/\/sen-shop.com\/sl\/wp-json\/wp\/v2\/product_tag?post=110"}],"curies":[{"name":"wp","href":"https:\/\/api.w.org\/{rel}","templated":true}]}}