{"id":108,"date":"2016-09-16T00:54:52","date_gmt":"2016-09-15T22:54:52","guid":{"rendered":"https:\/\/www.sen-shop.com\/?post_type=product&#038;p=108"},"modified":"2026-03-02T11:52:49","modified_gmt":"2026-03-02T10:52:49","slug":"bio-vlazilna-krema-za-roke-in-nohte","status":"publish","type":"product","link":"https:\/\/sen-shop.com\/sl\/collections\/osebna-nega\/nega-rok\/bio-vlazilna-krema-za-roke-in-nohte\/","title":{"rendered":"BIO krema za roke in nohte"},"content":{"rendered":"<p>[vc_row][vc_column][vc_column_text css=&#8221;.vc_custom_1624966037542{padding-top: 30px !important;padding-right: 30px !important;padding-bottom: 30px !important;padding-left: 30px !important;background-color: #c9db95 !important;}&#8221;]<\/p>\n<h5>BIO krema za roke in nohte<\/h5>\n<p>BIO vla\u017eilna krema za roke in nohte s kartejevim maslom je primerna za nego suhe in zrele ko\u017ee saj vsebuje visoke vsebnosti nasi\u010denih in nenasi\u010denih ma\u0161\u010dobnih kislin s trigliceridi, vitamine A, E in F ter manj\u0161i dele\u017e alantoina. Ko\u017eo izdatno vla\u017ei in ji vra\u010da pro\u017enost ter elasti\u010dnost. Izjemno vla\u017eilno deluje zato, ker nase ve\u017ee vlago iz zraka. V ko\u017eo se vpija hitro in ne pu\u0161\u010da mastnih made\u017eev. Mandljevo olje vsebuje rudninske snovi, vitamine ter esencialne ma\u0161\u010dobne kisline. Spodbuja obnavljanje in pomirja ko\u017eo ter jo \u0161\u010diti pred \u0161kodljivimi vplivi iz okolja. Olje blagodejno deluje na trdo ko\u017eo komolcev in kolen. Prav tako varuje obnohtno ko\u017eico in pomaga krepiti nohte.[\/vc_column_text][\/vc_column][\/vc_row][vc_row][vc_column][vc_column_text css=&#8221;.vc_custom_1632919469050{padding-top: 30px !important;padding-right: 30px !important;padding-bottom: 30px !important;padding-left: 30px !important;background-color: #ededed !important;}&#8221;]<strong>U\u010cINKOVINE, SESTAVA:<\/strong> Naravna eteri\u010dna olja BIO \u010dajevca*, BIO cedre, BIO pomaran\u010de in sivke, BIO karitejevo maslo in mandljevo olje.<\/p>\n<p><em>BIO krema za roke in nohte ne vsebuje dodanih parfumov, barvil, parabenov in petrokemi\u010dnih kemikalij!<\/em><\/p>\n<p><strong>INCI:<\/strong> Aqua, Helianthus Annuus Seed Oil, Butyrospermum Parkii Butter*, Glyceryl Stearate Citrate, Glyceryl Stearate, Glycerin, Sodium Levulinate, Sodium Anisate, Cetearyl Alcohol, Prunus Amygdalus Dulcis Oil**, Glyceryl Caprylate, Citrus Aurantium Dulcis Peel Oil Expressed*, Lavandula Hybrida Grosso Herb Oil*, Cedrus Atlantica Bark Oil*, Melaleuca Alternifolia Leaf Oil*, Tocopheryl Acetate, Xanthan Gum, Citric Acid, Linalool**, Limonene**, Geraniol**, Citral**. *sestavine ekolo\u0161ke pridelave, **sestavine eteri\u010dnih olj<\/p>\n<p><strong>VSEBINA:<\/strong> 100 ml[\/vc_column_text][\/vc_column][\/vc_row][vc_row][vc_column][vc_column_text]<span style=\"color: #8c189b;\"><strong><a style=\"color: #8c189b;\" href=\"https:\/\/sen-shop.com\/wp-content\/uploads\/2016\/09\/070718_Mind_KREMA-ZA-ROKE-100-mL_Aromacert-CoA_5-2018_compressed.pdf\">Aromacert certifikat &#8211; krema za roke<\/a><\/strong><\/span>[\/vc_column_text][\/vc_column][\/vc_row]<\/p>\n","protected":false},"excerpt":{"rendered":"<p><img decoding=\"async\" class=\"emoji\" role=\"img\" draggable=\"false\" src=\"https:\/\/s.w.org\/images\/core\/emoji\/17.0.2\/svg\/1f31f.svg\" alt=\"\ud83c\udf1f\" \/> <strong data-start=\"81\" data-end=\"102\">Preselili smo se!<\/strong> <img decoding=\"async\" class=\"emoji\" role=\"img\" draggable=\"false\" src=\"https:\/\/s.w.org\/images\/core\/emoji\/17.0.2\/svg\/1f31f.svg\" alt=\"\ud83c\udf1f\" \/><br data-start=\"105\" data-end=\"108\" \/>Za \u0161e bolj\u0161o izku\u0161njo nakupovanja nas zdaj najdete na <strong data-start=\"162\" data-end=\"207\"><a class=\"decorated-link\" href=\"http:\/\/www.sen-shop.si\/\" target=\"_new\" rel=\"noopener\" data-start=\"164\" data-end=\"205\">www.sen-shop.si<\/a><\/strong>!<\/p>\n<p>100% NARAVNA krema za roke s svojimi sestavinami ko\u017eo neguje in vla\u017ei (BIO karitejevo maslo, mandljevo olje, BIO pomaran\u010da) ter deluje blago antisepti\u010dno (BIO \u010dajevec, BIO cedra). V ko\u017eo se vpija hitro in ne pu\u0161\u010da mastnih made\u017eev. Hranilna in vla\u017eilna krema za suho in po\u0161kodovano ko\u017eo, ki ji vra\u010da pro\u017enost in elasti\u010dnost.<\/p>\n[banner_zeliscni]\n","protected":false},"featured_media":37866,"comment_status":"open","ping_status":"closed","template":"","meta":{"inline_featured_image":false},"product_cat":[55,77,56],"product_tag":[87,251,257,89,95,96],"class_list":["post-108","product","type-product","status-publish","has-post-thumbnail","hentry","product_cat-domaca-stran","product_cat-nega-rok","product_cat-osebna-nega","product_tag-bio","product_tag-bio-kozmetika","product_tag-ekoloska-kozmetika","product_tag-naravna-kozmetika","product_tag-nega-rok-2","product_tag-slovenska-naravna-kozmetika"],"acf":[],"yoast_head":"<!-- This site is optimized with the Yoast SEO plugin v19.13 - https:\/\/yoast.com\/wordpress\/plugins\/seo\/ -->\n<title>Razpokane roke? Naravna BIO vla\u017eilna krema za roke in nohte.<\/title>\n<meta name=\"description\" content=\"100% naravna krema za va\u0161e suhe in razpokane roke. Krema za roke s karitejevim maslom pomirja, navla\u017ei in osve\u017ei. Dodano mandljevo olje.\" \/>\n<meta name=\"robots\" content=\"index, follow, max-snippet:-1, max-image-preview:large, max-video-preview:-1\" \/>\n<link rel=\"canonical\" href=\"https:\/\/sen-shop.com\/sl\/collections\/osebna-nega\/nega-rok\/bio-vlazilna-krema-za-roke-in-nohte\/\" \/>\n<meta property=\"og:locale\" content=\"sl_SI\" \/>\n<meta property=\"og:type\" content=\"article\" \/>\n<meta property=\"og:title\" content=\"Razpokane roke? Naravna BIO vla\u017eilna krema za roke in nohte.\" \/>\n<meta property=\"og:description\" content=\"100% naravna krema za va\u0161e suhe in razpokane roke. Krema za roke s karitejevim maslom pomirja, navla\u017ei in osve\u017ei. Dodano mandljevo olje.\" \/>\n<meta property=\"og:url\" content=\"https:\/\/sen-shop.com\/sl\/collections\/osebna-nega\/nega-rok\/bio-vlazilna-krema-za-roke-in-nohte\/\" \/>\n<meta property=\"og:site_name\" content=\"SEN Shop\" \/>\n<meta property=\"article:publisher\" content=\"https:\/\/www.facebook.com\/Senshopslovenija\" \/>\n<meta property=\"article:modified_time\" content=\"2026-03-02T10:52:49+00:00\" \/>\n<meta property=\"og:image\" content=\"https:\/\/sen-shop.com\/wp-content\/uploads\/2016\/09\/krema-za-roke_sl_hr.jpg\" \/>\n\t<meta property=\"og:image:width\" content=\"1225\" \/>\n\t<meta property=\"og:image:height\" content=\"1400\" \/>\n\t<meta property=\"og:image:type\" content=\"image\/jpeg\" \/>\n<meta name=\"twitter:card\" content=\"summary_large_image\" \/>\n<meta name=\"twitter:label1\" content=\"Est. reading time\" \/>\n\t<meta name=\"twitter:data1\" content=\"2 minuti\" \/>\n<script type=\"application\/ld+json\" class=\"yoast-schema-graph\">{\"@context\":\"https:\/\/schema.org\",\"@graph\":[{\"@type\":\"WebPage\",\"@id\":\"https:\/\/sen-shop.com\/sl\/collections\/osebna-nega\/nega-rok\/bio-vlazilna-krema-za-roke-in-nohte\/\",\"url\":\"https:\/\/sen-shop.com\/sl\/collections\/osebna-nega\/nega-rok\/bio-vlazilna-krema-za-roke-in-nohte\/\",\"name\":\"Razpokane roke? Naravna BIO vla\u017eilna krema za roke in nohte.\",\"isPartOf\":{\"@id\":\"https:\/\/sen-shop.com\/sl\/#website\"},\"datePublished\":\"2016-09-15T22:54:52+00:00\",\"dateModified\":\"2026-03-02T10:52:49+00:00\",\"description\":\"100% naravna krema za va\u0161e suhe in razpokane roke. Krema za roke s karitejevim maslom pomirja, navla\u017ei in osve\u017ei. Dodano mandljevo olje.\",\"breadcrumb\":{\"@id\":\"https:\/\/sen-shop.com\/sl\/collections\/osebna-nega\/nega-rok\/bio-vlazilna-krema-za-roke-in-nohte\/#breadcrumb\"},\"inLanguage\":\"sl-SI\",\"potentialAction\":[{\"@type\":\"ReadAction\",\"target\":[\"https:\/\/sen-shop.com\/sl\/collections\/osebna-nega\/nega-rok\/bio-vlazilna-krema-za-roke-in-nohte\/\"]}]},{\"@type\":\"BreadcrumbList\",\"@id\":\"https:\/\/sen-shop.com\/sl\/collections\/osebna-nega\/nega-rok\/bio-vlazilna-krema-za-roke-in-nohte\/#breadcrumb\",\"itemListElement\":[{\"@type\":\"ListItem\",\"position\":1,\"name\":\"Home\",\"item\":\"https:\/\/sen-shop.com\/sl\/\"},{\"@type\":\"ListItem\",\"position\":2,\"name\":\"BIO krema za roke in nohte\"}]},{\"@type\":\"WebSite\",\"@id\":\"https:\/\/sen-shop.com\/sl\/#website\",\"url\":\"https:\/\/sen-shop.com\/sl\/\",\"name\":\"SEN Shop\",\"description\":\"Slovensko, Ekolo\u0161ko, Naravno\",\"publisher\":{\"@id\":\"https:\/\/sen-shop.com\/sl\/#organization\"},\"potentialAction\":[{\"@type\":\"SearchAction\",\"target\":{\"@type\":\"EntryPoint\",\"urlTemplate\":\"https:\/\/sen-shop.com\/sl\/?s={search_term_string}\"},\"query-input\":\"required name=search_term_string\"}],\"inLanguage\":\"sl-SI\"},{\"@type\":\"Organization\",\"@id\":\"https:\/\/sen-shop.com\/sl\/#organization\",\"name\":\"Mind trade d.o.o\",\"url\":\"https:\/\/sen-shop.com\/sl\/\",\"logo\":{\"@type\":\"ImageObject\",\"inLanguage\":\"sl-SI\",\"@id\":\"https:\/\/sen-shop.com\/sl\/#\/schema\/logo\/image\/\",\"url\":\"https:\/\/sen-shop.com\/wp-content\/uploads\/2018\/05\/header_logo.png\",\"contentUrl\":\"https:\/\/sen-shop.com\/wp-content\/uploads\/2018\/05\/header_logo.png\",\"width\":138,\"height\":70,\"caption\":\"Mind trade d.o.o\"},\"image\":{\"@id\":\"https:\/\/sen-shop.com\/sl\/#\/schema\/logo\/image\/\"},\"sameAs\":[\"https:\/\/www.instagram.com\/senslovenija\/\",\"https:\/\/www.facebook.com\/Senshopslovenija\"]}]}<\/script>\n<!-- \/ Yoast SEO plugin. -->","yoast_head_json":{"title":"Razpokane roke? Naravna BIO vla\u017eilna krema za roke in nohte.","description":"100% naravna krema za va\u0161e suhe in razpokane roke. Krema za roke s karitejevim maslom pomirja, navla\u017ei in osve\u017ei. Dodano mandljevo olje.","robots":{"index":"index","follow":"follow","max-snippet":"max-snippet:-1","max-image-preview":"max-image-preview:large","max-video-preview":"max-video-preview:-1"},"canonical":"https:\/\/sen-shop.com\/sl\/collections\/osebna-nega\/nega-rok\/bio-vlazilna-krema-za-roke-in-nohte\/","og_locale":"sl_SI","og_type":"article","og_title":"Razpokane roke? Naravna BIO vla\u017eilna krema za roke in nohte.","og_description":"100% naravna krema za va\u0161e suhe in razpokane roke. Krema za roke s karitejevim maslom pomirja, navla\u017ei in osve\u017ei. Dodano mandljevo olje.","og_url":"https:\/\/sen-shop.com\/sl\/collections\/osebna-nega\/nega-rok\/bio-vlazilna-krema-za-roke-in-nohte\/","og_site_name":"SEN Shop","article_publisher":"https:\/\/www.facebook.com\/Senshopslovenija","article_modified_time":"2026-03-02T10:52:49+00:00","og_image":[{"width":1225,"height":1400,"url":"https:\/\/sen-shop.com\/wp-content\/uploads\/2016\/09\/krema-za-roke_sl_hr.jpg","type":"image\/jpeg"}],"twitter_card":"summary_large_image","twitter_misc":{"Est. reading time":"2 minuti"},"schema":{"@context":"https:\/\/schema.org","@graph":[{"@type":"WebPage","@id":"https:\/\/sen-shop.com\/sl\/collections\/osebna-nega\/nega-rok\/bio-vlazilna-krema-za-roke-in-nohte\/","url":"https:\/\/sen-shop.com\/sl\/collections\/osebna-nega\/nega-rok\/bio-vlazilna-krema-za-roke-in-nohte\/","name":"Razpokane roke? Naravna BIO vla\u017eilna krema za roke in nohte.","isPartOf":{"@id":"https:\/\/sen-shop.com\/sl\/#website"},"datePublished":"2016-09-15T22:54:52+00:00","dateModified":"2026-03-02T10:52:49+00:00","description":"100% naravna krema za va\u0161e suhe in razpokane roke. Krema za roke s karitejevim maslom pomirja, navla\u017ei in osve\u017ei. Dodano mandljevo olje.","breadcrumb":{"@id":"https:\/\/sen-shop.com\/sl\/collections\/osebna-nega\/nega-rok\/bio-vlazilna-krema-za-roke-in-nohte\/#breadcrumb"},"inLanguage":"sl-SI","potentialAction":[{"@type":"ReadAction","target":["https:\/\/sen-shop.com\/sl\/collections\/osebna-nega\/nega-rok\/bio-vlazilna-krema-za-roke-in-nohte\/"]}]},{"@type":"BreadcrumbList","@id":"https:\/\/sen-shop.com\/sl\/collections\/osebna-nega\/nega-rok\/bio-vlazilna-krema-za-roke-in-nohte\/#breadcrumb","itemListElement":[{"@type":"ListItem","position":1,"name":"Home","item":"https:\/\/sen-shop.com\/sl\/"},{"@type":"ListItem","position":2,"name":"BIO krema za roke in nohte"}]},{"@type":"WebSite","@id":"https:\/\/sen-shop.com\/sl\/#website","url":"https:\/\/sen-shop.com\/sl\/","name":"SEN Shop","description":"Slovensko, Ekolo\u0161ko, Naravno","publisher":{"@id":"https:\/\/sen-shop.com\/sl\/#organization"},"potentialAction":[{"@type":"SearchAction","target":{"@type":"EntryPoint","urlTemplate":"https:\/\/sen-shop.com\/sl\/?s={search_term_string}"},"query-input":"required name=search_term_string"}],"inLanguage":"sl-SI"},{"@type":"Organization","@id":"https:\/\/sen-shop.com\/sl\/#organization","name":"Mind trade d.o.o","url":"https:\/\/sen-shop.com\/sl\/","logo":{"@type":"ImageObject","inLanguage":"sl-SI","@id":"https:\/\/sen-shop.com\/sl\/#\/schema\/logo\/image\/","url":"https:\/\/sen-shop.com\/wp-content\/uploads\/2018\/05\/header_logo.png","contentUrl":"https:\/\/sen-shop.com\/wp-content\/uploads\/2018\/05\/header_logo.png","width":138,"height":70,"caption":"Mind trade d.o.o"},"image":{"@id":"https:\/\/sen-shop.com\/sl\/#\/schema\/logo\/image\/"},"sameAs":["https:\/\/www.instagram.com\/senslovenija\/","https:\/\/www.facebook.com\/Senshopslovenija"]}]}},"_links":{"self":[{"href":"https:\/\/sen-shop.com\/sl\/wp-json\/wp\/v2\/product\/108","targetHints":{"allow":["GET"]}}],"collection":[{"href":"https:\/\/sen-shop.com\/sl\/wp-json\/wp\/v2\/product"}],"about":[{"href":"https:\/\/sen-shop.com\/sl\/wp-json\/wp\/v2\/types\/product"}],"replies":[{"embeddable":true,"href":"https:\/\/sen-shop.com\/sl\/wp-json\/wp\/v2\/comments?post=108"}],"wp:featuredmedia":[{"embeddable":true,"href":"https:\/\/sen-shop.com\/sl\/wp-json\/wp\/v2\/media\/37866"}],"wp:attachment":[{"href":"https:\/\/sen-shop.com\/sl\/wp-json\/wp\/v2\/media?parent=108"}],"wp:term":[{"taxonomy":"product_cat","embeddable":true,"href":"https:\/\/sen-shop.com\/sl\/wp-json\/wp\/v2\/product_cat?post=108"},{"taxonomy":"product_tag","embeddable":true,"href":"https:\/\/sen-shop.com\/sl\/wp-json\/wp\/v2\/product_tag?post=108"}],"curies":[{"name":"wp","href":"https:\/\/api.w.org\/{rel}","templated":true}]}}