{"id":104,"date":"2017-05-21T12:14:17","date_gmt":"2017-05-21T10:14:17","guid":{"rendered":"https:\/\/www.sen-shop.com\/?post_type=product&#038;p=104"},"modified":"2026-04-21T15:59:49","modified_gmt":"2026-04-21T13:59:49","slug":"zemagel-masazni-gel-bolecine-v-kolku-opekline","status":"publish","type":"product","link":"https:\/\/sen-shop.com\/sl\/collections\/osebna-nega\/sklepi-in-misice\/zemagel-masazni-gel-bolecine-v-kolku-opekline\/","title":{"rendered":"Zemagel masa\u017eni gel"},"content":{"rendered":"<p>[vc_row][vc_column][vc_single_image image=&#8221;24251&#8243; alignment=&#8221;center&#8221; onclick=&#8221;custom_link&#8221; css_animation=&#8221;bounceInDown&#8221; link=&#8221;https:\/\/sen-shop.com\/collections\/darilni-paketi\/darilo-za-babico\/&#8221;][vc_column_text css=&#8221;.vc_custom_1624881570997{padding-top: 30px !important;padding-right: 30px !important;padding-bottom: 30px !important;padding-left: 30px !important;background-color: #c9db95 !important;}&#8221;]<\/p>\n<h4>Zakaj je Zemagel \u010cUDE\u017dNI GEL?<\/h4>\n<p>Zemagel je vsestransko uporaben, odpravlja zimske in poletne tegobe. \u00a0Zemagel je zeli\u0161\u010dni masa\u017eni gel z <strong>blagim hladilnim u\u010dinkom<\/strong>, ki blagodejno deluje na ko\u017eo v problemati\u010dnih predelih. Priporo\u010damo ga tudi za <strong>nego mrzlih <\/strong>in<strong> ne prekrvavljenih okon\u010din<\/strong>, pri slabem po\u010dutju in laj\u0161a posledice<strong> pikov \u017eu\u017eelk.<\/strong> \u010ce je slabo po\u010dutje va\u0161a stalnica si lahko pomagate s hladilnim u\u010dinkom na prizadete dele. \u010ce vas <strong>mu\u010dijo zimske tegobe<\/strong>, si masa\u017eni gel<strong> vtrite na prsni ko\u0161<\/strong>.[\/vc_column_text][\/vc_column][\/vc_row][vc_row][vc_column][vc_column_text css=&#8221;.vc_custom_1624881649354{padding-top: 30px !important;padding-right: 30px !important;padding-bottom: 30px !important;padding-left: 30px !important;background-color: #ededed !important;}&#8221;]<\/p>\n<h5><strong>TAKOJ\u0160NJA POMO\u010c PRI PIKIH INSEKTOV, UGRIZIH MRAVELJ in O\u017dIGIH MEDUZ<\/strong><\/h5>\n<p>Zemagel zaradi hladilnega u\u010dinka priporo\u010damo tudi kot <strong>takoj\u0161njo pomo\u010d pri pikih insektov in ugrizov mravelj<\/strong>. <strong>O\u017eig meduz<\/strong>\u00a0tudi re\u0161ujemo s hlajenjem.<\/p>\n<p>&nbsp;<\/p>\n<h5><strong>ZMANJ\u0160UJE STRES IN IZBOLJ\u0160A PO\u010cUTJE<\/strong><\/h5>\n<p>Posledice <strong>stresnega \u017eivljenja<\/strong> so vidne v <strong>slab\u0161em po\u010dutju<\/strong> in <strong>\u0161tevilnih drugih te\u017eavah<\/strong>. Naravna eteri\u010dna olja spro\u0161\u010dajo in izbolj\u0161ujejo po\u010dutje<strong>.<\/strong> V predel prsnega ko\u0161a ali hrbta za ob\u010dutek ugodja in sprostitve ne\u017eno vmasirajte Zemagel in <strong>razbremenite va\u0161e telo<\/strong>.[\/vc_column_text][\/vc_column][\/vc_row][vc_row][vc_column][vc_column_text]<strong>OPOZORILO<\/strong>: Pri uporabi Zemagela, se lahko pojavi rde\u010dica. Le-ta je odziv ko\u017ee na naravna eteri\u010dna olja. Ob nastanku rde\u010dice takoj prekinite z uporabo in prizadeto mesto sperite z mla\u010dno vodo. Ni primerno za otroke do 4. leta.<\/p>\n<p><strong>SHRANJEVANJE:<\/strong>\u00a0Shranjevati nedosegljivo otrokom.<\/p>\n<p>&nbsp;<\/p>\n<p><strong>Mnenja na\u0161ih strank o Zemagelu:<\/strong><\/p>\n<p><a href=\"https:\/\/sen-shop.com\/wp-content\/uploads\/2017\/05\/Mnenje-zemagel-sen-shop.png\"><img loading=\"lazy\" decoding=\"async\" class=\"size-full wp-image-9641 alignleft\" src=\"https:\/\/sen-shop.com\/wp-content\/uploads\/2017\/05\/Mnenje-zemagel-sen-shop.png\" alt=\"\" width=\"440\" height=\"401\" srcset=\"https:\/\/sen-shop.com\/wp-content\/uploads\/2017\/05\/Mnenje-zemagel-sen-shop.png 440w, https:\/\/sen-shop.com\/wp-content\/uploads\/2017\/05\/Mnenje-zemagel-sen-shop-300x273.png 300w, https:\/\/sen-shop.com\/wp-content\/uploads\/2017\/05\/Mnenje-zemagel-sen-shop-55x50.png 55w, https:\/\/sen-shop.com\/wp-content\/uploads\/2017\/05\/Mnenje-zemagel-sen-shop-60x55.png 60w\" sizes=\"auto, (max-width: 440px) 100vw, 440px\" \/><\/a>[\/vc_column_text][\/vc_column][\/vc_row]<\/p>\n","protected":false},"excerpt":{"rendered":"<p><img decoding=\"async\" class=\"emoji\" role=\"img\" draggable=\"false\" src=\"https:\/\/s.w.org\/images\/core\/emoji\/17.0.2\/svg\/1f31f.svg\" alt=\"\ud83c\udf1f\" \/> <strong data-start=\"81\" data-end=\"102\">Preselili smo se!<\/strong> <img decoding=\"async\" class=\"emoji\" role=\"img\" draggable=\"false\" src=\"https:\/\/s.w.org\/images\/core\/emoji\/17.0.2\/svg\/1f31f.svg\" alt=\"\ud83c\udf1f\" \/><br data-start=\"105\" data-end=\"108\" \/>Za \u0161e bolj\u0161o izku\u0161njo nakupovanja nas zdaj najdete na <strong data-start=\"162\" data-end=\"207\"><a class=\"decorated-link\" href=\"http:\/\/www.sen-shop.si\/\" target=\"_new\" rel=\"noopener\" data-start=\"164\" data-end=\"205\">www.sen-shop.si<\/a><\/strong>!<\/p>\n<p>Zeli\u0161\u010dni masa\u017eni gel je izdelek, na katerega prisegajo \u0161tevilne stranke. Njegova kakovostna vsebina in \u0161irok spekter delovanja pomagata pri laj\u0161anju \u0161tevilnih te\u017eav: <strong>Slabo po\u010dutje, Stres, Piki insektov, O\u017eig meduze..<\/strong> Dandanes prakti\u010dno ni \u010dloveka, ki bi bil imun na tegobe modernega \u010dasa. Zaradi edinstvene formule ne masti ko\u017ee in perila. Primerno tudi za otroke od 4. leta dalje.<\/p>\n<p>?\u00a0<strong>Darilo<\/strong> si sami izberete v ko\u0161arici.<\/p>\n<p><span data-offset-key=\"9otko-0-0\">? \u017ee 23 let na trgu &#8211; va\u0161e babice ga \u017ee poznajo\u00a0<\/span><\/p>\n[banner_zeliscni]\n","protected":false},"featured_media":37178,"comment_status":"open","ping_status":"closed","template":"","meta":{"inline_featured_image":false},"product_cat":[55,56,365,198],"product_tag":[87,251,265,266,267,259,268,269,270,260,271,272,273,274,275,257,278,281,282,289,89,92,256,96,94],"class_list":["post-104","product","type-product","status-publish","has-post-thumbnail","hentry","product_cat-domaca-stran","product_cat-osebna-nega","product_cat-crni-petek","product_cat-sklepi-in-misice","product_tag-bio","product_tag-bio-kozmetika","product_tag-bolec-hrbet","product_tag-boleca-stopala","product_tag-bolece-noge","product_tag-boleci-sklepi","product_tag-bolecina-v-kolku","product_tag-bolecina-v-levi-roki","product_tag-bolecina-v-rami","product_tag-bolecine-v-krizu","product_tag-bolecine-v-mecih","product_tag-bolecine-v-misicah","product_tag-bolecine-v-nogah","product_tag-bolecine-v-nogah-od-kolen-navzdol","product_tag-bolecine-v-nogah-ponoci","product_tag-ekoloska-kozmetika","product_tag-isias","product_tag-krema-za-opekline","product_tag-krema-za-sklepe","product_tag-misice-in-sklepi","product_tag-naravna-kozmetika","product_tag-nega-telesa-2","product_tag-pomoc-pri-glavobolu","product_tag-slovenska-naravna-kozmetika","product_tag-tezave-s-sklepi"],"acf":[],"yoast_head":"<!-- This site is optimized with the Yoast SEO plugin v19.13 - https:\/\/yoast.com\/wordpress\/plugins\/seo\/ -->\n<title>Prehlad, opekline, bole\u010dine v kolku, bole\u010dine v rami? Zemagel masa\u017eni gel.<\/title>\n<meta name=\"description\" content=\"Imate bole\u010dine v kolku ali bole\u010dine v rami? Hladilni u\u010dinek Zemagela blagodejno deluje na va\u0161e sklepe in mi\u0161ice. U\u010dinek tudi na prehlad in opekline.\" \/>\n<meta name=\"robots\" content=\"index, follow, max-snippet:-1, max-image-preview:large, max-video-preview:-1\" \/>\n<link rel=\"canonical\" href=\"https:\/\/sen-shop.com\/sl\/collections\/osebna-nega\/sklepi-in-misice\/zemagel-masazni-gel-bolecine-v-kolku-opekline\/\" \/>\n<meta property=\"og:locale\" content=\"sl_SI\" \/>\n<meta property=\"og:type\" content=\"article\" \/>\n<meta property=\"og:title\" content=\"Prehlad, opekline, bole\u010dine v kolku, bole\u010dine v rami? Zemagel masa\u017eni gel.\" \/>\n<meta property=\"og:description\" content=\"Imate bole\u010dine v kolku ali bole\u010dine v rami? Hladilni u\u010dinek Zemagela blagodejno deluje na va\u0161e sklepe in mi\u0161ice. U\u010dinek tudi na prehlad in opekline.\" \/>\n<meta property=\"og:url\" content=\"https:\/\/sen-shop.com\/sl\/collections\/osebna-nega\/sklepi-in-misice\/zemagel-masazni-gel-bolecine-v-kolku-opekline\/\" \/>\n<meta property=\"og:site_name\" content=\"SEN Shop\" \/>\n<meta property=\"article:publisher\" content=\"https:\/\/www.facebook.com\/Senshopslovenija\" \/>\n<meta property=\"article:modified_time\" content=\"2026-04-21T13:59:49+00:00\" \/>\n<meta property=\"og:image\" content=\"https:\/\/sen-shop.com\/wp-content\/uploads\/2017\/05\/Zemagel_sl_hr.jpg\" \/>\n\t<meta property=\"og:image:width\" content=\"1050\" \/>\n\t<meta property=\"og:image:height\" content=\"1200\" \/>\n\t<meta property=\"og:image:type\" content=\"image\/jpeg\" \/>\n<meta name=\"twitter:card\" content=\"summary_large_image\" \/>\n<meta name=\"twitter:label1\" content=\"Est. reading time\" \/>\n\t<meta name=\"twitter:data1\" content=\"2 minuti\" \/>\n<script type=\"application\/ld+json\" class=\"yoast-schema-graph\">{\"@context\":\"https:\/\/schema.org\",\"@graph\":[{\"@type\":\"WebPage\",\"@id\":\"https:\/\/sen-shop.com\/sl\/collections\/osebna-nega\/sklepi-in-misice\/zemagel-masazni-gel-bolecine-v-kolku-opekline\/\",\"url\":\"https:\/\/sen-shop.com\/sl\/collections\/osebna-nega\/sklepi-in-misice\/zemagel-masazni-gel-bolecine-v-kolku-opekline\/\",\"name\":\"Prehlad, opekline, bole\u010dine v kolku, bole\u010dine v rami? Zemagel masa\u017eni gel.\",\"isPartOf\":{\"@id\":\"https:\/\/sen-shop.com\/sl\/#website\"},\"datePublished\":\"2017-05-21T10:14:17+00:00\",\"dateModified\":\"2026-04-21T13:59:49+00:00\",\"description\":\"Imate bole\u010dine v kolku ali bole\u010dine v rami? Hladilni u\u010dinek Zemagela blagodejno deluje na va\u0161e sklepe in mi\u0161ice. U\u010dinek tudi na prehlad in opekline.\",\"breadcrumb\":{\"@id\":\"https:\/\/sen-shop.com\/sl\/collections\/osebna-nega\/sklepi-in-misice\/zemagel-masazni-gel-bolecine-v-kolku-opekline\/#breadcrumb\"},\"inLanguage\":\"sl-SI\",\"potentialAction\":[{\"@type\":\"ReadAction\",\"target\":[\"https:\/\/sen-shop.com\/sl\/collections\/osebna-nega\/sklepi-in-misice\/zemagel-masazni-gel-bolecine-v-kolku-opekline\/\"]}]},{\"@type\":\"BreadcrumbList\",\"@id\":\"https:\/\/sen-shop.com\/sl\/collections\/osebna-nega\/sklepi-in-misice\/zemagel-masazni-gel-bolecine-v-kolku-opekline\/#breadcrumb\",\"itemListElement\":[{\"@type\":\"ListItem\",\"position\":1,\"name\":\"Home\",\"item\":\"https:\/\/sen-shop.com\/sl\/\"},{\"@type\":\"ListItem\",\"position\":2,\"name\":\"Zemagel masa\u017eni gel\"}]},{\"@type\":\"WebSite\",\"@id\":\"https:\/\/sen-shop.com\/sl\/#website\",\"url\":\"https:\/\/sen-shop.com\/sl\/\",\"name\":\"SEN Shop\",\"description\":\"Slovensko, Ekolo\u0161ko, Naravno\",\"publisher\":{\"@id\":\"https:\/\/sen-shop.com\/sl\/#organization\"},\"potentialAction\":[{\"@type\":\"SearchAction\",\"target\":{\"@type\":\"EntryPoint\",\"urlTemplate\":\"https:\/\/sen-shop.com\/sl\/?s={search_term_string}\"},\"query-input\":\"required name=search_term_string\"}],\"inLanguage\":\"sl-SI\"},{\"@type\":\"Organization\",\"@id\":\"https:\/\/sen-shop.com\/sl\/#organization\",\"name\":\"Mind trade d.o.o\",\"url\":\"https:\/\/sen-shop.com\/sl\/\",\"logo\":{\"@type\":\"ImageObject\",\"inLanguage\":\"sl-SI\",\"@id\":\"https:\/\/sen-shop.com\/sl\/#\/schema\/logo\/image\/\",\"url\":\"https:\/\/sen-shop.com\/wp-content\/uploads\/2018\/05\/header_logo.png\",\"contentUrl\":\"https:\/\/sen-shop.com\/wp-content\/uploads\/2018\/05\/header_logo.png\",\"width\":138,\"height\":70,\"caption\":\"Mind trade d.o.o\"},\"image\":{\"@id\":\"https:\/\/sen-shop.com\/sl\/#\/schema\/logo\/image\/\"},\"sameAs\":[\"https:\/\/www.instagram.com\/senslovenija\/\",\"https:\/\/www.facebook.com\/Senshopslovenija\"]}]}<\/script>\n<!-- \/ Yoast SEO plugin. -->","yoast_head_json":{"title":"Prehlad, opekline, bole\u010dine v kolku, bole\u010dine v rami? Zemagel masa\u017eni gel.","description":"Imate bole\u010dine v kolku ali bole\u010dine v rami? Hladilni u\u010dinek Zemagela blagodejno deluje na va\u0161e sklepe in mi\u0161ice. U\u010dinek tudi na prehlad in opekline.","robots":{"index":"index","follow":"follow","max-snippet":"max-snippet:-1","max-image-preview":"max-image-preview:large","max-video-preview":"max-video-preview:-1"},"canonical":"https:\/\/sen-shop.com\/sl\/collections\/osebna-nega\/sklepi-in-misice\/zemagel-masazni-gel-bolecine-v-kolku-opekline\/","og_locale":"sl_SI","og_type":"article","og_title":"Prehlad, opekline, bole\u010dine v kolku, bole\u010dine v rami? Zemagel masa\u017eni gel.","og_description":"Imate bole\u010dine v kolku ali bole\u010dine v rami? Hladilni u\u010dinek Zemagela blagodejno deluje na va\u0161e sklepe in mi\u0161ice. U\u010dinek tudi na prehlad in opekline.","og_url":"https:\/\/sen-shop.com\/sl\/collections\/osebna-nega\/sklepi-in-misice\/zemagel-masazni-gel-bolecine-v-kolku-opekline\/","og_site_name":"SEN Shop","article_publisher":"https:\/\/www.facebook.com\/Senshopslovenija","article_modified_time":"2026-04-21T13:59:49+00:00","og_image":[{"width":1050,"height":1200,"url":"https:\/\/sen-shop.com\/wp-content\/uploads\/2017\/05\/Zemagel_sl_hr.jpg","type":"image\/jpeg"}],"twitter_card":"summary_large_image","twitter_misc":{"Est. reading time":"2 minuti"},"schema":{"@context":"https:\/\/schema.org","@graph":[{"@type":"WebPage","@id":"https:\/\/sen-shop.com\/sl\/collections\/osebna-nega\/sklepi-in-misice\/zemagel-masazni-gel-bolecine-v-kolku-opekline\/","url":"https:\/\/sen-shop.com\/sl\/collections\/osebna-nega\/sklepi-in-misice\/zemagel-masazni-gel-bolecine-v-kolku-opekline\/","name":"Prehlad, opekline, bole\u010dine v kolku, bole\u010dine v rami? Zemagel masa\u017eni gel.","isPartOf":{"@id":"https:\/\/sen-shop.com\/sl\/#website"},"datePublished":"2017-05-21T10:14:17+00:00","dateModified":"2026-04-21T13:59:49+00:00","description":"Imate bole\u010dine v kolku ali bole\u010dine v rami? Hladilni u\u010dinek Zemagela blagodejno deluje na va\u0161e sklepe in mi\u0161ice. U\u010dinek tudi na prehlad in opekline.","breadcrumb":{"@id":"https:\/\/sen-shop.com\/sl\/collections\/osebna-nega\/sklepi-in-misice\/zemagel-masazni-gel-bolecine-v-kolku-opekline\/#breadcrumb"},"inLanguage":"sl-SI","potentialAction":[{"@type":"ReadAction","target":["https:\/\/sen-shop.com\/sl\/collections\/osebna-nega\/sklepi-in-misice\/zemagel-masazni-gel-bolecine-v-kolku-opekline\/"]}]},{"@type":"BreadcrumbList","@id":"https:\/\/sen-shop.com\/sl\/collections\/osebna-nega\/sklepi-in-misice\/zemagel-masazni-gel-bolecine-v-kolku-opekline\/#breadcrumb","itemListElement":[{"@type":"ListItem","position":1,"name":"Home","item":"https:\/\/sen-shop.com\/sl\/"},{"@type":"ListItem","position":2,"name":"Zemagel masa\u017eni gel"}]},{"@type":"WebSite","@id":"https:\/\/sen-shop.com\/sl\/#website","url":"https:\/\/sen-shop.com\/sl\/","name":"SEN Shop","description":"Slovensko, Ekolo\u0161ko, Naravno","publisher":{"@id":"https:\/\/sen-shop.com\/sl\/#organization"},"potentialAction":[{"@type":"SearchAction","target":{"@type":"EntryPoint","urlTemplate":"https:\/\/sen-shop.com\/sl\/?s={search_term_string}"},"query-input":"required name=search_term_string"}],"inLanguage":"sl-SI"},{"@type":"Organization","@id":"https:\/\/sen-shop.com\/sl\/#organization","name":"Mind trade d.o.o","url":"https:\/\/sen-shop.com\/sl\/","logo":{"@type":"ImageObject","inLanguage":"sl-SI","@id":"https:\/\/sen-shop.com\/sl\/#\/schema\/logo\/image\/","url":"https:\/\/sen-shop.com\/wp-content\/uploads\/2018\/05\/header_logo.png","contentUrl":"https:\/\/sen-shop.com\/wp-content\/uploads\/2018\/05\/header_logo.png","width":138,"height":70,"caption":"Mind trade d.o.o"},"image":{"@id":"https:\/\/sen-shop.com\/sl\/#\/schema\/logo\/image\/"},"sameAs":["https:\/\/www.instagram.com\/senslovenija\/","https:\/\/www.facebook.com\/Senshopslovenija"]}]}},"_links":{"self":[{"href":"https:\/\/sen-shop.com\/sl\/wp-json\/wp\/v2\/product\/104","targetHints":{"allow":["GET"]}}],"collection":[{"href":"https:\/\/sen-shop.com\/sl\/wp-json\/wp\/v2\/product"}],"about":[{"href":"https:\/\/sen-shop.com\/sl\/wp-json\/wp\/v2\/types\/product"}],"replies":[{"embeddable":true,"href":"https:\/\/sen-shop.com\/sl\/wp-json\/wp\/v2\/comments?post=104"}],"wp:featuredmedia":[{"embeddable":true,"href":"https:\/\/sen-shop.com\/sl\/wp-json\/wp\/v2\/media\/37178"}],"wp:attachment":[{"href":"https:\/\/sen-shop.com\/sl\/wp-json\/wp\/v2\/media?parent=104"}],"wp:term":[{"taxonomy":"product_cat","embeddable":true,"href":"https:\/\/sen-shop.com\/sl\/wp-json\/wp\/v2\/product_cat?post=104"},{"taxonomy":"product_tag","embeddable":true,"href":"https:\/\/sen-shop.com\/sl\/wp-json\/wp\/v2\/product_tag?post=104"}],"curies":[{"name":"wp","href":"https:\/\/api.w.org\/{rel}","templated":true}]}}