{"id":102,"date":"2016-09-07T10:38:23","date_gmt":"2016-09-07T08:38:23","guid":{"rendered":"https:\/\/www.sen-shop.com\/?post_type=product&#038;p=102"},"modified":"2026-03-02T11:52:03","modified_gmt":"2026-03-02T10:52:03","slug":"zeliscne-kapljice","status":"publish","type":"product","link":"https:\/\/sen-shop.com\/sl\/collections\/osebna-nega\/zeliscne-kapljice\/","title":{"rendered":"Zeli\u0161\u010dne kapljice"},"content":{"rendered":"<p>[vc_row][vc_column][vc_column_text css=&#8221;.vc_custom_1625048210195{padding-top: 30px !important;padding-right: 30px !important;padding-bottom: 30px !important;padding-left: 30px !important;background-color: #c9db95 !important;}&#8221;]<\/p>\n<h4>Zeli\u0161\u010dne kapljice<\/h4>\n<p>Zeli\u0161\u010dne kapljice vsebujejo: naravno eteri\u010dno olje BIO \u010dajevca, mete, brina, timijana, \u017eajblja in evkalipta.<\/p>\n<p>Kapljice so naravni zeli\u0161\u010dni izdelek za nego ustne votline. Izdelane so po slovenski recepturi iz koncentriranih eteri\u010dnih olj in so primerne za ve\u010dnamensko uporabo. Primerne so tudi za <strong>KA\u0160ELJ<\/strong>. Kako si \u0161e dodatno pomagati pri ka\u0161lju si lahko preberete v na\u0161em blog prispevku <strong><a style=\"color: #8c189b;\" href=\"https:\/\/sen-shop.com\/blogs\/7-naravnih-resitev-proti-kaslju\/\">TUKAJ<\/a>.<\/strong>[\/vc_column_text][\/vc_column][\/vc_row][vc_row][vc_column][vc_column_text css=&#8221;.vc_custom_1625048223311{padding-top: 30px !important;padding-right: 30px !important;padding-bottom: 30px !important;padding-left: 30px !important;background-color: #ededed !important;}&#8221;]<\/p>\n<h5>Eteri\u010dno olje brin<\/h5>\n<p>Deluje protibakterijsko, protiglivi\u010dno, protivnetno, protibole\u010dinsko, antispazmodi\u010dno, protirevmati\u010dno, astringentno, je dekongestiv in diuretik,&#8230; Uporablja se ga pri bole\u010dinah v mi\u0161icah, sklepih in artritisu. Uspe\u0161en je tudi pri negi mastne, aknaste ko\u017ee, dermatitisa in luskavice. <strong>Brinovo eteri\u010dno olje <\/strong>uspe\u0161no <strong>uni\u010di tudi podan\u010dice (gliste), <\/strong>ki jih imajo najve\u010dkrat otroci. Prav tako pa uni\u010di tudi <strong>notranje zajedalce.<\/strong><\/p>\n<h5>Eteri\u010dno olje timijan<\/h5>\n<p>Timijan oz. materina du\u0161ica deluje antibakterijsko, protiglivi\u010dno, protivirusno, protivnetno, protibole\u010dinsko, antispazmoti\u010dno, imunostimulativno. Timijan se uporablja pri<strong> oku\u017ebi in bolezni dihal<\/strong> (bronhitis, rinitis), pri <strong>vnetju u\u0161es<\/strong> in ko \u017eelimo spodbuditi imunski sistem.<\/p>\n<h5>Eteri\u010dno olje \u017eajbelj<\/h5>\n<p>\u017dajbelj deluje antimikrobno, antibakterijsko, antisepti\u010dno, protivnetno, protiinfekcijsko, protiglivi\u010dno, antispazmodi\u010dno, regenerativno. \u017dajbelj uporabljamo pri glivi\u010dnih vnetjih, ko\u017enih boleznih, dermatitisu. Regulira menstrualni cikel, pomaga pri glavobolu, slabosti, utrujenosti, nihanju razpolo\u017eenja&#8230;[\/vc_column_text][\/vc_column][\/vc_row][vc_row][vc_column][vc_column_text]<strong>KORISTI ZELI\u0160\u010cNIH KAPLJIC<\/strong> za pomo\u010d in krepitev dlesni,\u00a0delujejo blago antisepti\u010dno in zavirajo rast mikrobov (pomo\u010d pri prehladih, ka\u0161lju ipd.),\u00a0<strong>primerne za inhalacije<\/strong> (glavoboli, menstrualne te\u017eave, kr\u010di v trebu\u0161ni votlini itn).<\/p>\n<p>[\/vc_column_text][\/vc_column][\/vc_row]<\/p>\n","protected":false},"excerpt":{"rendered":"<p><img decoding=\"async\" class=\"emoji\" role=\"img\" draggable=\"false\" src=\"https:\/\/s.w.org\/images\/core\/emoji\/17.0.2\/svg\/1f31f.svg\" alt=\"\ud83c\udf1f\" \/> <strong data-start=\"81\" data-end=\"102\">Preselili smo se!<\/strong> <img decoding=\"async\" class=\"emoji\" role=\"img\" draggable=\"false\" src=\"https:\/\/s.w.org\/images\/core\/emoji\/17.0.2\/svg\/1f31f.svg\" alt=\"\ud83c\udf1f\" \/><br data-start=\"105\" data-end=\"108\" \/>Za \u0161e bolj\u0161o izku\u0161njo nakupovanja nas zdaj najdete na <strong data-start=\"162\" data-end=\"207\"><a class=\"decorated-link\" href=\"http:\/\/www.sen-shop.si\/\" target=\"_new\" rel=\"noopener\" data-start=\"164\" data-end=\"205\">www.sen-shop.si<\/a><\/strong>!<\/p>\n<p>Zeli\u0161\u010dne kapljice so narejene iz<strong> koncentriranih naravnih eteri\u010dnih olj.<\/strong> Izdelane so po <strong>doma\u010dem receptu<\/strong>, in so primerne za ve\u010dnamensko uporabo: kot ustna voda, kot dodatek zobni pasti pri umivanju zob,<strong> za inhalacije<\/strong>, za osve\u017eitev prostora ipd. \u0160irok spekter delovanja je razlog, da so vedno pri roki v doma\u010dem gospodinjstvu.<\/p>\n[banner_zeliscni]\n","protected":false},"featured_media":25952,"comment_status":"open","ping_status":"closed","template":"","meta":{"inline_featured_image":false},"product_cat":[56,365],"product_tag":[87,251,257,89,96],"class_list":["post-102","product","type-product","status-publish","has-post-thumbnail","hentry","product_cat-osebna-nega","product_cat-crni-petek","product_tag-bio","product_tag-bio-kozmetika","product_tag-ekoloska-kozmetika","product_tag-naravna-kozmetika","product_tag-slovenska-naravna-kozmetika"],"acf":[],"yoast_head":"<!-- This site is optimized with the Yoast SEO plugin v19.13 - https:\/\/yoast.com\/wordpress\/plugins\/seo\/ -->\n<title>Vas mu\u010di ka\u0161elj? Zeli\u0161\u010dne kapljice, kombinacija naravnih eteri\u010dnih olj.<\/title>\n<meta name=\"description\" content=\"Zeli\u0161\u010dne kapljice so narejene iz koncentriranih naravnih eteri\u010dnih olj. Izdelane so po doma\u010dem slovenskem receptu in so primerne tudi za ka\u0161elj.\" \/>\n<meta name=\"robots\" content=\"index, follow, max-snippet:-1, max-image-preview:large, max-video-preview:-1\" \/>\n<link rel=\"canonical\" href=\"https:\/\/sen-shop.com\/sl\/collections\/osebna-nega\/zeliscne-kapljice\/\" \/>\n<meta property=\"og:locale\" content=\"sl_SI\" \/>\n<meta property=\"og:type\" content=\"article\" \/>\n<meta property=\"og:title\" content=\"Vas mu\u010di ka\u0161elj? Zeli\u0161\u010dne kapljice, kombinacija naravnih eteri\u010dnih olj.\" \/>\n<meta property=\"og:description\" content=\"Zeli\u0161\u010dne kapljice so narejene iz koncentriranih naravnih eteri\u010dnih olj. Izdelane so po doma\u010dem slovenskem receptu in so primerne tudi za ka\u0161elj.\" \/>\n<meta property=\"og:url\" content=\"https:\/\/sen-shop.com\/sl\/collections\/osebna-nega\/zeliscne-kapljice\/\" \/>\n<meta property=\"og:site_name\" content=\"SEN Shop\" \/>\n<meta property=\"article:publisher\" content=\"https:\/\/www.facebook.com\/Senshopslovenija\" \/>\n<meta property=\"article:modified_time\" content=\"2026-03-02T10:52:03+00:00\" \/>\n<meta property=\"og:image\" content=\"https:\/\/sen-shop.com\/wp-content\/uploads\/2016\/09\/zeliscne-kapljice-nega-ustne-votline-afte-razkuzilo-dihal.jpg\" \/>\n\t<meta property=\"og:image:width\" content=\"1000\" \/>\n\t<meta property=\"og:image:height\" content=\"1143\" \/>\n\t<meta property=\"og:image:type\" content=\"image\/jpeg\" \/>\n<meta name=\"twitter:card\" content=\"summary_large_image\" \/>\n<meta name=\"twitter:label1\" content=\"Est. reading time\" \/>\n\t<meta name=\"twitter:data1\" content=\"2 minuti\" \/>\n<script type=\"application\/ld+json\" class=\"yoast-schema-graph\">{\"@context\":\"https:\/\/schema.org\",\"@graph\":[{\"@type\":\"WebPage\",\"@id\":\"https:\/\/sen-shop.com\/sl\/collections\/osebna-nega\/zeliscne-kapljice\/\",\"url\":\"https:\/\/sen-shop.com\/sl\/collections\/osebna-nega\/zeliscne-kapljice\/\",\"name\":\"Vas mu\u010di ka\u0161elj? Zeli\u0161\u010dne kapljice, kombinacija naravnih eteri\u010dnih olj.\",\"isPartOf\":{\"@id\":\"https:\/\/sen-shop.com\/sl\/#website\"},\"datePublished\":\"2016-09-07T08:38:23+00:00\",\"dateModified\":\"2026-03-02T10:52:03+00:00\",\"description\":\"Zeli\u0161\u010dne kapljice so narejene iz koncentriranih naravnih eteri\u010dnih olj. Izdelane so po doma\u010dem slovenskem receptu in so primerne tudi za ka\u0161elj.\",\"breadcrumb\":{\"@id\":\"https:\/\/sen-shop.com\/sl\/collections\/osebna-nega\/zeliscne-kapljice\/#breadcrumb\"},\"inLanguage\":\"sl-SI\",\"potentialAction\":[{\"@type\":\"ReadAction\",\"target\":[\"https:\/\/sen-shop.com\/sl\/collections\/osebna-nega\/zeliscne-kapljice\/\"]}]},{\"@type\":\"BreadcrumbList\",\"@id\":\"https:\/\/sen-shop.com\/sl\/collections\/osebna-nega\/zeliscne-kapljice\/#breadcrumb\",\"itemListElement\":[{\"@type\":\"ListItem\",\"position\":1,\"name\":\"Home\",\"item\":\"https:\/\/sen-shop.com\/sl\/\"},{\"@type\":\"ListItem\",\"position\":2,\"name\":\"Zeli\u0161\u010dne kapljice\"}]},{\"@type\":\"WebSite\",\"@id\":\"https:\/\/sen-shop.com\/sl\/#website\",\"url\":\"https:\/\/sen-shop.com\/sl\/\",\"name\":\"SEN Shop\",\"description\":\"Slovensko, Ekolo\u0161ko, Naravno\",\"publisher\":{\"@id\":\"https:\/\/sen-shop.com\/sl\/#organization\"},\"potentialAction\":[{\"@type\":\"SearchAction\",\"target\":{\"@type\":\"EntryPoint\",\"urlTemplate\":\"https:\/\/sen-shop.com\/sl\/?s={search_term_string}\"},\"query-input\":\"required name=search_term_string\"}],\"inLanguage\":\"sl-SI\"},{\"@type\":\"Organization\",\"@id\":\"https:\/\/sen-shop.com\/sl\/#organization\",\"name\":\"Mind trade d.o.o\",\"url\":\"https:\/\/sen-shop.com\/sl\/\",\"logo\":{\"@type\":\"ImageObject\",\"inLanguage\":\"sl-SI\",\"@id\":\"https:\/\/sen-shop.com\/sl\/#\/schema\/logo\/image\/\",\"url\":\"https:\/\/sen-shop.com\/wp-content\/uploads\/2018\/05\/header_logo.png\",\"contentUrl\":\"https:\/\/sen-shop.com\/wp-content\/uploads\/2018\/05\/header_logo.png\",\"width\":138,\"height\":70,\"caption\":\"Mind trade d.o.o\"},\"image\":{\"@id\":\"https:\/\/sen-shop.com\/sl\/#\/schema\/logo\/image\/\"},\"sameAs\":[\"https:\/\/www.instagram.com\/senslovenija\/\",\"https:\/\/www.facebook.com\/Senshopslovenija\"]}]}<\/script>\n<!-- \/ Yoast SEO plugin. -->","yoast_head_json":{"title":"Vas mu\u010di ka\u0161elj? Zeli\u0161\u010dne kapljice, kombinacija naravnih eteri\u010dnih olj.","description":"Zeli\u0161\u010dne kapljice so narejene iz koncentriranih naravnih eteri\u010dnih olj. Izdelane so po doma\u010dem slovenskem receptu in so primerne tudi za ka\u0161elj.","robots":{"index":"index","follow":"follow","max-snippet":"max-snippet:-1","max-image-preview":"max-image-preview:large","max-video-preview":"max-video-preview:-1"},"canonical":"https:\/\/sen-shop.com\/sl\/collections\/osebna-nega\/zeliscne-kapljice\/","og_locale":"sl_SI","og_type":"article","og_title":"Vas mu\u010di ka\u0161elj? Zeli\u0161\u010dne kapljice, kombinacija naravnih eteri\u010dnih olj.","og_description":"Zeli\u0161\u010dne kapljice so narejene iz koncentriranih naravnih eteri\u010dnih olj. Izdelane so po doma\u010dem slovenskem receptu in so primerne tudi za ka\u0161elj.","og_url":"https:\/\/sen-shop.com\/sl\/collections\/osebna-nega\/zeliscne-kapljice\/","og_site_name":"SEN Shop","article_publisher":"https:\/\/www.facebook.com\/Senshopslovenija","article_modified_time":"2026-03-02T10:52:03+00:00","og_image":[{"width":1000,"height":1143,"url":"https:\/\/sen-shop.com\/wp-content\/uploads\/2016\/09\/zeliscne-kapljice-nega-ustne-votline-afte-razkuzilo-dihal.jpg","type":"image\/jpeg"}],"twitter_card":"summary_large_image","twitter_misc":{"Est. reading time":"2 minuti"},"schema":{"@context":"https:\/\/schema.org","@graph":[{"@type":"WebPage","@id":"https:\/\/sen-shop.com\/sl\/collections\/osebna-nega\/zeliscne-kapljice\/","url":"https:\/\/sen-shop.com\/sl\/collections\/osebna-nega\/zeliscne-kapljice\/","name":"Vas mu\u010di ka\u0161elj? Zeli\u0161\u010dne kapljice, kombinacija naravnih eteri\u010dnih olj.","isPartOf":{"@id":"https:\/\/sen-shop.com\/sl\/#website"},"datePublished":"2016-09-07T08:38:23+00:00","dateModified":"2026-03-02T10:52:03+00:00","description":"Zeli\u0161\u010dne kapljice so narejene iz koncentriranih naravnih eteri\u010dnih olj. Izdelane so po doma\u010dem slovenskem receptu in so primerne tudi za ka\u0161elj.","breadcrumb":{"@id":"https:\/\/sen-shop.com\/sl\/collections\/osebna-nega\/zeliscne-kapljice\/#breadcrumb"},"inLanguage":"sl-SI","potentialAction":[{"@type":"ReadAction","target":["https:\/\/sen-shop.com\/sl\/collections\/osebna-nega\/zeliscne-kapljice\/"]}]},{"@type":"BreadcrumbList","@id":"https:\/\/sen-shop.com\/sl\/collections\/osebna-nega\/zeliscne-kapljice\/#breadcrumb","itemListElement":[{"@type":"ListItem","position":1,"name":"Home","item":"https:\/\/sen-shop.com\/sl\/"},{"@type":"ListItem","position":2,"name":"Zeli\u0161\u010dne kapljice"}]},{"@type":"WebSite","@id":"https:\/\/sen-shop.com\/sl\/#website","url":"https:\/\/sen-shop.com\/sl\/","name":"SEN Shop","description":"Slovensko, Ekolo\u0161ko, Naravno","publisher":{"@id":"https:\/\/sen-shop.com\/sl\/#organization"},"potentialAction":[{"@type":"SearchAction","target":{"@type":"EntryPoint","urlTemplate":"https:\/\/sen-shop.com\/sl\/?s={search_term_string}"},"query-input":"required name=search_term_string"}],"inLanguage":"sl-SI"},{"@type":"Organization","@id":"https:\/\/sen-shop.com\/sl\/#organization","name":"Mind trade d.o.o","url":"https:\/\/sen-shop.com\/sl\/","logo":{"@type":"ImageObject","inLanguage":"sl-SI","@id":"https:\/\/sen-shop.com\/sl\/#\/schema\/logo\/image\/","url":"https:\/\/sen-shop.com\/wp-content\/uploads\/2018\/05\/header_logo.png","contentUrl":"https:\/\/sen-shop.com\/wp-content\/uploads\/2018\/05\/header_logo.png","width":138,"height":70,"caption":"Mind trade d.o.o"},"image":{"@id":"https:\/\/sen-shop.com\/sl\/#\/schema\/logo\/image\/"},"sameAs":["https:\/\/www.instagram.com\/senslovenija\/","https:\/\/www.facebook.com\/Senshopslovenija"]}]}},"_links":{"self":[{"href":"https:\/\/sen-shop.com\/sl\/wp-json\/wp\/v2\/product\/102","targetHints":{"allow":["GET"]}}],"collection":[{"href":"https:\/\/sen-shop.com\/sl\/wp-json\/wp\/v2\/product"}],"about":[{"href":"https:\/\/sen-shop.com\/sl\/wp-json\/wp\/v2\/types\/product"}],"replies":[{"embeddable":true,"href":"https:\/\/sen-shop.com\/sl\/wp-json\/wp\/v2\/comments?post=102"}],"wp:featuredmedia":[{"embeddable":true,"href":"https:\/\/sen-shop.com\/sl\/wp-json\/wp\/v2\/media\/25952"}],"wp:attachment":[{"href":"https:\/\/sen-shop.com\/sl\/wp-json\/wp\/v2\/media?parent=102"}],"wp:term":[{"taxonomy":"product_cat","embeddable":true,"href":"https:\/\/sen-shop.com\/sl\/wp-json\/wp\/v2\/product_cat?post=102"},{"taxonomy":"product_tag","embeddable":true,"href":"https:\/\/sen-shop.com\/sl\/wp-json\/wp\/v2\/product_tag?post=102"}],"curies":[{"name":"wp","href":"https:\/\/api.w.org\/{rel}","templated":true}]}}