{"id":100,"date":"2017-05-16T10:21:18","date_gmt":"2017-05-16T08:21:18","guid":{"rendered":"https:\/\/www.sen-shop.com\/?post_type=product&#038;p=100"},"modified":"2026-03-02T11:56:19","modified_gmt":"2026-03-02T10:56:19","slug":"bio-olje-cajevca-30ml","status":"publish","type":"product","link":"https:\/\/sen-shop.com\/sl\/collections\/osebna-nega\/nega-las\/bio-olje-cajevca-30ml\/","title":{"rendered":"Bio olje \u010dajevca 30ml"},"content":{"rendered":"<p>[vc_row][vc_column][vc_column_text css=&#8221;.vc_custom_1761050085459{padding-top: 30px !important;padding-right: 30px !important;padding-bottom: 30px !important;padding-left: 30px !important;background-color: #c9db95 !important;}&#8221;]<\/p>\n<h2 class=\"thin-font\" data-start=\"163\" data-end=\"181\"><strong data-start=\"163\" data-end=\"179\">Olje \u010dajevca<\/strong><\/h2>\n<p data-start=\"224\" data-end=\"561\">Eteri\u010dno olje \u010dajevca velja za eno najbolj univerzalnih eteri\u010dnih olj, ki ga odlikuje sve\u017e in prodoren zeli\u0161\u010dni vonj. Zaradi svojih lastnosti je \u017ee dolgo priljubljena izbira pri ustvarjanju naravne kozmetike in aromaterapiji. Pogosto ga najdemo v izdelkih za nego ko\u017ee, las in nohtov, saj daje ob\u010dutek \u010disto\u010de, ravnovesja in osve\u017eitve.<\/p>\n<p data-start=\"563\" data-end=\"816\">Pri negi ko\u017ee ga lahko uporabite kot dodatek losjonom, tonikom ali obraznim maskam, saj poskrbi za prijeten ob\u010dutek sve\u017eine. Prav tako ga lahko vklju\u010dite v \u0161ampone, mila ali kopeli, kjer popestri izdelek z zna\u010dilno aromo in ob\u010dutkom po\u017eivljajo\u010de nege.<\/p>\n<p data-start=\"818\" data-end=\"969\">Olje \u010dajevca je zaradi svoje vsestranskosti prakti\u010den spremljevalec doma\u010de kozmeti\u010dne rutine in je nepogre\u0161ljiv za vse, ki prisegajo na naravno nego.<\/p>\n<p data-start=\"971\" data-end=\"1111\"><strong data-start=\"971\" data-end=\"991\">SEN olje \u010dajevca<\/strong> s certifikatom Aromacert zagotavlja 100% \u010distost in kakovost sestavin, zato je odli\u010dna izbira za vsakodnevno uporabo.<\/p>\n<p>[\/vc_column_text][\/vc_column][\/vc_row][vc_row][vc_column][vc_column_text]<span style=\"color: #8c189b;\"><strong><a style=\"color: #8c189b;\" href=\"https:\/\/sen-shop.com\/wp-content\/uploads\/2017\/05\/070118_Mind_OLJE-\u010cAJEVCA-10-mL_Aromacert-CoA_5-2018-compressed.pdf\">Aromacert certifikat &#8211; olje \u010dajevca<\/a><\/strong><\/span><\/p>\n<p><strong>OPOZORILO<\/strong>: \u010ce imate zelo ob\u010dutljivo ko\u017eo oziroma \u010de zaznate kakr\u0161ne koli reakcije po uporabi izdelka, takoj prenehate z uporabo. Kako preverite ali ste ob\u010dutljivi na izdelek? 1 kapljico si nanesite na manj\u0161o povr\u0161ino ko\u017ee. \u010ce se ne pojavijo reakcije (srbe\u010dica, peko\u010d ob\u010dutek) lahko izdelek uporabljate v nadaljnje. Olje ne smete u\u017eivati.<\/p>\n<p><strong>SHRANJEVANJE:<\/strong>\u00a0Shranjevati nedosegljivo otrokom!<\/p>\n<p>&nbsp;<\/p>\n<p><strong>Ve\u010d o boju proti U\u0160EM si lahko prebere\u0161 v blog prispevku <a href=\"https:\/\/sen-shop.com\/blogs\/kako-se-povsem-naravno-izogniti-usem\/\">TUKAJ.<\/a><\/strong>[\/vc_column_text][\/vc_column][\/vc_row]<\/p>\n","protected":false},"excerpt":{"rendered":"<p><img decoding=\"async\" class=\"emoji\" role=\"img\" draggable=\"false\" src=\"https:\/\/s.w.org\/images\/core\/emoji\/17.0.2\/svg\/1f31f.svg\" alt=\"\ud83c\udf1f\" \/> <strong data-start=\"81\" data-end=\"102\">Preselili smo se!<\/strong> <img decoding=\"async\" class=\"emoji\" role=\"img\" draggable=\"false\" src=\"https:\/\/s.w.org\/images\/core\/emoji\/17.0.2\/svg\/1f31f.svg\" alt=\"\ud83c\udf1f\" \/><br data-start=\"105\" data-end=\"108\" \/>Za \u0161e bolj\u0161o izku\u0161njo nakupovanja nas zdaj najdete na <strong data-start=\"162\" data-end=\"207\"><a class=\"decorated-link\" href=\"http:\/\/www.sen-shop.si\/\" target=\"_new\" rel=\"noopener\" data-start=\"164\" data-end=\"205\">www.sen-shop.si<\/a><\/strong>!<\/p>\n<p>100 % \u010disto in naravno eteri\u010dno olje \u010dajevca je pridobljeno iz dreves avstralskega \u010dajevca biolo\u0161ke pridelave z BIO-certifikatom*. Pogosto se uporablja v kozmeti\u010dne in negovalne namene. Ni primerno za zelo ob\u010dutljivo ko\u017eo.<\/p>\n","protected":false},"featured_media":42656,"comment_status":"open","ping_status":"closed","template":"","meta":{"inline_featured_image":false},"product_cat":[55,74,76,75,56,365],"product_tag":[87,251,257,89,90,96],"class_list":["post-100","product","type-product","status-publish","has-post-thumbnail","hentry","product_cat-domaca-stran","product_cat-nega-las","product_cat-nega-nog","product_cat-nega-telesa","product_cat-osebna-nega","product_cat-crni-petek","product_tag-bio","product_tag-bio-kozmetika","product_tag-ekoloska-kozmetika","product_tag-naravna-kozmetika","product_tag-olje-cajevca","product_tag-slovenska-naravna-kozmetika","yith_product_brand-aromacert-org","yith_product_brand-eko","yith_product_brand-ni-testirano-na-zivali","yith_product_brand-vegan"],"acf":[],"yoast_head":"<!-- This site is optimized with the Yoast SEO plugin v19.13 - https:\/\/yoast.com\/wordpress\/plugins\/seo\/ -->\n<title>100% naravno eteri\u010dno olje \u010dajevca 30ml - Sen Shop<\/title>\n<meta name=\"description\" content=\"Vsestransko uporabno 100 % \u010disto in naravno eteri\u010dno olje \u010dajevca, biolo\u0161ke pridelave z BIO-certifikatom. Zaupajo mu \u0161tevilni kupci, zaupajte mu tudi vi!\" \/>\n<meta name=\"robots\" content=\"index, follow, max-snippet:-1, max-image-preview:large, max-video-preview:-1\" \/>\n<link rel=\"canonical\" href=\"https:\/\/sen-shop.com\/sl\/collections\/osebna-nega\/nega-las\/bio-olje-cajevca-30ml\/\" \/>\n<meta property=\"og:locale\" content=\"sl_SI\" \/>\n<meta property=\"og:type\" content=\"article\" \/>\n<meta property=\"og:title\" content=\"100% naravno eteri\u010dno olje \u010dajevca 30ml - Sen Shop\" \/>\n<meta property=\"og:description\" content=\"Vsestransko uporabno 100 % \u010disto in naravno eteri\u010dno olje \u010dajevca, biolo\u0161ke pridelave z BIO-certifikatom. Zaupajo mu \u0161tevilni kupci, zaupajte mu tudi vi!\" \/>\n<meta property=\"og:url\" content=\"https:\/\/sen-shop.com\/sl\/collections\/osebna-nega\/nega-las\/bio-olje-cajevca-30ml\/\" \/>\n<meta property=\"og:site_name\" content=\"SEN Shop\" \/>\n<meta property=\"article:publisher\" content=\"https:\/\/www.facebook.com\/Senshopslovenija\" \/>\n<meta property=\"article:modified_time\" content=\"2026-03-02T10:56:19+00:00\" \/>\n<meta property=\"og:image\" content=\"https:\/\/sen-shop.com\/wp-content\/uploads\/2017\/05\/Cajevec30_sl_hr.jpg\" \/>\n\t<meta property=\"og:image:width\" content=\"1225\" \/>\n\t<meta property=\"og:image:height\" content=\"1400\" \/>\n\t<meta property=\"og:image:type\" content=\"image\/jpeg\" \/>\n<meta name=\"twitter:card\" content=\"summary_large_image\" \/>\n<meta name=\"twitter:label1\" content=\"Est. reading time\" \/>\n\t<meta name=\"twitter:data1\" content=\"2 minuti\" \/>\n<script type=\"application\/ld+json\" class=\"yoast-schema-graph\">{\"@context\":\"https:\/\/schema.org\",\"@graph\":[{\"@type\":\"WebPage\",\"@id\":\"https:\/\/sen-shop.com\/sl\/collections\/osebna-nega\/nega-las\/bio-olje-cajevca-30ml\/\",\"url\":\"https:\/\/sen-shop.com\/sl\/collections\/osebna-nega\/nega-las\/bio-olje-cajevca-30ml\/\",\"name\":\"100% naravno eteri\u010dno olje \u010dajevca 30ml - Sen Shop\",\"isPartOf\":{\"@id\":\"https:\/\/sen-shop.com\/sl\/#website\"},\"datePublished\":\"2017-05-16T08:21:18+00:00\",\"dateModified\":\"2026-03-02T10:56:19+00:00\",\"description\":\"Vsestransko uporabno 100 % \u010disto in naravno eteri\u010dno olje \u010dajevca, biolo\u0161ke pridelave z BIO-certifikatom. Zaupajo mu \u0161tevilni kupci, zaupajte mu tudi vi!\",\"breadcrumb\":{\"@id\":\"https:\/\/sen-shop.com\/sl\/collections\/osebna-nega\/nega-las\/bio-olje-cajevca-30ml\/#breadcrumb\"},\"inLanguage\":\"sl-SI\",\"potentialAction\":[{\"@type\":\"ReadAction\",\"target\":[\"https:\/\/sen-shop.com\/sl\/collections\/osebna-nega\/nega-las\/bio-olje-cajevca-30ml\/\"]}]},{\"@type\":\"BreadcrumbList\",\"@id\":\"https:\/\/sen-shop.com\/sl\/collections\/osebna-nega\/nega-las\/bio-olje-cajevca-30ml\/#breadcrumb\",\"itemListElement\":[{\"@type\":\"ListItem\",\"position\":1,\"name\":\"Home\",\"item\":\"https:\/\/sen-shop.com\/sl\/\"},{\"@type\":\"ListItem\",\"position\":2,\"name\":\"Bio olje \u010dajevca 30ml\"}]},{\"@type\":\"WebSite\",\"@id\":\"https:\/\/sen-shop.com\/sl\/#website\",\"url\":\"https:\/\/sen-shop.com\/sl\/\",\"name\":\"SEN Shop\",\"description\":\"Slovensko, Ekolo\u0161ko, Naravno\",\"publisher\":{\"@id\":\"https:\/\/sen-shop.com\/sl\/#organization\"},\"potentialAction\":[{\"@type\":\"SearchAction\",\"target\":{\"@type\":\"EntryPoint\",\"urlTemplate\":\"https:\/\/sen-shop.com\/sl\/?s={search_term_string}\"},\"query-input\":\"required name=search_term_string\"}],\"inLanguage\":\"sl-SI\"},{\"@type\":\"Organization\",\"@id\":\"https:\/\/sen-shop.com\/sl\/#organization\",\"name\":\"Mind trade d.o.o\",\"url\":\"https:\/\/sen-shop.com\/sl\/\",\"logo\":{\"@type\":\"ImageObject\",\"inLanguage\":\"sl-SI\",\"@id\":\"https:\/\/sen-shop.com\/sl\/#\/schema\/logo\/image\/\",\"url\":\"https:\/\/sen-shop.com\/wp-content\/uploads\/2018\/05\/header_logo.png\",\"contentUrl\":\"https:\/\/sen-shop.com\/wp-content\/uploads\/2018\/05\/header_logo.png\",\"width\":138,\"height\":70,\"caption\":\"Mind trade d.o.o\"},\"image\":{\"@id\":\"https:\/\/sen-shop.com\/sl\/#\/schema\/logo\/image\/\"},\"sameAs\":[\"https:\/\/www.instagram.com\/senslovenija\/\",\"https:\/\/www.facebook.com\/Senshopslovenija\"]}]}<\/script>\n<!-- \/ Yoast SEO plugin. -->","yoast_head_json":{"title":"100% naravno eteri\u010dno olje \u010dajevca 30ml - Sen Shop","description":"Vsestransko uporabno 100 % \u010disto in naravno eteri\u010dno olje \u010dajevca, biolo\u0161ke pridelave z BIO-certifikatom. Zaupajo mu \u0161tevilni kupci, zaupajte mu tudi vi!","robots":{"index":"index","follow":"follow","max-snippet":"max-snippet:-1","max-image-preview":"max-image-preview:large","max-video-preview":"max-video-preview:-1"},"canonical":"https:\/\/sen-shop.com\/sl\/collections\/osebna-nega\/nega-las\/bio-olje-cajevca-30ml\/","og_locale":"sl_SI","og_type":"article","og_title":"100% naravno eteri\u010dno olje \u010dajevca 30ml - Sen Shop","og_description":"Vsestransko uporabno 100 % \u010disto in naravno eteri\u010dno olje \u010dajevca, biolo\u0161ke pridelave z BIO-certifikatom. Zaupajo mu \u0161tevilni kupci, zaupajte mu tudi vi!","og_url":"https:\/\/sen-shop.com\/sl\/collections\/osebna-nega\/nega-las\/bio-olje-cajevca-30ml\/","og_site_name":"SEN Shop","article_publisher":"https:\/\/www.facebook.com\/Senshopslovenija","article_modified_time":"2026-03-02T10:56:19+00:00","og_image":[{"width":1225,"height":1400,"url":"https:\/\/sen-shop.com\/wp-content\/uploads\/2017\/05\/Cajevec30_sl_hr.jpg","type":"image\/jpeg"}],"twitter_card":"summary_large_image","twitter_misc":{"Est. reading time":"2 minuti"},"schema":{"@context":"https:\/\/schema.org","@graph":[{"@type":"WebPage","@id":"https:\/\/sen-shop.com\/sl\/collections\/osebna-nega\/nega-las\/bio-olje-cajevca-30ml\/","url":"https:\/\/sen-shop.com\/sl\/collections\/osebna-nega\/nega-las\/bio-olje-cajevca-30ml\/","name":"100% naravno eteri\u010dno olje \u010dajevca 30ml - Sen Shop","isPartOf":{"@id":"https:\/\/sen-shop.com\/sl\/#website"},"datePublished":"2017-05-16T08:21:18+00:00","dateModified":"2026-03-02T10:56:19+00:00","description":"Vsestransko uporabno 100 % \u010disto in naravno eteri\u010dno olje \u010dajevca, biolo\u0161ke pridelave z BIO-certifikatom. Zaupajo mu \u0161tevilni kupci, zaupajte mu tudi vi!","breadcrumb":{"@id":"https:\/\/sen-shop.com\/sl\/collections\/osebna-nega\/nega-las\/bio-olje-cajevca-30ml\/#breadcrumb"},"inLanguage":"sl-SI","potentialAction":[{"@type":"ReadAction","target":["https:\/\/sen-shop.com\/sl\/collections\/osebna-nega\/nega-las\/bio-olje-cajevca-30ml\/"]}]},{"@type":"BreadcrumbList","@id":"https:\/\/sen-shop.com\/sl\/collections\/osebna-nega\/nega-las\/bio-olje-cajevca-30ml\/#breadcrumb","itemListElement":[{"@type":"ListItem","position":1,"name":"Home","item":"https:\/\/sen-shop.com\/sl\/"},{"@type":"ListItem","position":2,"name":"Bio olje \u010dajevca 30ml"}]},{"@type":"WebSite","@id":"https:\/\/sen-shop.com\/sl\/#website","url":"https:\/\/sen-shop.com\/sl\/","name":"SEN Shop","description":"Slovensko, Ekolo\u0161ko, Naravno","publisher":{"@id":"https:\/\/sen-shop.com\/sl\/#organization"},"potentialAction":[{"@type":"SearchAction","target":{"@type":"EntryPoint","urlTemplate":"https:\/\/sen-shop.com\/sl\/?s={search_term_string}"},"query-input":"required name=search_term_string"}],"inLanguage":"sl-SI"},{"@type":"Organization","@id":"https:\/\/sen-shop.com\/sl\/#organization","name":"Mind trade d.o.o","url":"https:\/\/sen-shop.com\/sl\/","logo":{"@type":"ImageObject","inLanguage":"sl-SI","@id":"https:\/\/sen-shop.com\/sl\/#\/schema\/logo\/image\/","url":"https:\/\/sen-shop.com\/wp-content\/uploads\/2018\/05\/header_logo.png","contentUrl":"https:\/\/sen-shop.com\/wp-content\/uploads\/2018\/05\/header_logo.png","width":138,"height":70,"caption":"Mind trade d.o.o"},"image":{"@id":"https:\/\/sen-shop.com\/sl\/#\/schema\/logo\/image\/"},"sameAs":["https:\/\/www.instagram.com\/senslovenija\/","https:\/\/www.facebook.com\/Senshopslovenija"]}]}},"_links":{"self":[{"href":"https:\/\/sen-shop.com\/sl\/wp-json\/wp\/v2\/product\/100","targetHints":{"allow":["GET"]}}],"collection":[{"href":"https:\/\/sen-shop.com\/sl\/wp-json\/wp\/v2\/product"}],"about":[{"href":"https:\/\/sen-shop.com\/sl\/wp-json\/wp\/v2\/types\/product"}],"replies":[{"embeddable":true,"href":"https:\/\/sen-shop.com\/sl\/wp-json\/wp\/v2\/comments?post=100"}],"wp:featuredmedia":[{"embeddable":true,"href":"https:\/\/sen-shop.com\/sl\/wp-json\/wp\/v2\/media\/42656"}],"wp:attachment":[{"href":"https:\/\/sen-shop.com\/sl\/wp-json\/wp\/v2\/media?parent=100"}],"wp:term":[{"taxonomy":"product_cat","embeddable":true,"href":"https:\/\/sen-shop.com\/sl\/wp-json\/wp\/v2\/product_cat?post=100"},{"taxonomy":"product_tag","embeddable":true,"href":"https:\/\/sen-shop.com\/sl\/wp-json\/wp\/v2\/product_tag?post=100"}],"curies":[{"name":"wp","href":"https:\/\/api.w.org\/{rel}","templated":true}]}}