{"id":759,"date":"2017-12-11T14:08:46","date_gmt":"2017-12-11T14:08:46","guid":{"rendered":""},"modified":"2021-11-22T19:51:38","modified_gmt":"2021-11-22T18:51:38","slug":"zasebnost-in-piskotki","status":"publish","type":"page","link":"https:\/\/sen-shop.com\/sl\/zasebnost-in-piskotki\/","title":{"rendered":"Zasebnost in pi\u0161kotki"},"content":{"rendered":"<p>[vc_row][vc_column][vc_column_text]<strong>UPORABA PI\u0160KOTKOV<\/strong><\/p>\n<p>Spletna stran <a href=\"https:\/\/sen-shop.com\/\">https:\/\/sen-shop.com\/<\/a> uporablja pi\u0161kotke.\u00a0S pi\u0161kotki vas osebno ne identificiramo. Uporabljamo jih samo za bolj\u0161e delovanje spleti\u0161\u010da.\u00a0Z uporabo tega spletnega mesta se strinjate, da spletno mesto <a href=\"https:\/\/sen-shop.com\/\">https:\/\/sen-shop.com\/<\/a> nalo\u017ei pi\u0161kotke na va\u0161o napravo.<\/p>\n<p><strong>KAJ SO PI\u0160KOTKI?<\/strong><\/p>\n<p>Pi\u0161kotki so manj\u0161e besedilne datoteke, obi\u010dajno sestavljene iz \u010drk in \u0161tevilk, katere obiskano spletno mesto shrani v napravo (ra\u010dunalnik, mobilnik, tablica itd.) z namenom prepoznavanja teh naprav. Shranjevanje pi\u0161kotkov je pod nadzorom brskalnika \u2013 glejte spodaj: nadzor nad pi\u0161kotki.<\/p>\n<p><strong>ZAKAJ NA\u0160A SPLETNA STRAN POTREBUJE PI\u0160KOTKE?<\/strong><\/p>\n<p>Glavni namen pi\u0161kotka je, da spletnemu stre\u017eniku omogo\u010di, da uporabniku predstavi prilagojene spletne strani, ki omogo\u010dajo, da je do\u017eivetje ob obisku na\u0161e spletne strani bolj osebno in da se bolje odziva na posamezne uporabnikove potrebe. Interakcija med uporabnikom in spletnim mestom je s pomo\u010djo pi\u0161kotkov hitrej\u0161a in enostavnej\u0161a. Z njihovo pomo\u010djo si spletna stran zapomni posameznikove preference in izku\u0161nje, s tem je uporabniku ob ponovnem obisku prihranjen \u010das, brskanje po spletnih straneh pa je tako bolj u\u010dinkovito in prijetno.<\/p>\n<p><strong>ZAKAJ NA\u0160A SPLETNA STRAN UPORABLJA PI\u0160KOTKE?<\/strong><\/p>\n<p>Pi\u0161kotki so pomembno sredstvo za ohranjanje sve\u017ee in primerne vsebine, ki je v skladu z interesi in preferencami posameznega spletnega uporabnika. Razlogi za uporabo pi\u0161kotkov izhajajo iz njihovih lastnosti, ena izmed njih je shranjevanja podatkov o stanju posamezne spletne strani, pi\u0161kotki pomagajo pri izvajanju raznih spletnih storitev (spletne trgovine), pomagajo pri zbiranju raznih statistik, saj se le z njimi lahko spremlja pogostost obiskovanja dolo\u010dene spletne strani. S pomo\u010djo pi\u0161kotkov lahko upravljavec spletne strani oceni u\u010dinkovitost zasnove svoje spletne strani.<\/p>\n<p>KATERE PI\u0160KOTKE NA\u0160A STRAN UPORABLJA?<\/p>\n<table width=\"619\">\n<tbody>\n<tr>\n<td width=\"159\">Ime pi\u0161kotka<\/td>\n<td width=\"160\">Namen uporabe<\/td>\n<td width=\"159\">\u010cas trajanja<\/td>\n<td width=\"142\">Podjetje<\/td>\n<\/tr>\n<tr>\n<td width=\"159\">PHPSESSID<\/td>\n<td width=\"160\">Seja za prijave in delovanje ko\u0161arice<\/td>\n<td width=\"159\">Do zaprtja brskalnika<\/td>\n<td width=\"142\">lastno<\/td>\n<\/tr>\n<tr>\n<td width=\"159\">_utma<\/td>\n<td width=\"160\">Statistika ogledov spletne strani<\/td>\n<td width=\"159\">2 leti<\/td>\n<td width=\"142\">Google Analitics<\/td>\n<\/tr>\n<tr>\n<td width=\"159\">_utmb<\/td>\n<td width=\"160\">Statistika ogledov spletne strani<\/td>\n<td width=\"159\">30 minut<\/td>\n<td width=\"142\">Google Analitics<\/td>\n<\/tr>\n<tr>\n<td width=\"159\">_utmc<\/td>\n<td width=\"160\">Statistika ogledov spletne strani<\/td>\n<td width=\"159\">Do zaprtja brskalnika<\/td>\n<td width=\"142\">Google Analitics<\/td>\n<\/tr>\n<tr>\n<td width=\"159\">_utmz<\/td>\n<td width=\"160\">Statistika ogledov spletne strani<\/td>\n<td width=\"159\">6 mesecev<\/td>\n<td width=\"142\">Google Analitics<\/td>\n<\/tr>\n<\/tbody>\n<\/table>\n<p>&nbsp;<\/p>\n<p><strong>NADZOR NAD PI\u0160KOTKI ali KAKO LAHKO O(NE)MOGO\u010cITE PI\u0160KOTKE?<\/strong><\/p>\n<p>\u010ce \u017eelite spremeniti na\u010din uporabe pi\u0161kotkov v brskalniku, vklju\u010dno z blokiranjem ali izbrisom, lahko to storite z ustrezno spremembo nastavitev brskalnika. Podrobnej\u0161a navodila so predstavljena v nadaljevanju.<\/p>\n<p><u>Google Chrome<\/u><\/p>\n<ol>\n<li>Kliknite \u00bbOrodja\u00ab na vrhu va\u0161ega brskalnika in izberite \u00bbNastavitve\u00ab.<\/li>\n<li>Kliknite \u00bbPrika\u017ei dodatne nastavitve\u00ab, se pomaknite do razdelka \u00bbZasebnost\u00ab in kliknite gumb \u00bbNastavitve vsebine\u00ab.<\/li>\n<li>Izberite \u00bbDovoli nastavljanje lokalnih podatkov\u00ab.<\/li>\n<\/ol>\n<p><u>Microsoft Internet Explorer 6.0, 7.0, 8.0, 9.0<\/u><\/p>\n<ol>\n<li>Kliknite \u00bbOrodja\u00ab na vrhu va\u0161ega brskalnika in izberite \u00bbInternetne mo\u017enosti\u00ab, nato kliknite zavihek \u00bbZasebnost\u00ab.<\/li>\n<li>Preverite, da je raven va\u0161e zasebnosti nastavljena na srednjo ali manj, kar bo omogo\u010dilo uporabo pi\u0161kotkov v va\u0161em brskalniku.<\/li>\n<li>Nastavitev nad srednjo ravnijo bo onemogo\u010dila uporabo pi\u0161kotkov.<\/li>\n<\/ol>\n<p><u>Mozilla Firefox<\/u><\/p>\n<ol>\n<li>Kliknite \u00bbOrodja\u00ab na vrhu va\u0161ega brskalnika in izberite \u00bbMo\u017enosti\u00ab. &gt;<\/li>\n<li>Nato izberite ikono \u00bbZasebnost\u00ab. &gt;<\/li>\n<li>Kliknite \u00bbPi\u0161kotki\u00ab in izberite mo\u017enost \u00bbDovoli stranem, da ustvarijo pi\u0161kote\u00ab.<\/li>\n<\/ol>\n<p><u>Safari<\/u><\/p>\n<ol>\n<li>Kliknite ikono zobnika na vrhu va\u0161ega brskalnika in izberite mo\u017enost \u00bbNastavitve\u00ab.<\/li>\n<li>Kliknite \u00bbZasebnost\u00ab, nato ozna\u010dite mo\u017enost \u00bbOnemogo\u010di uporabo pi\u0161kotkov tretjih oseb in ogla\u0161evalnih pi\u0161kotkov\u00ab.<\/li>\n<li>Kliknite \u00bbShrani\u00ab.<\/li>\n<\/ol>\n<p><u>Microsoft Internet Explorer 5.0 on OSX<\/u><\/p>\n<ol>\n<li>Kliknite \u00bbExplorer\u00ab na vrhu va\u0161ega brskalnika in izberite mo\u017enost \u00bbNastavitve\u00ab.<\/li>\n<li>Pomaknite se navzdol do \u00bbPi\u0161kotki\u00ab v razdelku \u00bbPrejete datoteke\u00ab.<\/li>\n<li>Izberite mo\u017enost \u00bbNikoli ne vpra\u0161aj\u00ab.<\/li>\n<\/ol>\n<p><u>Safari on OSX<\/u><\/p>\n<ol>\n<li>Kliknite \u00bbSafari\u00ab na vrhu va\u0161ega brskalnika in izberite mo\u017enost \u00bbNastavitve\u00ab.<\/li>\n<li>Kliknite \u00bbZasebnost\u00ab in nato \u00bbOmogo\u010di uporabo pi\u0161kotkov\u00ab.<\/li>\n<li>Izberite \u00bbSamo na obiskanih straneh\u00ab.<\/li>\n<\/ol>\n<p><u>Mozilla and Netscape on OSX<\/u><\/p>\n<ol>\n<li>Kliknite \u00bbMozilla\u00ab ali \u00bbNetscape\u00ab na vrhu va\u0161ega brskalnika in izberite mo\u017enost \u00bbNastavitve\u00ab.<\/li>\n<li>Pomaknite se navzdol do \u00bbPi\u0161kotki\u00ab v razdelku \u00bbZasebnost in varnost\u00ab.<\/li>\n<li>Izberite \u00bbDovoli pi\u0161kotke samo za izvorno spletno stran\u00ab.<\/li>\n<\/ol>\n<p><strong>PREBERITE SI VE\u010c O PI\u0160KOTKIH<\/strong><\/p>\n<p>\u010ce \u017eelite vedeti ve\u010d o pi\u0161kotkih, obi\u0161\u010dite katero od naslednjih strani:<\/p>\n<ul>\n<li><a href=\"http:\/\/www.allaboutcookies.org\">http:\/\/www.allaboutcookies.org<\/a><\/li>\n<\/ul>\n<p><strong>UPRAVLJAVEC<\/strong><\/p>\n<p>To spletno stran upravlja podjetje Mind Trade d.o.o, Tr\u017ea\u0161ka cesta 42, 1000 Ljubljana.[\/vc_column_text][\/vc_column][\/vc_row]<\/p>\n","protected":false},"excerpt":{"rendered":"<p>Pravno obvestilo o pi\u0161kotkih<\/p>\n","protected":false},"author":1,"featured_media":0,"parent":0,"menu_order":0,"comment_status":"open","ping_status":"open","template":"","meta":{"inline_featured_image":false,"footnotes":""},"class_list":["post-759","page","type-page","status-publish","hentry"],"acf":[],"yoast_head":"<!-- This site is optimized with the Yoast SEO plugin v19.13 - https:\/\/yoast.com\/wordpress\/plugins\/seo\/ -->\n<title>Zasebnost in pi\u0161kotki - SEN Shop<\/title>\n<meta name=\"robots\" content=\"noindex, nofollow\" \/>\n<meta property=\"og:locale\" content=\"sl_SI\" \/>\n<meta property=\"og:type\" content=\"article\" \/>\n<meta property=\"og:title\" content=\"Zasebnost in pi\u0161kotki - SEN Shop\" \/>\n<meta property=\"og:description\" content=\"Pravno obvestilo o pi\u0161kotkih\" \/>\n<meta property=\"og:url\" content=\"https:\/\/sen-shop.com\/sl\/zasebnost-in-piskotki\/\" \/>\n<meta property=\"og:site_name\" content=\"SEN Shop\" \/>\n<meta property=\"article:publisher\" content=\"https:\/\/www.facebook.com\/Senshopslovenija\" \/>\n<meta property=\"article:modified_time\" content=\"2021-11-22T18:51:38+00:00\" \/>\n<meta property=\"og:image\" content=\"https:\/\/sen-shop.com\/wp-content\/uploads\/2018\/04\/header_logo.png\" \/>\n\t<meta property=\"og:image:width\" content=\"138\" \/>\n\t<meta property=\"og:image:height\" content=\"70\" \/>\n\t<meta property=\"og:image:type\" content=\"image\/png\" \/>\n<meta name=\"twitter:card\" content=\"summary_large_image\" \/>\n<meta name=\"twitter:label1\" content=\"Est. reading time\" \/>\n\t<meta name=\"twitter:data1\" content=\"4 minute\" \/>\n<script type=\"application\/ld+json\" class=\"yoast-schema-graph\">{\"@context\":\"https:\/\/schema.org\",\"@graph\":[{\"@type\":\"WebPage\",\"@id\":\"https:\/\/sen-shop.com\/sl\/zasebnost-in-piskotki\/\",\"url\":\"https:\/\/sen-shop.com\/sl\/zasebnost-in-piskotki\/\",\"name\":\"Zasebnost in pi\u0161kotki - SEN Shop\",\"isPartOf\":{\"@id\":\"https:\/\/sen-shop.com\/sl\/#website\"},\"datePublished\":\"2017-12-11T14:08:46+00:00\",\"dateModified\":\"2021-11-22T18:51:38+00:00\",\"breadcrumb\":{\"@id\":\"https:\/\/sen-shop.com\/sl\/zasebnost-in-piskotki\/#breadcrumb\"},\"inLanguage\":\"sl-SI\",\"potentialAction\":[{\"@type\":\"ReadAction\",\"target\":[\"https:\/\/sen-shop.com\/sl\/zasebnost-in-piskotki\/\"]}]},{\"@type\":\"BreadcrumbList\",\"@id\":\"https:\/\/sen-shop.com\/sl\/zasebnost-in-piskotki\/#breadcrumb\",\"itemListElement\":[{\"@type\":\"ListItem\",\"position\":1,\"name\":\"Home\",\"item\":\"https:\/\/sen-shop.com\/sl\/\"},{\"@type\":\"ListItem\",\"position\":2,\"name\":\"Zasebnost in pi\u0161kotki\"}]},{\"@type\":\"WebSite\",\"@id\":\"https:\/\/sen-shop.com\/sl\/#website\",\"url\":\"https:\/\/sen-shop.com\/sl\/\",\"name\":\"SEN Shop\",\"description\":\"Slovensko, Ekolo\u0161ko, Naravno\",\"publisher\":{\"@id\":\"https:\/\/sen-shop.com\/sl\/#organization\"},\"potentialAction\":[{\"@type\":\"SearchAction\",\"target\":{\"@type\":\"EntryPoint\",\"urlTemplate\":\"https:\/\/sen-shop.com\/sl\/?s={search_term_string}\"},\"query-input\":\"required name=search_term_string\"}],\"inLanguage\":\"sl-SI\"},{\"@type\":\"Organization\",\"@id\":\"https:\/\/sen-shop.com\/sl\/#organization\",\"name\":\"Mind trade d.o.o\",\"url\":\"https:\/\/sen-shop.com\/sl\/\",\"logo\":{\"@type\":\"ImageObject\",\"inLanguage\":\"sl-SI\",\"@id\":\"https:\/\/sen-shop.com\/sl\/#\/schema\/logo\/image\/\",\"url\":\"https:\/\/sen-shop.com\/wp-content\/uploads\/2018\/05\/header_logo.png\",\"contentUrl\":\"https:\/\/sen-shop.com\/wp-content\/uploads\/2018\/05\/header_logo.png\",\"width\":138,\"height\":70,\"caption\":\"Mind trade d.o.o\"},\"image\":{\"@id\":\"https:\/\/sen-shop.com\/sl\/#\/schema\/logo\/image\/\"},\"sameAs\":[\"https:\/\/www.instagram.com\/senslovenija\/\",\"https:\/\/www.facebook.com\/Senshopslovenija\"]}]}<\/script>\n<!-- \/ Yoast SEO plugin. -->","yoast_head_json":{"title":"Zasebnost in pi\u0161kotki - SEN Shop","robots":{"index":"noindex","follow":"nofollow"},"og_locale":"sl_SI","og_type":"article","og_title":"Zasebnost in pi\u0161kotki - SEN Shop","og_description":"Pravno obvestilo o pi\u0161kotkih","og_url":"https:\/\/sen-shop.com\/sl\/zasebnost-in-piskotki\/","og_site_name":"SEN Shop","article_publisher":"https:\/\/www.facebook.com\/Senshopslovenija","article_modified_time":"2021-11-22T18:51:38+00:00","og_image":[{"width":138,"height":70,"url":"https:\/\/sen-shop.com\/wp-content\/uploads\/2018\/04\/header_logo.png","type":"image\/png"}],"twitter_card":"summary_large_image","twitter_misc":{"Est. reading time":"4 minute"},"schema":{"@context":"https:\/\/schema.org","@graph":[{"@type":"WebPage","@id":"https:\/\/sen-shop.com\/sl\/zasebnost-in-piskotki\/","url":"https:\/\/sen-shop.com\/sl\/zasebnost-in-piskotki\/","name":"Zasebnost in pi\u0161kotki - SEN Shop","isPartOf":{"@id":"https:\/\/sen-shop.com\/sl\/#website"},"datePublished":"2017-12-11T14:08:46+00:00","dateModified":"2021-11-22T18:51:38+00:00","breadcrumb":{"@id":"https:\/\/sen-shop.com\/sl\/zasebnost-in-piskotki\/#breadcrumb"},"inLanguage":"sl-SI","potentialAction":[{"@type":"ReadAction","target":["https:\/\/sen-shop.com\/sl\/zasebnost-in-piskotki\/"]}]},{"@type":"BreadcrumbList","@id":"https:\/\/sen-shop.com\/sl\/zasebnost-in-piskotki\/#breadcrumb","itemListElement":[{"@type":"ListItem","position":1,"name":"Home","item":"https:\/\/sen-shop.com\/sl\/"},{"@type":"ListItem","position":2,"name":"Zasebnost in pi\u0161kotki"}]},{"@type":"WebSite","@id":"https:\/\/sen-shop.com\/sl\/#website","url":"https:\/\/sen-shop.com\/sl\/","name":"SEN Shop","description":"Slovensko, Ekolo\u0161ko, Naravno","publisher":{"@id":"https:\/\/sen-shop.com\/sl\/#organization"},"potentialAction":[{"@type":"SearchAction","target":{"@type":"EntryPoint","urlTemplate":"https:\/\/sen-shop.com\/sl\/?s={search_term_string}"},"query-input":"required name=search_term_string"}],"inLanguage":"sl-SI"},{"@type":"Organization","@id":"https:\/\/sen-shop.com\/sl\/#organization","name":"Mind trade d.o.o","url":"https:\/\/sen-shop.com\/sl\/","logo":{"@type":"ImageObject","inLanguage":"sl-SI","@id":"https:\/\/sen-shop.com\/sl\/#\/schema\/logo\/image\/","url":"https:\/\/sen-shop.com\/wp-content\/uploads\/2018\/05\/header_logo.png","contentUrl":"https:\/\/sen-shop.com\/wp-content\/uploads\/2018\/05\/header_logo.png","width":138,"height":70,"caption":"Mind trade d.o.o"},"image":{"@id":"https:\/\/sen-shop.com\/sl\/#\/schema\/logo\/image\/"},"sameAs":["https:\/\/www.instagram.com\/senslovenija\/","https:\/\/www.facebook.com\/Senshopslovenija"]}]}},"_links":{"self":[{"href":"https:\/\/sen-shop.com\/sl\/wp-json\/wp\/v2\/pages\/759","targetHints":{"allow":["GET"]}}],"collection":[{"href":"https:\/\/sen-shop.com\/sl\/wp-json\/wp\/v2\/pages"}],"about":[{"href":"https:\/\/sen-shop.com\/sl\/wp-json\/wp\/v2\/types\/page"}],"author":[{"embeddable":true,"href":"https:\/\/sen-shop.com\/sl\/wp-json\/wp\/v2\/users\/1"}],"replies":[{"embeddable":true,"href":"https:\/\/sen-shop.com\/sl\/wp-json\/wp\/v2\/comments?post=759"}],"version-history":[{"count":0,"href":"https:\/\/sen-shop.com\/sl\/wp-json\/wp\/v2\/pages\/759\/revisions"}],"wp:attachment":[{"href":"https:\/\/sen-shop.com\/sl\/wp-json\/wp\/v2\/media?parent=759"}],"curies":[{"name":"wp","href":"https:\/\/api.w.org\/{rel}","templated":true}]}}