{"id":758,"date":"2017-01-13T11:36:55","date_gmt":"2017-01-13T11:36:55","guid":{"rendered":""},"modified":"2021-10-22T14:09:43","modified_gmt":"2021-10-22T12:09:43","slug":"tanita-reference","status":"publish","type":"page","link":"https:\/\/sen-shop.com\/sl\/tanita-reference\/","title":{"rendered":"Reference"},"content":{"rendered":"<p>[vc_row][vc_column][vc_column_text]<span style=\"color: #999999;\"><strong><span style=\"color: #c2859b;\">Od leta 1998 smo ekskluzivni zastopnik in distributer za Tanito v Sloveniji.<\/span><\/strong>\u00a0<\/span><\/p>\n<p>V tem \u010dasu, strokovnega sodelovanja s Tanito, smo si pridobili veliko znanja in izku\u0161enj z delom z analizatorji, katere z veseljem delimo tudi z vami.\u00a0Tekom na\u0161ega ekskluzivnega zstopni\u0161tva za podjetje Tanita, smo in \u0161e vedno sodelujemo z mnogimi uglednimi institucijami in podjetji (na\u0161i kupci so):<\/p>\n<ul>\n<li><span style=\"color: #999999;\"><a style=\"color: #999999;\" title=\"Klini\u010dni center Ljubljana\" href=\"https:\/\/www.kclj.si\" target=\"_blank\" rel=\"noopener noreferrer\">Klini\u010dni center Ljubljana<\/a><\/span><\/li>\n<li><span style=\"color: #999999;\"><a style=\"color: #999999;\" href=\"http:\/\/www.mz.gov.si\" target=\"_blank\" rel=\"noopener noreferrer\">Ministrstvo za zdravje \u2013 in\u0161titut za varovanje zdravja<\/a><\/span><\/li>\n<li><span style=\"color: #999999;\"><a style=\"color: #999999;\" href=\"http:\/\/www.mnz.gov.si\/\" target=\"_blank\" rel=\"noopener noreferrer\">Ministrstvo za notranje zadeve \u2013 Policija<\/a><br \/>\n<\/span><\/li>\n<li><span style=\"color: #999999;\"><a style=\"color: #999999;\" href=\"http:\/\/www.bf.uni-lj.si\" target=\"_blank\" rel=\"noopener noreferrer\">Univerza v Ljubljani, Biotehni\u0161ka fakulteta<\/a><\/span><\/li>\n<li><span style=\"color: #999999;\"><a style=\"color: #999999;\" title=\"Univerza v Ljubljani, Fakulteta za \u0161port\" href=\"https:\/\/www.fsp.uni-lj.si\" target=\"_blank\" rel=\"noopener noreferrer\">Univerza v Ljubljani, Fakulteta za \u0161port<\/a><\/span><\/li>\n<li><span style=\"color: #999999;\"><a style=\"color: #999999;\" href=\"http:\/\/www.cindi-slovenija.net\/\" target=\"_blank\" rel=\"noopener noreferrer\">CINDI Slovenija\u00a0<\/a><\/span><\/li>\n<li><span style=\"color: #999999;\"><a style=\"color: #999999;\" href=\"https:\/\/www.zd-celje.si\/\" target=\"_blank\" rel=\"noopener noreferrer\">Zdravstveni dom Celje<\/a><\/span><\/li>\n<li><span style=\"color: #999999;\"><a style=\"color: #999999;\" href=\"http:\/\/www.zd-cerknica.si\/\" target=\"_blank\" rel=\"noopener noreferrer\">Zdravstveni dom Cerknica (Lo\u0161ka dolina)<\/a><\/span><\/li>\n<li><span style=\"color: #999999;\"><a style=\"color: #999999;\" href=\"http:\/\/zd-crnomelj.si\/\" target=\"_blank\" rel=\"noopener noreferrer\">Zdravstveni dom \u010crnomelj<\/a><\/span><\/li>\n<li><span style=\"color: #999999;\"><a style=\"color: #999999;\" href=\"https:\/\/www.zd-domzale.si\/\" target=\"_blank\" rel=\"noopener noreferrer\">Zdravstveni dom Dom\u017eale<\/a><\/span><\/li>\n<li><span style=\"color: #999999;\"><a style=\"color: #999999;\" href=\"http:\/\/www.zd-dravograd.si\/\" target=\"_blank\" rel=\"noopener noreferrer\">Zdravstveni dom Dravograd<\/a><br \/>\n<\/span><\/li>\n<li><span style=\"color: #999999;\"><a style=\"color: #999999;\" href=\"http:\/\/sl.zd-grosuplje.si\/\" target=\"_blank\" rel=\"noopener noreferrer\">Zdravstveni dom Grosuplje<\/a><br \/>\n<\/span><\/li>\n<li><span style=\"color: #999999;\"><a style=\"color: #999999;\" href=\"http:\/\/www.zd-idrija.si\/\" target=\"_blank\" rel=\"noopener noreferrer\">Zdravstveni dom Idrija<\/a><br \/>\n<\/span><\/li>\n<li><span style=\"color: #999999;\"><a style=\"color: #999999;\" href=\"http:\/\/sl.zd-ivg.si\" target=\"_blank\" rel=\"noopener noreferrer\">Zdravstveni dom Ivan\u010dna Gorica<\/a><br \/>\n<\/span><\/li>\n<li><span style=\"color: #999999;\"><a style=\"color: #999999;\" href=\"http:\/\/www.zd-jesenice.si\/\" target=\"_blank\" rel=\"noopener noreferrer\">Zdravstveni dom Jesenice<\/a><br \/>\n<\/span><\/li>\n<li><span style=\"color: #999999;\"><a style=\"color: #999999;\" href=\"http:\/\/www.zdkamnik.si\/\" target=\"_blank\" rel=\"noopener noreferrer\">Zdravstveni dom Kamnik<\/a><br \/>\n<\/span><\/li>\n<li><span style=\"color: #999999;\"><a style=\"color: #999999;\" href=\"http:\/\/www.zdkocevje.si\/\" target=\"_blank\" rel=\"noopener noreferrer\">Zdravstveni dom Ko\u010devje<\/a><br \/>\n<\/span><\/li>\n<li><span style=\"color: #999999;\"><a style=\"color: #999999;\" href=\"http:\/\/www.zd-koper.si\/\" target=\"_blank\" rel=\"noopener noreferrer\">Zdravstveni dom Koper<\/a><br \/>\n<\/span><\/li>\n<li><span style=\"color: #999999;\"><a style=\"color: #999999;\" href=\"http:\/\/www.zd-krsko.si\/\" target=\"_blank\" rel=\"noopener noreferrer\">Zdravstveni dom Kr\u0161ko<\/a><br \/>\n<\/span><\/li>\n<li><span style=\"color: #999999;\"><a style=\"color: #999999;\" href=\"http:\/\/www.zd-kranj.si\/\" target=\"_blank\" rel=\"noopener noreferrer\">Zdravstveni dom Kranj<\/a><br \/>\n<\/span><\/li>\n<li><span style=\"color: #999999;\"><a style=\"color: #999999;\" href=\"http:\/\/www.zd-lj.si\/zdlj\/\" target=\"_blank\" rel=\"noopener noreferrer\">Zdravstveni dom Ljubljana (Be\u017eigrad)<\/a><br \/>\n<\/span><\/li>\n<li><span style=\"color: #999999;\"><a style=\"color: #999999;\" href=\"http:\/\/www.zd-lj.si\/zdlj\/\" target=\"_blank\" rel=\"noopener noreferrer\">Zdravstveni dom Ljubljana (Center)<\/a><br \/>\n<\/span><\/li>\n<li><span style=\"color: #999999;\"><a style=\"color: #999999;\" href=\"http:\/\/www.zd-lj.si\/zdlj\/\" target=\"_blank\" rel=\"noopener noreferrer\">Zdravstveni dom Ljubljana (Moste Polje)<\/a><br \/>\n<\/span><\/li>\n<li><span style=\"color: #999999;\"><a style=\"color: #999999;\" href=\"http:\/\/www.zd-lj.si\/zdlj\/\" target=\"_blank\" rel=\"noopener noreferrer\">Zdravstveni dom Ljubljana (\u0160i\u0161ka)<\/a><br \/>\n<\/span><\/li>\n<li><span style=\"color: #999999;\"><a style=\"color: #999999;\" href=\"http:\/\/www.zd-lj.si\/zdlj\/\" target=\"_blank\" rel=\"noopener noreferrer\">Zdravstveni dom Ljubljana (\u0160entvid)<\/a><br \/>\n<\/span><\/li>\n<li><span style=\"color: #999999;\"><a style=\"color: #999999;\" href=\"http:\/\/www.zd-lj.si\/zdlj\/\" target=\"_blank\" rel=\"noopener noreferrer\">Zdravstveni dom Ljubljana (Vi\u010d-Rudnik)<\/a><br \/>\n<\/span><\/li>\n<li><span style=\"color: #999999;\"><a style=\"color: #999999;\" href=\"http:\/\/www.zd-litija.si\/\" target=\"_blank\" rel=\"noopener noreferrer\">Zdravstveni dom Litija<\/a><br \/>\n<\/span><\/li>\n<li><span style=\"color: #999999;\"><a style=\"color: #999999;\" href=\"http:\/\/www.zd-piran.si\/\" target=\"_blank\" rel=\"noopener noreferrer\">Zdravstveni dom Lucija<\/a><br \/>\n<\/span><\/li>\n<li><span style=\"color: #999999;\"><a style=\"color: #999999;\" href=\"http:\/\/www.zd-mb.si\/\" target=\"_blank\" rel=\"noopener noreferrer\">Zdravstveni dom Maribor (ZD dr. Adolfa Drolca)<\/a><\/span><\/li>\n<li><span style=\"color: #999999;\"><a style=\"color: #999999;\" href=\"https:\/\/www.zd-go.si\/\" target=\"_blank\" rel=\"noopener noreferrer\">Zdravstveni dom Nova Gorica<\/a><\/span><\/li>\n<li><span style=\"color: #999999;\"><a style=\"color: #999999;\" href=\"http:\/\/www.zd-nm.si\/\" target=\"_blank\" rel=\"noopener noreferrer\">Zdravstveni dom Novo mesto<\/a><\/span><\/li>\n<li><span style=\"color: #999999;\"><a style=\"color: #999999;\" href=\"http:\/\/www.zd-piran.si\/\" target=\"_blank\" rel=\"noopener noreferrer\">Zdravstveni dom Piran<\/a><\/span><\/li>\n<li><span style=\"color: #999999;\"><a style=\"color: #999999;\" href=\"http:\/\/www.zd-po.si\/\" target=\"_blank\" rel=\"noopener noreferrer\">Zdravstveni dom Postojna<\/a><\/span><\/li>\n<li><span style=\"color: #999999;\"><a style=\"color: #999999;\" href=\"http:\/\/www.zdribnica.si\/\" target=\"_blank\" rel=\"noopener noreferrer\">Zdravstveni dom Ribnica<\/a><\/span><\/li>\n<li><span style=\"color: #999999;\"><a style=\"color: #999999;\" href=\"http:\/\/www.zd-sg.si\/\" target=\"_blank\" rel=\"noopener noreferrer\">Zdravstveni dom Slovenj Gradec<\/a><\/span><\/li>\n<li><span style=\"color: #999999;\"><a style=\"color: #999999;\" href=\"http:\/\/www.zd-slovenskekonjice.si\/\" target=\"_blank\" rel=\"noopener noreferrer\">Zdravstveni dom Slovenjske Konjice<\/a><\/span><\/li>\n<li><span style=\"color: #999999;\"><a style=\"color: #999999;\" href=\"http:\/\/www.zd-sb.si\/\" target=\"_blank\" rel=\"noopener noreferrer\">Zdravstveni dom Slovenska Bistrica<\/a><\/span><\/li>\n<li><span style=\"color: #999999;\"><a style=\"color: #999999;\" href=\"http:\/\/www.zd-loka.si\/\" target=\"_blank\" rel=\"noopener noreferrer\">Zdravstveni dom \u0160kofja Loka<\/a><\/span><\/li>\n<li><span style=\"color: #999999;\"><a style=\"color: #999999;\" href=\"http:\/\/www.zd-tolmin.si\/portal\/\" target=\"_blank\" rel=\"noopener noreferrer\">Zdravstveni dom Tolmin<\/a><\/span><\/li>\n<li><span style=\"color: #999999;\"><a style=\"color: #999999;\" href=\"http:\/\/www.zd-velenje.si\/\" target=\"_blank\" rel=\"noopener noreferrer\">Zdravstveni dom Velenje<\/a><\/span><\/li>\n<li><span style=\"color: #999999;\"><a style=\"color: #999999;\" href=\"http:\/\/www.zd-zalec.si\/\" target=\"_blank\" rel=\"noopener noreferrer\">Zdravstveni dom \u017dalec<\/a><\/span><\/li>\n<li><span style=\"color: #999999;\"><a style=\"color: #999999;\" href=\"http:\/\/mc-sinigoj.si\/\" target=\"_blank\" rel=\"noopener noreferrer\">Zdravstveni zavod medicinski center \u0160inigoj, Nova gorica (Tanita MC-180 MA)<\/a><\/span><\/li>\n<li><span style=\"color: #999999;\"><a style=\"color: #999999;\" href=\"http:\/\/www.zvd.si\" target=\"_blank\" rel=\"noopener noreferrer\">Zavod za varstvo pri delu<\/a><\/span><\/li>\n<li><span style=\"color: #999999;\"><a style=\"color: #999999;\" href=\"http:\/\/www.zzv-ce.si\/\" target=\"_blank\" rel=\"noopener noreferrer\">Zavod za zdravstveno varstvo Celje<\/a><\/span><\/li>\n<li><span style=\"color: #999999;\"><a style=\"color: #999999;\" href=\"http:\/\/www.zzv-lj.si\/\" target=\"_blank\" rel=\"noopener noreferrer\">Zavod za zdravstveno varstvo Ljubljana<\/a><\/span><\/li>\n<li><span style=\"color: #999999;\"><a style=\"color: #999999;\" href=\"http:\/\/www.zzv-kp.si\/\" target=\"_blank\" rel=\"noopener noreferrer\">Zavod za zdravstveno varstvo Koper<\/a><\/span><\/li>\n<li><span style=\"color: #999999;\"><a style=\"color: #999999;\" href=\"http:\/\/www.zzv-kr.si\/\" target=\"_blank\" rel=\"noopener noreferrer\">Zavod za zdravstveno varstvo Kranj<\/a><\/span><\/li>\n<li><span style=\"color: #999999;\"><a style=\"color: #999999;\" href=\"http:\/\/www.zzv-ms.si\" target=\"_blank\" rel=\"noopener noreferrer\">Zavod za zdravstveno varstvo Murska Sobota<\/a><\/span><\/li>\n<li><span style=\"color: #999999;\"><a style=\"color: #999999;\" href=\"https:\/\/zd-nm.si\/\" target=\"_blank\" rel=\"noopener noreferrer\">Zavod za zdravstveno varstvo Novo mesto<\/a><\/span><\/li>\n<li><span style=\"color: #999999;\"><a style=\"color: #999999;\" href=\"http:\/\/www.zzv-go.si\/\" target=\"_blank\" rel=\"noopener noreferrer\">Zavod za zdravstveno varstvo Novo Gorica<\/a><\/span><\/li>\n<li><span style=\"color: #999999;\"><a style=\"color: #999999;\" href=\"http:\/\/zdravniki-zobozdravniki.net\/Clan\/Marko-LIPOVSEK-118\" target=\"_blank\" rel=\"noopener noreferrer\">Medicinska ambulanta Dr. Lipov\u0161ek Peter<\/a><\/span><\/li>\n<li><span style=\"color: #999999;\"><a style=\"color: #999999;\" href=\"http:\/\/dermakranj.com\/\" target=\"_blank\" rel=\"noopener noreferrer\">Medicinsko estetski center Kranj<\/a><\/span><\/li>\n<li><span style=\"color: #999999;\"><a style=\"color: #999999;\" href=\"http:\/\/www.medico.si\/\" target=\"_blank\" rel=\"noopener noreferrer\">Medico Dr. Sento\u010dnik Tina<\/a><\/span><\/li>\n<li><span style=\"color: #999999;\"><a style=\"color: #999999;\" href=\"http:\/\/www.bizi.si\/ZASEBNA-SPLOSNA-AMBULANTA-CESNIK-ARDEA-DR-MED\/\" target=\"_blank\" rel=\"noopener noreferrer\">Zasebna splo\u0161na ambulanta \u010cesnik<\/a><\/span><\/li>\n<li><span style=\"color: #999999;\"><a style=\"color: #999999;\" href=\"http:\/\/www.kozmetika-mandl.si\">Kozmetika, masa\u017ee, pedikura, savna, solarij Mandl Danila s.p.<\/a><\/span><\/li>\n<li><span style=\"color: #999999;\"><a style=\"color: #999999;\" href=\"http:\/\/www.rak-ms.si\/\" target=\"_blank\" rel=\"noopener noreferrer\">Pomursko dru\u0161tvo za boj proti raku<\/a><br \/>\n<\/span><\/li>\n<li><span style=\"color: #999999;\"><a style=\"color: #999999;\" href=\"http:\/\/www.terme-krka.si\/si\/strunjan\/\">Krka d.d., Zdravili\u0161\u010de Strunjan<\/a><\/span><\/li>\n<li><span style=\"color: #999999;\"><a style=\"color: #999999;\" href=\"http:\/\/www.terme-dobrna.si\/\">Terme Dobrna d.d.<\/a><\/span><\/li>\n<li><span style=\"color: #999999;\"><a style=\"color: #999999;\" href=\"http:\/\/www.terme-olimia.com\/si\/\">Terme Olimia d.d.<\/a><\/span><\/li>\n<li><span style=\"color: #999999;\"><a style=\"color: #999999;\" href=\"http:\/\/www.sanolabor.si\/\">Sanolabor d.d.<\/a><\/span><\/li>\n<li><span style=\"color: #999999;\"><a style=\"color: #999999;\" href=\"http:\/\/www.kkbuducnost.me\/\" target=\"_blank\" rel=\"noopener noreferrer\">Ko\u0161arka\u0161ki klub Budu\u0107nost, \u010crna Gora<\/a><\/span><\/li>\n<li><span style=\"color: #999999;\"><a style=\"color: #999999;\" href=\"https:\/\/ktv-ormoz.si\/21095\/\" target=\"_blank\" rel=\"noopener noreferrer\">Klub borilnih ve\u0161\u010din Ormo\u017e<\/a><\/span><\/li>\n<li><span style=\"color: #999999;\"><a style=\"color: #999999;\" href=\"http:\/\/www2.bodifit.net\" target=\"_blank\" rel=\"noopener noreferrer\">Body Fit \u2013 Dru\u0161tvo za fitnes in aerobiko<\/a><\/span><\/li>\n<li><span style=\"color: #999999;\">Aktivita d.o.o.<\/span><\/li>\n<li><span style=\"color: #999999;\">Aerofit<\/span><\/li>\n<li><span style=\"color: #999999;\">Freising d.o.o.\/\u0161ola zdravega huj\u0161anja<\/span><\/li>\n<li><span style=\"color: #999999;\"><a style=\"color: #999999;\" href=\"http:\/\/www.konex-center.si\/\" target=\"_blank\" rel=\"noopener noreferrer\">Konex<\/a><\/span><\/li>\n<li style=\"text-align: left;\"><span style=\"color: #999999;\"><a style=\"color: #999999;\" href=\"http:\/\/www.slofit.org\/\" target=\"_blank\" rel=\"noopener noreferrer\">Slofit<\/a><\/span><\/li>\n<\/ul>\n<p>[\/vc_column_text][\/vc_column][\/vc_row]<\/p>\n","protected":false},"excerpt":{"rendered":"<p>Reference<\/p>\n","protected":false},"author":1,"featured_media":0,"parent":0,"menu_order":0,"comment_status":"open","ping_status":"open","template":"","meta":{"inline_featured_image":false,"footnotes":""},"class_list":["post-758","page","type-page","status-publish","hentry"],"acf":[],"yoast_head":"<!-- This site is optimized with the Yoast SEO plugin v19.13 - https:\/\/yoast.com\/wordpress\/plugins\/seo\/ -->\n<title>Reference TANITA - SEN Shop<\/title>\n<meta name=\"robots\" content=\"index, follow, max-snippet:-1, max-image-preview:large, max-video-preview:-1\" \/>\n<link rel=\"canonical\" href=\"https:\/\/sen-shop.com\/sl\/tanita-reference\/\" \/>\n<meta property=\"og:locale\" content=\"sl_SI\" \/>\n<meta property=\"og:type\" content=\"article\" \/>\n<meta property=\"og:title\" content=\"Reference TANITA - SEN Shop\" \/>\n<meta property=\"og:description\" content=\"Reference\" \/>\n<meta property=\"og:url\" content=\"https:\/\/sen-shop.com\/sl\/tanita-reference\/\" \/>\n<meta property=\"og:site_name\" content=\"SEN Shop\" \/>\n<meta property=\"article:publisher\" content=\"https:\/\/www.facebook.com\/Senshopslovenija\" \/>\n<meta property=\"article:modified_time\" content=\"2021-10-22T12:09:43+00:00\" \/>\n<meta property=\"og:image\" content=\"https:\/\/sen-shop.com\/wp-content\/uploads\/2018\/04\/header_logo.png\" \/>\n\t<meta property=\"og:image:width\" content=\"138\" \/>\n\t<meta property=\"og:image:height\" content=\"70\" \/>\n\t<meta property=\"og:image:type\" content=\"image\/png\" \/>\n<meta name=\"twitter:card\" content=\"summary_large_image\" \/>\n<meta name=\"twitter:label1\" content=\"Est. reading time\" \/>\n\t<meta name=\"twitter:data1\" content=\"2 minuti\" \/>\n<script type=\"application\/ld+json\" class=\"yoast-schema-graph\">{\"@context\":\"https:\/\/schema.org\",\"@graph\":[{\"@type\":\"WebPage\",\"@id\":\"https:\/\/sen-shop.com\/sl\/tanita-reference\/\",\"url\":\"https:\/\/sen-shop.com\/sl\/tanita-reference\/\",\"name\":\"Reference TANITA - SEN Shop\",\"isPartOf\":{\"@id\":\"https:\/\/sen-shop.com\/sl\/#website\"},\"datePublished\":\"2017-01-13T11:36:55+00:00\",\"dateModified\":\"2021-10-22T12:09:43+00:00\",\"breadcrumb\":{\"@id\":\"https:\/\/sen-shop.com\/sl\/tanita-reference\/#breadcrumb\"},\"inLanguage\":\"sl-SI\",\"potentialAction\":[{\"@type\":\"ReadAction\",\"target\":[\"https:\/\/sen-shop.com\/sl\/tanita-reference\/\"]}]},{\"@type\":\"BreadcrumbList\",\"@id\":\"https:\/\/sen-shop.com\/sl\/tanita-reference\/#breadcrumb\",\"itemListElement\":[{\"@type\":\"ListItem\",\"position\":1,\"name\":\"Home\",\"item\":\"https:\/\/sen-shop.com\/sl\/\"},{\"@type\":\"ListItem\",\"position\":2,\"name\":\"Reference\"}]},{\"@type\":\"WebSite\",\"@id\":\"https:\/\/sen-shop.com\/sl\/#website\",\"url\":\"https:\/\/sen-shop.com\/sl\/\",\"name\":\"SEN Shop\",\"description\":\"Slovensko, Ekolo\u0161ko, Naravno\",\"publisher\":{\"@id\":\"https:\/\/sen-shop.com\/sl\/#organization\"},\"potentialAction\":[{\"@type\":\"SearchAction\",\"target\":{\"@type\":\"EntryPoint\",\"urlTemplate\":\"https:\/\/sen-shop.com\/sl\/?s={search_term_string}\"},\"query-input\":\"required name=search_term_string\"}],\"inLanguage\":\"sl-SI\"},{\"@type\":\"Organization\",\"@id\":\"https:\/\/sen-shop.com\/sl\/#organization\",\"name\":\"Mind trade d.o.o\",\"url\":\"https:\/\/sen-shop.com\/sl\/\",\"logo\":{\"@type\":\"ImageObject\",\"inLanguage\":\"sl-SI\",\"@id\":\"https:\/\/sen-shop.com\/sl\/#\/schema\/logo\/image\/\",\"url\":\"https:\/\/sen-shop.com\/wp-content\/uploads\/2018\/05\/header_logo.png\",\"contentUrl\":\"https:\/\/sen-shop.com\/wp-content\/uploads\/2018\/05\/header_logo.png\",\"width\":138,\"height\":70,\"caption\":\"Mind trade d.o.o\"},\"image\":{\"@id\":\"https:\/\/sen-shop.com\/sl\/#\/schema\/logo\/image\/\"},\"sameAs\":[\"https:\/\/www.instagram.com\/senslovenija\/\",\"https:\/\/www.facebook.com\/Senshopslovenija\"]}]}<\/script>\n<!-- \/ Yoast SEO plugin. -->","yoast_head_json":{"title":"Reference TANITA - SEN Shop","robots":{"index":"index","follow":"follow","max-snippet":"max-snippet:-1","max-image-preview":"max-image-preview:large","max-video-preview":"max-video-preview:-1"},"canonical":"https:\/\/sen-shop.com\/sl\/tanita-reference\/","og_locale":"sl_SI","og_type":"article","og_title":"Reference TANITA - SEN Shop","og_description":"Reference","og_url":"https:\/\/sen-shop.com\/sl\/tanita-reference\/","og_site_name":"SEN Shop","article_publisher":"https:\/\/www.facebook.com\/Senshopslovenija","article_modified_time":"2021-10-22T12:09:43+00:00","og_image":[{"width":138,"height":70,"url":"https:\/\/sen-shop.com\/wp-content\/uploads\/2018\/04\/header_logo.png","type":"image\/png"}],"twitter_card":"summary_large_image","twitter_misc":{"Est. reading time":"2 minuti"},"schema":{"@context":"https:\/\/schema.org","@graph":[{"@type":"WebPage","@id":"https:\/\/sen-shop.com\/sl\/tanita-reference\/","url":"https:\/\/sen-shop.com\/sl\/tanita-reference\/","name":"Reference TANITA - SEN Shop","isPartOf":{"@id":"https:\/\/sen-shop.com\/sl\/#website"},"datePublished":"2017-01-13T11:36:55+00:00","dateModified":"2021-10-22T12:09:43+00:00","breadcrumb":{"@id":"https:\/\/sen-shop.com\/sl\/tanita-reference\/#breadcrumb"},"inLanguage":"sl-SI","potentialAction":[{"@type":"ReadAction","target":["https:\/\/sen-shop.com\/sl\/tanita-reference\/"]}]},{"@type":"BreadcrumbList","@id":"https:\/\/sen-shop.com\/sl\/tanita-reference\/#breadcrumb","itemListElement":[{"@type":"ListItem","position":1,"name":"Home","item":"https:\/\/sen-shop.com\/sl\/"},{"@type":"ListItem","position":2,"name":"Reference"}]},{"@type":"WebSite","@id":"https:\/\/sen-shop.com\/sl\/#website","url":"https:\/\/sen-shop.com\/sl\/","name":"SEN Shop","description":"Slovensko, Ekolo\u0161ko, Naravno","publisher":{"@id":"https:\/\/sen-shop.com\/sl\/#organization"},"potentialAction":[{"@type":"SearchAction","target":{"@type":"EntryPoint","urlTemplate":"https:\/\/sen-shop.com\/sl\/?s={search_term_string}"},"query-input":"required name=search_term_string"}],"inLanguage":"sl-SI"},{"@type":"Organization","@id":"https:\/\/sen-shop.com\/sl\/#organization","name":"Mind trade d.o.o","url":"https:\/\/sen-shop.com\/sl\/","logo":{"@type":"ImageObject","inLanguage":"sl-SI","@id":"https:\/\/sen-shop.com\/sl\/#\/schema\/logo\/image\/","url":"https:\/\/sen-shop.com\/wp-content\/uploads\/2018\/05\/header_logo.png","contentUrl":"https:\/\/sen-shop.com\/wp-content\/uploads\/2018\/05\/header_logo.png","width":138,"height":70,"caption":"Mind trade d.o.o"},"image":{"@id":"https:\/\/sen-shop.com\/sl\/#\/schema\/logo\/image\/"},"sameAs":["https:\/\/www.instagram.com\/senslovenija\/","https:\/\/www.facebook.com\/Senshopslovenija"]}]}},"_links":{"self":[{"href":"https:\/\/sen-shop.com\/sl\/wp-json\/wp\/v2\/pages\/758","targetHints":{"allow":["GET"]}}],"collection":[{"href":"https:\/\/sen-shop.com\/sl\/wp-json\/wp\/v2\/pages"}],"about":[{"href":"https:\/\/sen-shop.com\/sl\/wp-json\/wp\/v2\/types\/page"}],"author":[{"embeddable":true,"href":"https:\/\/sen-shop.com\/sl\/wp-json\/wp\/v2\/users\/1"}],"replies":[{"embeddable":true,"href":"https:\/\/sen-shop.com\/sl\/wp-json\/wp\/v2\/comments?post=758"}],"version-history":[{"count":0,"href":"https:\/\/sen-shop.com\/sl\/wp-json\/wp\/v2\/pages\/758\/revisions"}],"wp:attachment":[{"href":"https:\/\/sen-shop.com\/sl\/wp-json\/wp\/v2\/media?parent=758"}],"curies":[{"name":"wp","href":"https:\/\/api.w.org\/{rel}","templated":true}]}}