{"id":757,"date":"2017-01-13T11:33:26","date_gmt":"2017-01-13T11:33:26","guid":{"rendered":""},"modified":"2021-11-19T18:35:30","modified_gmt":"2021-11-19T17:35:30","slug":"tanita-pogosta-vprasanja","status":"publish","type":"page","link":"https:\/\/sen-shop.com\/sl\/tanita-pogosta-vprasanja\/","title":{"rendered":"Tanita pogosta vpra\u0161anja"},"content":{"rendered":"<p>[vc_row][vc_column][vc_column_text]<\/p>\n<h5><\/h5>\n<h5><span style=\"color: #c2859b;\">1. Kaj pomeni Bia?<\/span><\/h5>\n<p>BIA je kratica za Bio Impedan\u010dno Analizo ali preprosteje povedano merjenje elektri\u010dne upornosti telesa. Bio impedanca je v svetu znanstveno in strokovno najbolj priznana metoda merjenja telesne ma\u0161\u010dobe in sestave. Pri tej metodi te\u010de skozi telo zelo \u0161ibek elektri\u010dni tok, ki na podlagi upornosti izra\u010duna dele\u017e telesne ma\u0161\u010dobe v telesu.<\/p>\n<hr \/>\n<h5><span style=\"color: #c2859b;\">2. Kako natan\u010dni so analizatorji TANITA?<\/span><\/h5>\n<p>Meritve te\u017ee so natan\u010dne na 0,1 kg. Dele\u017e telesne ma\u0161\u010dobe je natan\u010den na 5% glede na metodo DEXA, ki je zlati standard za meritve telesne ma\u0161\u010dobe.<\/p>\n<hr \/>\n<h5><span style=\"color: #c2859b;\">3. Kaj prikazuje funkcija te\u017ea kosti?<\/span><\/h5>\n<p>Funkcija prika\u017ee te\u017eo kostno-mineralnega dela telesa.<\/p>\n<p><strong>Zakaj je nadzorovanje te\u017ee kosti pomembno?<\/strong><br \/>\nDokazano je, da z redna \u0161portna aktivnost in razvoj mi\u0161i\u010dne mase pozitivno vpliva na mo\u010dne in zdrave kosti. Pomembno je, da uporabniki razvijejo in vzdr\u017eujejo zdrave kosti preko zadostne \u0161portne aktivnosti in hrane, bogate s kalcijem.<\/p>\n<hr \/>\n<h5><span style=\"color: #c2859b;\">4. Kaj prikazuje funkcija mi\u0161i\u010dna masa?<\/span><\/h5>\n<p>Funkcija prikazuje te\u017eo mi\u0161ic v telesu.<\/p>\n<p><strong>Zakaj je nadzorovanje mi\u0161i\u010dne mase pomembno?<\/strong><br \/>\nTelo z vsakim pridobljenim kilogramom mi\u0161ic, v povpre\u010dju porabi dodatnih 100 kalorij dnevno. Vsak uporabnik, ki zazna spremembo svoje mi\u0161i\u010dne mase, mora zatorej prilagoditi vnos dnevnih kalorij. Mi\u0161ice so gostej\u0161e kot ma\u0161\u010doba in zato tudi &#8220;te\u017eje&#8221;. Prikaz mi\u0161i\u010dne mase je potreben za bolj natan\u010dno razumevanje sprememb telesne sestave in telesne te\u017ee.<\/p>\n<p>Osebe, ki huj\u0161ajo po predpisanem programu (prehrana in \u0161port) lahko v\u010dasih celo pridobijo te\u017eo &#8211; mi\u0161ice so namre\u010d gostej\u0161e od ma\u0161\u010dobe. \u017dal vam navadna tehtnica tega ne bo znala &#8220;povedat&#8221;, kar lahko privede do opustitve programa. Vendar pa je ta pridobljena te\u017ea kvalitetna (pridobljena na ra\u010dun mi\u0161ic). Z analizatorjem boste lahko opazili omenjene spremembe, ki vas bodo \u0161e dodatno motivirale in vas gnale k uresni\u010ditvi zastavljenega cilja.<\/p>\n<hr \/>\n<h5><span style=\"color: #c2859b;\">5. Kaj prikazuje funkcija bazalni metabolizem (BMR)?<\/span><\/h5>\n<p>Funkcija prikazuje koli\u010dino kalorij, ki jo telo potrebuje v stanju mirovanja.<\/p>\n<p><strong>Zakaj je nadzorovanje bazalnega metabolizma pomembno?<\/strong><br \/>\nRazumevanje bazalnega metabolizma, omogo\u010da nadzor nad dnevno potrebo po kalorijah, glede na postavo in \u017eivljenjski slog. Ve\u010d mi\u0161ic in\/ali \u0161portne aktivnosti ve\u010d kalorij telo potrebuje. Na podlagi meritve se lahko oblikuje dieta ali fitnes program.<br \/>\nBazalni metabolizem z leti pada. Kljub omenjenemu dejstvu pa ga lahko dvignete, \u010de se ukvarjate z redno aerobno vadbo (tek, kolesarjenje, tenis, nogomet, ko\u0161arka ipd.).<\/p>\n<hr \/>\n<h5><span style=\"color: #c2859b;\">6. Kaj prikazuje funkcija ocena starosti presnove?<\/span><\/h5>\n<p>Funkcija prikazuje kako u\u010dinkovita je presnova. Bazalni metabolizem za\u010dne padati po 16. letu.<\/p>\n<p><strong>Zakaj je nadzorovanje ocene starosti presnove pomembno?<\/strong><br \/>\nOcena starosti presnove se ocenjuje glede na starost. \u010ce je vi\u0161ja kot zna\u0161a starost uporabnika je to slab znak. Telo tak\u0161ne osebe ne porablja kalorij dovolj u\u010dinkovito. Za\u017eeleno je ve\u010d gibanja oz. \u0161portne aktivnosti. Z ve\u010danjem \u0161portne aktivnosti telo proizvaja ve\u010d mi\u0161ic, ki potrebujejo za delovanje ve\u010d kalorij. Posledi\u010dno se pove\u010da bazalni metabolizem (BMR), ocena starosti presnove pa zmanj\u0161a.<\/p>\n<hr \/>\n<h5><span style=\"color: #c2859b;\">7. Kaj prikazuje funkcija nivo ma\u0161\u010dobe v trebu\u0161nem predelu?<\/span><\/h5>\n<p>Funkcija prikazuje nivo ma\u0161\u010dobe, ki obdaja vitalne organe v trebu\u0161nem predelu.<\/p>\n<p><strong>Zakaj je nadzorovanje nivoja ma\u0161\u010dobe v trebu\u0161nem predelu pomembno?<\/strong><br \/>\nVisok nivo ma\u0161\u010dobe v trebu\u0161nem predelu pove\u010duje mo\u017enosti nastanka bolezni srca in o\u017eilja, razvoja diabetesa tipa 2, povi\u0161anega krvnega tlaka. Z ni\u017eanjem omenjenega nivoja lahko pripomoremo k bistveni stabilizaciji inzulina, ni\u017eanju nevarnosti nastanka diabetesa in ostalih bolezni povezanih z debelostjo.<\/p>\n<hr \/>\n<h5><span style=\"color: #c2859b;\">8. Kaj prikazuje funkcija ocena grajenosti?<\/span><\/h5>\n<p>Funkcija prikazuje kak\u0161no postavo ima uporabnik. Na podlagi izbrane vrednosti, se lahko izdela fintess program.<\/p>\n<p><strong>Zakaj je ocena grajenosti pomembna?<\/strong><br \/>\nKljub ve\u010danju \u0161portne aktivnosti se lahko te\u017ea telesa ne spremeni. Vendar pa se spremeni razmerje med telesno ma\u0161\u010dobo in mi\u0161i\u010dno maso, ki se odrazi na grajenosti in postavi. Ocena grajenosti omogo\u010da natan\u010dno vodenje skozi diete in fitnes programe.[\/vc_column_text][\/vc_column][\/vc_row]<\/p>\n","protected":false},"excerpt":{"rendered":"<p>Pogosta vpra\u0161anja<\/p>\n","protected":false},"author":1,"featured_media":0,"parent":0,"menu_order":0,"comment_status":"open","ping_status":"open","template":"","meta":{"inline_featured_image":false,"footnotes":""},"class_list":["post-757","page","type-page","status-publish","hentry"],"acf":[],"yoast_head":"<!-- This site is optimized with the Yoast SEO plugin v19.13 - https:\/\/yoast.com\/wordpress\/plugins\/seo\/ -->\n<title>Pogosta vpra\u0161anja o TANITI - SEN Shop<\/title>\n<meta name=\"robots\" content=\"index, follow, max-snippet:-1, max-image-preview:large, max-video-preview:-1\" \/>\n<link rel=\"canonical\" href=\"https:\/\/sen-shop.com\/sl\/tanita-pogosta-vprasanja\/\" \/>\n<meta property=\"og:locale\" content=\"sl_SI\" \/>\n<meta property=\"og:type\" content=\"article\" \/>\n<meta property=\"og:title\" content=\"Pogosta vpra\u0161anja o TANITI - SEN Shop\" \/>\n<meta property=\"og:description\" content=\"Pogosta vpra\u0161anja\" \/>\n<meta property=\"og:url\" content=\"https:\/\/sen-shop.com\/sl\/tanita-pogosta-vprasanja\/\" \/>\n<meta property=\"og:site_name\" content=\"SEN Shop\" \/>\n<meta property=\"article:publisher\" content=\"https:\/\/www.facebook.com\/Senshopslovenija\" \/>\n<meta property=\"article:modified_time\" content=\"2021-11-19T17:35:30+00:00\" \/>\n<meta property=\"og:image\" content=\"https:\/\/sen-shop.com\/wp-content\/uploads\/2018\/04\/header_logo.png\" \/>\n\t<meta property=\"og:image:width\" content=\"138\" \/>\n\t<meta property=\"og:image:height\" content=\"70\" \/>\n\t<meta property=\"og:image:type\" content=\"image\/png\" \/>\n<meta name=\"twitter:card\" content=\"summary_large_image\" \/>\n<meta name=\"twitter:label1\" content=\"Est. reading time\" \/>\n\t<meta name=\"twitter:data1\" content=\"3 minute\" \/>\n<script type=\"application\/ld+json\" class=\"yoast-schema-graph\">{\"@context\":\"https:\/\/schema.org\",\"@graph\":[{\"@type\":\"WebPage\",\"@id\":\"https:\/\/sen-shop.com\/sl\/tanita-pogosta-vprasanja\/\",\"url\":\"https:\/\/sen-shop.com\/sl\/tanita-pogosta-vprasanja\/\",\"name\":\"Pogosta vpra\u0161anja o TANITI - SEN Shop\",\"isPartOf\":{\"@id\":\"https:\/\/sen-shop.com\/sl\/#website\"},\"datePublished\":\"2017-01-13T11:33:26+00:00\",\"dateModified\":\"2021-11-19T17:35:30+00:00\",\"breadcrumb\":{\"@id\":\"https:\/\/sen-shop.com\/sl\/tanita-pogosta-vprasanja\/#breadcrumb\"},\"inLanguage\":\"sl-SI\",\"potentialAction\":[{\"@type\":\"ReadAction\",\"target\":[\"https:\/\/sen-shop.com\/sl\/tanita-pogosta-vprasanja\/\"]}]},{\"@type\":\"BreadcrumbList\",\"@id\":\"https:\/\/sen-shop.com\/sl\/tanita-pogosta-vprasanja\/#breadcrumb\",\"itemListElement\":[{\"@type\":\"ListItem\",\"position\":1,\"name\":\"Home\",\"item\":\"https:\/\/sen-shop.com\/sl\/\"},{\"@type\":\"ListItem\",\"position\":2,\"name\":\"Tanita pogosta vpra\u0161anja\"}]},{\"@type\":\"WebSite\",\"@id\":\"https:\/\/sen-shop.com\/sl\/#website\",\"url\":\"https:\/\/sen-shop.com\/sl\/\",\"name\":\"SEN Shop\",\"description\":\"Slovensko, Ekolo\u0161ko, Naravno\",\"publisher\":{\"@id\":\"https:\/\/sen-shop.com\/sl\/#organization\"},\"potentialAction\":[{\"@type\":\"SearchAction\",\"target\":{\"@type\":\"EntryPoint\",\"urlTemplate\":\"https:\/\/sen-shop.com\/sl\/?s={search_term_string}\"},\"query-input\":\"required name=search_term_string\"}],\"inLanguage\":\"sl-SI\"},{\"@type\":\"Organization\",\"@id\":\"https:\/\/sen-shop.com\/sl\/#organization\",\"name\":\"Mind trade d.o.o\",\"url\":\"https:\/\/sen-shop.com\/sl\/\",\"logo\":{\"@type\":\"ImageObject\",\"inLanguage\":\"sl-SI\",\"@id\":\"https:\/\/sen-shop.com\/sl\/#\/schema\/logo\/image\/\",\"url\":\"https:\/\/sen-shop.com\/wp-content\/uploads\/2018\/05\/header_logo.png\",\"contentUrl\":\"https:\/\/sen-shop.com\/wp-content\/uploads\/2018\/05\/header_logo.png\",\"width\":138,\"height\":70,\"caption\":\"Mind trade d.o.o\"},\"image\":{\"@id\":\"https:\/\/sen-shop.com\/sl\/#\/schema\/logo\/image\/\"},\"sameAs\":[\"https:\/\/www.instagram.com\/senslovenija\/\",\"https:\/\/www.facebook.com\/Senshopslovenija\"]}]}<\/script>\n<!-- \/ Yoast SEO plugin. -->","yoast_head_json":{"title":"Pogosta vpra\u0161anja o TANITI - SEN Shop","robots":{"index":"index","follow":"follow","max-snippet":"max-snippet:-1","max-image-preview":"max-image-preview:large","max-video-preview":"max-video-preview:-1"},"canonical":"https:\/\/sen-shop.com\/sl\/tanita-pogosta-vprasanja\/","og_locale":"sl_SI","og_type":"article","og_title":"Pogosta vpra\u0161anja o TANITI - SEN Shop","og_description":"Pogosta vpra\u0161anja","og_url":"https:\/\/sen-shop.com\/sl\/tanita-pogosta-vprasanja\/","og_site_name":"SEN Shop","article_publisher":"https:\/\/www.facebook.com\/Senshopslovenija","article_modified_time":"2021-11-19T17:35:30+00:00","og_image":[{"width":138,"height":70,"url":"https:\/\/sen-shop.com\/wp-content\/uploads\/2018\/04\/header_logo.png","type":"image\/png"}],"twitter_card":"summary_large_image","twitter_misc":{"Est. reading time":"3 minute"},"schema":{"@context":"https:\/\/schema.org","@graph":[{"@type":"WebPage","@id":"https:\/\/sen-shop.com\/sl\/tanita-pogosta-vprasanja\/","url":"https:\/\/sen-shop.com\/sl\/tanita-pogosta-vprasanja\/","name":"Pogosta vpra\u0161anja o TANITI - SEN Shop","isPartOf":{"@id":"https:\/\/sen-shop.com\/sl\/#website"},"datePublished":"2017-01-13T11:33:26+00:00","dateModified":"2021-11-19T17:35:30+00:00","breadcrumb":{"@id":"https:\/\/sen-shop.com\/sl\/tanita-pogosta-vprasanja\/#breadcrumb"},"inLanguage":"sl-SI","potentialAction":[{"@type":"ReadAction","target":["https:\/\/sen-shop.com\/sl\/tanita-pogosta-vprasanja\/"]}]},{"@type":"BreadcrumbList","@id":"https:\/\/sen-shop.com\/sl\/tanita-pogosta-vprasanja\/#breadcrumb","itemListElement":[{"@type":"ListItem","position":1,"name":"Home","item":"https:\/\/sen-shop.com\/sl\/"},{"@type":"ListItem","position":2,"name":"Tanita pogosta vpra\u0161anja"}]},{"@type":"WebSite","@id":"https:\/\/sen-shop.com\/sl\/#website","url":"https:\/\/sen-shop.com\/sl\/","name":"SEN Shop","description":"Slovensko, Ekolo\u0161ko, Naravno","publisher":{"@id":"https:\/\/sen-shop.com\/sl\/#organization"},"potentialAction":[{"@type":"SearchAction","target":{"@type":"EntryPoint","urlTemplate":"https:\/\/sen-shop.com\/sl\/?s={search_term_string}"},"query-input":"required name=search_term_string"}],"inLanguage":"sl-SI"},{"@type":"Organization","@id":"https:\/\/sen-shop.com\/sl\/#organization","name":"Mind trade d.o.o","url":"https:\/\/sen-shop.com\/sl\/","logo":{"@type":"ImageObject","inLanguage":"sl-SI","@id":"https:\/\/sen-shop.com\/sl\/#\/schema\/logo\/image\/","url":"https:\/\/sen-shop.com\/wp-content\/uploads\/2018\/05\/header_logo.png","contentUrl":"https:\/\/sen-shop.com\/wp-content\/uploads\/2018\/05\/header_logo.png","width":138,"height":70,"caption":"Mind trade d.o.o"},"image":{"@id":"https:\/\/sen-shop.com\/sl\/#\/schema\/logo\/image\/"},"sameAs":["https:\/\/www.instagram.com\/senslovenija\/","https:\/\/www.facebook.com\/Senshopslovenija"]}]}},"_links":{"self":[{"href":"https:\/\/sen-shop.com\/sl\/wp-json\/wp\/v2\/pages\/757","targetHints":{"allow":["GET"]}}],"collection":[{"href":"https:\/\/sen-shop.com\/sl\/wp-json\/wp\/v2\/pages"}],"about":[{"href":"https:\/\/sen-shop.com\/sl\/wp-json\/wp\/v2\/types\/page"}],"author":[{"embeddable":true,"href":"https:\/\/sen-shop.com\/sl\/wp-json\/wp\/v2\/users\/1"}],"replies":[{"embeddable":true,"href":"https:\/\/sen-shop.com\/sl\/wp-json\/wp\/v2\/comments?post=757"}],"version-history":[{"count":0,"href":"https:\/\/sen-shop.com\/sl\/wp-json\/wp\/v2\/pages\/757\/revisions"}],"wp:attachment":[{"href":"https:\/\/sen-shop.com\/sl\/wp-json\/wp\/v2\/media?parent=757"}],"curies":[{"name":"wp","href":"https:\/\/api.w.org\/{rel}","templated":true}]}}