{"id":754,"date":"2016-12-15T01:24:53","date_gmt":"2016-12-15T01:24:53","guid":{"rendered":""},"modified":"2022-09-09T11:37:18","modified_gmt":"2022-09-09T09:37:18","slug":"dostava-in-vracila","status":"publish","type":"page","link":"https:\/\/sen-shop.com\/sl\/dostava-in-vracila\/","title":{"rendered":"Dostava in vra\u010dila"},"content":{"rendered":"<p>[vc_row][vc_column][vc_column_text]Naro\u010deno blago, ki je na zalogi,\u00a0iz naro\u010dil, prejetih na delovni dan do 12. ure, pripravimo in odpremimo \u0161e isti dan, tako da blago na\u010deloma prejmete v 24 urah. Vsa naro\u010dila prejeta po 12. uri se pripravijo in odpremijo naslednji delovni dan.<\/p>\n<p>Blago po\u0161iljamo prek podjetja GLS. Ob sobotah, nedeljah in praznikih odpreme blaga ne izvajamo.<\/p>\n<p>Pri artiklih, kjer bodo roki dostave dalj\u0161i, kot so sicer predvideni, bo kupec o spremenjenem roku dobave obve\u0161\u010den.<\/p>\n<p>Upo\u0161tevajte, da je za dostavo po\u0161iljke prav tako potreben dolo\u010den \u010das. V Sloveniji \u010das dostave za ve\u010dino po\u0161iljk traja en dan, pri \u010demer pa se ta lahko zaradi razli\u010dnih vzrokov, na katere ne moremo vplivati, (okvare, nesre\u010de, napake, razmere na cesti &#8230;) podalj\u0161a.<\/p>\n<p>Pogodbeni partner za dostavo po\u0161iljk je GLS.<br \/>\nKupec krije po\u0161tnino v primeru nakupa, ni\u017ejega od 50 \u20ac.<\/p>\n<p>Stro\u0161ek dostave ob nakupu do 50 \u20ac je 3,90 \u20ac in se izpi\u0161e ob zaklju\u010dku va\u0161ega naro\u010dila ter je zaveden na ra\u010dunu, ki ga prejmete skupaj z naro\u010denimi izdelki.<br \/>\n<strong>Pri nakupu<\/strong> <strong>nad 50 \u20ac je po\u0161tnina BREZPLA\u010cNA<\/strong>.<\/p>\n<p>PLA\u010cILO PO POVZETJU: Pri pla\u010dilu po povzetju boste dostavni slu\u017ebi pla\u010dali z gotovino.<\/p>\n<p><strong>Dostava preko GLS-a<\/strong>: V primeru, da blago pla\u010date vnaprej in vas ob dostavi po\u0161iljke ni doma, vas kurir pokli\u010de in se posku\u0161a z vami dogovoriti za drug termin dostave. \u010ce ste nedosegljivi vam v nabiralniku pusti obvestilo za prevzem paketa na vam najbli\u017eji lokaciji oz. paketni trgovini (Petrol, Mercator ipd.). \u010ce le tega ne prevzamete v roku 5 dni, vas kurir posku\u0161a zopet kontaktirati v nasprotnem primeru se naslednji dan paket vrne v skladi\u0161\u010de trgovine sen-shop.com.<\/p>\n<p>&nbsp;<\/p>\n<h5 class=\"content-title\"><strong>VRA\u010cILO BLAGA<\/strong><\/h5>\n<ul>\n<li>Ko vra\u010date artikle prodajalcu morate prilo\u017eiti obrazec za odstop od pogodbe in kopijo ra\u010duna.\u00a0 Obrazec za odstop od pogodbe v 14 dneh je dosegljiv <a href=\"https:\/\/sen-shop.com\/wp-content\/uploads\/2018\/05\/Odstop-od-pogodbe-14-dni.pdf\">TUKAJ. <\/a><\/li>\n<li>\u010ce uveljavljate stvarno napako, poleg kopije ra\u010duna prilo\u017eite obrazec. Za obrazec kliknite <a href=\"https:\/\/sen-shop.com\/wp-content\/uploads\/2018\/05\/Stvarna-napaka.pdf\">TUKAJ.<\/a><\/li>\n<li>Artikle lahko vrnete osebno <b>na prevzemnem mestu<\/b>\u00a0ali jih po\u0161ljete na naslov prodajalca Mind trade d.o.o, Tr\u017ea\u0161ka cesta 42, 1000 Ljubljana.<\/li>\n<li>Priporo\u010damo, da uporabite dostavno slu\u017ebo, ki omogo\u010da <strong>sledenje po\u0161iljke<\/strong> in da artikle ustrezno <strong>pripravite za transport.<\/strong> Pri tem lahko uporabite originalno embala\u017eo Sen Shop ali drugo ustrezno varno embala\u017eo.<\/li>\n<li>Stro\u0161ke po\u0161iljanja vedno krije po\u0161iljatelj, razen \u010de je vnaprej dogovorjeno druga\u010de. Po\u0161iljk z odkupnino ne sprejemamo.<\/li>\n<li>\u010ce uveljavljate garancijo izpolnite zahtevek, ki je dosegljiv <a href=\"https:\/\/sen-shop.com\/wp-content\/uploads\/2018\/05\/Odstop-od-pogodbe-14-dni.pdf\">TUKAJ.<\/a><\/li>\n<\/ul>\n<p><strong>Blago mora biti vrnjeno nepo\u0161kodovano, neuporabljeno in v nespremenjeni koli\u010dini<\/strong>. Vrnjeni izdelki naj bodo<strong>\u00a0nerabljeni, nepo\u0161kodovani ter v originalni embala\u017ei<\/strong>. V kolikor izdelke za\u010dnete uporabljati, pa si premislite, s tem izgubite pravico do odstopa od pogodbe.<\/p>\n<p>Pri odstopu od pogodbe, kjer je bil kori\u0161\u010den bonus, koda za popust ali promocijska koda, se ta sredstva upo\u0161tevajo kot popust in se uporabniku ne vrnejo. Na TRR uporabnika ali drugo pla\u010dilno sredstvo, v kolikor to izrecno zahteva uporabnik, se vrne le vpla\u010dani znesek. Darilni bon se pri odstopu od pogodbe upo\u0161teva kot pla\u010dilno sredstvo in se znesek prav tako vrne uporabniku.[\/vc_column_text][\/vc_column][\/vc_row]<\/p>\n","protected":false},"excerpt":{"rendered":"<p>Dostava<\/p>\n","protected":false},"author":1,"featured_media":0,"parent":0,"menu_order":0,"comment_status":"closed","ping_status":"closed","template":"","meta":{"inline_featured_image":false,"footnotes":""},"class_list":["post-754","page","type-page","status-publish","hentry"],"acf":[],"yoast_head":"<!-- This site is optimized with the Yoast SEO plugin v19.13 - https:\/\/yoast.com\/wordpress\/plugins\/seo\/ -->\n<title>Brezpla\u010dna dostava nad 50 \u20ac. Mo\u017een osebni prevzem v LJ in MB<\/title>\n<meta name=\"robots\" content=\"noindex, nofollow\" \/>\n<meta property=\"og:locale\" content=\"sl_SI\" \/>\n<meta property=\"og:type\" content=\"article\" \/>\n<meta property=\"og:title\" content=\"Brezpla\u010dna dostava nad 50 \u20ac. Mo\u017een osebni prevzem v LJ in MB\" \/>\n<meta property=\"og:description\" content=\"Dostava\" \/>\n<meta property=\"og:url\" content=\"https:\/\/sen-shop.com\/sl\/dostava-in-vracila\/\" \/>\n<meta property=\"og:site_name\" content=\"SEN Shop\" \/>\n<meta property=\"article:publisher\" content=\"https:\/\/www.facebook.com\/Senshopslovenija\" \/>\n<meta property=\"article:modified_time\" content=\"2022-09-09T09:37:18+00:00\" \/>\n<meta property=\"og:image\" content=\"https:\/\/sen-shop.com\/wp-content\/uploads\/2018\/04\/header_logo.png\" \/>\n\t<meta property=\"og:image:width\" content=\"138\" \/>\n\t<meta property=\"og:image:height\" content=\"70\" \/>\n\t<meta property=\"og:image:type\" content=\"image\/png\" \/>\n<meta name=\"twitter:card\" content=\"summary_large_image\" \/>\n<meta name=\"twitter:label1\" content=\"Est. reading time\" \/>\n\t<meta name=\"twitter:data1\" content=\"3 minute\" \/>\n<script type=\"application\/ld+json\" class=\"yoast-schema-graph\">{\"@context\":\"https:\/\/schema.org\",\"@graph\":[{\"@type\":\"WebPage\",\"@id\":\"https:\/\/sen-shop.com\/sl\/dostava-in-vracila\/\",\"url\":\"https:\/\/sen-shop.com\/sl\/dostava-in-vracila\/\",\"name\":\"Brezpla\u010dna dostava nad 50 \u20ac. Mo\u017een osebni prevzem v LJ in MB\",\"isPartOf\":{\"@id\":\"https:\/\/sen-shop.com\/sl\/#website\"},\"datePublished\":\"2016-12-15T01:24:53+00:00\",\"dateModified\":\"2022-09-09T09:37:18+00:00\",\"breadcrumb\":{\"@id\":\"https:\/\/sen-shop.com\/sl\/dostava-in-vracila\/#breadcrumb\"},\"inLanguage\":\"sl-SI\",\"potentialAction\":[{\"@type\":\"ReadAction\",\"target\":[\"https:\/\/sen-shop.com\/sl\/dostava-in-vracila\/\"]}]},{\"@type\":\"BreadcrumbList\",\"@id\":\"https:\/\/sen-shop.com\/sl\/dostava-in-vracila\/#breadcrumb\",\"itemListElement\":[{\"@type\":\"ListItem\",\"position\":1,\"name\":\"Home\",\"item\":\"https:\/\/sen-shop.com\/sl\/\"},{\"@type\":\"ListItem\",\"position\":2,\"name\":\"Dostava in vra\u010dila\"}]},{\"@type\":\"WebSite\",\"@id\":\"https:\/\/sen-shop.com\/sl\/#website\",\"url\":\"https:\/\/sen-shop.com\/sl\/\",\"name\":\"SEN Shop\",\"description\":\"Slovensko, Ekolo\u0161ko, Naravno\",\"publisher\":{\"@id\":\"https:\/\/sen-shop.com\/sl\/#organization\"},\"potentialAction\":[{\"@type\":\"SearchAction\",\"target\":{\"@type\":\"EntryPoint\",\"urlTemplate\":\"https:\/\/sen-shop.com\/sl\/?s={search_term_string}\"},\"query-input\":\"required name=search_term_string\"}],\"inLanguage\":\"sl-SI\"},{\"@type\":\"Organization\",\"@id\":\"https:\/\/sen-shop.com\/sl\/#organization\",\"name\":\"Mind trade d.o.o\",\"url\":\"https:\/\/sen-shop.com\/sl\/\",\"logo\":{\"@type\":\"ImageObject\",\"inLanguage\":\"sl-SI\",\"@id\":\"https:\/\/sen-shop.com\/sl\/#\/schema\/logo\/image\/\",\"url\":\"https:\/\/sen-shop.com\/wp-content\/uploads\/2018\/05\/header_logo.png\",\"contentUrl\":\"https:\/\/sen-shop.com\/wp-content\/uploads\/2018\/05\/header_logo.png\",\"width\":138,\"height\":70,\"caption\":\"Mind trade d.o.o\"},\"image\":{\"@id\":\"https:\/\/sen-shop.com\/sl\/#\/schema\/logo\/image\/\"},\"sameAs\":[\"https:\/\/www.instagram.com\/senslovenija\/\",\"https:\/\/www.facebook.com\/Senshopslovenija\"]}]}<\/script>\n<!-- \/ Yoast SEO plugin. -->","yoast_head_json":{"title":"Brezpla\u010dna dostava nad 50 \u20ac. Mo\u017een osebni prevzem v LJ in MB","robots":{"index":"noindex","follow":"nofollow"},"og_locale":"sl_SI","og_type":"article","og_title":"Brezpla\u010dna dostava nad 50 \u20ac. Mo\u017een osebni prevzem v LJ in MB","og_description":"Dostava","og_url":"https:\/\/sen-shop.com\/sl\/dostava-in-vracila\/","og_site_name":"SEN Shop","article_publisher":"https:\/\/www.facebook.com\/Senshopslovenija","article_modified_time":"2022-09-09T09:37:18+00:00","og_image":[{"width":138,"height":70,"url":"https:\/\/sen-shop.com\/wp-content\/uploads\/2018\/04\/header_logo.png","type":"image\/png"}],"twitter_card":"summary_large_image","twitter_misc":{"Est. reading time":"3 minute"},"schema":{"@context":"https:\/\/schema.org","@graph":[{"@type":"WebPage","@id":"https:\/\/sen-shop.com\/sl\/dostava-in-vracila\/","url":"https:\/\/sen-shop.com\/sl\/dostava-in-vracila\/","name":"Brezpla\u010dna dostava nad 50 \u20ac. Mo\u017een osebni prevzem v LJ in MB","isPartOf":{"@id":"https:\/\/sen-shop.com\/sl\/#website"},"datePublished":"2016-12-15T01:24:53+00:00","dateModified":"2022-09-09T09:37:18+00:00","breadcrumb":{"@id":"https:\/\/sen-shop.com\/sl\/dostava-in-vracila\/#breadcrumb"},"inLanguage":"sl-SI","potentialAction":[{"@type":"ReadAction","target":["https:\/\/sen-shop.com\/sl\/dostava-in-vracila\/"]}]},{"@type":"BreadcrumbList","@id":"https:\/\/sen-shop.com\/sl\/dostava-in-vracila\/#breadcrumb","itemListElement":[{"@type":"ListItem","position":1,"name":"Home","item":"https:\/\/sen-shop.com\/sl\/"},{"@type":"ListItem","position":2,"name":"Dostava in vra\u010dila"}]},{"@type":"WebSite","@id":"https:\/\/sen-shop.com\/sl\/#website","url":"https:\/\/sen-shop.com\/sl\/","name":"SEN Shop","description":"Slovensko, Ekolo\u0161ko, Naravno","publisher":{"@id":"https:\/\/sen-shop.com\/sl\/#organization"},"potentialAction":[{"@type":"SearchAction","target":{"@type":"EntryPoint","urlTemplate":"https:\/\/sen-shop.com\/sl\/?s={search_term_string}"},"query-input":"required name=search_term_string"}],"inLanguage":"sl-SI"},{"@type":"Organization","@id":"https:\/\/sen-shop.com\/sl\/#organization","name":"Mind trade d.o.o","url":"https:\/\/sen-shop.com\/sl\/","logo":{"@type":"ImageObject","inLanguage":"sl-SI","@id":"https:\/\/sen-shop.com\/sl\/#\/schema\/logo\/image\/","url":"https:\/\/sen-shop.com\/wp-content\/uploads\/2018\/05\/header_logo.png","contentUrl":"https:\/\/sen-shop.com\/wp-content\/uploads\/2018\/05\/header_logo.png","width":138,"height":70,"caption":"Mind trade d.o.o"},"image":{"@id":"https:\/\/sen-shop.com\/sl\/#\/schema\/logo\/image\/"},"sameAs":["https:\/\/www.instagram.com\/senslovenija\/","https:\/\/www.facebook.com\/Senshopslovenija"]}]}},"_links":{"self":[{"href":"https:\/\/sen-shop.com\/sl\/wp-json\/wp\/v2\/pages\/754","targetHints":{"allow":["GET"]}}],"collection":[{"href":"https:\/\/sen-shop.com\/sl\/wp-json\/wp\/v2\/pages"}],"about":[{"href":"https:\/\/sen-shop.com\/sl\/wp-json\/wp\/v2\/types\/page"}],"author":[{"embeddable":true,"href":"https:\/\/sen-shop.com\/sl\/wp-json\/wp\/v2\/users\/1"}],"replies":[{"embeddable":true,"href":"https:\/\/sen-shop.com\/sl\/wp-json\/wp\/v2\/comments?post=754"}],"version-history":[{"count":2,"href":"https:\/\/sen-shop.com\/sl\/wp-json\/wp\/v2\/pages\/754\/revisions"}],"predecessor-version":[{"id":60378,"href":"https:\/\/sen-shop.com\/sl\/wp-json\/wp\/v2\/pages\/754\/revisions\/60378"}],"wp:attachment":[{"href":"https:\/\/sen-shop.com\/sl\/wp-json\/wp\/v2\/media?parent=754"}],"curies":[{"name":"wp","href":"https:\/\/api.w.org\/{rel}","templated":true}]}}