{"id":753,"date":"2016-06-28T09:34:07","date_gmt":"2016-06-28T09:34:07","guid":{"rendered":""},"modified":"2026-02-27T11:43:34","modified_gmt":"2026-02-27T10:43:34","slug":"o-nas","status":"publish","type":"page","link":"https:\/\/sen-shop.com\/sl\/o-nas\/","title":{"rendered":"Kdo smo"},"content":{"rendered":"<p>[vc_row][vc_column width=&#8221;5\/6&#8243;][vc_column_text]<\/p>\n<p data-start=\"78\" data-end=\"330\">\ud83c\udf1f <strong data-start=\"81\" data-end=\"102\">Preselili smo se!<\/strong> \ud83c\udf1f<br data-start=\"105\" data-end=\"108\" \/>Za \u0161e bolj\u0161o izku\u0161njo nakupovanja nas zdaj najdete na <strong data-start=\"162\" data-end=\"207\"><a class=\"decorated-link\" href=\"http:\/\/www.sen-shop.si\/\" target=\"_new\" rel=\"noopener\" data-start=\"164\" data-end=\"205\">www.sen-shop.si<\/a><\/strong>!<br data-start=\"208\" data-end=\"211\" \/>Obi\u0161\u010dite nas in odkrijte na\u0161e izdelke na novi spletni strani \u2013 hitreje, pregledneje in prijetneje kot kdaj koli prej.<\/p>\n<p data-start=\"332\" data-end=\"367\">\u2728 <strong data-start=\"334\" data-end=\"365\">Kliknite in razi\u0161\u010dite zdaj!<\/strong><\/p>\n<p>&nbsp;<\/p>\n<p><strong>Mind trade je slovensko\u00a0dru\u017einsko podjetje, z dolgoletno tradicijo \u017ee od leta 1998, od nekdaj prepleteno z zdravim na\u010dinom \u017eivljenja in vizijo kako pomagati\u00a0ljudem pri raznoraznih te\u017eavah na povsem naraven na\u010din.<\/strong><\/p>\n<p><strong>Lastne izdelke\u00a0smo zdru\u017eili pod blagovno\u00a0<\/strong><strong>znamko SEN, katera kot kratica predstavlja na\u0161e vrednote: slovensko, ekolo\u0161ko (edinstveno) in naravno.<\/strong><strong>\u00a0<\/strong>SEN blagovni znamki se je nedavno pridru\u017eila \u0161e na\u0161a nova znamka MEI, ki v japonskem jeziku pomeni &#8216;LEPO&#8217;. MEI kolekcija zdru\u017euje predvsem lepotilne izdelke za nego ko\u017ee.<\/p>\n<p><b>Ponosni smo tudi na dejstvo, da nam \u017ee od leta 1998 japonsko podjetje TANITA zaupa ekskluzivno zastopni\u0161tvo za slovenski trg za tehtnice in analizatorje telesne sestave.<\/b><\/p>\n<p><em>Dandanes nadaljujemo tradicijo in sledimo svetovnim trendom in raziskavam o naravni kozmetiki, ki laj\u0161a vrsto te\u017eav brez stranskih u\u010dinkov. \u00a0<\/em><em>V sodelovanju s slovenskimi strokovnjaki smo razvili \u0161irok asortima izdelkov za raznovrstne te\u017eave. Na\u0161i izdelki ne vsebujejo \u00a0barvil, parfumov, parabenov in naftnih derivatov, kar pomeni da jih lahko uporabljajo ljudje, otroci in celo dojen\u010dki z najbolj ob\u010dutljivo ko\u017eo. Pravijo da se dober glas \u0161iri v deveto vas, kar v na\u0161em primeru pomeni, da so nas preko priporo\u010dil spoznali tudi \u017ee preko meje.\u00a0<\/em><em>Izdelke z veseljem uporabljamo sami, vendar je na\u0161a najve\u010dja motivacija pri delu in razvoju prav va\u0161e zadovoljstvo.<\/em><br \/>\n<em><strong>Samo Selak<\/strong>, direktor\u00a0<\/em><\/p>\n<p><a href=\"https:\/\/sen-shop.com\/wp-content\/uploads\/2019\/04\/SEN_Logotip_slogan.png\"><img loading=\"lazy\" decoding=\"async\" class=\"wp-image-6626 alignleft\" src=\"https:\/\/sen-shop.com\/wp-content\/uploads\/2019\/04\/SEN_Logotip_slogan.png\" alt=\"\" width=\"163\" height=\"72\" \/><\/a>[\/vc_column_text][\/vc_column][vc_column width=&#8221;1\/6&#8243;][\/vc_column][\/vc_row]<\/p>\n","protected":false},"excerpt":{"rendered":"<p>O nas<\/p>\n","protected":false},"author":1,"featured_media":0,"parent":0,"menu_order":0,"comment_status":"closed","ping_status":"closed","template":"","meta":{"inline_featured_image":false,"footnotes":""},"class_list":["post-753","page","type-page","status-publish","hentry"],"acf":[],"yoast_head":"<!-- This site is optimized with the Yoast SEO plugin v19.13 - https:\/\/yoast.com\/wordpress\/plugins\/seo\/ -->\n<title>O spletni trgovini SEN SHOP, Mind trade d.o.o<\/title>\n<meta name=\"robots\" content=\"index, follow, max-snippet:-1, max-image-preview:large, max-video-preview:-1\" \/>\n<link rel=\"canonical\" href=\"https:\/\/sen-shop.com\/sl\/o-nas\/\" \/>\n<meta property=\"og:locale\" content=\"sl_SI\" \/>\n<meta property=\"og:type\" content=\"article\" \/>\n<meta property=\"og:title\" content=\"O spletni trgovini SEN SHOP, Mind trade d.o.o\" \/>\n<meta property=\"og:description\" content=\"O nas\" \/>\n<meta property=\"og:url\" content=\"https:\/\/sen-shop.com\/sl\/o-nas\/\" \/>\n<meta property=\"og:site_name\" content=\"SEN Shop\" \/>\n<meta property=\"article:publisher\" content=\"https:\/\/www.facebook.com\/Senshopslovenija\" \/>\n<meta property=\"article:modified_time\" content=\"2026-02-27T10:43:34+00:00\" \/>\n<meta property=\"og:image\" content=\"https:\/\/sen-shop.com\/wp-content\/uploads\/2019\/04\/SEN_Logotip_slogan.png\" \/>\n<meta name=\"twitter:card\" content=\"summary_large_image\" \/>\n<meta name=\"twitter:label1\" content=\"Est. reading time\" \/>\n\t<meta name=\"twitter:data1\" content=\"2 minuti\" \/>\n<script type=\"application\/ld+json\" class=\"yoast-schema-graph\">{\"@context\":\"https:\/\/schema.org\",\"@graph\":[{\"@type\":\"WebPage\",\"@id\":\"https:\/\/sen-shop.com\/sl\/o-nas\/\",\"url\":\"https:\/\/sen-shop.com\/sl\/o-nas\/\",\"name\":\"O spletni trgovini SEN SHOP, Mind trade d.o.o\",\"isPartOf\":{\"@id\":\"https:\/\/sen-shop.com\/sl\/#website\"},\"datePublished\":\"2016-06-28T09:34:07+00:00\",\"dateModified\":\"2026-02-27T10:43:34+00:00\",\"breadcrumb\":{\"@id\":\"https:\/\/sen-shop.com\/sl\/o-nas\/#breadcrumb\"},\"inLanguage\":\"sl-SI\",\"potentialAction\":[{\"@type\":\"ReadAction\",\"target\":[\"https:\/\/sen-shop.com\/sl\/o-nas\/\"]}]},{\"@type\":\"BreadcrumbList\",\"@id\":\"https:\/\/sen-shop.com\/sl\/o-nas\/#breadcrumb\",\"itemListElement\":[{\"@type\":\"ListItem\",\"position\":1,\"name\":\"Home\",\"item\":\"https:\/\/sen-shop.com\/sl\/\"},{\"@type\":\"ListItem\",\"position\":2,\"name\":\"Kdo smo\"}]},{\"@type\":\"WebSite\",\"@id\":\"https:\/\/sen-shop.com\/sl\/#website\",\"url\":\"https:\/\/sen-shop.com\/sl\/\",\"name\":\"SEN Shop\",\"description\":\"Slovensko, Ekolo\u0161ko, Naravno\",\"publisher\":{\"@id\":\"https:\/\/sen-shop.com\/sl\/#organization\"},\"potentialAction\":[{\"@type\":\"SearchAction\",\"target\":{\"@type\":\"EntryPoint\",\"urlTemplate\":\"https:\/\/sen-shop.com\/sl\/?s={search_term_string}\"},\"query-input\":\"required name=search_term_string\"}],\"inLanguage\":\"sl-SI\"},{\"@type\":\"Organization\",\"@id\":\"https:\/\/sen-shop.com\/sl\/#organization\",\"name\":\"Mind trade d.o.o\",\"url\":\"https:\/\/sen-shop.com\/sl\/\",\"logo\":{\"@type\":\"ImageObject\",\"inLanguage\":\"sl-SI\",\"@id\":\"https:\/\/sen-shop.com\/sl\/#\/schema\/logo\/image\/\",\"url\":\"https:\/\/sen-shop.com\/wp-content\/uploads\/2018\/05\/header_logo.png\",\"contentUrl\":\"https:\/\/sen-shop.com\/wp-content\/uploads\/2018\/05\/header_logo.png\",\"width\":138,\"height\":70,\"caption\":\"Mind trade d.o.o\"},\"image\":{\"@id\":\"https:\/\/sen-shop.com\/sl\/#\/schema\/logo\/image\/\"},\"sameAs\":[\"https:\/\/www.instagram.com\/senslovenija\/\",\"https:\/\/www.facebook.com\/Senshopslovenija\"]}]}<\/script>\n<!-- \/ Yoast SEO plugin. -->","yoast_head_json":{"title":"O spletni trgovini SEN SHOP, Mind trade d.o.o","robots":{"index":"index","follow":"follow","max-snippet":"max-snippet:-1","max-image-preview":"max-image-preview:large","max-video-preview":"max-video-preview:-1"},"canonical":"https:\/\/sen-shop.com\/sl\/o-nas\/","og_locale":"sl_SI","og_type":"article","og_title":"O spletni trgovini SEN SHOP, Mind trade d.o.o","og_description":"O nas","og_url":"https:\/\/sen-shop.com\/sl\/o-nas\/","og_site_name":"SEN Shop","article_publisher":"https:\/\/www.facebook.com\/Senshopslovenija","article_modified_time":"2026-02-27T10:43:34+00:00","og_image":[{"url":"https:\/\/sen-shop.com\/wp-content\/uploads\/2019\/04\/SEN_Logotip_slogan.png"}],"twitter_card":"summary_large_image","twitter_misc":{"Est. reading time":"2 minuti"},"schema":{"@context":"https:\/\/schema.org","@graph":[{"@type":"WebPage","@id":"https:\/\/sen-shop.com\/sl\/o-nas\/","url":"https:\/\/sen-shop.com\/sl\/o-nas\/","name":"O spletni trgovini SEN SHOP, Mind trade d.o.o","isPartOf":{"@id":"https:\/\/sen-shop.com\/sl\/#website"},"datePublished":"2016-06-28T09:34:07+00:00","dateModified":"2026-02-27T10:43:34+00:00","breadcrumb":{"@id":"https:\/\/sen-shop.com\/sl\/o-nas\/#breadcrumb"},"inLanguage":"sl-SI","potentialAction":[{"@type":"ReadAction","target":["https:\/\/sen-shop.com\/sl\/o-nas\/"]}]},{"@type":"BreadcrumbList","@id":"https:\/\/sen-shop.com\/sl\/o-nas\/#breadcrumb","itemListElement":[{"@type":"ListItem","position":1,"name":"Home","item":"https:\/\/sen-shop.com\/sl\/"},{"@type":"ListItem","position":2,"name":"Kdo smo"}]},{"@type":"WebSite","@id":"https:\/\/sen-shop.com\/sl\/#website","url":"https:\/\/sen-shop.com\/sl\/","name":"SEN Shop","description":"Slovensko, Ekolo\u0161ko, Naravno","publisher":{"@id":"https:\/\/sen-shop.com\/sl\/#organization"},"potentialAction":[{"@type":"SearchAction","target":{"@type":"EntryPoint","urlTemplate":"https:\/\/sen-shop.com\/sl\/?s={search_term_string}"},"query-input":"required name=search_term_string"}],"inLanguage":"sl-SI"},{"@type":"Organization","@id":"https:\/\/sen-shop.com\/sl\/#organization","name":"Mind trade d.o.o","url":"https:\/\/sen-shop.com\/sl\/","logo":{"@type":"ImageObject","inLanguage":"sl-SI","@id":"https:\/\/sen-shop.com\/sl\/#\/schema\/logo\/image\/","url":"https:\/\/sen-shop.com\/wp-content\/uploads\/2018\/05\/header_logo.png","contentUrl":"https:\/\/sen-shop.com\/wp-content\/uploads\/2018\/05\/header_logo.png","width":138,"height":70,"caption":"Mind trade d.o.o"},"image":{"@id":"https:\/\/sen-shop.com\/sl\/#\/schema\/logo\/image\/"},"sameAs":["https:\/\/www.instagram.com\/senslovenija\/","https:\/\/www.facebook.com\/Senshopslovenija"]}]}},"_links":{"self":[{"href":"https:\/\/sen-shop.com\/sl\/wp-json\/wp\/v2\/pages\/753","targetHints":{"allow":["GET"]}}],"collection":[{"href":"https:\/\/sen-shop.com\/sl\/wp-json\/wp\/v2\/pages"}],"about":[{"href":"https:\/\/sen-shop.com\/sl\/wp-json\/wp\/v2\/types\/page"}],"author":[{"embeddable":true,"href":"https:\/\/sen-shop.com\/sl\/wp-json\/wp\/v2\/users\/1"}],"replies":[{"embeddable":true,"href":"https:\/\/sen-shop.com\/sl\/wp-json\/wp\/v2\/comments?post=753"}],"version-history":[{"count":2,"href":"https:\/\/sen-shop.com\/sl\/wp-json\/wp\/v2\/pages\/753\/revisions"}],"predecessor-version":[{"id":71135,"href":"https:\/\/sen-shop.com\/sl\/wp-json\/wp\/v2\/pages\/753\/revisions\/71135"}],"wp:attachment":[{"href":"https:\/\/sen-shop.com\/sl\/wp-json\/wp\/v2\/media?parent=753"}],"curies":[{"name":"wp","href":"https:\/\/api.w.org\/{rel}","templated":true}]}}