{"id":1133,"date":"2016-06-16T01:27:04","date_gmt":"2016-06-16T01:27:04","guid":{"rendered":"https:\/\/demo.thembay.com\/cena\/?page_id=557"},"modified":"2022-09-09T11:38:25","modified_gmt":"2022-09-09T09:38:25","slug":"kontakt","status":"publish","type":"page","link":"https:\/\/sen-shop.com\/sl\/kontakt\/","title":{"rendered":"Kontakt in poslovalnice"},"content":{"rendered":"<p>[vc_row full_width=&#8221;stretch_row_content_no_spaces&#8221; isfullwidth=&#8221;0&#8243;][vc_column][vc_gmaps link=&#8221;#E-8_JTNDaWZyYW1lJTIwc3JjJTNEJTIyaHR0cHMlM0ElMkYlMkZ3d3cuZ29vZ2xlLmNvbSUyRm1hcHMlMkZlbWJlZCUzRnBiJTNEJTIxMW0xOCUyMTFtMTIlMjExbTMlMjExZDI3NjkuMzA2NTM0OTI3NDA5OCUyMTJkMTQuNDgyOTQ1MzE2MTg3MDM4JTIxM2Q0Ni4wNDQ5ODM3MDI1MjE1MiUyMTJtMyUyMTFmMCUyMTJmMCUyMTNmMCUyMTNtMiUyMTFpMTAyNCUyMTJpNzY4JTIxNGYxMy4xJTIxM20zJTIxMW0yJTIxMXMweDQ3NjUyZDQ0ZWY5ODNjZjUlMjUzQTB4MWRmMDNlYWUwNWE5MGY3ZCUyMTJzVHIlMjVDNSUyNUJFYSUyNUM1JTI1QTFrYSUyQmNlc3RhJTJCNDIlMjUyQyUyQjEwMDAlMkJManVibGphbmElMjE1ZTAlMjEzbTIlMjExc3NsJTIxMnNzaSUyMTR2MTUyMzk2NjMzNzIwOCUyMiUyMHdpZHRoJTNEJTIyNjAwJTIyJTIwaGVpZ2h0JTNEJTIyNDUwJTIyJTIwZnJhbWVib3JkZXIlM0QlMjIwJTIyJTIwc3R5bGUlM0QlMjJib3JkZXIlM0EwJTIyJTIwYWxsb3dmdWxsc2NyZWVuJTNFJTNDJTJGaWZyYW1lJTNF&#8221; size=&#8221;350&#8243;][\/vc_column][\/vc_row][vc_row css=&#8221;.vc_custom_1466041691957{margin-top: 50px !important;margin-bottom: 40px !important;}&#8221;][vc_column width=&#8221;1\/3&#8243;][vc_column_text]<\/p>\n<div class=\"contact-opening widget\">\n<h3 class=\"widgettitle\">Kontaktirajte nas<\/h3>\n<p>&nbsp;<\/p>\n<p><strong>Mind trade d.o.o.<\/strong><br \/>\nTr\u017ea\u0161ka c. 42, 1000 Ljubljana<br \/>\nTel: +3861 242 84 70<br \/>\nEmail: <a href=\"mailto:info@sen-shop.si\">info@sen-shop.si<\/a><\/p>\n<p><strong>Trgovina: 080 60 60<br \/>\n<\/strong>(brezpla\u010dna tel. \u0161tevilka)<\/p>\n<p>Za vas smo dosegljivi od ponedeljka do petka med 8:00 &#8211; 16:00 uro.<\/p>\n<\/div>\n<p>[\/vc_column_text][vc_column_text]<\/p>\n<div class=\"contact-opening widget\">\n<h3 class=\"widgettitle\">Poslovalnice<\/h3>\n<p><strong>LJUBLJANA:\u00a0<\/strong>Tr\u017ea\u0161ka cesta 42,\u00a01000 Ljubljana<br \/>\nDelovni \u010das: pon &#8211; pet od 8.00 &#8211; 16.00.<br \/>\nPla\u010dilo je mo\u017eno samo z gotovino.<\/p>\n<\/div>\n<p>[\/vc_column_text][\/vc_column][vc_column width=&#8221;2\/3&#8243;][vc_column_text]<\/p>\n<div class=\"widget\">\n<h3 class=\"widgettitle\">Pi\u0161ite nam<\/h3>\n<div><\/div>\n<\/div>\n<p>[\/vc_column_text]<div class=\"wpcf7 no-js\" id=\"wpcf7-f4-o1\" lang=\"en-US\" dir=\"ltr\">\n<div class=\"screen-reader-response\"><p role=\"status\" aria-live=\"polite\" aria-atomic=\"true\"><\/p> <ul><\/ul><\/div>\n<form action=\"\/sl\/wp-json\/wp\/v2\/pages\/1133#wpcf7-f4-o1\" method=\"post\" class=\"wpcf7-form init\" aria-label=\"Contact form\" novalidate=\"novalidate\" data-status=\"init\">\n<div style=\"display: none;\">\n<input type=\"hidden\" name=\"_wpcf7\" value=\"4\" \/>\n<input type=\"hidden\" name=\"_wpcf7_version\" value=\"5.7.2\" \/>\n<input type=\"hidden\" name=\"_wpcf7_locale\" value=\"en_US\" \/>\n<input type=\"hidden\" name=\"_wpcf7_unit_tag\" value=\"wpcf7-f4-o1\" \/>\n<input type=\"hidden\" name=\"_wpcf7_container_post\" value=\"0\" \/>\n<input type=\"hidden\" name=\"_wpcf7_posted_data_hash\" value=\"\" \/>\n<\/div>\n<p><span class=\"wpcf7-form-control-wrap\" data-name=\"your-name\"><input size=\"40\" class=\"wpcf7-form-control wpcf7-text wpcf7-validates-as-required form-control\" aria-required=\"true\" aria-invalid=\"false\" placeholder=\"Va\u0161e ime*\" value=\"\" type=\"text\" name=\"your-name\" \/><\/span>\n<\/p>\n<p><span class=\"wpcf7-form-control-wrap\" data-name=\"your-email\"><input size=\"40\" class=\"wpcf7-form-control wpcf7-text wpcf7-validates-as-required form-control\" aria-required=\"true\" aria-invalid=\"false\" placeholder=\"E-po\u0161ta*\" value=\"\" type=\"text\" name=\"your-email\" \/><\/span>\n<\/p>\n<p><span class=\"wpcf7-form-control-wrap\" data-name=\"your-subject\"><input size=\"40\" class=\"wpcf7-form-control wpcf7-text form-control\" aria-invalid=\"false\" placeholder=\"Zadeva\" value=\"\" type=\"text\" name=\"your-subject\" \/><\/span>\n<\/p>\n<p><span class=\"wpcf7-form-control-wrap\" data-name=\"your-message\"><textarea cols=\"40\" rows=\"10\" class=\"wpcf7-form-control wpcf7-textarea wpcf7-validates-as-required form-control\" aria-required=\"true\" aria-invalid=\"false\" placeholder=\"Sporo\u010dilo*\" name=\"your-message\"><\/textarea><\/span>\n<\/p>\n<p><input class=\"wpcf7-form-control has-spinner wpcf7-submit btn btn-default\" type=\"submit\" value=\"Po\u0161lji\" \/>\n<\/p><div class=\"wpcf7-response-output\" aria-hidden=\"true\"><\/div><\/form><\/div>[\/vc_column][\/vc_row][vc_row][vc_column][vc_column_text][\/vc_column_text][\/vc_column][\/vc_row]<\/p>\n","protected":false},"excerpt":{"rendered":"<p>[vc_row full_width=&#8221;stretch_row_content_no_spaces&#8221; isfullwidth=&#8221;0&#8243;][vc_column][vc_gmaps link=&#8221;#E-8_JTNDaWZyYW1lJTIwc3JjJTNEJTIyaHR0cHMlM0ElMkYlMkZ3d3cuZ29vZ2xlLmNvbSUyRm1hcHMlMkZlbWJlZCUzRnBiJTNEJTIxMW0xOCUyMTFtMTIlMjExbTMlMjExZDI3NjkuMzA2NTM0OTI3NDA5OCUyMTJkMTQuNDgyOTQ1MzE2MTg3MDM4JTIxM2Q0Ni4wNDQ5ODM3MDI1MjE1MiUyMTJtMyUyMTFmMCUyMTJmMCUyMTNmMCUyMTNtMiUyMTFpMTAyNCUyMTJpNzY4JTIxNGYxMy4xJTIxM20zJTIxMW0yJTIxMXMweDQ3NjUyZDQ0ZWY5ODNjZjUlMjUzQTB4MWRmMDNlYWUwNWE5MGY3ZCUyMTJzVHIlMjVDNSUyNUJFYSUyNUM1JTI1QTFrYSUyQmNlc3RhJTJCNDIlMjUyQyUyQjEwMDAlMkJManVibGphbmElMjE1ZTAlMjEzbTIlMjExc3NsJTIxMnNzaSUyMTR2MTUyMzk2NjMzNzIwOCUyMiUyMHdpZHRoJTNEJTIyNjAwJTIyJTIwaGVpZ2h0JTNEJTIyNDUwJTIyJTIwZnJhbWVib3JkZXIlM0QlMjIwJTIyJTIwc3R5bGUlM0QlMjJib3JkZXIlM0EwJTIyJTIwYWxsb3dmdWxsc2NyZWVuJTNFJTNDJTJGaWZyYW1lJTNF&#8221; size=&#8221;350&#8243;][\/vc_column][\/vc_row][vc_row css=&#8221;.vc_custom_1466041691957{margin-top: 50px !important;margin-bottom: 40px !important;}&#8221;][vc_column width=&#8221;1\/3&#8243;][vc_column_text] Kontaktirajte nas &nbsp; Mind trade d.o.o. Tr\u017ea\u0161ka c. 42, 1000 Ljubljana Tel: +3861 242 84 70 Email: info@sen-shop.si Trgovina: 080 60 60 (brezpla\u010dna tel. \u0161tevilka) Za vas smo dosegljivi od ponedeljka do petka med 8:00 &#8211; 16:00 uro. [\/vc_column_text][vc_column_text] Poslovalnice LJUBLJANA:\u00a0Tr\u017ea\u0161ka cesta 42,\u00a01000 Ljubljana [&hellip;]<\/p>\n","protected":false},"author":1,"featured_media":0,"parent":0,"menu_order":0,"comment_status":"closed","ping_status":"closed","template":"","meta":{"inline_featured_image":false,"footnotes":""},"class_list":["post-1133","page","type-page","status-publish","hentry"],"acf":[],"yoast_head":"<!-- This site is optimized with the Yoast SEO plugin v19.13 - https:\/\/yoast.com\/wordpress\/plugins\/seo\/ -->\n<title>Kontakt in poslovalnice - SEN Shop<\/title>\n<meta name=\"robots\" content=\"index, follow, max-snippet:-1, max-image-preview:large, max-video-preview:-1\" \/>\n<link rel=\"canonical\" href=\"https:\/\/sen-shop.com\/sl\/kontakt\/\" \/>\n<meta property=\"og:locale\" content=\"sl_SI\" \/>\n<meta property=\"og:type\" content=\"article\" \/>\n<meta property=\"og:title\" content=\"Kontakt in poslovalnice - SEN Shop\" \/>\n<meta property=\"og:description\" content=\"[vc_row full_width=&#8221;stretch_row_content_no_spaces&#8221; isfullwidth=&#8221;0&#8243;][vc_column][vc_gmaps link=&#8221;#E-8_JTNDaWZyYW1lJTIwc3JjJTNEJTIyaHR0cHMlM0ElMkYlMkZ3d3cuZ29vZ2xlLmNvbSUyRm1hcHMlMkZlbWJlZCUzRnBiJTNEJTIxMW0xOCUyMTFtMTIlMjExbTMlMjExZDI3NjkuMzA2NTM0OTI3NDA5OCUyMTJkMTQuNDgyOTQ1MzE2MTg3MDM4JTIxM2Q0Ni4wNDQ5ODM3MDI1MjE1MiUyMTJtMyUyMTFmMCUyMTJmMCUyMTNmMCUyMTNtMiUyMTFpMTAyNCUyMTJpNzY4JTIxNGYxMy4xJTIxM20zJTIxMW0yJTIxMXMweDQ3NjUyZDQ0ZWY5ODNjZjUlMjUzQTB4MWRmMDNlYWUwNWE5MGY3ZCUyMTJzVHIlMjVDNSUyNUJFYSUyNUM1JTI1QTFrYSUyQmNlc3RhJTJCNDIlMjUyQyUyQjEwMDAlMkJManVibGphbmElMjE1ZTAlMjEzbTIlMjExc3NsJTIxMnNzaSUyMTR2MTUyMzk2NjMzNzIwOCUyMiUyMHdpZHRoJTNEJTIyNjAwJTIyJTIwaGVpZ2h0JTNEJTIyNDUwJTIyJTIwZnJhbWVib3JkZXIlM0QlMjIwJTIyJTIwc3R5bGUlM0QlMjJib3JkZXIlM0EwJTIyJTIwYWxsb3dmdWxsc2NyZWVuJTNFJTNDJTJGaWZyYW1lJTNF&#8221; size=&#8221;350&#8243;][\/vc_column][\/vc_row][vc_row css=&#8221;.vc_custom_1466041691957{margin-top: 50px !important;margin-bottom: 40px !important;}&#8221;][vc_column width=&#8221;1\/3&#8243;][vc_column_text] Kontaktirajte nas &nbsp; Mind trade d.o.o. Tr\u017ea\u0161ka c. 42, 1000 Ljubljana Tel: +3861 242 84 70 Email: info@sen-shop.si Trgovina: 080 60 60 (brezpla\u010dna tel. \u0161tevilka) Za vas smo dosegljivi od ponedeljka do petka med 8:00 &#8211; 16:00 uro. [\/vc_column_text][vc_column_text] Poslovalnice LJUBLJANA:\u00a0Tr\u017ea\u0161ka cesta 42,\u00a01000 Ljubljana [&hellip;]\" \/>\n<meta property=\"og:url\" content=\"https:\/\/sen-shop.com\/sl\/kontakt\/\" \/>\n<meta property=\"og:site_name\" content=\"SEN Shop\" \/>\n<meta property=\"article:publisher\" content=\"https:\/\/www.facebook.com\/Senshopslovenija\" \/>\n<meta property=\"article:modified_time\" content=\"2022-09-09T09:38:25+00:00\" \/>\n<meta property=\"og:image\" content=\"https:\/\/sen-shop.com\/wp-content\/uploads\/2018\/04\/header_logo.png\" \/>\n\t<meta property=\"og:image:width\" content=\"138\" \/>\n\t<meta property=\"og:image:height\" content=\"70\" \/>\n\t<meta property=\"og:image:type\" content=\"image\/png\" \/>\n<meta name=\"twitter:card\" content=\"summary_large_image\" \/>\n<meta name=\"twitter:label1\" content=\"Est. reading time\" \/>\n\t<meta name=\"twitter:data1\" content=\"1 minuta\" \/>\n<script type=\"application\/ld+json\" class=\"yoast-schema-graph\">{\"@context\":\"https:\/\/schema.org\",\"@graph\":[{\"@type\":\"WebPage\",\"@id\":\"https:\/\/sen-shop.com\/sl\/kontakt\/\",\"url\":\"https:\/\/sen-shop.com\/sl\/kontakt\/\",\"name\":\"Kontakt in poslovalnice - SEN Shop\",\"isPartOf\":{\"@id\":\"https:\/\/sen-shop.com\/sl\/#website\"},\"datePublished\":\"2016-06-16T01:27:04+00:00\",\"dateModified\":\"2022-09-09T09:38:25+00:00\",\"breadcrumb\":{\"@id\":\"https:\/\/sen-shop.com\/sl\/kontakt\/#breadcrumb\"},\"inLanguage\":\"sl-SI\",\"potentialAction\":[{\"@type\":\"ReadAction\",\"target\":[\"https:\/\/sen-shop.com\/sl\/kontakt\/\"]}]},{\"@type\":\"BreadcrumbList\",\"@id\":\"https:\/\/sen-shop.com\/sl\/kontakt\/#breadcrumb\",\"itemListElement\":[{\"@type\":\"ListItem\",\"position\":1,\"name\":\"Home\",\"item\":\"https:\/\/sen-shop.com\/sl\/\"},{\"@type\":\"ListItem\",\"position\":2,\"name\":\"Kontakt in poslovalnice\"}]},{\"@type\":\"WebSite\",\"@id\":\"https:\/\/sen-shop.com\/sl\/#website\",\"url\":\"https:\/\/sen-shop.com\/sl\/\",\"name\":\"SEN Shop\",\"description\":\"Slovensko, Ekolo\u0161ko, Naravno\",\"publisher\":{\"@id\":\"https:\/\/sen-shop.com\/sl\/#organization\"},\"potentialAction\":[{\"@type\":\"SearchAction\",\"target\":{\"@type\":\"EntryPoint\",\"urlTemplate\":\"https:\/\/sen-shop.com\/sl\/?s={search_term_string}\"},\"query-input\":\"required name=search_term_string\"}],\"inLanguage\":\"sl-SI\"},{\"@type\":\"Organization\",\"@id\":\"https:\/\/sen-shop.com\/sl\/#organization\",\"name\":\"Mind trade d.o.o\",\"url\":\"https:\/\/sen-shop.com\/sl\/\",\"logo\":{\"@type\":\"ImageObject\",\"inLanguage\":\"sl-SI\",\"@id\":\"https:\/\/sen-shop.com\/sl\/#\/schema\/logo\/image\/\",\"url\":\"https:\/\/sen-shop.com\/wp-content\/uploads\/2018\/05\/header_logo.png\",\"contentUrl\":\"https:\/\/sen-shop.com\/wp-content\/uploads\/2018\/05\/header_logo.png\",\"width\":138,\"height\":70,\"caption\":\"Mind trade d.o.o\"},\"image\":{\"@id\":\"https:\/\/sen-shop.com\/sl\/#\/schema\/logo\/image\/\"},\"sameAs\":[\"https:\/\/www.instagram.com\/senslovenija\/\",\"https:\/\/www.facebook.com\/Senshopslovenija\"]}]}<\/script>\n<!-- \/ Yoast SEO plugin. -->","yoast_head_json":{"title":"Kontakt in poslovalnice - SEN Shop","robots":{"index":"index","follow":"follow","max-snippet":"max-snippet:-1","max-image-preview":"max-image-preview:large","max-video-preview":"max-video-preview:-1"},"canonical":"https:\/\/sen-shop.com\/sl\/kontakt\/","og_locale":"sl_SI","og_type":"article","og_title":"Kontakt in poslovalnice - SEN Shop","og_description":"[vc_row full_width=&#8221;stretch_row_content_no_spaces&#8221; isfullwidth=&#8221;0&#8243;][vc_column][vc_gmaps link=&#8221;#E-8_JTNDaWZyYW1lJTIwc3JjJTNEJTIyaHR0cHMlM0ElMkYlMkZ3d3cuZ29vZ2xlLmNvbSUyRm1hcHMlMkZlbWJlZCUzRnBiJTNEJTIxMW0xOCUyMTFtMTIlMjExbTMlMjExZDI3NjkuMzA2NTM0OTI3NDA5OCUyMTJkMTQuNDgyOTQ1MzE2MTg3MDM4JTIxM2Q0Ni4wNDQ5ODM3MDI1MjE1MiUyMTJtMyUyMTFmMCUyMTJmMCUyMTNmMCUyMTNtMiUyMTFpMTAyNCUyMTJpNzY4JTIxNGYxMy4xJTIxM20zJTIxMW0yJTIxMXMweDQ3NjUyZDQ0ZWY5ODNjZjUlMjUzQTB4MWRmMDNlYWUwNWE5MGY3ZCUyMTJzVHIlMjVDNSUyNUJFYSUyNUM1JTI1QTFrYSUyQmNlc3RhJTJCNDIlMjUyQyUyQjEwMDAlMkJManVibGphbmElMjE1ZTAlMjEzbTIlMjExc3NsJTIxMnNzaSUyMTR2MTUyMzk2NjMzNzIwOCUyMiUyMHdpZHRoJTNEJTIyNjAwJTIyJTIwaGVpZ2h0JTNEJTIyNDUwJTIyJTIwZnJhbWVib3JkZXIlM0QlMjIwJTIyJTIwc3R5bGUlM0QlMjJib3JkZXIlM0EwJTIyJTIwYWxsb3dmdWxsc2NyZWVuJTNFJTNDJTJGaWZyYW1lJTNF&#8221; size=&#8221;350&#8243;][\/vc_column][\/vc_row][vc_row css=&#8221;.vc_custom_1466041691957{margin-top: 50px !important;margin-bottom: 40px !important;}&#8221;][vc_column width=&#8221;1\/3&#8243;][vc_column_text] Kontaktirajte nas &nbsp; Mind trade d.o.o. Tr\u017ea\u0161ka c. 42, 1000 Ljubljana Tel: +3861 242 84 70 Email: info@sen-shop.si Trgovina: 080 60 60 (brezpla\u010dna tel. \u0161tevilka) Za vas smo dosegljivi od ponedeljka do petka med 8:00 &#8211; 16:00 uro. [\/vc_column_text][vc_column_text] Poslovalnice LJUBLJANA:\u00a0Tr\u017ea\u0161ka cesta 42,\u00a01000 Ljubljana [&hellip;]","og_url":"https:\/\/sen-shop.com\/sl\/kontakt\/","og_site_name":"SEN Shop","article_publisher":"https:\/\/www.facebook.com\/Senshopslovenija","article_modified_time":"2022-09-09T09:38:25+00:00","og_image":[{"width":138,"height":70,"url":"https:\/\/sen-shop.com\/wp-content\/uploads\/2018\/04\/header_logo.png","type":"image\/png"}],"twitter_card":"summary_large_image","twitter_misc":{"Est. reading time":"1 minuta"},"schema":{"@context":"https:\/\/schema.org","@graph":[{"@type":"WebPage","@id":"https:\/\/sen-shop.com\/sl\/kontakt\/","url":"https:\/\/sen-shop.com\/sl\/kontakt\/","name":"Kontakt in poslovalnice - SEN Shop","isPartOf":{"@id":"https:\/\/sen-shop.com\/sl\/#website"},"datePublished":"2016-06-16T01:27:04+00:00","dateModified":"2022-09-09T09:38:25+00:00","breadcrumb":{"@id":"https:\/\/sen-shop.com\/sl\/kontakt\/#breadcrumb"},"inLanguage":"sl-SI","potentialAction":[{"@type":"ReadAction","target":["https:\/\/sen-shop.com\/sl\/kontakt\/"]}]},{"@type":"BreadcrumbList","@id":"https:\/\/sen-shop.com\/sl\/kontakt\/#breadcrumb","itemListElement":[{"@type":"ListItem","position":1,"name":"Home","item":"https:\/\/sen-shop.com\/sl\/"},{"@type":"ListItem","position":2,"name":"Kontakt in poslovalnice"}]},{"@type":"WebSite","@id":"https:\/\/sen-shop.com\/sl\/#website","url":"https:\/\/sen-shop.com\/sl\/","name":"SEN Shop","description":"Slovensko, Ekolo\u0161ko, Naravno","publisher":{"@id":"https:\/\/sen-shop.com\/sl\/#organization"},"potentialAction":[{"@type":"SearchAction","target":{"@type":"EntryPoint","urlTemplate":"https:\/\/sen-shop.com\/sl\/?s={search_term_string}"},"query-input":"required name=search_term_string"}],"inLanguage":"sl-SI"},{"@type":"Organization","@id":"https:\/\/sen-shop.com\/sl\/#organization","name":"Mind trade d.o.o","url":"https:\/\/sen-shop.com\/sl\/","logo":{"@type":"ImageObject","inLanguage":"sl-SI","@id":"https:\/\/sen-shop.com\/sl\/#\/schema\/logo\/image\/","url":"https:\/\/sen-shop.com\/wp-content\/uploads\/2018\/05\/header_logo.png","contentUrl":"https:\/\/sen-shop.com\/wp-content\/uploads\/2018\/05\/header_logo.png","width":138,"height":70,"caption":"Mind trade d.o.o"},"image":{"@id":"https:\/\/sen-shop.com\/sl\/#\/schema\/logo\/image\/"},"sameAs":["https:\/\/www.instagram.com\/senslovenija\/","https:\/\/www.facebook.com\/Senshopslovenija"]}]}},"_links":{"self":[{"href":"https:\/\/sen-shop.com\/sl\/wp-json\/wp\/v2\/pages\/1133","targetHints":{"allow":["GET"]}}],"collection":[{"href":"https:\/\/sen-shop.com\/sl\/wp-json\/wp\/v2\/pages"}],"about":[{"href":"https:\/\/sen-shop.com\/sl\/wp-json\/wp\/v2\/types\/page"}],"author":[{"embeddable":true,"href":"https:\/\/sen-shop.com\/sl\/wp-json\/wp\/v2\/users\/1"}],"replies":[{"embeddable":true,"href":"https:\/\/sen-shop.com\/sl\/wp-json\/wp\/v2\/comments?post=1133"}],"version-history":[{"count":2,"href":"https:\/\/sen-shop.com\/sl\/wp-json\/wp\/v2\/pages\/1133\/revisions"}],"predecessor-version":[{"id":60381,"href":"https:\/\/sen-shop.com\/sl\/wp-json\/wp\/v2\/pages\/1133\/revisions\/60381"}],"wp:attachment":[{"href":"https:\/\/sen-shop.com\/sl\/wp-json\/wp\/v2\/media?parent=1133"}],"curies":[{"name":"wp","href":"https:\/\/api.w.org\/{rel}","templated":true}]}}